{"id":54622,"date":"2025-03-05T23:55:36","date_gmt":"2025-03-05T21:55:36","guid":{"rendered":"https:\/\/vmsport.fi\/verkkokauppa\/Ei-luokiteltu\/bontrager-circuit-womens-twin-gel-cycling-glove\/"},"modified":"2026-01-16T13:21:16","modified_gmt":"2026-01-16T11:21:16","slug":"bontrager-circuit-dam-twin-gel-cykelhandske","status":"publish","type":"product","link":"https:\/\/vmsport.fi\/sv\/verkkokauppa\/ajovarusteet\/vaatteet\/pyorailyhanskat\/bontrager-circuit-womens-twin-gel-cycling-glove\/","title":{"rendered":"Bontrager Circuit Twin Gel cykelhandske f\u00f6r damer"},"content":{"rendered":"<p>Bontrager Circuit Women's Twin Gel Cycling Gloves ger exceptionell komfort och skydd. Silikon- och gelkuddarna \u00e4r exakt placerade f\u00f6r att minska vibrationer och utj\u00e4mna tryck. En slitstark mockal\u00e4derreplika ger utm\u00e4rkt grepp, medan ventilerande Lycra-n\u00e4tv\u00e4v ger en passform som anpassar sig v\u00e4l till handen. Praktiska dragflikar p\u00e5 fingrarna g\u00f6r det enkelt att ta av handskarna, medan kardborrest\u00e4ngningen ger en justerbar och s\u00e4ker passform. Dessa fingerl\u00f6sa handskar \u00e4r l\u00e4mpliga f\u00f6r en m\u00e4ngd olika cykelf\u00f6rh\u00e5llanden och har en praktisk mjuk tumsektion f\u00f6r att torka bort svett.<\/p>","protected":false},"excerpt":{"rendered":"<p>Bontrager Circuit Women&#8217;s Twin Gel -py\u00f6r\u00e4ilyk\u00e4sineet tarjoavat poikkeuksellista mukavuutta ja suojausta. Silikoni- ja geelivaahtopehmusteet on sijoitettu tarkasti t\u00e4rin\u00e4n v\u00e4hent\u00e4miseksi ja paineen tasaamiseksi. Kest\u00e4v\u00e4 mokkanahkaj\u00e4ljitelm\u00e4 antaa erinomaisen pidon, ja hengitt\u00e4v\u00e4 Lycra-verkkokangas takaa istuvuuden, joka mukautuu hyvin k\u00e4teen. K\u00e4tev\u00e4t vetolenkit sormissa helpottavat k\u00e4sineiden riisumista, ja tarrakiinnitys mahdollistaa s\u00e4\u00e4dett\u00e4v\u00e4n ja turvallisen istuvuuden. N\u00e4m\u00e4 monik\u00e4ytt\u00f6iset, sormettomat k\u00e4sineet soveltuvat erilaisiin [&#8230;]<\/p>\n<p><a class=\"btn btn-secondary understrap-read-more-link\" href=\"https:\/\/vmsport.fi\/sv\/verkkokauppa\/ajovarusteet\/vaatteet\/pyorailyhanskat\/bontrager-circuit-womens-twin-gel-cycling-glove\/\">L\u00e4s mer \u2026<span class=\"screen-reader-text\"> from Bontrager Circuit Women&#8217;s Twin Gel Cycling Glove<\/span><\/a><\/p>\n","protected":false},"featured_media":54621,"comment_status":"open","ping_status":"closed","template":"","meta":{"_acf_changed":false,"_improvement_type_select":"improve_an_existing","_thumb_yes_seoaic":false,"_frame_yes_seoaic":false,"seoaic_generate_description":"","seoaic_improve_instructions_prompt":"","seoaic_rollback_content_improvement":"","seoaic_idea_thumbnail_generator":"","thumbnail_generated":false,"thumbnail_generate_prompt":"","seoaic_article_description":"","_supplier_stock_quantity":0},"product_brand":[],"product_model":[],"product_cat":[9454],"product_tag":[],"industry-terminology":[],"class_list":{"0":"post-54622","1":"product","2":"type-product","3":"status-publish","4":"has-post-thumbnail","6":"product_cat-pyorailyhanskat","8":"first","9":"instock","10":"taxable","11":"shipping-taxable","12":"purchasable","13":"product-type-variable"},"acf":{"bike_features":null,"overview":{"copy_overview":null,"key_features":null,"statement":"","youtube_url":""}},"yoast_head":"<!-- This site is optimized with the Yoast SEO plugin v27.3 - https:\/\/yoast.com\/product\/yoast-seo-wordpress\/ -->\n<title>Bontrager Circuit Women&#039;s Twin Gel Cycling Glove - VM Sport<\/title>\n<meta name=\"robots\" content=\"index, follow, max-snippet:-1, max-image-preview:large, max-video-preview:-1\" \/>\n<link rel=\"canonical\" href=\"https:\/\/vmsport.fi\/sv\/webbutik\/korutrustning\/klader\/pyorailhandskar\/bontrager-circuit-dam-twin-gel-cykelhandske\/\" \/>\n<meta property=\"og:locale\" content=\"sv_SE\" \/>\n<meta property=\"og:type\" content=\"article\" \/>\n<meta property=\"og:title\" content=\"Bontrager Circuit Women&#039;s Twin Gel Cycling Glove - VM Sport\" \/>\n<meta property=\"og:description\" content=\"Bontrager Circuit Women&#8217;s Twin Gel -py\u00f6r\u00e4ilyk\u00e4sineet tarjoavat poikkeuksellista mukavuutta ja suojausta. Silikoni- ja geelivaahtopehmusteet on sijoitettu tarkasti t\u00e4rin\u00e4n v\u00e4hent\u00e4miseksi ja paineen tasaamiseksi. Kest\u00e4v\u00e4 mokkanahkaj\u00e4ljitelm\u00e4 antaa erinomaisen pidon, ja hengitt\u00e4v\u00e4 Lycra-verkkokangas takaa istuvuuden, joka mukautuu hyvin k\u00e4teen. K\u00e4tev\u00e4t vetolenkit sormissa helpottavat k\u00e4sineiden riisumista, ja tarrakiinnitys mahdollistaa s\u00e4\u00e4dett\u00e4v\u00e4n ja turvallisen istuvuuden. N\u00e4m\u00e4 monik\u00e4ytt\u00f6iset, sormettomat k\u00e4sineet soveltuvat erilaisiin [...]L\u00e4s mer \u2026 from Bontrager Circuit Women&#8217;s Twin Gel Cycling Glove\" \/>\n<meta property=\"og:url\" content=\"https:\/\/vmsport.fi\/sv\/webbutik\/korutrustning\/klader\/pyorailhandskar\/bontrager-circuit-dam-twin-gel-cykelhandske\/\" \/>\n<meta property=\"og:site_name\" content=\"VM Sport\" \/>\n<meta property=\"article:publisher\" content=\"https:\/\/www.facebook.com\/Vmsport.fi\/\" \/>\n<meta property=\"article:modified_time\" content=\"2026-01-16T11:21:16+00:00\" \/>\n<meta property=\"og:image\" content=\"https:\/\/vmsport.fi\/wp-content\/uploads\/2025\/03\/CircuitWomensGlove-34510-A-Primary-1.png\" \/>\n\t<meta property=\"og:image:width\" content=\"1000\" \/>\n\t<meta property=\"og:image:height\" content=\"750\" \/>\n\t<meta property=\"og:image:type\" content=\"image\/png\" \/>\n<meta name=\"twitter:card\" content=\"summary_large_image\" \/>\n<script type=\"application\/ld+json\" class=\"yoast-schema-graph\">{\"@context\":\"https:\\\/\\\/schema.org\",\"@graph\":[{\"@type\":[\"WebPage\",\"ItemPage\"],\"@id\":\"https:\\\/\\\/vmsport.fi\\\/verkkokauppa\\\/ajovarusteet\\\/vaatteet\\\/pyorailyhanskat\\\/bontrager-circuit-womens-twin-gel-cycling-glove\\\/\",\"url\":\"https:\\\/\\\/vmsport.fi\\\/verkkokauppa\\\/ajovarusteet\\\/vaatteet\\\/pyorailyhanskat\\\/bontrager-circuit-womens-twin-gel-cycling-glove\\\/\",\"name\":\"Bontrager Circuit Women's Twin Gel Cycling Glove - VM Sport\",\"isPartOf\":{\"@id\":\"https:\\\/\\\/vmsport.fi\\\/#website\"},\"primaryImageOfPage\":{\"@id\":\"https:\\\/\\\/vmsport.fi\\\/verkkokauppa\\\/ajovarusteet\\\/vaatteet\\\/pyorailyhanskat\\\/bontrager-circuit-womens-twin-gel-cycling-glove\\\/#primaryimage\"},\"image\":{\"@id\":\"https:\\\/\\\/vmsport.fi\\\/verkkokauppa\\\/ajovarusteet\\\/vaatteet\\\/pyorailyhanskat\\\/bontrager-circuit-womens-twin-gel-cycling-glove\\\/#primaryimage\"},\"thumbnailUrl\":\"https:\\\/\\\/vmsport.fi\\\/wp-content\\\/uploads\\\/2025\\\/03\\\/CircuitWomensGlove-34510-A-Primary-1.png\",\"datePublished\":\"2025-03-05T21:55:36+00:00\",\"dateModified\":\"2026-01-16T11:21:16+00:00\",\"breadcrumb\":{\"@id\":\"https:\\\/\\\/vmsport.fi\\\/verkkokauppa\\\/ajovarusteet\\\/vaatteet\\\/pyorailyhanskat\\\/bontrager-circuit-womens-twin-gel-cycling-glove\\\/#breadcrumb\"},\"inLanguage\":\"sv-SE\",\"potentialAction\":[{\"@type\":\"ReadAction\",\"target\":[\"https:\\\/\\\/vmsport.fi\\\/verkkokauppa\\\/ajovarusteet\\\/vaatteet\\\/pyorailyhanskat\\\/bontrager-circuit-womens-twin-gel-cycling-glove\\\/\"]}]},{\"@type\":\"ImageObject\",\"inLanguage\":\"sv-SE\",\"@id\":\"https:\\\/\\\/vmsport.fi\\\/verkkokauppa\\\/ajovarusteet\\\/vaatteet\\\/pyorailyhanskat\\\/bontrager-circuit-womens-twin-gel-cycling-glove\\\/#primaryimage\",\"url\":\"https:\\\/\\\/vmsport.fi\\\/wp-content\\\/uploads\\\/2025\\\/03\\\/CircuitWomensGlove-34510-A-Primary-1.png\",\"contentUrl\":\"https:\\\/\\\/vmsport.fi\\\/wp-content\\\/uploads\\\/2025\\\/03\\\/CircuitWomensGlove-34510-A-Primary-1.png\",\"width\":1000,\"height\":750,\"caption\":\"CircuitWomensGlove-34510-A-Primary\"},{\"@type\":\"BreadcrumbList\",\"@id\":\"https:\\\/\\\/vmsport.fi\\\/verkkokauppa\\\/ajovarusteet\\\/vaatteet\\\/pyorailyhanskat\\\/bontrager-circuit-womens-twin-gel-cycling-glove\\\/#breadcrumb\",\"itemListElement\":[{\"@type\":\"ListItem\",\"position\":1,\"name\":\"Etusivu\",\"item\":\"https:\\\/\\\/vmsport.fi\\\/\"},{\"@type\":\"ListItem\",\"position\":2,\"name\":\"Online Store\",\"item\":\"https:\\\/\\\/vmsport.fi\\\/en\\\/online-store\\\/\"},{\"@type\":\"ListItem\",\"position\":3,\"name\":\"Bontrager Circuit Women&#8217;s Twin Gel Cycling Glove\"}]},{\"@type\":\"WebSite\",\"@id\":\"https:\\\/\\\/vmsport.fi\\\/#website\",\"url\":\"https:\\\/\\\/vmsport.fi\\\/\",\"name\":\"Vmsport\",\"description\":\"Kaikki py\u00f6r\u00e4ilyyn yhdest\u00e4 paikasta\",\"publisher\":{\"@id\":\"https:\\\/\\\/vmsport.fi\\\/#organization\"},\"potentialAction\":[{\"@type\":\"SearchAction\",\"target\":{\"@type\":\"EntryPoint\",\"urlTemplate\":\"https:\\\/\\\/vmsport.fi\\\/?s={search_term_string}\"},\"query-input\":{\"@type\":\"PropertyValueSpecification\",\"valueRequired\":true,\"valueName\":\"search_term_string\"}}],\"inLanguage\":\"sv-SE\"},{\"@type\":\"Organization\",\"@id\":\"https:\\\/\\\/vmsport.fi\\\/#organization\",\"name\":\"Vmsport\",\"url\":\"https:\\\/\\\/vmsport.fi\\\/\",\"logo\":{\"@type\":\"ImageObject\",\"inLanguage\":\"sv-SE\",\"@id\":\"https:\\\/\\\/vmsport.fi\\\/#\\\/schema\\\/logo\\\/image\\\/\",\"url\":\"https:\\\/\\\/vmsport.fi\\\/wp-content\\\/uploads\\\/2024\\\/12\\\/vm_sport_RGB_horisontal-e1734526017575.png\",\"contentUrl\":\"https:\\\/\\\/vmsport.fi\\\/wp-content\\\/uploads\\\/2024\\\/12\\\/vm_sport_RGB_horisontal-e1734526017575.png\",\"width\":668,\"height\":85,\"caption\":\"Vmsport\"},\"image\":{\"@id\":\"https:\\\/\\\/vmsport.fi\\\/#\\\/schema\\\/logo\\\/image\\\/\"},\"sameAs\":[\"https:\\\/\\\/www.facebook.com\\\/Vmsport.fi\\\/\",\"https:\\\/\\\/www.instagram.com\\\/vmsport\\\/\"]}]}<\/script>\n<!-- \/ Yoast SEO plugin. -->","yoast_head_json":{"title":"Bontrager Circuit Twin Gel cykelhandske f\u00f6r damer - VM Sport","robots":{"index":"index","follow":"follow","max-snippet":"max-snippet:-1","max-image-preview":"max-image-preview:large","max-video-preview":"max-video-preview:-1"},"canonical":"https:\/\/vmsport.fi\/sv\/webbutik\/korutrustning\/klader\/pyorailhandskar\/bontrager-circuit-dam-twin-gel-cykelhandske\/","og_locale":"sv_SE","og_type":"article","og_title":"Bontrager Circuit Women's Twin Gel Cycling Glove - VM Sport","og_description":"Bontrager Circuit Women&#8217;s Twin Gel -py\u00f6r\u00e4ilyk\u00e4sineet tarjoavat poikkeuksellista mukavuutta ja suojausta. Silikoni- ja geelivaahtopehmusteet on sijoitettu tarkasti t\u00e4rin\u00e4n v\u00e4hent\u00e4miseksi ja paineen tasaamiseksi. Kest\u00e4v\u00e4 mokkanahkaj\u00e4ljitelm\u00e4 antaa erinomaisen pidon, ja hengitt\u00e4v\u00e4 Lycra-verkkokangas takaa istuvuuden, joka mukautuu hyvin k\u00e4teen. K\u00e4tev\u00e4t vetolenkit sormissa helpottavat k\u00e4sineiden riisumista, ja tarrakiinnitys mahdollistaa s\u00e4\u00e4dett\u00e4v\u00e4n ja turvallisen istuvuuden. N\u00e4m\u00e4 monik\u00e4ytt\u00f6iset, sormettomat k\u00e4sineet soveltuvat erilaisiin [...]L\u00e4s mer \u2026 from Bontrager Circuit Women&#8217;s Twin Gel Cycling Glove","og_url":"https:\/\/vmsport.fi\/sv\/webbutik\/korutrustning\/klader\/pyorailhandskar\/bontrager-circuit-dam-twin-gel-cykelhandske\/","og_site_name":"VM Sport","article_publisher":"https:\/\/www.facebook.com\/Vmsport.fi\/","article_modified_time":"2026-01-16T11:21:16+00:00","og_image":[{"width":1000,"height":750,"url":"https:\/\/vmsport.fi\/wp-content\/uploads\/2025\/03\/CircuitWomensGlove-34510-A-Primary-1.png","type":"image\/png"}],"twitter_card":"summary_large_image","schema":{"@context":"https:\/\/schema.org","@graph":[{"@type":["WebPage","ItemPage"],"@id":"https:\/\/vmsport.fi\/verkkokauppa\/ajovarusteet\/vaatteet\/pyorailyhanskat\/bontrager-circuit-womens-twin-gel-cycling-glove\/","url":"https:\/\/vmsport.fi\/verkkokauppa\/ajovarusteet\/vaatteet\/pyorailyhanskat\/bontrager-circuit-womens-twin-gel-cycling-glove\/","name":"Bontrager Circuit Twin Gel cykelhandske f\u00f6r damer - VM Sport","isPartOf":{"@id":"https:\/\/vmsport.fi\/#website"},"primaryImageOfPage":{"@id":"https:\/\/vmsport.fi\/verkkokauppa\/ajovarusteet\/vaatteet\/pyorailyhanskat\/bontrager-circuit-womens-twin-gel-cycling-glove\/#primaryimage"},"image":{"@id":"https:\/\/vmsport.fi\/verkkokauppa\/ajovarusteet\/vaatteet\/pyorailyhanskat\/bontrager-circuit-womens-twin-gel-cycling-glove\/#primaryimage"},"thumbnailUrl":"https:\/\/vmsport.fi\/wp-content\/uploads\/2025\/03\/CircuitWomensGlove-34510-A-Primary-1.png","datePublished":"2025-03-05T21:55:36+00:00","dateModified":"2026-01-16T11:21:16+00:00","breadcrumb":{"@id":"https:\/\/vmsport.fi\/verkkokauppa\/ajovarusteet\/vaatteet\/pyorailyhanskat\/bontrager-circuit-womens-twin-gel-cycling-glove\/#breadcrumb"},"inLanguage":"sv-SE","potentialAction":[{"@type":"ReadAction","target":["https:\/\/vmsport.fi\/verkkokauppa\/ajovarusteet\/vaatteet\/pyorailyhanskat\/bontrager-circuit-womens-twin-gel-cycling-glove\/"]}]},{"@type":"ImageObject","inLanguage":"sv-SE","@id":"https:\/\/vmsport.fi\/verkkokauppa\/ajovarusteet\/vaatteet\/pyorailyhanskat\/bontrager-circuit-womens-twin-gel-cycling-glove\/#primaryimage","url":"https:\/\/vmsport.fi\/wp-content\/uploads\/2025\/03\/CircuitWomensGlove-34510-A-Primary-1.png","contentUrl":"https:\/\/vmsport.fi\/wp-content\/uploads\/2025\/03\/CircuitWomensGlove-34510-A-Primary-1.png","width":1000,"height":750,"caption":"CircuitWomensGlove-34510-A-Primary"},{"@type":"BreadcrumbList","@id":"https:\/\/vmsport.fi\/verkkokauppa\/ajovarusteet\/vaatteet\/pyorailyhanskat\/bontrager-circuit-womens-twin-gel-cycling-glove\/#breadcrumb","itemListElement":[{"@type":"ListItem","position":1,"name":"Etusivu","item":"https:\/\/vmsport.fi\/"},{"@type":"ListItem","position":2,"name":"Online Store","item":"https:\/\/vmsport.fi\/en\/online-store\/"},{"@type":"ListItem","position":3,"name":"Bontrager Circuit Women&#8217;s Twin Gel Cycling Glove"}]},{"@type":"WebSite","@id":"https:\/\/vmsport.fi\/#website","url":"https:\/\/vmsport.fi\/","name":"Vmsport","description":"Allt p\u00e5 ett st\u00e4lle f\u00f6r cykling","publisher":{"@id":"https:\/\/vmsport.fi\/#organization"},"potentialAction":[{"@type":"SearchAction","target":{"@type":"EntryPoint","urlTemplate":"https:\/\/vmsport.fi\/?s={search_term_string}"},"query-input":{"@type":"PropertyValueSpecification","valueRequired":true,"valueName":"search_term_string"}}],"inLanguage":"sv-SE"},{"@type":"Organization","@id":"https:\/\/vmsport.fi\/#organization","name":"Vmsport","url":"https:\/\/vmsport.fi\/","logo":{"@type":"ImageObject","inLanguage":"sv-SE","@id":"https:\/\/vmsport.fi\/#\/schema\/logo\/image\/","url":"https:\/\/vmsport.fi\/wp-content\/uploads\/2024\/12\/vm_sport_RGB_horisontal-e1734526017575.png","contentUrl":"https:\/\/vmsport.fi\/wp-content\/uploads\/2024\/12\/vm_sport_RGB_horisontal-e1734526017575.png","width":668,"height":85,"caption":"Vmsport"},"image":{"@id":"https:\/\/vmsport.fi\/#\/schema\/logo\/image\/"},"sameAs":["https:\/\/www.facebook.com\/Vmsport.fi\/","https:\/\/www.instagram.com\/vmsport\/"]}]}},"global_unique_id":"","_links":{"self":[{"href":"https:\/\/vmsport.fi\/sv\/wp-json\/wp\/v2\/product\/54622","targetHints":{"allow":["GET"]}}],"collection":[{"href":"https:\/\/vmsport.fi\/sv\/wp-json\/wp\/v2\/product"}],"about":[{"href":"https:\/\/vmsport.fi\/sv\/wp-json\/wp\/v2\/types\/product"}],"replies":[{"embeddable":true,"href":"https:\/\/vmsport.fi\/sv\/wp-json\/wp\/v2\/comments?post=54622"}],"wp:featuredmedia":[{"embeddable":true,"href":"https:\/\/vmsport.fi\/sv\/wp-json\/wp\/v2\/media\/54621"}],"wp:attachment":[{"href":"https:\/\/vmsport.fi\/sv\/wp-json\/wp\/v2\/media?parent=54622"}],"wp:term":[{"taxonomy":"product_brand","embeddable":true,"href":"https:\/\/vmsport.fi\/sv\/wp-json\/wp\/v2\/product_brand?post=54622"},{"taxonomy":"product_model","embeddable":true,"href":"https:\/\/vmsport.fi\/sv\/wp-json\/wp\/v2\/product_model?post=54622"},{"taxonomy":"product_cat","embeddable":true,"href":"https:\/\/vmsport.fi\/sv\/wp-json\/wp\/v2\/product_cat?post=54622"},{"taxonomy":"product_tag","embeddable":true,"href":"https:\/\/vmsport.fi\/sv\/wp-json\/wp\/v2\/product_tag?post=54622"},{"taxonomy":"industry_terminology","embeddable":true,"href":"https:\/\/vmsport.fi\/sv\/wp-json\/wp\/v2\/industry-terminology?post=54622"}],"curies":[{"name":"wp","href":"https:\/\/api.w.org\/{rel}","templated":true}]}}