{"id":54610,"date":"2025-03-05T23:55:28","date_gmt":"2025-03-05T21:55:28","guid":{"rendered":"https:\/\/vmsport.fi\/verkkokauppa\/Ei-luokiteltu\/bosch-gen4-spider-boost-bdu4xx\/"},"modified":"2026-04-22T15:00:38","modified_gmt":"2026-04-22T12:00:38","slug":"bosch-gen4-spider-boost-bdu4xx","status":"publish","type":"product","link":"https:\/\/vmsport.fi\/sv\/verkkokauppa\/varaosat\/sahkopyorien-osat\/sahkopyorien-osat-sahkopyorien-osat\/bosch-gen4-spider-boost-bdu4xx\/","title":{"rendered":"Bosch Gen4 Spider Boost (BDU4XX)"},"content":{"rendered":"<p>Bosch Gen4 Spider Boost (BDU4XX) \u00e4r ett monteringsf\u00e4ste av h\u00f6gsta kvalitet som \u00e4r s\u00e4rskilt utformat f\u00f6r Bosch Performance Line CX elcykelsystem. Denna enkla, eleganta svarta del erbjuder ett ers\u00e4ttningsalternativ f\u00f6r dem som vill installera eller byta ut en spindel p\u00e5 sin fj\u00e4rde generation av Bosch Performance Line CX-serien. Den \u00e4r tillverkad av slitstark aluminium och kombinerar l\u00e4tthet och h\u00e5llbarhet f\u00f6r en l\u00e5ng livsl\u00e4ngd.<\/p>\n<p>Delen passar flera Bosch-produktlinjer, t.ex. Cargo Line Cruise, Cargo Line Speed och Performance Line Speed, och st\u00f6der s\u00f6ml\u00f6s integrering av adaptern i din cykel. Bultm\u00f6nstret p\u00e5 104 mm s\u00e4kerst\u00e4ller kompatibilitet med ett brett utbud av framhjul. Med en vikt p\u00e5 endast 54 gram bidrar den h\u00e4r delen mycket lite till cykelns vikt, vilket g\u00f6r den till ett utm\u00e4rkt val f\u00f6r cykelentusiaster som vill bibeh\u00e5lla sin cykels prestanda och tillf\u00f6rlitlighet.<\/p>","protected":false},"excerpt":{"rendered":"<p>Bosch Gen4 Spider Boost (BDU4XX) on huippulaadukas kiinnityselementti, joka on suunniteltu erityisesti Bosch Performance Line CX -s\u00e4hk\u00f6py\u00f6r\u00e4j\u00e4rjestelmille. T\u00e4m\u00e4 yksinkertaisen tyylik\u00e4s, musta osa tarjoaa korvausvaihtoehdon heille, jotka haluavat asentaa tai vaihtaa h\u00e4m\u00e4h\u00e4kin nelj\u00e4nnen sukupolven Bosch Performance Line CX -sarjaan. Kest\u00e4v\u00e4st\u00e4 alumiinista valmistettuna se yhdist\u00e4\u00e4 keveyden ja kest\u00e4vyyden, mik\u00e4 takaa pitk\u00e4n k\u00e4ytt\u00f6i\u00e4n. Osa sopii useille Boschin tuotelinjoille, [&#8230;]<\/p>\n<p><a class=\"btn btn-secondary understrap-read-more-link\" href=\"https:\/\/vmsport.fi\/sv\/verkkokauppa\/varaosat\/sahkopyorien-osat\/sahkopyorien-osat-sahkopyorien-osat\/bosch-gen4-spider-boost-bdu4xx\/\">L\u00e4s mer \u2026<span class=\"screen-reader-text\"> from Bosch Gen4 Spider Boost (BDU4XX)<\/span><\/a><\/p>\n","protected":false},"featured_media":54609,"comment_status":"open","ping_status":"closed","template":"","meta":{"_acf_changed":false,"_improvement_type_select":"improve_an_existing","_thumb_yes_seoaic":false,"_frame_yes_seoaic":false,"seoaic_generate_description":"","seoaic_improve_instructions_prompt":"","seoaic_rollback_content_improvement":"","seoaic_idea_thumbnail_generator":"","thumbnail_generated":false,"thumbnail_generate_prompt":"","seoaic_article_description":"","_supplier_stock_quantity":0},"product_brand":[],"product_model":[],"product_cat":[9482,9346],"product_tag":[],"industry-terminology":[],"class_list":{"0":"post-54610","1":"product","2":"type-product","3":"status-publish","4":"has-post-thumbnail","6":"product_cat-sahkopyorien-osat-sahkopyorien-osat","7":"product_cat-kampisarjat","9":"first","10":"instock","11":"taxable","12":"shipping-taxable","13":"purchasable","14":"product-type-simple"},"acf":{"bike_features":null,"overview":{"copy_overview":null,"key_features":null,"statement":"","youtube_url":""}},"yoast_head":"<!-- This site is optimized with the Yoast SEO plugin v27.4 - https:\/\/yoast.com\/product\/yoast-seo-wordpress\/ -->\n<title>Bosch Gen4 Spider Boost (BDU4XX) - VM Sport<\/title>\n<meta name=\"robots\" content=\"index, follow, max-snippet:-1, max-image-preview:large, max-video-preview:-1\" \/>\n<link rel=\"canonical\" href=\"https:\/\/vmsport.fi\/sv\/webbutik\/reservdelar\/delar-av-sagbockar\/delar-av-sagbock-delar-av-sagbock\/bosch-gen4-spider-boost-bdu4xx\/\" \/>\n<meta property=\"og:locale\" content=\"sv_SE\" \/>\n<meta property=\"og:type\" content=\"article\" \/>\n<meta property=\"og:title\" content=\"Bosch Gen4 Spider Boost (BDU4XX) - VM Sport\" \/>\n<meta property=\"og:description\" content=\"Bosch Gen4 Spider Boost (BDU4XX) on huippulaadukas kiinnityselementti, joka on suunniteltu erityisesti Bosch Performance Line CX -s\u00e4hk\u00f6py\u00f6r\u00e4j\u00e4rjestelmille. T\u00e4m\u00e4 yksinkertaisen tyylik\u00e4s, musta osa tarjoaa korvausvaihtoehdon heille, jotka haluavat asentaa tai vaihtaa h\u00e4m\u00e4h\u00e4kin nelj\u00e4nnen sukupolven Bosch Performance Line CX -sarjaan. Kest\u00e4v\u00e4st\u00e4 alumiinista valmistettuna se yhdist\u00e4\u00e4 keveyden ja kest\u00e4vyyden, mik\u00e4 takaa pitk\u00e4n k\u00e4ytt\u00f6i\u00e4n. Osa sopii useille Boschin tuotelinjoille, [...]L\u00e4s mer \u2026 from Bosch Gen4 Spider Boost (BDU4XX)\" \/>\n<meta property=\"og:url\" content=\"https:\/\/vmsport.fi\/sv\/webbutik\/reservdelar\/delar-av-sagbockar\/delar-av-sagbock-delar-av-sagbock\/bosch-gen4-spider-boost-bdu4xx\/\" \/>\n<meta property=\"og:site_name\" content=\"VM Sport\" \/>\n<meta property=\"article:publisher\" content=\"https:\/\/www.facebook.com\/Vmsport.fi\/\" \/>\n<meta property=\"article:modified_time\" content=\"2026-04-22T12:00:38+00:00\" \/>\n<meta property=\"og:image\" content=\"https:\/\/vmsport.fi\/wp-content\/uploads\/2025\/03\/2123249-1200Wx1200H-1.jpg\" \/>\n\t<meta property=\"og:image:width\" content=\"1000\" \/>\n\t<meta property=\"og:image:height\" content=\"1000\" \/>\n\t<meta property=\"og:image:type\" content=\"image\/jpeg\" \/>\n<meta name=\"twitter:card\" content=\"summary_large_image\" \/>\n<meta name=\"twitter:label1\" content=\"Ber\u00e4knad l\u00e4stid\" \/>\n\t<meta name=\"twitter:data1\" content=\"1 minut\" \/>\n<script type=\"application\/ld+json\" class=\"yoast-schema-graph\">{\"@context\":\"https:\\\/\\\/schema.org\",\"@graph\":[{\"@type\":[\"WebPage\",\"ItemPage\"],\"@id\":\"https:\\\/\\\/vmsport.fi\\\/verkkokauppa\\\/varaosat\\\/sahkopyorien-osat\\\/sahkopyorien-osat-sahkopyorien-osat\\\/bosch-gen4-spider-boost-bdu4xx\\\/\",\"url\":\"https:\\\/\\\/vmsport.fi\\\/verkkokauppa\\\/varaosat\\\/sahkopyorien-osat\\\/sahkopyorien-osat-sahkopyorien-osat\\\/bosch-gen4-spider-boost-bdu4xx\\\/\",\"name\":\"Bosch Gen4 Spider Boost (BDU4XX) - VM Sport\",\"isPartOf\":{\"@id\":\"https:\\\/\\\/vmsport.fi\\\/#website\"},\"primaryImageOfPage\":{\"@id\":\"https:\\\/\\\/vmsport.fi\\\/verkkokauppa\\\/varaosat\\\/sahkopyorien-osat\\\/sahkopyorien-osat-sahkopyorien-osat\\\/bosch-gen4-spider-boost-bdu4xx\\\/#primaryimage\"},\"image\":{\"@id\":\"https:\\\/\\\/vmsport.fi\\\/verkkokauppa\\\/varaosat\\\/sahkopyorien-osat\\\/sahkopyorien-osat-sahkopyorien-osat\\\/bosch-gen4-spider-boost-bdu4xx\\\/#primaryimage\"},\"thumbnailUrl\":\"https:\\\/\\\/vmsport.fi\\\/wp-content\\\/uploads\\\/2025\\\/03\\\/2123249-1200Wx1200H-1.jpg\",\"datePublished\":\"2025-03-05T21:55:28+00:00\",\"dateModified\":\"2026-04-22T12:00:38+00:00\",\"breadcrumb\":{\"@id\":\"https:\\\/\\\/vmsport.fi\\\/verkkokauppa\\\/varaosat\\\/sahkopyorien-osat\\\/sahkopyorien-osat-sahkopyorien-osat\\\/bosch-gen4-spider-boost-bdu4xx\\\/#breadcrumb\"},\"inLanguage\":\"sv-SE\",\"potentialAction\":[{\"@type\":\"ReadAction\",\"target\":[\"https:\\\/\\\/vmsport.fi\\\/verkkokauppa\\\/varaosat\\\/sahkopyorien-osat\\\/sahkopyorien-osat-sahkopyorien-osat\\\/bosch-gen4-spider-boost-bdu4xx\\\/\"]}]},{\"@type\":\"ImageObject\",\"inLanguage\":\"sv-SE\",\"@id\":\"https:\\\/\\\/vmsport.fi\\\/verkkokauppa\\\/varaosat\\\/sahkopyorien-osat\\\/sahkopyorien-osat-sahkopyorien-osat\\\/bosch-gen4-spider-boost-bdu4xx\\\/#primaryimage\",\"url\":\"https:\\\/\\\/vmsport.fi\\\/wp-content\\\/uploads\\\/2025\\\/03\\\/2123249-1200Wx1200H-1.jpg\",\"contentUrl\":\"https:\\\/\\\/vmsport.fi\\\/wp-content\\\/uploads\\\/2025\\\/03\\\/2123249-1200Wx1200H-1.jpg\",\"width\":1000,\"height\":1000,\"caption\":\"2123249-1200Wx1200H\"},{\"@type\":\"BreadcrumbList\",\"@id\":\"https:\\\/\\\/vmsport.fi\\\/verkkokauppa\\\/varaosat\\\/sahkopyorien-osat\\\/sahkopyorien-osat-sahkopyorien-osat\\\/bosch-gen4-spider-boost-bdu4xx\\\/#breadcrumb\",\"itemListElement\":[{\"@type\":\"ListItem\",\"position\":1,\"name\":\"Etusivu\",\"item\":\"https:\\\/\\\/vmsport.fi\\\/\"},{\"@type\":\"ListItem\",\"position\":2,\"name\":\"Online Store\",\"item\":\"https:\\\/\\\/vmsport.fi\\\/en\\\/online-store\\\/\"},{\"@type\":\"ListItem\",\"position\":3,\"name\":\"Bosch Gen4 Spider Boost (BDU4XX)\"}]},{\"@type\":\"WebSite\",\"@id\":\"https:\\\/\\\/vmsport.fi\\\/#website\",\"url\":\"https:\\\/\\\/vmsport.fi\\\/\",\"name\":\"Vmsport\",\"description\":\"Kaikki py\u00f6r\u00e4ilyyn yhdest\u00e4 paikasta\",\"publisher\":{\"@id\":\"https:\\\/\\\/vmsport.fi\\\/#organization\"},\"potentialAction\":[{\"@type\":\"SearchAction\",\"target\":{\"@type\":\"EntryPoint\",\"urlTemplate\":\"https:\\\/\\\/vmsport.fi\\\/?s={search_term_string}\"},\"query-input\":{\"@type\":\"PropertyValueSpecification\",\"valueRequired\":true,\"valueName\":\"search_term_string\"}}],\"inLanguage\":\"sv-SE\"},{\"@type\":\"Organization\",\"@id\":\"https:\\\/\\\/vmsport.fi\\\/#organization\",\"name\":\"Vmsport\",\"url\":\"https:\\\/\\\/vmsport.fi\\\/\",\"logo\":{\"@type\":\"ImageObject\",\"inLanguage\":\"sv-SE\",\"@id\":\"https:\\\/\\\/vmsport.fi\\\/#\\\/schema\\\/logo\\\/image\\\/\",\"url\":\"https:\\\/\\\/vmsport.fi\\\/wp-content\\\/uploads\\\/2024\\\/12\\\/vm_sport_RGB_horisontal-e1734526017575.png\",\"contentUrl\":\"https:\\\/\\\/vmsport.fi\\\/wp-content\\\/uploads\\\/2024\\\/12\\\/vm_sport_RGB_horisontal-e1734526017575.png\",\"width\":668,\"height\":85,\"caption\":\"Vmsport\"},\"image\":{\"@id\":\"https:\\\/\\\/vmsport.fi\\\/#\\\/schema\\\/logo\\\/image\\\/\"},\"sameAs\":[\"https:\\\/\\\/www.facebook.com\\\/Vmsport.fi\\\/\",\"https:\\\/\\\/www.instagram.com\\\/vmsport\\\/\"]}]}<\/script>\n<!-- \/ Yoast SEO plugin. -->","yoast_head_json":{"title":"Bosch Gen4 Spider Boost (BDU4XX) - VM Sport","robots":{"index":"index","follow":"follow","max-snippet":"max-snippet:-1","max-image-preview":"max-image-preview:large","max-video-preview":"max-video-preview:-1"},"canonical":"https:\/\/vmsport.fi\/sv\/webbutik\/reservdelar\/delar-av-sagbockar\/delar-av-sagbock-delar-av-sagbock\/bosch-gen4-spider-boost-bdu4xx\/","og_locale":"sv_SE","og_type":"article","og_title":"Bosch Gen4 Spider Boost (BDU4XX) - VM Sport","og_description":"Bosch Gen4 Spider Boost (BDU4XX) on huippulaadukas kiinnityselementti, joka on suunniteltu erityisesti Bosch Performance Line CX -s\u00e4hk\u00f6py\u00f6r\u00e4j\u00e4rjestelmille. T\u00e4m\u00e4 yksinkertaisen tyylik\u00e4s, musta osa tarjoaa korvausvaihtoehdon heille, jotka haluavat asentaa tai vaihtaa h\u00e4m\u00e4h\u00e4kin nelj\u00e4nnen sukupolven Bosch Performance Line CX -sarjaan. Kest\u00e4v\u00e4st\u00e4 alumiinista valmistettuna se yhdist\u00e4\u00e4 keveyden ja kest\u00e4vyyden, mik\u00e4 takaa pitk\u00e4n k\u00e4ytt\u00f6i\u00e4n. Osa sopii useille Boschin tuotelinjoille, [...]L\u00e4s mer \u2026 from Bosch Gen4 Spider Boost (BDU4XX)","og_url":"https:\/\/vmsport.fi\/sv\/webbutik\/reservdelar\/delar-av-sagbockar\/delar-av-sagbock-delar-av-sagbock\/bosch-gen4-spider-boost-bdu4xx\/","og_site_name":"VM Sport","article_publisher":"https:\/\/www.facebook.com\/Vmsport.fi\/","article_modified_time":"2026-04-22T12:00:38+00:00","og_image":[{"width":1000,"height":1000,"url":"https:\/\/vmsport.fi\/wp-content\/uploads\/2025\/03\/2123249-1200Wx1200H-1.jpg","type":"image\/jpeg"}],"twitter_card":"summary_large_image","twitter_misc":{"Ber\u00e4knad l\u00e4stid":"1 minut"},"schema":{"@context":"https:\/\/schema.org","@graph":[{"@type":["WebPage","ItemPage"],"@id":"https:\/\/vmsport.fi\/verkkokauppa\/varaosat\/sahkopyorien-osat\/sahkopyorien-osat-sahkopyorien-osat\/bosch-gen4-spider-boost-bdu4xx\/","url":"https:\/\/vmsport.fi\/verkkokauppa\/varaosat\/sahkopyorien-osat\/sahkopyorien-osat-sahkopyorien-osat\/bosch-gen4-spider-boost-bdu4xx\/","name":"Bosch Gen4 Spider Boost (BDU4XX) - VM Sport","isPartOf":{"@id":"https:\/\/vmsport.fi\/#website"},"primaryImageOfPage":{"@id":"https:\/\/vmsport.fi\/verkkokauppa\/varaosat\/sahkopyorien-osat\/sahkopyorien-osat-sahkopyorien-osat\/bosch-gen4-spider-boost-bdu4xx\/#primaryimage"},"image":{"@id":"https:\/\/vmsport.fi\/verkkokauppa\/varaosat\/sahkopyorien-osat\/sahkopyorien-osat-sahkopyorien-osat\/bosch-gen4-spider-boost-bdu4xx\/#primaryimage"},"thumbnailUrl":"https:\/\/vmsport.fi\/wp-content\/uploads\/2025\/03\/2123249-1200Wx1200H-1.jpg","datePublished":"2025-03-05T21:55:28+00:00","dateModified":"2026-04-22T12:00:38+00:00","breadcrumb":{"@id":"https:\/\/vmsport.fi\/verkkokauppa\/varaosat\/sahkopyorien-osat\/sahkopyorien-osat-sahkopyorien-osat\/bosch-gen4-spider-boost-bdu4xx\/#breadcrumb"},"inLanguage":"sv-SE","potentialAction":[{"@type":"ReadAction","target":["https:\/\/vmsport.fi\/verkkokauppa\/varaosat\/sahkopyorien-osat\/sahkopyorien-osat-sahkopyorien-osat\/bosch-gen4-spider-boost-bdu4xx\/"]}]},{"@type":"ImageObject","inLanguage":"sv-SE","@id":"https:\/\/vmsport.fi\/verkkokauppa\/varaosat\/sahkopyorien-osat\/sahkopyorien-osat-sahkopyorien-osat\/bosch-gen4-spider-boost-bdu4xx\/#primaryimage","url":"https:\/\/vmsport.fi\/wp-content\/uploads\/2025\/03\/2123249-1200Wx1200H-1.jpg","contentUrl":"https:\/\/vmsport.fi\/wp-content\/uploads\/2025\/03\/2123249-1200Wx1200H-1.jpg","width":1000,"height":1000,"caption":"2123249-1200Wx1200H"},{"@type":"BreadcrumbList","@id":"https:\/\/vmsport.fi\/verkkokauppa\/varaosat\/sahkopyorien-osat\/sahkopyorien-osat-sahkopyorien-osat\/bosch-gen4-spider-boost-bdu4xx\/#breadcrumb","itemListElement":[{"@type":"ListItem","position":1,"name":"Etusivu","item":"https:\/\/vmsport.fi\/"},{"@type":"ListItem","position":2,"name":"Online Store","item":"https:\/\/vmsport.fi\/en\/online-store\/"},{"@type":"ListItem","position":3,"name":"Bosch Gen4 Spider Boost (BDU4XX)"}]},{"@type":"WebSite","@id":"https:\/\/vmsport.fi\/#website","url":"https:\/\/vmsport.fi\/","name":"Vmsport","description":"Allt p\u00e5 ett st\u00e4lle f\u00f6r cykling","publisher":{"@id":"https:\/\/vmsport.fi\/#organization"},"potentialAction":[{"@type":"SearchAction","target":{"@type":"EntryPoint","urlTemplate":"https:\/\/vmsport.fi\/?s={search_term_string}"},"query-input":{"@type":"PropertyValueSpecification","valueRequired":true,"valueName":"search_term_string"}}],"inLanguage":"sv-SE"},{"@type":"Organization","@id":"https:\/\/vmsport.fi\/#organization","name":"Vmsport","url":"https:\/\/vmsport.fi\/","logo":{"@type":"ImageObject","inLanguage":"sv-SE","@id":"https:\/\/vmsport.fi\/#\/schema\/logo\/image\/","url":"https:\/\/vmsport.fi\/wp-content\/uploads\/2024\/12\/vm_sport_RGB_horisontal-e1734526017575.png","contentUrl":"https:\/\/vmsport.fi\/wp-content\/uploads\/2024\/12\/vm_sport_RGB_horisontal-e1734526017575.png","width":668,"height":85,"caption":"Vmsport"},"image":{"@id":"https:\/\/vmsport.fi\/#\/schema\/logo\/image\/"},"sameAs":["https:\/\/www.facebook.com\/Vmsport.fi\/","https:\/\/www.instagram.com\/vmsport\/"]}]}},"global_unique_id":"","_links":{"self":[{"href":"https:\/\/vmsport.fi\/sv\/wp-json\/wp\/v2\/product\/54610","targetHints":{"allow":["GET"]}}],"collection":[{"href":"https:\/\/vmsport.fi\/sv\/wp-json\/wp\/v2\/product"}],"about":[{"href":"https:\/\/vmsport.fi\/sv\/wp-json\/wp\/v2\/types\/product"}],"replies":[{"embeddable":true,"href":"https:\/\/vmsport.fi\/sv\/wp-json\/wp\/v2\/comments?post=54610"}],"wp:featuredmedia":[{"embeddable":true,"href":"https:\/\/vmsport.fi\/sv\/wp-json\/wp\/v2\/media\/54609"}],"wp:attachment":[{"href":"https:\/\/vmsport.fi\/sv\/wp-json\/wp\/v2\/media?parent=54610"}],"wp:term":[{"taxonomy":"product_brand","embeddable":true,"href":"https:\/\/vmsport.fi\/sv\/wp-json\/wp\/v2\/product_brand?post=54610"},{"taxonomy":"product_model","embeddable":true,"href":"https:\/\/vmsport.fi\/sv\/wp-json\/wp\/v2\/product_model?post=54610"},{"taxonomy":"product_cat","embeddable":true,"href":"https:\/\/vmsport.fi\/sv\/wp-json\/wp\/v2\/product_cat?post=54610"},{"taxonomy":"product_tag","embeddable":true,"href":"https:\/\/vmsport.fi\/sv\/wp-json\/wp\/v2\/product_tag?post=54610"},{"taxonomy":"industry_terminology","embeddable":true,"href":"https:\/\/vmsport.fi\/sv\/wp-json\/wp\/v2\/industry-terminology?post=54610"}],"curies":[{"name":"wp","href":"https:\/\/api.w.org\/{rel}","templated":true}]}}