{"id":54608,"date":"2025-03-05T23:55:27","date_gmt":"2025-03-05T21:55:27","guid":{"rendered":"https:\/\/vmsport.fi\/verkkokauppa\/Ei-luokiteltu\/muc-off-tubeless-valve-kit-v-2-0-gold\/"},"modified":"2026-04-22T15:09:56","modified_gmt":"2026-04-22T12:09:56","slug":"muc-off-slanglos-ventilsats-v-2-0-guld","status":"publish","type":"product","link":"https:\/\/vmsport.fi\/sv\/verkkokauppa\/renkaat\/tubeless-tarvikkeet\/tubeless-venttiilit\/muc-off-tubeless-valve-kit-v-2-0-gold\/","title":{"rendered":"MUC-OFF Tubeless Valve Kit V. 2.0 Gold"},"content":{"rendered":"<p>MUC-OFF Tubeless Valve Kit V. 2.0 Gold \u00e4r avsedd f\u00f6r Presta-ventilsystem. Satsen, som \u00e4r tillverkad av slitstarkt och l\u00e4tt flygplanstillverkat 7075-aluminium, \u00e4r l\u00e4mplig f\u00f6r MTB-, grus- och landsv\u00e4gscyklar. De sex sp\u00e5ren som fr\u00e4sts in i ventilens botten s\u00e4kerst\u00e4ller ett utm\u00e4rkt luftfl\u00f6de och j\u00e4mn f\u00f6rdelning av t\u00e4tningsmedlet. En 4 mm insexnyckel g\u00f6r installationen enkel och det utbytbara locket inneh\u00e5ller ett verktyg f\u00f6r att ta bort ventilk\u00e4rnan. Tre olika former av gummit\u00e4tningar ger en perfekt t\u00e4tning f\u00f6r olika f\u00e4lgprofiler. Den h\u00e4r satsen ger en tillf\u00f6rlitlig l\u00f6sning f\u00f6r slangl\u00f6sa system, vilket g\u00f6r cyklingen effektiv och s\u00e4ker i varierande terr\u00e4ng.<\/p>","protected":false},"excerpt":{"rendered":"<p>MUC-OFF Tubeless Valve Kit V. 2.0 Gold on suunniteltu Presta-venttiilij\u00e4rjestelmiin. T\u00e4m\u00e4 setti, valmistettu kest\u00e4v\u00e4st\u00e4 ja kevyest\u00e4 lentokonealumiinista 7075, sopii MTB-, sora- ja maantiepy\u00f6riin. Venttiilin pohjaan jyrsityt kuusi uraa varmistavat erinomaisen ilmavirran ja tiivisteaineen tasaisen jakautumisen. 4 mm:n kuusioavainkolo tekee asennuksesta helppoa, ja vaihdettavassa korkissa on ty\u00f6kalu venttiilin ytimen irrottamiseen. Kolme erimuotoista kumitiivistett\u00e4 varmistavat t\u00e4ydellisen tiivistyksen [&#8230;]<\/p>\n<p><a class=\"btn btn-secondary understrap-read-more-link\" href=\"https:\/\/vmsport.fi\/sv\/verkkokauppa\/renkaat\/tubeless-tarvikkeet\/tubeless-venttiilit\/muc-off-tubeless-valve-kit-v-2-0-gold\/\">L\u00e4s mer \u2026<span class=\"screen-reader-text\"> from MUC-OFF Tubeless Valve Kit V. 2.0 Gold<\/span><\/a><\/p>\n","protected":false},"featured_media":54607,"comment_status":"open","ping_status":"closed","template":"","meta":{"_acf_changed":false,"_improvement_type_select":"improve_an_existing","_thumb_yes_seoaic":false,"_frame_yes_seoaic":false,"seoaic_generate_description":"","seoaic_improve_instructions_prompt":"","seoaic_rollback_content_improvement":"","seoaic_idea_thumbnail_generator":"","thumbnail_generated":false,"thumbnail_generate_prompt":"","seoaic_article_description":"","_supplier_stock_quantity":0},"product_brand":[1584],"product_model":[],"product_cat":[9392],"product_tag":[],"industry-terminology":[],"class_list":{"0":"post-54608","1":"product","2":"type-product","3":"status-publish","4":"has-post-thumbnail","6":"product_brand-muc-off","7":"product_cat-tubeless-venttiilit","9":"first","10":"instock","11":"taxable","12":"shipping-taxable","13":"purchasable","14":"product-type-simple"},"acf":{"bike_features":null,"overview":{"copy_overview":null,"key_features":null,"statement":"","youtube_url":""}},"yoast_head":"<!-- This site is optimized with the Yoast SEO plugin v27.4 - https:\/\/yoast.com\/product\/yoast-seo-wordpress\/ -->\n<title>MUC-OFF Tubeless Valve Kit V. 2.0 Gold - VM Sport<\/title>\n<meta name=\"robots\" content=\"index, follow, max-snippet:-1, max-image-preview:large, max-video-preview:-1\" \/>\n<link rel=\"canonical\" href=\"https:\/\/vmsport.fi\/sv\/webbutik\/dack\/slanglosa-tillbehor\/slanglosa-ventiler\/muc-off-slanglos-ventilsats-v-2-0-guld\/\" \/>\n<meta property=\"og:locale\" content=\"sv_SE\" \/>\n<meta property=\"og:type\" content=\"article\" \/>\n<meta property=\"og:title\" content=\"MUC-OFF Tubeless Valve Kit V. 2.0 Gold - VM Sport\" \/>\n<meta property=\"og:description\" content=\"MUC-OFF Tubeless Valve Kit V. 2.0 Gold on suunniteltu Presta-venttiilij\u00e4rjestelmiin. T\u00e4m\u00e4 setti, valmistettu kest\u00e4v\u00e4st\u00e4 ja kevyest\u00e4 lentokonealumiinista 7075, sopii MTB-, sora- ja maantiepy\u00f6riin. Venttiilin pohjaan jyrsityt kuusi uraa varmistavat erinomaisen ilmavirran ja tiivisteaineen tasaisen jakautumisen. 4 mm:n kuusioavainkolo tekee asennuksesta helppoa, ja vaihdettavassa korkissa on ty\u00f6kalu venttiilin ytimen irrottamiseen. Kolme erimuotoista kumitiivistett\u00e4 varmistavat t\u00e4ydellisen tiivistyksen [...]L\u00e4s mer \u2026 from MUC-OFF Tubeless Valve Kit V. 2.0 Gold\" \/>\n<meta property=\"og:url\" content=\"https:\/\/vmsport.fi\/sv\/webbutik\/dack\/slanglosa-tillbehor\/slanglosa-ventiler\/muc-off-slanglos-ventilsats-v-2-0-guld\/\" \/>\n<meta property=\"og:site_name\" content=\"VM Sport\" \/>\n<meta property=\"article:publisher\" content=\"https:\/\/www.facebook.com\/Vmsport.fi\/\" \/>\n<meta property=\"article:modified_time\" content=\"2026-04-22T12:09:56+00:00\" \/>\n<meta property=\"og:image\" content=\"https:\/\/vmsport.fi\/wp-content\/uploads\/2025\/03\/cQXxoANVW6qIW2qZw7y548Mwaek8Am4AP73w51mjlWjTFAyHn8-1.jpg\" \/>\n\t<meta property=\"og:image:width\" content=\"800\" \/>\n\t<meta property=\"og:image:height\" content=\"800\" \/>\n\t<meta property=\"og:image:type\" content=\"image\/jpeg\" \/>\n<meta name=\"twitter:card\" content=\"summary_large_image\" \/>\n<script type=\"application\/ld+json\" class=\"yoast-schema-graph\">{\"@context\":\"https:\\\/\\\/schema.org\",\"@graph\":[{\"@type\":[\"WebPage\",\"ItemPage\"],\"@id\":\"https:\\\/\\\/vmsport.fi\\\/verkkokauppa\\\/renkaat\\\/tubeless-tarvikkeet\\\/tubeless-venttiilit\\\/muc-off-tubeless-valve-kit-v-2-0-gold\\\/\",\"url\":\"https:\\\/\\\/vmsport.fi\\\/verkkokauppa\\\/renkaat\\\/tubeless-tarvikkeet\\\/tubeless-venttiilit\\\/muc-off-tubeless-valve-kit-v-2-0-gold\\\/\",\"name\":\"MUC-OFF Tubeless Valve Kit V. 2.0 Gold - VM Sport\",\"isPartOf\":{\"@id\":\"https:\\\/\\\/vmsport.fi\\\/#website\"},\"primaryImageOfPage\":{\"@id\":\"https:\\\/\\\/vmsport.fi\\\/verkkokauppa\\\/renkaat\\\/tubeless-tarvikkeet\\\/tubeless-venttiilit\\\/muc-off-tubeless-valve-kit-v-2-0-gold\\\/#primaryimage\"},\"image\":{\"@id\":\"https:\\\/\\\/vmsport.fi\\\/verkkokauppa\\\/renkaat\\\/tubeless-tarvikkeet\\\/tubeless-venttiilit\\\/muc-off-tubeless-valve-kit-v-2-0-gold\\\/#primaryimage\"},\"thumbnailUrl\":\"https:\\\/\\\/vmsport.fi\\\/wp-content\\\/uploads\\\/2025\\\/03\\\/cQXxoANVW6qIW2qZw7y548Mwaek8Am4AP73w51mjlWjTFAyHn8-1.jpg\",\"datePublished\":\"2025-03-05T21:55:27+00:00\",\"dateModified\":\"2026-04-22T12:09:56+00:00\",\"breadcrumb\":{\"@id\":\"https:\\\/\\\/vmsport.fi\\\/verkkokauppa\\\/renkaat\\\/tubeless-tarvikkeet\\\/tubeless-venttiilit\\\/muc-off-tubeless-valve-kit-v-2-0-gold\\\/#breadcrumb\"},\"inLanguage\":\"sv-SE\",\"potentialAction\":[{\"@type\":\"ReadAction\",\"target\":[\"https:\\\/\\\/vmsport.fi\\\/verkkokauppa\\\/renkaat\\\/tubeless-tarvikkeet\\\/tubeless-venttiilit\\\/muc-off-tubeless-valve-kit-v-2-0-gold\\\/\"]}]},{\"@type\":\"ImageObject\",\"inLanguage\":\"sv-SE\",\"@id\":\"https:\\\/\\\/vmsport.fi\\\/verkkokauppa\\\/renkaat\\\/tubeless-tarvikkeet\\\/tubeless-venttiilit\\\/muc-off-tubeless-valve-kit-v-2-0-gold\\\/#primaryimage\",\"url\":\"https:\\\/\\\/vmsport.fi\\\/wp-content\\\/uploads\\\/2025\\\/03\\\/cQXxoANVW6qIW2qZw7y548Mwaek8Am4AP73w51mjlWjTFAyHn8-1.jpg\",\"contentUrl\":\"https:\\\/\\\/vmsport.fi\\\/wp-content\\\/uploads\\\/2025\\\/03\\\/cQXxoANVW6qIW2qZw7y548Mwaek8Am4AP73w51mjlWjTFAyHn8-1.jpg\",\"width\":800,\"height\":800,\"caption\":\"cQXxoANVW6qIW2qZw7y548Mwaek8Am4AP73w51mjlWjTFAyHn8\"},{\"@type\":\"BreadcrumbList\",\"@id\":\"https:\\\/\\\/vmsport.fi\\\/verkkokauppa\\\/renkaat\\\/tubeless-tarvikkeet\\\/tubeless-venttiilit\\\/muc-off-tubeless-valve-kit-v-2-0-gold\\\/#breadcrumb\",\"itemListElement\":[{\"@type\":\"ListItem\",\"position\":1,\"name\":\"Etusivu\",\"item\":\"https:\\\/\\\/vmsport.fi\\\/\"},{\"@type\":\"ListItem\",\"position\":2,\"name\":\"Online Store\",\"item\":\"https:\\\/\\\/vmsport.fi\\\/en\\\/online-store\\\/\"},{\"@type\":\"ListItem\",\"position\":3,\"name\":\"MUC-OFF Tubeless Valve Kit V. 2.0 Gold\"}]},{\"@type\":\"WebSite\",\"@id\":\"https:\\\/\\\/vmsport.fi\\\/#website\",\"url\":\"https:\\\/\\\/vmsport.fi\\\/\",\"name\":\"Vmsport\",\"description\":\"Kaikki py\u00f6r\u00e4ilyyn yhdest\u00e4 paikasta\",\"publisher\":{\"@id\":\"https:\\\/\\\/vmsport.fi\\\/#organization\"},\"potentialAction\":[{\"@type\":\"SearchAction\",\"target\":{\"@type\":\"EntryPoint\",\"urlTemplate\":\"https:\\\/\\\/vmsport.fi\\\/?s={search_term_string}\"},\"query-input\":{\"@type\":\"PropertyValueSpecification\",\"valueRequired\":true,\"valueName\":\"search_term_string\"}}],\"inLanguage\":\"sv-SE\"},{\"@type\":\"Organization\",\"@id\":\"https:\\\/\\\/vmsport.fi\\\/#organization\",\"name\":\"Vmsport\",\"url\":\"https:\\\/\\\/vmsport.fi\\\/\",\"logo\":{\"@type\":\"ImageObject\",\"inLanguage\":\"sv-SE\",\"@id\":\"https:\\\/\\\/vmsport.fi\\\/#\\\/schema\\\/logo\\\/image\\\/\",\"url\":\"https:\\\/\\\/vmsport.fi\\\/wp-content\\\/uploads\\\/2024\\\/12\\\/vm_sport_RGB_horisontal-e1734526017575.png\",\"contentUrl\":\"https:\\\/\\\/vmsport.fi\\\/wp-content\\\/uploads\\\/2024\\\/12\\\/vm_sport_RGB_horisontal-e1734526017575.png\",\"width\":668,\"height\":85,\"caption\":\"Vmsport\"},\"image\":{\"@id\":\"https:\\\/\\\/vmsport.fi\\\/#\\\/schema\\\/logo\\\/image\\\/\"},\"sameAs\":[\"https:\\\/\\\/www.facebook.com\\\/Vmsport.fi\\\/\",\"https:\\\/\\\/www.instagram.com\\\/vmsport\\\/\"]}]}<\/script>\n<!-- \/ Yoast SEO plugin. -->","yoast_head_json":{"title":"MUC-OFF Tubeless Valve Kit V. 2.0 Gold - VM Sport","robots":{"index":"index","follow":"follow","max-snippet":"max-snippet:-1","max-image-preview":"max-image-preview:large","max-video-preview":"max-video-preview:-1"},"canonical":"https:\/\/vmsport.fi\/sv\/webbutik\/dack\/slanglosa-tillbehor\/slanglosa-ventiler\/muc-off-slanglos-ventilsats-v-2-0-guld\/","og_locale":"sv_SE","og_type":"article","og_title":"MUC-OFF Tubeless Valve Kit V. 2.0 Gold - VM Sport","og_description":"MUC-OFF Tubeless Valve Kit V. 2.0 Gold on suunniteltu Presta-venttiilij\u00e4rjestelmiin. T\u00e4m\u00e4 setti, valmistettu kest\u00e4v\u00e4st\u00e4 ja kevyest\u00e4 lentokonealumiinista 7075, sopii MTB-, sora- ja maantiepy\u00f6riin. Venttiilin pohjaan jyrsityt kuusi uraa varmistavat erinomaisen ilmavirran ja tiivisteaineen tasaisen jakautumisen. 4 mm:n kuusioavainkolo tekee asennuksesta helppoa, ja vaihdettavassa korkissa on ty\u00f6kalu venttiilin ytimen irrottamiseen. Kolme erimuotoista kumitiivistett\u00e4 varmistavat t\u00e4ydellisen tiivistyksen [...]L\u00e4s mer \u2026 from MUC-OFF Tubeless Valve Kit V. 2.0 Gold","og_url":"https:\/\/vmsport.fi\/sv\/webbutik\/dack\/slanglosa-tillbehor\/slanglosa-ventiler\/muc-off-slanglos-ventilsats-v-2-0-guld\/","og_site_name":"VM Sport","article_publisher":"https:\/\/www.facebook.com\/Vmsport.fi\/","article_modified_time":"2026-04-22T12:09:56+00:00","og_image":[{"width":800,"height":800,"url":"https:\/\/vmsport.fi\/wp-content\/uploads\/2025\/03\/cQXxoANVW6qIW2qZw7y548Mwaek8Am4AP73w51mjlWjTFAyHn8-1.jpg","type":"image\/jpeg"}],"twitter_card":"summary_large_image","schema":{"@context":"https:\/\/schema.org","@graph":[{"@type":["WebPage","ItemPage"],"@id":"https:\/\/vmsport.fi\/verkkokauppa\/renkaat\/tubeless-tarvikkeet\/tubeless-venttiilit\/muc-off-tubeless-valve-kit-v-2-0-gold\/","url":"https:\/\/vmsport.fi\/verkkokauppa\/renkaat\/tubeless-tarvikkeet\/tubeless-venttiilit\/muc-off-tubeless-valve-kit-v-2-0-gold\/","name":"MUC-OFF Tubeless Valve Kit V. 2.0 Gold - VM Sport","isPartOf":{"@id":"https:\/\/vmsport.fi\/#website"},"primaryImageOfPage":{"@id":"https:\/\/vmsport.fi\/verkkokauppa\/renkaat\/tubeless-tarvikkeet\/tubeless-venttiilit\/muc-off-tubeless-valve-kit-v-2-0-gold\/#primaryimage"},"image":{"@id":"https:\/\/vmsport.fi\/verkkokauppa\/renkaat\/tubeless-tarvikkeet\/tubeless-venttiilit\/muc-off-tubeless-valve-kit-v-2-0-gold\/#primaryimage"},"thumbnailUrl":"https:\/\/vmsport.fi\/wp-content\/uploads\/2025\/03\/cQXxoANVW6qIW2qZw7y548Mwaek8Am4AP73w51mjlWjTFAyHn8-1.jpg","datePublished":"2025-03-05T21:55:27+00:00","dateModified":"2026-04-22T12:09:56+00:00","breadcrumb":{"@id":"https:\/\/vmsport.fi\/verkkokauppa\/renkaat\/tubeless-tarvikkeet\/tubeless-venttiilit\/muc-off-tubeless-valve-kit-v-2-0-gold\/#breadcrumb"},"inLanguage":"sv-SE","potentialAction":[{"@type":"ReadAction","target":["https:\/\/vmsport.fi\/verkkokauppa\/renkaat\/tubeless-tarvikkeet\/tubeless-venttiilit\/muc-off-tubeless-valve-kit-v-2-0-gold\/"]}]},{"@type":"ImageObject","inLanguage":"sv-SE","@id":"https:\/\/vmsport.fi\/verkkokauppa\/renkaat\/tubeless-tarvikkeet\/tubeless-venttiilit\/muc-off-tubeless-valve-kit-v-2-0-gold\/#primaryimage","url":"https:\/\/vmsport.fi\/wp-content\/uploads\/2025\/03\/cQXxoANVW6qIW2qZw7y548Mwaek8Am4AP73w51mjlWjTFAyHn8-1.jpg","contentUrl":"https:\/\/vmsport.fi\/wp-content\/uploads\/2025\/03\/cQXxoANVW6qIW2qZw7y548Mwaek8Am4AP73w51mjlWjTFAyHn8-1.jpg","width":800,"height":800,"caption":"cQXxoANVW6qIW2qZw7y548Mwaek8Am4AP73w51mjlWjTFAyHn8"},{"@type":"BreadcrumbList","@id":"https:\/\/vmsport.fi\/verkkokauppa\/renkaat\/tubeless-tarvikkeet\/tubeless-venttiilit\/muc-off-tubeless-valve-kit-v-2-0-gold\/#breadcrumb","itemListElement":[{"@type":"ListItem","position":1,"name":"Etusivu","item":"https:\/\/vmsport.fi\/"},{"@type":"ListItem","position":2,"name":"Online Store","item":"https:\/\/vmsport.fi\/en\/online-store\/"},{"@type":"ListItem","position":3,"name":"MUC-OFF Tubeless Valve Kit V. 2.0 Gold"}]},{"@type":"WebSite","@id":"https:\/\/vmsport.fi\/#website","url":"https:\/\/vmsport.fi\/","name":"Vmsport","description":"Allt p\u00e5 ett st\u00e4lle f\u00f6r cykling","publisher":{"@id":"https:\/\/vmsport.fi\/#organization"},"potentialAction":[{"@type":"SearchAction","target":{"@type":"EntryPoint","urlTemplate":"https:\/\/vmsport.fi\/?s={search_term_string}"},"query-input":{"@type":"PropertyValueSpecification","valueRequired":true,"valueName":"search_term_string"}}],"inLanguage":"sv-SE"},{"@type":"Organization","@id":"https:\/\/vmsport.fi\/#organization","name":"Vmsport","url":"https:\/\/vmsport.fi\/","logo":{"@type":"ImageObject","inLanguage":"sv-SE","@id":"https:\/\/vmsport.fi\/#\/schema\/logo\/image\/","url":"https:\/\/vmsport.fi\/wp-content\/uploads\/2024\/12\/vm_sport_RGB_horisontal-e1734526017575.png","contentUrl":"https:\/\/vmsport.fi\/wp-content\/uploads\/2024\/12\/vm_sport_RGB_horisontal-e1734526017575.png","width":668,"height":85,"caption":"Vmsport"},"image":{"@id":"https:\/\/vmsport.fi\/#\/schema\/logo\/image\/"},"sameAs":["https:\/\/www.facebook.com\/Vmsport.fi\/","https:\/\/www.instagram.com\/vmsport\/"]}]}},"global_unique_id":"","_links":{"self":[{"href":"https:\/\/vmsport.fi\/sv\/wp-json\/wp\/v2\/product\/54608","targetHints":{"allow":["GET"]}}],"collection":[{"href":"https:\/\/vmsport.fi\/sv\/wp-json\/wp\/v2\/product"}],"about":[{"href":"https:\/\/vmsport.fi\/sv\/wp-json\/wp\/v2\/types\/product"}],"replies":[{"embeddable":true,"href":"https:\/\/vmsport.fi\/sv\/wp-json\/wp\/v2\/comments?post=54608"}],"wp:featuredmedia":[{"embeddable":true,"href":"https:\/\/vmsport.fi\/sv\/wp-json\/wp\/v2\/media\/54607"}],"wp:attachment":[{"href":"https:\/\/vmsport.fi\/sv\/wp-json\/wp\/v2\/media?parent=54608"}],"wp:term":[{"taxonomy":"product_brand","embeddable":true,"href":"https:\/\/vmsport.fi\/sv\/wp-json\/wp\/v2\/product_brand?post=54608"},{"taxonomy":"product_model","embeddable":true,"href":"https:\/\/vmsport.fi\/sv\/wp-json\/wp\/v2\/product_model?post=54608"},{"taxonomy":"product_cat","embeddable":true,"href":"https:\/\/vmsport.fi\/sv\/wp-json\/wp\/v2\/product_cat?post=54608"},{"taxonomy":"product_tag","embeddable":true,"href":"https:\/\/vmsport.fi\/sv\/wp-json\/wp\/v2\/product_tag?post=54608"},{"taxonomy":"industry_terminology","embeddable":true,"href":"https:\/\/vmsport.fi\/sv\/wp-json\/wp\/v2\/industry-terminology?post=54608"}],"curies":[{"name":"wp","href":"https:\/\/api.w.org\/{rel}","templated":true}]}}