{"id":54606,"date":"2025-03-05T23:55:26","date_gmt":"2025-03-05T21:55:26","guid":{"rendered":"https:\/\/vmsport.fi\/verkkokauppa\/Ei-luokiteltu\/stronglight-adapter-from-bb30-to-24-mm-frame-inside-o42-mm\/"},"modified":"2026-04-22T15:05:16","modified_gmt":"2026-04-22T12:05:16","slug":"stronglight-adapter-fran-bb30-till-24-mm-ram-invandigt-o42-mm","status":"publish","type":"product","link":"https:\/\/vmsport.fi\/sv\/verkkokauppa\/varaosat\/voimansiirto\/keskiolaakerit\/stronglight-adapter-from-bb30-to-24-mm-frame-inside-o42-mm\/","title":{"rendered":"STRONGLIGHT Adapter fr\u00e5n BB30 till 24 mm Ramens insida: \u00d842 mm"},"content":{"rendered":"<p>Stronglights adapter kopplar s\u00f6ml\u00f6st ihop BB30-centret och 24 mm vevaxeln, vilket g\u00f6r det enkelt att kombinera olika system. Den noggrant utformade designen s\u00e4kerst\u00e4ller att adaptern, som passar den inre diametern p\u00e5 \u00d842 mm-ramen, sitter stadigt och stabilt p\u00e5 plats. Det slitstarka konstruktionsmaterialet garanterar l\u00e5ng livsl\u00e4ngd och adaptern, som \u00e4r l\u00e4tt, klarar kr\u00e4vande cykelf\u00f6rh\u00e5llanden. Adaptern \u00e4r enkel att montera utan specialverktyg och sparar tid och anstr\u00e4ngning genom att effektivt konvertera din cykel s\u00e5 att den passar olika delar.<\/p>","protected":false},"excerpt":{"rendered":"<p>Stronglightin adapteri yhdist\u00e4\u00e4 BB30-keski\u00f6n ja 24 mm:n kampiakselin saumattomasti, mahdollistaen helpon yhteensopivuuden eri j\u00e4rjestelmien v\u00e4lill\u00e4. Huolellisesti suunniteltu muotoilu varmistaa, ett\u00e4 \u00d842 mm:n rungon sis\u00e4halkaisijaan sopiva adapteri kiinnittyy napakasti ja vakaasti paikalleen. Kest\u00e4v\u00e4 valmistusmateriaali takaa pitk\u00e4ik\u00e4isen k\u00e4yt\u00f6n, ja adapteri, joka on kevyt, siet\u00e4\u00e4 hyvin vaativia py\u00f6r\u00e4ilyolosuhteita. Helposti asennettavissa ilman erikoisty\u00f6kaluja, adapteri s\u00e4\u00e4st\u00e4\u00e4 aikaa ja vaivaa, muuntaen [&#8230;]<\/p>\n<p><a class=\"btn btn-secondary understrap-read-more-link\" href=\"https:\/\/vmsport.fi\/sv\/verkkokauppa\/varaosat\/voimansiirto\/keskiolaakerit\/stronglight-adapter-from-bb30-to-24-mm-frame-inside-o42-mm\/\">L\u00e4s mer \u2026<span class=\"screen-reader-text\"> from STRONGLIGHT Adapter from BB30 to 24 mm  Frame inside: \u00d842 mm<\/span><\/a><\/p>\n","protected":false},"featured_media":54605,"comment_status":"open","ping_status":"closed","template":"","meta":{"_acf_changed":false,"_improvement_type_select":"improve_an_existing","_thumb_yes_seoaic":false,"_frame_yes_seoaic":false,"seoaic_generate_description":"","seoaic_improve_instructions_prompt":"","seoaic_rollback_content_improvement":"","seoaic_idea_thumbnail_generator":"","thumbnail_generated":false,"thumbnail_generate_prompt":"","seoaic_article_description":"","_supplier_stock_quantity":0},"product_brand":[],"product_model":[],"product_cat":[9350],"product_tag":[],"industry-terminology":[],"class_list":{"0":"post-54606","1":"product","2":"type-product","3":"status-publish","4":"has-post-thumbnail","6":"product_cat-keskiolaakerit","8":"first","9":"instock","10":"taxable","11":"shipping-taxable","12":"purchasable","13":"product-type-simple"},"acf":{"bike_features":null,"overview":{"copy_overview":null,"key_features":null,"statement":"","youtube_url":""}},"yoast_head":"<!-- This site is optimized with the Yoast SEO plugin v27.4 - https:\/\/yoast.com\/product\/yoast-seo-wordpress\/ -->\n<title>STRONGLIGHT Adapter from BB30 to 24 mm Frame inside: \u00d842 mm - VM Sport<\/title>\n<meta name=\"robots\" content=\"index, follow, max-snippet:-1, max-image-preview:large, max-video-preview:-1\" \/>\n<link rel=\"canonical\" href=\"https:\/\/vmsport.fi\/sv\/webbutik\/reservdelar\/transmission\/mittlager\/stronglight-adapter-fran-bb30-till-24-mm-ram-invandigt-o42-mm\/\" \/>\n<meta property=\"og:locale\" content=\"sv_SE\" \/>\n<meta property=\"og:type\" content=\"article\" \/>\n<meta property=\"og:title\" content=\"STRONGLIGHT Adapter from BB30 to 24 mm Frame inside: \u00d842 mm - VM Sport\" \/>\n<meta property=\"og:description\" content=\"Stronglightin adapteri yhdist\u00e4\u00e4 BB30-keski\u00f6n ja 24 mm:n kampiakselin saumattomasti, mahdollistaen helpon yhteensopivuuden eri j\u00e4rjestelmien v\u00e4lill\u00e4. Huolellisesti suunniteltu muotoilu varmistaa, ett\u00e4 \u00d842 mm:n rungon sis\u00e4halkaisijaan sopiva adapteri kiinnittyy napakasti ja vakaasti paikalleen. Kest\u00e4v\u00e4 valmistusmateriaali takaa pitk\u00e4ik\u00e4isen k\u00e4yt\u00f6n, ja adapteri, joka on kevyt, siet\u00e4\u00e4 hyvin vaativia py\u00f6r\u00e4ilyolosuhteita. Helposti asennettavissa ilman erikoisty\u00f6kaluja, adapteri s\u00e4\u00e4st\u00e4\u00e4 aikaa ja vaivaa, muuntaen [...]L\u00e4s mer \u2026 from STRONGLIGHT Adapter from BB30 to 24 mm Frame inside: \u00d842 mm\" \/>\n<meta property=\"og:url\" content=\"https:\/\/vmsport.fi\/sv\/webbutik\/reservdelar\/transmission\/mittlager\/stronglight-adapter-fran-bb30-till-24-mm-ram-invandigt-o42-mm\/\" \/>\n<meta property=\"og:site_name\" content=\"VM Sport\" \/>\n<meta property=\"article:publisher\" content=\"https:\/\/www.facebook.com\/Vmsport.fi\/\" \/>\n<meta property=\"article:modified_time\" content=\"2026-04-22T12:05:16+00:00\" \/>\n<meta property=\"og:image\" content=\"https:\/\/vmsport.fi\/wp-content\/uploads\/2025\/03\/vJRC3JQWqHrMy5z7B8BZltDBgyGdM7DKXtrp1X7d4FgXz13Rzs-1.jpg\" \/>\n\t<meta property=\"og:image:width\" content=\"600\" \/>\n\t<meta property=\"og:image:height\" content=\"450\" \/>\n\t<meta property=\"og:image:type\" content=\"image\/jpeg\" \/>\n<meta name=\"twitter:card\" content=\"summary_large_image\" \/>\n<script type=\"application\/ld+json\" class=\"yoast-schema-graph\">{\"@context\":\"https:\\\/\\\/schema.org\",\"@graph\":[{\"@type\":[\"WebPage\",\"ItemPage\"],\"@id\":\"https:\\\/\\\/vmsport.fi\\\/verkkokauppa\\\/varaosat\\\/voimansiirto\\\/keskiolaakerit\\\/stronglight-adapter-from-bb30-to-24-mm-frame-inside-o42-mm\\\/\",\"url\":\"https:\\\/\\\/vmsport.fi\\\/verkkokauppa\\\/varaosat\\\/voimansiirto\\\/keskiolaakerit\\\/stronglight-adapter-from-bb30-to-24-mm-frame-inside-o42-mm\\\/\",\"name\":\"STRONGLIGHT Adapter from BB30 to 24 mm Frame inside: \u00d842 mm - VM Sport\",\"isPartOf\":{\"@id\":\"https:\\\/\\\/vmsport.fi\\\/#website\"},\"primaryImageOfPage\":{\"@id\":\"https:\\\/\\\/vmsport.fi\\\/verkkokauppa\\\/varaosat\\\/voimansiirto\\\/keskiolaakerit\\\/stronglight-adapter-from-bb30-to-24-mm-frame-inside-o42-mm\\\/#primaryimage\"},\"image\":{\"@id\":\"https:\\\/\\\/vmsport.fi\\\/verkkokauppa\\\/varaosat\\\/voimansiirto\\\/keskiolaakerit\\\/stronglight-adapter-from-bb30-to-24-mm-frame-inside-o42-mm\\\/#primaryimage\"},\"thumbnailUrl\":\"https:\\\/\\\/vmsport.fi\\\/wp-content\\\/uploads\\\/2025\\\/03\\\/vJRC3JQWqHrMy5z7B8BZltDBgyGdM7DKXtrp1X7d4FgXz13Rzs-1.jpg\",\"datePublished\":\"2025-03-05T21:55:26+00:00\",\"dateModified\":\"2026-04-22T12:05:16+00:00\",\"breadcrumb\":{\"@id\":\"https:\\\/\\\/vmsport.fi\\\/verkkokauppa\\\/varaosat\\\/voimansiirto\\\/keskiolaakerit\\\/stronglight-adapter-from-bb30-to-24-mm-frame-inside-o42-mm\\\/#breadcrumb\"},\"inLanguage\":\"sv-SE\",\"potentialAction\":[{\"@type\":\"ReadAction\",\"target\":[\"https:\\\/\\\/vmsport.fi\\\/verkkokauppa\\\/varaosat\\\/voimansiirto\\\/keskiolaakerit\\\/stronglight-adapter-from-bb30-to-24-mm-frame-inside-o42-mm\\\/\"]}]},{\"@type\":\"ImageObject\",\"inLanguage\":\"sv-SE\",\"@id\":\"https:\\\/\\\/vmsport.fi\\\/verkkokauppa\\\/varaosat\\\/voimansiirto\\\/keskiolaakerit\\\/stronglight-adapter-from-bb30-to-24-mm-frame-inside-o42-mm\\\/#primaryimage\",\"url\":\"https:\\\/\\\/vmsport.fi\\\/wp-content\\\/uploads\\\/2025\\\/03\\\/vJRC3JQWqHrMy5z7B8BZltDBgyGdM7DKXtrp1X7d4FgXz13Rzs-1.jpg\",\"contentUrl\":\"https:\\\/\\\/vmsport.fi\\\/wp-content\\\/uploads\\\/2025\\\/03\\\/vJRC3JQWqHrMy5z7B8BZltDBgyGdM7DKXtrp1X7d4FgXz13Rzs-1.jpg\",\"width\":600,\"height\":450,\"caption\":\"vJRC3JQWqHrMy5z7B8BZltDBgyGdM7DKXtrp1X7d4FgXz13Rzs\"},{\"@type\":\"BreadcrumbList\",\"@id\":\"https:\\\/\\\/vmsport.fi\\\/verkkokauppa\\\/varaosat\\\/voimansiirto\\\/keskiolaakerit\\\/stronglight-adapter-from-bb30-to-24-mm-frame-inside-o42-mm\\\/#breadcrumb\",\"itemListElement\":[{\"@type\":\"ListItem\",\"position\":1,\"name\":\"Etusivu\",\"item\":\"https:\\\/\\\/vmsport.fi\\\/\"},{\"@type\":\"ListItem\",\"position\":2,\"name\":\"Online Store\",\"item\":\"https:\\\/\\\/vmsport.fi\\\/en\\\/online-store\\\/\"},{\"@type\":\"ListItem\",\"position\":3,\"name\":\"STRONGLIGHT Adapter from BB30 to 24 mm Frame inside: \u00d842 mm\"}]},{\"@type\":\"WebSite\",\"@id\":\"https:\\\/\\\/vmsport.fi\\\/#website\",\"url\":\"https:\\\/\\\/vmsport.fi\\\/\",\"name\":\"Vmsport\",\"description\":\"Kaikki py\u00f6r\u00e4ilyyn yhdest\u00e4 paikasta\",\"publisher\":{\"@id\":\"https:\\\/\\\/vmsport.fi\\\/#organization\"},\"potentialAction\":[{\"@type\":\"SearchAction\",\"target\":{\"@type\":\"EntryPoint\",\"urlTemplate\":\"https:\\\/\\\/vmsport.fi\\\/?s={search_term_string}\"},\"query-input\":{\"@type\":\"PropertyValueSpecification\",\"valueRequired\":true,\"valueName\":\"search_term_string\"}}],\"inLanguage\":\"sv-SE\"},{\"@type\":\"Organization\",\"@id\":\"https:\\\/\\\/vmsport.fi\\\/#organization\",\"name\":\"Vmsport\",\"url\":\"https:\\\/\\\/vmsport.fi\\\/\",\"logo\":{\"@type\":\"ImageObject\",\"inLanguage\":\"sv-SE\",\"@id\":\"https:\\\/\\\/vmsport.fi\\\/#\\\/schema\\\/logo\\\/image\\\/\",\"url\":\"https:\\\/\\\/vmsport.fi\\\/wp-content\\\/uploads\\\/2024\\\/12\\\/vm_sport_RGB_horisontal-e1734526017575.png\",\"contentUrl\":\"https:\\\/\\\/vmsport.fi\\\/wp-content\\\/uploads\\\/2024\\\/12\\\/vm_sport_RGB_horisontal-e1734526017575.png\",\"width\":668,\"height\":85,\"caption\":\"Vmsport\"},\"image\":{\"@id\":\"https:\\\/\\\/vmsport.fi\\\/#\\\/schema\\\/logo\\\/image\\\/\"},\"sameAs\":[\"https:\\\/\\\/www.facebook.com\\\/Vmsport.fi\\\/\",\"https:\\\/\\\/www.instagram.com\\\/vmsport\\\/\"]}]}<\/script>\n<!-- \/ Yoast SEO plugin. -->","yoast_head_json":{"title":"STRONGLIGHT Adapter fr\u00e5n BB30 till 24 mm Ram inv\u00e4ndigt: \u00d842 mm - VM Sport","robots":{"index":"index","follow":"follow","max-snippet":"max-snippet:-1","max-image-preview":"max-image-preview:large","max-video-preview":"max-video-preview:-1"},"canonical":"https:\/\/vmsport.fi\/sv\/webbutik\/reservdelar\/transmission\/mittlager\/stronglight-adapter-fran-bb30-till-24-mm-ram-invandigt-o42-mm\/","og_locale":"sv_SE","og_type":"article","og_title":"STRONGLIGHT Adapter from BB30 to 24 mm Frame inside: \u00d842 mm - VM Sport","og_description":"Stronglightin adapteri yhdist\u00e4\u00e4 BB30-keski\u00f6n ja 24 mm:n kampiakselin saumattomasti, mahdollistaen helpon yhteensopivuuden eri j\u00e4rjestelmien v\u00e4lill\u00e4. Huolellisesti suunniteltu muotoilu varmistaa, ett\u00e4 \u00d842 mm:n rungon sis\u00e4halkaisijaan sopiva adapteri kiinnittyy napakasti ja vakaasti paikalleen. Kest\u00e4v\u00e4 valmistusmateriaali takaa pitk\u00e4ik\u00e4isen k\u00e4yt\u00f6n, ja adapteri, joka on kevyt, siet\u00e4\u00e4 hyvin vaativia py\u00f6r\u00e4ilyolosuhteita. Helposti asennettavissa ilman erikoisty\u00f6kaluja, adapteri s\u00e4\u00e4st\u00e4\u00e4 aikaa ja vaivaa, muuntaen [...]L\u00e4s mer \u2026 from STRONGLIGHT Adapter from BB30 to 24 mm Frame inside: \u00d842 mm","og_url":"https:\/\/vmsport.fi\/sv\/webbutik\/reservdelar\/transmission\/mittlager\/stronglight-adapter-fran-bb30-till-24-mm-ram-invandigt-o42-mm\/","og_site_name":"VM Sport","article_publisher":"https:\/\/www.facebook.com\/Vmsport.fi\/","article_modified_time":"2026-04-22T12:05:16+00:00","og_image":[{"width":600,"height":450,"url":"https:\/\/vmsport.fi\/wp-content\/uploads\/2025\/03\/vJRC3JQWqHrMy5z7B8BZltDBgyGdM7DKXtrp1X7d4FgXz13Rzs-1.jpg","type":"image\/jpeg"}],"twitter_card":"summary_large_image","schema":{"@context":"https:\/\/schema.org","@graph":[{"@type":["WebPage","ItemPage"],"@id":"https:\/\/vmsport.fi\/verkkokauppa\/varaosat\/voimansiirto\/keskiolaakerit\/stronglight-adapter-from-bb30-to-24-mm-frame-inside-o42-mm\/","url":"https:\/\/vmsport.fi\/verkkokauppa\/varaosat\/voimansiirto\/keskiolaakerit\/stronglight-adapter-from-bb30-to-24-mm-frame-inside-o42-mm\/","name":"STRONGLIGHT Adapter fr\u00e5n BB30 till 24 mm Ram inv\u00e4ndigt: \u00d842 mm - VM Sport","isPartOf":{"@id":"https:\/\/vmsport.fi\/#website"},"primaryImageOfPage":{"@id":"https:\/\/vmsport.fi\/verkkokauppa\/varaosat\/voimansiirto\/keskiolaakerit\/stronglight-adapter-from-bb30-to-24-mm-frame-inside-o42-mm\/#primaryimage"},"image":{"@id":"https:\/\/vmsport.fi\/verkkokauppa\/varaosat\/voimansiirto\/keskiolaakerit\/stronglight-adapter-from-bb30-to-24-mm-frame-inside-o42-mm\/#primaryimage"},"thumbnailUrl":"https:\/\/vmsport.fi\/wp-content\/uploads\/2025\/03\/vJRC3JQWqHrMy5z7B8BZltDBgyGdM7DKXtrp1X7d4FgXz13Rzs-1.jpg","datePublished":"2025-03-05T21:55:26+00:00","dateModified":"2026-04-22T12:05:16+00:00","breadcrumb":{"@id":"https:\/\/vmsport.fi\/verkkokauppa\/varaosat\/voimansiirto\/keskiolaakerit\/stronglight-adapter-from-bb30-to-24-mm-frame-inside-o42-mm\/#breadcrumb"},"inLanguage":"sv-SE","potentialAction":[{"@type":"ReadAction","target":["https:\/\/vmsport.fi\/verkkokauppa\/varaosat\/voimansiirto\/keskiolaakerit\/stronglight-adapter-from-bb30-to-24-mm-frame-inside-o42-mm\/"]}]},{"@type":"ImageObject","inLanguage":"sv-SE","@id":"https:\/\/vmsport.fi\/verkkokauppa\/varaosat\/voimansiirto\/keskiolaakerit\/stronglight-adapter-from-bb30-to-24-mm-frame-inside-o42-mm\/#primaryimage","url":"https:\/\/vmsport.fi\/wp-content\/uploads\/2025\/03\/vJRC3JQWqHrMy5z7B8BZltDBgyGdM7DKXtrp1X7d4FgXz13Rzs-1.jpg","contentUrl":"https:\/\/vmsport.fi\/wp-content\/uploads\/2025\/03\/vJRC3JQWqHrMy5z7B8BZltDBgyGdM7DKXtrp1X7d4FgXz13Rzs-1.jpg","width":600,"height":450,"caption":"vJRC3JQWqHrMy5z7B8BZltDBgyGdM7DKXtrp1X7d4FgXz13Rzs"},{"@type":"BreadcrumbList","@id":"https:\/\/vmsport.fi\/verkkokauppa\/varaosat\/voimansiirto\/keskiolaakerit\/stronglight-adapter-from-bb30-to-24-mm-frame-inside-o42-mm\/#breadcrumb","itemListElement":[{"@type":"ListItem","position":1,"name":"Etusivu","item":"https:\/\/vmsport.fi\/"},{"@type":"ListItem","position":2,"name":"Online Store","item":"https:\/\/vmsport.fi\/en\/online-store\/"},{"@type":"ListItem","position":3,"name":"STRONGLIGHT Adapter from BB30 to 24 mm Frame inside: \u00d842 mm"}]},{"@type":"WebSite","@id":"https:\/\/vmsport.fi\/#website","url":"https:\/\/vmsport.fi\/","name":"Vmsport","description":"Allt p\u00e5 ett st\u00e4lle f\u00f6r cykling","publisher":{"@id":"https:\/\/vmsport.fi\/#organization"},"potentialAction":[{"@type":"SearchAction","target":{"@type":"EntryPoint","urlTemplate":"https:\/\/vmsport.fi\/?s={search_term_string}"},"query-input":{"@type":"PropertyValueSpecification","valueRequired":true,"valueName":"search_term_string"}}],"inLanguage":"sv-SE"},{"@type":"Organization","@id":"https:\/\/vmsport.fi\/#organization","name":"Vmsport","url":"https:\/\/vmsport.fi\/","logo":{"@type":"ImageObject","inLanguage":"sv-SE","@id":"https:\/\/vmsport.fi\/#\/schema\/logo\/image\/","url":"https:\/\/vmsport.fi\/wp-content\/uploads\/2024\/12\/vm_sport_RGB_horisontal-e1734526017575.png","contentUrl":"https:\/\/vmsport.fi\/wp-content\/uploads\/2024\/12\/vm_sport_RGB_horisontal-e1734526017575.png","width":668,"height":85,"caption":"Vmsport"},"image":{"@id":"https:\/\/vmsport.fi\/#\/schema\/logo\/image\/"},"sameAs":["https:\/\/www.facebook.com\/Vmsport.fi\/","https:\/\/www.instagram.com\/vmsport\/"]}]}},"global_unique_id":"","_links":{"self":[{"href":"https:\/\/vmsport.fi\/sv\/wp-json\/wp\/v2\/product\/54606","targetHints":{"allow":["GET"]}}],"collection":[{"href":"https:\/\/vmsport.fi\/sv\/wp-json\/wp\/v2\/product"}],"about":[{"href":"https:\/\/vmsport.fi\/sv\/wp-json\/wp\/v2\/types\/product"}],"replies":[{"embeddable":true,"href":"https:\/\/vmsport.fi\/sv\/wp-json\/wp\/v2\/comments?post=54606"}],"wp:featuredmedia":[{"embeddable":true,"href":"https:\/\/vmsport.fi\/sv\/wp-json\/wp\/v2\/media\/54605"}],"wp:attachment":[{"href":"https:\/\/vmsport.fi\/sv\/wp-json\/wp\/v2\/media?parent=54606"}],"wp:term":[{"taxonomy":"product_brand","embeddable":true,"href":"https:\/\/vmsport.fi\/sv\/wp-json\/wp\/v2\/product_brand?post=54606"},{"taxonomy":"product_model","embeddable":true,"href":"https:\/\/vmsport.fi\/sv\/wp-json\/wp\/v2\/product_model?post=54606"},{"taxonomy":"product_cat","embeddable":true,"href":"https:\/\/vmsport.fi\/sv\/wp-json\/wp\/v2\/product_cat?post=54606"},{"taxonomy":"product_tag","embeddable":true,"href":"https:\/\/vmsport.fi\/sv\/wp-json\/wp\/v2\/product_tag?post=54606"},{"taxonomy":"industry_terminology","embeddable":true,"href":"https:\/\/vmsport.fi\/sv\/wp-json\/wp\/v2\/industry-terminology?post=54606"}],"curies":[{"name":"wp","href":"https:\/\/api.w.org\/{rel}","templated":true}]}}