{"id":54595,"date":"2025-03-05T23:55:22","date_gmt":"2025-03-05T21:55:22","guid":{"rendered":"https:\/\/vmsport.fi\/verkkokauppa\/Ei-luokiteltu\/sks-fatboard-mudguard-set\/"},"modified":"2026-03-27T02:00:24","modified_gmt":"2026-03-27T00:00:24","slug":"sks-fatboard-stankskarmsuppsattning","status":"publish","type":"product","link":"https:\/\/vmsport.fi\/sv\/verkkokauppa\/tarvikkeet\/lokasuojat\/lokasuojasetit\/sks-fatboard-mudguard-set\/","title":{"rendered":"SKS Fatboard st\u00e4nksk\u00e4rmsupps\u00e4ttning"},"content":{"rendered":"<p>SKS Fatboard st\u00e4nksk\u00e4rmset \u00e4r ett utm\u00e4rkt val f\u00f6r fatbike-f\u00f6rare som vill ha ett effektivt skydd mot smuts och vattenst\u00e4nk. Det h\u00e4r snygga svarta setet, som inneh\u00e5ller b\u00e5de fr\u00e4mre och bakre st\u00e4nksk\u00e4rmar, \u00e4r utformat f\u00f6r att klara tung anv\u00e4ndning och varierande v\u00e4derf\u00f6rh\u00e5llanden. Det enkla f\u00e4stsystemet m\u00f6jligg\u00f6r snabb installation, vilket g\u00f6r det idealiskt f\u00f6r b\u00e5de nyb\u00f6rjare och erfarna anv\u00e4ndare. Justerbara delar s\u00e4kerst\u00e4ller att st\u00e4nksk\u00e4rmarna sitter s\u00e4kert p\u00e5 cykelramen och d\u00e4cken, vilket f\u00f6rb\u00e4ttrar k\u00f6rkomforten och skyddet och h\u00e5ller cykeln ren under kr\u00e4vande terr\u00e4ngf\u00f6rh\u00e5llanden.<\/p>","protected":false},"excerpt":{"rendered":"<p>SKS Fatboard -lokasuojasetti on erinomainen valinta fatbike-py\u00f6r\u00e4ilij\u00f6ille, jotka haluavat tehokasta suojaa lialta ja vesiroiskeilta. T\u00e4m\u00e4 tyylik\u00e4s musta setti, joka sis\u00e4lt\u00e4\u00e4 sek\u00e4 etu- ett\u00e4 takalokasuojan, on suunniteltu kest\u00e4m\u00e4\u00e4n kovaa k\u00e4ytt\u00f6\u00e4 ja vaihtelevia s\u00e4\u00e4olosuhteita. Helppo kiinnitysj\u00e4rjestelm\u00e4 mahdollistaa nopean asennuksen, mik\u00e4 tekee siit\u00e4 ihanteellisen niin aloittelijoille kuin kokeneillekin k\u00e4ytt\u00e4jille. S\u00e4\u00e4dett\u00e4v\u00e4t osat varmistavat, ett\u00e4 lokasuojat istuvat tukevasti py\u00f6r\u00e4n runkoon [&#8230;]<\/p>\n<p><a class=\"btn btn-secondary understrap-read-more-link\" href=\"https:\/\/vmsport.fi\/sv\/verkkokauppa\/tarvikkeet\/lokasuojat\/lokasuojasetit\/sks-fatboard-mudguard-set\/\">L\u00e4s mer \u2026<span class=\"screen-reader-text\"> from SKS Fatboard mudguard set<\/span><\/a><\/p>\n","protected":false},"featured_media":54593,"comment_status":"open","ping_status":"closed","template":"","meta":{"_acf_changed":false,"_improvement_type_select":"improve_an_existing","_thumb_yes_seoaic":false,"_frame_yes_seoaic":false,"seoaic_generate_description":"","seoaic_improve_instructions_prompt":"","seoaic_rollback_content_improvement":"","seoaic_idea_thumbnail_generator":"","thumbnail_generated":false,"thumbnail_generate_prompt":"","seoaic_article_description":"","_supplier_stock_quantity":0},"product_brand":[1583],"product_model":[],"product_cat":[9574],"product_tag":[],"industry-terminology":[],"class_list":{"0":"post-54595","1":"product","2":"type-product","3":"status-publish","4":"has-post-thumbnail","6":"product_brand-sks-germany","7":"product_cat-lokasuojasetit","9":"first","10":"instock","11":"taxable","12":"shipping-taxable","13":"purchasable","14":"product-type-simple"},"acf":{"bike_features":null,"overview":{"copy_overview":null,"key_features":null,"statement":"","youtube_url":""}},"yoast_head":"<!-- This site is optimized with the Yoast SEO plugin v27.3 - https:\/\/yoast.com\/product\/yoast-seo-wordpress\/ -->\n<title>SKS Fatboard mudguard set - VM Sport<\/title>\n<meta name=\"robots\" content=\"index, follow, max-snippet:-1, max-image-preview:large, max-video-preview:-1\" \/>\n<link rel=\"canonical\" href=\"https:\/\/vmsport.fi\/sv\/webbutik\/tillbehor\/stankskarmar\/stankskarmsuppsattningar\/sks-fatboard-stankskarmsuppsattning\/\" \/>\n<meta property=\"og:locale\" content=\"sv_SE\" \/>\n<meta property=\"og:type\" content=\"article\" \/>\n<meta property=\"og:title\" content=\"SKS Fatboard mudguard set - VM Sport\" \/>\n<meta property=\"og:description\" content=\"SKS Fatboard -lokasuojasetti on erinomainen valinta fatbike-py\u00f6r\u00e4ilij\u00f6ille, jotka haluavat tehokasta suojaa lialta ja vesiroiskeilta. T\u00e4m\u00e4 tyylik\u00e4s musta setti, joka sis\u00e4lt\u00e4\u00e4 sek\u00e4 etu- ett\u00e4 takalokasuojan, on suunniteltu kest\u00e4m\u00e4\u00e4n kovaa k\u00e4ytt\u00f6\u00e4 ja vaihtelevia s\u00e4\u00e4olosuhteita. Helppo kiinnitysj\u00e4rjestelm\u00e4 mahdollistaa nopean asennuksen, mik\u00e4 tekee siit\u00e4 ihanteellisen niin aloittelijoille kuin kokeneillekin k\u00e4ytt\u00e4jille. S\u00e4\u00e4dett\u00e4v\u00e4t osat varmistavat, ett\u00e4 lokasuojat istuvat tukevasti py\u00f6r\u00e4n runkoon [...]L\u00e4s mer \u2026 from SKS Fatboard mudguard set\" \/>\n<meta property=\"og:url\" content=\"https:\/\/vmsport.fi\/sv\/webbutik\/tillbehor\/stankskarmar\/stankskarmsuppsattningar\/sks-fatboard-stankskarmsuppsattning\/\" \/>\n<meta property=\"og:site_name\" content=\"VM Sport\" \/>\n<meta property=\"article:publisher\" content=\"https:\/\/www.facebook.com\/Vmsport.fi\/\" \/>\n<meta property=\"article:modified_time\" content=\"2026-03-27T00:00:24+00:00\" \/>\n<meta property=\"og:image\" content=\"https:\/\/vmsport.fi\/wp-content\/uploads\/2025\/03\/11363-1.jpg\" \/>\n\t<meta property=\"og:image:width\" content=\"500\" \/>\n\t<meta property=\"og:image:height\" content=\"500\" \/>\n\t<meta property=\"og:image:type\" content=\"image\/jpeg\" \/>\n<meta name=\"twitter:card\" content=\"summary_large_image\" \/>\n<script type=\"application\/ld+json\" class=\"yoast-schema-graph\">{\"@context\":\"https:\\\/\\\/schema.org\",\"@graph\":[{\"@type\":[\"WebPage\",\"ItemPage\"],\"@id\":\"https:\\\/\\\/vmsport.fi\\\/verkkokauppa\\\/tarvikkeet\\\/lokasuojat\\\/lokasuojasetit\\\/sks-fatboard-mudguard-set\\\/\",\"url\":\"https:\\\/\\\/vmsport.fi\\\/verkkokauppa\\\/tarvikkeet\\\/lokasuojat\\\/lokasuojasetit\\\/sks-fatboard-mudguard-set\\\/\",\"name\":\"SKS Fatboard mudguard set - VM Sport\",\"isPartOf\":{\"@id\":\"https:\\\/\\\/vmsport.fi\\\/#website\"},\"primaryImageOfPage\":{\"@id\":\"https:\\\/\\\/vmsport.fi\\\/verkkokauppa\\\/tarvikkeet\\\/lokasuojat\\\/lokasuojasetit\\\/sks-fatboard-mudguard-set\\\/#primaryimage\"},\"image\":{\"@id\":\"https:\\\/\\\/vmsport.fi\\\/verkkokauppa\\\/tarvikkeet\\\/lokasuojat\\\/lokasuojasetit\\\/sks-fatboard-mudguard-set\\\/#primaryimage\"},\"thumbnailUrl\":\"https:\\\/\\\/vmsport.fi\\\/wp-content\\\/uploads\\\/2025\\\/03\\\/11363-1.jpg\",\"datePublished\":\"2025-03-05T21:55:22+00:00\",\"dateModified\":\"2026-03-27T00:00:24+00:00\",\"breadcrumb\":{\"@id\":\"https:\\\/\\\/vmsport.fi\\\/verkkokauppa\\\/tarvikkeet\\\/lokasuojat\\\/lokasuojasetit\\\/sks-fatboard-mudguard-set\\\/#breadcrumb\"},\"inLanguage\":\"sv-SE\",\"potentialAction\":[{\"@type\":\"ReadAction\",\"target\":[\"https:\\\/\\\/vmsport.fi\\\/verkkokauppa\\\/tarvikkeet\\\/lokasuojat\\\/lokasuojasetit\\\/sks-fatboard-mudguard-set\\\/\"]}]},{\"@type\":\"ImageObject\",\"inLanguage\":\"sv-SE\",\"@id\":\"https:\\\/\\\/vmsport.fi\\\/verkkokauppa\\\/tarvikkeet\\\/lokasuojat\\\/lokasuojasetit\\\/sks-fatboard-mudguard-set\\\/#primaryimage\",\"url\":\"https:\\\/\\\/vmsport.fi\\\/wp-content\\\/uploads\\\/2025\\\/03\\\/11363-1.jpg\",\"contentUrl\":\"https:\\\/\\\/vmsport.fi\\\/wp-content\\\/uploads\\\/2025\\\/03\\\/11363-1.jpg\",\"width\":500,\"height\":500,\"caption\":\"11363\"},{\"@type\":\"BreadcrumbList\",\"@id\":\"https:\\\/\\\/vmsport.fi\\\/verkkokauppa\\\/tarvikkeet\\\/lokasuojat\\\/lokasuojasetit\\\/sks-fatboard-mudguard-set\\\/#breadcrumb\",\"itemListElement\":[{\"@type\":\"ListItem\",\"position\":1,\"name\":\"Etusivu\",\"item\":\"https:\\\/\\\/vmsport.fi\\\/\"},{\"@type\":\"ListItem\",\"position\":2,\"name\":\"Online Store\",\"item\":\"https:\\\/\\\/vmsport.fi\\\/en\\\/online-store\\\/\"},{\"@type\":\"ListItem\",\"position\":3,\"name\":\"SKS Fatboard mudguard set\"}]},{\"@type\":\"WebSite\",\"@id\":\"https:\\\/\\\/vmsport.fi\\\/#website\",\"url\":\"https:\\\/\\\/vmsport.fi\\\/\",\"name\":\"Vmsport\",\"description\":\"Kaikki py\u00f6r\u00e4ilyyn yhdest\u00e4 paikasta\",\"publisher\":{\"@id\":\"https:\\\/\\\/vmsport.fi\\\/#organization\"},\"potentialAction\":[{\"@type\":\"SearchAction\",\"target\":{\"@type\":\"EntryPoint\",\"urlTemplate\":\"https:\\\/\\\/vmsport.fi\\\/?s={search_term_string}\"},\"query-input\":{\"@type\":\"PropertyValueSpecification\",\"valueRequired\":true,\"valueName\":\"search_term_string\"}}],\"inLanguage\":\"sv-SE\"},{\"@type\":\"Organization\",\"@id\":\"https:\\\/\\\/vmsport.fi\\\/#organization\",\"name\":\"Vmsport\",\"url\":\"https:\\\/\\\/vmsport.fi\\\/\",\"logo\":{\"@type\":\"ImageObject\",\"inLanguage\":\"sv-SE\",\"@id\":\"https:\\\/\\\/vmsport.fi\\\/#\\\/schema\\\/logo\\\/image\\\/\",\"url\":\"https:\\\/\\\/vmsport.fi\\\/wp-content\\\/uploads\\\/2024\\\/12\\\/vm_sport_RGB_horisontal-e1734526017575.png\",\"contentUrl\":\"https:\\\/\\\/vmsport.fi\\\/wp-content\\\/uploads\\\/2024\\\/12\\\/vm_sport_RGB_horisontal-e1734526017575.png\",\"width\":668,\"height\":85,\"caption\":\"Vmsport\"},\"image\":{\"@id\":\"https:\\\/\\\/vmsport.fi\\\/#\\\/schema\\\/logo\\\/image\\\/\"},\"sameAs\":[\"https:\\\/\\\/www.facebook.com\\\/Vmsport.fi\\\/\",\"https:\\\/\\\/www.instagram.com\\\/vmsport\\\/\"]}]}<\/script>\n<!-- \/ Yoast SEO plugin. -->","yoast_head_json":{"title":"SKS Fatboard st\u00e4nksk\u00e4rmsupps\u00e4ttning - VM Sport","robots":{"index":"index","follow":"follow","max-snippet":"max-snippet:-1","max-image-preview":"max-image-preview:large","max-video-preview":"max-video-preview:-1"},"canonical":"https:\/\/vmsport.fi\/sv\/webbutik\/tillbehor\/stankskarmar\/stankskarmsuppsattningar\/sks-fatboard-stankskarmsuppsattning\/","og_locale":"sv_SE","og_type":"article","og_title":"SKS Fatboard mudguard set - VM Sport","og_description":"SKS Fatboard -lokasuojasetti on erinomainen valinta fatbike-py\u00f6r\u00e4ilij\u00f6ille, jotka haluavat tehokasta suojaa lialta ja vesiroiskeilta. T\u00e4m\u00e4 tyylik\u00e4s musta setti, joka sis\u00e4lt\u00e4\u00e4 sek\u00e4 etu- ett\u00e4 takalokasuojan, on suunniteltu kest\u00e4m\u00e4\u00e4n kovaa k\u00e4ytt\u00f6\u00e4 ja vaihtelevia s\u00e4\u00e4olosuhteita. Helppo kiinnitysj\u00e4rjestelm\u00e4 mahdollistaa nopean asennuksen, mik\u00e4 tekee siit\u00e4 ihanteellisen niin aloittelijoille kuin kokeneillekin k\u00e4ytt\u00e4jille. S\u00e4\u00e4dett\u00e4v\u00e4t osat varmistavat, ett\u00e4 lokasuojat istuvat tukevasti py\u00f6r\u00e4n runkoon [...]L\u00e4s mer \u2026 from SKS Fatboard mudguard set","og_url":"https:\/\/vmsport.fi\/sv\/webbutik\/tillbehor\/stankskarmar\/stankskarmsuppsattningar\/sks-fatboard-stankskarmsuppsattning\/","og_site_name":"VM Sport","article_publisher":"https:\/\/www.facebook.com\/Vmsport.fi\/","article_modified_time":"2026-03-27T00:00:24+00:00","og_image":[{"width":500,"height":500,"url":"https:\/\/vmsport.fi\/wp-content\/uploads\/2025\/03\/11363-1.jpg","type":"image\/jpeg"}],"twitter_card":"summary_large_image","schema":{"@context":"https:\/\/schema.org","@graph":[{"@type":["WebPage","ItemPage"],"@id":"https:\/\/vmsport.fi\/verkkokauppa\/tarvikkeet\/lokasuojat\/lokasuojasetit\/sks-fatboard-mudguard-set\/","url":"https:\/\/vmsport.fi\/verkkokauppa\/tarvikkeet\/lokasuojat\/lokasuojasetit\/sks-fatboard-mudguard-set\/","name":"SKS Fatboard st\u00e4nksk\u00e4rmsupps\u00e4ttning - VM Sport","isPartOf":{"@id":"https:\/\/vmsport.fi\/#website"},"primaryImageOfPage":{"@id":"https:\/\/vmsport.fi\/verkkokauppa\/tarvikkeet\/lokasuojat\/lokasuojasetit\/sks-fatboard-mudguard-set\/#primaryimage"},"image":{"@id":"https:\/\/vmsport.fi\/verkkokauppa\/tarvikkeet\/lokasuojat\/lokasuojasetit\/sks-fatboard-mudguard-set\/#primaryimage"},"thumbnailUrl":"https:\/\/vmsport.fi\/wp-content\/uploads\/2025\/03\/11363-1.jpg","datePublished":"2025-03-05T21:55:22+00:00","dateModified":"2026-03-27T00:00:24+00:00","breadcrumb":{"@id":"https:\/\/vmsport.fi\/verkkokauppa\/tarvikkeet\/lokasuojat\/lokasuojasetit\/sks-fatboard-mudguard-set\/#breadcrumb"},"inLanguage":"sv-SE","potentialAction":[{"@type":"ReadAction","target":["https:\/\/vmsport.fi\/verkkokauppa\/tarvikkeet\/lokasuojat\/lokasuojasetit\/sks-fatboard-mudguard-set\/"]}]},{"@type":"ImageObject","inLanguage":"sv-SE","@id":"https:\/\/vmsport.fi\/verkkokauppa\/tarvikkeet\/lokasuojat\/lokasuojasetit\/sks-fatboard-mudguard-set\/#primaryimage","url":"https:\/\/vmsport.fi\/wp-content\/uploads\/2025\/03\/11363-1.jpg","contentUrl":"https:\/\/vmsport.fi\/wp-content\/uploads\/2025\/03\/11363-1.jpg","width":500,"height":500,"caption":"11363"},{"@type":"BreadcrumbList","@id":"https:\/\/vmsport.fi\/verkkokauppa\/tarvikkeet\/lokasuojat\/lokasuojasetit\/sks-fatboard-mudguard-set\/#breadcrumb","itemListElement":[{"@type":"ListItem","position":1,"name":"Etusivu","item":"https:\/\/vmsport.fi\/"},{"@type":"ListItem","position":2,"name":"Online Store","item":"https:\/\/vmsport.fi\/en\/online-store\/"},{"@type":"ListItem","position":3,"name":"SKS Fatboard mudguard set"}]},{"@type":"WebSite","@id":"https:\/\/vmsport.fi\/#website","url":"https:\/\/vmsport.fi\/","name":"Vmsport","description":"Allt p\u00e5 ett st\u00e4lle f\u00f6r cykling","publisher":{"@id":"https:\/\/vmsport.fi\/#organization"},"potentialAction":[{"@type":"SearchAction","target":{"@type":"EntryPoint","urlTemplate":"https:\/\/vmsport.fi\/?s={search_term_string}"},"query-input":{"@type":"PropertyValueSpecification","valueRequired":true,"valueName":"search_term_string"}}],"inLanguage":"sv-SE"},{"@type":"Organization","@id":"https:\/\/vmsport.fi\/#organization","name":"Vmsport","url":"https:\/\/vmsport.fi\/","logo":{"@type":"ImageObject","inLanguage":"sv-SE","@id":"https:\/\/vmsport.fi\/#\/schema\/logo\/image\/","url":"https:\/\/vmsport.fi\/wp-content\/uploads\/2024\/12\/vm_sport_RGB_horisontal-e1734526017575.png","contentUrl":"https:\/\/vmsport.fi\/wp-content\/uploads\/2024\/12\/vm_sport_RGB_horisontal-e1734526017575.png","width":668,"height":85,"caption":"Vmsport"},"image":{"@id":"https:\/\/vmsport.fi\/#\/schema\/logo\/image\/"},"sameAs":["https:\/\/www.facebook.com\/Vmsport.fi\/","https:\/\/www.instagram.com\/vmsport\/"]}]}},"global_unique_id":"","_links":{"self":[{"href":"https:\/\/vmsport.fi\/sv\/wp-json\/wp\/v2\/product\/54595","targetHints":{"allow":["GET"]}}],"collection":[{"href":"https:\/\/vmsport.fi\/sv\/wp-json\/wp\/v2\/product"}],"about":[{"href":"https:\/\/vmsport.fi\/sv\/wp-json\/wp\/v2\/types\/product"}],"replies":[{"embeddable":true,"href":"https:\/\/vmsport.fi\/sv\/wp-json\/wp\/v2\/comments?post=54595"}],"wp:featuredmedia":[{"embeddable":true,"href":"https:\/\/vmsport.fi\/sv\/wp-json\/wp\/v2\/media\/54593"}],"wp:attachment":[{"href":"https:\/\/vmsport.fi\/sv\/wp-json\/wp\/v2\/media?parent=54595"}],"wp:term":[{"taxonomy":"product_brand","embeddable":true,"href":"https:\/\/vmsport.fi\/sv\/wp-json\/wp\/v2\/product_brand?post=54595"},{"taxonomy":"product_model","embeddable":true,"href":"https:\/\/vmsport.fi\/sv\/wp-json\/wp\/v2\/product_model?post=54595"},{"taxonomy":"product_cat","embeddable":true,"href":"https:\/\/vmsport.fi\/sv\/wp-json\/wp\/v2\/product_cat?post=54595"},{"taxonomy":"product_tag","embeddable":true,"href":"https:\/\/vmsport.fi\/sv\/wp-json\/wp\/v2\/product_tag?post=54595"},{"taxonomy":"industry_terminology","embeddable":true,"href":"https:\/\/vmsport.fi\/sv\/wp-json\/wp\/v2\/industry-terminology?post=54595"}],"curies":[{"name":"wp","href":"https:\/\/api.w.org\/{rel}","templated":true}]}}