{"id":54592,"date":"2025-03-05T23:55:21","date_gmt":"2025-03-05T21:55:21","guid":{"rendered":"https:\/\/vmsport.fi\/verkkokauppa\/Ei-luokiteltu\/fahrer-battery-cover-tube-black\/"},"modified":"2026-03-10T02:00:22","modified_gmt":"2026-03-10T00:00:22","slug":"drivdon-batterilucka-ror-svart","status":"publish","type":"product","link":"https:\/\/vmsport.fi\/sv\/verkkokauppa\/varaosat\/sahkopyorien-osat\/sahkopyora-tarvikkeet\/fahrer-battery-cover-tube-black\/","title":{"rendered":"FAHRER Batterilucka, r\u00f6r Svart"},"content":{"rendered":"<p>FAHRERs batterilock \u00e4r utformat f\u00f6r att f\u00f6rb\u00e4ttra h\u00e5llbarheten och prestandan hos integrerade batterier eller Intube-batterier. Det h\u00e4r snygga svarta skyddet \u00e4r s\u00e4rskilt anv\u00e4ndbart f\u00f6r elcyklister eftersom det skyddar batteriet fr\u00e5n fukt, kyla, st\u00f6tar och stenar. Detta bidrar till att f\u00f6rl\u00e4nga batteriets livsl\u00e4ngd och bibeh\u00e5lla dess prestanda \u00e4ven under tuffa v\u00e4derf\u00f6rh\u00e5llanden.<\/p>\n<p>Det 3 mm laminerade neoprenmaterialet som anv\u00e4nds f\u00f6r skyddet ger flexibilitet och h\u00e5llbarhet, och det stretchiga tyget anpassar sig smidigt till formen p\u00e5 batteriet i underr\u00f6ret. F\u00e4stet \u00e4r enkelt och s\u00e4kert tack vare ett robust kardborreband som h\u00e5ller skyddet stadigt p\u00e5 plats under k\u00f6rning.<\/p>\n<p>Skyddet \u00e4r kompatibelt med olika storlekar p\u00e5 underr\u00f6ret och passar de flesta elcyklar med integrerade rambatterier, t.ex. Bosch Powertube-serien. Skyddet bidrar till att bibeh\u00e5lla batteriets optimala driftstemperatur och ger ett omfattande skydd mot v\u00e4derf\u00f6rh\u00e5llanden, vilket \u00e4r s\u00e4rskilt viktigt f\u00f6r att bibeh\u00e5lla batteriets kapacitet under kalla f\u00f6rh\u00e5llanden. Detta g\u00f6r skyddet till ett utm\u00e4rkt k\u00f6p f\u00f6r elcyklister som vill f\u00f6rb\u00e4ttra batteriets livsl\u00e4ngd och kvaliteten p\u00e5 k\u00f6rupplevelsen.<\/p>","protected":false},"excerpt":{"rendered":"<p>FAHRER-akkusuojus on suunniteltu parantamaan integroitujen runkoakkujen tai Intube-akkujen kest\u00e4vyytt\u00e4 ja suorituskyky\u00e4. T\u00e4m\u00e4 tyylik\u00e4s musta suojus on erityisen hy\u00f6dyllinen s\u00e4hk\u00f6py\u00f6r\u00e4ilij\u00f6ille, sill\u00e4 se suojaa akkua kosteudelta, kylmyydelt\u00e4, iskuilta ja kivilt\u00e4. T\u00e4m\u00e4 auttaa pident\u00e4m\u00e4\u00e4n akun k\u00e4ytt\u00f6ik\u00e4\u00e4 ja s\u00e4ilytt\u00e4m\u00e4\u00e4n sen tehokkuuden my\u00f6s vaikeissa s\u00e4\u00e4olosuhteissa. Suojuksen materiaalina k\u00e4ytetty 3 mm laminoitu neopreeni tarjoaa joustavuutta ja kest\u00e4vyytt\u00e4, ja sen venyv\u00e4 kangas [&#8230;]<\/p>\n<p><a class=\"btn btn-secondary understrap-read-more-link\" href=\"https:\/\/vmsport.fi\/sv\/verkkokauppa\/varaosat\/sahkopyorien-osat\/sahkopyora-tarvikkeet\/fahrer-battery-cover-tube-black\/\">L\u00e4s mer \u2026<span class=\"screen-reader-text\"> from FAHRER Battery Cover, tube Black<\/span><\/a><\/p>\n","protected":false},"featured_media":54591,"comment_status":"open","ping_status":"closed","template":"","meta":{"_acf_changed":false,"_improvement_type_select":"improve_an_existing","_thumb_yes_seoaic":false,"_frame_yes_seoaic":false,"seoaic_generate_description":"","seoaic_improve_instructions_prompt":"","seoaic_rollback_content_improvement":"","seoaic_idea_thumbnail_generator":"","thumbnail_generated":false,"thumbnail_generate_prompt":"","seoaic_article_description":"","_supplier_stock_quantity":0},"product_brand":[],"product_model":[],"product_cat":[9468],"product_tag":[],"industry-terminology":[],"class_list":{"0":"post-54592","1":"product","2":"type-product","3":"status-publish","4":"has-post-thumbnail","6":"product_cat-sahkopyora-tarvikkeet","8":"first","9":"instock","10":"taxable","11":"shipping-taxable","12":"purchasable","13":"product-type-simple"},"acf":{"bike_features":null,"overview":{"copy_overview":null,"key_features":null,"statement":"","youtube_url":""}},"yoast_head":"<!-- This site is optimized with the Yoast SEO plugin v27.3 - https:\/\/yoast.com\/product\/yoast-seo-wordpress\/ -->\n<title>FAHRER Battery Cover, tube Black - VM Sport<\/title>\n<meta name=\"robots\" content=\"index, follow, max-snippet:-1, max-image-preview:large, max-video-preview:-1\" \/>\n<link rel=\"canonical\" href=\"https:\/\/vmsport.fi\/sv\/webbutik\/reservdelar\/delar-av-sagbockar\/tillbehor-till-sagbock\/drivdon-batterilucka-ror-svart\/\" \/>\n<meta property=\"og:locale\" content=\"sv_SE\" \/>\n<meta property=\"og:type\" content=\"article\" \/>\n<meta property=\"og:title\" content=\"FAHRER Battery Cover, tube Black - VM Sport\" \/>\n<meta property=\"og:description\" content=\"FAHRER-akkusuojus on suunniteltu parantamaan integroitujen runkoakkujen tai Intube-akkujen kest\u00e4vyytt\u00e4 ja suorituskyky\u00e4. T\u00e4m\u00e4 tyylik\u00e4s musta suojus on erityisen hy\u00f6dyllinen s\u00e4hk\u00f6py\u00f6r\u00e4ilij\u00f6ille, sill\u00e4 se suojaa akkua kosteudelta, kylmyydelt\u00e4, iskuilta ja kivilt\u00e4. T\u00e4m\u00e4 auttaa pident\u00e4m\u00e4\u00e4n akun k\u00e4ytt\u00f6ik\u00e4\u00e4 ja s\u00e4ilytt\u00e4m\u00e4\u00e4n sen tehokkuuden my\u00f6s vaikeissa s\u00e4\u00e4olosuhteissa. Suojuksen materiaalina k\u00e4ytetty 3 mm laminoitu neopreeni tarjoaa joustavuutta ja kest\u00e4vyytt\u00e4, ja sen venyv\u00e4 kangas [...]L\u00e4s mer \u2026 from FAHRER Battery Cover, tube Black\" \/>\n<meta property=\"og:url\" content=\"https:\/\/vmsport.fi\/sv\/webbutik\/reservdelar\/delar-av-sagbockar\/tillbehor-till-sagbock\/drivdon-batterilucka-ror-svart\/\" \/>\n<meta property=\"og:site_name\" content=\"VM Sport\" \/>\n<meta property=\"article:publisher\" content=\"https:\/\/www.facebook.com\/Vmsport.fi\/\" \/>\n<meta property=\"article:modified_time\" content=\"2026-03-10T00:00:22+00:00\" \/>\n<meta property=\"og:image\" content=\"https:\/\/vmsport.fi\/wp-content\/uploads\/2025\/03\/jdwPuAhT4KzvQC96kQhm3lrvCXdvWiossTe08fWcOv2IIIc89k-1.jpg\" \/>\n\t<meta property=\"og:image:width\" content=\"800\" \/>\n\t<meta property=\"og:image:height\" content=\"800\" \/>\n\t<meta property=\"og:image:type\" content=\"image\/jpeg\" \/>\n<meta name=\"twitter:card\" content=\"summary_large_image\" \/>\n<meta name=\"twitter:label1\" content=\"Ber\u00e4knad l\u00e4stid\" \/>\n\t<meta name=\"twitter:data1\" content=\"1 minut\" \/>\n<script type=\"application\/ld+json\" class=\"yoast-schema-graph\">{\"@context\":\"https:\\\/\\\/schema.org\",\"@graph\":[{\"@type\":[\"WebPage\",\"ItemPage\"],\"@id\":\"https:\\\/\\\/vmsport.fi\\\/verkkokauppa\\\/varaosat\\\/sahkopyorien-osat\\\/sahkopyora-tarvikkeet\\\/fahrer-battery-cover-tube-black\\\/\",\"url\":\"https:\\\/\\\/vmsport.fi\\\/verkkokauppa\\\/varaosat\\\/sahkopyorien-osat\\\/sahkopyora-tarvikkeet\\\/fahrer-battery-cover-tube-black\\\/\",\"name\":\"FAHRER Battery Cover, tube Black - VM Sport\",\"isPartOf\":{\"@id\":\"https:\\\/\\\/vmsport.fi\\\/#website\"},\"primaryImageOfPage\":{\"@id\":\"https:\\\/\\\/vmsport.fi\\\/verkkokauppa\\\/varaosat\\\/sahkopyorien-osat\\\/sahkopyora-tarvikkeet\\\/fahrer-battery-cover-tube-black\\\/#primaryimage\"},\"image\":{\"@id\":\"https:\\\/\\\/vmsport.fi\\\/verkkokauppa\\\/varaosat\\\/sahkopyorien-osat\\\/sahkopyora-tarvikkeet\\\/fahrer-battery-cover-tube-black\\\/#primaryimage\"},\"thumbnailUrl\":\"https:\\\/\\\/vmsport.fi\\\/wp-content\\\/uploads\\\/2025\\\/03\\\/jdwPuAhT4KzvQC96kQhm3lrvCXdvWiossTe08fWcOv2IIIc89k-1.jpg\",\"datePublished\":\"2025-03-05T21:55:21+00:00\",\"dateModified\":\"2026-03-10T00:00:22+00:00\",\"breadcrumb\":{\"@id\":\"https:\\\/\\\/vmsport.fi\\\/verkkokauppa\\\/varaosat\\\/sahkopyorien-osat\\\/sahkopyora-tarvikkeet\\\/fahrer-battery-cover-tube-black\\\/#breadcrumb\"},\"inLanguage\":\"sv-SE\",\"potentialAction\":[{\"@type\":\"ReadAction\",\"target\":[\"https:\\\/\\\/vmsport.fi\\\/verkkokauppa\\\/varaosat\\\/sahkopyorien-osat\\\/sahkopyora-tarvikkeet\\\/fahrer-battery-cover-tube-black\\\/\"]}]},{\"@type\":\"ImageObject\",\"inLanguage\":\"sv-SE\",\"@id\":\"https:\\\/\\\/vmsport.fi\\\/verkkokauppa\\\/varaosat\\\/sahkopyorien-osat\\\/sahkopyora-tarvikkeet\\\/fahrer-battery-cover-tube-black\\\/#primaryimage\",\"url\":\"https:\\\/\\\/vmsport.fi\\\/wp-content\\\/uploads\\\/2025\\\/03\\\/jdwPuAhT4KzvQC96kQhm3lrvCXdvWiossTe08fWcOv2IIIc89k-1.jpg\",\"contentUrl\":\"https:\\\/\\\/vmsport.fi\\\/wp-content\\\/uploads\\\/2025\\\/03\\\/jdwPuAhT4KzvQC96kQhm3lrvCXdvWiossTe08fWcOv2IIIc89k-1.jpg\",\"width\":800,\"height\":800,\"caption\":\"jdwPuAhT4KzvQC96kQhm3lrvCXdvWiossTe08fWcOv2IIIc89k\"},{\"@type\":\"BreadcrumbList\",\"@id\":\"https:\\\/\\\/vmsport.fi\\\/verkkokauppa\\\/varaosat\\\/sahkopyorien-osat\\\/sahkopyora-tarvikkeet\\\/fahrer-battery-cover-tube-black\\\/#breadcrumb\",\"itemListElement\":[{\"@type\":\"ListItem\",\"position\":1,\"name\":\"Etusivu\",\"item\":\"https:\\\/\\\/vmsport.fi\\\/\"},{\"@type\":\"ListItem\",\"position\":2,\"name\":\"Online Store\",\"item\":\"https:\\\/\\\/vmsport.fi\\\/en\\\/online-store\\\/\"},{\"@type\":\"ListItem\",\"position\":3,\"name\":\"FAHRER Battery Cover, tube Black\"}]},{\"@type\":\"WebSite\",\"@id\":\"https:\\\/\\\/vmsport.fi\\\/#website\",\"url\":\"https:\\\/\\\/vmsport.fi\\\/\",\"name\":\"Vmsport\",\"description\":\"Kaikki py\u00f6r\u00e4ilyyn yhdest\u00e4 paikasta\",\"publisher\":{\"@id\":\"https:\\\/\\\/vmsport.fi\\\/#organization\"},\"potentialAction\":[{\"@type\":\"SearchAction\",\"target\":{\"@type\":\"EntryPoint\",\"urlTemplate\":\"https:\\\/\\\/vmsport.fi\\\/?s={search_term_string}\"},\"query-input\":{\"@type\":\"PropertyValueSpecification\",\"valueRequired\":true,\"valueName\":\"search_term_string\"}}],\"inLanguage\":\"sv-SE\"},{\"@type\":\"Organization\",\"@id\":\"https:\\\/\\\/vmsport.fi\\\/#organization\",\"name\":\"Vmsport\",\"url\":\"https:\\\/\\\/vmsport.fi\\\/\",\"logo\":{\"@type\":\"ImageObject\",\"inLanguage\":\"sv-SE\",\"@id\":\"https:\\\/\\\/vmsport.fi\\\/#\\\/schema\\\/logo\\\/image\\\/\",\"url\":\"https:\\\/\\\/vmsport.fi\\\/wp-content\\\/uploads\\\/2024\\\/12\\\/vm_sport_RGB_horisontal-e1734526017575.png\",\"contentUrl\":\"https:\\\/\\\/vmsport.fi\\\/wp-content\\\/uploads\\\/2024\\\/12\\\/vm_sport_RGB_horisontal-e1734526017575.png\",\"width\":668,\"height\":85,\"caption\":\"Vmsport\"},\"image\":{\"@id\":\"https:\\\/\\\/vmsport.fi\\\/#\\\/schema\\\/logo\\\/image\\\/\"},\"sameAs\":[\"https:\\\/\\\/www.facebook.com\\\/Vmsport.fi\\\/\",\"https:\\\/\\\/www.instagram.com\\\/vmsport\\\/\"]}]}<\/script>\n<!-- \/ Yoast SEO plugin. -->","yoast_head_json":{"title":"FAHRER Batterilucka, r\u00f6r svart - VM Sport","robots":{"index":"index","follow":"follow","max-snippet":"max-snippet:-1","max-image-preview":"max-image-preview:large","max-video-preview":"max-video-preview:-1"},"canonical":"https:\/\/vmsport.fi\/sv\/webbutik\/reservdelar\/delar-av-sagbockar\/tillbehor-till-sagbock\/drivdon-batterilucka-ror-svart\/","og_locale":"sv_SE","og_type":"article","og_title":"FAHRER Battery Cover, tube Black - VM Sport","og_description":"FAHRER-akkusuojus on suunniteltu parantamaan integroitujen runkoakkujen tai Intube-akkujen kest\u00e4vyytt\u00e4 ja suorituskyky\u00e4. T\u00e4m\u00e4 tyylik\u00e4s musta suojus on erityisen hy\u00f6dyllinen s\u00e4hk\u00f6py\u00f6r\u00e4ilij\u00f6ille, sill\u00e4 se suojaa akkua kosteudelta, kylmyydelt\u00e4, iskuilta ja kivilt\u00e4. T\u00e4m\u00e4 auttaa pident\u00e4m\u00e4\u00e4n akun k\u00e4ytt\u00f6ik\u00e4\u00e4 ja s\u00e4ilytt\u00e4m\u00e4\u00e4n sen tehokkuuden my\u00f6s vaikeissa s\u00e4\u00e4olosuhteissa. Suojuksen materiaalina k\u00e4ytetty 3 mm laminoitu neopreeni tarjoaa joustavuutta ja kest\u00e4vyytt\u00e4, ja sen venyv\u00e4 kangas [...]L\u00e4s mer \u2026 from FAHRER Battery Cover, tube Black","og_url":"https:\/\/vmsport.fi\/sv\/webbutik\/reservdelar\/delar-av-sagbockar\/tillbehor-till-sagbock\/drivdon-batterilucka-ror-svart\/","og_site_name":"VM Sport","article_publisher":"https:\/\/www.facebook.com\/Vmsport.fi\/","article_modified_time":"2026-03-10T00:00:22+00:00","og_image":[{"width":800,"height":800,"url":"https:\/\/vmsport.fi\/wp-content\/uploads\/2025\/03\/jdwPuAhT4KzvQC96kQhm3lrvCXdvWiossTe08fWcOv2IIIc89k-1.jpg","type":"image\/jpeg"}],"twitter_card":"summary_large_image","twitter_misc":{"Ber\u00e4knad l\u00e4stid":"1 minut"},"schema":{"@context":"https:\/\/schema.org","@graph":[{"@type":["WebPage","ItemPage"],"@id":"https:\/\/vmsport.fi\/verkkokauppa\/varaosat\/sahkopyorien-osat\/sahkopyora-tarvikkeet\/fahrer-battery-cover-tube-black\/","url":"https:\/\/vmsport.fi\/verkkokauppa\/varaosat\/sahkopyorien-osat\/sahkopyora-tarvikkeet\/fahrer-battery-cover-tube-black\/","name":"FAHRER Batterilucka, r\u00f6r svart - VM Sport","isPartOf":{"@id":"https:\/\/vmsport.fi\/#website"},"primaryImageOfPage":{"@id":"https:\/\/vmsport.fi\/verkkokauppa\/varaosat\/sahkopyorien-osat\/sahkopyora-tarvikkeet\/fahrer-battery-cover-tube-black\/#primaryimage"},"image":{"@id":"https:\/\/vmsport.fi\/verkkokauppa\/varaosat\/sahkopyorien-osat\/sahkopyora-tarvikkeet\/fahrer-battery-cover-tube-black\/#primaryimage"},"thumbnailUrl":"https:\/\/vmsport.fi\/wp-content\/uploads\/2025\/03\/jdwPuAhT4KzvQC96kQhm3lrvCXdvWiossTe08fWcOv2IIIc89k-1.jpg","datePublished":"2025-03-05T21:55:21+00:00","dateModified":"2026-03-10T00:00:22+00:00","breadcrumb":{"@id":"https:\/\/vmsport.fi\/verkkokauppa\/varaosat\/sahkopyorien-osat\/sahkopyora-tarvikkeet\/fahrer-battery-cover-tube-black\/#breadcrumb"},"inLanguage":"sv-SE","potentialAction":[{"@type":"ReadAction","target":["https:\/\/vmsport.fi\/verkkokauppa\/varaosat\/sahkopyorien-osat\/sahkopyora-tarvikkeet\/fahrer-battery-cover-tube-black\/"]}]},{"@type":"ImageObject","inLanguage":"sv-SE","@id":"https:\/\/vmsport.fi\/verkkokauppa\/varaosat\/sahkopyorien-osat\/sahkopyora-tarvikkeet\/fahrer-battery-cover-tube-black\/#primaryimage","url":"https:\/\/vmsport.fi\/wp-content\/uploads\/2025\/03\/jdwPuAhT4KzvQC96kQhm3lrvCXdvWiossTe08fWcOv2IIIc89k-1.jpg","contentUrl":"https:\/\/vmsport.fi\/wp-content\/uploads\/2025\/03\/jdwPuAhT4KzvQC96kQhm3lrvCXdvWiossTe08fWcOv2IIIc89k-1.jpg","width":800,"height":800,"caption":"jdwPuAhT4KzvQC96kQhm3lrvCXdvWiossTe08fWcOv2IIIc89k"},{"@type":"BreadcrumbList","@id":"https:\/\/vmsport.fi\/verkkokauppa\/varaosat\/sahkopyorien-osat\/sahkopyora-tarvikkeet\/fahrer-battery-cover-tube-black\/#breadcrumb","itemListElement":[{"@type":"ListItem","position":1,"name":"Etusivu","item":"https:\/\/vmsport.fi\/"},{"@type":"ListItem","position":2,"name":"Online Store","item":"https:\/\/vmsport.fi\/en\/online-store\/"},{"@type":"ListItem","position":3,"name":"FAHRER Battery Cover, tube Black"}]},{"@type":"WebSite","@id":"https:\/\/vmsport.fi\/#website","url":"https:\/\/vmsport.fi\/","name":"Vmsport","description":"Allt p\u00e5 ett st\u00e4lle f\u00f6r cykling","publisher":{"@id":"https:\/\/vmsport.fi\/#organization"},"potentialAction":[{"@type":"SearchAction","target":{"@type":"EntryPoint","urlTemplate":"https:\/\/vmsport.fi\/?s={search_term_string}"},"query-input":{"@type":"PropertyValueSpecification","valueRequired":true,"valueName":"search_term_string"}}],"inLanguage":"sv-SE"},{"@type":"Organization","@id":"https:\/\/vmsport.fi\/#organization","name":"Vmsport","url":"https:\/\/vmsport.fi\/","logo":{"@type":"ImageObject","inLanguage":"sv-SE","@id":"https:\/\/vmsport.fi\/#\/schema\/logo\/image\/","url":"https:\/\/vmsport.fi\/wp-content\/uploads\/2024\/12\/vm_sport_RGB_horisontal-e1734526017575.png","contentUrl":"https:\/\/vmsport.fi\/wp-content\/uploads\/2024\/12\/vm_sport_RGB_horisontal-e1734526017575.png","width":668,"height":85,"caption":"Vmsport"},"image":{"@id":"https:\/\/vmsport.fi\/#\/schema\/logo\/image\/"},"sameAs":["https:\/\/www.facebook.com\/Vmsport.fi\/","https:\/\/www.instagram.com\/vmsport\/"]}]}},"global_unique_id":"","_links":{"self":[{"href":"https:\/\/vmsport.fi\/sv\/wp-json\/wp\/v2\/product\/54592","targetHints":{"allow":["GET"]}}],"collection":[{"href":"https:\/\/vmsport.fi\/sv\/wp-json\/wp\/v2\/product"}],"about":[{"href":"https:\/\/vmsport.fi\/sv\/wp-json\/wp\/v2\/types\/product"}],"replies":[{"embeddable":true,"href":"https:\/\/vmsport.fi\/sv\/wp-json\/wp\/v2\/comments?post=54592"}],"wp:featuredmedia":[{"embeddable":true,"href":"https:\/\/vmsport.fi\/sv\/wp-json\/wp\/v2\/media\/54591"}],"wp:attachment":[{"href":"https:\/\/vmsport.fi\/sv\/wp-json\/wp\/v2\/media?parent=54592"}],"wp:term":[{"taxonomy":"product_brand","embeddable":true,"href":"https:\/\/vmsport.fi\/sv\/wp-json\/wp\/v2\/product_brand?post=54592"},{"taxonomy":"product_model","embeddable":true,"href":"https:\/\/vmsport.fi\/sv\/wp-json\/wp\/v2\/product_model?post=54592"},{"taxonomy":"product_cat","embeddable":true,"href":"https:\/\/vmsport.fi\/sv\/wp-json\/wp\/v2\/product_cat?post=54592"},{"taxonomy":"product_tag","embeddable":true,"href":"https:\/\/vmsport.fi\/sv\/wp-json\/wp\/v2\/product_tag?post=54592"},{"taxonomy":"industry_terminology","embeddable":true,"href":"https:\/\/vmsport.fi\/sv\/wp-json\/wp\/v2\/industry-terminology?post=54592"}],"curies":[{"name":"wp","href":"https:\/\/api.w.org\/{rel}","templated":true}]}}