{"id":54590,"date":"2025-03-05T23:55:19","date_gmt":"2025-03-05T21:55:19","guid":{"rendered":"https:\/\/vmsport.fi\/verkkokauppa\/Ei-luokiteltu\/keskiolaakeri-deore-sm-bb52\/"},"modified":"2026-04-22T15:02:00","modified_gmt":"2026-04-22T12:02:00","slug":"centrumlager-deore-sm-bb52","status":"publish","type":"product","link":"https:\/\/vmsport.fi\/sv\/verkkokauppa\/varaosat\/voimansiirto\/keskiolaakerit\/keskiolaakeri-deore-sm-bb52\/","title":{"rendered":"Vevlager Deore SM-BB52"},"content":{"rendered":"<p>Deore SM-BB52 centrumlager har utvecklats speciellt f\u00f6r mountainbike, passar 83 mm centrumbussningar och har engelsk g\u00e4ngning. Det h\u00e4r centrumlagret \u00e4r kompatibelt med vevpartier med 24 mm vevaxel. Komponenten s\u00e4kerst\u00e4ller en effektiv transmission och ger p\u00e5litlig prestanda f\u00f6r mountainbikecyklister. H\u00e5llbarheten \u00e4r f\u00f6rstklassig och klarar kr\u00e4vande terr\u00e4ngf\u00f6rh\u00e5llanden och t\u00e4tade lager f\u00f6r f\u00f6rb\u00e4ttrad livsl\u00e4ngd. Centrallagrets konstruktion \u00e4r optimerad specifikt f\u00f6r offroad-krav.<\/p>","protected":false},"excerpt":{"rendered":"<p>Deore SM-BB52 -keski\u00f6laakeri on erityisesti kehitetty maastopy\u00f6r\u00e4ilyyn, sill\u00e4 se sopii 83 mm:n keski\u00f6muhviin ja k\u00e4ytt\u00e4\u00e4 englantilaista kierteist\u00f6\u00e4. T\u00e4m\u00e4 keski\u00f6laakeri on yhteensopiva 24 mm:n akselikammet sis\u00e4lt\u00e4vien kampisarjojen kanssa. Komponentti varmistaa tehokkaan voimansiirron, mik\u00e4 tarjoaa maastopy\u00f6r\u00e4ilij\u00f6ille luotettavaa suorituskyky\u00e4. Kest\u00e4vyys on ensiluokkaista, sill\u00e4 se kest\u00e4\u00e4 vaativat maasto-olosuhteet ja sen tiivistetyt laakerit parantavat k\u00e4ytt\u00f6ik\u00e4\u00e4. Keski\u00f6laakerin suunnittelu on optimoitu erityisesti [&#8230;]<\/p>\n<p><a class=\"btn btn-secondary understrap-read-more-link\" href=\"https:\/\/vmsport.fi\/sv\/verkkokauppa\/varaosat\/voimansiirto\/keskiolaakerit\/keskiolaakeri-deore-sm-bb52\/\">L\u00e4s mer \u2026<span class=\"screen-reader-text\"> from Keski\u00f6laakeri Deore SM-BB52<\/span><\/a><\/p>\n","protected":false},"featured_media":54588,"comment_status":"open","ping_status":"closed","template":"","meta":{"_acf_changed":false,"_improvement_type_select":"improve_an_existing","_thumb_yes_seoaic":false,"_frame_yes_seoaic":false,"seoaic_generate_description":"","seoaic_improve_instructions_prompt":"","seoaic_rollback_content_improvement":"","seoaic_idea_thumbnail_generator":"","thumbnail_generated":false,"thumbnail_generate_prompt":"","seoaic_article_description":"","_supplier_stock_quantity":0},"product_brand":[],"product_model":[],"product_cat":[9350],"product_tag":[],"industry-terminology":[],"class_list":{"0":"post-54590","1":"product","2":"type-product","3":"status-publish","4":"has-post-thumbnail","6":"product_cat-keskiolaakerit","8":"first","9":"outofstock","10":"taxable","11":"shipping-taxable","12":"product-type-simple"},"acf":{"bike_features":null,"overview":{"copy_overview":null,"key_features":null,"statement":"","youtube_url":""}},"yoast_head":"<!-- This site is optimized with the Yoast SEO plugin v27.4 - https:\/\/yoast.com\/product\/yoast-seo-wordpress\/ -->\n<title>Keski\u00f6laakeri Deore SM-BB52 - VM Sport<\/title>\n<meta name=\"robots\" content=\"index, follow, max-snippet:-1, max-image-preview:large, max-video-preview:-1\" \/>\n<link rel=\"canonical\" href=\"https:\/\/vmsport.fi\/sv\/webbutik\/reservdelar\/transmission\/mittlager\/centrumlager-deore-sm-bb52\/\" \/>\n<meta property=\"og:locale\" content=\"sv_SE\" \/>\n<meta property=\"og:type\" content=\"article\" \/>\n<meta property=\"og:title\" content=\"Keski\u00f6laakeri Deore SM-BB52 - VM Sport\" \/>\n<meta property=\"og:description\" content=\"Deore SM-BB52 -keski\u00f6laakeri on erityisesti kehitetty maastopy\u00f6r\u00e4ilyyn, sill\u00e4 se sopii 83 mm:n keski\u00f6muhviin ja k\u00e4ytt\u00e4\u00e4 englantilaista kierteist\u00f6\u00e4. T\u00e4m\u00e4 keski\u00f6laakeri on yhteensopiva 24 mm:n akselikammet sis\u00e4lt\u00e4vien kampisarjojen kanssa. Komponentti varmistaa tehokkaan voimansiirron, mik\u00e4 tarjoaa maastopy\u00f6r\u00e4ilij\u00f6ille luotettavaa suorituskyky\u00e4. Kest\u00e4vyys on ensiluokkaista, sill\u00e4 se kest\u00e4\u00e4 vaativat maasto-olosuhteet ja sen tiivistetyt laakerit parantavat k\u00e4ytt\u00f6ik\u00e4\u00e4. Keski\u00f6laakerin suunnittelu on optimoitu erityisesti [...]L\u00e4s mer \u2026 from Keski\u00f6laakeri Deore SM-BB52\" \/>\n<meta property=\"og:url\" content=\"https:\/\/vmsport.fi\/sv\/webbutik\/reservdelar\/transmission\/mittlager\/centrumlager-deore-sm-bb52\/\" \/>\n<meta property=\"og:site_name\" content=\"VM Sport\" \/>\n<meta property=\"article:publisher\" content=\"https:\/\/www.facebook.com\/Vmsport.fi\/\" \/>\n<meta property=\"article:modified_time\" content=\"2026-04-22T12:02:00+00:00\" \/>\n<meta property=\"og:image\" content=\"https:\/\/vmsport.fi\/wp-content\/uploads\/2025\/03\/20210824-E-SMBB52B-1.jpg\" \/>\n\t<meta property=\"og:image:width\" content=\"600\" \/>\n\t<meta property=\"og:image:height\" content=\"600\" \/>\n\t<meta property=\"og:image:type\" content=\"image\/jpeg\" \/>\n<meta name=\"twitter:card\" content=\"summary_large_image\" \/>\n<script type=\"application\/ld+json\" class=\"yoast-schema-graph\">{\"@context\":\"https:\\\/\\\/schema.org\",\"@graph\":[{\"@type\":[\"WebPage\",\"ItemPage\"],\"@id\":\"https:\\\/\\\/vmsport.fi\\\/verkkokauppa\\\/varaosat\\\/voimansiirto\\\/keskiolaakerit\\\/keskiolaakeri-deore-sm-bb52\\\/\",\"url\":\"https:\\\/\\\/vmsport.fi\\\/verkkokauppa\\\/varaosat\\\/voimansiirto\\\/keskiolaakerit\\\/keskiolaakeri-deore-sm-bb52\\\/\",\"name\":\"Keski\u00f6laakeri Deore SM-BB52 - VM Sport\",\"isPartOf\":{\"@id\":\"https:\\\/\\\/vmsport.fi\\\/#website\"},\"primaryImageOfPage\":{\"@id\":\"https:\\\/\\\/vmsport.fi\\\/verkkokauppa\\\/varaosat\\\/voimansiirto\\\/keskiolaakerit\\\/keskiolaakeri-deore-sm-bb52\\\/#primaryimage\"},\"image\":{\"@id\":\"https:\\\/\\\/vmsport.fi\\\/verkkokauppa\\\/varaosat\\\/voimansiirto\\\/keskiolaakerit\\\/keskiolaakeri-deore-sm-bb52\\\/#primaryimage\"},\"thumbnailUrl\":\"https:\\\/\\\/vmsport.fi\\\/wp-content\\\/uploads\\\/2025\\\/03\\\/20210824-E-SMBB52B-1.jpg\",\"datePublished\":\"2025-03-05T21:55:19+00:00\",\"dateModified\":\"2026-04-22T12:02:00+00:00\",\"breadcrumb\":{\"@id\":\"https:\\\/\\\/vmsport.fi\\\/verkkokauppa\\\/varaosat\\\/voimansiirto\\\/keskiolaakerit\\\/keskiolaakeri-deore-sm-bb52\\\/#breadcrumb\"},\"inLanguage\":\"sv-SE\",\"potentialAction\":[{\"@type\":\"ReadAction\",\"target\":[\"https:\\\/\\\/vmsport.fi\\\/verkkokauppa\\\/varaosat\\\/voimansiirto\\\/keskiolaakerit\\\/keskiolaakeri-deore-sm-bb52\\\/\"]}]},{\"@type\":\"ImageObject\",\"inLanguage\":\"sv-SE\",\"@id\":\"https:\\\/\\\/vmsport.fi\\\/verkkokauppa\\\/varaosat\\\/voimansiirto\\\/keskiolaakerit\\\/keskiolaakeri-deore-sm-bb52\\\/#primaryimage\",\"url\":\"https:\\\/\\\/vmsport.fi\\\/wp-content\\\/uploads\\\/2025\\\/03\\\/20210824-E-SMBB52B-1.jpg\",\"contentUrl\":\"https:\\\/\\\/vmsport.fi\\\/wp-content\\\/uploads\\\/2025\\\/03\\\/20210824-E-SMBB52B-1.jpg\",\"width\":600,\"height\":600,\"caption\":\"20210824-E-SMBB52B\"},{\"@type\":\"BreadcrumbList\",\"@id\":\"https:\\\/\\\/vmsport.fi\\\/verkkokauppa\\\/varaosat\\\/voimansiirto\\\/keskiolaakerit\\\/keskiolaakeri-deore-sm-bb52\\\/#breadcrumb\",\"itemListElement\":[{\"@type\":\"ListItem\",\"position\":1,\"name\":\"Etusivu\",\"item\":\"https:\\\/\\\/vmsport.fi\\\/\"},{\"@type\":\"ListItem\",\"position\":2,\"name\":\"Online Store\",\"item\":\"https:\\\/\\\/vmsport.fi\\\/en\\\/online-store\\\/\"},{\"@type\":\"ListItem\",\"position\":3,\"name\":\"Keski\u00f6laakeri Deore SM-BB52\"}]},{\"@type\":\"WebSite\",\"@id\":\"https:\\\/\\\/vmsport.fi\\\/#website\",\"url\":\"https:\\\/\\\/vmsport.fi\\\/\",\"name\":\"Vmsport\",\"description\":\"Kaikki py\u00f6r\u00e4ilyyn yhdest\u00e4 paikasta\",\"publisher\":{\"@id\":\"https:\\\/\\\/vmsport.fi\\\/#organization\"},\"potentialAction\":[{\"@type\":\"SearchAction\",\"target\":{\"@type\":\"EntryPoint\",\"urlTemplate\":\"https:\\\/\\\/vmsport.fi\\\/?s={search_term_string}\"},\"query-input\":{\"@type\":\"PropertyValueSpecification\",\"valueRequired\":true,\"valueName\":\"search_term_string\"}}],\"inLanguage\":\"sv-SE\"},{\"@type\":\"Organization\",\"@id\":\"https:\\\/\\\/vmsport.fi\\\/#organization\",\"name\":\"Vmsport\",\"url\":\"https:\\\/\\\/vmsport.fi\\\/\",\"logo\":{\"@type\":\"ImageObject\",\"inLanguage\":\"sv-SE\",\"@id\":\"https:\\\/\\\/vmsport.fi\\\/#\\\/schema\\\/logo\\\/image\\\/\",\"url\":\"https:\\\/\\\/vmsport.fi\\\/wp-content\\\/uploads\\\/2024\\\/12\\\/vm_sport_RGB_horisontal-e1734526017575.png\",\"contentUrl\":\"https:\\\/\\\/vmsport.fi\\\/wp-content\\\/uploads\\\/2024\\\/12\\\/vm_sport_RGB_horisontal-e1734526017575.png\",\"width\":668,\"height\":85,\"caption\":\"Vmsport\"},\"image\":{\"@id\":\"https:\\\/\\\/vmsport.fi\\\/#\\\/schema\\\/logo\\\/image\\\/\"},\"sameAs\":[\"https:\\\/\\\/www.facebook.com\\\/Vmsport.fi\\\/\",\"https:\\\/\\\/www.instagram.com\\\/vmsport\\\/\"]}]}<\/script>\n<!-- \/ Yoast SEO plugin. -->","yoast_head_json":{"title":"Centrallager Deore SM-BB52 - VM Sport","robots":{"index":"index","follow":"follow","max-snippet":"max-snippet:-1","max-image-preview":"max-image-preview:large","max-video-preview":"max-video-preview:-1"},"canonical":"https:\/\/vmsport.fi\/sv\/webbutik\/reservdelar\/transmission\/mittlager\/centrumlager-deore-sm-bb52\/","og_locale":"sv_SE","og_type":"article","og_title":"Keski\u00f6laakeri Deore SM-BB52 - VM Sport","og_description":"Deore SM-BB52 -keski\u00f6laakeri on erityisesti kehitetty maastopy\u00f6r\u00e4ilyyn, sill\u00e4 se sopii 83 mm:n keski\u00f6muhviin ja k\u00e4ytt\u00e4\u00e4 englantilaista kierteist\u00f6\u00e4. T\u00e4m\u00e4 keski\u00f6laakeri on yhteensopiva 24 mm:n akselikammet sis\u00e4lt\u00e4vien kampisarjojen kanssa. Komponentti varmistaa tehokkaan voimansiirron, mik\u00e4 tarjoaa maastopy\u00f6r\u00e4ilij\u00f6ille luotettavaa suorituskyky\u00e4. Kest\u00e4vyys on ensiluokkaista, sill\u00e4 se kest\u00e4\u00e4 vaativat maasto-olosuhteet ja sen tiivistetyt laakerit parantavat k\u00e4ytt\u00f6ik\u00e4\u00e4. Keski\u00f6laakerin suunnittelu on optimoitu erityisesti [...]L\u00e4s mer \u2026 from Keski\u00f6laakeri Deore SM-BB52","og_url":"https:\/\/vmsport.fi\/sv\/webbutik\/reservdelar\/transmission\/mittlager\/centrumlager-deore-sm-bb52\/","og_site_name":"VM Sport","article_publisher":"https:\/\/www.facebook.com\/Vmsport.fi\/","article_modified_time":"2026-04-22T12:02:00+00:00","og_image":[{"width":600,"height":600,"url":"https:\/\/vmsport.fi\/wp-content\/uploads\/2025\/03\/20210824-E-SMBB52B-1.jpg","type":"image\/jpeg"}],"twitter_card":"summary_large_image","schema":{"@context":"https:\/\/schema.org","@graph":[{"@type":["WebPage","ItemPage"],"@id":"https:\/\/vmsport.fi\/verkkokauppa\/varaosat\/voimansiirto\/keskiolaakerit\/keskiolaakeri-deore-sm-bb52\/","url":"https:\/\/vmsport.fi\/verkkokauppa\/varaosat\/voimansiirto\/keskiolaakerit\/keskiolaakeri-deore-sm-bb52\/","name":"Centrallager Deore SM-BB52 - VM Sport","isPartOf":{"@id":"https:\/\/vmsport.fi\/#website"},"primaryImageOfPage":{"@id":"https:\/\/vmsport.fi\/verkkokauppa\/varaosat\/voimansiirto\/keskiolaakerit\/keskiolaakeri-deore-sm-bb52\/#primaryimage"},"image":{"@id":"https:\/\/vmsport.fi\/verkkokauppa\/varaosat\/voimansiirto\/keskiolaakerit\/keskiolaakeri-deore-sm-bb52\/#primaryimage"},"thumbnailUrl":"https:\/\/vmsport.fi\/wp-content\/uploads\/2025\/03\/20210824-E-SMBB52B-1.jpg","datePublished":"2025-03-05T21:55:19+00:00","dateModified":"2026-04-22T12:02:00+00:00","breadcrumb":{"@id":"https:\/\/vmsport.fi\/verkkokauppa\/varaosat\/voimansiirto\/keskiolaakerit\/keskiolaakeri-deore-sm-bb52\/#breadcrumb"},"inLanguage":"sv-SE","potentialAction":[{"@type":"ReadAction","target":["https:\/\/vmsport.fi\/verkkokauppa\/varaosat\/voimansiirto\/keskiolaakerit\/keskiolaakeri-deore-sm-bb52\/"]}]},{"@type":"ImageObject","inLanguage":"sv-SE","@id":"https:\/\/vmsport.fi\/verkkokauppa\/varaosat\/voimansiirto\/keskiolaakerit\/keskiolaakeri-deore-sm-bb52\/#primaryimage","url":"https:\/\/vmsport.fi\/wp-content\/uploads\/2025\/03\/20210824-E-SMBB52B-1.jpg","contentUrl":"https:\/\/vmsport.fi\/wp-content\/uploads\/2025\/03\/20210824-E-SMBB52B-1.jpg","width":600,"height":600,"caption":"20210824-E-SMBB52B"},{"@type":"BreadcrumbList","@id":"https:\/\/vmsport.fi\/verkkokauppa\/varaosat\/voimansiirto\/keskiolaakerit\/keskiolaakeri-deore-sm-bb52\/#breadcrumb","itemListElement":[{"@type":"ListItem","position":1,"name":"Etusivu","item":"https:\/\/vmsport.fi\/"},{"@type":"ListItem","position":2,"name":"Online Store","item":"https:\/\/vmsport.fi\/en\/online-store\/"},{"@type":"ListItem","position":3,"name":"Keski\u00f6laakeri Deore SM-BB52"}]},{"@type":"WebSite","@id":"https:\/\/vmsport.fi\/#website","url":"https:\/\/vmsport.fi\/","name":"Vmsport","description":"Allt p\u00e5 ett st\u00e4lle f\u00f6r cykling","publisher":{"@id":"https:\/\/vmsport.fi\/#organization"},"potentialAction":[{"@type":"SearchAction","target":{"@type":"EntryPoint","urlTemplate":"https:\/\/vmsport.fi\/?s={search_term_string}"},"query-input":{"@type":"PropertyValueSpecification","valueRequired":true,"valueName":"search_term_string"}}],"inLanguage":"sv-SE"},{"@type":"Organization","@id":"https:\/\/vmsport.fi\/#organization","name":"Vmsport","url":"https:\/\/vmsport.fi\/","logo":{"@type":"ImageObject","inLanguage":"sv-SE","@id":"https:\/\/vmsport.fi\/#\/schema\/logo\/image\/","url":"https:\/\/vmsport.fi\/wp-content\/uploads\/2024\/12\/vm_sport_RGB_horisontal-e1734526017575.png","contentUrl":"https:\/\/vmsport.fi\/wp-content\/uploads\/2024\/12\/vm_sport_RGB_horisontal-e1734526017575.png","width":668,"height":85,"caption":"Vmsport"},"image":{"@id":"https:\/\/vmsport.fi\/#\/schema\/logo\/image\/"},"sameAs":["https:\/\/www.facebook.com\/Vmsport.fi\/","https:\/\/www.instagram.com\/vmsport\/"]}]}},"global_unique_id":"","_links":{"self":[{"href":"https:\/\/vmsport.fi\/sv\/wp-json\/wp\/v2\/product\/54590","targetHints":{"allow":["GET"]}}],"collection":[{"href":"https:\/\/vmsport.fi\/sv\/wp-json\/wp\/v2\/product"}],"about":[{"href":"https:\/\/vmsport.fi\/sv\/wp-json\/wp\/v2\/types\/product"}],"replies":[{"embeddable":true,"href":"https:\/\/vmsport.fi\/sv\/wp-json\/wp\/v2\/comments?post=54590"}],"wp:featuredmedia":[{"embeddable":true,"href":"https:\/\/vmsport.fi\/sv\/wp-json\/wp\/v2\/media\/54588"}],"wp:attachment":[{"href":"https:\/\/vmsport.fi\/sv\/wp-json\/wp\/v2\/media?parent=54590"}],"wp:term":[{"taxonomy":"product_brand","embeddable":true,"href":"https:\/\/vmsport.fi\/sv\/wp-json\/wp\/v2\/product_brand?post=54590"},{"taxonomy":"product_model","embeddable":true,"href":"https:\/\/vmsport.fi\/sv\/wp-json\/wp\/v2\/product_model?post=54590"},{"taxonomy":"product_cat","embeddable":true,"href":"https:\/\/vmsport.fi\/sv\/wp-json\/wp\/v2\/product_cat?post=54590"},{"taxonomy":"product_tag","embeddable":true,"href":"https:\/\/vmsport.fi\/sv\/wp-json\/wp\/v2\/product_tag?post=54590"},{"taxonomy":"industry_terminology","embeddable":true,"href":"https:\/\/vmsport.fi\/sv\/wp-json\/wp\/v2\/industry-terminology?post=54590"}],"curies":[{"name":"wp","href":"https:\/\/api.w.org\/{rel}","templated":true}]}}