{"id":54583,"date":"2025-03-05T23:55:16","date_gmt":"2025-03-05T21:55:16","guid":{"rendered":"https:\/\/vmsport.fi\/verkkokauppa\/Ei-luokiteltu\/kasetti-9-v-11-28-cs-hg400-9-alivio\/"},"modified":"2026-01-16T13:21:56","modified_gmt":"2026-01-16T11:21:56","slug":"kasetti-9-v-11-28-cs-hg400-9-alivio","status":"publish","type":"product","link":"https:\/\/vmsport.fi\/sv\/verkkokauppa\/varaosat\/voimansiirto\/takarattaat\/kasetti-9-v-11-28-cs-hg400-9-alivio\/","title":{"rendered":"Kasetti 9-v 11-28 CS-HG400-9 Alivio"},"content":{"rendered":"<p>Shimano CS-HG400-9 Alivio -kasetti tarjoaa yhdeks\u00e4nvaihteisen j\u00e4rjestelm\u00e4n, joka hy\u00f6dynt\u00e4\u00e4 Hyperglide-teknologiaa sulavan vaihteenvaihdon takaamiseksi. Mallin 11-28T hammasv\u00e4li varmistaa energiatehokkaan polkemisen ja tarkemman rytmin hallinnan. Se on yhteensopiva Super Narrow -yhdeks\u00e4nvaihdeketjujen kanssa ja sopii erilaisiin py\u00f6r\u00e4kokoihin, kuten 26, 27.5 ja 29 tuumaa, mik\u00e4 tekee siit\u00e4 monipuolisen valinnan. Rattaiden tarkkuusjyrsint\u00e4 ja poraus tekev\u00e4t rakenteesta kevyen, samalla kun ne lis\u00e4\u00e4v\u00e4t j\u00e4ykkyytt\u00e4. Kest\u00e4v\u00e4 hopeanv\u00e4rinen nikkelipinta parantaa korroosionkest\u00e4vyytt\u00e4, ja tarkasti suunniteltu hammasrakenne takaa sujuvat vaihdot kuormituksesta huolimatta. Kasetin kokoaminen onnistuu helposti holkin avulla.<\/p>","protected":false},"excerpt":{"rendered":"<p>Shimano CS-HG400-9 Alivio -kasetti tarjoaa yhdeks\u00e4nvaihteisen j\u00e4rjestelm\u00e4n, joka hy\u00f6dynt\u00e4\u00e4 Hyperglide-teknologiaa sulavan vaihteenvaihdon takaamiseksi. Mallin 11-28T hammasv\u00e4li varmistaa energiatehokkaan polkemisen ja tarkemman rytmin hallinnan. Se on yhteensopiva Super Narrow -yhdeks\u00e4nvaihdeketjujen kanssa ja sopii erilaisiin py\u00f6r\u00e4kokoihin, kuten 26, 27.5 ja 29 tuumaa, mik\u00e4 tekee siit\u00e4 monipuolisen valinnan. Rattaiden tarkkuusjyrsint\u00e4 ja poraus tekev\u00e4t rakenteesta kevyen, samalla kun ne [&#8230;]<\/p>\n<p><a class=\"btn btn-secondary understrap-read-more-link\" href=\"https:\/\/vmsport.fi\/sv\/verkkokauppa\/varaosat\/voimansiirto\/takarattaat\/kasetti-9-v-11-28-cs-hg400-9-alivio\/\">L\u00e4s mer \u2026<span class=\"screen-reader-text\"> from Kasetti 9-v 11-28 CS-HG400-9 Alivio<\/span><\/a><\/p>\n","protected":false},"featured_media":54582,"comment_status":"open","ping_status":"closed","template":"","meta":{"_acf_changed":false,"_improvement_type_select":"improve_an_existing","_thumb_yes_seoaic":false,"_frame_yes_seoaic":false,"seoaic_generate_description":"","seoaic_improve_instructions_prompt":"","seoaic_rollback_content_improvement":"","seoaic_idea_thumbnail_generator":"","thumbnail_generated":false,"thumbnail_generate_prompt":"","seoaic_article_description":"","_supplier_stock_quantity":0},"product_brand":[],"product_model":[],"product_cat":[9348],"product_tag":[],"industry-terminology":[],"class_list":{"0":"post-54583","1":"product","2":"type-product","3":"status-publish","4":"has-post-thumbnail","6":"product_cat-takarattaat","8":"first","9":"outofstock","10":"taxable","11":"shipping-taxable","12":"product-type-simple"},"acf":{"bike_features":null,"overview":{"copy_overview":null,"key_features":null,"statement":"","youtube_url":""}},"yoast_head":"<!-- This site is optimized with the Yoast SEO plugin v27.3 - https:\/\/yoast.com\/product\/yoast-seo-wordpress\/ -->\n<title>Kasetti 9-v 11-28 CS-HG400-9 Alivio - VM Sport<\/title>\n<meta name=\"robots\" content=\"index, follow, max-snippet:-1, max-image-preview:large, max-video-preview:-1\" \/>\n<link rel=\"canonical\" href=\"https:\/\/vmsport.fi\/sv\/webbutik\/reservdelar\/transmission\/takarattaat\/kasetti-9-v-11-28-cs-hg400-9-alivio\/\" \/>\n<meta property=\"og:locale\" content=\"sv_SE\" \/>\n<meta property=\"og:type\" content=\"article\" \/>\n<meta property=\"og:title\" content=\"Kasetti 9-v 11-28 CS-HG400-9 Alivio - VM Sport\" \/>\n<meta property=\"og:description\" content=\"Shimano CS-HG400-9 Alivio -kasetti tarjoaa yhdeks\u00e4nvaihteisen j\u00e4rjestelm\u00e4n, joka hy\u00f6dynt\u00e4\u00e4 Hyperglide-teknologiaa sulavan vaihteenvaihdon takaamiseksi. Mallin 11-28T hammasv\u00e4li varmistaa energiatehokkaan polkemisen ja tarkemman rytmin hallinnan. Se on yhteensopiva Super Narrow -yhdeks\u00e4nvaihdeketjujen kanssa ja sopii erilaisiin py\u00f6r\u00e4kokoihin, kuten 26, 27.5 ja 29 tuumaa, mik\u00e4 tekee siit\u00e4 monipuolisen valinnan. Rattaiden tarkkuusjyrsint\u00e4 ja poraus tekev\u00e4t rakenteesta kevyen, samalla kun ne [...]L\u00e4s mer \u2026 from Kasetti 9-v 11-28 CS-HG400-9 Alivio\" \/>\n<meta property=\"og:url\" content=\"https:\/\/vmsport.fi\/sv\/webbutik\/reservdelar\/transmission\/takarattaat\/kasetti-9-v-11-28-cs-hg400-9-alivio\/\" \/>\n<meta property=\"og:site_name\" content=\"VM Sport\" \/>\n<meta property=\"article:publisher\" content=\"https:\/\/www.facebook.com\/Vmsport.fi\/\" \/>\n<meta property=\"article:modified_time\" content=\"2026-01-16T11:21:56+00:00\" \/>\n<meta property=\"og:image\" content=\"https:\/\/vmsport.fi\/wp-content\/uploads\/2025\/03\/aZQWbuuU0UxYiJJiTZbJXldjQZck7YwfPEeDGk3wHGDs1qmqGx-1.jpg\" \/>\n\t<meta property=\"og:image:width\" content=\"600\" \/>\n\t<meta property=\"og:image:height\" content=\"600\" \/>\n\t<meta property=\"og:image:type\" content=\"image\/jpeg\" \/>\n<meta name=\"twitter:card\" content=\"summary_large_image\" \/>\n<script type=\"application\/ld+json\" class=\"yoast-schema-graph\">{\"@context\":\"https:\\\/\\\/schema.org\",\"@graph\":[{\"@type\":[\"WebPage\",\"ItemPage\"],\"@id\":\"https:\\\/\\\/vmsport.fi\\\/verkkokauppa\\\/varaosat\\\/voimansiirto\\\/takarattaat\\\/kasetti-9-v-11-28-cs-hg400-9-alivio\\\/\",\"url\":\"https:\\\/\\\/vmsport.fi\\\/verkkokauppa\\\/varaosat\\\/voimansiirto\\\/takarattaat\\\/kasetti-9-v-11-28-cs-hg400-9-alivio\\\/\",\"name\":\"Kasetti 9-v 11-28 CS-HG400-9 Alivio - VM Sport\",\"isPartOf\":{\"@id\":\"https:\\\/\\\/vmsport.fi\\\/#website\"},\"primaryImageOfPage\":{\"@id\":\"https:\\\/\\\/vmsport.fi\\\/verkkokauppa\\\/varaosat\\\/voimansiirto\\\/takarattaat\\\/kasetti-9-v-11-28-cs-hg400-9-alivio\\\/#primaryimage\"},\"image\":{\"@id\":\"https:\\\/\\\/vmsport.fi\\\/verkkokauppa\\\/varaosat\\\/voimansiirto\\\/takarattaat\\\/kasetti-9-v-11-28-cs-hg400-9-alivio\\\/#primaryimage\"},\"thumbnailUrl\":\"https:\\\/\\\/vmsport.fi\\\/wp-content\\\/uploads\\\/2025\\\/03\\\/aZQWbuuU0UxYiJJiTZbJXldjQZck7YwfPEeDGk3wHGDs1qmqGx-1.jpg\",\"datePublished\":\"2025-03-05T21:55:16+00:00\",\"dateModified\":\"2026-01-16T11:21:56+00:00\",\"breadcrumb\":{\"@id\":\"https:\\\/\\\/vmsport.fi\\\/verkkokauppa\\\/varaosat\\\/voimansiirto\\\/takarattaat\\\/kasetti-9-v-11-28-cs-hg400-9-alivio\\\/#breadcrumb\"},\"inLanguage\":\"sv-SE\",\"potentialAction\":[{\"@type\":\"ReadAction\",\"target\":[\"https:\\\/\\\/vmsport.fi\\\/verkkokauppa\\\/varaosat\\\/voimansiirto\\\/takarattaat\\\/kasetti-9-v-11-28-cs-hg400-9-alivio\\\/\"]}]},{\"@type\":\"ImageObject\",\"inLanguage\":\"sv-SE\",\"@id\":\"https:\\\/\\\/vmsport.fi\\\/verkkokauppa\\\/varaosat\\\/voimansiirto\\\/takarattaat\\\/kasetti-9-v-11-28-cs-hg400-9-alivio\\\/#primaryimage\",\"url\":\"https:\\\/\\\/vmsport.fi\\\/wp-content\\\/uploads\\\/2025\\\/03\\\/aZQWbuuU0UxYiJJiTZbJXldjQZck7YwfPEeDGk3wHGDs1qmqGx-1.jpg\",\"contentUrl\":\"https:\\\/\\\/vmsport.fi\\\/wp-content\\\/uploads\\\/2025\\\/03\\\/aZQWbuuU0UxYiJJiTZbJXldjQZck7YwfPEeDGk3wHGDs1qmqGx-1.jpg\",\"width\":600,\"height\":600,\"caption\":\"aZQWbuuU0UxYiJJiTZbJXldjQZck7YwfPEeDGk3wHGDs1qmqGx\"},{\"@type\":\"BreadcrumbList\",\"@id\":\"https:\\\/\\\/vmsport.fi\\\/verkkokauppa\\\/varaosat\\\/voimansiirto\\\/takarattaat\\\/kasetti-9-v-11-28-cs-hg400-9-alivio\\\/#breadcrumb\",\"itemListElement\":[{\"@type\":\"ListItem\",\"position\":1,\"name\":\"Etusivu\",\"item\":\"https:\\\/\\\/vmsport.fi\\\/\"},{\"@type\":\"ListItem\",\"position\":2,\"name\":\"Online Store\",\"item\":\"https:\\\/\\\/vmsport.fi\\\/en\\\/online-store\\\/\"},{\"@type\":\"ListItem\",\"position\":3,\"name\":\"Kasetti 9-v 11-28 CS-HG400-9 Alivio\"}]},{\"@type\":\"WebSite\",\"@id\":\"https:\\\/\\\/vmsport.fi\\\/#website\",\"url\":\"https:\\\/\\\/vmsport.fi\\\/\",\"name\":\"Vmsport\",\"description\":\"Kaikki py\u00f6r\u00e4ilyyn yhdest\u00e4 paikasta\",\"publisher\":{\"@id\":\"https:\\\/\\\/vmsport.fi\\\/#organization\"},\"potentialAction\":[{\"@type\":\"SearchAction\",\"target\":{\"@type\":\"EntryPoint\",\"urlTemplate\":\"https:\\\/\\\/vmsport.fi\\\/?s={search_term_string}\"},\"query-input\":{\"@type\":\"PropertyValueSpecification\",\"valueRequired\":true,\"valueName\":\"search_term_string\"}}],\"inLanguage\":\"sv-SE\"},{\"@type\":\"Organization\",\"@id\":\"https:\\\/\\\/vmsport.fi\\\/#organization\",\"name\":\"Vmsport\",\"url\":\"https:\\\/\\\/vmsport.fi\\\/\",\"logo\":{\"@type\":\"ImageObject\",\"inLanguage\":\"sv-SE\",\"@id\":\"https:\\\/\\\/vmsport.fi\\\/#\\\/schema\\\/logo\\\/image\\\/\",\"url\":\"https:\\\/\\\/vmsport.fi\\\/wp-content\\\/uploads\\\/2024\\\/12\\\/vm_sport_RGB_horisontal-e1734526017575.png\",\"contentUrl\":\"https:\\\/\\\/vmsport.fi\\\/wp-content\\\/uploads\\\/2024\\\/12\\\/vm_sport_RGB_horisontal-e1734526017575.png\",\"width\":668,\"height\":85,\"caption\":\"Vmsport\"},\"image\":{\"@id\":\"https:\\\/\\\/vmsport.fi\\\/#\\\/schema\\\/logo\\\/image\\\/\"},\"sameAs\":[\"https:\\\/\\\/www.facebook.com\\\/Vmsport.fi\\\/\",\"https:\\\/\\\/www.instagram.com\\\/vmsport\\\/\"]}]}<\/script>\n<!-- \/ Yoast SEO plugin. -->","yoast_head_json":{"title":"Kasetti 9-v 11-28 CS-HG400-9 Alivio - VM Sport","robots":{"index":"index","follow":"follow","max-snippet":"max-snippet:-1","max-image-preview":"max-image-preview:large","max-video-preview":"max-video-preview:-1"},"canonical":"https:\/\/vmsport.fi\/sv\/webbutik\/reservdelar\/transmission\/takarattaat\/kasetti-9-v-11-28-cs-hg400-9-alivio\/","og_locale":"sv_SE","og_type":"article","og_title":"Kasetti 9-v 11-28 CS-HG400-9 Alivio - VM Sport","og_description":"Shimano CS-HG400-9 Alivio -kasetti tarjoaa yhdeks\u00e4nvaihteisen j\u00e4rjestelm\u00e4n, joka hy\u00f6dynt\u00e4\u00e4 Hyperglide-teknologiaa sulavan vaihteenvaihdon takaamiseksi. Mallin 11-28T hammasv\u00e4li varmistaa energiatehokkaan polkemisen ja tarkemman rytmin hallinnan. Se on yhteensopiva Super Narrow -yhdeks\u00e4nvaihdeketjujen kanssa ja sopii erilaisiin py\u00f6r\u00e4kokoihin, kuten 26, 27.5 ja 29 tuumaa, mik\u00e4 tekee siit\u00e4 monipuolisen valinnan. Rattaiden tarkkuusjyrsint\u00e4 ja poraus tekev\u00e4t rakenteesta kevyen, samalla kun ne [...]L\u00e4s mer \u2026 from Kasetti 9-v 11-28 CS-HG400-9 Alivio","og_url":"https:\/\/vmsport.fi\/sv\/webbutik\/reservdelar\/transmission\/takarattaat\/kasetti-9-v-11-28-cs-hg400-9-alivio\/","og_site_name":"VM Sport","article_publisher":"https:\/\/www.facebook.com\/Vmsport.fi\/","article_modified_time":"2026-01-16T11:21:56+00:00","og_image":[{"width":600,"height":600,"url":"https:\/\/vmsport.fi\/wp-content\/uploads\/2025\/03\/aZQWbuuU0UxYiJJiTZbJXldjQZck7YwfPEeDGk3wHGDs1qmqGx-1.jpg","type":"image\/jpeg"}],"twitter_card":"summary_large_image","schema":{"@context":"https:\/\/schema.org","@graph":[{"@type":["WebPage","ItemPage"],"@id":"https:\/\/vmsport.fi\/verkkokauppa\/varaosat\/voimansiirto\/takarattaat\/kasetti-9-v-11-28-cs-hg400-9-alivio\/","url":"https:\/\/vmsport.fi\/verkkokauppa\/varaosat\/voimansiirto\/takarattaat\/kasetti-9-v-11-28-cs-hg400-9-alivio\/","name":"Kasetti 9-v 11-28 CS-HG400-9 Alivio - VM Sport","isPartOf":{"@id":"https:\/\/vmsport.fi\/#website"},"primaryImageOfPage":{"@id":"https:\/\/vmsport.fi\/verkkokauppa\/varaosat\/voimansiirto\/takarattaat\/kasetti-9-v-11-28-cs-hg400-9-alivio\/#primaryimage"},"image":{"@id":"https:\/\/vmsport.fi\/verkkokauppa\/varaosat\/voimansiirto\/takarattaat\/kasetti-9-v-11-28-cs-hg400-9-alivio\/#primaryimage"},"thumbnailUrl":"https:\/\/vmsport.fi\/wp-content\/uploads\/2025\/03\/aZQWbuuU0UxYiJJiTZbJXldjQZck7YwfPEeDGk3wHGDs1qmqGx-1.jpg","datePublished":"2025-03-05T21:55:16+00:00","dateModified":"2026-01-16T11:21:56+00:00","breadcrumb":{"@id":"https:\/\/vmsport.fi\/verkkokauppa\/varaosat\/voimansiirto\/takarattaat\/kasetti-9-v-11-28-cs-hg400-9-alivio\/#breadcrumb"},"inLanguage":"sv-SE","potentialAction":[{"@type":"ReadAction","target":["https:\/\/vmsport.fi\/verkkokauppa\/varaosat\/voimansiirto\/takarattaat\/kasetti-9-v-11-28-cs-hg400-9-alivio\/"]}]},{"@type":"ImageObject","inLanguage":"sv-SE","@id":"https:\/\/vmsport.fi\/verkkokauppa\/varaosat\/voimansiirto\/takarattaat\/kasetti-9-v-11-28-cs-hg400-9-alivio\/#primaryimage","url":"https:\/\/vmsport.fi\/wp-content\/uploads\/2025\/03\/aZQWbuuU0UxYiJJiTZbJXldjQZck7YwfPEeDGk3wHGDs1qmqGx-1.jpg","contentUrl":"https:\/\/vmsport.fi\/wp-content\/uploads\/2025\/03\/aZQWbuuU0UxYiJJiTZbJXldjQZck7YwfPEeDGk3wHGDs1qmqGx-1.jpg","width":600,"height":600,"caption":"aZQWbuuU0UxYiJJiTZbJXldjQZck7YwfPEeDGk3wHGDs1qmqGx"},{"@type":"BreadcrumbList","@id":"https:\/\/vmsport.fi\/verkkokauppa\/varaosat\/voimansiirto\/takarattaat\/kasetti-9-v-11-28-cs-hg400-9-alivio\/#breadcrumb","itemListElement":[{"@type":"ListItem","position":1,"name":"Etusivu","item":"https:\/\/vmsport.fi\/"},{"@type":"ListItem","position":2,"name":"Online Store","item":"https:\/\/vmsport.fi\/en\/online-store\/"},{"@type":"ListItem","position":3,"name":"Kasetti 9-v 11-28 CS-HG400-9 Alivio"}]},{"@type":"WebSite","@id":"https:\/\/vmsport.fi\/#website","url":"https:\/\/vmsport.fi\/","name":"Vmsport","description":"Allt p\u00e5 ett st\u00e4lle f\u00f6r cykling","publisher":{"@id":"https:\/\/vmsport.fi\/#organization"},"potentialAction":[{"@type":"SearchAction","target":{"@type":"EntryPoint","urlTemplate":"https:\/\/vmsport.fi\/?s={search_term_string}"},"query-input":{"@type":"PropertyValueSpecification","valueRequired":true,"valueName":"search_term_string"}}],"inLanguage":"sv-SE"},{"@type":"Organization","@id":"https:\/\/vmsport.fi\/#organization","name":"Vmsport","url":"https:\/\/vmsport.fi\/","logo":{"@type":"ImageObject","inLanguage":"sv-SE","@id":"https:\/\/vmsport.fi\/#\/schema\/logo\/image\/","url":"https:\/\/vmsport.fi\/wp-content\/uploads\/2024\/12\/vm_sport_RGB_horisontal-e1734526017575.png","contentUrl":"https:\/\/vmsport.fi\/wp-content\/uploads\/2024\/12\/vm_sport_RGB_horisontal-e1734526017575.png","width":668,"height":85,"caption":"Vmsport"},"image":{"@id":"https:\/\/vmsport.fi\/#\/schema\/logo\/image\/"},"sameAs":["https:\/\/www.facebook.com\/Vmsport.fi\/","https:\/\/www.instagram.com\/vmsport\/"]}]}},"global_unique_id":"","_links":{"self":[{"href":"https:\/\/vmsport.fi\/sv\/wp-json\/wp\/v2\/product\/54583","targetHints":{"allow":["GET"]}}],"collection":[{"href":"https:\/\/vmsport.fi\/sv\/wp-json\/wp\/v2\/product"}],"about":[{"href":"https:\/\/vmsport.fi\/sv\/wp-json\/wp\/v2\/types\/product"}],"replies":[{"embeddable":true,"href":"https:\/\/vmsport.fi\/sv\/wp-json\/wp\/v2\/comments?post=54583"}],"wp:featuredmedia":[{"embeddable":true,"href":"https:\/\/vmsport.fi\/sv\/wp-json\/wp\/v2\/media\/54582"}],"wp:attachment":[{"href":"https:\/\/vmsport.fi\/sv\/wp-json\/wp\/v2\/media?parent=54583"}],"wp:term":[{"taxonomy":"product_brand","embeddable":true,"href":"https:\/\/vmsport.fi\/sv\/wp-json\/wp\/v2\/product_brand?post=54583"},{"taxonomy":"product_model","embeddable":true,"href":"https:\/\/vmsport.fi\/sv\/wp-json\/wp\/v2\/product_model?post=54583"},{"taxonomy":"product_cat","embeddable":true,"href":"https:\/\/vmsport.fi\/sv\/wp-json\/wp\/v2\/product_cat?post=54583"},{"taxonomy":"product_tag","embeddable":true,"href":"https:\/\/vmsport.fi\/sv\/wp-json\/wp\/v2\/product_tag?post=54583"},{"taxonomy":"industry_terminology","embeddable":true,"href":"https:\/\/vmsport.fi\/sv\/wp-json\/wp\/v2\/industry-terminology?post=54583"}],"curies":[{"name":"wp","href":"https:\/\/api.w.org\/{rel}","templated":true}]}}