{"id":54578,"date":"2025-03-05T23:55:14","date_gmt":"2025-03-05T21:55:14","guid":{"rendered":"https:\/\/vmsport.fi\/verkkokauppa\/Ei-luokiteltu\/ruuvit-spd-sl-klossiin-6kpl-13mm\/"},"modified":"2026-01-16T13:24:46","modified_gmt":"2026-01-16T11:24:46","slug":"skruvar-spd-sl-for-toaletter-6st-13mm","status":"publish","type":"product","link":"https:\/\/vmsport.fi\/sv\/verkkokauppa\/varaosat\/polkimet\/klossit-ja-varaosat\/ruuvit-spd-sl-klossiin-6kpl-13mm\/","title":{"rendered":"Skruvar f\u00f6r SPD-SL-l\u00e5s 6 st, 13mm"},"content":{"rendered":"<p>Skruvarna f\u00f6r SPD-SL-f\u00e4stsystem \u00e4r idealiska f\u00f6r cykelskor, eftersom de s\u00e4kerst\u00e4ller tillf\u00f6rlitlig fasts\u00e4ttning och \u00f6kar stabiliteten. Satsen inneh\u00e5ller sex 13 mm l\u00e5nga skruvar som \u00e4r utformade f\u00f6r att fungera s\u00f6ml\u00f6st med SPD-SL-l\u00e5s. Detta s\u00e4kerst\u00e4ller b\u00e4sta m\u00f6jliga komfort och prestanda f\u00f6r cyklister. Med dessa skruvar kan du installera ditt l\u00e5s p\u00e5 ett s\u00e4kert och effektivt s\u00e4tt.<\/p>","protected":false},"excerpt":{"rendered":"<p>SPD-SL-kiinnitysj\u00e4rjestelmiin tarkoitetut ruuvit ovat erinomaisia py\u00f6r\u00e4ilykenkiin, sill\u00e4 ne varmistavat luotettavan kiinnityksen ja lis\u00e4\u00e4v\u00e4t vakautta. Pakkaus sis\u00e4lt\u00e4\u00e4 kuusi 13 mm:n pituista ruuvia, jotka on suunniteltu toimimaan saumattomasti yhteen SPD-SL-klossien kanssa. T\u00e4m\u00e4 takaa py\u00f6r\u00e4ilij\u00f6ille parhaan mahdollisen k\u00e4ytt\u00f6mukavuuden ja suorituskyvyn. N\u00e4iden ruuvien avulla voit asentaa klossisi turvallisesti ja tehokkaasti. [&#8230;]<\/p>\n<p><a class=\"btn btn-secondary understrap-read-more-link\" href=\"https:\/\/vmsport.fi\/sv\/verkkokauppa\/varaosat\/polkimet\/klossit-ja-varaosat\/ruuvit-spd-sl-klossiin-6kpl-13mm\/\">L\u00e4s mer \u2026<span class=\"screen-reader-text\"> from Ruuvit SPD-SL-klossiin 6kpl, 13mm<\/span><\/a><\/p>\n","protected":false},"featured_media":54577,"comment_status":"open","ping_status":"closed","template":"","meta":{"_acf_changed":false,"_improvement_type_select":"improve_an_existing","_thumb_yes_seoaic":false,"_frame_yes_seoaic":false,"seoaic_generate_description":"","seoaic_improve_instructions_prompt":"","seoaic_rollback_content_improvement":"","seoaic_idea_thumbnail_generator":"","thumbnail_generated":false,"thumbnail_generate_prompt":"","seoaic_article_description":"","_supplier_stock_quantity":0},"product_brand":[],"product_model":[],"product_cat":[9322],"product_tag":[],"industry-terminology":[],"class_list":{"0":"post-54578","1":"product","2":"type-product","3":"status-publish","4":"has-post-thumbnail","6":"product_cat-klossit-ja-varaosat","8":"first","9":"instock","10":"taxable","11":"shipping-taxable","12":"purchasable","13":"product-type-simple"},"acf":{"bike_features":null,"overview":{"copy_overview":null,"key_features":null,"statement":"","youtube_url":""}},"yoast_head":"<!-- This site is optimized with the Yoast SEO plugin v27.3 - https:\/\/yoast.com\/product\/yoast-seo-wordpress\/ -->\n<title>Ruuvit SPD-SL-klossiin 6kpl, 13mm - VM Sport<\/title>\n<meta name=\"robots\" content=\"index, follow, max-snippet:-1, max-image-preview:large, max-video-preview:-1\" \/>\n<link rel=\"canonical\" href=\"https:\/\/vmsport.fi\/sv\/webbutik\/reservdelar\/pedaler\/klossit-och-reservdelar\/skruvar-spd-sl-for-toaletter-6st-13mm\/\" \/>\n<meta property=\"og:locale\" content=\"sv_SE\" \/>\n<meta property=\"og:type\" content=\"article\" \/>\n<meta property=\"og:title\" content=\"Ruuvit SPD-SL-klossiin 6kpl, 13mm - VM Sport\" \/>\n<meta property=\"og:description\" content=\"SPD-SL-kiinnitysj\u00e4rjestelmiin tarkoitetut ruuvit ovat erinomaisia py\u00f6r\u00e4ilykenkiin, sill\u00e4 ne varmistavat luotettavan kiinnityksen ja lis\u00e4\u00e4v\u00e4t vakautta. Pakkaus sis\u00e4lt\u00e4\u00e4 kuusi 13 mm:n pituista ruuvia, jotka on suunniteltu toimimaan saumattomasti yhteen SPD-SL-klossien kanssa. T\u00e4m\u00e4 takaa py\u00f6r\u00e4ilij\u00f6ille parhaan mahdollisen k\u00e4ytt\u00f6mukavuuden ja suorituskyvyn. N\u00e4iden ruuvien avulla voit asentaa klossisi turvallisesti ja tehokkaasti. [...]L\u00e4s mer \u2026 from Ruuvit SPD-SL-klossiin 6kpl, 13mm\" \/>\n<meta property=\"og:url\" content=\"https:\/\/vmsport.fi\/sv\/webbutik\/reservdelar\/pedaler\/klossit-och-reservdelar\/skruvar-spd-sl-for-toaletter-6st-13mm\/\" \/>\n<meta property=\"og:site_name\" content=\"VM Sport\" \/>\n<meta property=\"article:publisher\" content=\"https:\/\/www.facebook.com\/Vmsport.fi\/\" \/>\n<meta property=\"article:modified_time\" content=\"2026-01-16T11:24:46+00:00\" \/>\n<meta property=\"og:image\" content=\"https:\/\/vmsport.fi\/wp-content\/uploads\/2025\/03\/5vQNPQ5qIMk0XHcYWCbjUegYHig4IKRECZYDb1MC1GcEucKv1n-1.jpg\" \/>\n\t<meta property=\"og:image:width\" content=\"600\" \/>\n\t<meta property=\"og:image:height\" content=\"600\" \/>\n\t<meta property=\"og:image:type\" content=\"image\/jpeg\" \/>\n<meta name=\"twitter:card\" content=\"summary_large_image\" \/>\n<script type=\"application\/ld+json\" class=\"yoast-schema-graph\">{\"@context\":\"https:\\\/\\\/schema.org\",\"@graph\":[{\"@type\":[\"WebPage\",\"ItemPage\"],\"@id\":\"https:\\\/\\\/vmsport.fi\\\/verkkokauppa\\\/varaosat\\\/polkimet\\\/klossit-ja-varaosat\\\/ruuvit-spd-sl-klossiin-6kpl-13mm\\\/\",\"url\":\"https:\\\/\\\/vmsport.fi\\\/verkkokauppa\\\/varaosat\\\/polkimet\\\/klossit-ja-varaosat\\\/ruuvit-spd-sl-klossiin-6kpl-13mm\\\/\",\"name\":\"Ruuvit SPD-SL-klossiin 6kpl, 13mm - VM Sport\",\"isPartOf\":{\"@id\":\"https:\\\/\\\/vmsport.fi\\\/#website\"},\"primaryImageOfPage\":{\"@id\":\"https:\\\/\\\/vmsport.fi\\\/verkkokauppa\\\/varaosat\\\/polkimet\\\/klossit-ja-varaosat\\\/ruuvit-spd-sl-klossiin-6kpl-13mm\\\/#primaryimage\"},\"image\":{\"@id\":\"https:\\\/\\\/vmsport.fi\\\/verkkokauppa\\\/varaosat\\\/polkimet\\\/klossit-ja-varaosat\\\/ruuvit-spd-sl-klossiin-6kpl-13mm\\\/#primaryimage\"},\"thumbnailUrl\":\"https:\\\/\\\/vmsport.fi\\\/wp-content\\\/uploads\\\/2025\\\/03\\\/5vQNPQ5qIMk0XHcYWCbjUegYHig4IKRECZYDb1MC1GcEucKv1n-1.jpg\",\"datePublished\":\"2025-03-05T21:55:14+00:00\",\"dateModified\":\"2026-01-16T11:24:46+00:00\",\"breadcrumb\":{\"@id\":\"https:\\\/\\\/vmsport.fi\\\/verkkokauppa\\\/varaosat\\\/polkimet\\\/klossit-ja-varaosat\\\/ruuvit-spd-sl-klossiin-6kpl-13mm\\\/#breadcrumb\"},\"inLanguage\":\"sv-SE\",\"potentialAction\":[{\"@type\":\"ReadAction\",\"target\":[\"https:\\\/\\\/vmsport.fi\\\/verkkokauppa\\\/varaosat\\\/polkimet\\\/klossit-ja-varaosat\\\/ruuvit-spd-sl-klossiin-6kpl-13mm\\\/\"]}]},{\"@type\":\"ImageObject\",\"inLanguage\":\"sv-SE\",\"@id\":\"https:\\\/\\\/vmsport.fi\\\/verkkokauppa\\\/varaosat\\\/polkimet\\\/klossit-ja-varaosat\\\/ruuvit-spd-sl-klossiin-6kpl-13mm\\\/#primaryimage\",\"url\":\"https:\\\/\\\/vmsport.fi\\\/wp-content\\\/uploads\\\/2025\\\/03\\\/5vQNPQ5qIMk0XHcYWCbjUegYHig4IKRECZYDb1MC1GcEucKv1n-1.jpg\",\"contentUrl\":\"https:\\\/\\\/vmsport.fi\\\/wp-content\\\/uploads\\\/2025\\\/03\\\/5vQNPQ5qIMk0XHcYWCbjUegYHig4IKRECZYDb1MC1GcEucKv1n-1.jpg\",\"width\":600,\"height\":600,\"caption\":\"5vQNPQ5qIMk0XHcYWCbjUegYHig4IKRECZYDb1MC1GcEucKv1n\"},{\"@type\":\"BreadcrumbList\",\"@id\":\"https:\\\/\\\/vmsport.fi\\\/verkkokauppa\\\/varaosat\\\/polkimet\\\/klossit-ja-varaosat\\\/ruuvit-spd-sl-klossiin-6kpl-13mm\\\/#breadcrumb\",\"itemListElement\":[{\"@type\":\"ListItem\",\"position\":1,\"name\":\"Etusivu\",\"item\":\"https:\\\/\\\/vmsport.fi\\\/\"},{\"@type\":\"ListItem\",\"position\":2,\"name\":\"Online Store\",\"item\":\"https:\\\/\\\/vmsport.fi\\\/en\\\/online-store\\\/\"},{\"@type\":\"ListItem\",\"position\":3,\"name\":\"Ruuvit SPD-SL-klossiin 6kpl, 13mm\"}]},{\"@type\":\"WebSite\",\"@id\":\"https:\\\/\\\/vmsport.fi\\\/#website\",\"url\":\"https:\\\/\\\/vmsport.fi\\\/\",\"name\":\"Vmsport\",\"description\":\"Kaikki py\u00f6r\u00e4ilyyn yhdest\u00e4 paikasta\",\"publisher\":{\"@id\":\"https:\\\/\\\/vmsport.fi\\\/#organization\"},\"potentialAction\":[{\"@type\":\"SearchAction\",\"target\":{\"@type\":\"EntryPoint\",\"urlTemplate\":\"https:\\\/\\\/vmsport.fi\\\/?s={search_term_string}\"},\"query-input\":{\"@type\":\"PropertyValueSpecification\",\"valueRequired\":true,\"valueName\":\"search_term_string\"}}],\"inLanguage\":\"sv-SE\"},{\"@type\":\"Organization\",\"@id\":\"https:\\\/\\\/vmsport.fi\\\/#organization\",\"name\":\"Vmsport\",\"url\":\"https:\\\/\\\/vmsport.fi\\\/\",\"logo\":{\"@type\":\"ImageObject\",\"inLanguage\":\"sv-SE\",\"@id\":\"https:\\\/\\\/vmsport.fi\\\/#\\\/schema\\\/logo\\\/image\\\/\",\"url\":\"https:\\\/\\\/vmsport.fi\\\/wp-content\\\/uploads\\\/2024\\\/12\\\/vm_sport_RGB_horisontal-e1734526017575.png\",\"contentUrl\":\"https:\\\/\\\/vmsport.fi\\\/wp-content\\\/uploads\\\/2024\\\/12\\\/vm_sport_RGB_horisontal-e1734526017575.png\",\"width\":668,\"height\":85,\"caption\":\"Vmsport\"},\"image\":{\"@id\":\"https:\\\/\\\/vmsport.fi\\\/#\\\/schema\\\/logo\\\/image\\\/\"},\"sameAs\":[\"https:\\\/\\\/www.facebook.com\\\/Vmsport.fi\\\/\",\"https:\\\/\\\/www.instagram.com\\\/vmsport\\\/\"]}]}<\/script>\n<!-- \/ Yoast SEO plugin. -->","yoast_head_json":{"title":"Skruvar till SPD-SL-l\u00e5s 6 st, 13mm - VM Sport","robots":{"index":"index","follow":"follow","max-snippet":"max-snippet:-1","max-image-preview":"max-image-preview:large","max-video-preview":"max-video-preview:-1"},"canonical":"https:\/\/vmsport.fi\/sv\/webbutik\/reservdelar\/pedaler\/klossit-och-reservdelar\/skruvar-spd-sl-for-toaletter-6st-13mm\/","og_locale":"sv_SE","og_type":"article","og_title":"Ruuvit SPD-SL-klossiin 6kpl, 13mm - VM Sport","og_description":"SPD-SL-kiinnitysj\u00e4rjestelmiin tarkoitetut ruuvit ovat erinomaisia py\u00f6r\u00e4ilykenkiin, sill\u00e4 ne varmistavat luotettavan kiinnityksen ja lis\u00e4\u00e4v\u00e4t vakautta. Pakkaus sis\u00e4lt\u00e4\u00e4 kuusi 13 mm:n pituista ruuvia, jotka on suunniteltu toimimaan saumattomasti yhteen SPD-SL-klossien kanssa. T\u00e4m\u00e4 takaa py\u00f6r\u00e4ilij\u00f6ille parhaan mahdollisen k\u00e4ytt\u00f6mukavuuden ja suorituskyvyn. N\u00e4iden ruuvien avulla voit asentaa klossisi turvallisesti ja tehokkaasti. [...]L\u00e4s mer \u2026 from Ruuvit SPD-SL-klossiin 6kpl, 13mm","og_url":"https:\/\/vmsport.fi\/sv\/webbutik\/reservdelar\/pedaler\/klossit-och-reservdelar\/skruvar-spd-sl-for-toaletter-6st-13mm\/","og_site_name":"VM Sport","article_publisher":"https:\/\/www.facebook.com\/Vmsport.fi\/","article_modified_time":"2026-01-16T11:24:46+00:00","og_image":[{"width":600,"height":600,"url":"https:\/\/vmsport.fi\/wp-content\/uploads\/2025\/03\/5vQNPQ5qIMk0XHcYWCbjUegYHig4IKRECZYDb1MC1GcEucKv1n-1.jpg","type":"image\/jpeg"}],"twitter_card":"summary_large_image","schema":{"@context":"https:\/\/schema.org","@graph":[{"@type":["WebPage","ItemPage"],"@id":"https:\/\/vmsport.fi\/verkkokauppa\/varaosat\/polkimet\/klossit-ja-varaosat\/ruuvit-spd-sl-klossiin-6kpl-13mm\/","url":"https:\/\/vmsport.fi\/verkkokauppa\/varaosat\/polkimet\/klossit-ja-varaosat\/ruuvit-spd-sl-klossiin-6kpl-13mm\/","name":"Skruvar till SPD-SL-l\u00e5s 6 st, 13mm - VM Sport","isPartOf":{"@id":"https:\/\/vmsport.fi\/#website"},"primaryImageOfPage":{"@id":"https:\/\/vmsport.fi\/verkkokauppa\/varaosat\/polkimet\/klossit-ja-varaosat\/ruuvit-spd-sl-klossiin-6kpl-13mm\/#primaryimage"},"image":{"@id":"https:\/\/vmsport.fi\/verkkokauppa\/varaosat\/polkimet\/klossit-ja-varaosat\/ruuvit-spd-sl-klossiin-6kpl-13mm\/#primaryimage"},"thumbnailUrl":"https:\/\/vmsport.fi\/wp-content\/uploads\/2025\/03\/5vQNPQ5qIMk0XHcYWCbjUegYHig4IKRECZYDb1MC1GcEucKv1n-1.jpg","datePublished":"2025-03-05T21:55:14+00:00","dateModified":"2026-01-16T11:24:46+00:00","breadcrumb":{"@id":"https:\/\/vmsport.fi\/verkkokauppa\/varaosat\/polkimet\/klossit-ja-varaosat\/ruuvit-spd-sl-klossiin-6kpl-13mm\/#breadcrumb"},"inLanguage":"sv-SE","potentialAction":[{"@type":"ReadAction","target":["https:\/\/vmsport.fi\/verkkokauppa\/varaosat\/polkimet\/klossit-ja-varaosat\/ruuvit-spd-sl-klossiin-6kpl-13mm\/"]}]},{"@type":"ImageObject","inLanguage":"sv-SE","@id":"https:\/\/vmsport.fi\/verkkokauppa\/varaosat\/polkimet\/klossit-ja-varaosat\/ruuvit-spd-sl-klossiin-6kpl-13mm\/#primaryimage","url":"https:\/\/vmsport.fi\/wp-content\/uploads\/2025\/03\/5vQNPQ5qIMk0XHcYWCbjUegYHig4IKRECZYDb1MC1GcEucKv1n-1.jpg","contentUrl":"https:\/\/vmsport.fi\/wp-content\/uploads\/2025\/03\/5vQNPQ5qIMk0XHcYWCbjUegYHig4IKRECZYDb1MC1GcEucKv1n-1.jpg","width":600,"height":600,"caption":"5vQNPQ5qIMk0XHcYWCbjUegYHig4IKRECZYDb1MC1GcEucKv1n"},{"@type":"BreadcrumbList","@id":"https:\/\/vmsport.fi\/verkkokauppa\/varaosat\/polkimet\/klossit-ja-varaosat\/ruuvit-spd-sl-klossiin-6kpl-13mm\/#breadcrumb","itemListElement":[{"@type":"ListItem","position":1,"name":"Etusivu","item":"https:\/\/vmsport.fi\/"},{"@type":"ListItem","position":2,"name":"Online Store","item":"https:\/\/vmsport.fi\/en\/online-store\/"},{"@type":"ListItem","position":3,"name":"Ruuvit SPD-SL-klossiin 6kpl, 13mm"}]},{"@type":"WebSite","@id":"https:\/\/vmsport.fi\/#website","url":"https:\/\/vmsport.fi\/","name":"Vmsport","description":"Allt p\u00e5 ett st\u00e4lle f\u00f6r cykling","publisher":{"@id":"https:\/\/vmsport.fi\/#organization"},"potentialAction":[{"@type":"SearchAction","target":{"@type":"EntryPoint","urlTemplate":"https:\/\/vmsport.fi\/?s={search_term_string}"},"query-input":{"@type":"PropertyValueSpecification","valueRequired":true,"valueName":"search_term_string"}}],"inLanguage":"sv-SE"},{"@type":"Organization","@id":"https:\/\/vmsport.fi\/#organization","name":"Vmsport","url":"https:\/\/vmsport.fi\/","logo":{"@type":"ImageObject","inLanguage":"sv-SE","@id":"https:\/\/vmsport.fi\/#\/schema\/logo\/image\/","url":"https:\/\/vmsport.fi\/wp-content\/uploads\/2024\/12\/vm_sport_RGB_horisontal-e1734526017575.png","contentUrl":"https:\/\/vmsport.fi\/wp-content\/uploads\/2024\/12\/vm_sport_RGB_horisontal-e1734526017575.png","width":668,"height":85,"caption":"Vmsport"},"image":{"@id":"https:\/\/vmsport.fi\/#\/schema\/logo\/image\/"},"sameAs":["https:\/\/www.facebook.com\/Vmsport.fi\/","https:\/\/www.instagram.com\/vmsport\/"]}]}},"global_unique_id":"","_links":{"self":[{"href":"https:\/\/vmsport.fi\/sv\/wp-json\/wp\/v2\/product\/54578","targetHints":{"allow":["GET"]}}],"collection":[{"href":"https:\/\/vmsport.fi\/sv\/wp-json\/wp\/v2\/product"}],"about":[{"href":"https:\/\/vmsport.fi\/sv\/wp-json\/wp\/v2\/types\/product"}],"replies":[{"embeddable":true,"href":"https:\/\/vmsport.fi\/sv\/wp-json\/wp\/v2\/comments?post=54578"}],"wp:featuredmedia":[{"embeddable":true,"href":"https:\/\/vmsport.fi\/sv\/wp-json\/wp\/v2\/media\/54577"}],"wp:attachment":[{"href":"https:\/\/vmsport.fi\/sv\/wp-json\/wp\/v2\/media?parent=54578"}],"wp:term":[{"taxonomy":"product_brand","embeddable":true,"href":"https:\/\/vmsport.fi\/sv\/wp-json\/wp\/v2\/product_brand?post=54578"},{"taxonomy":"product_model","embeddable":true,"href":"https:\/\/vmsport.fi\/sv\/wp-json\/wp\/v2\/product_model?post=54578"},{"taxonomy":"product_cat","embeddable":true,"href":"https:\/\/vmsport.fi\/sv\/wp-json\/wp\/v2\/product_cat?post=54578"},{"taxonomy":"product_tag","embeddable":true,"href":"https:\/\/vmsport.fi\/sv\/wp-json\/wp\/v2\/product_tag?post=54578"},{"taxonomy":"industry_terminology","embeddable":true,"href":"https:\/\/vmsport.fi\/sv\/wp-json\/wp\/v2\/industry-terminology?post=54578"}],"curies":[{"name":"wp","href":"https:\/\/api.w.org\/{rel}","templated":true}]}}