{"id":54549,"date":"2025-03-05T23:54:52","date_gmt":"2025-03-05T21:54:52","guid":{"rendered":"https:\/\/vmsport.fi\/verkkokauppa\/Ei-luokiteltu\/unior-cassette-remover-for-sram-and-shimano\/"},"modified":"2026-01-16T13:22:34","modified_gmt":"2026-01-16T11:22:34","slug":"unior-cassette-remover-for-sram-and-shimano","status":"publish","type":"product","link":"https:\/\/vmsport.fi\/sv\/verkkokauppa\/tarvikkeet\/tyokalut\/voimansiirtotyokalut\/unior-cassette-remover-for-sram-and-shimano\/","title":{"rendered":"UNIOR Kassettborttagare f\u00f6r SRAM och Shimano"},"content":{"rendered":"<p>UNIORin kasetinpoistoty\u00f6kalu SRAMille ja Shimanolle on suunniteltu sopivaksi useimpiin 7\u201312-vaihteisiin vapaakappalepakkoihin, ja se tarjoaa erinomaisen k\u00e4ytt\u00f6varmuuden. Sen kara on valmistettu kest\u00e4v\u00e4st\u00e4 karkaistusta ter\u00e4ksest\u00e4, joka takaa pitk\u00e4ik\u00e4isen suorituskyvyn. Ty\u00f6kalun ulkokeh\u00e4n halkaisija on yksi tuuma.<\/p>\n<p>Ty\u00f6kalua voi k\u00e4ytt\u00e4\u00e4 monipuolisesti 1 tuuman hylsyn, s\u00e4\u00e4dett\u00e4v\u00e4n jakoavaimen tai penkkiruuvin kanssa. Kun tarvitset lis\u00e4vakautta kasetin irrottamiseen, voit k\u00e4ytt\u00e4\u00e4 ketjuavainta est\u00e4m\u00e4\u00e4n vapaarattaan py\u00f6rimisen irrotuksen aikana.<\/p>\n<p>Erityisominaisuutena t\u00e4m\u00e4 ty\u00f6kalu on suunniteltu sopimaan my\u00f6s useimpiin sis\u00e4isiin levyjarruroottoreihin, joissa on 12 sis\u00e4ist\u00e4 puolaa. N\u00e4in varmistat tehokkaan kasettien irrotuksen ja asennuksen, mik\u00e4 tekee py\u00f6r\u00e4nhuollosta luotettavaa ja helppoa.<\/p>","protected":false},"excerpt":{"rendered":"<p>UNIORin kasetinpoistoty\u00f6kalu SRAMille ja Shimanolle on suunniteltu sopivaksi useimpiin 7\u201312-vaihteisiin vapaakappalepakkoihin, ja se tarjoaa erinomaisen k\u00e4ytt\u00f6varmuuden. Sen kara on valmistettu kest\u00e4v\u00e4st\u00e4 karkaistusta ter\u00e4ksest\u00e4, joka takaa pitk\u00e4ik\u00e4isen suorituskyvyn. Ty\u00f6kalun ulkokeh\u00e4n halkaisija on yksi tuuma. Ty\u00f6kalua voi k\u00e4ytt\u00e4\u00e4 monipuolisesti 1 tuuman hylsyn, s\u00e4\u00e4dett\u00e4v\u00e4n jakoavaimen tai penkkiruuvin kanssa. Kun tarvitset lis\u00e4vakautta kasetin irrottamiseen, voit k\u00e4ytt\u00e4\u00e4 ketjuavainta est\u00e4m\u00e4\u00e4n vapaarattaan [&#8230;]<\/p>\n<p><a class=\"btn btn-secondary understrap-read-more-link\" href=\"https:\/\/vmsport.fi\/sv\/verkkokauppa\/tarvikkeet\/tyokalut\/voimansiirtotyokalut\/unior-cassette-remover-for-sram-and-shimano\/\">L\u00e4s mer \u2026<span class=\"screen-reader-text\"> from UNIOR Cassette remover For SRAM and Shimano<\/span><\/a><\/p>\n","protected":false},"featured_media":54548,"comment_status":"open","ping_status":"closed","template":"","meta":{"_acf_changed":false,"_improvement_type_select":"improve_an_existing","_thumb_yes_seoaic":false,"_frame_yes_seoaic":false,"seoaic_generate_description":"","seoaic_improve_instructions_prompt":"","seoaic_rollback_content_improvement":"","seoaic_idea_thumbnail_generator":"","thumbnail_generated":false,"thumbnail_generate_prompt":"","seoaic_article_description":"","_supplier_stock_quantity":0},"product_brand":[1588],"product_model":[],"product_cat":[9342],"product_tag":[],"industry-terminology":[],"class_list":{"0":"post-54549","1":"product","2":"type-product","3":"status-publish","4":"has-post-thumbnail","6":"product_brand-sram","7":"product_cat-voimansiirtotyokalut","9":"first","10":"outofstock","11":"taxable","12":"shipping-taxable","13":"product-type-simple"},"acf":{"bike_features":null,"overview":{"copy_overview":null,"key_features":null,"statement":"","youtube_url":""}},"yoast_head":"<!-- This site is optimized with the Yoast SEO plugin v27.3 - https:\/\/yoast.com\/product\/yoast-seo-wordpress\/ -->\n<title>UNIOR Cassette remover For SRAM and Shimano - VM Sport<\/title>\n<meta name=\"robots\" content=\"index, follow, max-snippet:-1, max-image-preview:large, max-video-preview:-1\" \/>\n<link rel=\"canonical\" href=\"https:\/\/vmsport.fi\/sv\/webbutik\/tillbehor\/tyokalut\/transmissionsfasten\/unior-cassette-remover-for-sram-and-shimano\/\" \/>\n<meta property=\"og:locale\" content=\"sv_SE\" \/>\n<meta property=\"og:type\" content=\"article\" \/>\n<meta property=\"og:title\" content=\"UNIOR Cassette remover For SRAM and Shimano - VM Sport\" \/>\n<meta property=\"og:description\" content=\"UNIORin kasetinpoistoty\u00f6kalu SRAMille ja Shimanolle on suunniteltu sopivaksi useimpiin 7\u201312-vaihteisiin vapaakappalepakkoihin, ja se tarjoaa erinomaisen k\u00e4ytt\u00f6varmuuden. Sen kara on valmistettu kest\u00e4v\u00e4st\u00e4 karkaistusta ter\u00e4ksest\u00e4, joka takaa pitk\u00e4ik\u00e4isen suorituskyvyn. Ty\u00f6kalun ulkokeh\u00e4n halkaisija on yksi tuuma. Ty\u00f6kalua voi k\u00e4ytt\u00e4\u00e4 monipuolisesti 1 tuuman hylsyn, s\u00e4\u00e4dett\u00e4v\u00e4n jakoavaimen tai penkkiruuvin kanssa. Kun tarvitset lis\u00e4vakautta kasetin irrottamiseen, voit k\u00e4ytt\u00e4\u00e4 ketjuavainta est\u00e4m\u00e4\u00e4n vapaarattaan [...]L\u00e4s mer \u2026 from UNIOR Cassette remover For SRAM and Shimano\" \/>\n<meta property=\"og:url\" content=\"https:\/\/vmsport.fi\/sv\/webbutik\/tillbehor\/tyokalut\/transmissionsfasten\/unior-cassette-remover-for-sram-and-shimano\/\" \/>\n<meta property=\"og:site_name\" content=\"VM Sport\" \/>\n<meta property=\"article:publisher\" content=\"https:\/\/www.facebook.com\/Vmsport.fi\/\" \/>\n<meta property=\"article:modified_time\" content=\"2026-01-16T11:22:34+00:00\" \/>\n<meta property=\"og:image\" content=\"https:\/\/vmsport.fi\/wp-content\/uploads\/2025\/03\/0pmhlS8T7YPhMn7M1A6j3GOLd0RP5T7qmzTz3MyvgH7Skt5pmf-1.jpg\" \/>\n\t<meta property=\"og:image:width\" content=\"250\" \/>\n\t<meta property=\"og:image:height\" content=\"150\" \/>\n\t<meta property=\"og:image:type\" content=\"image\/jpeg\" \/>\n<meta name=\"twitter:card\" content=\"summary_large_image\" \/>\n<meta name=\"twitter:label1\" content=\"Ber\u00e4knad l\u00e4stid\" \/>\n\t<meta name=\"twitter:data1\" content=\"1 minut\" \/>\n<script type=\"application\/ld+json\" class=\"yoast-schema-graph\">{\"@context\":\"https:\\\/\\\/schema.org\",\"@graph\":[{\"@type\":[\"WebPage\",\"ItemPage\"],\"@id\":\"https:\\\/\\\/vmsport.fi\\\/verkkokauppa\\\/tarvikkeet\\\/tyokalut\\\/voimansiirtotyokalut\\\/unior-cassette-remover-for-sram-and-shimano\\\/\",\"url\":\"https:\\\/\\\/vmsport.fi\\\/verkkokauppa\\\/tarvikkeet\\\/tyokalut\\\/voimansiirtotyokalut\\\/unior-cassette-remover-for-sram-and-shimano\\\/\",\"name\":\"UNIOR Cassette remover For SRAM and Shimano - VM Sport\",\"isPartOf\":{\"@id\":\"https:\\\/\\\/vmsport.fi\\\/#website\"},\"primaryImageOfPage\":{\"@id\":\"https:\\\/\\\/vmsport.fi\\\/verkkokauppa\\\/tarvikkeet\\\/tyokalut\\\/voimansiirtotyokalut\\\/unior-cassette-remover-for-sram-and-shimano\\\/#primaryimage\"},\"image\":{\"@id\":\"https:\\\/\\\/vmsport.fi\\\/verkkokauppa\\\/tarvikkeet\\\/tyokalut\\\/voimansiirtotyokalut\\\/unior-cassette-remover-for-sram-and-shimano\\\/#primaryimage\"},\"thumbnailUrl\":\"https:\\\/\\\/vmsport.fi\\\/wp-content\\\/uploads\\\/2025\\\/03\\\/0pmhlS8T7YPhMn7M1A6j3GOLd0RP5T7qmzTz3MyvgH7Skt5pmf-1.jpg\",\"datePublished\":\"2025-03-05T21:54:52+00:00\",\"dateModified\":\"2026-01-16T11:22:34+00:00\",\"breadcrumb\":{\"@id\":\"https:\\\/\\\/vmsport.fi\\\/verkkokauppa\\\/tarvikkeet\\\/tyokalut\\\/voimansiirtotyokalut\\\/unior-cassette-remover-for-sram-and-shimano\\\/#breadcrumb\"},\"inLanguage\":\"sv-SE\",\"potentialAction\":[{\"@type\":\"ReadAction\",\"target\":[\"https:\\\/\\\/vmsport.fi\\\/verkkokauppa\\\/tarvikkeet\\\/tyokalut\\\/voimansiirtotyokalut\\\/unior-cassette-remover-for-sram-and-shimano\\\/\"]}]},{\"@type\":\"ImageObject\",\"inLanguage\":\"sv-SE\",\"@id\":\"https:\\\/\\\/vmsport.fi\\\/verkkokauppa\\\/tarvikkeet\\\/tyokalut\\\/voimansiirtotyokalut\\\/unior-cassette-remover-for-sram-and-shimano\\\/#primaryimage\",\"url\":\"https:\\\/\\\/vmsport.fi\\\/wp-content\\\/uploads\\\/2025\\\/03\\\/0pmhlS8T7YPhMn7M1A6j3GOLd0RP5T7qmzTz3MyvgH7Skt5pmf-1.jpg\",\"contentUrl\":\"https:\\\/\\\/vmsport.fi\\\/wp-content\\\/uploads\\\/2025\\\/03\\\/0pmhlS8T7YPhMn7M1A6j3GOLd0RP5T7qmzTz3MyvgH7Skt5pmf-1.jpg\",\"width\":250,\"height\":150,\"caption\":\"0pmhlS8T7YPhMn7M1A6j3GOLd0RP5T7qmzTz3MyvgH7Skt5pmf\"},{\"@type\":\"BreadcrumbList\",\"@id\":\"https:\\\/\\\/vmsport.fi\\\/verkkokauppa\\\/tarvikkeet\\\/tyokalut\\\/voimansiirtotyokalut\\\/unior-cassette-remover-for-sram-and-shimano\\\/#breadcrumb\",\"itemListElement\":[{\"@type\":\"ListItem\",\"position\":1,\"name\":\"Etusivu\",\"item\":\"https:\\\/\\\/vmsport.fi\\\/\"},{\"@type\":\"ListItem\",\"position\":2,\"name\":\"Online Store\",\"item\":\"https:\\\/\\\/vmsport.fi\\\/en\\\/online-store\\\/\"},{\"@type\":\"ListItem\",\"position\":3,\"name\":\"Sram\",\"item\":\"https:\\\/\\\/vmsport.fi\\\/merkki\\\/sram\\\/\"},{\"@type\":\"ListItem\",\"position\":4,\"name\":\"UNIOR Cassette remover For SRAM and Shimano\"}]},{\"@type\":\"WebSite\",\"@id\":\"https:\\\/\\\/vmsport.fi\\\/#website\",\"url\":\"https:\\\/\\\/vmsport.fi\\\/\",\"name\":\"Vmsport\",\"description\":\"Kaikki py\u00f6r\u00e4ilyyn yhdest\u00e4 paikasta\",\"publisher\":{\"@id\":\"https:\\\/\\\/vmsport.fi\\\/#organization\"},\"potentialAction\":[{\"@type\":\"SearchAction\",\"target\":{\"@type\":\"EntryPoint\",\"urlTemplate\":\"https:\\\/\\\/vmsport.fi\\\/?s={search_term_string}\"},\"query-input\":{\"@type\":\"PropertyValueSpecification\",\"valueRequired\":true,\"valueName\":\"search_term_string\"}}],\"inLanguage\":\"sv-SE\"},{\"@type\":\"Organization\",\"@id\":\"https:\\\/\\\/vmsport.fi\\\/#organization\",\"name\":\"Vmsport\",\"url\":\"https:\\\/\\\/vmsport.fi\\\/\",\"logo\":{\"@type\":\"ImageObject\",\"inLanguage\":\"sv-SE\",\"@id\":\"https:\\\/\\\/vmsport.fi\\\/#\\\/schema\\\/logo\\\/image\\\/\",\"url\":\"https:\\\/\\\/vmsport.fi\\\/wp-content\\\/uploads\\\/2024\\\/12\\\/vm_sport_RGB_horisontal-e1734526017575.png\",\"contentUrl\":\"https:\\\/\\\/vmsport.fi\\\/wp-content\\\/uploads\\\/2024\\\/12\\\/vm_sport_RGB_horisontal-e1734526017575.png\",\"width\":668,\"height\":85,\"caption\":\"Vmsport\"},\"image\":{\"@id\":\"https:\\\/\\\/vmsport.fi\\\/#\\\/schema\\\/logo\\\/image\\\/\"},\"sameAs\":[\"https:\\\/\\\/www.facebook.com\\\/Vmsport.fi\\\/\",\"https:\\\/\\\/www.instagram.com\\\/vmsport\\\/\"]}]}<\/script>\n<!-- \/ Yoast SEO plugin. -->","yoast_head_json":{"title":"UNIOR Cassette remover For SRAM and Shimano - VM Sport","robots":{"index":"index","follow":"follow","max-snippet":"max-snippet:-1","max-image-preview":"max-image-preview:large","max-video-preview":"max-video-preview:-1"},"canonical":"https:\/\/vmsport.fi\/sv\/webbutik\/tillbehor\/tyokalut\/transmissionsfasten\/unior-cassette-remover-for-sram-and-shimano\/","og_locale":"sv_SE","og_type":"article","og_title":"UNIOR Cassette remover For SRAM and Shimano - VM Sport","og_description":"UNIORin kasetinpoistoty\u00f6kalu SRAMille ja Shimanolle on suunniteltu sopivaksi useimpiin 7\u201312-vaihteisiin vapaakappalepakkoihin, ja se tarjoaa erinomaisen k\u00e4ytt\u00f6varmuuden. Sen kara on valmistettu kest\u00e4v\u00e4st\u00e4 karkaistusta ter\u00e4ksest\u00e4, joka takaa pitk\u00e4ik\u00e4isen suorituskyvyn. Ty\u00f6kalun ulkokeh\u00e4n halkaisija on yksi tuuma. Ty\u00f6kalua voi k\u00e4ytt\u00e4\u00e4 monipuolisesti 1 tuuman hylsyn, s\u00e4\u00e4dett\u00e4v\u00e4n jakoavaimen tai penkkiruuvin kanssa. Kun tarvitset lis\u00e4vakautta kasetin irrottamiseen, voit k\u00e4ytt\u00e4\u00e4 ketjuavainta est\u00e4m\u00e4\u00e4n vapaarattaan [...]L\u00e4s mer \u2026 from UNIOR Cassette remover For SRAM and Shimano","og_url":"https:\/\/vmsport.fi\/sv\/webbutik\/tillbehor\/tyokalut\/transmissionsfasten\/unior-cassette-remover-for-sram-and-shimano\/","og_site_name":"VM Sport","article_publisher":"https:\/\/www.facebook.com\/Vmsport.fi\/","article_modified_time":"2026-01-16T11:22:34+00:00","og_image":[{"width":250,"height":150,"url":"https:\/\/vmsport.fi\/wp-content\/uploads\/2025\/03\/0pmhlS8T7YPhMn7M1A6j3GOLd0RP5T7qmzTz3MyvgH7Skt5pmf-1.jpg","type":"image\/jpeg"}],"twitter_card":"summary_large_image","twitter_misc":{"Ber\u00e4knad l\u00e4stid":"1 minut"},"schema":{"@context":"https:\/\/schema.org","@graph":[{"@type":["WebPage","ItemPage"],"@id":"https:\/\/vmsport.fi\/verkkokauppa\/tarvikkeet\/tyokalut\/voimansiirtotyokalut\/unior-cassette-remover-for-sram-and-shimano\/","url":"https:\/\/vmsport.fi\/verkkokauppa\/tarvikkeet\/tyokalut\/voimansiirtotyokalut\/unior-cassette-remover-for-sram-and-shimano\/","name":"UNIOR Cassette remover For SRAM and Shimano - VM Sport","isPartOf":{"@id":"https:\/\/vmsport.fi\/#website"},"primaryImageOfPage":{"@id":"https:\/\/vmsport.fi\/verkkokauppa\/tarvikkeet\/tyokalut\/voimansiirtotyokalut\/unior-cassette-remover-for-sram-and-shimano\/#primaryimage"},"image":{"@id":"https:\/\/vmsport.fi\/verkkokauppa\/tarvikkeet\/tyokalut\/voimansiirtotyokalut\/unior-cassette-remover-for-sram-and-shimano\/#primaryimage"},"thumbnailUrl":"https:\/\/vmsport.fi\/wp-content\/uploads\/2025\/03\/0pmhlS8T7YPhMn7M1A6j3GOLd0RP5T7qmzTz3MyvgH7Skt5pmf-1.jpg","datePublished":"2025-03-05T21:54:52+00:00","dateModified":"2026-01-16T11:22:34+00:00","breadcrumb":{"@id":"https:\/\/vmsport.fi\/verkkokauppa\/tarvikkeet\/tyokalut\/voimansiirtotyokalut\/unior-cassette-remover-for-sram-and-shimano\/#breadcrumb"},"inLanguage":"sv-SE","potentialAction":[{"@type":"ReadAction","target":["https:\/\/vmsport.fi\/verkkokauppa\/tarvikkeet\/tyokalut\/voimansiirtotyokalut\/unior-cassette-remover-for-sram-and-shimano\/"]}]},{"@type":"ImageObject","inLanguage":"sv-SE","@id":"https:\/\/vmsport.fi\/verkkokauppa\/tarvikkeet\/tyokalut\/voimansiirtotyokalut\/unior-cassette-remover-for-sram-and-shimano\/#primaryimage","url":"https:\/\/vmsport.fi\/wp-content\/uploads\/2025\/03\/0pmhlS8T7YPhMn7M1A6j3GOLd0RP5T7qmzTz3MyvgH7Skt5pmf-1.jpg","contentUrl":"https:\/\/vmsport.fi\/wp-content\/uploads\/2025\/03\/0pmhlS8T7YPhMn7M1A6j3GOLd0RP5T7qmzTz3MyvgH7Skt5pmf-1.jpg","width":250,"height":150,"caption":"0pmhlS8T7YPhMn7M1A6j3GOLd0RP5T7qmzTz3MyvgH7Skt5pmf"},{"@type":"BreadcrumbList","@id":"https:\/\/vmsport.fi\/verkkokauppa\/tarvikkeet\/tyokalut\/voimansiirtotyokalut\/unior-cassette-remover-for-sram-and-shimano\/#breadcrumb","itemListElement":[{"@type":"ListItem","position":1,"name":"Etusivu","item":"https:\/\/vmsport.fi\/"},{"@type":"ListItem","position":2,"name":"Online Store","item":"https:\/\/vmsport.fi\/en\/online-store\/"},{"@type":"ListItem","position":3,"name":"Sram","item":"https:\/\/vmsport.fi\/merkki\/sram\/"},{"@type":"ListItem","position":4,"name":"UNIOR Cassette remover For SRAM and Shimano"}]},{"@type":"WebSite","@id":"https:\/\/vmsport.fi\/#website","url":"https:\/\/vmsport.fi\/","name":"Vmsport","description":"Allt p\u00e5 ett st\u00e4lle f\u00f6r cykling","publisher":{"@id":"https:\/\/vmsport.fi\/#organization"},"potentialAction":[{"@type":"SearchAction","target":{"@type":"EntryPoint","urlTemplate":"https:\/\/vmsport.fi\/?s={search_term_string}"},"query-input":{"@type":"PropertyValueSpecification","valueRequired":true,"valueName":"search_term_string"}}],"inLanguage":"sv-SE"},{"@type":"Organization","@id":"https:\/\/vmsport.fi\/#organization","name":"Vmsport","url":"https:\/\/vmsport.fi\/","logo":{"@type":"ImageObject","inLanguage":"sv-SE","@id":"https:\/\/vmsport.fi\/#\/schema\/logo\/image\/","url":"https:\/\/vmsport.fi\/wp-content\/uploads\/2024\/12\/vm_sport_RGB_horisontal-e1734526017575.png","contentUrl":"https:\/\/vmsport.fi\/wp-content\/uploads\/2024\/12\/vm_sport_RGB_horisontal-e1734526017575.png","width":668,"height":85,"caption":"Vmsport"},"image":{"@id":"https:\/\/vmsport.fi\/#\/schema\/logo\/image\/"},"sameAs":["https:\/\/www.facebook.com\/Vmsport.fi\/","https:\/\/www.instagram.com\/vmsport\/"]}]}},"global_unique_id":"","_links":{"self":[{"href":"https:\/\/vmsport.fi\/sv\/wp-json\/wp\/v2\/product\/54549","targetHints":{"allow":["GET"]}}],"collection":[{"href":"https:\/\/vmsport.fi\/sv\/wp-json\/wp\/v2\/product"}],"about":[{"href":"https:\/\/vmsport.fi\/sv\/wp-json\/wp\/v2\/types\/product"}],"replies":[{"embeddable":true,"href":"https:\/\/vmsport.fi\/sv\/wp-json\/wp\/v2\/comments?post=54549"}],"wp:featuredmedia":[{"embeddable":true,"href":"https:\/\/vmsport.fi\/sv\/wp-json\/wp\/v2\/media\/54548"}],"wp:attachment":[{"href":"https:\/\/vmsport.fi\/sv\/wp-json\/wp\/v2\/media?parent=54549"}],"wp:term":[{"taxonomy":"product_brand","embeddable":true,"href":"https:\/\/vmsport.fi\/sv\/wp-json\/wp\/v2\/product_brand?post=54549"},{"taxonomy":"product_model","embeddable":true,"href":"https:\/\/vmsport.fi\/sv\/wp-json\/wp\/v2\/product_model?post=54549"},{"taxonomy":"product_cat","embeddable":true,"href":"https:\/\/vmsport.fi\/sv\/wp-json\/wp\/v2\/product_cat?post=54549"},{"taxonomy":"product_tag","embeddable":true,"href":"https:\/\/vmsport.fi\/sv\/wp-json\/wp\/v2\/product_tag?post=54549"},{"taxonomy":"industry_terminology","embeddable":true,"href":"https:\/\/vmsport.fi\/sv\/wp-json\/wp\/v2\/industry-terminology?post=54549"}],"curies":[{"name":"wp","href":"https:\/\/api.w.org\/{rel}","templated":true}]}}