{"id":54533,"date":"2025-03-05T23:54:46","date_gmt":"2025-03-05T21:54:46","guid":{"rendered":"https:\/\/vmsport.fi\/verkkokauppa\/Ei-luokiteltu\/pikalokasuoja-eteen-26-275-29-polisport-xcape-evo\/"},"modified":"2026-04-22T15:03:57","modified_gmt":"2026-04-22T12:03:57","slug":"snabbkoppling-fram-26-275-29-polisport-xcape-evo","status":"publish","type":"product","link":"https:\/\/vmsport.fi\/sv\/verkkokauppa\/tarvikkeet\/lokasuojat\/etulokasuojat\/pikalokasuoja-eteen-26-275-29-polisport-xcape-evo\/","title":{"rendered":"Snabbkoppling fram 26\u2033\/27,5\u2033\/29\u2033, POLISPORT XCAPE EVO"},"content":{"rendered":"<p>Polisport Xcape Evo cykelst\u00e4nkskydd ger ett effektivt skydd f\u00f6r framhjulet och passar cyklar p\u00e5 26, 27,5 och 29 tum. St\u00e4nksk\u00e4rmen \u00e4r tillverkad av l\u00e4tt och slitstarkt material och \u00e4r l\u00e4tt att montera och ta bort. Den aerodynamiska designen minskar luftmotst\u00e5ndet vid terr\u00e4ngk\u00f6rning, vilket g\u00f6r det till ett utm\u00e4rkt val f\u00f6r cyklister som v\u00e4rdes\u00e4tter b\u00e5de komfort och funktionalitet. St\u00e4nkskyddet minskar st\u00e4nk och smutsansamlingar, vilket h\u00e5ller cykeln och kl\u00e4derna rena \u00e4ven under l\u00e5nga cykelturer. Polisports h\u00f6ga kvalitet och innovativa design g\u00f6r den h\u00e4r produkten till ett p\u00e5litligt val f\u00f6r alla cyklister.<\/p>","protected":false},"excerpt":{"rendered":"<p>Polisport Xcape Evo -pikalokasuoja tarjoaa tehokkaan suojan etupy\u00f6r\u00e4lle ja sopii 26, 27,5 ja 29 tuuman polkupy\u00f6riin. Kevyest\u00e4 ja kest\u00e4v\u00e4st\u00e4 materiaalista valmistettu lokasuoja on helppo kiinnitt\u00e4\u00e4 ja irrottaa. Sen aerodynaaminen muotoilu v\u00e4hent\u00e4\u00e4 vastusta maastossa ajaessa, tehden siit\u00e4 erinomaisen valinnan py\u00f6r\u00e4ilij\u00f6ille, jotka arvostavat sek\u00e4 mukavuutta ett\u00e4 toimivuutta. Lokasuojan avulla v\u00e4henn\u00e4t roiskeita ja lian kertymist\u00e4, joten py\u00f6r\u00e4 ja [&#8230;]<\/p>\n<p><a class=\"btn btn-secondary understrap-read-more-link\" href=\"https:\/\/vmsport.fi\/sv\/verkkokauppa\/tarvikkeet\/lokasuojat\/etulokasuojat\/pikalokasuoja-eteen-26-275-29-polisport-xcape-evo\/\">L\u00e4s mer \u2026<span class=\"screen-reader-text\"> from Pikalokasuoja eteen 26&#8243;\/27,5&#8243;\/29&#8243;, POLISPORT XCAPE EVO<\/span><\/a><\/p>\n","protected":false},"featured_media":54532,"comment_status":"open","ping_status":"closed","template":"","meta":{"_acf_changed":false,"_improvement_type_select":"improve_an_existing","_thumb_yes_seoaic":false,"_frame_yes_seoaic":false,"seoaic_generate_description":"","seoaic_improve_instructions_prompt":"","seoaic_rollback_content_improvement":"","seoaic_idea_thumbnail_generator":"","thumbnail_generated":false,"thumbnail_generate_prompt":"","seoaic_article_description":"","_supplier_stock_quantity":0},"product_brand":[],"product_model":[],"product_cat":[9570],"product_tag":[],"industry-terminology":[],"class_list":{"0":"post-54533","1":"product","2":"type-product","3":"status-publish","4":"has-post-thumbnail","6":"product_cat-etulokasuojat","8":"first","9":"instock","10":"taxable","11":"shipping-taxable","12":"purchasable","13":"product-type-simple"},"acf":{"bike_features":null,"overview":{"copy_overview":null,"key_features":null,"statement":"","youtube_url":""}},"yoast_head":"<!-- This site is optimized with the Yoast SEO plugin v27.4 - https:\/\/yoast.com\/product\/yoast-seo-wordpress\/ -->\n<title>Pikalokasuoja eteen 26&quot;\/27,5&quot;\/29&quot;, POLISPORT XCAPE EVO - VM Sport<\/title>\n<meta name=\"robots\" content=\"index, follow, max-snippet:-1, max-image-preview:large, max-video-preview:-1\" \/>\n<link rel=\"canonical\" href=\"https:\/\/vmsport.fi\/sv\/webbutik\/tillbehor\/stankskarmar\/frontskydd\/snabbkoppling-fram-26-275-29-polisport-xcape-evo\/\" \/>\n<meta property=\"og:locale\" content=\"sv_SE\" \/>\n<meta property=\"og:type\" content=\"article\" \/>\n<meta property=\"og:title\" content=\"Pikalokasuoja eteen 26&quot;\/27,5&quot;\/29&quot;, POLISPORT XCAPE EVO - VM Sport\" \/>\n<meta property=\"og:description\" content=\"Polisport Xcape Evo -pikalokasuoja tarjoaa tehokkaan suojan etupy\u00f6r\u00e4lle ja sopii 26, 27,5 ja 29 tuuman polkupy\u00f6riin. Kevyest\u00e4 ja kest\u00e4v\u00e4st\u00e4 materiaalista valmistettu lokasuoja on helppo kiinnitt\u00e4\u00e4 ja irrottaa. Sen aerodynaaminen muotoilu v\u00e4hent\u00e4\u00e4 vastusta maastossa ajaessa, tehden siit\u00e4 erinomaisen valinnan py\u00f6r\u00e4ilij\u00f6ille, jotka arvostavat sek\u00e4 mukavuutta ett\u00e4 toimivuutta. Lokasuojan avulla v\u00e4henn\u00e4t roiskeita ja lian kertymist\u00e4, joten py\u00f6r\u00e4 ja [...]L\u00e4s mer \u2026 from Pikalokasuoja eteen 26&#8243;\/27,5&#8243;\/29&#8243;, POLISPORT XCAPE EVO\" \/>\n<meta property=\"og:url\" content=\"https:\/\/vmsport.fi\/sv\/webbutik\/tillbehor\/stankskarmar\/frontskydd\/snabbkoppling-fram-26-275-29-polisport-xcape-evo\/\" \/>\n<meta property=\"og:site_name\" content=\"VM Sport\" \/>\n<meta property=\"article:publisher\" content=\"https:\/\/www.facebook.com\/Vmsport.fi\/\" \/>\n<meta property=\"article:modified_time\" content=\"2026-04-22T12:03:57+00:00\" \/>\n<meta property=\"og:image\" content=\"https:\/\/vmsport.fi\/wp-content\/uploads\/2025\/03\/8623400001-2-1.jpg\" \/>\n\t<meta property=\"og:image:width\" content=\"1000\" \/>\n\t<meta property=\"og:image:height\" content=\"1000\" \/>\n\t<meta property=\"og:image:type\" content=\"image\/jpeg\" \/>\n<meta name=\"twitter:card\" content=\"summary_large_image\" \/>\n<script type=\"application\/ld+json\" class=\"yoast-schema-graph\">{\"@context\":\"https:\\\/\\\/schema.org\",\"@graph\":[{\"@type\":[\"WebPage\",\"ItemPage\"],\"@id\":\"https:\\\/\\\/vmsport.fi\\\/verkkokauppa\\\/tarvikkeet\\\/lokasuojat\\\/etulokasuojat\\\/pikalokasuoja-eteen-26-275-29-polisport-xcape-evo\\\/\",\"url\":\"https:\\\/\\\/vmsport.fi\\\/verkkokauppa\\\/tarvikkeet\\\/lokasuojat\\\/etulokasuojat\\\/pikalokasuoja-eteen-26-275-29-polisport-xcape-evo\\\/\",\"name\":\"Pikalokasuoja eteen 26\\\"\\\/27,5\\\"\\\/29\\\", POLISPORT XCAPE EVO - VM Sport\",\"isPartOf\":{\"@id\":\"https:\\\/\\\/vmsport.fi\\\/#website\"},\"primaryImageOfPage\":{\"@id\":\"https:\\\/\\\/vmsport.fi\\\/verkkokauppa\\\/tarvikkeet\\\/lokasuojat\\\/etulokasuojat\\\/pikalokasuoja-eteen-26-275-29-polisport-xcape-evo\\\/#primaryimage\"},\"image\":{\"@id\":\"https:\\\/\\\/vmsport.fi\\\/verkkokauppa\\\/tarvikkeet\\\/lokasuojat\\\/etulokasuojat\\\/pikalokasuoja-eteen-26-275-29-polisport-xcape-evo\\\/#primaryimage\"},\"thumbnailUrl\":\"https:\\\/\\\/vmsport.fi\\\/wp-content\\\/uploads\\\/2025\\\/03\\\/8623400001-2-1.jpg\",\"datePublished\":\"2025-03-05T21:54:46+00:00\",\"dateModified\":\"2026-04-22T12:03:57+00:00\",\"breadcrumb\":{\"@id\":\"https:\\\/\\\/vmsport.fi\\\/verkkokauppa\\\/tarvikkeet\\\/lokasuojat\\\/etulokasuojat\\\/pikalokasuoja-eteen-26-275-29-polisport-xcape-evo\\\/#breadcrumb\"},\"inLanguage\":\"sv-SE\",\"potentialAction\":[{\"@type\":\"ReadAction\",\"target\":[\"https:\\\/\\\/vmsport.fi\\\/verkkokauppa\\\/tarvikkeet\\\/lokasuojat\\\/etulokasuojat\\\/pikalokasuoja-eteen-26-275-29-polisport-xcape-evo\\\/\"]}]},{\"@type\":\"ImageObject\",\"inLanguage\":\"sv-SE\",\"@id\":\"https:\\\/\\\/vmsport.fi\\\/verkkokauppa\\\/tarvikkeet\\\/lokasuojat\\\/etulokasuojat\\\/pikalokasuoja-eteen-26-275-29-polisport-xcape-evo\\\/#primaryimage\",\"url\":\"https:\\\/\\\/vmsport.fi\\\/wp-content\\\/uploads\\\/2025\\\/03\\\/8623400001-2-1.jpg\",\"contentUrl\":\"https:\\\/\\\/vmsport.fi\\\/wp-content\\\/uploads\\\/2025\\\/03\\\/8623400001-2-1.jpg\",\"width\":1000,\"height\":1000,\"caption\":\"8623400001-2\"},{\"@type\":\"BreadcrumbList\",\"@id\":\"https:\\\/\\\/vmsport.fi\\\/verkkokauppa\\\/tarvikkeet\\\/lokasuojat\\\/etulokasuojat\\\/pikalokasuoja-eteen-26-275-29-polisport-xcape-evo\\\/#breadcrumb\",\"itemListElement\":[{\"@type\":\"ListItem\",\"position\":1,\"name\":\"Etusivu\",\"item\":\"https:\\\/\\\/vmsport.fi\\\/\"},{\"@type\":\"ListItem\",\"position\":2,\"name\":\"Online Store\",\"item\":\"https:\\\/\\\/vmsport.fi\\\/en\\\/online-store\\\/\"},{\"@type\":\"ListItem\",\"position\":3,\"name\":\"Pikalokasuoja eteen 26&#8243;\\\/27,5&#8243;\\\/29&#8243;, POLISPORT XCAPE EVO\"}]},{\"@type\":\"WebSite\",\"@id\":\"https:\\\/\\\/vmsport.fi\\\/#website\",\"url\":\"https:\\\/\\\/vmsport.fi\\\/\",\"name\":\"Vmsport\",\"description\":\"Kaikki py\u00f6r\u00e4ilyyn yhdest\u00e4 paikasta\",\"publisher\":{\"@id\":\"https:\\\/\\\/vmsport.fi\\\/#organization\"},\"potentialAction\":[{\"@type\":\"SearchAction\",\"target\":{\"@type\":\"EntryPoint\",\"urlTemplate\":\"https:\\\/\\\/vmsport.fi\\\/?s={search_term_string}\"},\"query-input\":{\"@type\":\"PropertyValueSpecification\",\"valueRequired\":true,\"valueName\":\"search_term_string\"}}],\"inLanguage\":\"sv-SE\"},{\"@type\":\"Organization\",\"@id\":\"https:\\\/\\\/vmsport.fi\\\/#organization\",\"name\":\"Vmsport\",\"url\":\"https:\\\/\\\/vmsport.fi\\\/\",\"logo\":{\"@type\":\"ImageObject\",\"inLanguage\":\"sv-SE\",\"@id\":\"https:\\\/\\\/vmsport.fi\\\/#\\\/schema\\\/logo\\\/image\\\/\",\"url\":\"https:\\\/\\\/vmsport.fi\\\/wp-content\\\/uploads\\\/2024\\\/12\\\/vm_sport_RGB_horisontal-e1734526017575.png\",\"contentUrl\":\"https:\\\/\\\/vmsport.fi\\\/wp-content\\\/uploads\\\/2024\\\/12\\\/vm_sport_RGB_horisontal-e1734526017575.png\",\"width\":668,\"height\":85,\"caption\":\"Vmsport\"},\"image\":{\"@id\":\"https:\\\/\\\/vmsport.fi\\\/#\\\/schema\\\/logo\\\/image\\\/\"},\"sameAs\":[\"https:\\\/\\\/www.facebook.com\\\/Vmsport.fi\\\/\",\"https:\\\/\\\/www.instagram.com\\\/vmsport\\\/\"]}]}<\/script>\n<!-- \/ Yoast SEO plugin. -->","yoast_head_json":{"title":"St\u00e4nksk\u00e4rm med snabbkoppling 26\"\/27,5\"\/29\", POLISPORT XCAPE EVO - VM Sport","robots":{"index":"index","follow":"follow","max-snippet":"max-snippet:-1","max-image-preview":"max-image-preview:large","max-video-preview":"max-video-preview:-1"},"canonical":"https:\/\/vmsport.fi\/sv\/webbutik\/tillbehor\/stankskarmar\/frontskydd\/snabbkoppling-fram-26-275-29-polisport-xcape-evo\/","og_locale":"sv_SE","og_type":"article","og_title":"Pikalokasuoja eteen 26\"\/27,5\"\/29\", POLISPORT XCAPE EVO - VM Sport","og_description":"Polisport Xcape Evo -pikalokasuoja tarjoaa tehokkaan suojan etupy\u00f6r\u00e4lle ja sopii 26, 27,5 ja 29 tuuman polkupy\u00f6riin. Kevyest\u00e4 ja kest\u00e4v\u00e4st\u00e4 materiaalista valmistettu lokasuoja on helppo kiinnitt\u00e4\u00e4 ja irrottaa. Sen aerodynaaminen muotoilu v\u00e4hent\u00e4\u00e4 vastusta maastossa ajaessa, tehden siit\u00e4 erinomaisen valinnan py\u00f6r\u00e4ilij\u00f6ille, jotka arvostavat sek\u00e4 mukavuutta ett\u00e4 toimivuutta. Lokasuojan avulla v\u00e4henn\u00e4t roiskeita ja lian kertymist\u00e4, joten py\u00f6r\u00e4 ja [...]L\u00e4s mer \u2026 from Pikalokasuoja eteen 26&#8243;\/27,5&#8243;\/29&#8243;, POLISPORT XCAPE EVO","og_url":"https:\/\/vmsport.fi\/sv\/webbutik\/tillbehor\/stankskarmar\/frontskydd\/snabbkoppling-fram-26-275-29-polisport-xcape-evo\/","og_site_name":"VM Sport","article_publisher":"https:\/\/www.facebook.com\/Vmsport.fi\/","article_modified_time":"2026-04-22T12:03:57+00:00","og_image":[{"width":1000,"height":1000,"url":"https:\/\/vmsport.fi\/wp-content\/uploads\/2025\/03\/8623400001-2-1.jpg","type":"image\/jpeg"}],"twitter_card":"summary_large_image","schema":{"@context":"https:\/\/schema.org","@graph":[{"@type":["WebPage","ItemPage"],"@id":"https:\/\/vmsport.fi\/verkkokauppa\/tarvikkeet\/lokasuojat\/etulokasuojat\/pikalokasuoja-eteen-26-275-29-polisport-xcape-evo\/","url":"https:\/\/vmsport.fi\/verkkokauppa\/tarvikkeet\/lokasuojat\/etulokasuojat\/pikalokasuoja-eteen-26-275-29-polisport-xcape-evo\/","name":"St\u00e4nksk\u00e4rm med snabbkoppling 26\"\/27,5\"\/29\", POLISPORT XCAPE EVO - VM Sport","isPartOf":{"@id":"https:\/\/vmsport.fi\/#website"},"primaryImageOfPage":{"@id":"https:\/\/vmsport.fi\/verkkokauppa\/tarvikkeet\/lokasuojat\/etulokasuojat\/pikalokasuoja-eteen-26-275-29-polisport-xcape-evo\/#primaryimage"},"image":{"@id":"https:\/\/vmsport.fi\/verkkokauppa\/tarvikkeet\/lokasuojat\/etulokasuojat\/pikalokasuoja-eteen-26-275-29-polisport-xcape-evo\/#primaryimage"},"thumbnailUrl":"https:\/\/vmsport.fi\/wp-content\/uploads\/2025\/03\/8623400001-2-1.jpg","datePublished":"2025-03-05T21:54:46+00:00","dateModified":"2026-04-22T12:03:57+00:00","breadcrumb":{"@id":"https:\/\/vmsport.fi\/verkkokauppa\/tarvikkeet\/lokasuojat\/etulokasuojat\/pikalokasuoja-eteen-26-275-29-polisport-xcape-evo\/#breadcrumb"},"inLanguage":"sv-SE","potentialAction":[{"@type":"ReadAction","target":["https:\/\/vmsport.fi\/verkkokauppa\/tarvikkeet\/lokasuojat\/etulokasuojat\/pikalokasuoja-eteen-26-275-29-polisport-xcape-evo\/"]}]},{"@type":"ImageObject","inLanguage":"sv-SE","@id":"https:\/\/vmsport.fi\/verkkokauppa\/tarvikkeet\/lokasuojat\/etulokasuojat\/pikalokasuoja-eteen-26-275-29-polisport-xcape-evo\/#primaryimage","url":"https:\/\/vmsport.fi\/wp-content\/uploads\/2025\/03\/8623400001-2-1.jpg","contentUrl":"https:\/\/vmsport.fi\/wp-content\/uploads\/2025\/03\/8623400001-2-1.jpg","width":1000,"height":1000,"caption":"8623400001-2"},{"@type":"BreadcrumbList","@id":"https:\/\/vmsport.fi\/verkkokauppa\/tarvikkeet\/lokasuojat\/etulokasuojat\/pikalokasuoja-eteen-26-275-29-polisport-xcape-evo\/#breadcrumb","itemListElement":[{"@type":"ListItem","position":1,"name":"Etusivu","item":"https:\/\/vmsport.fi\/"},{"@type":"ListItem","position":2,"name":"Online Store","item":"https:\/\/vmsport.fi\/en\/online-store\/"},{"@type":"ListItem","position":3,"name":"Pikalokasuoja eteen 26&#8243;\/27,5&#8243;\/29&#8243;, POLISPORT XCAPE EVO"}]},{"@type":"WebSite","@id":"https:\/\/vmsport.fi\/#website","url":"https:\/\/vmsport.fi\/","name":"Vmsport","description":"Allt p\u00e5 ett st\u00e4lle f\u00f6r cykling","publisher":{"@id":"https:\/\/vmsport.fi\/#organization"},"potentialAction":[{"@type":"SearchAction","target":{"@type":"EntryPoint","urlTemplate":"https:\/\/vmsport.fi\/?s={search_term_string}"},"query-input":{"@type":"PropertyValueSpecification","valueRequired":true,"valueName":"search_term_string"}}],"inLanguage":"sv-SE"},{"@type":"Organization","@id":"https:\/\/vmsport.fi\/#organization","name":"Vmsport","url":"https:\/\/vmsport.fi\/","logo":{"@type":"ImageObject","inLanguage":"sv-SE","@id":"https:\/\/vmsport.fi\/#\/schema\/logo\/image\/","url":"https:\/\/vmsport.fi\/wp-content\/uploads\/2024\/12\/vm_sport_RGB_horisontal-e1734526017575.png","contentUrl":"https:\/\/vmsport.fi\/wp-content\/uploads\/2024\/12\/vm_sport_RGB_horisontal-e1734526017575.png","width":668,"height":85,"caption":"Vmsport"},"image":{"@id":"https:\/\/vmsport.fi\/#\/schema\/logo\/image\/"},"sameAs":["https:\/\/www.facebook.com\/Vmsport.fi\/","https:\/\/www.instagram.com\/vmsport\/"]}]}},"global_unique_id":"","_links":{"self":[{"href":"https:\/\/vmsport.fi\/sv\/wp-json\/wp\/v2\/product\/54533","targetHints":{"allow":["GET"]}}],"collection":[{"href":"https:\/\/vmsport.fi\/sv\/wp-json\/wp\/v2\/product"}],"about":[{"href":"https:\/\/vmsport.fi\/sv\/wp-json\/wp\/v2\/types\/product"}],"replies":[{"embeddable":true,"href":"https:\/\/vmsport.fi\/sv\/wp-json\/wp\/v2\/comments?post=54533"}],"wp:featuredmedia":[{"embeddable":true,"href":"https:\/\/vmsport.fi\/sv\/wp-json\/wp\/v2\/media\/54532"}],"wp:attachment":[{"href":"https:\/\/vmsport.fi\/sv\/wp-json\/wp\/v2\/media?parent=54533"}],"wp:term":[{"taxonomy":"product_brand","embeddable":true,"href":"https:\/\/vmsport.fi\/sv\/wp-json\/wp\/v2\/product_brand?post=54533"},{"taxonomy":"product_model","embeddable":true,"href":"https:\/\/vmsport.fi\/sv\/wp-json\/wp\/v2\/product_model?post=54533"},{"taxonomy":"product_cat","embeddable":true,"href":"https:\/\/vmsport.fi\/sv\/wp-json\/wp\/v2\/product_cat?post=54533"},{"taxonomy":"product_tag","embeddable":true,"href":"https:\/\/vmsport.fi\/sv\/wp-json\/wp\/v2\/product_tag?post=54533"},{"taxonomy":"industry_terminology","embeddable":true,"href":"https:\/\/vmsport.fi\/sv\/wp-json\/wp\/v2\/industry-terminology?post=54533"}],"curies":[{"name":"wp","href":"https:\/\/api.w.org\/{rel}","templated":true}]}}