{"id":54523,"date":"2025-03-05T23:54:34","date_gmt":"2025-03-05T21:54:34","guid":{"rendered":"https:\/\/vmsport.fi\/verkkokauppa\/Ei-luokiteltu\/etukiekko-28-21-622-hybrid-shimano-center-lock-mach1-630-tuplapohja-holkitett\/"},"modified":"2026-01-16T13:20:37","modified_gmt":"2026-01-16T11:20:37","slug":"framhjul-28-21-622-hybrid-shimano-center-lock-mach1-630-dubbelsula-holkitett","status":"publish","type":"product","link":"https:\/\/vmsport.fi\/sv\/verkkokauppa\/varaosat\/kiekot-ja-navat\/etukiekot\/etukiekko-28-21-622-hybrid-shimano-center-lock-mach1-630-tuplapohja-holkitett\/","title":{"rendered":"Framhjul 28\u2033 21-622 Hybrid Shimano Center Lock, MACH1 630, dubbelsula, holkitett"},"content":{"rendered":"<p>Det h\u00e4r 28-tums framhjulet \u00e4r utformat f\u00f6r hybridcyklar och kombinerar effektiviteten hos Shimano Center Lock-systemet med h\u00e5llbarheten hos MACH1 630-f\u00e4lgen. Hjulets design med dubbla bottenf\u00e4sten ger \u00f6kad stabilitet och h\u00e5llbarhet under k\u00f6rning. Bussningsdesignen f\u00f6rb\u00e4ttrar komfort och prestanda, vilket g\u00f6r det till ett utm\u00e4rkt val f\u00f6r ett brett spektrum av k\u00f6rsituationer.<\/p>","protected":false},"excerpt":{"rendered":"<p>T\u00e4m\u00e4 28-tuumainen etupy\u00f6r\u00e4 on suunniteltu hybridipy\u00f6riin, yhdist\u00e4en Shimano Center Lock -j\u00e4rjestelm\u00e4n tehokkuuden ja MACH1 630 -vanteen kest\u00e4vyyden. Py\u00f6r\u00e4n kaksoispohjarakenne takaa lis\u00e4\u00e4 vakautta ja kest\u00e4vyytt\u00e4 ajossa. Holkkirakenne parantaa mukavuutta ja suorituskyky\u00e4, joten se on erinomainen valinta monenlaisiin ajotilanteisiin. [&#8230;]<\/p>\n<p><a class=\"btn btn-secondary understrap-read-more-link\" href=\"https:\/\/vmsport.fi\/sv\/verkkokauppa\/varaosat\/kiekot-ja-navat\/etukiekot\/etukiekko-28-21-622-hybrid-shimano-center-lock-mach1-630-tuplapohja-holkitett\/\">L\u00e4s mer \u2026<span class=\"screen-reader-text\"> from Etukiekko 28&#8243; 21-622 Hybrid Shimano Center Lock, MACH1 630, tuplapohja, holkitett<\/span><\/a><\/p>\n","protected":false},"featured_media":54522,"comment_status":"open","ping_status":"closed","template":"","meta":{"_acf_changed":false,"_improvement_type_select":"improve_an_existing","_thumb_yes_seoaic":false,"_frame_yes_seoaic":false,"seoaic_generate_description":"","seoaic_improve_instructions_prompt":"","seoaic_rollback_content_improvement":"","seoaic_idea_thumbnail_generator":"","thumbnail_generated":false,"thumbnail_generate_prompt":"","seoaic_article_description":"","_supplier_stock_quantity":0},"product_brand":[],"product_model":[],"product_cat":[9484],"product_tag":[],"industry-terminology":[],"class_list":{"0":"post-54523","1":"product","2":"type-product","3":"status-publish","4":"has-post-thumbnail","6":"product_cat-etukiekot","8":"first","9":"outofstock","10":"taxable","11":"shipping-taxable","12":"product-type-simple"},"acf":{"bike_features":null,"overview":{"copy_overview":null,"key_features":null,"statement":"","youtube_url":""}},"yoast_head":"<!-- This site is optimized with the Yoast SEO plugin v27.3 - https:\/\/yoast.com\/product\/yoast-seo-wordpress\/ -->\n<title>Etukiekko 28&quot; 21-622 Hybrid Shimano Center Lock, MACH1 630, tuplapohja, holkitett - VM Sport<\/title>\n<meta name=\"robots\" content=\"index, follow, max-snippet:-1, max-image-preview:large, max-video-preview:-1\" \/>\n<link rel=\"canonical\" href=\"https:\/\/vmsport.fi\/sv\/webbutik\/reservdelar\/skivor-och-nav\/fram-falg\/framhjul-28-21-622-hybrid-shimano-center-lock-mach1-630-dubbelsula-holkitett\/\" \/>\n<meta property=\"og:locale\" content=\"sv_SE\" \/>\n<meta property=\"og:type\" content=\"article\" \/>\n<meta property=\"og:title\" content=\"Etukiekko 28&quot; 21-622 Hybrid Shimano Center Lock, MACH1 630, tuplapohja, holkitett - VM Sport\" \/>\n<meta property=\"og:description\" content=\"T\u00e4m\u00e4 28-tuumainen etupy\u00f6r\u00e4 on suunniteltu hybridipy\u00f6riin, yhdist\u00e4en Shimano Center Lock -j\u00e4rjestelm\u00e4n tehokkuuden ja MACH1 630 -vanteen kest\u00e4vyyden. Py\u00f6r\u00e4n kaksoispohjarakenne takaa lis\u00e4\u00e4 vakautta ja kest\u00e4vyytt\u00e4 ajossa. Holkkirakenne parantaa mukavuutta ja suorituskyky\u00e4, joten se on erinomainen valinta monenlaisiin ajotilanteisiin. [...]L\u00e4s mer \u2026 from Etukiekko 28&#8243; 21-622 Hybrid Shimano Center Lock, MACH1 630, tuplapohja, holkitett\" \/>\n<meta property=\"og:url\" content=\"https:\/\/vmsport.fi\/sv\/webbutik\/reservdelar\/skivor-och-nav\/fram-falg\/framhjul-28-21-622-hybrid-shimano-center-lock-mach1-630-dubbelsula-holkitett\/\" \/>\n<meta property=\"og:site_name\" content=\"VM Sport\" \/>\n<meta property=\"article:publisher\" content=\"https:\/\/www.facebook.com\/Vmsport.fi\/\" \/>\n<meta property=\"article:modified_time\" content=\"2026-01-16T11:20:37+00:00\" \/>\n<meta property=\"og:image\" content=\"https:\/\/vmsport.fi\/wp-content\/uploads\/2025\/03\/59256-1.jpg\" \/>\n\t<meta property=\"og:image:width\" content=\"812\" \/>\n\t<meta property=\"og:image:height\" content=\"1000\" \/>\n\t<meta property=\"og:image:type\" content=\"image\/jpeg\" \/>\n<meta name=\"twitter:card\" content=\"summary_large_image\" \/>\n<script type=\"application\/ld+json\" class=\"yoast-schema-graph\">{\"@context\":\"https:\\\/\\\/schema.org\",\"@graph\":[{\"@type\":[\"WebPage\",\"ItemPage\"],\"@id\":\"https:\\\/\\\/vmsport.fi\\\/verkkokauppa\\\/varaosat\\\/kiekot-ja-navat\\\/etukiekot\\\/etukiekko-28-21-622-hybrid-shimano-center-lock-mach1-630-tuplapohja-holkitett\\\/\",\"url\":\"https:\\\/\\\/vmsport.fi\\\/verkkokauppa\\\/varaosat\\\/kiekot-ja-navat\\\/etukiekot\\\/etukiekko-28-21-622-hybrid-shimano-center-lock-mach1-630-tuplapohja-holkitett\\\/\",\"name\":\"Etukiekko 28\\\" 21-622 Hybrid Shimano Center Lock, MACH1 630, tuplapohja, holkitett - VM Sport\",\"isPartOf\":{\"@id\":\"https:\\\/\\\/vmsport.fi\\\/#website\"},\"primaryImageOfPage\":{\"@id\":\"https:\\\/\\\/vmsport.fi\\\/verkkokauppa\\\/varaosat\\\/kiekot-ja-navat\\\/etukiekot\\\/etukiekko-28-21-622-hybrid-shimano-center-lock-mach1-630-tuplapohja-holkitett\\\/#primaryimage\"},\"image\":{\"@id\":\"https:\\\/\\\/vmsport.fi\\\/verkkokauppa\\\/varaosat\\\/kiekot-ja-navat\\\/etukiekot\\\/etukiekko-28-21-622-hybrid-shimano-center-lock-mach1-630-tuplapohja-holkitett\\\/#primaryimage\"},\"thumbnailUrl\":\"https:\\\/\\\/vmsport.fi\\\/wp-content\\\/uploads\\\/2025\\\/03\\\/59256-1.jpg\",\"datePublished\":\"2025-03-05T21:54:34+00:00\",\"dateModified\":\"2026-01-16T11:20:37+00:00\",\"breadcrumb\":{\"@id\":\"https:\\\/\\\/vmsport.fi\\\/verkkokauppa\\\/varaosat\\\/kiekot-ja-navat\\\/etukiekot\\\/etukiekko-28-21-622-hybrid-shimano-center-lock-mach1-630-tuplapohja-holkitett\\\/#breadcrumb\"},\"inLanguage\":\"sv-SE\",\"potentialAction\":[{\"@type\":\"ReadAction\",\"target\":[\"https:\\\/\\\/vmsport.fi\\\/verkkokauppa\\\/varaosat\\\/kiekot-ja-navat\\\/etukiekot\\\/etukiekko-28-21-622-hybrid-shimano-center-lock-mach1-630-tuplapohja-holkitett\\\/\"]}]},{\"@type\":\"ImageObject\",\"inLanguage\":\"sv-SE\",\"@id\":\"https:\\\/\\\/vmsport.fi\\\/verkkokauppa\\\/varaosat\\\/kiekot-ja-navat\\\/etukiekot\\\/etukiekko-28-21-622-hybrid-shimano-center-lock-mach1-630-tuplapohja-holkitett\\\/#primaryimage\",\"url\":\"https:\\\/\\\/vmsport.fi\\\/wp-content\\\/uploads\\\/2025\\\/03\\\/59256-1.jpg\",\"contentUrl\":\"https:\\\/\\\/vmsport.fi\\\/wp-content\\\/uploads\\\/2025\\\/03\\\/59256-1.jpg\",\"width\":812,\"height\":1000,\"caption\":\"59256\"},{\"@type\":\"BreadcrumbList\",\"@id\":\"https:\\\/\\\/vmsport.fi\\\/verkkokauppa\\\/varaosat\\\/kiekot-ja-navat\\\/etukiekot\\\/etukiekko-28-21-622-hybrid-shimano-center-lock-mach1-630-tuplapohja-holkitett\\\/#breadcrumb\",\"itemListElement\":[{\"@type\":\"ListItem\",\"position\":1,\"name\":\"Etusivu\",\"item\":\"https:\\\/\\\/vmsport.fi\\\/\"},{\"@type\":\"ListItem\",\"position\":2,\"name\":\"Online Store\",\"item\":\"https:\\\/\\\/vmsport.fi\\\/en\\\/online-store\\\/\"},{\"@type\":\"ListItem\",\"position\":3,\"name\":\"Etukiekko 28&#8243; 21-622 Hybrid Shimano Center Lock, MACH1 630, tuplapohja, holkitett\"}]},{\"@type\":\"WebSite\",\"@id\":\"https:\\\/\\\/vmsport.fi\\\/#website\",\"url\":\"https:\\\/\\\/vmsport.fi\\\/\",\"name\":\"Vmsport\",\"description\":\"Kaikki py\u00f6r\u00e4ilyyn yhdest\u00e4 paikasta\",\"publisher\":{\"@id\":\"https:\\\/\\\/vmsport.fi\\\/#organization\"},\"potentialAction\":[{\"@type\":\"SearchAction\",\"target\":{\"@type\":\"EntryPoint\",\"urlTemplate\":\"https:\\\/\\\/vmsport.fi\\\/?s={search_term_string}\"},\"query-input\":{\"@type\":\"PropertyValueSpecification\",\"valueRequired\":true,\"valueName\":\"search_term_string\"}}],\"inLanguage\":\"sv-SE\"},{\"@type\":\"Organization\",\"@id\":\"https:\\\/\\\/vmsport.fi\\\/#organization\",\"name\":\"Vmsport\",\"url\":\"https:\\\/\\\/vmsport.fi\\\/\",\"logo\":{\"@type\":\"ImageObject\",\"inLanguage\":\"sv-SE\",\"@id\":\"https:\\\/\\\/vmsport.fi\\\/#\\\/schema\\\/logo\\\/image\\\/\",\"url\":\"https:\\\/\\\/vmsport.fi\\\/wp-content\\\/uploads\\\/2024\\\/12\\\/vm_sport_RGB_horisontal-e1734526017575.png\",\"contentUrl\":\"https:\\\/\\\/vmsport.fi\\\/wp-content\\\/uploads\\\/2024\\\/12\\\/vm_sport_RGB_horisontal-e1734526017575.png\",\"width\":668,\"height\":85,\"caption\":\"Vmsport\"},\"image\":{\"@id\":\"https:\\\/\\\/vmsport.fi\\\/#\\\/schema\\\/logo\\\/image\\\/\"},\"sameAs\":[\"https:\\\/\\\/www.facebook.com\\\/Vmsport.fi\\\/\",\"https:\\\/\\\/www.instagram.com\\\/vmsport\\\/\"]}]}<\/script>\n<!-- \/ Yoast SEO plugin. -->","yoast_head_json":{"title":"Framhjul 28\" 21-622 Hybrid Shimano Center Lock, MACH1 630, dubbelsula, holkitett - VM Sport","robots":{"index":"index","follow":"follow","max-snippet":"max-snippet:-1","max-image-preview":"max-image-preview:large","max-video-preview":"max-video-preview:-1"},"canonical":"https:\/\/vmsport.fi\/sv\/webbutik\/reservdelar\/skivor-och-nav\/fram-falg\/framhjul-28-21-622-hybrid-shimano-center-lock-mach1-630-dubbelsula-holkitett\/","og_locale":"sv_SE","og_type":"article","og_title":"Etukiekko 28\" 21-622 Hybrid Shimano Center Lock, MACH1 630, tuplapohja, holkitett - VM Sport","og_description":"T\u00e4m\u00e4 28-tuumainen etupy\u00f6r\u00e4 on suunniteltu hybridipy\u00f6riin, yhdist\u00e4en Shimano Center Lock -j\u00e4rjestelm\u00e4n tehokkuuden ja MACH1 630 -vanteen kest\u00e4vyyden. Py\u00f6r\u00e4n kaksoispohjarakenne takaa lis\u00e4\u00e4 vakautta ja kest\u00e4vyytt\u00e4 ajossa. Holkkirakenne parantaa mukavuutta ja suorituskyky\u00e4, joten se on erinomainen valinta monenlaisiin ajotilanteisiin. [...]L\u00e4s mer \u2026 from Etukiekko 28&#8243; 21-622 Hybrid Shimano Center Lock, MACH1 630, tuplapohja, holkitett","og_url":"https:\/\/vmsport.fi\/sv\/webbutik\/reservdelar\/skivor-och-nav\/fram-falg\/framhjul-28-21-622-hybrid-shimano-center-lock-mach1-630-dubbelsula-holkitett\/","og_site_name":"VM Sport","article_publisher":"https:\/\/www.facebook.com\/Vmsport.fi\/","article_modified_time":"2026-01-16T11:20:37+00:00","og_image":[{"width":812,"height":1000,"url":"https:\/\/vmsport.fi\/wp-content\/uploads\/2025\/03\/59256-1.jpg","type":"image\/jpeg"}],"twitter_card":"summary_large_image","schema":{"@context":"https:\/\/schema.org","@graph":[{"@type":["WebPage","ItemPage"],"@id":"https:\/\/vmsport.fi\/verkkokauppa\/varaosat\/kiekot-ja-navat\/etukiekot\/etukiekko-28-21-622-hybrid-shimano-center-lock-mach1-630-tuplapohja-holkitett\/","url":"https:\/\/vmsport.fi\/verkkokauppa\/varaosat\/kiekot-ja-navat\/etukiekot\/etukiekko-28-21-622-hybrid-shimano-center-lock-mach1-630-tuplapohja-holkitett\/","name":"Framhjul 28\" 21-622 Hybrid Shimano Center Lock, MACH1 630, dubbelsula, holkitett - VM Sport","isPartOf":{"@id":"https:\/\/vmsport.fi\/#website"},"primaryImageOfPage":{"@id":"https:\/\/vmsport.fi\/verkkokauppa\/varaosat\/kiekot-ja-navat\/etukiekot\/etukiekko-28-21-622-hybrid-shimano-center-lock-mach1-630-tuplapohja-holkitett\/#primaryimage"},"image":{"@id":"https:\/\/vmsport.fi\/verkkokauppa\/varaosat\/kiekot-ja-navat\/etukiekot\/etukiekko-28-21-622-hybrid-shimano-center-lock-mach1-630-tuplapohja-holkitett\/#primaryimage"},"thumbnailUrl":"https:\/\/vmsport.fi\/wp-content\/uploads\/2025\/03\/59256-1.jpg","datePublished":"2025-03-05T21:54:34+00:00","dateModified":"2026-01-16T11:20:37+00:00","breadcrumb":{"@id":"https:\/\/vmsport.fi\/verkkokauppa\/varaosat\/kiekot-ja-navat\/etukiekot\/etukiekko-28-21-622-hybrid-shimano-center-lock-mach1-630-tuplapohja-holkitett\/#breadcrumb"},"inLanguage":"sv-SE","potentialAction":[{"@type":"ReadAction","target":["https:\/\/vmsport.fi\/verkkokauppa\/varaosat\/kiekot-ja-navat\/etukiekot\/etukiekko-28-21-622-hybrid-shimano-center-lock-mach1-630-tuplapohja-holkitett\/"]}]},{"@type":"ImageObject","inLanguage":"sv-SE","@id":"https:\/\/vmsport.fi\/verkkokauppa\/varaosat\/kiekot-ja-navat\/etukiekot\/etukiekko-28-21-622-hybrid-shimano-center-lock-mach1-630-tuplapohja-holkitett\/#primaryimage","url":"https:\/\/vmsport.fi\/wp-content\/uploads\/2025\/03\/59256-1.jpg","contentUrl":"https:\/\/vmsport.fi\/wp-content\/uploads\/2025\/03\/59256-1.jpg","width":812,"height":1000,"caption":"59256"},{"@type":"BreadcrumbList","@id":"https:\/\/vmsport.fi\/verkkokauppa\/varaosat\/kiekot-ja-navat\/etukiekot\/etukiekko-28-21-622-hybrid-shimano-center-lock-mach1-630-tuplapohja-holkitett\/#breadcrumb","itemListElement":[{"@type":"ListItem","position":1,"name":"Etusivu","item":"https:\/\/vmsport.fi\/"},{"@type":"ListItem","position":2,"name":"Online Store","item":"https:\/\/vmsport.fi\/en\/online-store\/"},{"@type":"ListItem","position":3,"name":"Etukiekko 28&#8243; 21-622 Hybrid Shimano Center Lock, MACH1 630, tuplapohja, holkitett"}]},{"@type":"WebSite","@id":"https:\/\/vmsport.fi\/#website","url":"https:\/\/vmsport.fi\/","name":"Vmsport","description":"Allt p\u00e5 ett st\u00e4lle f\u00f6r cykling","publisher":{"@id":"https:\/\/vmsport.fi\/#organization"},"potentialAction":[{"@type":"SearchAction","target":{"@type":"EntryPoint","urlTemplate":"https:\/\/vmsport.fi\/?s={search_term_string}"},"query-input":{"@type":"PropertyValueSpecification","valueRequired":true,"valueName":"search_term_string"}}],"inLanguage":"sv-SE"},{"@type":"Organization","@id":"https:\/\/vmsport.fi\/#organization","name":"Vmsport","url":"https:\/\/vmsport.fi\/","logo":{"@type":"ImageObject","inLanguage":"sv-SE","@id":"https:\/\/vmsport.fi\/#\/schema\/logo\/image\/","url":"https:\/\/vmsport.fi\/wp-content\/uploads\/2024\/12\/vm_sport_RGB_horisontal-e1734526017575.png","contentUrl":"https:\/\/vmsport.fi\/wp-content\/uploads\/2024\/12\/vm_sport_RGB_horisontal-e1734526017575.png","width":668,"height":85,"caption":"Vmsport"},"image":{"@id":"https:\/\/vmsport.fi\/#\/schema\/logo\/image\/"},"sameAs":["https:\/\/www.facebook.com\/Vmsport.fi\/","https:\/\/www.instagram.com\/vmsport\/"]}]}},"global_unique_id":"","_links":{"self":[{"href":"https:\/\/vmsport.fi\/sv\/wp-json\/wp\/v2\/product\/54523","targetHints":{"allow":["GET"]}}],"collection":[{"href":"https:\/\/vmsport.fi\/sv\/wp-json\/wp\/v2\/product"}],"about":[{"href":"https:\/\/vmsport.fi\/sv\/wp-json\/wp\/v2\/types\/product"}],"replies":[{"embeddable":true,"href":"https:\/\/vmsport.fi\/sv\/wp-json\/wp\/v2\/comments?post=54523"}],"wp:featuredmedia":[{"embeddable":true,"href":"https:\/\/vmsport.fi\/sv\/wp-json\/wp\/v2\/media\/54522"}],"wp:attachment":[{"href":"https:\/\/vmsport.fi\/sv\/wp-json\/wp\/v2\/media?parent=54523"}],"wp:term":[{"taxonomy":"product_brand","embeddable":true,"href":"https:\/\/vmsport.fi\/sv\/wp-json\/wp\/v2\/product_brand?post=54523"},{"taxonomy":"product_model","embeddable":true,"href":"https:\/\/vmsport.fi\/sv\/wp-json\/wp\/v2\/product_model?post=54523"},{"taxonomy":"product_cat","embeddable":true,"href":"https:\/\/vmsport.fi\/sv\/wp-json\/wp\/v2\/product_cat?post=54523"},{"taxonomy":"product_tag","embeddable":true,"href":"https:\/\/vmsport.fi\/sv\/wp-json\/wp\/v2\/product_tag?post=54523"},{"taxonomy":"industry_terminology","embeddable":true,"href":"https:\/\/vmsport.fi\/sv\/wp-json\/wp\/v2\/industry-terminology?post=54523"}],"curies":[{"name":"wp","href":"https:\/\/api.w.org\/{rel}","templated":true}]}}