{"id":54521,"date":"2025-03-05T23:54:33","date_gmt":"2025-03-05T21:54:33","guid":{"rendered":"https:\/\/vmsport.fi\/verkkokauppa\/Ei-luokiteltu\/etuvaihtaja-shimano-slx-fd-m677-e-2-vaihteinen-e-type-front-pull\/"},"modified":"2026-05-04T12:12:17","modified_gmt":"2026-05-04T09:12:17","slug":"framderailleur-shimano-slx-fd-m677-e-2-vaxlar-e-typ-framdrag","status":"publish","type":"product","link":"https:\/\/vmsport.fi\/sv\/verkkokauppa\/varaosat\/vaihteistot\/etuvaihtajat\/etuvaihtaja-shimano-slx-fd-m677-e-2-vaihteinen-e-type-front-pull\/","title":{"rendered":"Framv\u00e4xel Shimano SLX FD-M677-E, 2-v\u00e4xlad, e-typ, framdrag"},"content":{"rendered":"<p>Shimano SLX FD-M677-E \u00e4r en smart utformad framv\u00e4xel vars fr\u00e4msta funktion \u00e4r att ge en effektiv och exakt v\u00e4xling p\u00e5 tv\u00e5 hjul. Monteringen av E-typ g\u00f6r den enkel att installera, vilket minskar installationstiden. Den framhjulsdrivna mekanismen ger utm\u00e4rkt kedjekontroll, vilket f\u00f6rb\u00e4ttrar k\u00f6rupplevelsen i utmanande terr\u00e4ng. Den styva konstruktionen g\u00f6r att den t\u00e5l kr\u00e4vande anv\u00e4ndning. Denna v\u00e4xelv\u00e4xel ger j\u00e4mn och p\u00e5litlig prestanda, \u00e4ven p\u00e5 utmanande delar av leden.<\/p>","protected":false},"excerpt":{"rendered":"<p>Shimano SLX FD-M677-E on taitavasti suunniteltu etuvaihtaja, jonka ensisijainen teht\u00e4v\u00e4 on tarjota tehokasta ja tarkkaa vaihtamista kahdella rattaalla. Kiinnitys E-tyypin avulla tekee siit\u00e4 helpon asentaa, mik\u00e4 v\u00e4hent\u00e4\u00e4 asennusaikaan kuluvaa aikaa. Etuvetoinen mekanismi varmistaa erinomaisen ketjun hallinnan, mik\u00e4 parantaa ajokokemusta haastavissa maastoissa. Vankkarakenteisuutensa ansiosta se kest\u00e4\u00e4 vaativaa k\u00e4ytt\u00f6\u00e4. T\u00e4m\u00e4 vaihtaja takaa tasaisen ja luotettavan suorituskyvyn, vaikka [&#8230;]<\/p>\n<p><a class=\"btn btn-secondary understrap-read-more-link\" href=\"https:\/\/vmsport.fi\/sv\/verkkokauppa\/varaosat\/vaihteistot\/etuvaihtajat\/etuvaihtaja-shimano-slx-fd-m677-e-2-vaihteinen-e-type-front-pull\/\">L\u00e4s mer \u2026<span class=\"screen-reader-text\"> from Etuvaihtaja Shimano SLX FD-M677-E, 2-vaihteinen, e-type, front pull<\/span><\/a><\/p>\n","protected":false},"featured_media":54520,"comment_status":"open","ping_status":"closed","template":"","meta":{"_acf_changed":false,"_improvement_type_select":"improve_an_existing","_thumb_yes_seoaic":false,"_frame_yes_seoaic":false,"seoaic_generate_description":"","seoaic_improve_instructions_prompt":"","seoaic_rollback_content_improvement":"","seoaic_idea_thumbnail_generator":"","thumbnail_generated":false,"thumbnail_generate_prompt":"","seoaic_article_description":"","_supplier_stock_quantity":0},"product_brand":[],"product_model":[],"product_cat":[9438],"product_tag":[],"industry-terminology":[],"class_list":{"0":"post-54521","1":"product","2":"type-product","3":"status-publish","4":"has-post-thumbnail","6":"product_cat-etuvaihtajat","8":"first","9":"instock","10":"taxable","11":"shipping-taxable","12":"purchasable","13":"product-type-simple"},"acf":{"bike_features":null,"overview":{"copy_overview":null,"key_features":null,"statement":"","youtube_url":""}},"yoast_head":"<!-- This site is optimized with the Yoast SEO plugin v27.5 - https:\/\/yoast.com\/product\/yoast-seo-wordpress\/ -->\n<title>Etuvaihtaja Shimano SLX FD-M677-E, 2-vaihteinen, e-type, front pull - VM Sport<\/title>\n<meta name=\"robots\" content=\"index, follow, max-snippet:-1, max-image-preview:large, max-video-preview:-1\" \/>\n<link rel=\"canonical\" href=\"https:\/\/vmsport.fi\/sv\/webbutik\/reservdelar\/vaxellador\/foregangare\/framderailleur-shimano-slx-fd-m677-e-2-vaxlar-e-typ-framdrag\/\" \/>\n<meta property=\"og:locale\" content=\"sv_SE\" \/>\n<meta property=\"og:type\" content=\"article\" \/>\n<meta property=\"og:title\" content=\"Etuvaihtaja Shimano SLX FD-M677-E, 2-vaihteinen, e-type, front pull - VM Sport\" \/>\n<meta property=\"og:description\" content=\"Shimano SLX FD-M677-E on taitavasti suunniteltu etuvaihtaja, jonka ensisijainen teht\u00e4v\u00e4 on tarjota tehokasta ja tarkkaa vaihtamista kahdella rattaalla. Kiinnitys E-tyypin avulla tekee siit\u00e4 helpon asentaa, mik\u00e4 v\u00e4hent\u00e4\u00e4 asennusaikaan kuluvaa aikaa. Etuvetoinen mekanismi varmistaa erinomaisen ketjun hallinnan, mik\u00e4 parantaa ajokokemusta haastavissa maastoissa. Vankkarakenteisuutensa ansiosta se kest\u00e4\u00e4 vaativaa k\u00e4ytt\u00f6\u00e4. T\u00e4m\u00e4 vaihtaja takaa tasaisen ja luotettavan suorituskyvyn, vaikka [...]L\u00e4s mer \u2026 from Etuvaihtaja Shimano SLX FD-M677-E, 2-vaihteinen, e-type, front pull\" \/>\n<meta property=\"og:url\" content=\"https:\/\/vmsport.fi\/sv\/webbutik\/reservdelar\/vaxellador\/foregangare\/framderailleur-shimano-slx-fd-m677-e-2-vaxlar-e-typ-framdrag\/\" \/>\n<meta property=\"og:site_name\" content=\"VM Sport\" \/>\n<meta property=\"article:publisher\" content=\"https:\/\/www.facebook.com\/Vmsport.fi\/\" \/>\n<meta property=\"article:modified_time\" content=\"2026-05-04T09:12:17+00:00\" \/>\n<meta property=\"og:image\" content=\"https:\/\/vmsport.fi\/wp-content\/uploads\/2025\/03\/827-91-1.jpg\" \/>\n\t<meta property=\"og:image:width\" content=\"520\" \/>\n\t<meta property=\"og:image:height\" content=\"340\" \/>\n\t<meta property=\"og:image:type\" content=\"image\/jpeg\" \/>\n<meta name=\"twitter:card\" content=\"summary_large_image\" \/>\n<script type=\"application\/ld+json\" class=\"yoast-schema-graph\">{\"@context\":\"https:\\\/\\\/schema.org\",\"@graph\":[{\"@type\":[\"WebPage\",\"ItemPage\"],\"@id\":\"https:\\\/\\\/vmsport.fi\\\/verkkokauppa\\\/varaosat\\\/vaihteistot\\\/etuvaihtajat\\\/etuvaihtaja-shimano-slx-fd-m677-e-2-vaihteinen-e-type-front-pull\\\/\",\"url\":\"https:\\\/\\\/vmsport.fi\\\/verkkokauppa\\\/varaosat\\\/vaihteistot\\\/etuvaihtajat\\\/etuvaihtaja-shimano-slx-fd-m677-e-2-vaihteinen-e-type-front-pull\\\/\",\"name\":\"Etuvaihtaja Shimano SLX FD-M677-E, 2-vaihteinen, e-type, front pull - VM Sport\",\"isPartOf\":{\"@id\":\"https:\\\/\\\/vmsport.fi\\\/#website\"},\"primaryImageOfPage\":{\"@id\":\"https:\\\/\\\/vmsport.fi\\\/verkkokauppa\\\/varaosat\\\/vaihteistot\\\/etuvaihtajat\\\/etuvaihtaja-shimano-slx-fd-m677-e-2-vaihteinen-e-type-front-pull\\\/#primaryimage\"},\"image\":{\"@id\":\"https:\\\/\\\/vmsport.fi\\\/verkkokauppa\\\/varaosat\\\/vaihteistot\\\/etuvaihtajat\\\/etuvaihtaja-shimano-slx-fd-m677-e-2-vaihteinen-e-type-front-pull\\\/#primaryimage\"},\"thumbnailUrl\":\"https:\\\/\\\/vmsport.fi\\\/wp-content\\\/uploads\\\/2025\\\/03\\\/827-91-1.jpg\",\"datePublished\":\"2025-03-05T21:54:33+00:00\",\"dateModified\":\"2026-05-04T09:12:17+00:00\",\"breadcrumb\":{\"@id\":\"https:\\\/\\\/vmsport.fi\\\/verkkokauppa\\\/varaosat\\\/vaihteistot\\\/etuvaihtajat\\\/etuvaihtaja-shimano-slx-fd-m677-e-2-vaihteinen-e-type-front-pull\\\/#breadcrumb\"},\"inLanguage\":\"sv-SE\",\"potentialAction\":[{\"@type\":\"ReadAction\",\"target\":[\"https:\\\/\\\/vmsport.fi\\\/verkkokauppa\\\/varaosat\\\/vaihteistot\\\/etuvaihtajat\\\/etuvaihtaja-shimano-slx-fd-m677-e-2-vaihteinen-e-type-front-pull\\\/\"]}]},{\"@type\":\"ImageObject\",\"inLanguage\":\"sv-SE\",\"@id\":\"https:\\\/\\\/vmsport.fi\\\/verkkokauppa\\\/varaosat\\\/vaihteistot\\\/etuvaihtajat\\\/etuvaihtaja-shimano-slx-fd-m677-e-2-vaihteinen-e-type-front-pull\\\/#primaryimage\",\"url\":\"https:\\\/\\\/vmsport.fi\\\/wp-content\\\/uploads\\\/2025\\\/03\\\/827-91-1.jpg\",\"contentUrl\":\"https:\\\/\\\/vmsport.fi\\\/wp-content\\\/uploads\\\/2025\\\/03\\\/827-91-1.jpg\",\"width\":520,\"height\":340,\"caption\":\"827-91\"},{\"@type\":\"BreadcrumbList\",\"@id\":\"https:\\\/\\\/vmsport.fi\\\/verkkokauppa\\\/varaosat\\\/vaihteistot\\\/etuvaihtajat\\\/etuvaihtaja-shimano-slx-fd-m677-e-2-vaihteinen-e-type-front-pull\\\/#breadcrumb\",\"itemListElement\":[{\"@type\":\"ListItem\",\"position\":1,\"name\":\"Etusivu\",\"item\":\"https:\\\/\\\/vmsport.fi\\\/\"},{\"@type\":\"ListItem\",\"position\":2,\"name\":\"Online Store\",\"item\":\"https:\\\/\\\/vmsport.fi\\\/en\\\/online-store\\\/\"},{\"@type\":\"ListItem\",\"position\":3,\"name\":\"Etuvaihtaja Shimano SLX FD-M677-E, 2-vaihteinen, e-type, front pull\"}]},{\"@type\":\"WebSite\",\"@id\":\"https:\\\/\\\/vmsport.fi\\\/#website\",\"url\":\"https:\\\/\\\/vmsport.fi\\\/\",\"name\":\"Vmsport\",\"description\":\"Kaikki py\u00f6r\u00e4ilyyn yhdest\u00e4 paikasta\",\"publisher\":{\"@id\":\"https:\\\/\\\/vmsport.fi\\\/#organization\"},\"potentialAction\":[{\"@type\":\"SearchAction\",\"target\":{\"@type\":\"EntryPoint\",\"urlTemplate\":\"https:\\\/\\\/vmsport.fi\\\/?s={search_term_string}\"},\"query-input\":{\"@type\":\"PropertyValueSpecification\",\"valueRequired\":true,\"valueName\":\"search_term_string\"}}],\"inLanguage\":\"sv-SE\"},{\"@type\":\"Organization\",\"@id\":\"https:\\\/\\\/vmsport.fi\\\/#organization\",\"name\":\"Vmsport\",\"url\":\"https:\\\/\\\/vmsport.fi\\\/\",\"logo\":{\"@type\":\"ImageObject\",\"inLanguage\":\"sv-SE\",\"@id\":\"https:\\\/\\\/vmsport.fi\\\/#\\\/schema\\\/logo\\\/image\\\/\",\"url\":\"https:\\\/\\\/vmsport.fi\\\/wp-content\\\/uploads\\\/2024\\\/12\\\/vm_sport_RGB_horisontal-e1734526017575.png\",\"contentUrl\":\"https:\\\/\\\/vmsport.fi\\\/wp-content\\\/uploads\\\/2024\\\/12\\\/vm_sport_RGB_horisontal-e1734526017575.png\",\"width\":668,\"height\":85,\"caption\":\"Vmsport\"},\"image\":{\"@id\":\"https:\\\/\\\/vmsport.fi\\\/#\\\/schema\\\/logo\\\/image\\\/\"},\"sameAs\":[\"https:\\\/\\\/www.facebook.com\\\/Vmsport.fi\\\/\",\"https:\\\/\\\/www.instagram.com\\\/vmsport\\\/\"]}]}<\/script>\n<!-- \/ Yoast SEO plugin. -->","yoast_head_json":{"title":"Framv\u00e4xel Shimano SLX FD-M677-E, 2-v\u00e4xlad, e-typ, framdrag - VM Sport","robots":{"index":"index","follow":"follow","max-snippet":"max-snippet:-1","max-image-preview":"max-image-preview:large","max-video-preview":"max-video-preview:-1"},"canonical":"https:\/\/vmsport.fi\/sv\/webbutik\/reservdelar\/vaxellador\/foregangare\/framderailleur-shimano-slx-fd-m677-e-2-vaxlar-e-typ-framdrag\/","og_locale":"sv_SE","og_type":"article","og_title":"Etuvaihtaja Shimano SLX FD-M677-E, 2-vaihteinen, e-type, front pull - VM Sport","og_description":"Shimano SLX FD-M677-E on taitavasti suunniteltu etuvaihtaja, jonka ensisijainen teht\u00e4v\u00e4 on tarjota tehokasta ja tarkkaa vaihtamista kahdella rattaalla. Kiinnitys E-tyypin avulla tekee siit\u00e4 helpon asentaa, mik\u00e4 v\u00e4hent\u00e4\u00e4 asennusaikaan kuluvaa aikaa. Etuvetoinen mekanismi varmistaa erinomaisen ketjun hallinnan, mik\u00e4 parantaa ajokokemusta haastavissa maastoissa. Vankkarakenteisuutensa ansiosta se kest\u00e4\u00e4 vaativaa k\u00e4ytt\u00f6\u00e4. T\u00e4m\u00e4 vaihtaja takaa tasaisen ja luotettavan suorituskyvyn, vaikka [...]L\u00e4s mer \u2026 from Etuvaihtaja Shimano SLX FD-M677-E, 2-vaihteinen, e-type, front pull","og_url":"https:\/\/vmsport.fi\/sv\/webbutik\/reservdelar\/vaxellador\/foregangare\/framderailleur-shimano-slx-fd-m677-e-2-vaxlar-e-typ-framdrag\/","og_site_name":"VM Sport","article_publisher":"https:\/\/www.facebook.com\/Vmsport.fi\/","article_modified_time":"2026-05-04T09:12:17+00:00","og_image":[{"width":520,"height":340,"url":"https:\/\/vmsport.fi\/wp-content\/uploads\/2025\/03\/827-91-1.jpg","type":"image\/jpeg"}],"twitter_card":"summary_large_image","schema":{"@context":"https:\/\/schema.org","@graph":[{"@type":["WebPage","ItemPage"],"@id":"https:\/\/vmsport.fi\/verkkokauppa\/varaosat\/vaihteistot\/etuvaihtajat\/etuvaihtaja-shimano-slx-fd-m677-e-2-vaihteinen-e-type-front-pull\/","url":"https:\/\/vmsport.fi\/verkkokauppa\/varaosat\/vaihteistot\/etuvaihtajat\/etuvaihtaja-shimano-slx-fd-m677-e-2-vaihteinen-e-type-front-pull\/","name":"Framv\u00e4xel Shimano SLX FD-M677-E, 2-v\u00e4xlad, e-typ, framdrag - VM Sport","isPartOf":{"@id":"https:\/\/vmsport.fi\/#website"},"primaryImageOfPage":{"@id":"https:\/\/vmsport.fi\/verkkokauppa\/varaosat\/vaihteistot\/etuvaihtajat\/etuvaihtaja-shimano-slx-fd-m677-e-2-vaihteinen-e-type-front-pull\/#primaryimage"},"image":{"@id":"https:\/\/vmsport.fi\/verkkokauppa\/varaosat\/vaihteistot\/etuvaihtajat\/etuvaihtaja-shimano-slx-fd-m677-e-2-vaihteinen-e-type-front-pull\/#primaryimage"},"thumbnailUrl":"https:\/\/vmsport.fi\/wp-content\/uploads\/2025\/03\/827-91-1.jpg","datePublished":"2025-03-05T21:54:33+00:00","dateModified":"2026-05-04T09:12:17+00:00","breadcrumb":{"@id":"https:\/\/vmsport.fi\/verkkokauppa\/varaosat\/vaihteistot\/etuvaihtajat\/etuvaihtaja-shimano-slx-fd-m677-e-2-vaihteinen-e-type-front-pull\/#breadcrumb"},"inLanguage":"sv-SE","potentialAction":[{"@type":"ReadAction","target":["https:\/\/vmsport.fi\/verkkokauppa\/varaosat\/vaihteistot\/etuvaihtajat\/etuvaihtaja-shimano-slx-fd-m677-e-2-vaihteinen-e-type-front-pull\/"]}]},{"@type":"ImageObject","inLanguage":"sv-SE","@id":"https:\/\/vmsport.fi\/verkkokauppa\/varaosat\/vaihteistot\/etuvaihtajat\/etuvaihtaja-shimano-slx-fd-m677-e-2-vaihteinen-e-type-front-pull\/#primaryimage","url":"https:\/\/vmsport.fi\/wp-content\/uploads\/2025\/03\/827-91-1.jpg","contentUrl":"https:\/\/vmsport.fi\/wp-content\/uploads\/2025\/03\/827-91-1.jpg","width":520,"height":340,"caption":"827-91"},{"@type":"BreadcrumbList","@id":"https:\/\/vmsport.fi\/verkkokauppa\/varaosat\/vaihteistot\/etuvaihtajat\/etuvaihtaja-shimano-slx-fd-m677-e-2-vaihteinen-e-type-front-pull\/#breadcrumb","itemListElement":[{"@type":"ListItem","position":1,"name":"Etusivu","item":"https:\/\/vmsport.fi\/"},{"@type":"ListItem","position":2,"name":"Online Store","item":"https:\/\/vmsport.fi\/en\/online-store\/"},{"@type":"ListItem","position":3,"name":"Etuvaihtaja Shimano SLX FD-M677-E, 2-vaihteinen, e-type, front pull"}]},{"@type":"WebSite","@id":"https:\/\/vmsport.fi\/#website","url":"https:\/\/vmsport.fi\/","name":"Vmsport","description":"Allt p\u00e5 ett st\u00e4lle f\u00f6r cykling","publisher":{"@id":"https:\/\/vmsport.fi\/#organization"},"potentialAction":[{"@type":"SearchAction","target":{"@type":"EntryPoint","urlTemplate":"https:\/\/vmsport.fi\/?s={search_term_string}"},"query-input":{"@type":"PropertyValueSpecification","valueRequired":true,"valueName":"search_term_string"}}],"inLanguage":"sv-SE"},{"@type":"Organization","@id":"https:\/\/vmsport.fi\/#organization","name":"Vmsport","url":"https:\/\/vmsport.fi\/","logo":{"@type":"ImageObject","inLanguage":"sv-SE","@id":"https:\/\/vmsport.fi\/#\/schema\/logo\/image\/","url":"https:\/\/vmsport.fi\/wp-content\/uploads\/2024\/12\/vm_sport_RGB_horisontal-e1734526017575.png","contentUrl":"https:\/\/vmsport.fi\/wp-content\/uploads\/2024\/12\/vm_sport_RGB_horisontal-e1734526017575.png","width":668,"height":85,"caption":"Vmsport"},"image":{"@id":"https:\/\/vmsport.fi\/#\/schema\/logo\/image\/"},"sameAs":["https:\/\/www.facebook.com\/Vmsport.fi\/","https:\/\/www.instagram.com\/vmsport\/"]}]}},"global_unique_id":"","_links":{"self":[{"href":"https:\/\/vmsport.fi\/sv\/wp-json\/wp\/v2\/product\/54521","targetHints":{"allow":["GET"]}}],"collection":[{"href":"https:\/\/vmsport.fi\/sv\/wp-json\/wp\/v2\/product"}],"about":[{"href":"https:\/\/vmsport.fi\/sv\/wp-json\/wp\/v2\/types\/product"}],"replies":[{"embeddable":true,"href":"https:\/\/vmsport.fi\/sv\/wp-json\/wp\/v2\/comments?post=54521"}],"wp:featuredmedia":[{"embeddable":true,"href":"https:\/\/vmsport.fi\/sv\/wp-json\/wp\/v2\/media\/54520"}],"wp:attachment":[{"href":"https:\/\/vmsport.fi\/sv\/wp-json\/wp\/v2\/media?parent=54521"}],"wp:term":[{"taxonomy":"product_brand","embeddable":true,"href":"https:\/\/vmsport.fi\/sv\/wp-json\/wp\/v2\/product_brand?post=54521"},{"taxonomy":"product_model","embeddable":true,"href":"https:\/\/vmsport.fi\/sv\/wp-json\/wp\/v2\/product_model?post=54521"},{"taxonomy":"product_cat","embeddable":true,"href":"https:\/\/vmsport.fi\/sv\/wp-json\/wp\/v2\/product_cat?post=54521"},{"taxonomy":"product_tag","embeddable":true,"href":"https:\/\/vmsport.fi\/sv\/wp-json\/wp\/v2\/product_tag?post=54521"},{"taxonomy":"industry_terminology","embeddable":true,"href":"https:\/\/vmsport.fi\/sv\/wp-json\/wp\/v2\/industry-terminology?post=54521"}],"curies":[{"name":"wp","href":"https:\/\/api.w.org\/{rel}","templated":true}]}}