{"id":54515,"date":"2025-03-05T23:54:29","date_gmt":"2025-03-05T21:54:29","guid":{"rendered":"https:\/\/vmsport.fi\/verkkokauppa\/Ei-luokiteltu\/sram-universal-derailleur-hanger\/"},"modified":"2026-04-22T15:09:14","modified_gmt":"2026-04-22T12:09:14","slug":"sram-universal-derailleur-hanger","status":"publish","type":"product","link":"https:\/\/vmsport.fi\/sv\/verkkokauppa\/varaosat\/vaihteistot\/takavaihtajan-korvake\/sram-universal-derailleur-hanger\/","title":{"rendered":"SRAM Universal Derailleur Hanger"},"content":{"rendered":"<p>Universal Derailleur Hanger -malli sopii kaikkien maastopy\u00f6rien ja s\u00e4hk\u00f6maastopy\u00f6rien voimansiirtoj\u00e4rjestelmien kanssa, kuten Shimanoa, Boxia ja Sunracea k\u00e4ytt\u00e4en. T\u00e4m\u00e4 kekseli\u00e4s komponentti v\u00e4hent\u00e4\u00e4 tarpeen eri vaihdekorvakkeille yhdist\u00e4m\u00e4ll\u00e4 monet vaihtoehdot yhteen ratkaisuun. Suunniteltu tarjoamaan erinomaista suojaa, ripustin k\u00e4\u00e4ntyy taaksep\u00e4in ja liukuu hieman t\u00e4r\u00e4hdyksess\u00e4 v\u00e4hent\u00e4en ketjujen aiheuttamaa vahinkoa. T\u00e4m\u00e4 parantaa vaihtamisen laatua ja takaa voimansiirron tarkemman kohdistuksen. Ripustimessa on ainutlaatuinen mekanismi, joka palauttaa ketjun oikealle rattaalle, jos se hypp\u00e4\u00e4 pois paikaltaan. Kest\u00e4\u00e4 erinomaisesti maasto- ja s\u00e4hk\u00f6maastopy\u00f6r\u00e4ilyn vaativia olosuhteita, tarjoten luotettavaa suorituskyky\u00e4 ja kest\u00e4vyytt\u00e4 erilaisissa ajotilanteissa.<\/p>","protected":false},"excerpt":{"rendered":"<p>Universal Derailleur Hanger -malli sopii kaikkien maastopy\u00f6rien ja s\u00e4hk\u00f6maastopy\u00f6rien voimansiirtoj\u00e4rjestelmien kanssa, kuten Shimanoa, Boxia ja Sunracea k\u00e4ytt\u00e4en. T\u00e4m\u00e4 kekseli\u00e4s komponentti v\u00e4hent\u00e4\u00e4 tarpeen eri vaihdekorvakkeille yhdist\u00e4m\u00e4ll\u00e4 monet vaihtoehdot yhteen ratkaisuun. Suunniteltu tarjoamaan erinomaista suojaa, ripustin k\u00e4\u00e4ntyy taaksep\u00e4in ja liukuu hieman t\u00e4r\u00e4hdyksess\u00e4 v\u00e4hent\u00e4en ketjujen aiheuttamaa vahinkoa. T\u00e4m\u00e4 parantaa vaihtamisen laatua ja takaa voimansiirron tarkemman kohdistuksen. Ripustimessa on [&#8230;]<\/p>\n<p><a class=\"btn btn-secondary understrap-read-more-link\" href=\"https:\/\/vmsport.fi\/sv\/verkkokauppa\/varaosat\/vaihteistot\/takavaihtajan-korvake\/sram-universal-derailleur-hanger\/\">L\u00e4s mer \u2026<span class=\"screen-reader-text\"> from SRAM Universal Derailleur Hanger<\/span><\/a><\/p>\n","protected":false},"featured_media":54514,"comment_status":"open","ping_status":"closed","template":"","meta":{"_acf_changed":false,"_improvement_type_select":"improve_an_existing","_thumb_yes_seoaic":false,"_frame_yes_seoaic":false,"seoaic_generate_description":"","seoaic_improve_instructions_prompt":"","seoaic_rollback_content_improvement":"","seoaic_idea_thumbnail_generator":"","thumbnail_generated":false,"thumbnail_generate_prompt":"","seoaic_article_description":"","_supplier_stock_quantity":0},"product_brand":[1588],"product_model":[],"product_cat":[9480],"product_tag":[],"industry-terminology":[],"class_list":{"0":"post-54515","1":"product","2":"type-product","3":"status-publish","4":"has-post-thumbnail","6":"product_brand-sram","7":"product_cat-takavaihtajan-korvake","9":"first","10":"outofstock","11":"taxable","12":"shipping-taxable","13":"product-type-simple"},"acf":{"bike_features":null,"overview":{"copy_overview":null,"key_features":null,"statement":"","youtube_url":""}},"yoast_head":"<!-- This site is optimized with the Yoast SEO plugin v27.4 - https:\/\/yoast.com\/product\/yoast-seo-wordpress\/ -->\n<title>SRAM Universal Derailleur Hanger - VM Sport<\/title>\n<meta name=\"robots\" content=\"index, follow, max-snippet:-1, max-image-preview:large, max-video-preview:-1\" \/>\n<link rel=\"canonical\" href=\"https:\/\/vmsport.fi\/sv\/webbutik\/reservdelar\/vaxellador\/byte-av-bakvaxel\/sram-universal-derailleur-hanger\/\" \/>\n<meta property=\"og:locale\" content=\"sv_SE\" \/>\n<meta property=\"og:type\" content=\"article\" \/>\n<meta property=\"og:title\" content=\"SRAM Universal Derailleur Hanger - VM Sport\" \/>\n<meta property=\"og:description\" content=\"Universal Derailleur Hanger -malli sopii kaikkien maastopy\u00f6rien ja s\u00e4hk\u00f6maastopy\u00f6rien voimansiirtoj\u00e4rjestelmien kanssa, kuten Shimanoa, Boxia ja Sunracea k\u00e4ytt\u00e4en. T\u00e4m\u00e4 kekseli\u00e4s komponentti v\u00e4hent\u00e4\u00e4 tarpeen eri vaihdekorvakkeille yhdist\u00e4m\u00e4ll\u00e4 monet vaihtoehdot yhteen ratkaisuun. Suunniteltu tarjoamaan erinomaista suojaa, ripustin k\u00e4\u00e4ntyy taaksep\u00e4in ja liukuu hieman t\u00e4r\u00e4hdyksess\u00e4 v\u00e4hent\u00e4en ketjujen aiheuttamaa vahinkoa. T\u00e4m\u00e4 parantaa vaihtamisen laatua ja takaa voimansiirron tarkemman kohdistuksen. Ripustimessa on [...]L\u00e4s mer \u2026 from SRAM Universal Derailleur Hanger\" \/>\n<meta property=\"og:url\" content=\"https:\/\/vmsport.fi\/sv\/webbutik\/reservdelar\/vaxellador\/byte-av-bakvaxel\/sram-universal-derailleur-hanger\/\" \/>\n<meta property=\"og:site_name\" content=\"VM Sport\" \/>\n<meta property=\"article:publisher\" content=\"https:\/\/www.facebook.com\/Vmsport.fi\/\" \/>\n<meta property=\"article:modified_time\" content=\"2026-04-22T12:09:14+00:00\" \/>\n<meta property=\"og:image\" content=\"https:\/\/vmsport.fi\/wp-content\/uploads\/2025\/03\/SRAMUniversalDerailleurHanger-34273-A-Primary-1.jpg\" \/>\n\t<meta property=\"og:image:width\" content=\"1000\" \/>\n\t<meta property=\"og:image:height\" content=\"750\" \/>\n\t<meta property=\"og:image:type\" content=\"image\/jpeg\" \/>\n<meta name=\"twitter:card\" content=\"summary_large_image\" \/>\n<meta name=\"twitter:label1\" content=\"Ber\u00e4knad l\u00e4stid\" \/>\n\t<meta name=\"twitter:data1\" content=\"1 minut\" \/>\n<script type=\"application\/ld+json\" class=\"yoast-schema-graph\">{\"@context\":\"https:\\\/\\\/schema.org\",\"@graph\":[{\"@type\":[\"WebPage\",\"ItemPage\"],\"@id\":\"https:\\\/\\\/vmsport.fi\\\/verkkokauppa\\\/varaosat\\\/vaihteistot\\\/takavaihtajan-korvake\\\/sram-universal-derailleur-hanger\\\/\",\"url\":\"https:\\\/\\\/vmsport.fi\\\/verkkokauppa\\\/varaosat\\\/vaihteistot\\\/takavaihtajan-korvake\\\/sram-universal-derailleur-hanger\\\/\",\"name\":\"SRAM Universal Derailleur Hanger - VM Sport\",\"isPartOf\":{\"@id\":\"https:\\\/\\\/vmsport.fi\\\/#website\"},\"primaryImageOfPage\":{\"@id\":\"https:\\\/\\\/vmsport.fi\\\/verkkokauppa\\\/varaosat\\\/vaihteistot\\\/takavaihtajan-korvake\\\/sram-universal-derailleur-hanger\\\/#primaryimage\"},\"image\":{\"@id\":\"https:\\\/\\\/vmsport.fi\\\/verkkokauppa\\\/varaosat\\\/vaihteistot\\\/takavaihtajan-korvake\\\/sram-universal-derailleur-hanger\\\/#primaryimage\"},\"thumbnailUrl\":\"https:\\\/\\\/vmsport.fi\\\/wp-content\\\/uploads\\\/2025\\\/03\\\/SRAMUniversalDerailleurHanger-34273-A-Primary-1.jpg\",\"datePublished\":\"2025-03-05T21:54:29+00:00\",\"dateModified\":\"2026-04-22T12:09:14+00:00\",\"breadcrumb\":{\"@id\":\"https:\\\/\\\/vmsport.fi\\\/verkkokauppa\\\/varaosat\\\/vaihteistot\\\/takavaihtajan-korvake\\\/sram-universal-derailleur-hanger\\\/#breadcrumb\"},\"inLanguage\":\"sv-SE\",\"potentialAction\":[{\"@type\":\"ReadAction\",\"target\":[\"https:\\\/\\\/vmsport.fi\\\/verkkokauppa\\\/varaosat\\\/vaihteistot\\\/takavaihtajan-korvake\\\/sram-universal-derailleur-hanger\\\/\"]}]},{\"@type\":\"ImageObject\",\"inLanguage\":\"sv-SE\",\"@id\":\"https:\\\/\\\/vmsport.fi\\\/verkkokauppa\\\/varaosat\\\/vaihteistot\\\/takavaihtajan-korvake\\\/sram-universal-derailleur-hanger\\\/#primaryimage\",\"url\":\"https:\\\/\\\/vmsport.fi\\\/wp-content\\\/uploads\\\/2025\\\/03\\\/SRAMUniversalDerailleurHanger-34273-A-Primary-1.jpg\",\"contentUrl\":\"https:\\\/\\\/vmsport.fi\\\/wp-content\\\/uploads\\\/2025\\\/03\\\/SRAMUniversalDerailleurHanger-34273-A-Primary-1.jpg\",\"width\":1000,\"height\":750,\"caption\":\"SRAMUniversalDerailleurHanger-34273-A-Primary\"},{\"@type\":\"BreadcrumbList\",\"@id\":\"https:\\\/\\\/vmsport.fi\\\/verkkokauppa\\\/varaosat\\\/vaihteistot\\\/takavaihtajan-korvake\\\/sram-universal-derailleur-hanger\\\/#breadcrumb\",\"itemListElement\":[{\"@type\":\"ListItem\",\"position\":1,\"name\":\"Etusivu\",\"item\":\"https:\\\/\\\/vmsport.fi\\\/\"},{\"@type\":\"ListItem\",\"position\":2,\"name\":\"Online Store\",\"item\":\"https:\\\/\\\/vmsport.fi\\\/en\\\/online-store\\\/\"},{\"@type\":\"ListItem\",\"position\":3,\"name\":\"SRAM Universal Derailleur Hanger\"}]},{\"@type\":\"WebSite\",\"@id\":\"https:\\\/\\\/vmsport.fi\\\/#website\",\"url\":\"https:\\\/\\\/vmsport.fi\\\/\",\"name\":\"Vmsport\",\"description\":\"Kaikki py\u00f6r\u00e4ilyyn yhdest\u00e4 paikasta\",\"publisher\":{\"@id\":\"https:\\\/\\\/vmsport.fi\\\/#organization\"},\"potentialAction\":[{\"@type\":\"SearchAction\",\"target\":{\"@type\":\"EntryPoint\",\"urlTemplate\":\"https:\\\/\\\/vmsport.fi\\\/?s={search_term_string}\"},\"query-input\":{\"@type\":\"PropertyValueSpecification\",\"valueRequired\":true,\"valueName\":\"search_term_string\"}}],\"inLanguage\":\"sv-SE\"},{\"@type\":\"Organization\",\"@id\":\"https:\\\/\\\/vmsport.fi\\\/#organization\",\"name\":\"Vmsport\",\"url\":\"https:\\\/\\\/vmsport.fi\\\/\",\"logo\":{\"@type\":\"ImageObject\",\"inLanguage\":\"sv-SE\",\"@id\":\"https:\\\/\\\/vmsport.fi\\\/#\\\/schema\\\/logo\\\/image\\\/\",\"url\":\"https:\\\/\\\/vmsport.fi\\\/wp-content\\\/uploads\\\/2024\\\/12\\\/vm_sport_RGB_horisontal-e1734526017575.png\",\"contentUrl\":\"https:\\\/\\\/vmsport.fi\\\/wp-content\\\/uploads\\\/2024\\\/12\\\/vm_sport_RGB_horisontal-e1734526017575.png\",\"width\":668,\"height\":85,\"caption\":\"Vmsport\"},\"image\":{\"@id\":\"https:\\\/\\\/vmsport.fi\\\/#\\\/schema\\\/logo\\\/image\\\/\"},\"sameAs\":[\"https:\\\/\\\/www.facebook.com\\\/Vmsport.fi\\\/\",\"https:\\\/\\\/www.instagram.com\\\/vmsport\\\/\"]}]}<\/script>\n<!-- \/ Yoast SEO plugin. -->","yoast_head_json":{"title":"SRAM Universal Derailleur Hanger - VM Sport","robots":{"index":"index","follow":"follow","max-snippet":"max-snippet:-1","max-image-preview":"max-image-preview:large","max-video-preview":"max-video-preview:-1"},"canonical":"https:\/\/vmsport.fi\/sv\/webbutik\/reservdelar\/vaxellador\/byte-av-bakvaxel\/sram-universal-derailleur-hanger\/","og_locale":"sv_SE","og_type":"article","og_title":"SRAM Universal Derailleur Hanger - VM Sport","og_description":"Universal Derailleur Hanger -malli sopii kaikkien maastopy\u00f6rien ja s\u00e4hk\u00f6maastopy\u00f6rien voimansiirtoj\u00e4rjestelmien kanssa, kuten Shimanoa, Boxia ja Sunracea k\u00e4ytt\u00e4en. T\u00e4m\u00e4 kekseli\u00e4s komponentti v\u00e4hent\u00e4\u00e4 tarpeen eri vaihdekorvakkeille yhdist\u00e4m\u00e4ll\u00e4 monet vaihtoehdot yhteen ratkaisuun. Suunniteltu tarjoamaan erinomaista suojaa, ripustin k\u00e4\u00e4ntyy taaksep\u00e4in ja liukuu hieman t\u00e4r\u00e4hdyksess\u00e4 v\u00e4hent\u00e4en ketjujen aiheuttamaa vahinkoa. T\u00e4m\u00e4 parantaa vaihtamisen laatua ja takaa voimansiirron tarkemman kohdistuksen. Ripustimessa on [...]L\u00e4s mer \u2026 from SRAM Universal Derailleur Hanger","og_url":"https:\/\/vmsport.fi\/sv\/webbutik\/reservdelar\/vaxellador\/byte-av-bakvaxel\/sram-universal-derailleur-hanger\/","og_site_name":"VM Sport","article_publisher":"https:\/\/www.facebook.com\/Vmsport.fi\/","article_modified_time":"2026-04-22T12:09:14+00:00","og_image":[{"width":1000,"height":750,"url":"https:\/\/vmsport.fi\/wp-content\/uploads\/2025\/03\/SRAMUniversalDerailleurHanger-34273-A-Primary-1.jpg","type":"image\/jpeg"}],"twitter_card":"summary_large_image","twitter_misc":{"Ber\u00e4knad l\u00e4stid":"1 minut"},"schema":{"@context":"https:\/\/schema.org","@graph":[{"@type":["WebPage","ItemPage"],"@id":"https:\/\/vmsport.fi\/verkkokauppa\/varaosat\/vaihteistot\/takavaihtajan-korvake\/sram-universal-derailleur-hanger\/","url":"https:\/\/vmsport.fi\/verkkokauppa\/varaosat\/vaihteistot\/takavaihtajan-korvake\/sram-universal-derailleur-hanger\/","name":"SRAM Universal Derailleur Hanger - VM Sport","isPartOf":{"@id":"https:\/\/vmsport.fi\/#website"},"primaryImageOfPage":{"@id":"https:\/\/vmsport.fi\/verkkokauppa\/varaosat\/vaihteistot\/takavaihtajan-korvake\/sram-universal-derailleur-hanger\/#primaryimage"},"image":{"@id":"https:\/\/vmsport.fi\/verkkokauppa\/varaosat\/vaihteistot\/takavaihtajan-korvake\/sram-universal-derailleur-hanger\/#primaryimage"},"thumbnailUrl":"https:\/\/vmsport.fi\/wp-content\/uploads\/2025\/03\/SRAMUniversalDerailleurHanger-34273-A-Primary-1.jpg","datePublished":"2025-03-05T21:54:29+00:00","dateModified":"2026-04-22T12:09:14+00:00","breadcrumb":{"@id":"https:\/\/vmsport.fi\/verkkokauppa\/varaosat\/vaihteistot\/takavaihtajan-korvake\/sram-universal-derailleur-hanger\/#breadcrumb"},"inLanguage":"sv-SE","potentialAction":[{"@type":"ReadAction","target":["https:\/\/vmsport.fi\/verkkokauppa\/varaosat\/vaihteistot\/takavaihtajan-korvake\/sram-universal-derailleur-hanger\/"]}]},{"@type":"ImageObject","inLanguage":"sv-SE","@id":"https:\/\/vmsport.fi\/verkkokauppa\/varaosat\/vaihteistot\/takavaihtajan-korvake\/sram-universal-derailleur-hanger\/#primaryimage","url":"https:\/\/vmsport.fi\/wp-content\/uploads\/2025\/03\/SRAMUniversalDerailleurHanger-34273-A-Primary-1.jpg","contentUrl":"https:\/\/vmsport.fi\/wp-content\/uploads\/2025\/03\/SRAMUniversalDerailleurHanger-34273-A-Primary-1.jpg","width":1000,"height":750,"caption":"SRAMUniversalDerailleurHanger-34273-A-Primary"},{"@type":"BreadcrumbList","@id":"https:\/\/vmsport.fi\/verkkokauppa\/varaosat\/vaihteistot\/takavaihtajan-korvake\/sram-universal-derailleur-hanger\/#breadcrumb","itemListElement":[{"@type":"ListItem","position":1,"name":"Etusivu","item":"https:\/\/vmsport.fi\/"},{"@type":"ListItem","position":2,"name":"Online Store","item":"https:\/\/vmsport.fi\/en\/online-store\/"},{"@type":"ListItem","position":3,"name":"SRAM Universal Derailleur Hanger"}]},{"@type":"WebSite","@id":"https:\/\/vmsport.fi\/#website","url":"https:\/\/vmsport.fi\/","name":"Vmsport","description":"Allt p\u00e5 ett st\u00e4lle f\u00f6r cykling","publisher":{"@id":"https:\/\/vmsport.fi\/#organization"},"potentialAction":[{"@type":"SearchAction","target":{"@type":"EntryPoint","urlTemplate":"https:\/\/vmsport.fi\/?s={search_term_string}"},"query-input":{"@type":"PropertyValueSpecification","valueRequired":true,"valueName":"search_term_string"}}],"inLanguage":"sv-SE"},{"@type":"Organization","@id":"https:\/\/vmsport.fi\/#organization","name":"Vmsport","url":"https:\/\/vmsport.fi\/","logo":{"@type":"ImageObject","inLanguage":"sv-SE","@id":"https:\/\/vmsport.fi\/#\/schema\/logo\/image\/","url":"https:\/\/vmsport.fi\/wp-content\/uploads\/2024\/12\/vm_sport_RGB_horisontal-e1734526017575.png","contentUrl":"https:\/\/vmsport.fi\/wp-content\/uploads\/2024\/12\/vm_sport_RGB_horisontal-e1734526017575.png","width":668,"height":85,"caption":"Vmsport"},"image":{"@id":"https:\/\/vmsport.fi\/#\/schema\/logo\/image\/"},"sameAs":["https:\/\/www.facebook.com\/Vmsport.fi\/","https:\/\/www.instagram.com\/vmsport\/"]}]}},"global_unique_id":"","_links":{"self":[{"href":"https:\/\/vmsport.fi\/sv\/wp-json\/wp\/v2\/product\/54515","targetHints":{"allow":["GET"]}}],"collection":[{"href":"https:\/\/vmsport.fi\/sv\/wp-json\/wp\/v2\/product"}],"about":[{"href":"https:\/\/vmsport.fi\/sv\/wp-json\/wp\/v2\/types\/product"}],"replies":[{"embeddable":true,"href":"https:\/\/vmsport.fi\/sv\/wp-json\/wp\/v2\/comments?post=54515"}],"wp:featuredmedia":[{"embeddable":true,"href":"https:\/\/vmsport.fi\/sv\/wp-json\/wp\/v2\/media\/54514"}],"wp:attachment":[{"href":"https:\/\/vmsport.fi\/sv\/wp-json\/wp\/v2\/media?parent=54515"}],"wp:term":[{"taxonomy":"product_brand","embeddable":true,"href":"https:\/\/vmsport.fi\/sv\/wp-json\/wp\/v2\/product_brand?post=54515"},{"taxonomy":"product_model","embeddable":true,"href":"https:\/\/vmsport.fi\/sv\/wp-json\/wp\/v2\/product_model?post=54515"},{"taxonomy":"product_cat","embeddable":true,"href":"https:\/\/vmsport.fi\/sv\/wp-json\/wp\/v2\/product_cat?post=54515"},{"taxonomy":"product_tag","embeddable":true,"href":"https:\/\/vmsport.fi\/sv\/wp-json\/wp\/v2\/product_tag?post=54515"},{"taxonomy":"industry_terminology","embeddable":true,"href":"https:\/\/vmsport.fi\/sv\/wp-json\/wp\/v2\/industry-terminology?post=54515"}],"curies":[{"name":"wp","href":"https:\/\/api.w.org\/{rel}","templated":true}]}}