{"id":54501,"date":"2025-03-05T23:54:22","date_gmt":"2025-03-05T21:54:22","guid":{"rendered":"https:\/\/vmsport.fi\/verkkokauppa\/Ei-luokiteltu\/momenttiavain-2-15-nm-saadettava\/"},"modified":"2026-01-16T13:22:51","modified_gmt":"2026-01-16T11:22:51","slug":"momenttiavain-2-15-nm-saadettava","status":"publish","type":"product","link":"https:\/\/vmsport.fi\/sv\/verkkokauppa\/tarvikkeet\/tyokalut\/momenttiavain-2-15-nm-saadettava\/","title":{"rendered":"Momentnyckel 2-15 Nm Justerbar"},"content":{"rendered":"<p>Momenttiavain on s\u00e4\u00e4dett\u00e4v\u00e4 ty\u00f6kalu, jonka momenttialue vaihtelee 2 ja 15 Nm v\u00e4lill\u00e4. T\u00e4m\u00e4 musta momenttiavain on suunniteltu ergonomisesti, jotta sit\u00e4 on miellytt\u00e4v\u00e4 k\u00e4ytt\u00e4\u00e4. Se sopii erinomaisesti tarkkuutta vaativiin teht\u00e4viin, sill\u00e4 sen s\u00e4\u00e4dett\u00e4vyys tuo monipuolisuutta k\u00e4ytt\u00f6\u00f6n. Laajan k\u00e4ytt\u00f6alueensa ansiosta se on ihanteellinen ty\u00f6kalu niin ammattilaisille kuin harrastajillekin.<\/p>","protected":false},"excerpt":{"rendered":"<p>Momenttiavain on s\u00e4\u00e4dett\u00e4v\u00e4 ty\u00f6kalu, jonka momenttialue vaihtelee 2 ja 15 Nm v\u00e4lill\u00e4. T\u00e4m\u00e4 musta momenttiavain on suunniteltu ergonomisesti, jotta sit\u00e4 on miellytt\u00e4v\u00e4 k\u00e4ytt\u00e4\u00e4. Se sopii erinomaisesti tarkkuutta vaativiin teht\u00e4viin, sill\u00e4 sen s\u00e4\u00e4dett\u00e4vyys tuo monipuolisuutta k\u00e4ytt\u00f6\u00f6n. Laajan k\u00e4ytt\u00f6alueensa ansiosta se on ihanteellinen ty\u00f6kalu niin ammattilaisille kuin harrastajillekin. [&#8230;]<\/p>\n<p><a class=\"btn btn-secondary understrap-read-more-link\" href=\"https:\/\/vmsport.fi\/sv\/verkkokauppa\/tarvikkeet\/tyokalut\/momenttiavain-2-15-nm-saadettava\/\">L\u00e4s mer \u2026<span class=\"screen-reader-text\"> from Momenttiavain 2-15 Nm S\u00e4\u00e4dett\u00e4v\u00e4<\/span><\/a><\/p>\n","protected":false},"featured_media":54500,"comment_status":"open","ping_status":"closed","template":"","meta":{"_acf_changed":false,"_improvement_type_select":"improve_an_existing","_thumb_yes_seoaic":false,"_frame_yes_seoaic":false,"seoaic_generate_description":"","seoaic_improve_instructions_prompt":"","seoaic_rollback_content_improvement":"","seoaic_idea_thumbnail_generator":"","thumbnail_generated":false,"thumbnail_generate_prompt":"","seoaic_article_description":"","_supplier_stock_quantity":0},"product_brand":[],"product_model":[],"product_cat":[9282],"product_tag":[],"industry-terminology":[],"class_list":{"0":"post-54501","1":"product","2":"type-product","3":"status-publish","4":"has-post-thumbnail","6":"product_cat-tyokalut","8":"first","9":"outofstock","10":"taxable","11":"shipping-taxable","12":"product-type-simple"},"acf":{"bike_features":null,"overview":{"copy_overview":null,"key_features":null,"statement":"","youtube_url":""}},"yoast_head":"<!-- This site is optimized with the Yoast SEO plugin v27.3 - https:\/\/yoast.com\/product\/yoast-seo-wordpress\/ -->\n<title>Momenttiavain 2-15 Nm S\u00e4\u00e4dett\u00e4v\u00e4 - VM Sport<\/title>\n<meta name=\"robots\" content=\"index, follow, max-snippet:-1, max-image-preview:large, max-video-preview:-1\" \/>\n<link rel=\"canonical\" href=\"https:\/\/vmsport.fi\/sv\/webbutik\/tillbehor\/tyokalut\/momenttiavain-2-15-nm-saadettava\/\" \/>\n<meta property=\"og:locale\" content=\"sv_SE\" \/>\n<meta property=\"og:type\" content=\"article\" \/>\n<meta property=\"og:title\" content=\"Momenttiavain 2-15 Nm S\u00e4\u00e4dett\u00e4v\u00e4 - VM Sport\" \/>\n<meta property=\"og:description\" content=\"Momenttiavain on s\u00e4\u00e4dett\u00e4v\u00e4 ty\u00f6kalu, jonka momenttialue vaihtelee 2 ja 15 Nm v\u00e4lill\u00e4. T\u00e4m\u00e4 musta momenttiavain on suunniteltu ergonomisesti, jotta sit\u00e4 on miellytt\u00e4v\u00e4 k\u00e4ytt\u00e4\u00e4. Se sopii erinomaisesti tarkkuutta vaativiin teht\u00e4viin, sill\u00e4 sen s\u00e4\u00e4dett\u00e4vyys tuo monipuolisuutta k\u00e4ytt\u00f6\u00f6n. Laajan k\u00e4ytt\u00f6alueensa ansiosta se on ihanteellinen ty\u00f6kalu niin ammattilaisille kuin harrastajillekin. [...]L\u00e4s mer \u2026 from Momenttiavain 2-15 Nm S\u00e4\u00e4dett\u00e4v\u00e4\" \/>\n<meta property=\"og:url\" content=\"https:\/\/vmsport.fi\/sv\/webbutik\/tillbehor\/tyokalut\/momenttiavain-2-15-nm-saadettava\/\" \/>\n<meta property=\"og:site_name\" content=\"VM Sport\" \/>\n<meta property=\"article:publisher\" content=\"https:\/\/www.facebook.com\/Vmsport.fi\/\" \/>\n<meta property=\"article:modified_time\" content=\"2026-01-16T11:22:51+00:00\" \/>\n<meta property=\"og:image\" content=\"https:\/\/vmsport.fi\/wp-content\/uploads\/2025\/03\/QN83is5aeSE9jQ7zqCO6edgqUshgjSaSkC4TBYkGOt26Vf6Ig4-1.jpg\" \/>\n\t<meta property=\"og:image:width\" content=\"600\" \/>\n\t<meta property=\"og:image:height\" content=\"600\" \/>\n\t<meta property=\"og:image:type\" content=\"image\/jpeg\" \/>\n<meta name=\"twitter:card\" content=\"summary_large_image\" \/>\n<script type=\"application\/ld+json\" class=\"yoast-schema-graph\">{\"@context\":\"https:\\\/\\\/schema.org\",\"@graph\":[{\"@type\":[\"WebPage\",\"ItemPage\"],\"@id\":\"https:\\\/\\\/vmsport.fi\\\/verkkokauppa\\\/tarvikkeet\\\/tyokalut\\\/momenttiavain-2-15-nm-saadettava\\\/\",\"url\":\"https:\\\/\\\/vmsport.fi\\\/verkkokauppa\\\/tarvikkeet\\\/tyokalut\\\/momenttiavain-2-15-nm-saadettava\\\/\",\"name\":\"Momenttiavain 2-15 Nm S\u00e4\u00e4dett\u00e4v\u00e4 - VM Sport\",\"isPartOf\":{\"@id\":\"https:\\\/\\\/vmsport.fi\\\/#website\"},\"primaryImageOfPage\":{\"@id\":\"https:\\\/\\\/vmsport.fi\\\/verkkokauppa\\\/tarvikkeet\\\/tyokalut\\\/momenttiavain-2-15-nm-saadettava\\\/#primaryimage\"},\"image\":{\"@id\":\"https:\\\/\\\/vmsport.fi\\\/verkkokauppa\\\/tarvikkeet\\\/tyokalut\\\/momenttiavain-2-15-nm-saadettava\\\/#primaryimage\"},\"thumbnailUrl\":\"https:\\\/\\\/vmsport.fi\\\/wp-content\\\/uploads\\\/2025\\\/03\\\/QN83is5aeSE9jQ7zqCO6edgqUshgjSaSkC4TBYkGOt26Vf6Ig4-1.jpg\",\"datePublished\":\"2025-03-05T21:54:22+00:00\",\"dateModified\":\"2026-01-16T11:22:51+00:00\",\"breadcrumb\":{\"@id\":\"https:\\\/\\\/vmsport.fi\\\/verkkokauppa\\\/tarvikkeet\\\/tyokalut\\\/momenttiavain-2-15-nm-saadettava\\\/#breadcrumb\"},\"inLanguage\":\"sv-SE\",\"potentialAction\":[{\"@type\":\"ReadAction\",\"target\":[\"https:\\\/\\\/vmsport.fi\\\/verkkokauppa\\\/tarvikkeet\\\/tyokalut\\\/momenttiavain-2-15-nm-saadettava\\\/\"]}]},{\"@type\":\"ImageObject\",\"inLanguage\":\"sv-SE\",\"@id\":\"https:\\\/\\\/vmsport.fi\\\/verkkokauppa\\\/tarvikkeet\\\/tyokalut\\\/momenttiavain-2-15-nm-saadettava\\\/#primaryimage\",\"url\":\"https:\\\/\\\/vmsport.fi\\\/wp-content\\\/uploads\\\/2025\\\/03\\\/QN83is5aeSE9jQ7zqCO6edgqUshgjSaSkC4TBYkGOt26Vf6Ig4-1.jpg\",\"contentUrl\":\"https:\\\/\\\/vmsport.fi\\\/wp-content\\\/uploads\\\/2025\\\/03\\\/QN83is5aeSE9jQ7zqCO6edgqUshgjSaSkC4TBYkGOt26Vf6Ig4-1.jpg\",\"width\":600,\"height\":600,\"caption\":\"QN83is5aeSE9jQ7zqCO6edgqUshgjSaSkC4TBYkGOt26Vf6Ig4\"},{\"@type\":\"BreadcrumbList\",\"@id\":\"https:\\\/\\\/vmsport.fi\\\/verkkokauppa\\\/tarvikkeet\\\/tyokalut\\\/momenttiavain-2-15-nm-saadettava\\\/#breadcrumb\",\"itemListElement\":[{\"@type\":\"ListItem\",\"position\":1,\"name\":\"Etusivu\",\"item\":\"https:\\\/\\\/vmsport.fi\\\/\"},{\"@type\":\"ListItem\",\"position\":2,\"name\":\"Online Store\",\"item\":\"https:\\\/\\\/vmsport.fi\\\/en\\\/online-store\\\/\"},{\"@type\":\"ListItem\",\"position\":3,\"name\":\"Momenttiavain 2-15 Nm S\u00e4\u00e4dett\u00e4v\u00e4\"}]},{\"@type\":\"WebSite\",\"@id\":\"https:\\\/\\\/vmsport.fi\\\/#website\",\"url\":\"https:\\\/\\\/vmsport.fi\\\/\",\"name\":\"Vmsport\",\"description\":\"Kaikki py\u00f6r\u00e4ilyyn yhdest\u00e4 paikasta\",\"publisher\":{\"@id\":\"https:\\\/\\\/vmsport.fi\\\/#organization\"},\"potentialAction\":[{\"@type\":\"SearchAction\",\"target\":{\"@type\":\"EntryPoint\",\"urlTemplate\":\"https:\\\/\\\/vmsport.fi\\\/?s={search_term_string}\"},\"query-input\":{\"@type\":\"PropertyValueSpecification\",\"valueRequired\":true,\"valueName\":\"search_term_string\"}}],\"inLanguage\":\"sv-SE\"},{\"@type\":\"Organization\",\"@id\":\"https:\\\/\\\/vmsport.fi\\\/#organization\",\"name\":\"Vmsport\",\"url\":\"https:\\\/\\\/vmsport.fi\\\/\",\"logo\":{\"@type\":\"ImageObject\",\"inLanguage\":\"sv-SE\",\"@id\":\"https:\\\/\\\/vmsport.fi\\\/#\\\/schema\\\/logo\\\/image\\\/\",\"url\":\"https:\\\/\\\/vmsport.fi\\\/wp-content\\\/uploads\\\/2024\\\/12\\\/vm_sport_RGB_horisontal-e1734526017575.png\",\"contentUrl\":\"https:\\\/\\\/vmsport.fi\\\/wp-content\\\/uploads\\\/2024\\\/12\\\/vm_sport_RGB_horisontal-e1734526017575.png\",\"width\":668,\"height\":85,\"caption\":\"Vmsport\"},\"image\":{\"@id\":\"https:\\\/\\\/vmsport.fi\\\/#\\\/schema\\\/logo\\\/image\\\/\"},\"sameAs\":[\"https:\\\/\\\/www.facebook.com\\\/Vmsport.fi\\\/\",\"https:\\\/\\\/www.instagram.com\\\/vmsport\\\/\"]}]}<\/script>\n<!-- \/ Yoast SEO plugin. -->","yoast_head_json":{"title":"Momenttiavain 2-15 Nm S\u00e4\u00e4dett\u00e4v\u00e4 - VM Sport","robots":{"index":"index","follow":"follow","max-snippet":"max-snippet:-1","max-image-preview":"max-image-preview:large","max-video-preview":"max-video-preview:-1"},"canonical":"https:\/\/vmsport.fi\/sv\/webbutik\/tillbehor\/tyokalut\/momenttiavain-2-15-nm-saadettava\/","og_locale":"sv_SE","og_type":"article","og_title":"Momenttiavain 2-15 Nm S\u00e4\u00e4dett\u00e4v\u00e4 - VM Sport","og_description":"Momenttiavain on s\u00e4\u00e4dett\u00e4v\u00e4 ty\u00f6kalu, jonka momenttialue vaihtelee 2 ja 15 Nm v\u00e4lill\u00e4. T\u00e4m\u00e4 musta momenttiavain on suunniteltu ergonomisesti, jotta sit\u00e4 on miellytt\u00e4v\u00e4 k\u00e4ytt\u00e4\u00e4. Se sopii erinomaisesti tarkkuutta vaativiin teht\u00e4viin, sill\u00e4 sen s\u00e4\u00e4dett\u00e4vyys tuo monipuolisuutta k\u00e4ytt\u00f6\u00f6n. Laajan k\u00e4ytt\u00f6alueensa ansiosta se on ihanteellinen ty\u00f6kalu niin ammattilaisille kuin harrastajillekin. [...]L\u00e4s mer \u2026 from Momenttiavain 2-15 Nm S\u00e4\u00e4dett\u00e4v\u00e4","og_url":"https:\/\/vmsport.fi\/sv\/webbutik\/tillbehor\/tyokalut\/momenttiavain-2-15-nm-saadettava\/","og_site_name":"VM Sport","article_publisher":"https:\/\/www.facebook.com\/Vmsport.fi\/","article_modified_time":"2026-01-16T11:22:51+00:00","og_image":[{"width":600,"height":600,"url":"https:\/\/vmsport.fi\/wp-content\/uploads\/2025\/03\/QN83is5aeSE9jQ7zqCO6edgqUshgjSaSkC4TBYkGOt26Vf6Ig4-1.jpg","type":"image\/jpeg"}],"twitter_card":"summary_large_image","schema":{"@context":"https:\/\/schema.org","@graph":[{"@type":["WebPage","ItemPage"],"@id":"https:\/\/vmsport.fi\/verkkokauppa\/tarvikkeet\/tyokalut\/momenttiavain-2-15-nm-saadettava\/","url":"https:\/\/vmsport.fi\/verkkokauppa\/tarvikkeet\/tyokalut\/momenttiavain-2-15-nm-saadettava\/","name":"Momenttiavain 2-15 Nm S\u00e4\u00e4dett\u00e4v\u00e4 - VM Sport","isPartOf":{"@id":"https:\/\/vmsport.fi\/#website"},"primaryImageOfPage":{"@id":"https:\/\/vmsport.fi\/verkkokauppa\/tarvikkeet\/tyokalut\/momenttiavain-2-15-nm-saadettava\/#primaryimage"},"image":{"@id":"https:\/\/vmsport.fi\/verkkokauppa\/tarvikkeet\/tyokalut\/momenttiavain-2-15-nm-saadettava\/#primaryimage"},"thumbnailUrl":"https:\/\/vmsport.fi\/wp-content\/uploads\/2025\/03\/QN83is5aeSE9jQ7zqCO6edgqUshgjSaSkC4TBYkGOt26Vf6Ig4-1.jpg","datePublished":"2025-03-05T21:54:22+00:00","dateModified":"2026-01-16T11:22:51+00:00","breadcrumb":{"@id":"https:\/\/vmsport.fi\/verkkokauppa\/tarvikkeet\/tyokalut\/momenttiavain-2-15-nm-saadettava\/#breadcrumb"},"inLanguage":"sv-SE","potentialAction":[{"@type":"ReadAction","target":["https:\/\/vmsport.fi\/verkkokauppa\/tarvikkeet\/tyokalut\/momenttiavain-2-15-nm-saadettava\/"]}]},{"@type":"ImageObject","inLanguage":"sv-SE","@id":"https:\/\/vmsport.fi\/verkkokauppa\/tarvikkeet\/tyokalut\/momenttiavain-2-15-nm-saadettava\/#primaryimage","url":"https:\/\/vmsport.fi\/wp-content\/uploads\/2025\/03\/QN83is5aeSE9jQ7zqCO6edgqUshgjSaSkC4TBYkGOt26Vf6Ig4-1.jpg","contentUrl":"https:\/\/vmsport.fi\/wp-content\/uploads\/2025\/03\/QN83is5aeSE9jQ7zqCO6edgqUshgjSaSkC4TBYkGOt26Vf6Ig4-1.jpg","width":600,"height":600,"caption":"QN83is5aeSE9jQ7zqCO6edgqUshgjSaSkC4TBYkGOt26Vf6Ig4"},{"@type":"BreadcrumbList","@id":"https:\/\/vmsport.fi\/verkkokauppa\/tarvikkeet\/tyokalut\/momenttiavain-2-15-nm-saadettava\/#breadcrumb","itemListElement":[{"@type":"ListItem","position":1,"name":"Etusivu","item":"https:\/\/vmsport.fi\/"},{"@type":"ListItem","position":2,"name":"Online Store","item":"https:\/\/vmsport.fi\/en\/online-store\/"},{"@type":"ListItem","position":3,"name":"Momenttiavain 2-15 Nm S\u00e4\u00e4dett\u00e4v\u00e4"}]},{"@type":"WebSite","@id":"https:\/\/vmsport.fi\/#website","url":"https:\/\/vmsport.fi\/","name":"Vmsport","description":"Allt p\u00e5 ett st\u00e4lle f\u00f6r cykling","publisher":{"@id":"https:\/\/vmsport.fi\/#organization"},"potentialAction":[{"@type":"SearchAction","target":{"@type":"EntryPoint","urlTemplate":"https:\/\/vmsport.fi\/?s={search_term_string}"},"query-input":{"@type":"PropertyValueSpecification","valueRequired":true,"valueName":"search_term_string"}}],"inLanguage":"sv-SE"},{"@type":"Organization","@id":"https:\/\/vmsport.fi\/#organization","name":"Vmsport","url":"https:\/\/vmsport.fi\/","logo":{"@type":"ImageObject","inLanguage":"sv-SE","@id":"https:\/\/vmsport.fi\/#\/schema\/logo\/image\/","url":"https:\/\/vmsport.fi\/wp-content\/uploads\/2024\/12\/vm_sport_RGB_horisontal-e1734526017575.png","contentUrl":"https:\/\/vmsport.fi\/wp-content\/uploads\/2024\/12\/vm_sport_RGB_horisontal-e1734526017575.png","width":668,"height":85,"caption":"Vmsport"},"image":{"@id":"https:\/\/vmsport.fi\/#\/schema\/logo\/image\/"},"sameAs":["https:\/\/www.facebook.com\/Vmsport.fi\/","https:\/\/www.instagram.com\/vmsport\/"]}]}},"global_unique_id":"","_links":{"self":[{"href":"https:\/\/vmsport.fi\/sv\/wp-json\/wp\/v2\/product\/54501","targetHints":{"allow":["GET"]}}],"collection":[{"href":"https:\/\/vmsport.fi\/sv\/wp-json\/wp\/v2\/product"}],"about":[{"href":"https:\/\/vmsport.fi\/sv\/wp-json\/wp\/v2\/types\/product"}],"replies":[{"embeddable":true,"href":"https:\/\/vmsport.fi\/sv\/wp-json\/wp\/v2\/comments?post=54501"}],"wp:featuredmedia":[{"embeddable":true,"href":"https:\/\/vmsport.fi\/sv\/wp-json\/wp\/v2\/media\/54500"}],"wp:attachment":[{"href":"https:\/\/vmsport.fi\/sv\/wp-json\/wp\/v2\/media?parent=54501"}],"wp:term":[{"taxonomy":"product_brand","embeddable":true,"href":"https:\/\/vmsport.fi\/sv\/wp-json\/wp\/v2\/product_brand?post=54501"},{"taxonomy":"product_model","embeddable":true,"href":"https:\/\/vmsport.fi\/sv\/wp-json\/wp\/v2\/product_model?post=54501"},{"taxonomy":"product_cat","embeddable":true,"href":"https:\/\/vmsport.fi\/sv\/wp-json\/wp\/v2\/product_cat?post=54501"},{"taxonomy":"product_tag","embeddable":true,"href":"https:\/\/vmsport.fi\/sv\/wp-json\/wp\/v2\/product_tag?post=54501"},{"taxonomy":"industry_terminology","embeddable":true,"href":"https:\/\/vmsport.fi\/sv\/wp-json\/wp\/v2\/industry-terminology?post=54501"}],"curies":[{"name":"wp","href":"https:\/\/api.w.org\/{rel}","templated":true}]}}