{"id":54489,"date":"2025-03-05T23:54:17","date_gmt":"2025-03-05T21:54:17","guid":{"rendered":"https:\/\/vmsport.fi\/verkkokauppa\/Ei-luokiteltu\/takakiekko-28-21-622-hybrid-shimano-center-lock-kasetti-8-9-10v-mach1-630-2-p\/"},"modified":"2026-01-16T13:23:13","modified_gmt":"2026-01-16T11:23:13","slug":"takakiekko-28-21-622-hybrid-shimano-center-lock-kasetti-8-9-10v-mach1-630-2-p","status":"publish","type":"product","link":"https:\/\/vmsport.fi\/sv\/verkkokauppa\/varaosat\/kiekot-ja-navat\/takakiekot\/takakiekko-28-21-622-hybrid-shimano-center-lock-kasetti-8-9-10v-mach1-630-2-p\/","title":{"rendered":"Bakhjul 28\u2033 21-622 Hybrid Shimano Center Lock, kassett 8\/9\/10v, MACH1 630, 2-p"},"content":{"rendered":"<p>Takakiekko 28\u201d 21-622 Hybrid on erinomainen valinta monik\u00e4ytt\u00f6isille hybridipy\u00f6rille. Se on yhteensopiva 8, 9 tai 10-vaihteisten kasettien kanssa ja tukee Shimano Center Lock -levyjarruja. Kiekossa on Shimano M3050 -napa, jossa on pikalukitusmekanismi, mik\u00e4 tekee asennuksesta ja irrotuksesta vaivatonta.<\/p>\n<p>Kiekon rakenne perustuu ruostumattomasta ter\u00e4ksest\u00e4 valmistettuihin 2 mm paksuihin Sapim Leader -pinnoihin, joita on yhteens\u00e4 32. T\u00e4m\u00e4 tarjoaa vakaan ja kest\u00e4v\u00e4n rakenteen. Nippeleiden pituus on 14 mm ja niit\u00e4 on pinnojen kanssa yht\u00e4 monta. MACH1 630 -vanteen kaksikerroksinen rakenne ja tubeless-yhteensopivuus mahdollistavat erinomaisen suorituskyvyn vaihtelevissa maastoissa. Vanteen sis\u00e4leveys on 21 mm, ulkoleveys 26,6 mm ja korkeus 17 mm, ja sen tehokas halkaisija (ERD) on 605 mm. <\/p>\n<p>Kiekon mattamusta pinta lis\u00e4\u00e4 tyylikkyytt\u00e4. Kiekon paino on noin 1310 g, mik\u00e4 takaa tasaisen ajotuntuman erilaisissa s\u00e4\u00e4olosuhteissa.<\/p>","protected":false},"excerpt":{"rendered":"<p>Takakiekko 28\u201d 21-622 Hybrid on erinomainen valinta monik\u00e4ytt\u00f6isille hybridipy\u00f6rille. Se on yhteensopiva 8, 9 tai 10-vaihteisten kasettien kanssa ja tukee Shimano Center Lock -levyjarruja. Kiekossa on Shimano M3050 -napa, jossa on pikalukitusmekanismi, mik\u00e4 tekee asennuksesta ja irrotuksesta vaivatonta. Kiekon rakenne perustuu ruostumattomasta ter\u00e4ksest\u00e4 valmistettuihin 2 mm paksuihin Sapim Leader -pinnoihin, joita on yhteens\u00e4 32. T\u00e4m\u00e4 [&#8230;]<\/p>\n<p><a class=\"btn btn-secondary understrap-read-more-link\" href=\"https:\/\/vmsport.fi\/sv\/verkkokauppa\/varaosat\/kiekot-ja-navat\/takakiekot\/takakiekko-28-21-622-hybrid-shimano-center-lock-kasetti-8-9-10v-mach1-630-2-p\/\">L\u00e4s mer \u2026<span class=\"screen-reader-text\"> from Takakiekko 28&#8243; 21-622 Hybrid Shimano Center Lock, kasetti 8\/9\/10v, MACH1 630, 2-p<\/span><\/a><\/p>\n","protected":false},"featured_media":54488,"comment_status":"open","ping_status":"closed","template":"","meta":{"_acf_changed":false,"_improvement_type_select":"improve_an_existing","_thumb_yes_seoaic":false,"_frame_yes_seoaic":false,"seoaic_generate_description":"","seoaic_improve_instructions_prompt":"","seoaic_rollback_content_improvement":"","seoaic_idea_thumbnail_generator":"","thumbnail_generated":false,"thumbnail_generate_prompt":"","seoaic_article_description":"","_supplier_stock_quantity":0},"product_brand":[],"product_model":[],"product_cat":[9486],"product_tag":[],"industry-terminology":[],"class_list":{"0":"post-54489","1":"product","2":"type-product","3":"status-publish","4":"has-post-thumbnail","6":"product_cat-takakiekot","8":"first","9":"outofstock","10":"taxable","11":"shipping-taxable","12":"product-type-simple"},"acf":{"bike_features":null,"overview":{"copy_overview":null,"key_features":null,"statement":"","youtube_url":""}},"yoast_head":"<!-- This site is optimized with the Yoast SEO plugin v27.3 - https:\/\/yoast.com\/product\/yoast-seo-wordpress\/ -->\n<title>Takakiekko 28&quot; 21-622 Hybrid Shimano Center Lock, kasetti 8\/9\/10v, MACH1 630, 2-p - VM Sport<\/title>\n<meta name=\"robots\" content=\"index, follow, max-snippet:-1, max-image-preview:large, max-video-preview:-1\" \/>\n<link rel=\"canonical\" href=\"https:\/\/vmsport.fi\/sv\/webbutik\/reservdelar\/skivor-och-nav\/bakgrund\/takakiekko-28-21-622-hybrid-shimano-center-lock-kasetti-8-9-10v-mach1-630-2-p\/\" \/>\n<meta property=\"og:locale\" content=\"sv_SE\" \/>\n<meta property=\"og:type\" content=\"article\" \/>\n<meta property=\"og:title\" content=\"Takakiekko 28&quot; 21-622 Hybrid Shimano Center Lock, kasetti 8\/9\/10v, MACH1 630, 2-p - VM Sport\" \/>\n<meta property=\"og:description\" content=\"Takakiekko 28\u201d 21-622 Hybrid on erinomainen valinta monik\u00e4ytt\u00f6isille hybridipy\u00f6rille. Se on yhteensopiva 8, 9 tai 10-vaihteisten kasettien kanssa ja tukee Shimano Center Lock -levyjarruja. Kiekossa on Shimano M3050 -napa, jossa on pikalukitusmekanismi, mik\u00e4 tekee asennuksesta ja irrotuksesta vaivatonta. Kiekon rakenne perustuu ruostumattomasta ter\u00e4ksest\u00e4 valmistettuihin 2 mm paksuihin Sapim Leader -pinnoihin, joita on yhteens\u00e4 32. T\u00e4m\u00e4 [...]L\u00e4s mer \u2026 from Takakiekko 28&#8243; 21-622 Hybrid Shimano Center Lock, kasetti 8\/9\/10v, MACH1 630, 2-p\" \/>\n<meta property=\"og:url\" content=\"https:\/\/vmsport.fi\/sv\/webbutik\/reservdelar\/skivor-och-nav\/bakgrund\/takakiekko-28-21-622-hybrid-shimano-center-lock-kasetti-8-9-10v-mach1-630-2-p\/\" \/>\n<meta property=\"og:site_name\" content=\"VM Sport\" \/>\n<meta property=\"article:publisher\" content=\"https:\/\/www.facebook.com\/Vmsport.fi\/\" \/>\n<meta property=\"article:modified_time\" content=\"2026-01-16T11:23:13+00:00\" \/>\n<meta property=\"og:image\" content=\"https:\/\/vmsport.fi\/wp-content\/uploads\/2025\/03\/59275-1.jpg\" \/>\n\t<meta property=\"og:image:width\" content=\"853\" \/>\n\t<meta property=\"og:image:height\" content=\"1000\" \/>\n\t<meta property=\"og:image:type\" content=\"image\/jpeg\" \/>\n<meta name=\"twitter:card\" content=\"summary_large_image\" \/>\n<meta name=\"twitter:label1\" content=\"Ber\u00e4knad l\u00e4stid\" \/>\n\t<meta name=\"twitter:data1\" content=\"1 minut\" \/>\n<script type=\"application\/ld+json\" class=\"yoast-schema-graph\">{\"@context\":\"https:\\\/\\\/schema.org\",\"@graph\":[{\"@type\":[\"WebPage\",\"ItemPage\"],\"@id\":\"https:\\\/\\\/vmsport.fi\\\/verkkokauppa\\\/varaosat\\\/kiekot-ja-navat\\\/takakiekot\\\/takakiekko-28-21-622-hybrid-shimano-center-lock-kasetti-8-9-10v-mach1-630-2-p\\\/\",\"url\":\"https:\\\/\\\/vmsport.fi\\\/verkkokauppa\\\/varaosat\\\/kiekot-ja-navat\\\/takakiekot\\\/takakiekko-28-21-622-hybrid-shimano-center-lock-kasetti-8-9-10v-mach1-630-2-p\\\/\",\"name\":\"Takakiekko 28\\\" 21-622 Hybrid Shimano Center Lock, kasetti 8\\\/9\\\/10v, MACH1 630, 2-p - VM Sport\",\"isPartOf\":{\"@id\":\"https:\\\/\\\/vmsport.fi\\\/#website\"},\"primaryImageOfPage\":{\"@id\":\"https:\\\/\\\/vmsport.fi\\\/verkkokauppa\\\/varaosat\\\/kiekot-ja-navat\\\/takakiekot\\\/takakiekko-28-21-622-hybrid-shimano-center-lock-kasetti-8-9-10v-mach1-630-2-p\\\/#primaryimage\"},\"image\":{\"@id\":\"https:\\\/\\\/vmsport.fi\\\/verkkokauppa\\\/varaosat\\\/kiekot-ja-navat\\\/takakiekot\\\/takakiekko-28-21-622-hybrid-shimano-center-lock-kasetti-8-9-10v-mach1-630-2-p\\\/#primaryimage\"},\"thumbnailUrl\":\"https:\\\/\\\/vmsport.fi\\\/wp-content\\\/uploads\\\/2025\\\/03\\\/59275-1.jpg\",\"datePublished\":\"2025-03-05T21:54:17+00:00\",\"dateModified\":\"2026-01-16T11:23:13+00:00\",\"breadcrumb\":{\"@id\":\"https:\\\/\\\/vmsport.fi\\\/verkkokauppa\\\/varaosat\\\/kiekot-ja-navat\\\/takakiekot\\\/takakiekko-28-21-622-hybrid-shimano-center-lock-kasetti-8-9-10v-mach1-630-2-p\\\/#breadcrumb\"},\"inLanguage\":\"sv-SE\",\"potentialAction\":[{\"@type\":\"ReadAction\",\"target\":[\"https:\\\/\\\/vmsport.fi\\\/verkkokauppa\\\/varaosat\\\/kiekot-ja-navat\\\/takakiekot\\\/takakiekko-28-21-622-hybrid-shimano-center-lock-kasetti-8-9-10v-mach1-630-2-p\\\/\"]}]},{\"@type\":\"ImageObject\",\"inLanguage\":\"sv-SE\",\"@id\":\"https:\\\/\\\/vmsport.fi\\\/verkkokauppa\\\/varaosat\\\/kiekot-ja-navat\\\/takakiekot\\\/takakiekko-28-21-622-hybrid-shimano-center-lock-kasetti-8-9-10v-mach1-630-2-p\\\/#primaryimage\",\"url\":\"https:\\\/\\\/vmsport.fi\\\/wp-content\\\/uploads\\\/2025\\\/03\\\/59275-1.jpg\",\"contentUrl\":\"https:\\\/\\\/vmsport.fi\\\/wp-content\\\/uploads\\\/2025\\\/03\\\/59275-1.jpg\",\"width\":853,\"height\":1000,\"caption\":\"59275\"},{\"@type\":\"BreadcrumbList\",\"@id\":\"https:\\\/\\\/vmsport.fi\\\/verkkokauppa\\\/varaosat\\\/kiekot-ja-navat\\\/takakiekot\\\/takakiekko-28-21-622-hybrid-shimano-center-lock-kasetti-8-9-10v-mach1-630-2-p\\\/#breadcrumb\",\"itemListElement\":[{\"@type\":\"ListItem\",\"position\":1,\"name\":\"Etusivu\",\"item\":\"https:\\\/\\\/vmsport.fi\\\/\"},{\"@type\":\"ListItem\",\"position\":2,\"name\":\"Online Store\",\"item\":\"https:\\\/\\\/vmsport.fi\\\/en\\\/online-store\\\/\"},{\"@type\":\"ListItem\",\"position\":3,\"name\":\"Takakiekko 28&#8243; 21-622 Hybrid Shimano Center Lock, kasetti 8\\\/9\\\/10v, MACH1 630, 2-p\"}]},{\"@type\":\"WebSite\",\"@id\":\"https:\\\/\\\/vmsport.fi\\\/#website\",\"url\":\"https:\\\/\\\/vmsport.fi\\\/\",\"name\":\"Vmsport\",\"description\":\"Kaikki py\u00f6r\u00e4ilyyn yhdest\u00e4 paikasta\",\"publisher\":{\"@id\":\"https:\\\/\\\/vmsport.fi\\\/#organization\"},\"potentialAction\":[{\"@type\":\"SearchAction\",\"target\":{\"@type\":\"EntryPoint\",\"urlTemplate\":\"https:\\\/\\\/vmsport.fi\\\/?s={search_term_string}\"},\"query-input\":{\"@type\":\"PropertyValueSpecification\",\"valueRequired\":true,\"valueName\":\"search_term_string\"}}],\"inLanguage\":\"sv-SE\"},{\"@type\":\"Organization\",\"@id\":\"https:\\\/\\\/vmsport.fi\\\/#organization\",\"name\":\"Vmsport\",\"url\":\"https:\\\/\\\/vmsport.fi\\\/\",\"logo\":{\"@type\":\"ImageObject\",\"inLanguage\":\"sv-SE\",\"@id\":\"https:\\\/\\\/vmsport.fi\\\/#\\\/schema\\\/logo\\\/image\\\/\",\"url\":\"https:\\\/\\\/vmsport.fi\\\/wp-content\\\/uploads\\\/2024\\\/12\\\/vm_sport_RGB_horisontal-e1734526017575.png\",\"contentUrl\":\"https:\\\/\\\/vmsport.fi\\\/wp-content\\\/uploads\\\/2024\\\/12\\\/vm_sport_RGB_horisontal-e1734526017575.png\",\"width\":668,\"height\":85,\"caption\":\"Vmsport\"},\"image\":{\"@id\":\"https:\\\/\\\/vmsport.fi\\\/#\\\/schema\\\/logo\\\/image\\\/\"},\"sameAs\":[\"https:\\\/\\\/www.facebook.com\\\/Vmsport.fi\\\/\",\"https:\\\/\\\/www.instagram.com\\\/vmsport\\\/\"]}]}<\/script>\n<!-- \/ Yoast SEO plugin. -->","yoast_head_json":{"title":"Takakiekko 28\" 21-622 Hybrid Shimano Center Lock, kasetti 8\/9\/10v, MACH1 630, 2-p - VM Sport","robots":{"index":"index","follow":"follow","max-snippet":"max-snippet:-1","max-image-preview":"max-image-preview:large","max-video-preview":"max-video-preview:-1"},"canonical":"https:\/\/vmsport.fi\/sv\/webbutik\/reservdelar\/skivor-och-nav\/bakgrund\/takakiekko-28-21-622-hybrid-shimano-center-lock-kasetti-8-9-10v-mach1-630-2-p\/","og_locale":"sv_SE","og_type":"article","og_title":"Takakiekko 28\" 21-622 Hybrid Shimano Center Lock, kasetti 8\/9\/10v, MACH1 630, 2-p - VM Sport","og_description":"Takakiekko 28\u201d 21-622 Hybrid on erinomainen valinta monik\u00e4ytt\u00f6isille hybridipy\u00f6rille. Se on yhteensopiva 8, 9 tai 10-vaihteisten kasettien kanssa ja tukee Shimano Center Lock -levyjarruja. Kiekossa on Shimano M3050 -napa, jossa on pikalukitusmekanismi, mik\u00e4 tekee asennuksesta ja irrotuksesta vaivatonta. Kiekon rakenne perustuu ruostumattomasta ter\u00e4ksest\u00e4 valmistettuihin 2 mm paksuihin Sapim Leader -pinnoihin, joita on yhteens\u00e4 32. T\u00e4m\u00e4 [...]L\u00e4s mer \u2026 from Takakiekko 28&#8243; 21-622 Hybrid Shimano Center Lock, kasetti 8\/9\/10v, MACH1 630, 2-p","og_url":"https:\/\/vmsport.fi\/sv\/webbutik\/reservdelar\/skivor-och-nav\/bakgrund\/takakiekko-28-21-622-hybrid-shimano-center-lock-kasetti-8-9-10v-mach1-630-2-p\/","og_site_name":"VM Sport","article_publisher":"https:\/\/www.facebook.com\/Vmsport.fi\/","article_modified_time":"2026-01-16T11:23:13+00:00","og_image":[{"width":853,"height":1000,"url":"https:\/\/vmsport.fi\/wp-content\/uploads\/2025\/03\/59275-1.jpg","type":"image\/jpeg"}],"twitter_card":"summary_large_image","twitter_misc":{"Ber\u00e4knad l\u00e4stid":"1 minut"},"schema":{"@context":"https:\/\/schema.org","@graph":[{"@type":["WebPage","ItemPage"],"@id":"https:\/\/vmsport.fi\/verkkokauppa\/varaosat\/kiekot-ja-navat\/takakiekot\/takakiekko-28-21-622-hybrid-shimano-center-lock-kasetti-8-9-10v-mach1-630-2-p\/","url":"https:\/\/vmsport.fi\/verkkokauppa\/varaosat\/kiekot-ja-navat\/takakiekot\/takakiekko-28-21-622-hybrid-shimano-center-lock-kasetti-8-9-10v-mach1-630-2-p\/","name":"Takakiekko 28\" 21-622 Hybrid Shimano Center Lock, kasetti 8\/9\/10v, MACH1 630, 2-p - VM Sport","isPartOf":{"@id":"https:\/\/vmsport.fi\/#website"},"primaryImageOfPage":{"@id":"https:\/\/vmsport.fi\/verkkokauppa\/varaosat\/kiekot-ja-navat\/takakiekot\/takakiekko-28-21-622-hybrid-shimano-center-lock-kasetti-8-9-10v-mach1-630-2-p\/#primaryimage"},"image":{"@id":"https:\/\/vmsport.fi\/verkkokauppa\/varaosat\/kiekot-ja-navat\/takakiekot\/takakiekko-28-21-622-hybrid-shimano-center-lock-kasetti-8-9-10v-mach1-630-2-p\/#primaryimage"},"thumbnailUrl":"https:\/\/vmsport.fi\/wp-content\/uploads\/2025\/03\/59275-1.jpg","datePublished":"2025-03-05T21:54:17+00:00","dateModified":"2026-01-16T11:23:13+00:00","breadcrumb":{"@id":"https:\/\/vmsport.fi\/verkkokauppa\/varaosat\/kiekot-ja-navat\/takakiekot\/takakiekko-28-21-622-hybrid-shimano-center-lock-kasetti-8-9-10v-mach1-630-2-p\/#breadcrumb"},"inLanguage":"sv-SE","potentialAction":[{"@type":"ReadAction","target":["https:\/\/vmsport.fi\/verkkokauppa\/varaosat\/kiekot-ja-navat\/takakiekot\/takakiekko-28-21-622-hybrid-shimano-center-lock-kasetti-8-9-10v-mach1-630-2-p\/"]}]},{"@type":"ImageObject","inLanguage":"sv-SE","@id":"https:\/\/vmsport.fi\/verkkokauppa\/varaosat\/kiekot-ja-navat\/takakiekot\/takakiekko-28-21-622-hybrid-shimano-center-lock-kasetti-8-9-10v-mach1-630-2-p\/#primaryimage","url":"https:\/\/vmsport.fi\/wp-content\/uploads\/2025\/03\/59275-1.jpg","contentUrl":"https:\/\/vmsport.fi\/wp-content\/uploads\/2025\/03\/59275-1.jpg","width":853,"height":1000,"caption":"59275"},{"@type":"BreadcrumbList","@id":"https:\/\/vmsport.fi\/verkkokauppa\/varaosat\/kiekot-ja-navat\/takakiekot\/takakiekko-28-21-622-hybrid-shimano-center-lock-kasetti-8-9-10v-mach1-630-2-p\/#breadcrumb","itemListElement":[{"@type":"ListItem","position":1,"name":"Etusivu","item":"https:\/\/vmsport.fi\/"},{"@type":"ListItem","position":2,"name":"Online Store","item":"https:\/\/vmsport.fi\/en\/online-store\/"},{"@type":"ListItem","position":3,"name":"Takakiekko 28&#8243; 21-622 Hybrid Shimano Center Lock, kasetti 8\/9\/10v, MACH1 630, 2-p"}]},{"@type":"WebSite","@id":"https:\/\/vmsport.fi\/#website","url":"https:\/\/vmsport.fi\/","name":"Vmsport","description":"Allt p\u00e5 ett st\u00e4lle f\u00f6r cykling","publisher":{"@id":"https:\/\/vmsport.fi\/#organization"},"potentialAction":[{"@type":"SearchAction","target":{"@type":"EntryPoint","urlTemplate":"https:\/\/vmsport.fi\/?s={search_term_string}"},"query-input":{"@type":"PropertyValueSpecification","valueRequired":true,"valueName":"search_term_string"}}],"inLanguage":"sv-SE"},{"@type":"Organization","@id":"https:\/\/vmsport.fi\/#organization","name":"Vmsport","url":"https:\/\/vmsport.fi\/","logo":{"@type":"ImageObject","inLanguage":"sv-SE","@id":"https:\/\/vmsport.fi\/#\/schema\/logo\/image\/","url":"https:\/\/vmsport.fi\/wp-content\/uploads\/2024\/12\/vm_sport_RGB_horisontal-e1734526017575.png","contentUrl":"https:\/\/vmsport.fi\/wp-content\/uploads\/2024\/12\/vm_sport_RGB_horisontal-e1734526017575.png","width":668,"height":85,"caption":"Vmsport"},"image":{"@id":"https:\/\/vmsport.fi\/#\/schema\/logo\/image\/"},"sameAs":["https:\/\/www.facebook.com\/Vmsport.fi\/","https:\/\/www.instagram.com\/vmsport\/"]}]}},"global_unique_id":"","_links":{"self":[{"href":"https:\/\/vmsport.fi\/sv\/wp-json\/wp\/v2\/product\/54489","targetHints":{"allow":["GET"]}}],"collection":[{"href":"https:\/\/vmsport.fi\/sv\/wp-json\/wp\/v2\/product"}],"about":[{"href":"https:\/\/vmsport.fi\/sv\/wp-json\/wp\/v2\/types\/product"}],"replies":[{"embeddable":true,"href":"https:\/\/vmsport.fi\/sv\/wp-json\/wp\/v2\/comments?post=54489"}],"wp:featuredmedia":[{"embeddable":true,"href":"https:\/\/vmsport.fi\/sv\/wp-json\/wp\/v2\/media\/54488"}],"wp:attachment":[{"href":"https:\/\/vmsport.fi\/sv\/wp-json\/wp\/v2\/media?parent=54489"}],"wp:term":[{"taxonomy":"product_brand","embeddable":true,"href":"https:\/\/vmsport.fi\/sv\/wp-json\/wp\/v2\/product_brand?post=54489"},{"taxonomy":"product_model","embeddable":true,"href":"https:\/\/vmsport.fi\/sv\/wp-json\/wp\/v2\/product_model?post=54489"},{"taxonomy":"product_cat","embeddable":true,"href":"https:\/\/vmsport.fi\/sv\/wp-json\/wp\/v2\/product_cat?post=54489"},{"taxonomy":"product_tag","embeddable":true,"href":"https:\/\/vmsport.fi\/sv\/wp-json\/wp\/v2\/product_tag?post=54489"},{"taxonomy":"industry_terminology","embeddable":true,"href":"https:\/\/vmsport.fi\/sv\/wp-json\/wp\/v2\/industry-terminology?post=54489"}],"curies":[{"name":"wp","href":"https:\/\/api.w.org\/{rel}","templated":true}]}}