{"id":54485,"date":"2025-03-05T23:54:14","date_gmt":"2025-03-05T21:54:14","guid":{"rendered":"https:\/\/vmsport.fi\/verkkokauppa\/Ei-luokiteltu\/jarrulevy-xt-180mm-6-pulttilevy-sm-rt86\/"},"modified":"2026-01-16T13:20:39","modified_gmt":"2026-01-16T11:20:39","slug":"bromsskiva-xt-180mm-6-bultar-platta-sm-rt86","status":"publish","type":"product","link":"https:\/\/vmsport.fi\/sv\/verkkokauppa\/varaosat\/jarrut\/jarrulevyt\/jarrulevy-xt-180mm-6-pulttilevy-sm-rt86\/","title":{"rendered":"Bromsskiva XT 180 mm 6-bultarsskiva, SM-RT86"},"content":{"rendered":"<p>XT 180 mm SM-RT86 bromsskiva \u00e4r en toppmodern teknik med ett 6-polig monteringssystem som g\u00f6r den till ett p\u00e5litligt val f\u00f6r cykling. Skivan \u00e4r konstruerad med Ice-Tec-teknik, som kombinerar rostfritt st\u00e5l och legering i en konstruktion med tre lager. Konstruktionen ger utm\u00e4rkt v\u00e4rmehantering och s\u00e4kerst\u00e4ller att b\u00e4sta m\u00f6jliga bromsprestanda bibeh\u00e5lls \u00e4ven under kr\u00e4vande f\u00f6rh\u00e5llanden. Valet av material och konstruktion bidrar till l\u00e5ng livsl\u00e4ngd och prestanda, vilket avsev\u00e4rt f\u00f6rb\u00e4ttrar k\u00f6rupplevelsen.<\/p>","protected":false},"excerpt":{"rendered":"<p>XT 180 mm SM-RT86-jarrulevy on huipputeknologian edustaja, jonka 6-pulttikiinnitysj\u00e4rjestelm\u00e4 tekee siit\u00e4 luotettavan valinnan py\u00f6r\u00e4ilyyn. Levy on suunniteltu Ice-Tec-tekniikalla, joka yhdist\u00e4\u00e4 ruostumattoman ter\u00e4ksen ja metalliseoksen kolmikerrosrakenteeseen. T\u00e4m\u00e4 rakenne tarjoaa erinomaisen l\u00e4mm\u00f6nhallinnan ja takaa parhaan jarrutustehon s\u00e4ilymisen vaativissakin olosuhteissa. Sen materiaalivalinnat ja rakenne edist\u00e4v\u00e4t pitk\u00e4ik\u00e4isyytt\u00e4 ja suorituskyky\u00e4, mik\u00e4 huomattavasti parantaa ajokokemusta. [&#8230;]<\/p>\n<p><a class=\"btn btn-secondary understrap-read-more-link\" href=\"https:\/\/vmsport.fi\/sv\/verkkokauppa\/varaosat\/jarrut\/jarrulevyt\/jarrulevy-xt-180mm-6-pulttilevy-sm-rt86\/\">L\u00e4s mer \u2026<span class=\"screen-reader-text\"> from Jarrulevy XT 180mm 6-pulttilevy, SM-RT86<\/span><\/a><\/p>\n","protected":false},"featured_media":54484,"comment_status":"open","ping_status":"closed","template":"","meta":{"_acf_changed":false,"_improvement_type_select":"improve_an_existing","_thumb_yes_seoaic":false,"_frame_yes_seoaic":false,"seoaic_generate_description":"","seoaic_improve_instructions_prompt":"","seoaic_rollback_content_improvement":"","seoaic_idea_thumbnail_generator":"","thumbnail_generated":false,"thumbnail_generate_prompt":"","seoaic_article_description":"","_supplier_stock_quantity":0},"product_brand":[],"product_model":[],"product_cat":[9340],"product_tag":[],"industry-terminology":[],"class_list":{"0":"post-54485","1":"product","2":"type-product","3":"status-publish","4":"has-post-thumbnail","6":"product_cat-jarrulevyt","8":"first","9":"instock","10":"taxable","11":"shipping-taxable","12":"purchasable","13":"product-type-simple"},"acf":{"bike_features":null,"overview":{"copy_overview":null,"key_features":null,"statement":"","youtube_url":""}},"yoast_head":"<!-- This site is optimized with the Yoast SEO plugin v27.3 - https:\/\/yoast.com\/product\/yoast-seo-wordpress\/ -->\n<title>Jarrulevy XT 180mm 6-pulttilevy, SM-RT86 - VM Sport<\/title>\n<meta name=\"robots\" content=\"index, follow, max-snippet:-1, max-image-preview:large, max-video-preview:-1\" \/>\n<link rel=\"canonical\" href=\"https:\/\/vmsport.fi\/sv\/webbutik\/reservdelar\/bromsar\/bromsskivor\/bromsskiva-xt-180mm-6-bultar-platta-sm-rt86\/\" \/>\n<meta property=\"og:locale\" content=\"sv_SE\" \/>\n<meta property=\"og:type\" content=\"article\" \/>\n<meta property=\"og:title\" content=\"Jarrulevy XT 180mm 6-pulttilevy, SM-RT86 - VM Sport\" \/>\n<meta property=\"og:description\" content=\"XT 180 mm SM-RT86-jarrulevy on huipputeknologian edustaja, jonka 6-pulttikiinnitysj\u00e4rjestelm\u00e4 tekee siit\u00e4 luotettavan valinnan py\u00f6r\u00e4ilyyn. Levy on suunniteltu Ice-Tec-tekniikalla, joka yhdist\u00e4\u00e4 ruostumattoman ter\u00e4ksen ja metalliseoksen kolmikerrosrakenteeseen. T\u00e4m\u00e4 rakenne tarjoaa erinomaisen l\u00e4mm\u00f6nhallinnan ja takaa parhaan jarrutustehon s\u00e4ilymisen vaativissakin olosuhteissa. Sen materiaalivalinnat ja rakenne edist\u00e4v\u00e4t pitk\u00e4ik\u00e4isyytt\u00e4 ja suorituskyky\u00e4, mik\u00e4 huomattavasti parantaa ajokokemusta. [...]L\u00e4s mer \u2026 from Jarrulevy XT 180mm 6-pulttilevy, SM-RT86\" \/>\n<meta property=\"og:url\" content=\"https:\/\/vmsport.fi\/sv\/webbutik\/reservdelar\/bromsar\/bromsskivor\/bromsskiva-xt-180mm-6-bultar-platta-sm-rt86\/\" \/>\n<meta property=\"og:site_name\" content=\"VM Sport\" \/>\n<meta property=\"article:publisher\" content=\"https:\/\/www.facebook.com\/Vmsport.fi\/\" \/>\n<meta property=\"article:modified_time\" content=\"2026-01-16T11:20:39+00:00\" \/>\n<meta property=\"og:image\" content=\"https:\/\/vmsport.fi\/wp-content\/uploads\/2025\/03\/D3eKTTkHHUY6Nd35gp2Hn2H96Un1DBrJaP6we49OdZdhDzrdcG-1.jpg\" \/>\n\t<meta property=\"og:image:width\" content=\"600\" \/>\n\t<meta property=\"og:image:height\" content=\"600\" \/>\n\t<meta property=\"og:image:type\" content=\"image\/jpeg\" \/>\n<meta name=\"twitter:card\" content=\"summary_large_image\" \/>\n<script type=\"application\/ld+json\" class=\"yoast-schema-graph\">{\"@context\":\"https:\\\/\\\/schema.org\",\"@graph\":[{\"@type\":[\"WebPage\",\"ItemPage\"],\"@id\":\"https:\\\/\\\/vmsport.fi\\\/verkkokauppa\\\/varaosat\\\/jarrut\\\/jarrulevyt\\\/jarrulevy-xt-180mm-6-pulttilevy-sm-rt86\\\/\",\"url\":\"https:\\\/\\\/vmsport.fi\\\/verkkokauppa\\\/varaosat\\\/jarrut\\\/jarrulevyt\\\/jarrulevy-xt-180mm-6-pulttilevy-sm-rt86\\\/\",\"name\":\"Jarrulevy XT 180mm 6-pulttilevy, SM-RT86 - VM Sport\",\"isPartOf\":{\"@id\":\"https:\\\/\\\/vmsport.fi\\\/#website\"},\"primaryImageOfPage\":{\"@id\":\"https:\\\/\\\/vmsport.fi\\\/verkkokauppa\\\/varaosat\\\/jarrut\\\/jarrulevyt\\\/jarrulevy-xt-180mm-6-pulttilevy-sm-rt86\\\/#primaryimage\"},\"image\":{\"@id\":\"https:\\\/\\\/vmsport.fi\\\/verkkokauppa\\\/varaosat\\\/jarrut\\\/jarrulevyt\\\/jarrulevy-xt-180mm-6-pulttilevy-sm-rt86\\\/#primaryimage\"},\"thumbnailUrl\":\"https:\\\/\\\/vmsport.fi\\\/wp-content\\\/uploads\\\/2025\\\/03\\\/D3eKTTkHHUY6Nd35gp2Hn2H96Un1DBrJaP6we49OdZdhDzrdcG-1.jpg\",\"datePublished\":\"2025-03-05T21:54:14+00:00\",\"dateModified\":\"2026-01-16T11:20:39+00:00\",\"breadcrumb\":{\"@id\":\"https:\\\/\\\/vmsport.fi\\\/verkkokauppa\\\/varaosat\\\/jarrut\\\/jarrulevyt\\\/jarrulevy-xt-180mm-6-pulttilevy-sm-rt86\\\/#breadcrumb\"},\"inLanguage\":\"sv-SE\",\"potentialAction\":[{\"@type\":\"ReadAction\",\"target\":[\"https:\\\/\\\/vmsport.fi\\\/verkkokauppa\\\/varaosat\\\/jarrut\\\/jarrulevyt\\\/jarrulevy-xt-180mm-6-pulttilevy-sm-rt86\\\/\"]}]},{\"@type\":\"ImageObject\",\"inLanguage\":\"sv-SE\",\"@id\":\"https:\\\/\\\/vmsport.fi\\\/verkkokauppa\\\/varaosat\\\/jarrut\\\/jarrulevyt\\\/jarrulevy-xt-180mm-6-pulttilevy-sm-rt86\\\/#primaryimage\",\"url\":\"https:\\\/\\\/vmsport.fi\\\/wp-content\\\/uploads\\\/2025\\\/03\\\/D3eKTTkHHUY6Nd35gp2Hn2H96Un1DBrJaP6we49OdZdhDzrdcG-1.jpg\",\"contentUrl\":\"https:\\\/\\\/vmsport.fi\\\/wp-content\\\/uploads\\\/2025\\\/03\\\/D3eKTTkHHUY6Nd35gp2Hn2H96Un1DBrJaP6we49OdZdhDzrdcG-1.jpg\",\"width\":600,\"height\":600,\"caption\":\"D3eKTTkHHUY6Nd35gp2Hn2H96Un1DBrJaP6we49OdZdhDzrdcG\"},{\"@type\":\"BreadcrumbList\",\"@id\":\"https:\\\/\\\/vmsport.fi\\\/verkkokauppa\\\/varaosat\\\/jarrut\\\/jarrulevyt\\\/jarrulevy-xt-180mm-6-pulttilevy-sm-rt86\\\/#breadcrumb\",\"itemListElement\":[{\"@type\":\"ListItem\",\"position\":1,\"name\":\"Etusivu\",\"item\":\"https:\\\/\\\/vmsport.fi\\\/\"},{\"@type\":\"ListItem\",\"position\":2,\"name\":\"Online Store\",\"item\":\"https:\\\/\\\/vmsport.fi\\\/en\\\/online-store\\\/\"},{\"@type\":\"ListItem\",\"position\":3,\"name\":\"Jarrulevy XT 180mm 6-pulttilevy, SM-RT86\"}]},{\"@type\":\"WebSite\",\"@id\":\"https:\\\/\\\/vmsport.fi\\\/#website\",\"url\":\"https:\\\/\\\/vmsport.fi\\\/\",\"name\":\"Vmsport\",\"description\":\"Kaikki py\u00f6r\u00e4ilyyn yhdest\u00e4 paikasta\",\"publisher\":{\"@id\":\"https:\\\/\\\/vmsport.fi\\\/#organization\"},\"potentialAction\":[{\"@type\":\"SearchAction\",\"target\":{\"@type\":\"EntryPoint\",\"urlTemplate\":\"https:\\\/\\\/vmsport.fi\\\/?s={search_term_string}\"},\"query-input\":{\"@type\":\"PropertyValueSpecification\",\"valueRequired\":true,\"valueName\":\"search_term_string\"}}],\"inLanguage\":\"sv-SE\"},{\"@type\":\"Organization\",\"@id\":\"https:\\\/\\\/vmsport.fi\\\/#organization\",\"name\":\"Vmsport\",\"url\":\"https:\\\/\\\/vmsport.fi\\\/\",\"logo\":{\"@type\":\"ImageObject\",\"inLanguage\":\"sv-SE\",\"@id\":\"https:\\\/\\\/vmsport.fi\\\/#\\\/schema\\\/logo\\\/image\\\/\",\"url\":\"https:\\\/\\\/vmsport.fi\\\/wp-content\\\/uploads\\\/2024\\\/12\\\/vm_sport_RGB_horisontal-e1734526017575.png\",\"contentUrl\":\"https:\\\/\\\/vmsport.fi\\\/wp-content\\\/uploads\\\/2024\\\/12\\\/vm_sport_RGB_horisontal-e1734526017575.png\",\"width\":668,\"height\":85,\"caption\":\"Vmsport\"},\"image\":{\"@id\":\"https:\\\/\\\/vmsport.fi\\\/#\\\/schema\\\/logo\\\/image\\\/\"},\"sameAs\":[\"https:\\\/\\\/www.facebook.com\\\/Vmsport.fi\\\/\",\"https:\\\/\\\/www.instagram.com\\\/vmsport\\\/\"]}]}<\/script>\n<!-- \/ Yoast SEO plugin. -->","yoast_head_json":{"title":"Bromsskiva XT 180 mm 6-bultsskiva, SM-RT86 - VM Sport","robots":{"index":"index","follow":"follow","max-snippet":"max-snippet:-1","max-image-preview":"max-image-preview:large","max-video-preview":"max-video-preview:-1"},"canonical":"https:\/\/vmsport.fi\/sv\/webbutik\/reservdelar\/bromsar\/bromsskivor\/bromsskiva-xt-180mm-6-bultar-platta-sm-rt86\/","og_locale":"sv_SE","og_type":"article","og_title":"Jarrulevy XT 180mm 6-pulttilevy, SM-RT86 - VM Sport","og_description":"XT 180 mm SM-RT86-jarrulevy on huipputeknologian edustaja, jonka 6-pulttikiinnitysj\u00e4rjestelm\u00e4 tekee siit\u00e4 luotettavan valinnan py\u00f6r\u00e4ilyyn. Levy on suunniteltu Ice-Tec-tekniikalla, joka yhdist\u00e4\u00e4 ruostumattoman ter\u00e4ksen ja metalliseoksen kolmikerrosrakenteeseen. T\u00e4m\u00e4 rakenne tarjoaa erinomaisen l\u00e4mm\u00f6nhallinnan ja takaa parhaan jarrutustehon s\u00e4ilymisen vaativissakin olosuhteissa. Sen materiaalivalinnat ja rakenne edist\u00e4v\u00e4t pitk\u00e4ik\u00e4isyytt\u00e4 ja suorituskyky\u00e4, mik\u00e4 huomattavasti parantaa ajokokemusta. [...]L\u00e4s mer \u2026 from Jarrulevy XT 180mm 6-pulttilevy, SM-RT86","og_url":"https:\/\/vmsport.fi\/sv\/webbutik\/reservdelar\/bromsar\/bromsskivor\/bromsskiva-xt-180mm-6-bultar-platta-sm-rt86\/","og_site_name":"VM Sport","article_publisher":"https:\/\/www.facebook.com\/Vmsport.fi\/","article_modified_time":"2026-01-16T11:20:39+00:00","og_image":[{"width":600,"height":600,"url":"https:\/\/vmsport.fi\/wp-content\/uploads\/2025\/03\/D3eKTTkHHUY6Nd35gp2Hn2H96Un1DBrJaP6we49OdZdhDzrdcG-1.jpg","type":"image\/jpeg"}],"twitter_card":"summary_large_image","schema":{"@context":"https:\/\/schema.org","@graph":[{"@type":["WebPage","ItemPage"],"@id":"https:\/\/vmsport.fi\/verkkokauppa\/varaosat\/jarrut\/jarrulevyt\/jarrulevy-xt-180mm-6-pulttilevy-sm-rt86\/","url":"https:\/\/vmsport.fi\/verkkokauppa\/varaosat\/jarrut\/jarrulevyt\/jarrulevy-xt-180mm-6-pulttilevy-sm-rt86\/","name":"Bromsskiva XT 180 mm 6-bultsskiva, SM-RT86 - VM Sport","isPartOf":{"@id":"https:\/\/vmsport.fi\/#website"},"primaryImageOfPage":{"@id":"https:\/\/vmsport.fi\/verkkokauppa\/varaosat\/jarrut\/jarrulevyt\/jarrulevy-xt-180mm-6-pulttilevy-sm-rt86\/#primaryimage"},"image":{"@id":"https:\/\/vmsport.fi\/verkkokauppa\/varaosat\/jarrut\/jarrulevyt\/jarrulevy-xt-180mm-6-pulttilevy-sm-rt86\/#primaryimage"},"thumbnailUrl":"https:\/\/vmsport.fi\/wp-content\/uploads\/2025\/03\/D3eKTTkHHUY6Nd35gp2Hn2H96Un1DBrJaP6we49OdZdhDzrdcG-1.jpg","datePublished":"2025-03-05T21:54:14+00:00","dateModified":"2026-01-16T11:20:39+00:00","breadcrumb":{"@id":"https:\/\/vmsport.fi\/verkkokauppa\/varaosat\/jarrut\/jarrulevyt\/jarrulevy-xt-180mm-6-pulttilevy-sm-rt86\/#breadcrumb"},"inLanguage":"sv-SE","potentialAction":[{"@type":"ReadAction","target":["https:\/\/vmsport.fi\/verkkokauppa\/varaosat\/jarrut\/jarrulevyt\/jarrulevy-xt-180mm-6-pulttilevy-sm-rt86\/"]}]},{"@type":"ImageObject","inLanguage":"sv-SE","@id":"https:\/\/vmsport.fi\/verkkokauppa\/varaosat\/jarrut\/jarrulevyt\/jarrulevy-xt-180mm-6-pulttilevy-sm-rt86\/#primaryimage","url":"https:\/\/vmsport.fi\/wp-content\/uploads\/2025\/03\/D3eKTTkHHUY6Nd35gp2Hn2H96Un1DBrJaP6we49OdZdhDzrdcG-1.jpg","contentUrl":"https:\/\/vmsport.fi\/wp-content\/uploads\/2025\/03\/D3eKTTkHHUY6Nd35gp2Hn2H96Un1DBrJaP6we49OdZdhDzrdcG-1.jpg","width":600,"height":600,"caption":"D3eKTTkHHUY6Nd35gp2Hn2H96Un1DBrJaP6we49OdZdhDzrdcG"},{"@type":"BreadcrumbList","@id":"https:\/\/vmsport.fi\/verkkokauppa\/varaosat\/jarrut\/jarrulevyt\/jarrulevy-xt-180mm-6-pulttilevy-sm-rt86\/#breadcrumb","itemListElement":[{"@type":"ListItem","position":1,"name":"Etusivu","item":"https:\/\/vmsport.fi\/"},{"@type":"ListItem","position":2,"name":"Online Store","item":"https:\/\/vmsport.fi\/en\/online-store\/"},{"@type":"ListItem","position":3,"name":"Jarrulevy XT 180mm 6-pulttilevy, SM-RT86"}]},{"@type":"WebSite","@id":"https:\/\/vmsport.fi\/#website","url":"https:\/\/vmsport.fi\/","name":"Vmsport","description":"Allt p\u00e5 ett st\u00e4lle f\u00f6r cykling","publisher":{"@id":"https:\/\/vmsport.fi\/#organization"},"potentialAction":[{"@type":"SearchAction","target":{"@type":"EntryPoint","urlTemplate":"https:\/\/vmsport.fi\/?s={search_term_string}"},"query-input":{"@type":"PropertyValueSpecification","valueRequired":true,"valueName":"search_term_string"}}],"inLanguage":"sv-SE"},{"@type":"Organization","@id":"https:\/\/vmsport.fi\/#organization","name":"Vmsport","url":"https:\/\/vmsport.fi\/","logo":{"@type":"ImageObject","inLanguage":"sv-SE","@id":"https:\/\/vmsport.fi\/#\/schema\/logo\/image\/","url":"https:\/\/vmsport.fi\/wp-content\/uploads\/2024\/12\/vm_sport_RGB_horisontal-e1734526017575.png","contentUrl":"https:\/\/vmsport.fi\/wp-content\/uploads\/2024\/12\/vm_sport_RGB_horisontal-e1734526017575.png","width":668,"height":85,"caption":"Vmsport"},"image":{"@id":"https:\/\/vmsport.fi\/#\/schema\/logo\/image\/"},"sameAs":["https:\/\/www.facebook.com\/Vmsport.fi\/","https:\/\/www.instagram.com\/vmsport\/"]}]}},"global_unique_id":"","_links":{"self":[{"href":"https:\/\/vmsport.fi\/sv\/wp-json\/wp\/v2\/product\/54485","targetHints":{"allow":["GET"]}}],"collection":[{"href":"https:\/\/vmsport.fi\/sv\/wp-json\/wp\/v2\/product"}],"about":[{"href":"https:\/\/vmsport.fi\/sv\/wp-json\/wp\/v2\/types\/product"}],"replies":[{"embeddable":true,"href":"https:\/\/vmsport.fi\/sv\/wp-json\/wp\/v2\/comments?post=54485"}],"wp:featuredmedia":[{"embeddable":true,"href":"https:\/\/vmsport.fi\/sv\/wp-json\/wp\/v2\/media\/54484"}],"wp:attachment":[{"href":"https:\/\/vmsport.fi\/sv\/wp-json\/wp\/v2\/media?parent=54485"}],"wp:term":[{"taxonomy":"product_brand","embeddable":true,"href":"https:\/\/vmsport.fi\/sv\/wp-json\/wp\/v2\/product_brand?post=54485"},{"taxonomy":"product_model","embeddable":true,"href":"https:\/\/vmsport.fi\/sv\/wp-json\/wp\/v2\/product_model?post=54485"},{"taxonomy":"product_cat","embeddable":true,"href":"https:\/\/vmsport.fi\/sv\/wp-json\/wp\/v2\/product_cat?post=54485"},{"taxonomy":"product_tag","embeddable":true,"href":"https:\/\/vmsport.fi\/sv\/wp-json\/wp\/v2\/product_tag?post=54485"},{"taxonomy":"industry_terminology","embeddable":true,"href":"https:\/\/vmsport.fi\/sv\/wp-json\/wp\/v2\/industry-terminology?post=54485"}],"curies":[{"name":"wp","href":"https:\/\/api.w.org\/{rel}","templated":true}]}}