{"id":54483,"date":"2025-03-05T23:54:13","date_gmt":"2025-03-05T21:54:13","guid":{"rendered":"https:\/\/vmsport.fi\/verkkokauppa\/Ei-luokiteltu\/lukkorengas-bdu2xx\/"},"modified":"2026-04-22T15:06:15","modified_gmt":"2026-04-22T12:06:15","slug":"lasring-bdu2xx","status":"publish","type":"product","link":"https:\/\/vmsport.fi\/sv\/verkkokauppa\/varaosat\/voimansiirto\/eturattaat\/lukkorengas-bdu2xx\/","title":{"rendered":"Luckring (BDU2XX)"},"content":{"rendered":"<p>Denna slitstarka l\u00e5sring i metall ger en s\u00e4ker passform. Den g\u00e4ngade konstruktionen g\u00f6r den enkel att montera och demontera i en m\u00e4ngd olika applikationer. Den rundade formen f\u00f6rdelar trycket j\u00e4mnt, vilket \u00f6kar tillf\u00f6rlitligheten och s\u00e4kerheten. L\u00e5sringen \u00e4r konstruerad f\u00f6r l\u00e5ngvarig anv\u00e4ndning och t\u00e5l effektivt mekaniskt slitage.<\/p>","protected":false},"excerpt":{"rendered":"<p>T\u00e4m\u00e4 kest\u00e4v\u00e4st\u00e4 metallista valmistettu lukkorengas varmistaa turvallisen kiinnityksen. Sen kierremalli tekee asentamisesta ja irrottamisesta helppoa eri k\u00e4ytt\u00f6kohteissa. Py\u00f6re\u00e4n muotonsa ansiosta paine jakautuu tasaisesti, mik\u00e4 lis\u00e4\u00e4 k\u00e4ytt\u00f6varmuutta ja turvallisuutta. Lukkorengas on suunniteltu pitk\u00e4kestoiseen k\u00e4ytt\u00f6\u00f6n ja kest\u00e4\u00e4 tehokkaasti mekaanista kulutusta. [&#8230;]<\/p>\n<p><a class=\"btn btn-secondary understrap-read-more-link\" href=\"https:\/\/vmsport.fi\/sv\/verkkokauppa\/varaosat\/voimansiirto\/eturattaat\/lukkorengas-bdu2xx\/\">L\u00e4s mer \u2026<span class=\"screen-reader-text\"> from Lukkorengas (BDU2XX)<\/span><\/a><\/p>\n","protected":false},"featured_media":54482,"comment_status":"open","ping_status":"closed","template":"","meta":{"_acf_changed":false,"_improvement_type_select":"improve_an_existing","_thumb_yes_seoaic":false,"_frame_yes_seoaic":false,"seoaic_generate_description":"","seoaic_improve_instructions_prompt":"","seoaic_rollback_content_improvement":"","seoaic_idea_thumbnail_generator":"","thumbnail_generated":false,"thumbnail_generate_prompt":"","seoaic_article_description":"","_supplier_stock_quantity":0},"product_brand":[],"product_model":[],"product_cat":[9252],"product_tag":[],"industry-terminology":[],"class_list":{"0":"post-54483","1":"product","2":"type-product","3":"status-publish","4":"has-post-thumbnail","6":"product_cat-eturattaat","8":"first","9":"outofstock","10":"taxable","11":"shipping-taxable","12":"product-type-simple"},"acf":{"bike_features":null,"overview":{"copy_overview":null,"key_features":null,"statement":"","youtube_url":""}},"yoast_head":"<!-- This site is optimized with the Yoast SEO plugin v27.4 - https:\/\/yoast.com\/product\/yoast-seo-wordpress\/ -->\n<title>Lukkorengas (BDU2XX) - VM Sport<\/title>\n<meta name=\"robots\" content=\"index, follow, max-snippet:-1, max-image-preview:large, max-video-preview:-1\" \/>\n<link rel=\"canonical\" href=\"https:\/\/vmsport.fi\/sv\/webbutik\/reservdelar\/transmission\/framhjulsdrift\/lasring-bdu2xx\/\" \/>\n<meta property=\"og:locale\" content=\"sv_SE\" \/>\n<meta property=\"og:type\" content=\"article\" \/>\n<meta property=\"og:title\" content=\"Lukkorengas (BDU2XX) - VM Sport\" \/>\n<meta property=\"og:description\" content=\"T\u00e4m\u00e4 kest\u00e4v\u00e4st\u00e4 metallista valmistettu lukkorengas varmistaa turvallisen kiinnityksen. Sen kierremalli tekee asentamisesta ja irrottamisesta helppoa eri k\u00e4ytt\u00f6kohteissa. Py\u00f6re\u00e4n muotonsa ansiosta paine jakautuu tasaisesti, mik\u00e4 lis\u00e4\u00e4 k\u00e4ytt\u00f6varmuutta ja turvallisuutta. Lukkorengas on suunniteltu pitk\u00e4kestoiseen k\u00e4ytt\u00f6\u00f6n ja kest\u00e4\u00e4 tehokkaasti mekaanista kulutusta. [...]L\u00e4s mer \u2026 from Lukkorengas (BDU2XX)\" \/>\n<meta property=\"og:url\" content=\"https:\/\/vmsport.fi\/sv\/webbutik\/reservdelar\/transmission\/framhjulsdrift\/lasring-bdu2xx\/\" \/>\n<meta property=\"og:site_name\" content=\"VM Sport\" \/>\n<meta property=\"article:publisher\" content=\"https:\/\/www.facebook.com\/Vmsport.fi\/\" \/>\n<meta property=\"article:modified_time\" content=\"2026-04-22T12:06:15+00:00\" \/>\n<meta property=\"og:image\" content=\"https:\/\/vmsport.fi\/wp-content\/uploads\/2025\/03\/Lock-ring-BDU2XX-1.jpg\" \/>\n\t<meta property=\"og:image:width\" content=\"1000\" \/>\n\t<meta property=\"og:image:height\" content=\"1000\" \/>\n\t<meta property=\"og:image:type\" content=\"image\/jpeg\" \/>\n<meta name=\"twitter:card\" content=\"summary_large_image\" \/>\n<script type=\"application\/ld+json\" class=\"yoast-schema-graph\">{\"@context\":\"https:\\\/\\\/schema.org\",\"@graph\":[{\"@type\":[\"WebPage\",\"ItemPage\"],\"@id\":\"https:\\\/\\\/vmsport.fi\\\/verkkokauppa\\\/varaosat\\\/voimansiirto\\\/eturattaat\\\/lukkorengas-bdu2xx\\\/\",\"url\":\"https:\\\/\\\/vmsport.fi\\\/verkkokauppa\\\/varaosat\\\/voimansiirto\\\/eturattaat\\\/lukkorengas-bdu2xx\\\/\",\"name\":\"Lukkorengas (BDU2XX) - VM Sport\",\"isPartOf\":{\"@id\":\"https:\\\/\\\/vmsport.fi\\\/#website\"},\"primaryImageOfPage\":{\"@id\":\"https:\\\/\\\/vmsport.fi\\\/verkkokauppa\\\/varaosat\\\/voimansiirto\\\/eturattaat\\\/lukkorengas-bdu2xx\\\/#primaryimage\"},\"image\":{\"@id\":\"https:\\\/\\\/vmsport.fi\\\/verkkokauppa\\\/varaosat\\\/voimansiirto\\\/eturattaat\\\/lukkorengas-bdu2xx\\\/#primaryimage\"},\"thumbnailUrl\":\"https:\\\/\\\/vmsport.fi\\\/wp-content\\\/uploads\\\/2025\\\/03\\\/Lock-ring-BDU2XX-1.jpg\",\"datePublished\":\"2025-03-05T21:54:13+00:00\",\"dateModified\":\"2026-04-22T12:06:15+00:00\",\"breadcrumb\":{\"@id\":\"https:\\\/\\\/vmsport.fi\\\/verkkokauppa\\\/varaosat\\\/voimansiirto\\\/eturattaat\\\/lukkorengas-bdu2xx\\\/#breadcrumb\"},\"inLanguage\":\"sv-SE\",\"potentialAction\":[{\"@type\":\"ReadAction\",\"target\":[\"https:\\\/\\\/vmsport.fi\\\/verkkokauppa\\\/varaosat\\\/voimansiirto\\\/eturattaat\\\/lukkorengas-bdu2xx\\\/\"]}]},{\"@type\":\"ImageObject\",\"inLanguage\":\"sv-SE\",\"@id\":\"https:\\\/\\\/vmsport.fi\\\/verkkokauppa\\\/varaosat\\\/voimansiirto\\\/eturattaat\\\/lukkorengas-bdu2xx\\\/#primaryimage\",\"url\":\"https:\\\/\\\/vmsport.fi\\\/wp-content\\\/uploads\\\/2025\\\/03\\\/Lock-ring-BDU2XX-1.jpg\",\"contentUrl\":\"https:\\\/\\\/vmsport.fi\\\/wp-content\\\/uploads\\\/2025\\\/03\\\/Lock-ring-BDU2XX-1.jpg\",\"width\":1000,\"height\":1000,\"caption\":\"Lock-ring-BDU2XX\"},{\"@type\":\"BreadcrumbList\",\"@id\":\"https:\\\/\\\/vmsport.fi\\\/verkkokauppa\\\/varaosat\\\/voimansiirto\\\/eturattaat\\\/lukkorengas-bdu2xx\\\/#breadcrumb\",\"itemListElement\":[{\"@type\":\"ListItem\",\"position\":1,\"name\":\"Etusivu\",\"item\":\"https:\\\/\\\/vmsport.fi\\\/\"},{\"@type\":\"ListItem\",\"position\":2,\"name\":\"Online Store\",\"item\":\"https:\\\/\\\/vmsport.fi\\\/en\\\/online-store\\\/\"},{\"@type\":\"ListItem\",\"position\":3,\"name\":\"Lukkorengas (BDU2XX)\"}]},{\"@type\":\"WebSite\",\"@id\":\"https:\\\/\\\/vmsport.fi\\\/#website\",\"url\":\"https:\\\/\\\/vmsport.fi\\\/\",\"name\":\"Vmsport\",\"description\":\"Kaikki py\u00f6r\u00e4ilyyn yhdest\u00e4 paikasta\",\"publisher\":{\"@id\":\"https:\\\/\\\/vmsport.fi\\\/#organization\"},\"potentialAction\":[{\"@type\":\"SearchAction\",\"target\":{\"@type\":\"EntryPoint\",\"urlTemplate\":\"https:\\\/\\\/vmsport.fi\\\/?s={search_term_string}\"},\"query-input\":{\"@type\":\"PropertyValueSpecification\",\"valueRequired\":true,\"valueName\":\"search_term_string\"}}],\"inLanguage\":\"sv-SE\"},{\"@type\":\"Organization\",\"@id\":\"https:\\\/\\\/vmsport.fi\\\/#organization\",\"name\":\"Vmsport\",\"url\":\"https:\\\/\\\/vmsport.fi\\\/\",\"logo\":{\"@type\":\"ImageObject\",\"inLanguage\":\"sv-SE\",\"@id\":\"https:\\\/\\\/vmsport.fi\\\/#\\\/schema\\\/logo\\\/image\\\/\",\"url\":\"https:\\\/\\\/vmsport.fi\\\/wp-content\\\/uploads\\\/2024\\\/12\\\/vm_sport_RGB_horisontal-e1734526017575.png\",\"contentUrl\":\"https:\\\/\\\/vmsport.fi\\\/wp-content\\\/uploads\\\/2024\\\/12\\\/vm_sport_RGB_horisontal-e1734526017575.png\",\"width\":668,\"height\":85,\"caption\":\"Vmsport\"},\"image\":{\"@id\":\"https:\\\/\\\/vmsport.fi\\\/#\\\/schema\\\/logo\\\/image\\\/\"},\"sameAs\":[\"https:\\\/\\\/www.facebook.com\\\/Vmsport.fi\\\/\",\"https:\\\/\\\/www.instagram.com\\\/vmsport\\\/\"]}]}<\/script>\n<!-- \/ Yoast SEO plugin. -->","yoast_head_json":{"title":"Luckring (BDU2XX) - VM Sport","robots":{"index":"index","follow":"follow","max-snippet":"max-snippet:-1","max-image-preview":"max-image-preview:large","max-video-preview":"max-video-preview:-1"},"canonical":"https:\/\/vmsport.fi\/sv\/webbutik\/reservdelar\/transmission\/framhjulsdrift\/lasring-bdu2xx\/","og_locale":"sv_SE","og_type":"article","og_title":"Lukkorengas (BDU2XX) - VM Sport","og_description":"T\u00e4m\u00e4 kest\u00e4v\u00e4st\u00e4 metallista valmistettu lukkorengas varmistaa turvallisen kiinnityksen. Sen kierremalli tekee asentamisesta ja irrottamisesta helppoa eri k\u00e4ytt\u00f6kohteissa. Py\u00f6re\u00e4n muotonsa ansiosta paine jakautuu tasaisesti, mik\u00e4 lis\u00e4\u00e4 k\u00e4ytt\u00f6varmuutta ja turvallisuutta. Lukkorengas on suunniteltu pitk\u00e4kestoiseen k\u00e4ytt\u00f6\u00f6n ja kest\u00e4\u00e4 tehokkaasti mekaanista kulutusta. [...]L\u00e4s mer \u2026 from Lukkorengas (BDU2XX)","og_url":"https:\/\/vmsport.fi\/sv\/webbutik\/reservdelar\/transmission\/framhjulsdrift\/lasring-bdu2xx\/","og_site_name":"VM Sport","article_publisher":"https:\/\/www.facebook.com\/Vmsport.fi\/","article_modified_time":"2026-04-22T12:06:15+00:00","og_image":[{"width":1000,"height":1000,"url":"https:\/\/vmsport.fi\/wp-content\/uploads\/2025\/03\/Lock-ring-BDU2XX-1.jpg","type":"image\/jpeg"}],"twitter_card":"summary_large_image","schema":{"@context":"https:\/\/schema.org","@graph":[{"@type":["WebPage","ItemPage"],"@id":"https:\/\/vmsport.fi\/verkkokauppa\/varaosat\/voimansiirto\/eturattaat\/lukkorengas-bdu2xx\/","url":"https:\/\/vmsport.fi\/verkkokauppa\/varaosat\/voimansiirto\/eturattaat\/lukkorengas-bdu2xx\/","name":"Luckring (BDU2XX) - VM Sport","isPartOf":{"@id":"https:\/\/vmsport.fi\/#website"},"primaryImageOfPage":{"@id":"https:\/\/vmsport.fi\/verkkokauppa\/varaosat\/voimansiirto\/eturattaat\/lukkorengas-bdu2xx\/#primaryimage"},"image":{"@id":"https:\/\/vmsport.fi\/verkkokauppa\/varaosat\/voimansiirto\/eturattaat\/lukkorengas-bdu2xx\/#primaryimage"},"thumbnailUrl":"https:\/\/vmsport.fi\/wp-content\/uploads\/2025\/03\/Lock-ring-BDU2XX-1.jpg","datePublished":"2025-03-05T21:54:13+00:00","dateModified":"2026-04-22T12:06:15+00:00","breadcrumb":{"@id":"https:\/\/vmsport.fi\/verkkokauppa\/varaosat\/voimansiirto\/eturattaat\/lukkorengas-bdu2xx\/#breadcrumb"},"inLanguage":"sv-SE","potentialAction":[{"@type":"ReadAction","target":["https:\/\/vmsport.fi\/verkkokauppa\/varaosat\/voimansiirto\/eturattaat\/lukkorengas-bdu2xx\/"]}]},{"@type":"ImageObject","inLanguage":"sv-SE","@id":"https:\/\/vmsport.fi\/verkkokauppa\/varaosat\/voimansiirto\/eturattaat\/lukkorengas-bdu2xx\/#primaryimage","url":"https:\/\/vmsport.fi\/wp-content\/uploads\/2025\/03\/Lock-ring-BDU2XX-1.jpg","contentUrl":"https:\/\/vmsport.fi\/wp-content\/uploads\/2025\/03\/Lock-ring-BDU2XX-1.jpg","width":1000,"height":1000,"caption":"Lock-ring-BDU2XX"},{"@type":"BreadcrumbList","@id":"https:\/\/vmsport.fi\/verkkokauppa\/varaosat\/voimansiirto\/eturattaat\/lukkorengas-bdu2xx\/#breadcrumb","itemListElement":[{"@type":"ListItem","position":1,"name":"Etusivu","item":"https:\/\/vmsport.fi\/"},{"@type":"ListItem","position":2,"name":"Online Store","item":"https:\/\/vmsport.fi\/en\/online-store\/"},{"@type":"ListItem","position":3,"name":"Lukkorengas (BDU2XX)"}]},{"@type":"WebSite","@id":"https:\/\/vmsport.fi\/#website","url":"https:\/\/vmsport.fi\/","name":"Vmsport","description":"Allt p\u00e5 ett st\u00e4lle f\u00f6r cykling","publisher":{"@id":"https:\/\/vmsport.fi\/#organization"},"potentialAction":[{"@type":"SearchAction","target":{"@type":"EntryPoint","urlTemplate":"https:\/\/vmsport.fi\/?s={search_term_string}"},"query-input":{"@type":"PropertyValueSpecification","valueRequired":true,"valueName":"search_term_string"}}],"inLanguage":"sv-SE"},{"@type":"Organization","@id":"https:\/\/vmsport.fi\/#organization","name":"Vmsport","url":"https:\/\/vmsport.fi\/","logo":{"@type":"ImageObject","inLanguage":"sv-SE","@id":"https:\/\/vmsport.fi\/#\/schema\/logo\/image\/","url":"https:\/\/vmsport.fi\/wp-content\/uploads\/2024\/12\/vm_sport_RGB_horisontal-e1734526017575.png","contentUrl":"https:\/\/vmsport.fi\/wp-content\/uploads\/2024\/12\/vm_sport_RGB_horisontal-e1734526017575.png","width":668,"height":85,"caption":"Vmsport"},"image":{"@id":"https:\/\/vmsport.fi\/#\/schema\/logo\/image\/"},"sameAs":["https:\/\/www.facebook.com\/Vmsport.fi\/","https:\/\/www.instagram.com\/vmsport\/"]}]}},"global_unique_id":"","_links":{"self":[{"href":"https:\/\/vmsport.fi\/sv\/wp-json\/wp\/v2\/product\/54483","targetHints":{"allow":["GET"]}}],"collection":[{"href":"https:\/\/vmsport.fi\/sv\/wp-json\/wp\/v2\/product"}],"about":[{"href":"https:\/\/vmsport.fi\/sv\/wp-json\/wp\/v2\/types\/product"}],"replies":[{"embeddable":true,"href":"https:\/\/vmsport.fi\/sv\/wp-json\/wp\/v2\/comments?post=54483"}],"wp:featuredmedia":[{"embeddable":true,"href":"https:\/\/vmsport.fi\/sv\/wp-json\/wp\/v2\/media\/54482"}],"wp:attachment":[{"href":"https:\/\/vmsport.fi\/sv\/wp-json\/wp\/v2\/media?parent=54483"}],"wp:term":[{"taxonomy":"product_brand","embeddable":true,"href":"https:\/\/vmsport.fi\/sv\/wp-json\/wp\/v2\/product_brand?post=54483"},{"taxonomy":"product_model","embeddable":true,"href":"https:\/\/vmsport.fi\/sv\/wp-json\/wp\/v2\/product_model?post=54483"},{"taxonomy":"product_cat","embeddable":true,"href":"https:\/\/vmsport.fi\/sv\/wp-json\/wp\/v2\/product_cat?post=54483"},{"taxonomy":"product_tag","embeddable":true,"href":"https:\/\/vmsport.fi\/sv\/wp-json\/wp\/v2\/product_tag?post=54483"},{"taxonomy":"industry_terminology","embeddable":true,"href":"https:\/\/vmsport.fi\/sv\/wp-json\/wp\/v2\/industry-terminology?post=54483"}],"curies":[{"name":"wp","href":"https:\/\/api.w.org\/{rel}","templated":true}]}}