{"id":54481,"date":"2025-03-05T23:54:12","date_gmt":"2025-03-05T21:54:12","guid":{"rendered":"https:\/\/vmsport.fi\/verkkokauppa\/Ei-luokiteltu\/burley-thru-axle-black-2\/"},"modified":"2026-01-16T13:24:26","modified_gmt":"2026-01-16T11:24:26","slug":"burley-genomgaende-axel-svart-2","status":"publish","type":"product","link":"https:\/\/vmsport.fi\/sv\/verkkokauppa\/varaosat\/kiekot-ja-navat\/navat-ja-osat\/burley-thru-axle-black-2\/","title":{"rendered":"BURLEY genomg\u00e5ende axel svart"},"content":{"rendered":"<p>Burley Thru Axle Black \u00e4r ett utm\u00e4rkt val f\u00f6r cyklister som letar efter en h\u00e5llbar och p\u00e5litlig monteringsl\u00f6sning. Denna axel passar perfekt med M12x1.0-g\u00e4ngor, vilket ger en s\u00e4ker passform p\u00e5 ett brett utbud av cyklar. Den justerbara l\u00e4ngden p\u00e5 158-174 mm ger utm\u00e4rkt m\u00e5ngsidighet, vilket \u00e4r n\u00f6dv\u00e4ndigt n\u00e4r f\u00f6rh\u00e5llandena f\u00f6r\u00e4ndras. Den eleganta svarta f\u00e4rgen sm\u00e4lter subtilt in i cykelns utseende.<\/p>","protected":false},"excerpt":{"rendered":"<p>Burley Thru Axle Black on erinomainen valinta py\u00f6r\u00e4ilij\u00f6ille, jotka kaipaavat kest\u00e4v\u00e4\u00e4 ja luotettavaa kiinnitysratkaisua. T\u00e4m\u00e4 akseli sopii t\u00e4ydellisesti M12x1.0-kierteisiin, tarjoten varman istuvuuden monenlaisiin py\u00f6riin. Sen s\u00e4\u00e4dett\u00e4v\u00e4 pituus 158\u2013174 mm mahdollistaa erinomaisen monipuolisuuden, joka on tarpeen muuttuvissa olosuhteissa. Tyylik\u00e4s musta v\u00e4ri sulautuu hienostuneesti py\u00f6r\u00e4n ulkon\u00e4k\u00f6\u00f6n. [&#8230;]<\/p>\n<p><a class=\"btn btn-secondary understrap-read-more-link\" href=\"https:\/\/vmsport.fi\/sv\/verkkokauppa\/varaosat\/kiekot-ja-navat\/navat-ja-osat\/burley-thru-axle-black-2\/\">L\u00e4s mer \u2026<span class=\"screen-reader-text\"> from BURLEY Thru Axle Black<\/span><\/a><\/p>\n","protected":false},"featured_media":54480,"comment_status":"open","ping_status":"closed","template":"","meta":{"_acf_changed":false,"_improvement_type_select":"improve_an_existing","_thumb_yes_seoaic":false,"_frame_yes_seoaic":false,"seoaic_generate_description":"","seoaic_improve_instructions_prompt":"","seoaic_rollback_content_improvement":"","seoaic_idea_thumbnail_generator":"","thumbnail_generated":false,"thumbnail_generate_prompt":"","seoaic_article_description":"","_supplier_stock_quantity":0},"product_brand":[],"product_model":[],"product_cat":[9248],"product_tag":[],"industry-terminology":[],"class_list":{"0":"post-54481","1":"product","2":"type-product","3":"status-publish","4":"has-post-thumbnail","6":"product_cat-navat-ja-osat","8":"first","9":"outofstock","10":"taxable","11":"shipping-taxable","12":"product-type-simple"},"acf":{"bike_features":null,"overview":{"copy_overview":null,"key_features":null,"statement":"","youtube_url":""}},"yoast_head":"<!-- This site is optimized with the Yoast SEO plugin v27.3 - https:\/\/yoast.com\/product\/yoast-seo-wordpress\/ -->\n<title>BURLEY Thru Axle Black - VM Sport<\/title>\n<meta name=\"robots\" content=\"index, follow, max-snippet:-1, max-image-preview:large, max-video-preview:-1\" \/>\n<link rel=\"canonical\" href=\"https:\/\/vmsport.fi\/sv\/webbutik\/reservdelar\/skivor-och-nav\/stolpar-och-delar\/burley-genomgaende-axel-svart-2\/\" \/>\n<meta property=\"og:locale\" content=\"sv_SE\" \/>\n<meta property=\"og:type\" content=\"article\" \/>\n<meta property=\"og:title\" content=\"BURLEY Thru Axle Black - VM Sport\" \/>\n<meta property=\"og:description\" content=\"Burley Thru Axle Black on erinomainen valinta py\u00f6r\u00e4ilij\u00f6ille, jotka kaipaavat kest\u00e4v\u00e4\u00e4 ja luotettavaa kiinnitysratkaisua. T\u00e4m\u00e4 akseli sopii t\u00e4ydellisesti M12x1.0-kierteisiin, tarjoten varman istuvuuden monenlaisiin py\u00f6riin. Sen s\u00e4\u00e4dett\u00e4v\u00e4 pituus 158\u2013174 mm mahdollistaa erinomaisen monipuolisuuden, joka on tarpeen muuttuvissa olosuhteissa. Tyylik\u00e4s musta v\u00e4ri sulautuu hienostuneesti py\u00f6r\u00e4n ulkon\u00e4k\u00f6\u00f6n. [...]L\u00e4s mer \u2026 from BURLEY Thru Axle Black\" \/>\n<meta property=\"og:url\" content=\"https:\/\/vmsport.fi\/sv\/webbutik\/reservdelar\/skivor-och-nav\/stolpar-och-delar\/burley-genomgaende-axel-svart-2\/\" \/>\n<meta property=\"og:site_name\" content=\"VM Sport\" \/>\n<meta property=\"article:publisher\" content=\"https:\/\/www.facebook.com\/Vmsport.fi\/\" \/>\n<meta property=\"article:modified_time\" content=\"2026-01-16T11:24:26+00:00\" \/>\n<meta property=\"og:image\" content=\"https:\/\/vmsport.fi\/wp-content\/uploads\/2025\/03\/1MjeAZ6YQXKXndMBIHZwC8wMujDsaOx41FT5F6dX5iVEPCIMbD-1.jpg\" \/>\n\t<meta property=\"og:image:width\" content=\"800\" \/>\n\t<meta property=\"og:image:height\" content=\"800\" \/>\n\t<meta property=\"og:image:type\" content=\"image\/jpeg\" \/>\n<meta name=\"twitter:card\" content=\"summary_large_image\" \/>\n<script type=\"application\/ld+json\" class=\"yoast-schema-graph\">{\"@context\":\"https:\\\/\\\/schema.org\",\"@graph\":[{\"@type\":[\"WebPage\",\"ItemPage\"],\"@id\":\"https:\\\/\\\/vmsport.fi\\\/verkkokauppa\\\/varaosat\\\/kiekot-ja-navat\\\/navat-ja-osat\\\/burley-thru-axle-black-2\\\/\",\"url\":\"https:\\\/\\\/vmsport.fi\\\/verkkokauppa\\\/varaosat\\\/kiekot-ja-navat\\\/navat-ja-osat\\\/burley-thru-axle-black-2\\\/\",\"name\":\"BURLEY Thru Axle Black - VM Sport\",\"isPartOf\":{\"@id\":\"https:\\\/\\\/vmsport.fi\\\/#website\"},\"primaryImageOfPage\":{\"@id\":\"https:\\\/\\\/vmsport.fi\\\/verkkokauppa\\\/varaosat\\\/kiekot-ja-navat\\\/navat-ja-osat\\\/burley-thru-axle-black-2\\\/#primaryimage\"},\"image\":{\"@id\":\"https:\\\/\\\/vmsport.fi\\\/verkkokauppa\\\/varaosat\\\/kiekot-ja-navat\\\/navat-ja-osat\\\/burley-thru-axle-black-2\\\/#primaryimage\"},\"thumbnailUrl\":\"https:\\\/\\\/vmsport.fi\\\/wp-content\\\/uploads\\\/2025\\\/03\\\/1MjeAZ6YQXKXndMBIHZwC8wMujDsaOx41FT5F6dX5iVEPCIMbD-1.jpg\",\"datePublished\":\"2025-03-05T21:54:12+00:00\",\"dateModified\":\"2026-01-16T11:24:26+00:00\",\"breadcrumb\":{\"@id\":\"https:\\\/\\\/vmsport.fi\\\/verkkokauppa\\\/varaosat\\\/kiekot-ja-navat\\\/navat-ja-osat\\\/burley-thru-axle-black-2\\\/#breadcrumb\"},\"inLanguage\":\"sv-SE\",\"potentialAction\":[{\"@type\":\"ReadAction\",\"target\":[\"https:\\\/\\\/vmsport.fi\\\/verkkokauppa\\\/varaosat\\\/kiekot-ja-navat\\\/navat-ja-osat\\\/burley-thru-axle-black-2\\\/\"]}]},{\"@type\":\"ImageObject\",\"inLanguage\":\"sv-SE\",\"@id\":\"https:\\\/\\\/vmsport.fi\\\/verkkokauppa\\\/varaosat\\\/kiekot-ja-navat\\\/navat-ja-osat\\\/burley-thru-axle-black-2\\\/#primaryimage\",\"url\":\"https:\\\/\\\/vmsport.fi\\\/wp-content\\\/uploads\\\/2025\\\/03\\\/1MjeAZ6YQXKXndMBIHZwC8wMujDsaOx41FT5F6dX5iVEPCIMbD-1.jpg\",\"contentUrl\":\"https:\\\/\\\/vmsport.fi\\\/wp-content\\\/uploads\\\/2025\\\/03\\\/1MjeAZ6YQXKXndMBIHZwC8wMujDsaOx41FT5F6dX5iVEPCIMbD-1.jpg\",\"width\":800,\"height\":800,\"caption\":\"1MjeAZ6YQXKXndMBIHZwC8wMujDsaOx41FT5F6dX5iVEPCIMbD\"},{\"@type\":\"BreadcrumbList\",\"@id\":\"https:\\\/\\\/vmsport.fi\\\/verkkokauppa\\\/varaosat\\\/kiekot-ja-navat\\\/navat-ja-osat\\\/burley-thru-axle-black-2\\\/#breadcrumb\",\"itemListElement\":[{\"@type\":\"ListItem\",\"position\":1,\"name\":\"Etusivu\",\"item\":\"https:\\\/\\\/vmsport.fi\\\/\"},{\"@type\":\"ListItem\",\"position\":2,\"name\":\"Online Store\",\"item\":\"https:\\\/\\\/vmsport.fi\\\/en\\\/online-store\\\/\"},{\"@type\":\"ListItem\",\"position\":3,\"name\":\"BURLEY Thru Axle Black\"}]},{\"@type\":\"WebSite\",\"@id\":\"https:\\\/\\\/vmsport.fi\\\/#website\",\"url\":\"https:\\\/\\\/vmsport.fi\\\/\",\"name\":\"Vmsport\",\"description\":\"Kaikki py\u00f6r\u00e4ilyyn yhdest\u00e4 paikasta\",\"publisher\":{\"@id\":\"https:\\\/\\\/vmsport.fi\\\/#organization\"},\"potentialAction\":[{\"@type\":\"SearchAction\",\"target\":{\"@type\":\"EntryPoint\",\"urlTemplate\":\"https:\\\/\\\/vmsport.fi\\\/?s={search_term_string}\"},\"query-input\":{\"@type\":\"PropertyValueSpecification\",\"valueRequired\":true,\"valueName\":\"search_term_string\"}}],\"inLanguage\":\"sv-SE\"},{\"@type\":\"Organization\",\"@id\":\"https:\\\/\\\/vmsport.fi\\\/#organization\",\"name\":\"Vmsport\",\"url\":\"https:\\\/\\\/vmsport.fi\\\/\",\"logo\":{\"@type\":\"ImageObject\",\"inLanguage\":\"sv-SE\",\"@id\":\"https:\\\/\\\/vmsport.fi\\\/#\\\/schema\\\/logo\\\/image\\\/\",\"url\":\"https:\\\/\\\/vmsport.fi\\\/wp-content\\\/uploads\\\/2024\\\/12\\\/vm_sport_RGB_horisontal-e1734526017575.png\",\"contentUrl\":\"https:\\\/\\\/vmsport.fi\\\/wp-content\\\/uploads\\\/2024\\\/12\\\/vm_sport_RGB_horisontal-e1734526017575.png\",\"width\":668,\"height\":85,\"caption\":\"Vmsport\"},\"image\":{\"@id\":\"https:\\\/\\\/vmsport.fi\\\/#\\\/schema\\\/logo\\\/image\\\/\"},\"sameAs\":[\"https:\\\/\\\/www.facebook.com\\\/Vmsport.fi\\\/\",\"https:\\\/\\\/www.instagram.com\\\/vmsport\\\/\"]}]}<\/script>\n<!-- \/ Yoast SEO plugin. -->","yoast_head_json":{"title":"BURLEY genomg\u00e5ende axel svart - VM Sport","robots":{"index":"index","follow":"follow","max-snippet":"max-snippet:-1","max-image-preview":"max-image-preview:large","max-video-preview":"max-video-preview:-1"},"canonical":"https:\/\/vmsport.fi\/sv\/webbutik\/reservdelar\/skivor-och-nav\/stolpar-och-delar\/burley-genomgaende-axel-svart-2\/","og_locale":"sv_SE","og_type":"article","og_title":"BURLEY Thru Axle Black - VM Sport","og_description":"Burley Thru Axle Black on erinomainen valinta py\u00f6r\u00e4ilij\u00f6ille, jotka kaipaavat kest\u00e4v\u00e4\u00e4 ja luotettavaa kiinnitysratkaisua. T\u00e4m\u00e4 akseli sopii t\u00e4ydellisesti M12x1.0-kierteisiin, tarjoten varman istuvuuden monenlaisiin py\u00f6riin. Sen s\u00e4\u00e4dett\u00e4v\u00e4 pituus 158\u2013174 mm mahdollistaa erinomaisen monipuolisuuden, joka on tarpeen muuttuvissa olosuhteissa. Tyylik\u00e4s musta v\u00e4ri sulautuu hienostuneesti py\u00f6r\u00e4n ulkon\u00e4k\u00f6\u00f6n. [...]L\u00e4s mer \u2026 from BURLEY Thru Axle Black","og_url":"https:\/\/vmsport.fi\/sv\/webbutik\/reservdelar\/skivor-och-nav\/stolpar-och-delar\/burley-genomgaende-axel-svart-2\/","og_site_name":"VM Sport","article_publisher":"https:\/\/www.facebook.com\/Vmsport.fi\/","article_modified_time":"2026-01-16T11:24:26+00:00","og_image":[{"width":800,"height":800,"url":"https:\/\/vmsport.fi\/wp-content\/uploads\/2025\/03\/1MjeAZ6YQXKXndMBIHZwC8wMujDsaOx41FT5F6dX5iVEPCIMbD-1.jpg","type":"image\/jpeg"}],"twitter_card":"summary_large_image","schema":{"@context":"https:\/\/schema.org","@graph":[{"@type":["WebPage","ItemPage"],"@id":"https:\/\/vmsport.fi\/verkkokauppa\/varaosat\/kiekot-ja-navat\/navat-ja-osat\/burley-thru-axle-black-2\/","url":"https:\/\/vmsport.fi\/verkkokauppa\/varaosat\/kiekot-ja-navat\/navat-ja-osat\/burley-thru-axle-black-2\/","name":"BURLEY genomg\u00e5ende axel svart - VM Sport","isPartOf":{"@id":"https:\/\/vmsport.fi\/#website"},"primaryImageOfPage":{"@id":"https:\/\/vmsport.fi\/verkkokauppa\/varaosat\/kiekot-ja-navat\/navat-ja-osat\/burley-thru-axle-black-2\/#primaryimage"},"image":{"@id":"https:\/\/vmsport.fi\/verkkokauppa\/varaosat\/kiekot-ja-navat\/navat-ja-osat\/burley-thru-axle-black-2\/#primaryimage"},"thumbnailUrl":"https:\/\/vmsport.fi\/wp-content\/uploads\/2025\/03\/1MjeAZ6YQXKXndMBIHZwC8wMujDsaOx41FT5F6dX5iVEPCIMbD-1.jpg","datePublished":"2025-03-05T21:54:12+00:00","dateModified":"2026-01-16T11:24:26+00:00","breadcrumb":{"@id":"https:\/\/vmsport.fi\/verkkokauppa\/varaosat\/kiekot-ja-navat\/navat-ja-osat\/burley-thru-axle-black-2\/#breadcrumb"},"inLanguage":"sv-SE","potentialAction":[{"@type":"ReadAction","target":["https:\/\/vmsport.fi\/verkkokauppa\/varaosat\/kiekot-ja-navat\/navat-ja-osat\/burley-thru-axle-black-2\/"]}]},{"@type":"ImageObject","inLanguage":"sv-SE","@id":"https:\/\/vmsport.fi\/verkkokauppa\/varaosat\/kiekot-ja-navat\/navat-ja-osat\/burley-thru-axle-black-2\/#primaryimage","url":"https:\/\/vmsport.fi\/wp-content\/uploads\/2025\/03\/1MjeAZ6YQXKXndMBIHZwC8wMujDsaOx41FT5F6dX5iVEPCIMbD-1.jpg","contentUrl":"https:\/\/vmsport.fi\/wp-content\/uploads\/2025\/03\/1MjeAZ6YQXKXndMBIHZwC8wMujDsaOx41FT5F6dX5iVEPCIMbD-1.jpg","width":800,"height":800,"caption":"1MjeAZ6YQXKXndMBIHZwC8wMujDsaOx41FT5F6dX5iVEPCIMbD"},{"@type":"BreadcrumbList","@id":"https:\/\/vmsport.fi\/verkkokauppa\/varaosat\/kiekot-ja-navat\/navat-ja-osat\/burley-thru-axle-black-2\/#breadcrumb","itemListElement":[{"@type":"ListItem","position":1,"name":"Etusivu","item":"https:\/\/vmsport.fi\/"},{"@type":"ListItem","position":2,"name":"Online Store","item":"https:\/\/vmsport.fi\/en\/online-store\/"},{"@type":"ListItem","position":3,"name":"BURLEY Thru Axle Black"}]},{"@type":"WebSite","@id":"https:\/\/vmsport.fi\/#website","url":"https:\/\/vmsport.fi\/","name":"Vmsport","description":"Allt p\u00e5 ett st\u00e4lle f\u00f6r cykling","publisher":{"@id":"https:\/\/vmsport.fi\/#organization"},"potentialAction":[{"@type":"SearchAction","target":{"@type":"EntryPoint","urlTemplate":"https:\/\/vmsport.fi\/?s={search_term_string}"},"query-input":{"@type":"PropertyValueSpecification","valueRequired":true,"valueName":"search_term_string"}}],"inLanguage":"sv-SE"},{"@type":"Organization","@id":"https:\/\/vmsport.fi\/#organization","name":"Vmsport","url":"https:\/\/vmsport.fi\/","logo":{"@type":"ImageObject","inLanguage":"sv-SE","@id":"https:\/\/vmsport.fi\/#\/schema\/logo\/image\/","url":"https:\/\/vmsport.fi\/wp-content\/uploads\/2024\/12\/vm_sport_RGB_horisontal-e1734526017575.png","contentUrl":"https:\/\/vmsport.fi\/wp-content\/uploads\/2024\/12\/vm_sport_RGB_horisontal-e1734526017575.png","width":668,"height":85,"caption":"Vmsport"},"image":{"@id":"https:\/\/vmsport.fi\/#\/schema\/logo\/image\/"},"sameAs":["https:\/\/www.facebook.com\/Vmsport.fi\/","https:\/\/www.instagram.com\/vmsport\/"]}]}},"global_unique_id":"","_links":{"self":[{"href":"https:\/\/vmsport.fi\/sv\/wp-json\/wp\/v2\/product\/54481","targetHints":{"allow":["GET"]}}],"collection":[{"href":"https:\/\/vmsport.fi\/sv\/wp-json\/wp\/v2\/product"}],"about":[{"href":"https:\/\/vmsport.fi\/sv\/wp-json\/wp\/v2\/types\/product"}],"replies":[{"embeddable":true,"href":"https:\/\/vmsport.fi\/sv\/wp-json\/wp\/v2\/comments?post=54481"}],"wp:featuredmedia":[{"embeddable":true,"href":"https:\/\/vmsport.fi\/sv\/wp-json\/wp\/v2\/media\/54480"}],"wp:attachment":[{"href":"https:\/\/vmsport.fi\/sv\/wp-json\/wp\/v2\/media?parent=54481"}],"wp:term":[{"taxonomy":"product_brand","embeddable":true,"href":"https:\/\/vmsport.fi\/sv\/wp-json\/wp\/v2\/product_brand?post=54481"},{"taxonomy":"product_model","embeddable":true,"href":"https:\/\/vmsport.fi\/sv\/wp-json\/wp\/v2\/product_model?post=54481"},{"taxonomy":"product_cat","embeddable":true,"href":"https:\/\/vmsport.fi\/sv\/wp-json\/wp\/v2\/product_cat?post=54481"},{"taxonomy":"product_tag","embeddable":true,"href":"https:\/\/vmsport.fi\/sv\/wp-json\/wp\/v2\/product_tag?post=54481"},{"taxonomy":"industry_terminology","embeddable":true,"href":"https:\/\/vmsport.fi\/sv\/wp-json\/wp\/v2\/industry-terminology?post=54481"}],"curies":[{"name":"wp","href":"https:\/\/api.w.org\/{rel}","templated":true}]}}