{"id":54475,"date":"2025-03-05T23:54:09","date_gmt":"2025-03-05T21:54:09","guid":{"rendered":"https:\/\/vmsport.fi\/verkkokauppa\/Ei-luokiteltu\/sram-chainring-road-39t-130-bcd\/"},"modified":"2026-04-22T15:05:39","modified_gmt":"2026-04-22T12:05:39","slug":"sram-kedjeblad-road-39t-130-bcd","status":"publish","type":"product","link":"https:\/\/vmsport.fi\/sv\/verkkokauppa\/varaosat\/voimansiirto\/eturattaat\/sram-chainring-road-39t-130-bcd\/","title":{"rendered":"SRAM kedjehjul Road 39T 130 BCD"},"content":{"rendered":"<p>Det 39-tandade fr\u00e4mre kedjehjulet med 130 BCD \u00e4r utformat f\u00f6r SRAM landsv\u00e4gscyklar och erbjuder utm\u00e4rkt prestanda och h\u00e5llbarhet. Det \u00e4r tillverkat av premiummaterial och \u00e4r optimerat f\u00f6r exakta och smidiga v\u00e4xlingar, vilket g\u00f6r denna komponent till ett perfekt val f\u00f6r kr\u00e4vande cyklister. Dess l\u00e4tta men \u00e4nd\u00e5 h\u00e5llbara konstruktion f\u00f6rb\u00e4ttrar din cykels effektivitet, s\u00e5 att varje pedalr\u00f6relse tar dig smidigt fram\u00e5t. Det h\u00e4r kedjehjulet \u00e4r enkelt att installera och kompatibelt med m\u00e5nga SRAM-system, vilket garanterar tillf\u00f6rlitlig prestanda under l\u00e5ng tid.<\/p>","protected":false},"excerpt":{"rendered":"<p>SRAMin maantiepy\u00f6rille suunniteltu 39-hampainen eturatas, jonka jako on 130 BCD, tarjoaa erinomaisen suorituskyvyn ja kest\u00e4vyyden. Valmistettu korkealuokkaisista materiaaleista, se on optimoitu tarkkaan ja sulavaan vaihteenvaihtoon, mik\u00e4 tekee t\u00e4st\u00e4 osasta ihanteellisen valinnan vaativille py\u00f6r\u00e4ilij\u00f6ille. Sen kevyt mutta kest\u00e4v\u00e4 rakenne parantaa py\u00f6r\u00e4si tehokkuutta, jolloin jokainen polkaisu vie sinut sujuvasti eteenp\u00e4in. Helppo asentaa ja yhteensopiva useiden SRAM-j\u00e4rjestelmien kanssa, [&#8230;]<\/p>\n<p><a class=\"btn btn-secondary understrap-read-more-link\" href=\"https:\/\/vmsport.fi\/sv\/verkkokauppa\/varaosat\/voimansiirto\/eturattaat\/sram-chainring-road-39t-130-bcd\/\">L\u00e4s mer \u2026<span class=\"screen-reader-text\"> from SRAM Chainring Road 39T 130 BCD<\/span><\/a><\/p>\n","protected":false},"featured_media":54474,"comment_status":"open","ping_status":"closed","template":"","meta":{"_acf_changed":false,"_improvement_type_select":"improve_an_existing","_thumb_yes_seoaic":false,"_frame_yes_seoaic":false,"seoaic_generate_description":"","seoaic_improve_instructions_prompt":"","seoaic_rollback_content_improvement":"","seoaic_idea_thumbnail_generator":"","thumbnail_generated":false,"thumbnail_generate_prompt":"","seoaic_article_description":"","_supplier_stock_quantity":0},"product_brand":[1588],"product_model":[],"product_cat":[9252],"product_tag":[],"industry-terminology":[],"class_list":{"0":"post-54475","1":"product","2":"type-product","3":"status-publish","4":"has-post-thumbnail","6":"product_brand-sram","7":"product_cat-eturattaat","9":"first","10":"instock","11":"taxable","12":"shipping-taxable","13":"purchasable","14":"product-type-simple"},"acf":{"bike_features":null,"overview":{"copy_overview":null,"key_features":null,"statement":"","youtube_url":""}},"yoast_head":"<!-- This site is optimized with the Yoast SEO plugin v27.4 - https:\/\/yoast.com\/product\/yoast-seo-wordpress\/ -->\n<title>SRAM Chainring Road 39T 130 BCD - VM Sport<\/title>\n<meta name=\"robots\" content=\"index, follow, max-snippet:-1, max-image-preview:large, max-video-preview:-1\" \/>\n<link rel=\"canonical\" href=\"https:\/\/vmsport.fi\/sv\/webbutik\/reservdelar\/transmission\/framhjulsdrift\/sram-kedjeblad-road-39t-130-bcd\/\" \/>\n<meta property=\"og:locale\" content=\"sv_SE\" \/>\n<meta property=\"og:type\" content=\"article\" \/>\n<meta property=\"og:title\" content=\"SRAM Chainring Road 39T 130 BCD - VM Sport\" \/>\n<meta property=\"og:description\" content=\"SRAMin maantiepy\u00f6rille suunniteltu 39-hampainen eturatas, jonka jako on 130 BCD, tarjoaa erinomaisen suorituskyvyn ja kest\u00e4vyyden. Valmistettu korkealuokkaisista materiaaleista, se on optimoitu tarkkaan ja sulavaan vaihteenvaihtoon, mik\u00e4 tekee t\u00e4st\u00e4 osasta ihanteellisen valinnan vaativille py\u00f6r\u00e4ilij\u00f6ille. Sen kevyt mutta kest\u00e4v\u00e4 rakenne parantaa py\u00f6r\u00e4si tehokkuutta, jolloin jokainen polkaisu vie sinut sujuvasti eteenp\u00e4in. Helppo asentaa ja yhteensopiva useiden SRAM-j\u00e4rjestelmien kanssa, [...]L\u00e4s mer \u2026 from SRAM Chainring Road 39T 130 BCD\" \/>\n<meta property=\"og:url\" content=\"https:\/\/vmsport.fi\/sv\/webbutik\/reservdelar\/transmission\/framhjulsdrift\/sram-kedjeblad-road-39t-130-bcd\/\" \/>\n<meta property=\"og:site_name\" content=\"VM Sport\" \/>\n<meta property=\"article:publisher\" content=\"https:\/\/www.facebook.com\/Vmsport.fi\/\" \/>\n<meta property=\"article:modified_time\" content=\"2026-04-22T12:05:39+00:00\" \/>\n<meta property=\"og:image\" content=\"https:\/\/vmsport.fi\/wp-content\/uploads\/2025\/03\/NNBVo1rWWrrMcIqljd1CPp2FP5Laz6ryr76kN7rDrMineptV0X-1.jpg\" \/>\n\t<meta property=\"og:image:width\" content=\"800\" \/>\n\t<meta property=\"og:image:height\" content=\"800\" \/>\n\t<meta property=\"og:image:type\" content=\"image\/jpeg\" \/>\n<meta name=\"twitter:card\" content=\"summary_large_image\" \/>\n<script type=\"application\/ld+json\" class=\"yoast-schema-graph\">{\"@context\":\"https:\\\/\\\/schema.org\",\"@graph\":[{\"@type\":[\"WebPage\",\"ItemPage\"],\"@id\":\"https:\\\/\\\/vmsport.fi\\\/verkkokauppa\\\/varaosat\\\/voimansiirto\\\/eturattaat\\\/sram-chainring-road-39t-130-bcd\\\/\",\"url\":\"https:\\\/\\\/vmsport.fi\\\/verkkokauppa\\\/varaosat\\\/voimansiirto\\\/eturattaat\\\/sram-chainring-road-39t-130-bcd\\\/\",\"name\":\"SRAM Chainring Road 39T 130 BCD - VM Sport\",\"isPartOf\":{\"@id\":\"https:\\\/\\\/vmsport.fi\\\/#website\"},\"primaryImageOfPage\":{\"@id\":\"https:\\\/\\\/vmsport.fi\\\/verkkokauppa\\\/varaosat\\\/voimansiirto\\\/eturattaat\\\/sram-chainring-road-39t-130-bcd\\\/#primaryimage\"},\"image\":{\"@id\":\"https:\\\/\\\/vmsport.fi\\\/verkkokauppa\\\/varaosat\\\/voimansiirto\\\/eturattaat\\\/sram-chainring-road-39t-130-bcd\\\/#primaryimage\"},\"thumbnailUrl\":\"https:\\\/\\\/vmsport.fi\\\/wp-content\\\/uploads\\\/2025\\\/03\\\/NNBVo1rWWrrMcIqljd1CPp2FP5Laz6ryr76kN7rDrMineptV0X-1.jpg\",\"datePublished\":\"2025-03-05T21:54:09+00:00\",\"dateModified\":\"2026-04-22T12:05:39+00:00\",\"breadcrumb\":{\"@id\":\"https:\\\/\\\/vmsport.fi\\\/verkkokauppa\\\/varaosat\\\/voimansiirto\\\/eturattaat\\\/sram-chainring-road-39t-130-bcd\\\/#breadcrumb\"},\"inLanguage\":\"sv-SE\",\"potentialAction\":[{\"@type\":\"ReadAction\",\"target\":[\"https:\\\/\\\/vmsport.fi\\\/verkkokauppa\\\/varaosat\\\/voimansiirto\\\/eturattaat\\\/sram-chainring-road-39t-130-bcd\\\/\"]}]},{\"@type\":\"ImageObject\",\"inLanguage\":\"sv-SE\",\"@id\":\"https:\\\/\\\/vmsport.fi\\\/verkkokauppa\\\/varaosat\\\/voimansiirto\\\/eturattaat\\\/sram-chainring-road-39t-130-bcd\\\/#primaryimage\",\"url\":\"https:\\\/\\\/vmsport.fi\\\/wp-content\\\/uploads\\\/2025\\\/03\\\/NNBVo1rWWrrMcIqljd1CPp2FP5Laz6ryr76kN7rDrMineptV0X-1.jpg\",\"contentUrl\":\"https:\\\/\\\/vmsport.fi\\\/wp-content\\\/uploads\\\/2025\\\/03\\\/NNBVo1rWWrrMcIqljd1CPp2FP5Laz6ryr76kN7rDrMineptV0X-1.jpg\",\"width\":800,\"height\":800,\"caption\":\"NNBVo1rWWrrMcIqljd1CPp2FP5Laz6ryr76kN7rDrMineptV0X\"},{\"@type\":\"BreadcrumbList\",\"@id\":\"https:\\\/\\\/vmsport.fi\\\/verkkokauppa\\\/varaosat\\\/voimansiirto\\\/eturattaat\\\/sram-chainring-road-39t-130-bcd\\\/#breadcrumb\",\"itemListElement\":[{\"@type\":\"ListItem\",\"position\":1,\"name\":\"Etusivu\",\"item\":\"https:\\\/\\\/vmsport.fi\\\/\"},{\"@type\":\"ListItem\",\"position\":2,\"name\":\"Online Store\",\"item\":\"https:\\\/\\\/vmsport.fi\\\/en\\\/online-store\\\/\"},{\"@type\":\"ListItem\",\"position\":3,\"name\":\"SRAM Chainring Road 39T 130 BCD\"}]},{\"@type\":\"WebSite\",\"@id\":\"https:\\\/\\\/vmsport.fi\\\/#website\",\"url\":\"https:\\\/\\\/vmsport.fi\\\/\",\"name\":\"Vmsport\",\"description\":\"Kaikki py\u00f6r\u00e4ilyyn yhdest\u00e4 paikasta\",\"publisher\":{\"@id\":\"https:\\\/\\\/vmsport.fi\\\/#organization\"},\"potentialAction\":[{\"@type\":\"SearchAction\",\"target\":{\"@type\":\"EntryPoint\",\"urlTemplate\":\"https:\\\/\\\/vmsport.fi\\\/?s={search_term_string}\"},\"query-input\":{\"@type\":\"PropertyValueSpecification\",\"valueRequired\":true,\"valueName\":\"search_term_string\"}}],\"inLanguage\":\"sv-SE\"},{\"@type\":\"Organization\",\"@id\":\"https:\\\/\\\/vmsport.fi\\\/#organization\",\"name\":\"Vmsport\",\"url\":\"https:\\\/\\\/vmsport.fi\\\/\",\"logo\":{\"@type\":\"ImageObject\",\"inLanguage\":\"sv-SE\",\"@id\":\"https:\\\/\\\/vmsport.fi\\\/#\\\/schema\\\/logo\\\/image\\\/\",\"url\":\"https:\\\/\\\/vmsport.fi\\\/wp-content\\\/uploads\\\/2024\\\/12\\\/vm_sport_RGB_horisontal-e1734526017575.png\",\"contentUrl\":\"https:\\\/\\\/vmsport.fi\\\/wp-content\\\/uploads\\\/2024\\\/12\\\/vm_sport_RGB_horisontal-e1734526017575.png\",\"width\":668,\"height\":85,\"caption\":\"Vmsport\"},\"image\":{\"@id\":\"https:\\\/\\\/vmsport.fi\\\/#\\\/schema\\\/logo\\\/image\\\/\"},\"sameAs\":[\"https:\\\/\\\/www.facebook.com\\\/Vmsport.fi\\\/\",\"https:\\\/\\\/www.instagram.com\\\/vmsport\\\/\"]}]}<\/script>\n<!-- \/ Yoast SEO plugin. -->","yoast_head_json":{"title":"SRAM kedjehjul Road 39T 130 BCD - VM Sport","robots":{"index":"index","follow":"follow","max-snippet":"max-snippet:-1","max-image-preview":"max-image-preview:large","max-video-preview":"max-video-preview:-1"},"canonical":"https:\/\/vmsport.fi\/sv\/webbutik\/reservdelar\/transmission\/framhjulsdrift\/sram-kedjeblad-road-39t-130-bcd\/","og_locale":"sv_SE","og_type":"article","og_title":"SRAM Chainring Road 39T 130 BCD - VM Sport","og_description":"SRAMin maantiepy\u00f6rille suunniteltu 39-hampainen eturatas, jonka jako on 130 BCD, tarjoaa erinomaisen suorituskyvyn ja kest\u00e4vyyden. Valmistettu korkealuokkaisista materiaaleista, se on optimoitu tarkkaan ja sulavaan vaihteenvaihtoon, mik\u00e4 tekee t\u00e4st\u00e4 osasta ihanteellisen valinnan vaativille py\u00f6r\u00e4ilij\u00f6ille. Sen kevyt mutta kest\u00e4v\u00e4 rakenne parantaa py\u00f6r\u00e4si tehokkuutta, jolloin jokainen polkaisu vie sinut sujuvasti eteenp\u00e4in. Helppo asentaa ja yhteensopiva useiden SRAM-j\u00e4rjestelmien kanssa, [...]L\u00e4s mer \u2026 from SRAM Chainring Road 39T 130 BCD","og_url":"https:\/\/vmsport.fi\/sv\/webbutik\/reservdelar\/transmission\/framhjulsdrift\/sram-kedjeblad-road-39t-130-bcd\/","og_site_name":"VM Sport","article_publisher":"https:\/\/www.facebook.com\/Vmsport.fi\/","article_modified_time":"2026-04-22T12:05:39+00:00","og_image":[{"width":800,"height":800,"url":"https:\/\/vmsport.fi\/wp-content\/uploads\/2025\/03\/NNBVo1rWWrrMcIqljd1CPp2FP5Laz6ryr76kN7rDrMineptV0X-1.jpg","type":"image\/jpeg"}],"twitter_card":"summary_large_image","schema":{"@context":"https:\/\/schema.org","@graph":[{"@type":["WebPage","ItemPage"],"@id":"https:\/\/vmsport.fi\/verkkokauppa\/varaosat\/voimansiirto\/eturattaat\/sram-chainring-road-39t-130-bcd\/","url":"https:\/\/vmsport.fi\/verkkokauppa\/varaosat\/voimansiirto\/eturattaat\/sram-chainring-road-39t-130-bcd\/","name":"SRAM kedjehjul Road 39T 130 BCD - VM Sport","isPartOf":{"@id":"https:\/\/vmsport.fi\/#website"},"primaryImageOfPage":{"@id":"https:\/\/vmsport.fi\/verkkokauppa\/varaosat\/voimansiirto\/eturattaat\/sram-chainring-road-39t-130-bcd\/#primaryimage"},"image":{"@id":"https:\/\/vmsport.fi\/verkkokauppa\/varaosat\/voimansiirto\/eturattaat\/sram-chainring-road-39t-130-bcd\/#primaryimage"},"thumbnailUrl":"https:\/\/vmsport.fi\/wp-content\/uploads\/2025\/03\/NNBVo1rWWrrMcIqljd1CPp2FP5Laz6ryr76kN7rDrMineptV0X-1.jpg","datePublished":"2025-03-05T21:54:09+00:00","dateModified":"2026-04-22T12:05:39+00:00","breadcrumb":{"@id":"https:\/\/vmsport.fi\/verkkokauppa\/varaosat\/voimansiirto\/eturattaat\/sram-chainring-road-39t-130-bcd\/#breadcrumb"},"inLanguage":"sv-SE","potentialAction":[{"@type":"ReadAction","target":["https:\/\/vmsport.fi\/verkkokauppa\/varaosat\/voimansiirto\/eturattaat\/sram-chainring-road-39t-130-bcd\/"]}]},{"@type":"ImageObject","inLanguage":"sv-SE","@id":"https:\/\/vmsport.fi\/verkkokauppa\/varaosat\/voimansiirto\/eturattaat\/sram-chainring-road-39t-130-bcd\/#primaryimage","url":"https:\/\/vmsport.fi\/wp-content\/uploads\/2025\/03\/NNBVo1rWWrrMcIqljd1CPp2FP5Laz6ryr76kN7rDrMineptV0X-1.jpg","contentUrl":"https:\/\/vmsport.fi\/wp-content\/uploads\/2025\/03\/NNBVo1rWWrrMcIqljd1CPp2FP5Laz6ryr76kN7rDrMineptV0X-1.jpg","width":800,"height":800,"caption":"NNBVo1rWWrrMcIqljd1CPp2FP5Laz6ryr76kN7rDrMineptV0X"},{"@type":"BreadcrumbList","@id":"https:\/\/vmsport.fi\/verkkokauppa\/varaosat\/voimansiirto\/eturattaat\/sram-chainring-road-39t-130-bcd\/#breadcrumb","itemListElement":[{"@type":"ListItem","position":1,"name":"Etusivu","item":"https:\/\/vmsport.fi\/"},{"@type":"ListItem","position":2,"name":"Online Store","item":"https:\/\/vmsport.fi\/en\/online-store\/"},{"@type":"ListItem","position":3,"name":"SRAM Chainring Road 39T 130 BCD"}]},{"@type":"WebSite","@id":"https:\/\/vmsport.fi\/#website","url":"https:\/\/vmsport.fi\/","name":"Vmsport","description":"Allt p\u00e5 ett st\u00e4lle f\u00f6r cykling","publisher":{"@id":"https:\/\/vmsport.fi\/#organization"},"potentialAction":[{"@type":"SearchAction","target":{"@type":"EntryPoint","urlTemplate":"https:\/\/vmsport.fi\/?s={search_term_string}"},"query-input":{"@type":"PropertyValueSpecification","valueRequired":true,"valueName":"search_term_string"}}],"inLanguage":"sv-SE"},{"@type":"Organization","@id":"https:\/\/vmsport.fi\/#organization","name":"Vmsport","url":"https:\/\/vmsport.fi\/","logo":{"@type":"ImageObject","inLanguage":"sv-SE","@id":"https:\/\/vmsport.fi\/#\/schema\/logo\/image\/","url":"https:\/\/vmsport.fi\/wp-content\/uploads\/2024\/12\/vm_sport_RGB_horisontal-e1734526017575.png","contentUrl":"https:\/\/vmsport.fi\/wp-content\/uploads\/2024\/12\/vm_sport_RGB_horisontal-e1734526017575.png","width":668,"height":85,"caption":"Vmsport"},"image":{"@id":"https:\/\/vmsport.fi\/#\/schema\/logo\/image\/"},"sameAs":["https:\/\/www.facebook.com\/Vmsport.fi\/","https:\/\/www.instagram.com\/vmsport\/"]}]}},"global_unique_id":"","_links":{"self":[{"href":"https:\/\/vmsport.fi\/sv\/wp-json\/wp\/v2\/product\/54475","targetHints":{"allow":["GET"]}}],"collection":[{"href":"https:\/\/vmsport.fi\/sv\/wp-json\/wp\/v2\/product"}],"about":[{"href":"https:\/\/vmsport.fi\/sv\/wp-json\/wp\/v2\/types\/product"}],"replies":[{"embeddable":true,"href":"https:\/\/vmsport.fi\/sv\/wp-json\/wp\/v2\/comments?post=54475"}],"wp:featuredmedia":[{"embeddable":true,"href":"https:\/\/vmsport.fi\/sv\/wp-json\/wp\/v2\/media\/54474"}],"wp:attachment":[{"href":"https:\/\/vmsport.fi\/sv\/wp-json\/wp\/v2\/media?parent=54475"}],"wp:term":[{"taxonomy":"product_brand","embeddable":true,"href":"https:\/\/vmsport.fi\/sv\/wp-json\/wp\/v2\/product_brand?post=54475"},{"taxonomy":"product_model","embeddable":true,"href":"https:\/\/vmsport.fi\/sv\/wp-json\/wp\/v2\/product_model?post=54475"},{"taxonomy":"product_cat","embeddable":true,"href":"https:\/\/vmsport.fi\/sv\/wp-json\/wp\/v2\/product_cat?post=54475"},{"taxonomy":"product_tag","embeddable":true,"href":"https:\/\/vmsport.fi\/sv\/wp-json\/wp\/v2\/product_tag?post=54475"},{"taxonomy":"industry_terminology","embeddable":true,"href":"https:\/\/vmsport.fi\/sv\/wp-json\/wp\/v2\/industry-terminology?post=54475"}],"curies":[{"name":"wp","href":"https:\/\/api.w.org\/{rel}","templated":true}]}}