{"id":54466,"date":"2025-03-05T23:54:06","date_gmt":"2025-03-05T21:54:06","guid":{"rendered":"https:\/\/vmsport.fi\/verkkokauppa\/Ei-luokiteltu\/bontrager-brevard-rsl-se-tlr-uusi-maastopyora-rengas\/"},"modified":"2026-04-22T15:27:21","modified_gmt":"2026-04-22T12:27:21","slug":"bontrager-brevard-rsl-se-tlr-nytt-off-road-dack","status":"publish","type":"product","link":"https:\/\/vmsport.fi\/sv\/verkkokauppa\/renkaat\/ulkorenkaat\/maastopyoran-renkaat\/bontrager-brevard-rsl-se-tlr-uusi-maastopyora-rengas\/","title":{"rendered":"Bontrager Brevard RSL SE TLR Ny! Mountainbike-d\u00e4ck"},"content":{"rendered":"<p>Brevard RSL SE rengas on suunniteltu vaativille singletrail-reiteille, joissa polku koostuu vaihtelevasta pinnasta kuten irtonaisesta hiekasta, kivist\u00e4 ja juurakosta. Sen monipuolinen pintakuvio tarjoaa hyv\u00e4n pidon erityyppisiss\u00e4 olosuhteissa. Kest\u00e4v\u00e4 60 TPI runko yhdess\u00e4 laadukkaan nailonpistosuojauksen ja sivusein\u00e4mien vahvikkeiden kanssa suojaa tehokkaasti puhkeamisilta ja muilta vaurioilta. Trail Triple-Compound -kumiseos takaa hyv\u00e4n pidon jarrutuksessa ja yl\u00e4m\u00e4iss\u00e4 sek\u00e4 luotettavan otteen kaarteissa. Tubeless Ready -ominaisuus mahdollistaa renkaan asentamisen ilman sis\u00e4rengasta, mik\u00e4 parantaa ajomukavuutta ja v\u00e4hent\u00e4\u00e4 rengasrikkojen riski\u00e4. Rengas sopii erityisesti tekniseen maastoajoon, jossa tarvitaan tukea ja kest\u00e4vyytt\u00e4.<\/p>","protected":false},"excerpt":{"rendered":"<p>Monipuolinen ja kest\u00e4v\u00e4 trail-renkaiden malli vahvalla pistosuojauksella ja hyv\u00e4ll\u00e4 pidolla vaihtelevissa maastoissa. Valmiina tubeless-k\u00e4ytt\u00f6\u00f6n. [&#8230;]<\/p>\n<p><a class=\"btn btn-secondary understrap-read-more-link\" href=\"https:\/\/vmsport.fi\/sv\/verkkokauppa\/renkaat\/ulkorenkaat\/maastopyoran-renkaat\/bontrager-brevard-rsl-se-tlr-uusi-maastopyora-rengas\/\">L\u00e4s mer \u2026<span class=\"screen-reader-text\"> from Bontrager Brevard RSL SE TLR Uusi! Maastopy\u00f6r\u00e4 rengas<\/span><\/a><\/p>\n","protected":false},"featured_media":54463,"comment_status":"open","ping_status":"closed","template":"","meta":{"_acf_changed":false,"_improvement_type_select":"improve_an_existing","_thumb_yes_seoaic":false,"_frame_yes_seoaic":false,"seoaic_generate_description":"","seoaic_improve_instructions_prompt":"","seoaic_rollback_content_improvement":"","seoaic_idea_thumbnail_generator":"","thumbnail_generated":false,"thumbnail_generate_prompt":"","seoaic_article_description":"","_supplier_stock_quantity":0},"product_brand":[],"product_model":[],"product_cat":[9314],"product_tag":[],"industry-terminology":[],"class_list":{"0":"post-54466","1":"product","2":"type-product","3":"status-publish","4":"has-post-thumbnail","6":"product_cat-maastopyoran-renkaat","8":"first","9":"instock","10":"taxable","11":"shipping-taxable","12":"purchasable","13":"product-type-variable"},"acf":{"bike_features":null,"overview":{"copy_overview":null,"key_features":null,"statement":"","youtube_url":""}},"yoast_head":"<!-- This site is optimized with the Yoast SEO plugin v27.4 - https:\/\/yoast.com\/product\/yoast-seo-wordpress\/ -->\n<title>Bontrager Brevard RSL SE TLR Uusi! Maastopy\u00f6r\u00e4 rengas - VM Sport<\/title>\n<meta name=\"robots\" content=\"index, follow, max-snippet:-1, max-image-preview:large, max-video-preview:-1\" \/>\n<link rel=\"canonical\" href=\"https:\/\/vmsport.fi\/sv\/webbutik\/dack\/dack-for-utomhusbruk\/dack-for-terrangfordon\/bontrager-brevard-rsl-se-tlr-nytt-off-road-dack\/\" \/>\n<meta property=\"og:locale\" content=\"sv_SE\" \/>\n<meta property=\"og:type\" content=\"article\" \/>\n<meta property=\"og:title\" content=\"Bontrager Brevard RSL SE TLR Uusi! Maastopy\u00f6r\u00e4 rengas - VM Sport\" \/>\n<meta property=\"og:description\" content=\"Monipuolinen ja kest\u00e4v\u00e4 trail-renkaiden malli vahvalla pistosuojauksella ja hyv\u00e4ll\u00e4 pidolla vaihtelevissa maastoissa. Valmiina tubeless-k\u00e4ytt\u00f6\u00f6n. [...]L\u00e4s mer \u2026 from Bontrager Brevard RSL SE TLR Uusi! Maastopy\u00f6r\u00e4 rengas\" \/>\n<meta property=\"og:url\" content=\"https:\/\/vmsport.fi\/sv\/webbutik\/dack\/dack-for-utomhusbruk\/dack-for-terrangfordon\/bontrager-brevard-rsl-se-tlr-nytt-off-road-dack\/\" \/>\n<meta property=\"og:site_name\" content=\"VM Sport\" \/>\n<meta property=\"article:publisher\" content=\"https:\/\/www.facebook.com\/Vmsport.fi\/\" \/>\n<meta property=\"article:modified_time\" content=\"2026-04-22T12:27:21+00:00\" \/>\n<meta property=\"og:image\" content=\"https:\/\/vmsport.fi\/wp-content\/uploads\/2025\/03\/OLfVMhHL1tDSAc8UqaW0tPyTmoeCSxH0RDVFPCuM460jgJi0WT-1.jpg\" \/>\n\t<meta property=\"og:image:width\" content=\"999\" \/>\n\t<meta property=\"og:image:height\" content=\"749\" \/>\n\t<meta property=\"og:image:type\" content=\"image\/jpeg\" \/>\n<meta name=\"twitter:card\" content=\"summary_large_image\" \/>\n<script type=\"application\/ld+json\" class=\"yoast-schema-graph\">{\"@context\":\"https:\\\/\\\/schema.org\",\"@graph\":[{\"@type\":[\"WebPage\",\"ItemPage\"],\"@id\":\"https:\\\/\\\/vmsport.fi\\\/verkkokauppa\\\/renkaat\\\/ulkorenkaat\\\/maastopyoran-renkaat\\\/bontrager-brevard-rsl-se-tlr-uusi-maastopyora-rengas\\\/\",\"url\":\"https:\\\/\\\/vmsport.fi\\\/verkkokauppa\\\/renkaat\\\/ulkorenkaat\\\/maastopyoran-renkaat\\\/bontrager-brevard-rsl-se-tlr-uusi-maastopyora-rengas\\\/\",\"name\":\"Bontrager Brevard RSL SE TLR Uusi! Maastopy\u00f6r\u00e4 rengas - VM Sport\",\"isPartOf\":{\"@id\":\"https:\\\/\\\/vmsport.fi\\\/#website\"},\"primaryImageOfPage\":{\"@id\":\"https:\\\/\\\/vmsport.fi\\\/verkkokauppa\\\/renkaat\\\/ulkorenkaat\\\/maastopyoran-renkaat\\\/bontrager-brevard-rsl-se-tlr-uusi-maastopyora-rengas\\\/#primaryimage\"},\"image\":{\"@id\":\"https:\\\/\\\/vmsport.fi\\\/verkkokauppa\\\/renkaat\\\/ulkorenkaat\\\/maastopyoran-renkaat\\\/bontrager-brevard-rsl-se-tlr-uusi-maastopyora-rengas\\\/#primaryimage\"},\"thumbnailUrl\":\"https:\\\/\\\/vmsport.fi\\\/wp-content\\\/uploads\\\/2025\\\/03\\\/OLfVMhHL1tDSAc8UqaW0tPyTmoeCSxH0RDVFPCuM460jgJi0WT-1.jpg\",\"datePublished\":\"2025-03-05T21:54:06+00:00\",\"dateModified\":\"2026-04-22T12:27:21+00:00\",\"breadcrumb\":{\"@id\":\"https:\\\/\\\/vmsport.fi\\\/verkkokauppa\\\/renkaat\\\/ulkorenkaat\\\/maastopyoran-renkaat\\\/bontrager-brevard-rsl-se-tlr-uusi-maastopyora-rengas\\\/#breadcrumb\"},\"inLanguage\":\"sv-SE\",\"potentialAction\":[{\"@type\":\"ReadAction\",\"target\":[\"https:\\\/\\\/vmsport.fi\\\/verkkokauppa\\\/renkaat\\\/ulkorenkaat\\\/maastopyoran-renkaat\\\/bontrager-brevard-rsl-se-tlr-uusi-maastopyora-rengas\\\/\"]}]},{\"@type\":\"ImageObject\",\"inLanguage\":\"sv-SE\",\"@id\":\"https:\\\/\\\/vmsport.fi\\\/verkkokauppa\\\/renkaat\\\/ulkorenkaat\\\/maastopyoran-renkaat\\\/bontrager-brevard-rsl-se-tlr-uusi-maastopyora-rengas\\\/#primaryimage\",\"url\":\"https:\\\/\\\/vmsport.fi\\\/wp-content\\\/uploads\\\/2025\\\/03\\\/OLfVMhHL1tDSAc8UqaW0tPyTmoeCSxH0RDVFPCuM460jgJi0WT-1.jpg\",\"contentUrl\":\"https:\\\/\\\/vmsport.fi\\\/wp-content\\\/uploads\\\/2025\\\/03\\\/OLfVMhHL1tDSAc8UqaW0tPyTmoeCSxH0RDVFPCuM460jgJi0WT-1.jpg\",\"width\":999,\"height\":749,\"caption\":\"OLfVMhHL1tDSAc8UqaW0tPyTmoeCSxH0RDVFPCuM460jgJi0WT\"},{\"@type\":\"BreadcrumbList\",\"@id\":\"https:\\\/\\\/vmsport.fi\\\/verkkokauppa\\\/renkaat\\\/ulkorenkaat\\\/maastopyoran-renkaat\\\/bontrager-brevard-rsl-se-tlr-uusi-maastopyora-rengas\\\/#breadcrumb\",\"itemListElement\":[{\"@type\":\"ListItem\",\"position\":1,\"name\":\"Etusivu\",\"item\":\"https:\\\/\\\/vmsport.fi\\\/\"},{\"@type\":\"ListItem\",\"position\":2,\"name\":\"Online Store\",\"item\":\"https:\\\/\\\/vmsport.fi\\\/en\\\/online-store\\\/\"},{\"@type\":\"ListItem\",\"position\":3,\"name\":\"Bontrager Brevard RSL SE TLR Uusi! Maastopy\u00f6r\u00e4 rengas\"}]},{\"@type\":\"WebSite\",\"@id\":\"https:\\\/\\\/vmsport.fi\\\/#website\",\"url\":\"https:\\\/\\\/vmsport.fi\\\/\",\"name\":\"Vmsport\",\"description\":\"Kaikki py\u00f6r\u00e4ilyyn yhdest\u00e4 paikasta\",\"publisher\":{\"@id\":\"https:\\\/\\\/vmsport.fi\\\/#organization\"},\"potentialAction\":[{\"@type\":\"SearchAction\",\"target\":{\"@type\":\"EntryPoint\",\"urlTemplate\":\"https:\\\/\\\/vmsport.fi\\\/?s={search_term_string}\"},\"query-input\":{\"@type\":\"PropertyValueSpecification\",\"valueRequired\":true,\"valueName\":\"search_term_string\"}}],\"inLanguage\":\"sv-SE\"},{\"@type\":\"Organization\",\"@id\":\"https:\\\/\\\/vmsport.fi\\\/#organization\",\"name\":\"Vmsport\",\"url\":\"https:\\\/\\\/vmsport.fi\\\/\",\"logo\":{\"@type\":\"ImageObject\",\"inLanguage\":\"sv-SE\",\"@id\":\"https:\\\/\\\/vmsport.fi\\\/#\\\/schema\\\/logo\\\/image\\\/\",\"url\":\"https:\\\/\\\/vmsport.fi\\\/wp-content\\\/uploads\\\/2024\\\/12\\\/vm_sport_RGB_horisontal-e1734526017575.png\",\"contentUrl\":\"https:\\\/\\\/vmsport.fi\\\/wp-content\\\/uploads\\\/2024\\\/12\\\/vm_sport_RGB_horisontal-e1734526017575.png\",\"width\":668,\"height\":85,\"caption\":\"Vmsport\"},\"image\":{\"@id\":\"https:\\\/\\\/vmsport.fi\\\/#\\\/schema\\\/logo\\\/image\\\/\"},\"sameAs\":[\"https:\\\/\\\/www.facebook.com\\\/Vmsport.fi\\\/\",\"https:\\\/\\\/www.instagram.com\\\/vmsport\\\/\"]}]}<\/script>\n<!-- \/ Yoast SEO plugin. -->","yoast_head_json":{"title":"Bontrager Brevard RSL SE TLR Ny! D\u00e4ck f\u00f6r mountainbike - VM Sport","robots":{"index":"index","follow":"follow","max-snippet":"max-snippet:-1","max-image-preview":"max-image-preview:large","max-video-preview":"max-video-preview:-1"},"canonical":"https:\/\/vmsport.fi\/sv\/webbutik\/dack\/dack-for-utomhusbruk\/dack-for-terrangfordon\/bontrager-brevard-rsl-se-tlr-nytt-off-road-dack\/","og_locale":"sv_SE","og_type":"article","og_title":"Bontrager Brevard RSL SE TLR Uusi! Maastopy\u00f6r\u00e4 rengas - VM Sport","og_description":"Monipuolinen ja kest\u00e4v\u00e4 trail-renkaiden malli vahvalla pistosuojauksella ja hyv\u00e4ll\u00e4 pidolla vaihtelevissa maastoissa. Valmiina tubeless-k\u00e4ytt\u00f6\u00f6n. [...]L\u00e4s mer \u2026 from Bontrager Brevard RSL SE TLR Uusi! Maastopy\u00f6r\u00e4 rengas","og_url":"https:\/\/vmsport.fi\/sv\/webbutik\/dack\/dack-for-utomhusbruk\/dack-for-terrangfordon\/bontrager-brevard-rsl-se-tlr-nytt-off-road-dack\/","og_site_name":"VM Sport","article_publisher":"https:\/\/www.facebook.com\/Vmsport.fi\/","article_modified_time":"2026-04-22T12:27:21+00:00","og_image":[{"width":999,"height":749,"url":"https:\/\/vmsport.fi\/wp-content\/uploads\/2025\/03\/OLfVMhHL1tDSAc8UqaW0tPyTmoeCSxH0RDVFPCuM460jgJi0WT-1.jpg","type":"image\/jpeg"}],"twitter_card":"summary_large_image","schema":{"@context":"https:\/\/schema.org","@graph":[{"@type":["WebPage","ItemPage"],"@id":"https:\/\/vmsport.fi\/verkkokauppa\/renkaat\/ulkorenkaat\/maastopyoran-renkaat\/bontrager-brevard-rsl-se-tlr-uusi-maastopyora-rengas\/","url":"https:\/\/vmsport.fi\/verkkokauppa\/renkaat\/ulkorenkaat\/maastopyoran-renkaat\/bontrager-brevard-rsl-se-tlr-uusi-maastopyora-rengas\/","name":"Bontrager Brevard RSL SE TLR Ny! D\u00e4ck f\u00f6r mountainbike - VM Sport","isPartOf":{"@id":"https:\/\/vmsport.fi\/#website"},"primaryImageOfPage":{"@id":"https:\/\/vmsport.fi\/verkkokauppa\/renkaat\/ulkorenkaat\/maastopyoran-renkaat\/bontrager-brevard-rsl-se-tlr-uusi-maastopyora-rengas\/#primaryimage"},"image":{"@id":"https:\/\/vmsport.fi\/verkkokauppa\/renkaat\/ulkorenkaat\/maastopyoran-renkaat\/bontrager-brevard-rsl-se-tlr-uusi-maastopyora-rengas\/#primaryimage"},"thumbnailUrl":"https:\/\/vmsport.fi\/wp-content\/uploads\/2025\/03\/OLfVMhHL1tDSAc8UqaW0tPyTmoeCSxH0RDVFPCuM460jgJi0WT-1.jpg","datePublished":"2025-03-05T21:54:06+00:00","dateModified":"2026-04-22T12:27:21+00:00","breadcrumb":{"@id":"https:\/\/vmsport.fi\/verkkokauppa\/renkaat\/ulkorenkaat\/maastopyoran-renkaat\/bontrager-brevard-rsl-se-tlr-uusi-maastopyora-rengas\/#breadcrumb"},"inLanguage":"sv-SE","potentialAction":[{"@type":"ReadAction","target":["https:\/\/vmsport.fi\/verkkokauppa\/renkaat\/ulkorenkaat\/maastopyoran-renkaat\/bontrager-brevard-rsl-se-tlr-uusi-maastopyora-rengas\/"]}]},{"@type":"ImageObject","inLanguage":"sv-SE","@id":"https:\/\/vmsport.fi\/verkkokauppa\/renkaat\/ulkorenkaat\/maastopyoran-renkaat\/bontrager-brevard-rsl-se-tlr-uusi-maastopyora-rengas\/#primaryimage","url":"https:\/\/vmsport.fi\/wp-content\/uploads\/2025\/03\/OLfVMhHL1tDSAc8UqaW0tPyTmoeCSxH0RDVFPCuM460jgJi0WT-1.jpg","contentUrl":"https:\/\/vmsport.fi\/wp-content\/uploads\/2025\/03\/OLfVMhHL1tDSAc8UqaW0tPyTmoeCSxH0RDVFPCuM460jgJi0WT-1.jpg","width":999,"height":749,"caption":"OLfVMhHL1tDSAc8UqaW0tPyTmoeCSxH0RDVFPCuM460jgJi0WT"},{"@type":"BreadcrumbList","@id":"https:\/\/vmsport.fi\/verkkokauppa\/renkaat\/ulkorenkaat\/maastopyoran-renkaat\/bontrager-brevard-rsl-se-tlr-uusi-maastopyora-rengas\/#breadcrumb","itemListElement":[{"@type":"ListItem","position":1,"name":"Etusivu","item":"https:\/\/vmsport.fi\/"},{"@type":"ListItem","position":2,"name":"Online Store","item":"https:\/\/vmsport.fi\/en\/online-store\/"},{"@type":"ListItem","position":3,"name":"Bontrager Brevard RSL SE TLR Uusi! Maastopy\u00f6r\u00e4 rengas"}]},{"@type":"WebSite","@id":"https:\/\/vmsport.fi\/#website","url":"https:\/\/vmsport.fi\/","name":"Vmsport","description":"Allt p\u00e5 ett st\u00e4lle f\u00f6r cykling","publisher":{"@id":"https:\/\/vmsport.fi\/#organization"},"potentialAction":[{"@type":"SearchAction","target":{"@type":"EntryPoint","urlTemplate":"https:\/\/vmsport.fi\/?s={search_term_string}"},"query-input":{"@type":"PropertyValueSpecification","valueRequired":true,"valueName":"search_term_string"}}],"inLanguage":"sv-SE"},{"@type":"Organization","@id":"https:\/\/vmsport.fi\/#organization","name":"Vmsport","url":"https:\/\/vmsport.fi\/","logo":{"@type":"ImageObject","inLanguage":"sv-SE","@id":"https:\/\/vmsport.fi\/#\/schema\/logo\/image\/","url":"https:\/\/vmsport.fi\/wp-content\/uploads\/2024\/12\/vm_sport_RGB_horisontal-e1734526017575.png","contentUrl":"https:\/\/vmsport.fi\/wp-content\/uploads\/2024\/12\/vm_sport_RGB_horisontal-e1734526017575.png","width":668,"height":85,"caption":"Vmsport"},"image":{"@id":"https:\/\/vmsport.fi\/#\/schema\/logo\/image\/"},"sameAs":["https:\/\/www.facebook.com\/Vmsport.fi\/","https:\/\/www.instagram.com\/vmsport\/"]}]}},"global_unique_id":"","_links":{"self":[{"href":"https:\/\/vmsport.fi\/sv\/wp-json\/wp\/v2\/product\/54466","targetHints":{"allow":["GET"]}}],"collection":[{"href":"https:\/\/vmsport.fi\/sv\/wp-json\/wp\/v2\/product"}],"about":[{"href":"https:\/\/vmsport.fi\/sv\/wp-json\/wp\/v2\/types\/product"}],"replies":[{"embeddable":true,"href":"https:\/\/vmsport.fi\/sv\/wp-json\/wp\/v2\/comments?post=54466"}],"wp:featuredmedia":[{"embeddable":true,"href":"https:\/\/vmsport.fi\/sv\/wp-json\/wp\/v2\/media\/54463"}],"wp:attachment":[{"href":"https:\/\/vmsport.fi\/sv\/wp-json\/wp\/v2\/media?parent=54466"}],"wp:term":[{"taxonomy":"product_brand","embeddable":true,"href":"https:\/\/vmsport.fi\/sv\/wp-json\/wp\/v2\/product_brand?post=54466"},{"taxonomy":"product_model","embeddable":true,"href":"https:\/\/vmsport.fi\/sv\/wp-json\/wp\/v2\/product_model?post=54466"},{"taxonomy":"product_cat","embeddable":true,"href":"https:\/\/vmsport.fi\/sv\/wp-json\/wp\/v2\/product_cat?post=54466"},{"taxonomy":"product_tag","embeddable":true,"href":"https:\/\/vmsport.fi\/sv\/wp-json\/wp\/v2\/product_tag?post=54466"},{"taxonomy":"industry_terminology","embeddable":true,"href":"https:\/\/vmsport.fi\/sv\/wp-json\/wp\/v2\/industry-terminology?post=54466"}],"curies":[{"name":"wp","href":"https:\/\/api.w.org\/{rel}","templated":true}]}}