{"id":54456,"date":"2025-03-05T23:53:56","date_gmt":"2025-03-05T21:53:56","guid":{"rendered":"https:\/\/vmsport.fi\/verkkokauppa\/Ei-luokiteltu\/runkolukko-axa-solid-hyvaksytty\/"},"modified":"2026-01-17T02:00:10","modified_gmt":"2026-01-17T00:00:10","slug":"ramlas-axa-solid-godkand","status":"publish","type":"product","link":"https:\/\/vmsport.fi\/sv\/verkkokauppa\/tarvikkeet\/lukot\/runkolukot\/runkolukko-axa-solid-hyvaksytty\/","title":{"rendered":"AXA Solid raml\u00e5s, godk\u00e4nt"},"content":{"rendered":"<p>AXA Solid raml\u00e5s ger utm\u00e4rkt s\u00e4kerhet f\u00f6r din cykel. Dess runda, svarta design kombinerar elegans och funktionalitet. Det h\u00e4r godk\u00e4nda l\u00e5set \u00e4r nyckelstyrt och s\u00e4rskilt utformat f\u00f6r att skydda cyklar mot st\u00f6ld. Produktens tillf\u00f6rlitlighet och h\u00e5llbarhet g\u00f6r det till en l\u00e4ttanv\u00e4nd och l\u00e5ngvarig l\u00f6sning f\u00f6r daglig anv\u00e4ndning.<\/p>","protected":false},"excerpt":{"rendered":"<p>AXA Solid -runkolukko tarjoaa erinomaisen turvallisuuden polkupy\u00f6r\u00e4llesi. Sen py\u00f6re\u00e4ss\u00e4, mustassa muotoilussa yhdistyv\u00e4t tyylikkyys ja k\u00e4yt\u00e4nn\u00f6llisyys. T\u00e4m\u00e4 hyv\u00e4ksytty lukko toimii avaimella ja on suunniteltu erityisesti suojaamaan polkupy\u00f6ri\u00e4 varkauksilta. Tuotteen luotettavuus ja kest\u00e4vyys tekev\u00e4t siit\u00e4 helppok\u00e4ytt\u00f6isen ja pitk\u00e4ik\u00e4isen ratkaisun jokap\u00e4iv\u00e4iseen k\u00e4ytt\u00f6\u00f6n. [&#8230;]<\/p>\n<p><a class=\"btn btn-secondary understrap-read-more-link\" href=\"https:\/\/vmsport.fi\/sv\/verkkokauppa\/tarvikkeet\/lukot\/runkolukot\/runkolukko-axa-solid-hyvaksytty\/\">L\u00e4s mer \u2026<span class=\"screen-reader-text\"> from Runkolukko AXA Solid, hyv\u00e4ksytty<\/span><\/a><\/p>\n","protected":false},"featured_media":54455,"comment_status":"open","ping_status":"closed","template":"","meta":{"_acf_changed":false,"_improvement_type_select":"improve_an_existing","_thumb_yes_seoaic":false,"_frame_yes_seoaic":false,"seoaic_generate_description":"","seoaic_improve_instructions_prompt":"","seoaic_rollback_content_improvement":"","seoaic_idea_thumbnail_generator":"","thumbnail_generated":false,"thumbnail_generate_prompt":"","seoaic_article_description":"","_supplier_stock_quantity":0},"product_brand":[1587],"product_model":[],"product_cat":[9556],"product_tag":[],"industry-terminology":[],"class_list":{"0":"post-54456","1":"product","2":"type-product","3":"status-publish","4":"has-post-thumbnail","6":"product_brand-axa","7":"product_cat-runkolukot","9":"first","10":"instock","11":"taxable","12":"shipping-taxable","13":"purchasable","14":"product-type-simple"},"acf":{"bike_features":null,"overview":{"copy_overview":null,"key_features":null,"statement":"","youtube_url":""}},"yoast_head":"<!-- This site is optimized with the Yoast SEO plugin v27.3 - https:\/\/yoast.com\/product\/yoast-seo-wordpress\/ -->\n<title>Runkolukko AXA Solid, hyv\u00e4ksytty - VM Sport<\/title>\n<meta name=\"robots\" content=\"index, follow, max-snippet:-1, max-image-preview:large, max-video-preview:-1\" \/>\n<link rel=\"canonical\" href=\"https:\/\/vmsport.fi\/sv\/webbutik\/tillbehor\/las\/ramlas\/ramlas-axa-solid-godkand\/\" \/>\n<meta property=\"og:locale\" content=\"sv_SE\" \/>\n<meta property=\"og:type\" content=\"article\" \/>\n<meta property=\"og:title\" content=\"Runkolukko AXA Solid, hyv\u00e4ksytty - VM Sport\" \/>\n<meta property=\"og:description\" content=\"AXA Solid -runkolukko tarjoaa erinomaisen turvallisuuden polkupy\u00f6r\u00e4llesi. Sen py\u00f6re\u00e4ss\u00e4, mustassa muotoilussa yhdistyv\u00e4t tyylikkyys ja k\u00e4yt\u00e4nn\u00f6llisyys. T\u00e4m\u00e4 hyv\u00e4ksytty lukko toimii avaimella ja on suunniteltu erityisesti suojaamaan polkupy\u00f6ri\u00e4 varkauksilta. Tuotteen luotettavuus ja kest\u00e4vyys tekev\u00e4t siit\u00e4 helppok\u00e4ytt\u00f6isen ja pitk\u00e4ik\u00e4isen ratkaisun jokap\u00e4iv\u00e4iseen k\u00e4ytt\u00f6\u00f6n. [...]L\u00e4s mer \u2026 from Runkolukko AXA Solid, hyv\u00e4ksytty\" \/>\n<meta property=\"og:url\" content=\"https:\/\/vmsport.fi\/sv\/webbutik\/tillbehor\/las\/ramlas\/ramlas-axa-solid-godkand\/\" \/>\n<meta property=\"og:site_name\" content=\"VM Sport\" \/>\n<meta property=\"article:publisher\" content=\"https:\/\/www.facebook.com\/Vmsport.fi\/\" \/>\n<meta property=\"article:modified_time\" content=\"2026-01-17T00:00:10+00:00\" \/>\n<meta property=\"og:image\" content=\"https:\/\/vmsport.fi\/wp-content\/uploads\/2025\/03\/51105095-1.jpg\" \/>\n\t<meta property=\"og:image:width\" content=\"1000\" \/>\n\t<meta property=\"og:image:height\" content=\"1000\" \/>\n\t<meta property=\"og:image:type\" content=\"image\/jpeg\" \/>\n<meta name=\"twitter:card\" content=\"summary_large_image\" \/>\n<script type=\"application\/ld+json\" class=\"yoast-schema-graph\">{\"@context\":\"https:\\\/\\\/schema.org\",\"@graph\":[{\"@type\":[\"WebPage\",\"ItemPage\"],\"@id\":\"https:\\\/\\\/vmsport.fi\\\/verkkokauppa\\\/tarvikkeet\\\/lukot\\\/runkolukot\\\/runkolukko-axa-solid-hyvaksytty\\\/\",\"url\":\"https:\\\/\\\/vmsport.fi\\\/verkkokauppa\\\/tarvikkeet\\\/lukot\\\/runkolukot\\\/runkolukko-axa-solid-hyvaksytty\\\/\",\"name\":\"Runkolukko AXA Solid, hyv\u00e4ksytty - VM Sport\",\"isPartOf\":{\"@id\":\"https:\\\/\\\/vmsport.fi\\\/#website\"},\"primaryImageOfPage\":{\"@id\":\"https:\\\/\\\/vmsport.fi\\\/verkkokauppa\\\/tarvikkeet\\\/lukot\\\/runkolukot\\\/runkolukko-axa-solid-hyvaksytty\\\/#primaryimage\"},\"image\":{\"@id\":\"https:\\\/\\\/vmsport.fi\\\/verkkokauppa\\\/tarvikkeet\\\/lukot\\\/runkolukot\\\/runkolukko-axa-solid-hyvaksytty\\\/#primaryimage\"},\"thumbnailUrl\":\"https:\\\/\\\/vmsport.fi\\\/wp-content\\\/uploads\\\/2025\\\/03\\\/51105095-1.jpg\",\"datePublished\":\"2025-03-05T21:53:56+00:00\",\"dateModified\":\"2026-01-17T00:00:10+00:00\",\"breadcrumb\":{\"@id\":\"https:\\\/\\\/vmsport.fi\\\/verkkokauppa\\\/tarvikkeet\\\/lukot\\\/runkolukot\\\/runkolukko-axa-solid-hyvaksytty\\\/#breadcrumb\"},\"inLanguage\":\"sv-SE\",\"potentialAction\":[{\"@type\":\"ReadAction\",\"target\":[\"https:\\\/\\\/vmsport.fi\\\/verkkokauppa\\\/tarvikkeet\\\/lukot\\\/runkolukot\\\/runkolukko-axa-solid-hyvaksytty\\\/\"]}]},{\"@type\":\"ImageObject\",\"inLanguage\":\"sv-SE\",\"@id\":\"https:\\\/\\\/vmsport.fi\\\/verkkokauppa\\\/tarvikkeet\\\/lukot\\\/runkolukot\\\/runkolukko-axa-solid-hyvaksytty\\\/#primaryimage\",\"url\":\"https:\\\/\\\/vmsport.fi\\\/wp-content\\\/uploads\\\/2025\\\/03\\\/51105095-1.jpg\",\"contentUrl\":\"https:\\\/\\\/vmsport.fi\\\/wp-content\\\/uploads\\\/2025\\\/03\\\/51105095-1.jpg\",\"width\":1000,\"height\":1000,\"caption\":\"51105095\"},{\"@type\":\"BreadcrumbList\",\"@id\":\"https:\\\/\\\/vmsport.fi\\\/verkkokauppa\\\/tarvikkeet\\\/lukot\\\/runkolukot\\\/runkolukko-axa-solid-hyvaksytty\\\/#breadcrumb\",\"itemListElement\":[{\"@type\":\"ListItem\",\"position\":1,\"name\":\"Etusivu\",\"item\":\"https:\\\/\\\/vmsport.fi\\\/\"},{\"@type\":\"ListItem\",\"position\":2,\"name\":\"Online Store\",\"item\":\"https:\\\/\\\/vmsport.fi\\\/en\\\/online-store\\\/\"},{\"@type\":\"ListItem\",\"position\":3,\"name\":\"Runkolukko AXA Solid, hyv\u00e4ksytty\"}]},{\"@type\":\"WebSite\",\"@id\":\"https:\\\/\\\/vmsport.fi\\\/#website\",\"url\":\"https:\\\/\\\/vmsport.fi\\\/\",\"name\":\"Vmsport\",\"description\":\"Kaikki py\u00f6r\u00e4ilyyn yhdest\u00e4 paikasta\",\"publisher\":{\"@id\":\"https:\\\/\\\/vmsport.fi\\\/#organization\"},\"potentialAction\":[{\"@type\":\"SearchAction\",\"target\":{\"@type\":\"EntryPoint\",\"urlTemplate\":\"https:\\\/\\\/vmsport.fi\\\/?s={search_term_string}\"},\"query-input\":{\"@type\":\"PropertyValueSpecification\",\"valueRequired\":true,\"valueName\":\"search_term_string\"}}],\"inLanguage\":\"sv-SE\"},{\"@type\":\"Organization\",\"@id\":\"https:\\\/\\\/vmsport.fi\\\/#organization\",\"name\":\"Vmsport\",\"url\":\"https:\\\/\\\/vmsport.fi\\\/\",\"logo\":{\"@type\":\"ImageObject\",\"inLanguage\":\"sv-SE\",\"@id\":\"https:\\\/\\\/vmsport.fi\\\/#\\\/schema\\\/logo\\\/image\\\/\",\"url\":\"https:\\\/\\\/vmsport.fi\\\/wp-content\\\/uploads\\\/2024\\\/12\\\/vm_sport_RGB_horisontal-e1734526017575.png\",\"contentUrl\":\"https:\\\/\\\/vmsport.fi\\\/wp-content\\\/uploads\\\/2024\\\/12\\\/vm_sport_RGB_horisontal-e1734526017575.png\",\"width\":668,\"height\":85,\"caption\":\"Vmsport\"},\"image\":{\"@id\":\"https:\\\/\\\/vmsport.fi\\\/#\\\/schema\\\/logo\\\/image\\\/\"},\"sameAs\":[\"https:\\\/\\\/www.facebook.com\\\/Vmsport.fi\\\/\",\"https:\\\/\\\/www.instagram.com\\\/vmsport\\\/\"]}]}<\/script>\n<!-- \/ Yoast SEO plugin. -->","yoast_head_json":{"title":"AXA Solid raml\u00e5s, godk\u00e4nt - VM Sport","robots":{"index":"index","follow":"follow","max-snippet":"max-snippet:-1","max-image-preview":"max-image-preview:large","max-video-preview":"max-video-preview:-1"},"canonical":"https:\/\/vmsport.fi\/sv\/webbutik\/tillbehor\/las\/ramlas\/ramlas-axa-solid-godkand\/","og_locale":"sv_SE","og_type":"article","og_title":"Runkolukko AXA Solid, hyv\u00e4ksytty - VM Sport","og_description":"AXA Solid -runkolukko tarjoaa erinomaisen turvallisuuden polkupy\u00f6r\u00e4llesi. Sen py\u00f6re\u00e4ss\u00e4, mustassa muotoilussa yhdistyv\u00e4t tyylikkyys ja k\u00e4yt\u00e4nn\u00f6llisyys. T\u00e4m\u00e4 hyv\u00e4ksytty lukko toimii avaimella ja on suunniteltu erityisesti suojaamaan polkupy\u00f6ri\u00e4 varkauksilta. Tuotteen luotettavuus ja kest\u00e4vyys tekev\u00e4t siit\u00e4 helppok\u00e4ytt\u00f6isen ja pitk\u00e4ik\u00e4isen ratkaisun jokap\u00e4iv\u00e4iseen k\u00e4ytt\u00f6\u00f6n. [...]L\u00e4s mer \u2026 from Runkolukko AXA Solid, hyv\u00e4ksytty","og_url":"https:\/\/vmsport.fi\/sv\/webbutik\/tillbehor\/las\/ramlas\/ramlas-axa-solid-godkand\/","og_site_name":"VM Sport","article_publisher":"https:\/\/www.facebook.com\/Vmsport.fi\/","article_modified_time":"2026-01-17T00:00:10+00:00","og_image":[{"width":1000,"height":1000,"url":"https:\/\/vmsport.fi\/wp-content\/uploads\/2025\/03\/51105095-1.jpg","type":"image\/jpeg"}],"twitter_card":"summary_large_image","schema":{"@context":"https:\/\/schema.org","@graph":[{"@type":["WebPage","ItemPage"],"@id":"https:\/\/vmsport.fi\/verkkokauppa\/tarvikkeet\/lukot\/runkolukot\/runkolukko-axa-solid-hyvaksytty\/","url":"https:\/\/vmsport.fi\/verkkokauppa\/tarvikkeet\/lukot\/runkolukot\/runkolukko-axa-solid-hyvaksytty\/","name":"AXA Solid raml\u00e5s, godk\u00e4nt - VM Sport","isPartOf":{"@id":"https:\/\/vmsport.fi\/#website"},"primaryImageOfPage":{"@id":"https:\/\/vmsport.fi\/verkkokauppa\/tarvikkeet\/lukot\/runkolukot\/runkolukko-axa-solid-hyvaksytty\/#primaryimage"},"image":{"@id":"https:\/\/vmsport.fi\/verkkokauppa\/tarvikkeet\/lukot\/runkolukot\/runkolukko-axa-solid-hyvaksytty\/#primaryimage"},"thumbnailUrl":"https:\/\/vmsport.fi\/wp-content\/uploads\/2025\/03\/51105095-1.jpg","datePublished":"2025-03-05T21:53:56+00:00","dateModified":"2026-01-17T00:00:10+00:00","breadcrumb":{"@id":"https:\/\/vmsport.fi\/verkkokauppa\/tarvikkeet\/lukot\/runkolukot\/runkolukko-axa-solid-hyvaksytty\/#breadcrumb"},"inLanguage":"sv-SE","potentialAction":[{"@type":"ReadAction","target":["https:\/\/vmsport.fi\/verkkokauppa\/tarvikkeet\/lukot\/runkolukot\/runkolukko-axa-solid-hyvaksytty\/"]}]},{"@type":"ImageObject","inLanguage":"sv-SE","@id":"https:\/\/vmsport.fi\/verkkokauppa\/tarvikkeet\/lukot\/runkolukot\/runkolukko-axa-solid-hyvaksytty\/#primaryimage","url":"https:\/\/vmsport.fi\/wp-content\/uploads\/2025\/03\/51105095-1.jpg","contentUrl":"https:\/\/vmsport.fi\/wp-content\/uploads\/2025\/03\/51105095-1.jpg","width":1000,"height":1000,"caption":"51105095"},{"@type":"BreadcrumbList","@id":"https:\/\/vmsport.fi\/verkkokauppa\/tarvikkeet\/lukot\/runkolukot\/runkolukko-axa-solid-hyvaksytty\/#breadcrumb","itemListElement":[{"@type":"ListItem","position":1,"name":"Etusivu","item":"https:\/\/vmsport.fi\/"},{"@type":"ListItem","position":2,"name":"Online Store","item":"https:\/\/vmsport.fi\/en\/online-store\/"},{"@type":"ListItem","position":3,"name":"Runkolukko AXA Solid, hyv\u00e4ksytty"}]},{"@type":"WebSite","@id":"https:\/\/vmsport.fi\/#website","url":"https:\/\/vmsport.fi\/","name":"Vmsport","description":"Allt p\u00e5 ett st\u00e4lle f\u00f6r cykling","publisher":{"@id":"https:\/\/vmsport.fi\/#organization"},"potentialAction":[{"@type":"SearchAction","target":{"@type":"EntryPoint","urlTemplate":"https:\/\/vmsport.fi\/?s={search_term_string}"},"query-input":{"@type":"PropertyValueSpecification","valueRequired":true,"valueName":"search_term_string"}}],"inLanguage":"sv-SE"},{"@type":"Organization","@id":"https:\/\/vmsport.fi\/#organization","name":"Vmsport","url":"https:\/\/vmsport.fi\/","logo":{"@type":"ImageObject","inLanguage":"sv-SE","@id":"https:\/\/vmsport.fi\/#\/schema\/logo\/image\/","url":"https:\/\/vmsport.fi\/wp-content\/uploads\/2024\/12\/vm_sport_RGB_horisontal-e1734526017575.png","contentUrl":"https:\/\/vmsport.fi\/wp-content\/uploads\/2024\/12\/vm_sport_RGB_horisontal-e1734526017575.png","width":668,"height":85,"caption":"Vmsport"},"image":{"@id":"https:\/\/vmsport.fi\/#\/schema\/logo\/image\/"},"sameAs":["https:\/\/www.facebook.com\/Vmsport.fi\/","https:\/\/www.instagram.com\/vmsport\/"]}]}},"global_unique_id":"","_links":{"self":[{"href":"https:\/\/vmsport.fi\/sv\/wp-json\/wp\/v2\/product\/54456","targetHints":{"allow":["GET"]}}],"collection":[{"href":"https:\/\/vmsport.fi\/sv\/wp-json\/wp\/v2\/product"}],"about":[{"href":"https:\/\/vmsport.fi\/sv\/wp-json\/wp\/v2\/types\/product"}],"replies":[{"embeddable":true,"href":"https:\/\/vmsport.fi\/sv\/wp-json\/wp\/v2\/comments?post=54456"}],"wp:featuredmedia":[{"embeddable":true,"href":"https:\/\/vmsport.fi\/sv\/wp-json\/wp\/v2\/media\/54455"}],"wp:attachment":[{"href":"https:\/\/vmsport.fi\/sv\/wp-json\/wp\/v2\/media?parent=54456"}],"wp:term":[{"taxonomy":"product_brand","embeddable":true,"href":"https:\/\/vmsport.fi\/sv\/wp-json\/wp\/v2\/product_brand?post=54456"},{"taxonomy":"product_model","embeddable":true,"href":"https:\/\/vmsport.fi\/sv\/wp-json\/wp\/v2\/product_model?post=54456"},{"taxonomy":"product_cat","embeddable":true,"href":"https:\/\/vmsport.fi\/sv\/wp-json\/wp\/v2\/product_cat?post=54456"},{"taxonomy":"product_tag","embeddable":true,"href":"https:\/\/vmsport.fi\/sv\/wp-json\/wp\/v2\/product_tag?post=54456"},{"taxonomy":"industry_terminology","embeddable":true,"href":"https:\/\/vmsport.fi\/sv\/wp-json\/wp\/v2\/industry-terminology?post=54456"}],"curies":[{"name":"wp","href":"https:\/\/api.w.org\/{rel}","templated":true}]}}