{"id":54447,"date":"2025-03-05T23:53:52","date_gmt":"2025-03-05T21:53:52","guid":{"rendered":"https:\/\/vmsport.fi\/verkkokauppa\/Ei-luokiteltu\/fox-youth-ranger-2-5l-water-nuorten-pyorailytakki\/"},"modified":"2026-04-01T14:20:38","modified_gmt":"2026-04-01T11:20:38","slug":"fox-youth-ranger-2-5l-water-nuorten-pyorailytakki","status":"publish","type":"product","link":"https:\/\/vmsport.fi\/sv\/verkkokauppa\/ajovarusteet\/vaatteet\/takit-ja-liivit\/fox-youth-ranger-2-5l-water-nuorten-pyorailytakki\/","title":{"rendered":"FOX YOUTH RANGER 2.5L VATTEN CYKELJACKA F\u00d6R UNGDOMAR"},"content":{"rendered":"<p>FOX Youth Ranger 2.5L -py\u00f6r\u00e4ilytakki tarjoaa nuorille py\u00f6r\u00e4ilij\u00f6ille erinomaisen suojan s\u00e4\u00e4olosuhteilta. Vedenpit\u00e4v\u00e4 2.5-kerroksinen kangas pit\u00e4\u00e4 kuivana, vaikka sade yll\u00e4tt\u00e4isi. Takki hengitt\u00e4\u00e4 hyvin, mik\u00e4 tekee siit\u00e4 miellytt\u00e4v\u00e4n k\u00e4ytt\u00e4\u00e4 my\u00f6s intensiivisess\u00e4 liikkeess\u00e4. Sen kevyt rakenne ei rajoita liikkumisvapautta. Tyylik\u00e4s muotoilu yhdistyy k\u00e4yt\u00e4nn\u00f6llisyyteen, joten se on helppo yhdist\u00e4\u00e4 muihin varusteisiin. Foxin tunnettu logo edustaa laatua ja luotettavuutta.<\/p>","protected":false},"excerpt":{"rendered":"<p>FOX Youth Ranger 2.5L -py\u00f6r\u00e4ilytakki tarjoaa nuorille py\u00f6r\u00e4ilij\u00f6ille erinomaisen suojan s\u00e4\u00e4olosuhteilta. Vedenpit\u00e4v\u00e4 2.5-kerroksinen kangas pit\u00e4\u00e4 kuivana, vaikka sade yll\u00e4tt\u00e4isi. Takki hengitt\u00e4\u00e4 hyvin, mik\u00e4 tekee siit\u00e4 miellytt\u00e4v\u00e4n k\u00e4ytt\u00e4\u00e4 my\u00f6s intensiivisess\u00e4 liikkeess\u00e4. Sen kevyt rakenne ei rajoita liikkumisvapautta. Tyylik\u00e4s muotoilu yhdistyy k\u00e4yt\u00e4nn\u00f6llisyyteen, joten se on helppo yhdist\u00e4\u00e4 muihin varusteisiin. Foxin tunnettu logo edustaa laatua ja luotettavuutta. [&#8230;]<\/p>\n<p><a class=\"btn btn-secondary understrap-read-more-link\" href=\"https:\/\/vmsport.fi\/sv\/verkkokauppa\/ajovarusteet\/vaatteet\/takit-ja-liivit\/fox-youth-ranger-2-5l-water-nuorten-pyorailytakki\/\">L\u00e4s mer \u2026<span class=\"screen-reader-text\"> from FOX YOUTH RANGER 2.5L WATER NUORTEN PY\u00d6R\u00c4ILYTAKKI<\/span><\/a><\/p>\n","protected":false},"featured_media":54444,"comment_status":"open","ping_status":"closed","template":"","meta":{"_acf_changed":false,"_improvement_type_select":"improve_an_existing","_thumb_yes_seoaic":false,"_frame_yes_seoaic":false,"seoaic_generate_description":"","seoaic_improve_instructions_prompt":"","seoaic_rollback_content_improvement":"","seoaic_idea_thumbnail_generator":"","thumbnail_generated":false,"thumbnail_generate_prompt":"","seoaic_article_description":"","_supplier_stock_quantity":0},"product_brand":[45],"product_model":[],"product_cat":[9458],"product_tag":[],"industry-terminology":[],"class_list":{"0":"post-54447","1":"product","2":"type-product","3":"status-publish","4":"has-post-thumbnail","6":"product_brand-fox","7":"product_cat-takit-ja-liivit","9":"first","10":"instock","11":"sale","12":"taxable","13":"shipping-taxable","14":"purchasable","15":"product-type-variable"},"acf":{"bike_features":null,"overview":{"copy_overview":null,"key_features":null,"statement":"","youtube_url":""}},"yoast_head":"<!-- This site is optimized with the Yoast SEO plugin v27.3 - https:\/\/yoast.com\/product\/yoast-seo-wordpress\/ -->\n<title>FOX YOUTH RANGER 2.5L WATER NUORTEN PY\u00d6R\u00c4ILYTAKKI - VM Sport<\/title>\n<meta name=\"robots\" content=\"index, follow, max-snippet:-1, max-image-preview:large, max-video-preview:-1\" \/>\n<link rel=\"canonical\" href=\"https:\/\/vmsport.fi\/sv\/webbutik\/korutrustning\/klader\/jackor-och-vastar\/fox-youth-ranger-2-5l-water-nuorten-pyorailytakki\/\" \/>\n<meta property=\"og:locale\" content=\"sv_SE\" \/>\n<meta property=\"og:type\" content=\"article\" \/>\n<meta property=\"og:title\" content=\"FOX YOUTH RANGER 2.5L WATER NUORTEN PY\u00d6R\u00c4ILYTAKKI - VM Sport\" \/>\n<meta property=\"og:description\" content=\"FOX Youth Ranger 2.5L -py\u00f6r\u00e4ilytakki tarjoaa nuorille py\u00f6r\u00e4ilij\u00f6ille erinomaisen suojan s\u00e4\u00e4olosuhteilta. Vedenpit\u00e4v\u00e4 2.5-kerroksinen kangas pit\u00e4\u00e4 kuivana, vaikka sade yll\u00e4tt\u00e4isi. Takki hengitt\u00e4\u00e4 hyvin, mik\u00e4 tekee siit\u00e4 miellytt\u00e4v\u00e4n k\u00e4ytt\u00e4\u00e4 my\u00f6s intensiivisess\u00e4 liikkeess\u00e4. Sen kevyt rakenne ei rajoita liikkumisvapautta. Tyylik\u00e4s muotoilu yhdistyy k\u00e4yt\u00e4nn\u00f6llisyyteen, joten se on helppo yhdist\u00e4\u00e4 muihin varusteisiin. Foxin tunnettu logo edustaa laatua ja luotettavuutta. [...]L\u00e4s mer \u2026 from FOX YOUTH RANGER 2.5L WATER NUORTEN PY\u00d6R\u00c4ILYTAKKI\" \/>\n<meta property=\"og:url\" content=\"https:\/\/vmsport.fi\/sv\/webbutik\/korutrustning\/klader\/jackor-och-vastar\/fox-youth-ranger-2-5l-water-nuorten-pyorailytakki\/\" \/>\n<meta property=\"og:site_name\" content=\"VM Sport\" \/>\n<meta property=\"article:publisher\" content=\"https:\/\/www.facebook.com\/Vmsport.fi\/\" \/>\n<meta property=\"article:modified_time\" content=\"2026-04-01T11:20:38+00:00\" \/>\n<meta property=\"og:image\" content=\"https:\/\/vmsport.fi\/wp-content\/uploads\/2025\/03\/30123-490-1-1.png\" \/>\n\t<meta property=\"og:image:width\" content=\"744\" \/>\n\t<meta property=\"og:image:height\" content=\"1000\" \/>\n\t<meta property=\"og:image:type\" content=\"image\/png\" \/>\n<meta name=\"twitter:card\" content=\"summary_large_image\" \/>\n<script type=\"application\/ld+json\" class=\"yoast-schema-graph\">{\"@context\":\"https:\\\/\\\/schema.org\",\"@graph\":[{\"@type\":[\"WebPage\",\"ItemPage\"],\"@id\":\"https:\\\/\\\/vmsport.fi\\\/verkkokauppa\\\/ajovarusteet\\\/vaatteet\\\/takit-ja-liivit\\\/fox-youth-ranger-2-5l-water-nuorten-pyorailytakki\\\/\",\"url\":\"https:\\\/\\\/vmsport.fi\\\/verkkokauppa\\\/ajovarusteet\\\/vaatteet\\\/takit-ja-liivit\\\/fox-youth-ranger-2-5l-water-nuorten-pyorailytakki\\\/\",\"name\":\"FOX YOUTH RANGER 2.5L WATER NUORTEN PY\u00d6R\u00c4ILYTAKKI - VM Sport\",\"isPartOf\":{\"@id\":\"https:\\\/\\\/vmsport.fi\\\/#website\"},\"primaryImageOfPage\":{\"@id\":\"https:\\\/\\\/vmsport.fi\\\/verkkokauppa\\\/ajovarusteet\\\/vaatteet\\\/takit-ja-liivit\\\/fox-youth-ranger-2-5l-water-nuorten-pyorailytakki\\\/#primaryimage\"},\"image\":{\"@id\":\"https:\\\/\\\/vmsport.fi\\\/verkkokauppa\\\/ajovarusteet\\\/vaatteet\\\/takit-ja-liivit\\\/fox-youth-ranger-2-5l-water-nuorten-pyorailytakki\\\/#primaryimage\"},\"thumbnailUrl\":\"https:\\\/\\\/vmsport.fi\\\/wp-content\\\/uploads\\\/2025\\\/03\\\/30123-490-1-1.png\",\"datePublished\":\"2025-03-05T21:53:52+00:00\",\"dateModified\":\"2026-04-01T11:20:38+00:00\",\"breadcrumb\":{\"@id\":\"https:\\\/\\\/vmsport.fi\\\/verkkokauppa\\\/ajovarusteet\\\/vaatteet\\\/takit-ja-liivit\\\/fox-youth-ranger-2-5l-water-nuorten-pyorailytakki\\\/#breadcrumb\"},\"inLanguage\":\"sv-SE\",\"potentialAction\":[{\"@type\":\"ReadAction\",\"target\":[\"https:\\\/\\\/vmsport.fi\\\/verkkokauppa\\\/ajovarusteet\\\/vaatteet\\\/takit-ja-liivit\\\/fox-youth-ranger-2-5l-water-nuorten-pyorailytakki\\\/\"]}]},{\"@type\":\"ImageObject\",\"inLanguage\":\"sv-SE\",\"@id\":\"https:\\\/\\\/vmsport.fi\\\/verkkokauppa\\\/ajovarusteet\\\/vaatteet\\\/takit-ja-liivit\\\/fox-youth-ranger-2-5l-water-nuorten-pyorailytakki\\\/#primaryimage\",\"url\":\"https:\\\/\\\/vmsport.fi\\\/wp-content\\\/uploads\\\/2025\\\/03\\\/30123-490-1-1.png\",\"contentUrl\":\"https:\\\/\\\/vmsport.fi\\\/wp-content\\\/uploads\\\/2025\\\/03\\\/30123-490-1-1.png\",\"width\":744,\"height\":1000,\"caption\":\"30123-490-1\"},{\"@type\":\"BreadcrumbList\",\"@id\":\"https:\\\/\\\/vmsport.fi\\\/verkkokauppa\\\/ajovarusteet\\\/vaatteet\\\/takit-ja-liivit\\\/fox-youth-ranger-2-5l-water-nuorten-pyorailytakki\\\/#breadcrumb\",\"itemListElement\":[{\"@type\":\"ListItem\",\"position\":1,\"name\":\"Etusivu\",\"item\":\"https:\\\/\\\/vmsport.fi\\\/\"},{\"@type\":\"ListItem\",\"position\":2,\"name\":\"Online Store\",\"item\":\"https:\\\/\\\/vmsport.fi\\\/en\\\/online-store\\\/\"},{\"@type\":\"ListItem\",\"position\":3,\"name\":\"FOX YOUTH RANGER 2.5L WATER NUORTEN PY\u00d6R\u00c4ILYTAKKI\"}]},{\"@type\":\"WebSite\",\"@id\":\"https:\\\/\\\/vmsport.fi\\\/#website\",\"url\":\"https:\\\/\\\/vmsport.fi\\\/\",\"name\":\"Vmsport\",\"description\":\"Kaikki py\u00f6r\u00e4ilyyn yhdest\u00e4 paikasta\",\"publisher\":{\"@id\":\"https:\\\/\\\/vmsport.fi\\\/#organization\"},\"potentialAction\":[{\"@type\":\"SearchAction\",\"target\":{\"@type\":\"EntryPoint\",\"urlTemplate\":\"https:\\\/\\\/vmsport.fi\\\/?s={search_term_string}\"},\"query-input\":{\"@type\":\"PropertyValueSpecification\",\"valueRequired\":true,\"valueName\":\"search_term_string\"}}],\"inLanguage\":\"sv-SE\"},{\"@type\":\"Organization\",\"@id\":\"https:\\\/\\\/vmsport.fi\\\/#organization\",\"name\":\"Vmsport\",\"url\":\"https:\\\/\\\/vmsport.fi\\\/\",\"logo\":{\"@type\":\"ImageObject\",\"inLanguage\":\"sv-SE\",\"@id\":\"https:\\\/\\\/vmsport.fi\\\/#\\\/schema\\\/logo\\\/image\\\/\",\"url\":\"https:\\\/\\\/vmsport.fi\\\/wp-content\\\/uploads\\\/2024\\\/12\\\/vm_sport_RGB_horisontal-e1734526017575.png\",\"contentUrl\":\"https:\\\/\\\/vmsport.fi\\\/wp-content\\\/uploads\\\/2024\\\/12\\\/vm_sport_RGB_horisontal-e1734526017575.png\",\"width\":668,\"height\":85,\"caption\":\"Vmsport\"},\"image\":{\"@id\":\"https:\\\/\\\/vmsport.fi\\\/#\\\/schema\\\/logo\\\/image\\\/\"},\"sameAs\":[\"https:\\\/\\\/www.facebook.com\\\/Vmsport.fi\\\/\",\"https:\\\/\\\/www.instagram.com\\\/vmsport\\\/\"]}]}<\/script>\n<!-- \/ Yoast SEO plugin. -->","yoast_head_json":{"title":"FOX YOUTH RANGER 2.5L WATER NUORTEN PY\u00d6R\u00c4ILYTAKKI - VM Sport","robots":{"index":"index","follow":"follow","max-snippet":"max-snippet:-1","max-image-preview":"max-image-preview:large","max-video-preview":"max-video-preview:-1"},"canonical":"https:\/\/vmsport.fi\/sv\/webbutik\/korutrustning\/klader\/jackor-och-vastar\/fox-youth-ranger-2-5l-water-nuorten-pyorailytakki\/","og_locale":"sv_SE","og_type":"article","og_title":"FOX YOUTH RANGER 2.5L WATER NUORTEN PY\u00d6R\u00c4ILYTAKKI - VM Sport","og_description":"FOX Youth Ranger 2.5L -py\u00f6r\u00e4ilytakki tarjoaa nuorille py\u00f6r\u00e4ilij\u00f6ille erinomaisen suojan s\u00e4\u00e4olosuhteilta. Vedenpit\u00e4v\u00e4 2.5-kerroksinen kangas pit\u00e4\u00e4 kuivana, vaikka sade yll\u00e4tt\u00e4isi. Takki hengitt\u00e4\u00e4 hyvin, mik\u00e4 tekee siit\u00e4 miellytt\u00e4v\u00e4n k\u00e4ytt\u00e4\u00e4 my\u00f6s intensiivisess\u00e4 liikkeess\u00e4. Sen kevyt rakenne ei rajoita liikkumisvapautta. Tyylik\u00e4s muotoilu yhdistyy k\u00e4yt\u00e4nn\u00f6llisyyteen, joten se on helppo yhdist\u00e4\u00e4 muihin varusteisiin. Foxin tunnettu logo edustaa laatua ja luotettavuutta. [...]L\u00e4s mer \u2026 from FOX YOUTH RANGER 2.5L WATER NUORTEN PY\u00d6R\u00c4ILYTAKKI","og_url":"https:\/\/vmsport.fi\/sv\/webbutik\/korutrustning\/klader\/jackor-och-vastar\/fox-youth-ranger-2-5l-water-nuorten-pyorailytakki\/","og_site_name":"VM Sport","article_publisher":"https:\/\/www.facebook.com\/Vmsport.fi\/","article_modified_time":"2026-04-01T11:20:38+00:00","og_image":[{"width":744,"height":1000,"url":"https:\/\/vmsport.fi\/wp-content\/uploads\/2025\/03\/30123-490-1-1.png","type":"image\/png"}],"twitter_card":"summary_large_image","schema":{"@context":"https:\/\/schema.org","@graph":[{"@type":["WebPage","ItemPage"],"@id":"https:\/\/vmsport.fi\/verkkokauppa\/ajovarusteet\/vaatteet\/takit-ja-liivit\/fox-youth-ranger-2-5l-water-nuorten-pyorailytakki\/","url":"https:\/\/vmsport.fi\/verkkokauppa\/ajovarusteet\/vaatteet\/takit-ja-liivit\/fox-youth-ranger-2-5l-water-nuorten-pyorailytakki\/","name":"FOX YOUTH RANGER 2.5L WATER NUORTEN PY\u00d6R\u00c4ILYTAKKI - VM Sport","isPartOf":{"@id":"https:\/\/vmsport.fi\/#website"},"primaryImageOfPage":{"@id":"https:\/\/vmsport.fi\/verkkokauppa\/ajovarusteet\/vaatteet\/takit-ja-liivit\/fox-youth-ranger-2-5l-water-nuorten-pyorailytakki\/#primaryimage"},"image":{"@id":"https:\/\/vmsport.fi\/verkkokauppa\/ajovarusteet\/vaatteet\/takit-ja-liivit\/fox-youth-ranger-2-5l-water-nuorten-pyorailytakki\/#primaryimage"},"thumbnailUrl":"https:\/\/vmsport.fi\/wp-content\/uploads\/2025\/03\/30123-490-1-1.png","datePublished":"2025-03-05T21:53:52+00:00","dateModified":"2026-04-01T11:20:38+00:00","breadcrumb":{"@id":"https:\/\/vmsport.fi\/verkkokauppa\/ajovarusteet\/vaatteet\/takit-ja-liivit\/fox-youth-ranger-2-5l-water-nuorten-pyorailytakki\/#breadcrumb"},"inLanguage":"sv-SE","potentialAction":[{"@type":"ReadAction","target":["https:\/\/vmsport.fi\/verkkokauppa\/ajovarusteet\/vaatteet\/takit-ja-liivit\/fox-youth-ranger-2-5l-water-nuorten-pyorailytakki\/"]}]},{"@type":"ImageObject","inLanguage":"sv-SE","@id":"https:\/\/vmsport.fi\/verkkokauppa\/ajovarusteet\/vaatteet\/takit-ja-liivit\/fox-youth-ranger-2-5l-water-nuorten-pyorailytakki\/#primaryimage","url":"https:\/\/vmsport.fi\/wp-content\/uploads\/2025\/03\/30123-490-1-1.png","contentUrl":"https:\/\/vmsport.fi\/wp-content\/uploads\/2025\/03\/30123-490-1-1.png","width":744,"height":1000,"caption":"30123-490-1"},{"@type":"BreadcrumbList","@id":"https:\/\/vmsport.fi\/verkkokauppa\/ajovarusteet\/vaatteet\/takit-ja-liivit\/fox-youth-ranger-2-5l-water-nuorten-pyorailytakki\/#breadcrumb","itemListElement":[{"@type":"ListItem","position":1,"name":"Etusivu","item":"https:\/\/vmsport.fi\/"},{"@type":"ListItem","position":2,"name":"Online Store","item":"https:\/\/vmsport.fi\/en\/online-store\/"},{"@type":"ListItem","position":3,"name":"FOX YOUTH RANGER 2.5L WATER NUORTEN PY\u00d6R\u00c4ILYTAKKI"}]},{"@type":"WebSite","@id":"https:\/\/vmsport.fi\/#website","url":"https:\/\/vmsport.fi\/","name":"Vmsport","description":"Allt p\u00e5 ett st\u00e4lle f\u00f6r cykling","publisher":{"@id":"https:\/\/vmsport.fi\/#organization"},"potentialAction":[{"@type":"SearchAction","target":{"@type":"EntryPoint","urlTemplate":"https:\/\/vmsport.fi\/?s={search_term_string}"},"query-input":{"@type":"PropertyValueSpecification","valueRequired":true,"valueName":"search_term_string"}}],"inLanguage":"sv-SE"},{"@type":"Organization","@id":"https:\/\/vmsport.fi\/#organization","name":"Vmsport","url":"https:\/\/vmsport.fi\/","logo":{"@type":"ImageObject","inLanguage":"sv-SE","@id":"https:\/\/vmsport.fi\/#\/schema\/logo\/image\/","url":"https:\/\/vmsport.fi\/wp-content\/uploads\/2024\/12\/vm_sport_RGB_horisontal-e1734526017575.png","contentUrl":"https:\/\/vmsport.fi\/wp-content\/uploads\/2024\/12\/vm_sport_RGB_horisontal-e1734526017575.png","width":668,"height":85,"caption":"Vmsport"},"image":{"@id":"https:\/\/vmsport.fi\/#\/schema\/logo\/image\/"},"sameAs":["https:\/\/www.facebook.com\/Vmsport.fi\/","https:\/\/www.instagram.com\/vmsport\/"]}]}},"global_unique_id":"","_links":{"self":[{"href":"https:\/\/vmsport.fi\/sv\/wp-json\/wp\/v2\/product\/54447","targetHints":{"allow":["GET"]}}],"collection":[{"href":"https:\/\/vmsport.fi\/sv\/wp-json\/wp\/v2\/product"}],"about":[{"href":"https:\/\/vmsport.fi\/sv\/wp-json\/wp\/v2\/types\/product"}],"replies":[{"embeddable":true,"href":"https:\/\/vmsport.fi\/sv\/wp-json\/wp\/v2\/comments?post=54447"}],"wp:featuredmedia":[{"embeddable":true,"href":"https:\/\/vmsport.fi\/sv\/wp-json\/wp\/v2\/media\/54444"}],"wp:attachment":[{"href":"https:\/\/vmsport.fi\/sv\/wp-json\/wp\/v2\/media?parent=54447"}],"wp:term":[{"taxonomy":"product_brand","embeddable":true,"href":"https:\/\/vmsport.fi\/sv\/wp-json\/wp\/v2\/product_brand?post=54447"},{"taxonomy":"product_model","embeddable":true,"href":"https:\/\/vmsport.fi\/sv\/wp-json\/wp\/v2\/product_model?post=54447"},{"taxonomy":"product_cat","embeddable":true,"href":"https:\/\/vmsport.fi\/sv\/wp-json\/wp\/v2\/product_cat?post=54447"},{"taxonomy":"product_tag","embeddable":true,"href":"https:\/\/vmsport.fi\/sv\/wp-json\/wp\/v2\/product_tag?post=54447"},{"taxonomy":"industry_terminology","embeddable":true,"href":"https:\/\/vmsport.fi\/sv\/wp-json\/wp\/v2\/industry-terminology?post=54447"}],"curies":[{"name":"wp","href":"https:\/\/api.w.org\/{rel}","templated":true}]}}