{"id":54431,"date":"2025-03-05T23:53:35","date_gmt":"2025-03-05T21:53:35","guid":{"rendered":"https:\/\/vmsport.fi\/verkkokauppa\/Ei-luokiteltu\/v-jarru-alivio-t4000-taka\/"},"modified":"2026-01-16T13:23:16","modified_gmt":"2026-01-16T11:23:16","slug":"v-broms-alivio-t4000-bak","status":"publish","type":"product","link":"https:\/\/vmsport.fi\/sv\/verkkokauppa\/varaosat\/jarrut\/v-jarru-alivio-t4000-taka\/","title":{"rendered":"V-Jarru Alivio T4000 Taka"},"content":{"rendered":"<p>Shimano Alivio T4000 \u00e4r ett p\u00e5litligt V-brake bakre bromsok som \u00e4r utformat f\u00f6r att ge effektiv bromsprestanda f\u00f6r cykelentusiaster. Den eleganta svarta finishen \u00e4r perfekt f\u00f6r moderna cyklar och den h\u00e5llbara konstruktionen garanterar l\u00e5ng livsl\u00e4ngd. Den h\u00e4r bromskomponenten ger exakt kontroll \u00e4ven under utmanande f\u00f6rh\u00e5llanden, vilket g\u00f6r den till ett perfekt val f\u00f6r b\u00e5de fritidscykling och mer kr\u00e4vande anv\u00e4ndning. Den innovativa tekniken i Alivio-serien kombinerar enast\u00e5ende prestanda med enkel installation och underh\u00e5ll, vilket g\u00f6r den till ett attraktivt alternativ f\u00f6r kr\u00e4vande cyklister som v\u00e4rdes\u00e4tter kvalitet och tillf\u00f6rlitlighet p\u00e5 sina resor.<\/p>","protected":false},"excerpt":{"rendered":"<p>Shimano Alivio T4000 on luotettava V-jarrujen takasatula, joka on suunniteltu tarjoamaan tehokasta jarrutuskyky\u00e4 py\u00f6r\u00e4ilyharrastajille. Sen tyylik\u00e4s musta viimeistely sopii t\u00e4ydellisesti moderniin polkupy\u00f6r\u00e4\u00e4n, ja kest\u00e4v\u00e4rakenteinen jarru varmistaa pitk\u00e4ik\u00e4isyyden. T\u00e4m\u00e4 jarrukomponentti mahdollistaa tarkan hallinnan haastavissakin ajo-olosuhteissa, joten se on ihanteellinen valinta sek\u00e4 vapaa-ajan ett\u00e4 vaativampaan k\u00e4ytt\u00f6\u00f6n. Alivio-sarjan innovatiivinen tekniikka yhdist\u00e4\u00e4 erinomaisen suorituskyvyn helppoon asennukseen ja huoltoon, tehden [&#8230;]<\/p>\n<p><a class=\"btn btn-secondary understrap-read-more-link\" href=\"https:\/\/vmsport.fi\/sv\/verkkokauppa\/varaosat\/jarrut\/v-jarru-alivio-t4000-taka\/\">L\u00e4s mer \u2026<span class=\"screen-reader-text\"> from V-Jarru Alivio T4000 Taka<\/span><\/a><\/p>\n","protected":false},"featured_media":54429,"comment_status":"open","ping_status":"closed","template":"","meta":{"_acf_changed":false,"_improvement_type_select":"improve_an_existing","_thumb_yes_seoaic":false,"_frame_yes_seoaic":false,"seoaic_generate_description":"","seoaic_improve_instructions_prompt":"","seoaic_rollback_content_improvement":"","seoaic_idea_thumbnail_generator":"","thumbnail_generated":false,"thumbnail_generate_prompt":"","seoaic_article_description":"","_supplier_stock_quantity":0},"product_brand":[],"product_model":[],"product_cat":[9254],"product_tag":[],"industry-terminology":[],"class_list":{"0":"post-54431","1":"product","2":"type-product","3":"status-publish","4":"has-post-thumbnail","6":"product_cat-jarrut","8":"first","9":"outofstock","10":"taxable","11":"shipping-taxable","12":"product-type-simple"},"acf":{"bike_features":null,"overview":{"copy_overview":null,"key_features":null,"statement":"","youtube_url":""}},"yoast_head":"<!-- This site is optimized with the Yoast SEO plugin v27.3 - https:\/\/yoast.com\/product\/yoast-seo-wordpress\/ -->\n<title>V-Jarru Alivio T4000 Taka - VM Sport<\/title>\n<meta name=\"robots\" content=\"index, follow, max-snippet:-1, max-image-preview:large, max-video-preview:-1\" \/>\n<link rel=\"canonical\" href=\"https:\/\/vmsport.fi\/sv\/webbutik\/reservdelar\/bromsar\/v-broms-alivio-t4000-bak\/\" \/>\n<meta property=\"og:locale\" content=\"sv_SE\" \/>\n<meta property=\"og:type\" content=\"article\" \/>\n<meta property=\"og:title\" content=\"V-Jarru Alivio T4000 Taka - VM Sport\" \/>\n<meta property=\"og:description\" content=\"Shimano Alivio T4000 on luotettava V-jarrujen takasatula, joka on suunniteltu tarjoamaan tehokasta jarrutuskyky\u00e4 py\u00f6r\u00e4ilyharrastajille. Sen tyylik\u00e4s musta viimeistely sopii t\u00e4ydellisesti moderniin polkupy\u00f6r\u00e4\u00e4n, ja kest\u00e4v\u00e4rakenteinen jarru varmistaa pitk\u00e4ik\u00e4isyyden. T\u00e4m\u00e4 jarrukomponentti mahdollistaa tarkan hallinnan haastavissakin ajo-olosuhteissa, joten se on ihanteellinen valinta sek\u00e4 vapaa-ajan ett\u00e4 vaativampaan k\u00e4ytt\u00f6\u00f6n. Alivio-sarjan innovatiivinen tekniikka yhdist\u00e4\u00e4 erinomaisen suorituskyvyn helppoon asennukseen ja huoltoon, tehden [...]L\u00e4s mer \u2026 from V-Jarru Alivio T4000 Taka\" \/>\n<meta property=\"og:url\" content=\"https:\/\/vmsport.fi\/sv\/webbutik\/reservdelar\/bromsar\/v-broms-alivio-t4000-bak\/\" \/>\n<meta property=\"og:site_name\" content=\"VM Sport\" \/>\n<meta property=\"article:publisher\" content=\"https:\/\/www.facebook.com\/Vmsport.fi\/\" \/>\n<meta property=\"article:modified_time\" content=\"2026-01-16T11:23:16+00:00\" \/>\n<meta property=\"og:image\" content=\"https:\/\/vmsport.fi\/wp-content\/uploads\/2025\/03\/20170817-BR-T4000-F-L-S1-2-1.jpg\" \/>\n\t<meta property=\"og:image:width\" content=\"600\" \/>\n\t<meta property=\"og:image:height\" content=\"600\" \/>\n\t<meta property=\"og:image:type\" content=\"image\/jpeg\" \/>\n<meta name=\"twitter:card\" content=\"summary_large_image\" \/>\n<script type=\"application\/ld+json\" class=\"yoast-schema-graph\">{\"@context\":\"https:\\\/\\\/schema.org\",\"@graph\":[{\"@type\":[\"WebPage\",\"ItemPage\"],\"@id\":\"https:\\\/\\\/vmsport.fi\\\/verkkokauppa\\\/varaosat\\\/jarrut\\\/v-jarru-alivio-t4000-taka\\\/\",\"url\":\"https:\\\/\\\/vmsport.fi\\\/verkkokauppa\\\/varaosat\\\/jarrut\\\/v-jarru-alivio-t4000-taka\\\/\",\"name\":\"V-Jarru Alivio T4000 Taka - VM Sport\",\"isPartOf\":{\"@id\":\"https:\\\/\\\/vmsport.fi\\\/#website\"},\"primaryImageOfPage\":{\"@id\":\"https:\\\/\\\/vmsport.fi\\\/verkkokauppa\\\/varaosat\\\/jarrut\\\/v-jarru-alivio-t4000-taka\\\/#primaryimage\"},\"image\":{\"@id\":\"https:\\\/\\\/vmsport.fi\\\/verkkokauppa\\\/varaosat\\\/jarrut\\\/v-jarru-alivio-t4000-taka\\\/#primaryimage\"},\"thumbnailUrl\":\"https:\\\/\\\/vmsport.fi\\\/wp-content\\\/uploads\\\/2025\\\/03\\\/20170817-BR-T4000-F-L-S1-2-1.jpg\",\"datePublished\":\"2025-03-05T21:53:35+00:00\",\"dateModified\":\"2026-01-16T11:23:16+00:00\",\"breadcrumb\":{\"@id\":\"https:\\\/\\\/vmsport.fi\\\/verkkokauppa\\\/varaosat\\\/jarrut\\\/v-jarru-alivio-t4000-taka\\\/#breadcrumb\"},\"inLanguage\":\"sv-SE\",\"potentialAction\":[{\"@type\":\"ReadAction\",\"target\":[\"https:\\\/\\\/vmsport.fi\\\/verkkokauppa\\\/varaosat\\\/jarrut\\\/v-jarru-alivio-t4000-taka\\\/\"]}]},{\"@type\":\"ImageObject\",\"inLanguage\":\"sv-SE\",\"@id\":\"https:\\\/\\\/vmsport.fi\\\/verkkokauppa\\\/varaosat\\\/jarrut\\\/v-jarru-alivio-t4000-taka\\\/#primaryimage\",\"url\":\"https:\\\/\\\/vmsport.fi\\\/wp-content\\\/uploads\\\/2025\\\/03\\\/20170817-BR-T4000-F-L-S1-2-1.jpg\",\"contentUrl\":\"https:\\\/\\\/vmsport.fi\\\/wp-content\\\/uploads\\\/2025\\\/03\\\/20170817-BR-T4000-F-L-S1-2-1.jpg\",\"width\":600,\"height\":600,\"caption\":\"20170817-BR-T4000-F-L-S1-2\"},{\"@type\":\"BreadcrumbList\",\"@id\":\"https:\\\/\\\/vmsport.fi\\\/verkkokauppa\\\/varaosat\\\/jarrut\\\/v-jarru-alivio-t4000-taka\\\/#breadcrumb\",\"itemListElement\":[{\"@type\":\"ListItem\",\"position\":1,\"name\":\"Etusivu\",\"item\":\"https:\\\/\\\/vmsport.fi\\\/\"},{\"@type\":\"ListItem\",\"position\":2,\"name\":\"Online Store\",\"item\":\"https:\\\/\\\/vmsport.fi\\\/en\\\/online-store\\\/\"},{\"@type\":\"ListItem\",\"position\":3,\"name\":\"V-Jarru Alivio T4000 Taka\"}]},{\"@type\":\"WebSite\",\"@id\":\"https:\\\/\\\/vmsport.fi\\\/#website\",\"url\":\"https:\\\/\\\/vmsport.fi\\\/\",\"name\":\"Vmsport\",\"description\":\"Kaikki py\u00f6r\u00e4ilyyn yhdest\u00e4 paikasta\",\"publisher\":{\"@id\":\"https:\\\/\\\/vmsport.fi\\\/#organization\"},\"potentialAction\":[{\"@type\":\"SearchAction\",\"target\":{\"@type\":\"EntryPoint\",\"urlTemplate\":\"https:\\\/\\\/vmsport.fi\\\/?s={search_term_string}\"},\"query-input\":{\"@type\":\"PropertyValueSpecification\",\"valueRequired\":true,\"valueName\":\"search_term_string\"}}],\"inLanguage\":\"sv-SE\"},{\"@type\":\"Organization\",\"@id\":\"https:\\\/\\\/vmsport.fi\\\/#organization\",\"name\":\"Vmsport\",\"url\":\"https:\\\/\\\/vmsport.fi\\\/\",\"logo\":{\"@type\":\"ImageObject\",\"inLanguage\":\"sv-SE\",\"@id\":\"https:\\\/\\\/vmsport.fi\\\/#\\\/schema\\\/logo\\\/image\\\/\",\"url\":\"https:\\\/\\\/vmsport.fi\\\/wp-content\\\/uploads\\\/2024\\\/12\\\/vm_sport_RGB_horisontal-e1734526017575.png\",\"contentUrl\":\"https:\\\/\\\/vmsport.fi\\\/wp-content\\\/uploads\\\/2024\\\/12\\\/vm_sport_RGB_horisontal-e1734526017575.png\",\"width\":668,\"height\":85,\"caption\":\"Vmsport\"},\"image\":{\"@id\":\"https:\\\/\\\/vmsport.fi\\\/#\\\/schema\\\/logo\\\/image\\\/\"},\"sameAs\":[\"https:\\\/\\\/www.facebook.com\\\/Vmsport.fi\\\/\",\"https:\\\/\\\/www.instagram.com\\\/vmsport\\\/\"]}]}<\/script>\n<!-- \/ Yoast SEO plugin. -->","yoast_head_json":{"title":"V-Jarru Alivio T4000 Taka - VM Sport","robots":{"index":"index","follow":"follow","max-snippet":"max-snippet:-1","max-image-preview":"max-image-preview:large","max-video-preview":"max-video-preview:-1"},"canonical":"https:\/\/vmsport.fi\/sv\/webbutik\/reservdelar\/bromsar\/v-broms-alivio-t4000-bak\/","og_locale":"sv_SE","og_type":"article","og_title":"V-Jarru Alivio T4000 Taka - VM Sport","og_description":"Shimano Alivio T4000 on luotettava V-jarrujen takasatula, joka on suunniteltu tarjoamaan tehokasta jarrutuskyky\u00e4 py\u00f6r\u00e4ilyharrastajille. Sen tyylik\u00e4s musta viimeistely sopii t\u00e4ydellisesti moderniin polkupy\u00f6r\u00e4\u00e4n, ja kest\u00e4v\u00e4rakenteinen jarru varmistaa pitk\u00e4ik\u00e4isyyden. T\u00e4m\u00e4 jarrukomponentti mahdollistaa tarkan hallinnan haastavissakin ajo-olosuhteissa, joten se on ihanteellinen valinta sek\u00e4 vapaa-ajan ett\u00e4 vaativampaan k\u00e4ytt\u00f6\u00f6n. Alivio-sarjan innovatiivinen tekniikka yhdist\u00e4\u00e4 erinomaisen suorituskyvyn helppoon asennukseen ja huoltoon, tehden [...]L\u00e4s mer \u2026 from V-Jarru Alivio T4000 Taka","og_url":"https:\/\/vmsport.fi\/sv\/webbutik\/reservdelar\/bromsar\/v-broms-alivio-t4000-bak\/","og_site_name":"VM Sport","article_publisher":"https:\/\/www.facebook.com\/Vmsport.fi\/","article_modified_time":"2026-01-16T11:23:16+00:00","og_image":[{"width":600,"height":600,"url":"https:\/\/vmsport.fi\/wp-content\/uploads\/2025\/03\/20170817-BR-T4000-F-L-S1-2-1.jpg","type":"image\/jpeg"}],"twitter_card":"summary_large_image","schema":{"@context":"https:\/\/schema.org","@graph":[{"@type":["WebPage","ItemPage"],"@id":"https:\/\/vmsport.fi\/verkkokauppa\/varaosat\/jarrut\/v-jarru-alivio-t4000-taka\/","url":"https:\/\/vmsport.fi\/verkkokauppa\/varaosat\/jarrut\/v-jarru-alivio-t4000-taka\/","name":"V-Jarru Alivio T4000 Taka - VM Sport","isPartOf":{"@id":"https:\/\/vmsport.fi\/#website"},"primaryImageOfPage":{"@id":"https:\/\/vmsport.fi\/verkkokauppa\/varaosat\/jarrut\/v-jarru-alivio-t4000-taka\/#primaryimage"},"image":{"@id":"https:\/\/vmsport.fi\/verkkokauppa\/varaosat\/jarrut\/v-jarru-alivio-t4000-taka\/#primaryimage"},"thumbnailUrl":"https:\/\/vmsport.fi\/wp-content\/uploads\/2025\/03\/20170817-BR-T4000-F-L-S1-2-1.jpg","datePublished":"2025-03-05T21:53:35+00:00","dateModified":"2026-01-16T11:23:16+00:00","breadcrumb":{"@id":"https:\/\/vmsport.fi\/verkkokauppa\/varaosat\/jarrut\/v-jarru-alivio-t4000-taka\/#breadcrumb"},"inLanguage":"sv-SE","potentialAction":[{"@type":"ReadAction","target":["https:\/\/vmsport.fi\/verkkokauppa\/varaosat\/jarrut\/v-jarru-alivio-t4000-taka\/"]}]},{"@type":"ImageObject","inLanguage":"sv-SE","@id":"https:\/\/vmsport.fi\/verkkokauppa\/varaosat\/jarrut\/v-jarru-alivio-t4000-taka\/#primaryimage","url":"https:\/\/vmsport.fi\/wp-content\/uploads\/2025\/03\/20170817-BR-T4000-F-L-S1-2-1.jpg","contentUrl":"https:\/\/vmsport.fi\/wp-content\/uploads\/2025\/03\/20170817-BR-T4000-F-L-S1-2-1.jpg","width":600,"height":600,"caption":"20170817-BR-T4000-F-L-S1-2"},{"@type":"BreadcrumbList","@id":"https:\/\/vmsport.fi\/verkkokauppa\/varaosat\/jarrut\/v-jarru-alivio-t4000-taka\/#breadcrumb","itemListElement":[{"@type":"ListItem","position":1,"name":"Etusivu","item":"https:\/\/vmsport.fi\/"},{"@type":"ListItem","position":2,"name":"Online Store","item":"https:\/\/vmsport.fi\/en\/online-store\/"},{"@type":"ListItem","position":3,"name":"V-Jarru Alivio T4000 Taka"}]},{"@type":"WebSite","@id":"https:\/\/vmsport.fi\/#website","url":"https:\/\/vmsport.fi\/","name":"Vmsport","description":"Allt p\u00e5 ett st\u00e4lle f\u00f6r cykling","publisher":{"@id":"https:\/\/vmsport.fi\/#organization"},"potentialAction":[{"@type":"SearchAction","target":{"@type":"EntryPoint","urlTemplate":"https:\/\/vmsport.fi\/?s={search_term_string}"},"query-input":{"@type":"PropertyValueSpecification","valueRequired":true,"valueName":"search_term_string"}}],"inLanguage":"sv-SE"},{"@type":"Organization","@id":"https:\/\/vmsport.fi\/#organization","name":"Vmsport","url":"https:\/\/vmsport.fi\/","logo":{"@type":"ImageObject","inLanguage":"sv-SE","@id":"https:\/\/vmsport.fi\/#\/schema\/logo\/image\/","url":"https:\/\/vmsport.fi\/wp-content\/uploads\/2024\/12\/vm_sport_RGB_horisontal-e1734526017575.png","contentUrl":"https:\/\/vmsport.fi\/wp-content\/uploads\/2024\/12\/vm_sport_RGB_horisontal-e1734526017575.png","width":668,"height":85,"caption":"Vmsport"},"image":{"@id":"https:\/\/vmsport.fi\/#\/schema\/logo\/image\/"},"sameAs":["https:\/\/www.facebook.com\/Vmsport.fi\/","https:\/\/www.instagram.com\/vmsport\/"]}]}},"global_unique_id":"","_links":{"self":[{"href":"https:\/\/vmsport.fi\/sv\/wp-json\/wp\/v2\/product\/54431","targetHints":{"allow":["GET"]}}],"collection":[{"href":"https:\/\/vmsport.fi\/sv\/wp-json\/wp\/v2\/product"}],"about":[{"href":"https:\/\/vmsport.fi\/sv\/wp-json\/wp\/v2\/types\/product"}],"replies":[{"embeddable":true,"href":"https:\/\/vmsport.fi\/sv\/wp-json\/wp\/v2\/comments?post=54431"}],"wp:featuredmedia":[{"embeddable":true,"href":"https:\/\/vmsport.fi\/sv\/wp-json\/wp\/v2\/media\/54429"}],"wp:attachment":[{"href":"https:\/\/vmsport.fi\/sv\/wp-json\/wp\/v2\/media?parent=54431"}],"wp:term":[{"taxonomy":"product_brand","embeddable":true,"href":"https:\/\/vmsport.fi\/sv\/wp-json\/wp\/v2\/product_brand?post=54431"},{"taxonomy":"product_model","embeddable":true,"href":"https:\/\/vmsport.fi\/sv\/wp-json\/wp\/v2\/product_model?post=54431"},{"taxonomy":"product_cat","embeddable":true,"href":"https:\/\/vmsport.fi\/sv\/wp-json\/wp\/v2\/product_cat?post=54431"},{"taxonomy":"product_tag","embeddable":true,"href":"https:\/\/vmsport.fi\/sv\/wp-json\/wp\/v2\/product_tag?post=54431"},{"taxonomy":"industry_terminology","embeddable":true,"href":"https:\/\/vmsport.fi\/sv\/wp-json\/wp\/v2\/industry-terminology?post=54431"}],"curies":[{"name":"wp","href":"https:\/\/api.w.org\/{rel}","templated":true}]}}