{"id":54428,"date":"2025-03-05T23:53:34","date_gmt":"2025-03-05T21:53:34","guid":{"rendered":"https:\/\/vmsport.fi\/verkkokauppa\/Ei-luokiteltu\/trek-solstice-mips-pyorarilykypara-valkoinen\/"},"modified":"2026-04-22T15:24:12","modified_gmt":"2026-04-22T12:24:12","slug":"trek-solstice-mips-pyorarilykypara-valkoinen","status":"publish","type":"product","link":"https:\/\/vmsport.fi\/sv\/verkkokauppa\/ajovarusteet\/kyparat\/kaupunkikyparat\/trek-solstice-mips-pyorarilykypara-valkoinen\/","title":{"rendered":"Trek Solstice Mips Cykelhj\u00e4lm Vit"},"content":{"rendered":"<p>Solstice Mips on suunniteltu yhdist\u00e4m\u00e4\u00e4n turvallisuus, mukavuus ja monik\u00e4ytt\u00f6isyys. Headmaster 3 -sovitusj\u00e4rjestelm\u00e4 mahdollistaa tarkat s\u00e4\u00e4d\u00f6t helposti yhdell\u00e4 k\u00e4dell\u00e4. Suuret ventilointiaukot ja integroidut kanavat varmistavat tehokkaan ilmankierroksen, mik\u00e4 on t\u00e4rke\u00e4\u00e4 erityisesti l\u00e4mpimill\u00e4 p\u00e4ivill\u00e4. Pitk\u00e4 takaosa lis\u00e4\u00e4 suojaa ajon vaativammissa tilanteissa. Pehme\u00e4t ja kosteutta siirt\u00e4v\u00e4t pehmusteet parantavat k\u00e4ytt\u00f6mukavuutta ja on helppo pit\u00e4\u00e4 puhtaana. Lis\u00e4ksi irrotettava visiiri lis\u00e4\u00e4 ulkon\u00e4\u00f6n muokattavuutta ja suojaa.<\/p>","protected":false},"excerpt":{"rendered":"<p>Solstice Mips tarjoaa monipuolisen ja mukavan py\u00f6r\u00e4ilykyp\u00e4r\u00e4n, jossa on Mips-suojaus, hyv\u00e4 ilmankierto sek\u00e4 k\u00e4tev\u00e4 sovitusj\u00e4rjestelm\u00e4. [&#8230;]<\/p>\n<p><a class=\"btn btn-secondary understrap-read-more-link\" href=\"https:\/\/vmsport.fi\/sv\/verkkokauppa\/ajovarusteet\/kyparat\/kaupunkikyparat\/trek-solstice-mips-pyorarilykypara-valkoinen\/\">L\u00e4s mer \u2026<span class=\"screen-reader-text\"> from Trek Solstice Mips Py\u00f6r\u00e4rilykyp\u00e4r\u00e4 Valkoinen<\/span><\/a><\/p>\n","protected":false},"featured_media":54421,"comment_status":"open","ping_status":"closed","template":"","meta":{"_acf_changed":false,"_improvement_type_select":"improve_an_existing","_thumb_yes_seoaic":false,"_frame_yes_seoaic":false,"seoaic_generate_description":"","seoaic_improve_instructions_prompt":"","seoaic_rollback_content_improvement":"","seoaic_idea_thumbnail_generator":"","thumbnail_generated":false,"thumbnail_generate_prompt":"","seoaic_article_description":"","_supplier_stock_quantity":0},"product_brand":[],"product_model":[],"product_cat":[9516],"product_tag":[],"industry-terminology":[],"class_list":{"0":"post-54428","1":"product","2":"type-product","3":"status-publish","4":"has-post-thumbnail","6":"product_cat-kaupunkikyparat","8":"first","9":"instock","10":"taxable","11":"shipping-taxable","12":"purchasable","13":"product-type-variable"},"acf":{"bike_features":null,"overview":{"copy_overview":null,"key_features":null,"statement":"","youtube_url":""}},"yoast_head":"<!-- This site is optimized with the Yoast SEO plugin v27.4 - https:\/\/yoast.com\/product\/yoast-seo-wordpress\/ -->\n<title>Trek Solstice Mips Py\u00f6r\u00e4rilykyp\u00e4r\u00e4 Valkoinen - VM Sport<\/title>\n<meta name=\"robots\" content=\"index, follow, max-snippet:-1, max-image-preview:large, max-video-preview:-1\" \/>\n<link rel=\"canonical\" href=\"https:\/\/vmsport.fi\/sv\/webbutik\/korutrustning\/kyparat\/stadscykling\/trek-solstice-mips-pyorarilykypara-valkoinen\/\" \/>\n<meta property=\"og:locale\" content=\"sv_SE\" \/>\n<meta property=\"og:type\" content=\"article\" \/>\n<meta property=\"og:title\" content=\"Trek Solstice Mips Py\u00f6r\u00e4rilykyp\u00e4r\u00e4 Valkoinen - VM Sport\" \/>\n<meta property=\"og:description\" content=\"Solstice Mips tarjoaa monipuolisen ja mukavan py\u00f6r\u00e4ilykyp\u00e4r\u00e4n, jossa on Mips-suojaus, hyv\u00e4 ilmankierto sek\u00e4 k\u00e4tev\u00e4 sovitusj\u00e4rjestelm\u00e4. [...]L\u00e4s mer \u2026 from Trek Solstice Mips Py\u00f6r\u00e4rilykyp\u00e4r\u00e4 Valkoinen\" \/>\n<meta property=\"og:url\" content=\"https:\/\/vmsport.fi\/sv\/webbutik\/korutrustning\/kyparat\/stadscykling\/trek-solstice-mips-pyorarilykypara-valkoinen\/\" \/>\n<meta property=\"og:site_name\" content=\"VM Sport\" \/>\n<meta property=\"article:publisher\" content=\"https:\/\/www.facebook.com\/Vmsport.fi\/\" \/>\n<meta property=\"article:modified_time\" content=\"2026-04-22T12:24:12+00:00\" \/>\n<meta property=\"og:image\" content=\"https:\/\/vmsport.fi\/wp-content\/uploads\/2025\/03\/gbgiB5jIVmynVSoBv3A2spC6KrNeyKxD8W80Yv14TlfxMYb712-1.jpg\" \/>\n\t<meta property=\"og:image:width\" content=\"1000\" \/>\n\t<meta property=\"og:image:height\" content=\"750\" \/>\n\t<meta property=\"og:image:type\" content=\"image\/jpeg\" \/>\n<meta name=\"twitter:card\" content=\"summary_large_image\" \/>\n<script type=\"application\/ld+json\" class=\"yoast-schema-graph\">{\"@context\":\"https:\\\/\\\/schema.org\",\"@graph\":[{\"@type\":[\"WebPage\",\"ItemPage\"],\"@id\":\"https:\\\/\\\/vmsport.fi\\\/verkkokauppa\\\/ajovarusteet\\\/kyparat\\\/kaupunkikyparat\\\/trek-solstice-mips-pyorarilykypara-valkoinen\\\/\",\"url\":\"https:\\\/\\\/vmsport.fi\\\/verkkokauppa\\\/ajovarusteet\\\/kyparat\\\/kaupunkikyparat\\\/trek-solstice-mips-pyorarilykypara-valkoinen\\\/\",\"name\":\"Trek Solstice Mips Py\u00f6r\u00e4rilykyp\u00e4r\u00e4 Valkoinen - VM Sport\",\"isPartOf\":{\"@id\":\"https:\\\/\\\/vmsport.fi\\\/#website\"},\"primaryImageOfPage\":{\"@id\":\"https:\\\/\\\/vmsport.fi\\\/verkkokauppa\\\/ajovarusteet\\\/kyparat\\\/kaupunkikyparat\\\/trek-solstice-mips-pyorarilykypara-valkoinen\\\/#primaryimage\"},\"image\":{\"@id\":\"https:\\\/\\\/vmsport.fi\\\/verkkokauppa\\\/ajovarusteet\\\/kyparat\\\/kaupunkikyparat\\\/trek-solstice-mips-pyorarilykypara-valkoinen\\\/#primaryimage\"},\"thumbnailUrl\":\"https:\\\/\\\/vmsport.fi\\\/wp-content\\\/uploads\\\/2025\\\/03\\\/gbgiB5jIVmynVSoBv3A2spC6KrNeyKxD8W80Yv14TlfxMYb712-1.jpg\",\"datePublished\":\"2025-03-05T21:53:34+00:00\",\"dateModified\":\"2026-04-22T12:24:12+00:00\",\"breadcrumb\":{\"@id\":\"https:\\\/\\\/vmsport.fi\\\/verkkokauppa\\\/ajovarusteet\\\/kyparat\\\/kaupunkikyparat\\\/trek-solstice-mips-pyorarilykypara-valkoinen\\\/#breadcrumb\"},\"inLanguage\":\"sv-SE\",\"potentialAction\":[{\"@type\":\"ReadAction\",\"target\":[\"https:\\\/\\\/vmsport.fi\\\/verkkokauppa\\\/ajovarusteet\\\/kyparat\\\/kaupunkikyparat\\\/trek-solstice-mips-pyorarilykypara-valkoinen\\\/\"]}]},{\"@type\":\"ImageObject\",\"inLanguage\":\"sv-SE\",\"@id\":\"https:\\\/\\\/vmsport.fi\\\/verkkokauppa\\\/ajovarusteet\\\/kyparat\\\/kaupunkikyparat\\\/trek-solstice-mips-pyorarilykypara-valkoinen\\\/#primaryimage\",\"url\":\"https:\\\/\\\/vmsport.fi\\\/wp-content\\\/uploads\\\/2025\\\/03\\\/gbgiB5jIVmynVSoBv3A2spC6KrNeyKxD8W80Yv14TlfxMYb712-1.jpg\",\"contentUrl\":\"https:\\\/\\\/vmsport.fi\\\/wp-content\\\/uploads\\\/2025\\\/03\\\/gbgiB5jIVmynVSoBv3A2spC6KrNeyKxD8W80Yv14TlfxMYb712-1.jpg\",\"width\":1000,\"height\":750,\"caption\":\"gbgiB5jIVmynVSoBv3A2spC6KrNeyKxD8W80Yv14TlfxMYb712\"},{\"@type\":\"BreadcrumbList\",\"@id\":\"https:\\\/\\\/vmsport.fi\\\/verkkokauppa\\\/ajovarusteet\\\/kyparat\\\/kaupunkikyparat\\\/trek-solstice-mips-pyorarilykypara-valkoinen\\\/#breadcrumb\",\"itemListElement\":[{\"@type\":\"ListItem\",\"position\":1,\"name\":\"Etusivu\",\"item\":\"https:\\\/\\\/vmsport.fi\\\/\"},{\"@type\":\"ListItem\",\"position\":2,\"name\":\"Online Store\",\"item\":\"https:\\\/\\\/vmsport.fi\\\/en\\\/online-store\\\/\"},{\"@type\":\"ListItem\",\"position\":3,\"name\":\"Trek Solstice Mips Py\u00f6r\u00e4rilykyp\u00e4r\u00e4 Valkoinen\"}]},{\"@type\":\"WebSite\",\"@id\":\"https:\\\/\\\/vmsport.fi\\\/#website\",\"url\":\"https:\\\/\\\/vmsport.fi\\\/\",\"name\":\"Vmsport\",\"description\":\"Kaikki py\u00f6r\u00e4ilyyn yhdest\u00e4 paikasta\",\"publisher\":{\"@id\":\"https:\\\/\\\/vmsport.fi\\\/#organization\"},\"potentialAction\":[{\"@type\":\"SearchAction\",\"target\":{\"@type\":\"EntryPoint\",\"urlTemplate\":\"https:\\\/\\\/vmsport.fi\\\/?s={search_term_string}\"},\"query-input\":{\"@type\":\"PropertyValueSpecification\",\"valueRequired\":true,\"valueName\":\"search_term_string\"}}],\"inLanguage\":\"sv-SE\"},{\"@type\":\"Organization\",\"@id\":\"https:\\\/\\\/vmsport.fi\\\/#organization\",\"name\":\"Vmsport\",\"url\":\"https:\\\/\\\/vmsport.fi\\\/\",\"logo\":{\"@type\":\"ImageObject\",\"inLanguage\":\"sv-SE\",\"@id\":\"https:\\\/\\\/vmsport.fi\\\/#\\\/schema\\\/logo\\\/image\\\/\",\"url\":\"https:\\\/\\\/vmsport.fi\\\/wp-content\\\/uploads\\\/2024\\\/12\\\/vm_sport_RGB_horisontal-e1734526017575.png\",\"contentUrl\":\"https:\\\/\\\/vmsport.fi\\\/wp-content\\\/uploads\\\/2024\\\/12\\\/vm_sport_RGB_horisontal-e1734526017575.png\",\"width\":668,\"height\":85,\"caption\":\"Vmsport\"},\"image\":{\"@id\":\"https:\\\/\\\/vmsport.fi\\\/#\\\/schema\\\/logo\\\/image\\\/\"},\"sameAs\":[\"https:\\\/\\\/www.facebook.com\\\/Vmsport.fi\\\/\",\"https:\\\/\\\/www.instagram.com\\\/vmsport\\\/\"]}]}<\/script>\n<!-- \/ Yoast SEO plugin. -->","yoast_head_json":{"title":"Trek Solstice Mips Py\u00f6r\u00e4rilykyp\u00e4r\u00e4 Valkoinen - VM Sport","robots":{"index":"index","follow":"follow","max-snippet":"max-snippet:-1","max-image-preview":"max-image-preview:large","max-video-preview":"max-video-preview:-1"},"canonical":"https:\/\/vmsport.fi\/sv\/webbutik\/korutrustning\/kyparat\/stadscykling\/trek-solstice-mips-pyorarilykypara-valkoinen\/","og_locale":"sv_SE","og_type":"article","og_title":"Trek Solstice Mips Py\u00f6r\u00e4rilykyp\u00e4r\u00e4 Valkoinen - VM Sport","og_description":"Solstice Mips tarjoaa monipuolisen ja mukavan py\u00f6r\u00e4ilykyp\u00e4r\u00e4n, jossa on Mips-suojaus, hyv\u00e4 ilmankierto sek\u00e4 k\u00e4tev\u00e4 sovitusj\u00e4rjestelm\u00e4. [...]L\u00e4s mer \u2026 from Trek Solstice Mips Py\u00f6r\u00e4rilykyp\u00e4r\u00e4 Valkoinen","og_url":"https:\/\/vmsport.fi\/sv\/webbutik\/korutrustning\/kyparat\/stadscykling\/trek-solstice-mips-pyorarilykypara-valkoinen\/","og_site_name":"VM Sport","article_publisher":"https:\/\/www.facebook.com\/Vmsport.fi\/","article_modified_time":"2026-04-22T12:24:12+00:00","og_image":[{"width":1000,"height":750,"url":"https:\/\/vmsport.fi\/wp-content\/uploads\/2025\/03\/gbgiB5jIVmynVSoBv3A2spC6KrNeyKxD8W80Yv14TlfxMYb712-1.jpg","type":"image\/jpeg"}],"twitter_card":"summary_large_image","schema":{"@context":"https:\/\/schema.org","@graph":[{"@type":["WebPage","ItemPage"],"@id":"https:\/\/vmsport.fi\/verkkokauppa\/ajovarusteet\/kyparat\/kaupunkikyparat\/trek-solstice-mips-pyorarilykypara-valkoinen\/","url":"https:\/\/vmsport.fi\/verkkokauppa\/ajovarusteet\/kyparat\/kaupunkikyparat\/trek-solstice-mips-pyorarilykypara-valkoinen\/","name":"Trek Solstice Mips Py\u00f6r\u00e4rilykyp\u00e4r\u00e4 Valkoinen - VM Sport","isPartOf":{"@id":"https:\/\/vmsport.fi\/#website"},"primaryImageOfPage":{"@id":"https:\/\/vmsport.fi\/verkkokauppa\/ajovarusteet\/kyparat\/kaupunkikyparat\/trek-solstice-mips-pyorarilykypara-valkoinen\/#primaryimage"},"image":{"@id":"https:\/\/vmsport.fi\/verkkokauppa\/ajovarusteet\/kyparat\/kaupunkikyparat\/trek-solstice-mips-pyorarilykypara-valkoinen\/#primaryimage"},"thumbnailUrl":"https:\/\/vmsport.fi\/wp-content\/uploads\/2025\/03\/gbgiB5jIVmynVSoBv3A2spC6KrNeyKxD8W80Yv14TlfxMYb712-1.jpg","datePublished":"2025-03-05T21:53:34+00:00","dateModified":"2026-04-22T12:24:12+00:00","breadcrumb":{"@id":"https:\/\/vmsport.fi\/verkkokauppa\/ajovarusteet\/kyparat\/kaupunkikyparat\/trek-solstice-mips-pyorarilykypara-valkoinen\/#breadcrumb"},"inLanguage":"sv-SE","potentialAction":[{"@type":"ReadAction","target":["https:\/\/vmsport.fi\/verkkokauppa\/ajovarusteet\/kyparat\/kaupunkikyparat\/trek-solstice-mips-pyorarilykypara-valkoinen\/"]}]},{"@type":"ImageObject","inLanguage":"sv-SE","@id":"https:\/\/vmsport.fi\/verkkokauppa\/ajovarusteet\/kyparat\/kaupunkikyparat\/trek-solstice-mips-pyorarilykypara-valkoinen\/#primaryimage","url":"https:\/\/vmsport.fi\/wp-content\/uploads\/2025\/03\/gbgiB5jIVmynVSoBv3A2spC6KrNeyKxD8W80Yv14TlfxMYb712-1.jpg","contentUrl":"https:\/\/vmsport.fi\/wp-content\/uploads\/2025\/03\/gbgiB5jIVmynVSoBv3A2spC6KrNeyKxD8W80Yv14TlfxMYb712-1.jpg","width":1000,"height":750,"caption":"gbgiB5jIVmynVSoBv3A2spC6KrNeyKxD8W80Yv14TlfxMYb712"},{"@type":"BreadcrumbList","@id":"https:\/\/vmsport.fi\/verkkokauppa\/ajovarusteet\/kyparat\/kaupunkikyparat\/trek-solstice-mips-pyorarilykypara-valkoinen\/#breadcrumb","itemListElement":[{"@type":"ListItem","position":1,"name":"Etusivu","item":"https:\/\/vmsport.fi\/"},{"@type":"ListItem","position":2,"name":"Online Store","item":"https:\/\/vmsport.fi\/en\/online-store\/"},{"@type":"ListItem","position":3,"name":"Trek Solstice Mips Py\u00f6r\u00e4rilykyp\u00e4r\u00e4 Valkoinen"}]},{"@type":"WebSite","@id":"https:\/\/vmsport.fi\/#website","url":"https:\/\/vmsport.fi\/","name":"Vmsport","description":"Allt p\u00e5 ett st\u00e4lle f\u00f6r cykling","publisher":{"@id":"https:\/\/vmsport.fi\/#organization"},"potentialAction":[{"@type":"SearchAction","target":{"@type":"EntryPoint","urlTemplate":"https:\/\/vmsport.fi\/?s={search_term_string}"},"query-input":{"@type":"PropertyValueSpecification","valueRequired":true,"valueName":"search_term_string"}}],"inLanguage":"sv-SE"},{"@type":"Organization","@id":"https:\/\/vmsport.fi\/#organization","name":"Vmsport","url":"https:\/\/vmsport.fi\/","logo":{"@type":"ImageObject","inLanguage":"sv-SE","@id":"https:\/\/vmsport.fi\/#\/schema\/logo\/image\/","url":"https:\/\/vmsport.fi\/wp-content\/uploads\/2024\/12\/vm_sport_RGB_horisontal-e1734526017575.png","contentUrl":"https:\/\/vmsport.fi\/wp-content\/uploads\/2024\/12\/vm_sport_RGB_horisontal-e1734526017575.png","width":668,"height":85,"caption":"Vmsport"},"image":{"@id":"https:\/\/vmsport.fi\/#\/schema\/logo\/image\/"},"sameAs":["https:\/\/www.facebook.com\/Vmsport.fi\/","https:\/\/www.instagram.com\/vmsport\/"]}]}},"global_unique_id":"","_links":{"self":[{"href":"https:\/\/vmsport.fi\/sv\/wp-json\/wp\/v2\/product\/54428","targetHints":{"allow":["GET"]}}],"collection":[{"href":"https:\/\/vmsport.fi\/sv\/wp-json\/wp\/v2\/product"}],"about":[{"href":"https:\/\/vmsport.fi\/sv\/wp-json\/wp\/v2\/types\/product"}],"replies":[{"embeddable":true,"href":"https:\/\/vmsport.fi\/sv\/wp-json\/wp\/v2\/comments?post=54428"}],"wp:featuredmedia":[{"embeddable":true,"href":"https:\/\/vmsport.fi\/sv\/wp-json\/wp\/v2\/media\/54421"}],"wp:attachment":[{"href":"https:\/\/vmsport.fi\/sv\/wp-json\/wp\/v2\/media?parent=54428"}],"wp:term":[{"taxonomy":"product_brand","embeddable":true,"href":"https:\/\/vmsport.fi\/sv\/wp-json\/wp\/v2\/product_brand?post=54428"},{"taxonomy":"product_model","embeddable":true,"href":"https:\/\/vmsport.fi\/sv\/wp-json\/wp\/v2\/product_model?post=54428"},{"taxonomy":"product_cat","embeddable":true,"href":"https:\/\/vmsport.fi\/sv\/wp-json\/wp\/v2\/product_cat?post=54428"},{"taxonomy":"product_tag","embeddable":true,"href":"https:\/\/vmsport.fi\/sv\/wp-json\/wp\/v2\/product_tag?post=54428"},{"taxonomy":"industry_terminology","embeddable":true,"href":"https:\/\/vmsport.fi\/sv\/wp-json\/wp\/v2\/industry-terminology?post=54428"}],"curies":[{"name":"wp","href":"https:\/\/api.w.org\/{rel}","templated":true}]}}