{"id":54417,"date":"2025-03-05T23:53:24","date_gmt":"2025-03-05T21:53:24","guid":{"rendered":"https:\/\/vmsport.fi\/verkkokauppa\/Ei-luokiteltu\/rapha-rapha-core-cycling-gilet-black\/"},"modified":"2026-01-16T13:35:15","modified_gmt":"2026-01-16T11:35:15","slug":"rapha-rapha-core-cycling-gilet-svart","status":"publish","type":"product","link":"https:\/\/vmsport.fi\/sv\/verkkokauppa\/ajovarusteet\/vaatteet\/takit-ja-liivit\/rapha-rapha-core-cycling-gilet-black\/","title":{"rendered":"Rapha Rapha Core Cykelv\u00e4st - SVART"},"content":{"rendered":"<p>Rapha Core Cycling Gilet - BLACK \u00e4r en f\u00f6rstklassig cykelv\u00e4st som kombinerar h\u00f6g prestanda med komfort. Den l\u00e4tta konstruktionen ger v\u00e4rme utan extra vikt, och den passar perfekt i en cykeltr\u00f6jficka, vilket g\u00f6r den till ett utm\u00e4rkt val f\u00f6r tidiga morgonturer eller instabila v\u00e4derf\u00f6rh\u00e5llanden. Andningsf\u00f6rm\u00e5ga och fri r\u00f6rlighet ger en bekv\u00e4m cykelupplevelse. Den klassiska och snygga designen passar f\u00f6r m\u00e5nga olika cykelsituationer.<\/p>","protected":false},"excerpt":{"rendered":"<p>Rapha Core Cycling Gilet &#8211; BLACK on ensiluokkainen py\u00f6r\u00e4ilyliivi, joka yhdist\u00e4\u00e4 huippusuorituskyvyn ja k\u00e4ytt\u00f6mukavuuden. Sen kevyt rakenne tarjoaa l\u00e4mp\u00f6\u00e4 ilman ylim\u00e4\u00e4r\u00e4ist\u00e4 painoa, ja liivi mahtuu k\u00e4tev\u00e4sti ajopaidan taskuun, mik\u00e4 tekee siit\u00e4 erinomaisen valinnan aikaisille aamulenkeille tai ep\u00e4vakaisiin s\u00e4\u00e4olosuhteisiin. Hengitt\u00e4vyys sek\u00e4 vapaa liikkuvuus varmistavat miellytt\u00e4v\u00e4n ajokokemuksen. Klassinen ja tyylik\u00e4s muotoilu sopii monenlaisiin ajotilanteisiin. [&#8230;]<\/p>\n<p><a class=\"btn btn-secondary understrap-read-more-link\" href=\"https:\/\/vmsport.fi\/sv\/verkkokauppa\/ajovarusteet\/vaatteet\/takit-ja-liivit\/rapha-rapha-core-cycling-gilet-black\/\">L\u00e4s mer \u2026<span class=\"screen-reader-text\"> from Rapha Rapha Core Cycling Gilet &#8211; BLACK<\/span><\/a><\/p>\n","protected":false},"featured_media":54415,"comment_status":"open","ping_status":"closed","template":"","meta":{"_acf_changed":false,"_improvement_type_select":"improve_an_existing","_thumb_yes_seoaic":false,"_frame_yes_seoaic":false,"seoaic_generate_description":"","seoaic_improve_instructions_prompt":"","seoaic_rollback_content_improvement":"","seoaic_idea_thumbnail_generator":"","thumbnail_generated":false,"thumbnail_generate_prompt":"","seoaic_article_description":"","_supplier_stock_quantity":0},"product_brand":[],"product_model":[],"product_cat":[9458],"product_tag":[],"industry-terminology":[],"class_list":{"0":"post-54417","1":"product","2":"type-product","3":"status-publish","4":"has-post-thumbnail","6":"product_cat-takit-ja-liivit","8":"first","9":"instock","10":"taxable","11":"shipping-taxable","12":"purchasable","13":"product-type-variable"},"acf":{"bike_features":null,"overview":{"copy_overview":null,"key_features":null,"statement":"","youtube_url":""}},"yoast_head":"<!-- This site is optimized with the Yoast SEO plugin v27.3 - https:\/\/yoast.com\/product\/yoast-seo-wordpress\/ -->\n<title>Rapha Rapha Core Cycling Gilet - BLACK - VM Sport<\/title>\n<meta name=\"robots\" content=\"index, follow, max-snippet:-1, max-image-preview:large, max-video-preview:-1\" \/>\n<link rel=\"canonical\" href=\"https:\/\/vmsport.fi\/sv\/webbutik\/korutrustning\/klader\/jackor-och-vastar\/rapha-rapha-core-cycling-gilet-svart\/\" \/>\n<meta property=\"og:locale\" content=\"sv_SE\" \/>\n<meta property=\"og:type\" content=\"article\" \/>\n<meta property=\"og:title\" content=\"Rapha Rapha Core Cycling Gilet - BLACK - VM Sport\" \/>\n<meta property=\"og:description\" content=\"Rapha Core Cycling Gilet &#8211; BLACK on ensiluokkainen py\u00f6r\u00e4ilyliivi, joka yhdist\u00e4\u00e4 huippusuorituskyvyn ja k\u00e4ytt\u00f6mukavuuden. Sen kevyt rakenne tarjoaa l\u00e4mp\u00f6\u00e4 ilman ylim\u00e4\u00e4r\u00e4ist\u00e4 painoa, ja liivi mahtuu k\u00e4tev\u00e4sti ajopaidan taskuun, mik\u00e4 tekee siit\u00e4 erinomaisen valinnan aikaisille aamulenkeille tai ep\u00e4vakaisiin s\u00e4\u00e4olosuhteisiin. Hengitt\u00e4vyys sek\u00e4 vapaa liikkuvuus varmistavat miellytt\u00e4v\u00e4n ajokokemuksen. Klassinen ja tyylik\u00e4s muotoilu sopii monenlaisiin ajotilanteisiin. [...]L\u00e4s mer \u2026 from Rapha Rapha Core Cycling Gilet &#8211; BLACK\" \/>\n<meta property=\"og:url\" content=\"https:\/\/vmsport.fi\/sv\/webbutik\/korutrustning\/klader\/jackor-och-vastar\/rapha-rapha-core-cycling-gilet-svart\/\" \/>\n<meta property=\"og:site_name\" content=\"VM Sport\" \/>\n<meta property=\"article:publisher\" content=\"https:\/\/www.facebook.com\/Vmsport.fi\/\" \/>\n<meta property=\"article:modified_time\" content=\"2026-01-16T11:35:15+00:00\" \/>\n<meta property=\"og:image\" content=\"https:\/\/vmsport.fi\/wp-content\/uploads\/2025\/03\/Q6u0heMbjrkmcHSU8eaki05vaQN7M2l8q3qsu0RPAZq1q82zhw-1.jpg\" \/>\n\t<meta property=\"og:image:width\" content=\"1000\" \/>\n\t<meta property=\"og:image:height\" content=\"750\" \/>\n\t<meta property=\"og:image:type\" content=\"image\/jpeg\" \/>\n<meta name=\"twitter:card\" content=\"summary_large_image\" \/>\n<script type=\"application\/ld+json\" class=\"yoast-schema-graph\">{\"@context\":\"https:\\\/\\\/schema.org\",\"@graph\":[{\"@type\":[\"WebPage\",\"ItemPage\"],\"@id\":\"https:\\\/\\\/vmsport.fi\\\/verkkokauppa\\\/ajovarusteet\\\/vaatteet\\\/takit-ja-liivit\\\/rapha-rapha-core-cycling-gilet-black\\\/\",\"url\":\"https:\\\/\\\/vmsport.fi\\\/verkkokauppa\\\/ajovarusteet\\\/vaatteet\\\/takit-ja-liivit\\\/rapha-rapha-core-cycling-gilet-black\\\/\",\"name\":\"Rapha Rapha Core Cycling Gilet - BLACK - VM Sport\",\"isPartOf\":{\"@id\":\"https:\\\/\\\/vmsport.fi\\\/#website\"},\"primaryImageOfPage\":{\"@id\":\"https:\\\/\\\/vmsport.fi\\\/verkkokauppa\\\/ajovarusteet\\\/vaatteet\\\/takit-ja-liivit\\\/rapha-rapha-core-cycling-gilet-black\\\/#primaryimage\"},\"image\":{\"@id\":\"https:\\\/\\\/vmsport.fi\\\/verkkokauppa\\\/ajovarusteet\\\/vaatteet\\\/takit-ja-liivit\\\/rapha-rapha-core-cycling-gilet-black\\\/#primaryimage\"},\"thumbnailUrl\":\"https:\\\/\\\/vmsport.fi\\\/wp-content\\\/uploads\\\/2025\\\/03\\\/Q6u0heMbjrkmcHSU8eaki05vaQN7M2l8q3qsu0RPAZq1q82zhw-1.jpg\",\"datePublished\":\"2025-03-05T21:53:24+00:00\",\"dateModified\":\"2026-01-16T11:35:15+00:00\",\"breadcrumb\":{\"@id\":\"https:\\\/\\\/vmsport.fi\\\/verkkokauppa\\\/ajovarusteet\\\/vaatteet\\\/takit-ja-liivit\\\/rapha-rapha-core-cycling-gilet-black\\\/#breadcrumb\"},\"inLanguage\":\"sv-SE\",\"potentialAction\":[{\"@type\":\"ReadAction\",\"target\":[\"https:\\\/\\\/vmsport.fi\\\/verkkokauppa\\\/ajovarusteet\\\/vaatteet\\\/takit-ja-liivit\\\/rapha-rapha-core-cycling-gilet-black\\\/\"]}]},{\"@type\":\"ImageObject\",\"inLanguage\":\"sv-SE\",\"@id\":\"https:\\\/\\\/vmsport.fi\\\/verkkokauppa\\\/ajovarusteet\\\/vaatteet\\\/takit-ja-liivit\\\/rapha-rapha-core-cycling-gilet-black\\\/#primaryimage\",\"url\":\"https:\\\/\\\/vmsport.fi\\\/wp-content\\\/uploads\\\/2025\\\/03\\\/Q6u0heMbjrkmcHSU8eaki05vaQN7M2l8q3qsu0RPAZq1q82zhw-1.jpg\",\"contentUrl\":\"https:\\\/\\\/vmsport.fi\\\/wp-content\\\/uploads\\\/2025\\\/03\\\/Q6u0heMbjrkmcHSU8eaki05vaQN7M2l8q3qsu0RPAZq1q82zhw-1.jpg\",\"width\":1000,\"height\":750,\"caption\":\"Q6u0heMbjrkmcHSU8eaki05vaQN7M2l8q3qsu0RPAZq1q82zhw\"},{\"@type\":\"BreadcrumbList\",\"@id\":\"https:\\\/\\\/vmsport.fi\\\/verkkokauppa\\\/ajovarusteet\\\/vaatteet\\\/takit-ja-liivit\\\/rapha-rapha-core-cycling-gilet-black\\\/#breadcrumb\",\"itemListElement\":[{\"@type\":\"ListItem\",\"position\":1,\"name\":\"Etusivu\",\"item\":\"https:\\\/\\\/vmsport.fi\\\/\"},{\"@type\":\"ListItem\",\"position\":2,\"name\":\"Online Store\",\"item\":\"https:\\\/\\\/vmsport.fi\\\/en\\\/online-store\\\/\"},{\"@type\":\"ListItem\",\"position\":3,\"name\":\"Rapha Rapha Core Cycling Gilet &#8211; BLACK\"}]},{\"@type\":\"WebSite\",\"@id\":\"https:\\\/\\\/vmsport.fi\\\/#website\",\"url\":\"https:\\\/\\\/vmsport.fi\\\/\",\"name\":\"Vmsport\",\"description\":\"Kaikki py\u00f6r\u00e4ilyyn yhdest\u00e4 paikasta\",\"publisher\":{\"@id\":\"https:\\\/\\\/vmsport.fi\\\/#organization\"},\"potentialAction\":[{\"@type\":\"SearchAction\",\"target\":{\"@type\":\"EntryPoint\",\"urlTemplate\":\"https:\\\/\\\/vmsport.fi\\\/?s={search_term_string}\"},\"query-input\":{\"@type\":\"PropertyValueSpecification\",\"valueRequired\":true,\"valueName\":\"search_term_string\"}}],\"inLanguage\":\"sv-SE\"},{\"@type\":\"Organization\",\"@id\":\"https:\\\/\\\/vmsport.fi\\\/#organization\",\"name\":\"Vmsport\",\"url\":\"https:\\\/\\\/vmsport.fi\\\/\",\"logo\":{\"@type\":\"ImageObject\",\"inLanguage\":\"sv-SE\",\"@id\":\"https:\\\/\\\/vmsport.fi\\\/#\\\/schema\\\/logo\\\/image\\\/\",\"url\":\"https:\\\/\\\/vmsport.fi\\\/wp-content\\\/uploads\\\/2024\\\/12\\\/vm_sport_RGB_horisontal-e1734526017575.png\",\"contentUrl\":\"https:\\\/\\\/vmsport.fi\\\/wp-content\\\/uploads\\\/2024\\\/12\\\/vm_sport_RGB_horisontal-e1734526017575.png\",\"width\":668,\"height\":85,\"caption\":\"Vmsport\"},\"image\":{\"@id\":\"https:\\\/\\\/vmsport.fi\\\/#\\\/schema\\\/logo\\\/image\\\/\"},\"sameAs\":[\"https:\\\/\\\/www.facebook.com\\\/Vmsport.fi\\\/\",\"https:\\\/\\\/www.instagram.com\\\/vmsport\\\/\"]}]}<\/script>\n<!-- \/ Yoast SEO plugin. -->","yoast_head_json":{"title":"Rapha Rapha Core Cykelv\u00e4st - SVART - VM Sport","robots":{"index":"index","follow":"follow","max-snippet":"max-snippet:-1","max-image-preview":"max-image-preview:large","max-video-preview":"max-video-preview:-1"},"canonical":"https:\/\/vmsport.fi\/sv\/webbutik\/korutrustning\/klader\/jackor-och-vastar\/rapha-rapha-core-cycling-gilet-svart\/","og_locale":"sv_SE","og_type":"article","og_title":"Rapha Rapha Core Cycling Gilet - BLACK - VM Sport","og_description":"Rapha Core Cycling Gilet &#8211; BLACK on ensiluokkainen py\u00f6r\u00e4ilyliivi, joka yhdist\u00e4\u00e4 huippusuorituskyvyn ja k\u00e4ytt\u00f6mukavuuden. Sen kevyt rakenne tarjoaa l\u00e4mp\u00f6\u00e4 ilman ylim\u00e4\u00e4r\u00e4ist\u00e4 painoa, ja liivi mahtuu k\u00e4tev\u00e4sti ajopaidan taskuun, mik\u00e4 tekee siit\u00e4 erinomaisen valinnan aikaisille aamulenkeille tai ep\u00e4vakaisiin s\u00e4\u00e4olosuhteisiin. Hengitt\u00e4vyys sek\u00e4 vapaa liikkuvuus varmistavat miellytt\u00e4v\u00e4n ajokokemuksen. Klassinen ja tyylik\u00e4s muotoilu sopii monenlaisiin ajotilanteisiin. [...]L\u00e4s mer \u2026 from Rapha Rapha Core Cycling Gilet &#8211; BLACK","og_url":"https:\/\/vmsport.fi\/sv\/webbutik\/korutrustning\/klader\/jackor-och-vastar\/rapha-rapha-core-cycling-gilet-svart\/","og_site_name":"VM Sport","article_publisher":"https:\/\/www.facebook.com\/Vmsport.fi\/","article_modified_time":"2026-01-16T11:35:15+00:00","og_image":[{"width":1000,"height":750,"url":"https:\/\/vmsport.fi\/wp-content\/uploads\/2025\/03\/Q6u0heMbjrkmcHSU8eaki05vaQN7M2l8q3qsu0RPAZq1q82zhw-1.jpg","type":"image\/jpeg"}],"twitter_card":"summary_large_image","schema":{"@context":"https:\/\/schema.org","@graph":[{"@type":["WebPage","ItemPage"],"@id":"https:\/\/vmsport.fi\/verkkokauppa\/ajovarusteet\/vaatteet\/takit-ja-liivit\/rapha-rapha-core-cycling-gilet-black\/","url":"https:\/\/vmsport.fi\/verkkokauppa\/ajovarusteet\/vaatteet\/takit-ja-liivit\/rapha-rapha-core-cycling-gilet-black\/","name":"Rapha Rapha Core Cykelv\u00e4st - SVART - VM Sport","isPartOf":{"@id":"https:\/\/vmsport.fi\/#website"},"primaryImageOfPage":{"@id":"https:\/\/vmsport.fi\/verkkokauppa\/ajovarusteet\/vaatteet\/takit-ja-liivit\/rapha-rapha-core-cycling-gilet-black\/#primaryimage"},"image":{"@id":"https:\/\/vmsport.fi\/verkkokauppa\/ajovarusteet\/vaatteet\/takit-ja-liivit\/rapha-rapha-core-cycling-gilet-black\/#primaryimage"},"thumbnailUrl":"https:\/\/vmsport.fi\/wp-content\/uploads\/2025\/03\/Q6u0heMbjrkmcHSU8eaki05vaQN7M2l8q3qsu0RPAZq1q82zhw-1.jpg","datePublished":"2025-03-05T21:53:24+00:00","dateModified":"2026-01-16T11:35:15+00:00","breadcrumb":{"@id":"https:\/\/vmsport.fi\/verkkokauppa\/ajovarusteet\/vaatteet\/takit-ja-liivit\/rapha-rapha-core-cycling-gilet-black\/#breadcrumb"},"inLanguage":"sv-SE","potentialAction":[{"@type":"ReadAction","target":["https:\/\/vmsport.fi\/verkkokauppa\/ajovarusteet\/vaatteet\/takit-ja-liivit\/rapha-rapha-core-cycling-gilet-black\/"]}]},{"@type":"ImageObject","inLanguage":"sv-SE","@id":"https:\/\/vmsport.fi\/verkkokauppa\/ajovarusteet\/vaatteet\/takit-ja-liivit\/rapha-rapha-core-cycling-gilet-black\/#primaryimage","url":"https:\/\/vmsport.fi\/wp-content\/uploads\/2025\/03\/Q6u0heMbjrkmcHSU8eaki05vaQN7M2l8q3qsu0RPAZq1q82zhw-1.jpg","contentUrl":"https:\/\/vmsport.fi\/wp-content\/uploads\/2025\/03\/Q6u0heMbjrkmcHSU8eaki05vaQN7M2l8q3qsu0RPAZq1q82zhw-1.jpg","width":1000,"height":750,"caption":"Q6u0heMbjrkmcHSU8eaki05vaQN7M2l8q3qsu0RPAZq1q82zhw"},{"@type":"BreadcrumbList","@id":"https:\/\/vmsport.fi\/verkkokauppa\/ajovarusteet\/vaatteet\/takit-ja-liivit\/rapha-rapha-core-cycling-gilet-black\/#breadcrumb","itemListElement":[{"@type":"ListItem","position":1,"name":"Etusivu","item":"https:\/\/vmsport.fi\/"},{"@type":"ListItem","position":2,"name":"Online Store","item":"https:\/\/vmsport.fi\/en\/online-store\/"},{"@type":"ListItem","position":3,"name":"Rapha Rapha Core Cycling Gilet &#8211; BLACK"}]},{"@type":"WebSite","@id":"https:\/\/vmsport.fi\/#website","url":"https:\/\/vmsport.fi\/","name":"Vmsport","description":"Allt p\u00e5 ett st\u00e4lle f\u00f6r cykling","publisher":{"@id":"https:\/\/vmsport.fi\/#organization"},"potentialAction":[{"@type":"SearchAction","target":{"@type":"EntryPoint","urlTemplate":"https:\/\/vmsport.fi\/?s={search_term_string}"},"query-input":{"@type":"PropertyValueSpecification","valueRequired":true,"valueName":"search_term_string"}}],"inLanguage":"sv-SE"},{"@type":"Organization","@id":"https:\/\/vmsport.fi\/#organization","name":"Vmsport","url":"https:\/\/vmsport.fi\/","logo":{"@type":"ImageObject","inLanguage":"sv-SE","@id":"https:\/\/vmsport.fi\/#\/schema\/logo\/image\/","url":"https:\/\/vmsport.fi\/wp-content\/uploads\/2024\/12\/vm_sport_RGB_horisontal-e1734526017575.png","contentUrl":"https:\/\/vmsport.fi\/wp-content\/uploads\/2024\/12\/vm_sport_RGB_horisontal-e1734526017575.png","width":668,"height":85,"caption":"Vmsport"},"image":{"@id":"https:\/\/vmsport.fi\/#\/schema\/logo\/image\/"},"sameAs":["https:\/\/www.facebook.com\/Vmsport.fi\/","https:\/\/www.instagram.com\/vmsport\/"]}]}},"global_unique_id":"","_links":{"self":[{"href":"https:\/\/vmsport.fi\/sv\/wp-json\/wp\/v2\/product\/54417","targetHints":{"allow":["GET"]}}],"collection":[{"href":"https:\/\/vmsport.fi\/sv\/wp-json\/wp\/v2\/product"}],"about":[{"href":"https:\/\/vmsport.fi\/sv\/wp-json\/wp\/v2\/types\/product"}],"replies":[{"embeddable":true,"href":"https:\/\/vmsport.fi\/sv\/wp-json\/wp\/v2\/comments?post=54417"}],"wp:featuredmedia":[{"embeddable":true,"href":"https:\/\/vmsport.fi\/sv\/wp-json\/wp\/v2\/media\/54415"}],"wp:attachment":[{"href":"https:\/\/vmsport.fi\/sv\/wp-json\/wp\/v2\/media?parent=54417"}],"wp:term":[{"taxonomy":"product_brand","embeddable":true,"href":"https:\/\/vmsport.fi\/sv\/wp-json\/wp\/v2\/product_brand?post=54417"},{"taxonomy":"product_model","embeddable":true,"href":"https:\/\/vmsport.fi\/sv\/wp-json\/wp\/v2\/product_model?post=54417"},{"taxonomy":"product_cat","embeddable":true,"href":"https:\/\/vmsport.fi\/sv\/wp-json\/wp\/v2\/product_cat?post=54417"},{"taxonomy":"product_tag","embeddable":true,"href":"https:\/\/vmsport.fi\/sv\/wp-json\/wp\/v2\/product_tag?post=54417"},{"taxonomy":"industry_terminology","embeddable":true,"href":"https:\/\/vmsport.fi\/sv\/wp-json\/wp\/v2\/industry-terminology?post=54417"}],"curies":[{"name":"wp","href":"https:\/\/api.w.org\/{rel}","templated":true}]}}