{"id":54414,"date":"2025-03-05T23:53:22","date_gmt":"2025-03-05T21:53:22","guid":{"rendered":"https:\/\/vmsport.fi\/verkkokauppa\/Ei-luokiteltu\/trek-trek-2023-powerfly-rear-rack\/"},"modified":"2026-03-27T02:00:29","modified_gmt":"2026-03-27T00:00:29","slug":"trek-trek-2023-powerfly-bakre-pakethallare","status":"publish","type":"product","link":"https:\/\/vmsport.fi\/sv\/verkkokauppa\/tarvikkeet\/telineet\/tavaratelineet\/trek-trek-2023-powerfly-rear-rack\/","title":{"rendered":"Trek Trek 2023 Powerfly bakre paketh\u00e5llare"},"content":{"rendered":"<p>Trek Trek 2023 Powerfly bakre paketh\u00e5llare \u00e4r en l\u00e4tt och h\u00e5llbar paketh\u00e5llare som \u00e4r utformad f\u00f6r cykelentusiaster och \u00e4r det perfekta komplementet till din cykelutrustning. Med det h\u00e4r cykeltillbeh\u00f6ret kan du vara s\u00e4ker p\u00e5 sinnesfrid och tillf\u00f6rlitlighet, eftersom det \u00e4r utformat f\u00f6r att klara en m\u00e4ngd olika v\u00e4derf\u00f6rh\u00e5llanden. Lasth\u00e5llaren g\u00f6r det enkelt och praktiskt att transportera dina \u00e4godelar, eftersom dess design maximerar anv\u00e4ndningsm\u00f6jligheterna. Du kan lita p\u00e5 att den kan b\u00e4ra olika laster p\u00e5 ett effektivt s\u00e4tt, eftersom materialen har valts ut noggrant f\u00f6r att s\u00e4kerst\u00e4lla h\u00e5llbarhet. 2023-modellen anv\u00e4nder den senaste tekniken f\u00f6r att g\u00f6ra din k\u00f6rupplevelse s\u00e5 bekv\u00e4m som m\u00f6jligt.<\/p>","protected":false},"excerpt":{"rendered":"<p>Trek Trek 2023 Powerfly Rear Rack on py\u00f6r\u00e4ilyn harrastajille suunniteltu kevyt ja kest\u00e4v\u00e4 tavarateline, joka t\u00e4ydent\u00e4\u00e4 py\u00f6r\u00e4si varustusta erinomaisesti. T\u00e4m\u00e4n py\u00f6r\u00e4n lis\u00e4varusteen avulla voit olla varma mielenrauhasta ja luotettavuudesta, sill\u00e4 se on suunniteltu kest\u00e4m\u00e4\u00e4n erilaisia s\u00e4\u00e4olosuhteita. Teline tekee tavaroiden kuljettamisesta helppoa ja k\u00e4yt\u00e4nn\u00f6llist\u00e4, koska sen muotoilu maksimoi k\u00e4ytt\u00f6mahdollisuudet. Voit luottaa siihen, ett\u00e4 se kannattelee erilaisia [&#8230;]<\/p>\n<p><a class=\"btn btn-secondary understrap-read-more-link\" href=\"https:\/\/vmsport.fi\/sv\/verkkokauppa\/tarvikkeet\/telineet\/tavaratelineet\/trek-trek-2023-powerfly-rear-rack\/\">L\u00e4s mer \u2026<span class=\"screen-reader-text\"> from Trek Trek 2023 Powerfly Rear Rack<\/span><\/a><\/p>\n","protected":false},"featured_media":54412,"comment_status":"open","ping_status":"closed","template":"","meta":{"_acf_changed":false,"_improvement_type_select":"improve_an_existing","_thumb_yes_seoaic":false,"_frame_yes_seoaic":false,"seoaic_generate_description":"","seoaic_improve_instructions_prompt":"","seoaic_rollback_content_improvement":"","seoaic_idea_thumbnail_generator":"","thumbnail_generated":false,"thumbnail_generate_prompt":"","seoaic_article_description":"","_supplier_stock_quantity":0},"product_brand":[37],"product_model":[],"product_cat":[9588],"product_tag":[],"industry-terminology":[],"class_list":{"0":"post-54414","1":"product","2":"type-product","3":"status-publish","4":"has-post-thumbnail","6":"product_brand-trek","7":"product_cat-tavaratelineet","9":"first","10":"instock","11":"taxable","12":"shipping-taxable","13":"purchasable","14":"product-type-simple"},"acf":{"bike_features":null,"overview":{"copy_overview":null,"key_features":null,"statement":"","youtube_url":""}},"yoast_head":"<!-- This site is optimized with the Yoast SEO plugin v27.3 - https:\/\/yoast.com\/product\/yoast-seo-wordpress\/ -->\n<title>Trek Trek 2023 Powerfly Rear Rack - VM Sport<\/title>\n<meta name=\"robots\" content=\"index, follow, max-snippet:-1, max-image-preview:large, max-video-preview:-1\" \/>\n<link rel=\"canonical\" href=\"https:\/\/vmsport.fi\/sv\/webbutik\/tillbehor\/byggnadsstallningar\/bagagehyllor\/trek-trek-2023-powerfly-bakre-pakethallare\/\" \/>\n<meta property=\"og:locale\" content=\"sv_SE\" \/>\n<meta property=\"og:type\" content=\"article\" \/>\n<meta property=\"og:title\" content=\"Trek Trek 2023 Powerfly Rear Rack - VM Sport\" \/>\n<meta property=\"og:description\" content=\"Trek Trek 2023 Powerfly Rear Rack on py\u00f6r\u00e4ilyn harrastajille suunniteltu kevyt ja kest\u00e4v\u00e4 tavarateline, joka t\u00e4ydent\u00e4\u00e4 py\u00f6r\u00e4si varustusta erinomaisesti. T\u00e4m\u00e4n py\u00f6r\u00e4n lis\u00e4varusteen avulla voit olla varma mielenrauhasta ja luotettavuudesta, sill\u00e4 se on suunniteltu kest\u00e4m\u00e4\u00e4n erilaisia s\u00e4\u00e4olosuhteita. Teline tekee tavaroiden kuljettamisesta helppoa ja k\u00e4yt\u00e4nn\u00f6llist\u00e4, koska sen muotoilu maksimoi k\u00e4ytt\u00f6mahdollisuudet. Voit luottaa siihen, ett\u00e4 se kannattelee erilaisia [...]L\u00e4s mer \u2026 from Trek Trek 2023 Powerfly Rear Rack\" \/>\n<meta property=\"og:url\" content=\"https:\/\/vmsport.fi\/sv\/webbutik\/tillbehor\/byggnadsstallningar\/bagagehyllor\/trek-trek-2023-powerfly-bakre-pakethallare\/\" \/>\n<meta property=\"og:site_name\" content=\"VM Sport\" \/>\n<meta property=\"article:publisher\" content=\"https:\/\/www.facebook.com\/Vmsport.fi\/\" \/>\n<meta property=\"article:modified_time\" content=\"2026-03-27T00:00:29+00:00\" \/>\n<meta property=\"og:image\" content=\"https:\/\/vmsport.fi\/wp-content\/uploads\/2025\/03\/uUNHJVtSBpCKX3sR5vvPO5iavULNxAdlomsBVd0vOJjwSIFBsk-1.jpg\" \/>\n\t<meta property=\"og:image:width\" content=\"833\" \/>\n\t<meta property=\"og:image:height\" content=\"1000\" \/>\n\t<meta property=\"og:image:type\" content=\"image\/jpeg\" \/>\n<meta name=\"twitter:card\" content=\"summary_large_image\" \/>\n<script type=\"application\/ld+json\" class=\"yoast-schema-graph\">{\"@context\":\"https:\\\/\\\/schema.org\",\"@graph\":[{\"@type\":[\"WebPage\",\"ItemPage\"],\"@id\":\"https:\\\/\\\/vmsport.fi\\\/verkkokauppa\\\/tarvikkeet\\\/telineet\\\/tavaratelineet\\\/trek-trek-2023-powerfly-rear-rack\\\/\",\"url\":\"https:\\\/\\\/vmsport.fi\\\/verkkokauppa\\\/tarvikkeet\\\/telineet\\\/tavaratelineet\\\/trek-trek-2023-powerfly-rear-rack\\\/\",\"name\":\"Trek Trek 2023 Powerfly Rear Rack - VM Sport\",\"isPartOf\":{\"@id\":\"https:\\\/\\\/vmsport.fi\\\/#website\"},\"primaryImageOfPage\":{\"@id\":\"https:\\\/\\\/vmsport.fi\\\/verkkokauppa\\\/tarvikkeet\\\/telineet\\\/tavaratelineet\\\/trek-trek-2023-powerfly-rear-rack\\\/#primaryimage\"},\"image\":{\"@id\":\"https:\\\/\\\/vmsport.fi\\\/verkkokauppa\\\/tarvikkeet\\\/telineet\\\/tavaratelineet\\\/trek-trek-2023-powerfly-rear-rack\\\/#primaryimage\"},\"thumbnailUrl\":\"https:\\\/\\\/vmsport.fi\\\/wp-content\\\/uploads\\\/2025\\\/03\\\/uUNHJVtSBpCKX3sR5vvPO5iavULNxAdlomsBVd0vOJjwSIFBsk-1.jpg\",\"datePublished\":\"2025-03-05T21:53:22+00:00\",\"dateModified\":\"2026-03-27T00:00:29+00:00\",\"breadcrumb\":{\"@id\":\"https:\\\/\\\/vmsport.fi\\\/verkkokauppa\\\/tarvikkeet\\\/telineet\\\/tavaratelineet\\\/trek-trek-2023-powerfly-rear-rack\\\/#breadcrumb\"},\"inLanguage\":\"sv-SE\",\"potentialAction\":[{\"@type\":\"ReadAction\",\"target\":[\"https:\\\/\\\/vmsport.fi\\\/verkkokauppa\\\/tarvikkeet\\\/telineet\\\/tavaratelineet\\\/trek-trek-2023-powerfly-rear-rack\\\/\"]}]},{\"@type\":\"ImageObject\",\"inLanguage\":\"sv-SE\",\"@id\":\"https:\\\/\\\/vmsport.fi\\\/verkkokauppa\\\/tarvikkeet\\\/telineet\\\/tavaratelineet\\\/trek-trek-2023-powerfly-rear-rack\\\/#primaryimage\",\"url\":\"https:\\\/\\\/vmsport.fi\\\/wp-content\\\/uploads\\\/2025\\\/03\\\/uUNHJVtSBpCKX3sR5vvPO5iavULNxAdlomsBVd0vOJjwSIFBsk-1.jpg\",\"contentUrl\":\"https:\\\/\\\/vmsport.fi\\\/wp-content\\\/uploads\\\/2025\\\/03\\\/uUNHJVtSBpCKX3sR5vvPO5iavULNxAdlomsBVd0vOJjwSIFBsk-1.jpg\",\"width\":833,\"height\":1000,\"caption\":\"uUNHJVtSBpCKX3sR5vvPO5iavULNxAdlomsBVd0vOJjwSIFBsk\"},{\"@type\":\"BreadcrumbList\",\"@id\":\"https:\\\/\\\/vmsport.fi\\\/verkkokauppa\\\/tarvikkeet\\\/telineet\\\/tavaratelineet\\\/trek-trek-2023-powerfly-rear-rack\\\/#breadcrumb\",\"itemListElement\":[{\"@type\":\"ListItem\",\"position\":1,\"name\":\"Etusivu\",\"item\":\"https:\\\/\\\/vmsport.fi\\\/\"},{\"@type\":\"ListItem\",\"position\":2,\"name\":\"Online Store\",\"item\":\"https:\\\/\\\/vmsport.fi\\\/en\\\/online-store\\\/\"},{\"@type\":\"ListItem\",\"position\":3,\"name\":\"Trek polkupy\u00f6r\u00e4t\",\"item\":\"https:\\\/\\\/vmsport.fi\\\/sv\\\/merkki\\\/trek\\\/\"},{\"@type\":\"ListItem\",\"position\":4,\"name\":\"Trek Trek 2023 Powerfly Rear Rack\"}]},{\"@type\":\"WebSite\",\"@id\":\"https:\\\/\\\/vmsport.fi\\\/#website\",\"url\":\"https:\\\/\\\/vmsport.fi\\\/\",\"name\":\"Vmsport\",\"description\":\"Kaikki py\u00f6r\u00e4ilyyn yhdest\u00e4 paikasta\",\"publisher\":{\"@id\":\"https:\\\/\\\/vmsport.fi\\\/#organization\"},\"potentialAction\":[{\"@type\":\"SearchAction\",\"target\":{\"@type\":\"EntryPoint\",\"urlTemplate\":\"https:\\\/\\\/vmsport.fi\\\/?s={search_term_string}\"},\"query-input\":{\"@type\":\"PropertyValueSpecification\",\"valueRequired\":true,\"valueName\":\"search_term_string\"}}],\"inLanguage\":\"sv-SE\"},{\"@type\":\"Organization\",\"@id\":\"https:\\\/\\\/vmsport.fi\\\/#organization\",\"name\":\"Vmsport\",\"url\":\"https:\\\/\\\/vmsport.fi\\\/\",\"logo\":{\"@type\":\"ImageObject\",\"inLanguage\":\"sv-SE\",\"@id\":\"https:\\\/\\\/vmsport.fi\\\/#\\\/schema\\\/logo\\\/image\\\/\",\"url\":\"https:\\\/\\\/vmsport.fi\\\/wp-content\\\/uploads\\\/2024\\\/12\\\/vm_sport_RGB_horisontal-e1734526017575.png\",\"contentUrl\":\"https:\\\/\\\/vmsport.fi\\\/wp-content\\\/uploads\\\/2024\\\/12\\\/vm_sport_RGB_horisontal-e1734526017575.png\",\"width\":668,\"height\":85,\"caption\":\"Vmsport\"},\"image\":{\"@id\":\"https:\\\/\\\/vmsport.fi\\\/#\\\/schema\\\/logo\\\/image\\\/\"},\"sameAs\":[\"https:\\\/\\\/www.facebook.com\\\/Vmsport.fi\\\/\",\"https:\\\/\\\/www.instagram.com\\\/vmsport\\\/\"]}]}<\/script>\n<!-- \/ Yoast SEO plugin. -->","yoast_head_json":{"title":"Trek Trek 2023 Powerfly bakre paketh\u00e5llare - VM Sport","robots":{"index":"index","follow":"follow","max-snippet":"max-snippet:-1","max-image-preview":"max-image-preview:large","max-video-preview":"max-video-preview:-1"},"canonical":"https:\/\/vmsport.fi\/sv\/webbutik\/tillbehor\/byggnadsstallningar\/bagagehyllor\/trek-trek-2023-powerfly-bakre-pakethallare\/","og_locale":"sv_SE","og_type":"article","og_title":"Trek Trek 2023 Powerfly Rear Rack - VM Sport","og_description":"Trek Trek 2023 Powerfly Rear Rack on py\u00f6r\u00e4ilyn harrastajille suunniteltu kevyt ja kest\u00e4v\u00e4 tavarateline, joka t\u00e4ydent\u00e4\u00e4 py\u00f6r\u00e4si varustusta erinomaisesti. T\u00e4m\u00e4n py\u00f6r\u00e4n lis\u00e4varusteen avulla voit olla varma mielenrauhasta ja luotettavuudesta, sill\u00e4 se on suunniteltu kest\u00e4m\u00e4\u00e4n erilaisia s\u00e4\u00e4olosuhteita. Teline tekee tavaroiden kuljettamisesta helppoa ja k\u00e4yt\u00e4nn\u00f6llist\u00e4, koska sen muotoilu maksimoi k\u00e4ytt\u00f6mahdollisuudet. Voit luottaa siihen, ett\u00e4 se kannattelee erilaisia [...]L\u00e4s mer \u2026 from Trek Trek 2023 Powerfly Rear Rack","og_url":"https:\/\/vmsport.fi\/sv\/webbutik\/tillbehor\/byggnadsstallningar\/bagagehyllor\/trek-trek-2023-powerfly-bakre-pakethallare\/","og_site_name":"VM Sport","article_publisher":"https:\/\/www.facebook.com\/Vmsport.fi\/","article_modified_time":"2026-03-27T00:00:29+00:00","og_image":[{"width":833,"height":1000,"url":"https:\/\/vmsport.fi\/wp-content\/uploads\/2025\/03\/uUNHJVtSBpCKX3sR5vvPO5iavULNxAdlomsBVd0vOJjwSIFBsk-1.jpg","type":"image\/jpeg"}],"twitter_card":"summary_large_image","schema":{"@context":"https:\/\/schema.org","@graph":[{"@type":["WebPage","ItemPage"],"@id":"https:\/\/vmsport.fi\/verkkokauppa\/tarvikkeet\/telineet\/tavaratelineet\/trek-trek-2023-powerfly-rear-rack\/","url":"https:\/\/vmsport.fi\/verkkokauppa\/tarvikkeet\/telineet\/tavaratelineet\/trek-trek-2023-powerfly-rear-rack\/","name":"Trek Trek 2023 Powerfly bakre paketh\u00e5llare - VM Sport","isPartOf":{"@id":"https:\/\/vmsport.fi\/#website"},"primaryImageOfPage":{"@id":"https:\/\/vmsport.fi\/verkkokauppa\/tarvikkeet\/telineet\/tavaratelineet\/trek-trek-2023-powerfly-rear-rack\/#primaryimage"},"image":{"@id":"https:\/\/vmsport.fi\/verkkokauppa\/tarvikkeet\/telineet\/tavaratelineet\/trek-trek-2023-powerfly-rear-rack\/#primaryimage"},"thumbnailUrl":"https:\/\/vmsport.fi\/wp-content\/uploads\/2025\/03\/uUNHJVtSBpCKX3sR5vvPO5iavULNxAdlomsBVd0vOJjwSIFBsk-1.jpg","datePublished":"2025-03-05T21:53:22+00:00","dateModified":"2026-03-27T00:00:29+00:00","breadcrumb":{"@id":"https:\/\/vmsport.fi\/verkkokauppa\/tarvikkeet\/telineet\/tavaratelineet\/trek-trek-2023-powerfly-rear-rack\/#breadcrumb"},"inLanguage":"sv-SE","potentialAction":[{"@type":"ReadAction","target":["https:\/\/vmsport.fi\/verkkokauppa\/tarvikkeet\/telineet\/tavaratelineet\/trek-trek-2023-powerfly-rear-rack\/"]}]},{"@type":"ImageObject","inLanguage":"sv-SE","@id":"https:\/\/vmsport.fi\/verkkokauppa\/tarvikkeet\/telineet\/tavaratelineet\/trek-trek-2023-powerfly-rear-rack\/#primaryimage","url":"https:\/\/vmsport.fi\/wp-content\/uploads\/2025\/03\/uUNHJVtSBpCKX3sR5vvPO5iavULNxAdlomsBVd0vOJjwSIFBsk-1.jpg","contentUrl":"https:\/\/vmsport.fi\/wp-content\/uploads\/2025\/03\/uUNHJVtSBpCKX3sR5vvPO5iavULNxAdlomsBVd0vOJjwSIFBsk-1.jpg","width":833,"height":1000,"caption":"uUNHJVtSBpCKX3sR5vvPO5iavULNxAdlomsBVd0vOJjwSIFBsk"},{"@type":"BreadcrumbList","@id":"https:\/\/vmsport.fi\/verkkokauppa\/tarvikkeet\/telineet\/tavaratelineet\/trek-trek-2023-powerfly-rear-rack\/#breadcrumb","itemListElement":[{"@type":"ListItem","position":1,"name":"Etusivu","item":"https:\/\/vmsport.fi\/"},{"@type":"ListItem","position":2,"name":"Online Store","item":"https:\/\/vmsport.fi\/en\/online-store\/"},{"@type":"ListItem","position":3,"name":"Trek polkupy\u00f6r\u00e4t","item":"https:\/\/vmsport.fi\/sv\/merkki\/trek\/"},{"@type":"ListItem","position":4,"name":"Trek Trek 2023 Powerfly Rear Rack"}]},{"@type":"WebSite","@id":"https:\/\/vmsport.fi\/#website","url":"https:\/\/vmsport.fi\/","name":"Vmsport","description":"Allt p\u00e5 ett st\u00e4lle f\u00f6r cykling","publisher":{"@id":"https:\/\/vmsport.fi\/#organization"},"potentialAction":[{"@type":"SearchAction","target":{"@type":"EntryPoint","urlTemplate":"https:\/\/vmsport.fi\/?s={search_term_string}"},"query-input":{"@type":"PropertyValueSpecification","valueRequired":true,"valueName":"search_term_string"}}],"inLanguage":"sv-SE"},{"@type":"Organization","@id":"https:\/\/vmsport.fi\/#organization","name":"Vmsport","url":"https:\/\/vmsport.fi\/","logo":{"@type":"ImageObject","inLanguage":"sv-SE","@id":"https:\/\/vmsport.fi\/#\/schema\/logo\/image\/","url":"https:\/\/vmsport.fi\/wp-content\/uploads\/2024\/12\/vm_sport_RGB_horisontal-e1734526017575.png","contentUrl":"https:\/\/vmsport.fi\/wp-content\/uploads\/2024\/12\/vm_sport_RGB_horisontal-e1734526017575.png","width":668,"height":85,"caption":"Vmsport"},"image":{"@id":"https:\/\/vmsport.fi\/#\/schema\/logo\/image\/"},"sameAs":["https:\/\/www.facebook.com\/Vmsport.fi\/","https:\/\/www.instagram.com\/vmsport\/"]}]}},"global_unique_id":"","_links":{"self":[{"href":"https:\/\/vmsport.fi\/sv\/wp-json\/wp\/v2\/product\/54414","targetHints":{"allow":["GET"]}}],"collection":[{"href":"https:\/\/vmsport.fi\/sv\/wp-json\/wp\/v2\/product"}],"about":[{"href":"https:\/\/vmsport.fi\/sv\/wp-json\/wp\/v2\/types\/product"}],"replies":[{"embeddable":true,"href":"https:\/\/vmsport.fi\/sv\/wp-json\/wp\/v2\/comments?post=54414"}],"wp:featuredmedia":[{"embeddable":true,"href":"https:\/\/vmsport.fi\/sv\/wp-json\/wp\/v2\/media\/54412"}],"wp:attachment":[{"href":"https:\/\/vmsport.fi\/sv\/wp-json\/wp\/v2\/media?parent=54414"}],"wp:term":[{"taxonomy":"product_brand","embeddable":true,"href":"https:\/\/vmsport.fi\/sv\/wp-json\/wp\/v2\/product_brand?post=54414"},{"taxonomy":"product_model","embeddable":true,"href":"https:\/\/vmsport.fi\/sv\/wp-json\/wp\/v2\/product_model?post=54414"},{"taxonomy":"product_cat","embeddable":true,"href":"https:\/\/vmsport.fi\/sv\/wp-json\/wp\/v2\/product_cat?post=54414"},{"taxonomy":"product_tag","embeddable":true,"href":"https:\/\/vmsport.fi\/sv\/wp-json\/wp\/v2\/product_tag?post=54414"},{"taxonomy":"industry_terminology","embeddable":true,"href":"https:\/\/vmsport.fi\/sv\/wp-json\/wp\/v2\/industry-terminology?post=54414"}],"curies":[{"name":"wp","href":"https:\/\/api.w.org\/{rel}","templated":true}]}}