{"id":54402,"date":"2025-03-05T23:53:15","date_gmt":"2025-03-05T21:53:15","guid":{"rendered":"https:\/\/vmsport.fi\/verkkokauppa\/Ei-luokiteltu\/muc-off-wet-lube-120ml\/"},"modified":"2026-01-16T13:25:08","modified_gmt":"2026-01-16T11:25:08","slug":"muc-off-vat-glidmedel-120ml","status":"publish","type":"product","link":"https:\/\/vmsport.fi\/sv\/verkkokauppa\/tarvikkeet\/huolto-ja-pesu\/voiteluaineet\/muc-off-wet-lube-120ml\/","title":{"rendered":"Muc-Off Wet Lube 120ml"},"content":{"rendered":"<p>Muc-Off Wet Lube \u00e4r ett h\u00f6gkvalitativt hjulsm\u00f6rjmedel som \u00e4r speciellt framtaget f\u00f6r v\u00e5ta och leriga f\u00f6rh\u00e5llanden. Den noggrant utvecklade formuleringen s\u00e4kerst\u00e4ller maximal sm\u00f6rjning och skydd av hjulkomponenterna. I tuffa v\u00e4derf\u00f6rh\u00e5llanden s\u00e4kerst\u00e4ller detta sm\u00f6rjmedel att delarna fungerar smidigt och minskar slitaget. Den vattent\u00e4ta formuleringen ger ett effektivt skydd mot fukt och f\u00f6rhindrar rostangrepp. Den h\u00e5llbara och milj\u00f6v\u00e4nliga blandningen \u00e4r tillverkad av naturliga ingredienser, vilket minskar p\u00e5verkan p\u00e5 milj\u00f6n. Sm\u00f6rjmedlet m\u00f6jligg\u00f6r smidiga v\u00e4xlingar och minskar friktionen, vilket i sin tur f\u00f6rb\u00e4ttrar effektiviteten under k\u00f6rning. Pipettflaskan m\u00f6jligg\u00f6r exakt och enkel dosering, vilket g\u00f6r den l\u00e4mplig f\u00f6r kedjor, v\u00e4xlar, kablar och v\u00e4xlar.<\/p>","protected":false},"excerpt":{"rendered":"<p>Muc-Off Wet Lube on korkealaatuinen py\u00f6r\u00e4n voiteluaine, joka on suunniteltu erityisesti kosteisiin ja mutaisiin olosuhteisiin. Sen huolellisesti kehitetty koostumus varmistaa parhaan mahdollisen voitelun ja suojan py\u00f6r\u00e4n osille. Haastavissa s\u00e4\u00e4olosuhteissa t\u00e4m\u00e4 voiteluaine takaa osien sujuvan toiminnan ja v\u00e4hent\u00e4\u00e4 kulumista. Vesitiivis koostumus suojaa tehokkaasti kosteudelta ja ehk\u00e4isee ruostumista. Kest\u00e4v\u00e4 ja ymp\u00e4rist\u00f6yst\u00e4v\u00e4llinen seos on valmistettu luonnonmukaisista ainesosista, mik\u00e4 [&#8230;]<\/p>\n<p><a class=\"btn btn-secondary understrap-read-more-link\" href=\"https:\/\/vmsport.fi\/sv\/verkkokauppa\/tarvikkeet\/huolto-ja-pesu\/voiteluaineet\/muc-off-wet-lube-120ml\/\">L\u00e4s mer \u2026<span class=\"screen-reader-text\"> from Muc-Off Wet Lube 120ml<\/span><\/a><\/p>\n","protected":false},"featured_media":54400,"comment_status":"open","ping_status":"closed","template":"","meta":{"_acf_changed":false,"_improvement_type_select":"improve_an_existing","_thumb_yes_seoaic":false,"_frame_yes_seoaic":false,"seoaic_generate_description":"","seoaic_improve_instructions_prompt":"","seoaic_rollback_content_improvement":"","seoaic_idea_thumbnail_generator":"","thumbnail_generated":false,"thumbnail_generate_prompt":"","seoaic_article_description":"","_supplier_stock_quantity":0},"product_brand":[1584],"product_model":[],"product_cat":[9362],"product_tag":[],"industry-terminology":[],"class_list":{"0":"post-54402","1":"product","2":"type-product","3":"status-publish","4":"has-post-thumbnail","6":"product_brand-muc-off","7":"product_cat-voiteluaineet","9":"first","10":"outofstock","11":"taxable","12":"shipping-taxable","13":"product-type-simple"},"acf":{"bike_features":null,"overview":{"copy_overview":null,"key_features":null,"statement":"","youtube_url":""}},"yoast_head":"<!-- This site is optimized with the Yoast SEO plugin v27.3 - https:\/\/yoast.com\/product\/yoast-seo-wordpress\/ -->\n<title>Muc-Off Wet Lube 120ml - VM Sport<\/title>\n<meta name=\"robots\" content=\"index, follow, max-snippet:-1, max-image-preview:large, max-video-preview:-1\" \/>\n<link rel=\"canonical\" href=\"https:\/\/vmsport.fi\/sv\/webbutik\/tillbehor\/underhall-och-tvatt\/smorjmedel\/muc-off-vat-glidmedel-120ml\/\" \/>\n<meta property=\"og:locale\" content=\"sv_SE\" \/>\n<meta property=\"og:type\" content=\"article\" \/>\n<meta property=\"og:title\" content=\"Muc-Off Wet Lube 120ml - VM Sport\" \/>\n<meta property=\"og:description\" content=\"Muc-Off Wet Lube on korkealaatuinen py\u00f6r\u00e4n voiteluaine, joka on suunniteltu erityisesti kosteisiin ja mutaisiin olosuhteisiin. Sen huolellisesti kehitetty koostumus varmistaa parhaan mahdollisen voitelun ja suojan py\u00f6r\u00e4n osille. Haastavissa s\u00e4\u00e4olosuhteissa t\u00e4m\u00e4 voiteluaine takaa osien sujuvan toiminnan ja v\u00e4hent\u00e4\u00e4 kulumista. Vesitiivis koostumus suojaa tehokkaasti kosteudelta ja ehk\u00e4isee ruostumista. Kest\u00e4v\u00e4 ja ymp\u00e4rist\u00f6yst\u00e4v\u00e4llinen seos on valmistettu luonnonmukaisista ainesosista, mik\u00e4 [...]L\u00e4s mer \u2026 from Muc-Off Wet Lube 120ml\" \/>\n<meta property=\"og:url\" content=\"https:\/\/vmsport.fi\/sv\/webbutik\/tillbehor\/underhall-och-tvatt\/smorjmedel\/muc-off-vat-glidmedel-120ml\/\" \/>\n<meta property=\"og:site_name\" content=\"VM Sport\" \/>\n<meta property=\"article:publisher\" content=\"https:\/\/www.facebook.com\/Vmsport.fi\/\" \/>\n<meta property=\"article:modified_time\" content=\"2026-01-16T11:25:08+00:00\" \/>\n<meta property=\"og:image\" content=\"https:\/\/vmsport.fi\/wp-content\/uploads\/2025\/03\/967-S-1.jpg\" \/>\n\t<meta property=\"og:image:width\" content=\"250\" \/>\n\t<meta property=\"og:image:height\" content=\"762\" \/>\n\t<meta property=\"og:image:type\" content=\"image\/jpeg\" \/>\n<meta name=\"twitter:card\" content=\"summary_large_image\" \/>\n<meta name=\"twitter:label1\" content=\"Ber\u00e4knad l\u00e4stid\" \/>\n\t<meta name=\"twitter:data1\" content=\"1 minut\" \/>\n<script type=\"application\/ld+json\" class=\"yoast-schema-graph\">{\"@context\":\"https:\\\/\\\/schema.org\",\"@graph\":[{\"@type\":[\"WebPage\",\"ItemPage\"],\"@id\":\"https:\\\/\\\/vmsport.fi\\\/verkkokauppa\\\/tarvikkeet\\\/huolto-ja-pesu\\\/voiteluaineet\\\/muc-off-wet-lube-120ml\\\/\",\"url\":\"https:\\\/\\\/vmsport.fi\\\/verkkokauppa\\\/tarvikkeet\\\/huolto-ja-pesu\\\/voiteluaineet\\\/muc-off-wet-lube-120ml\\\/\",\"name\":\"Muc-Off Wet Lube 120ml - VM Sport\",\"isPartOf\":{\"@id\":\"https:\\\/\\\/vmsport.fi\\\/#website\"},\"primaryImageOfPage\":{\"@id\":\"https:\\\/\\\/vmsport.fi\\\/verkkokauppa\\\/tarvikkeet\\\/huolto-ja-pesu\\\/voiteluaineet\\\/muc-off-wet-lube-120ml\\\/#primaryimage\"},\"image\":{\"@id\":\"https:\\\/\\\/vmsport.fi\\\/verkkokauppa\\\/tarvikkeet\\\/huolto-ja-pesu\\\/voiteluaineet\\\/muc-off-wet-lube-120ml\\\/#primaryimage\"},\"thumbnailUrl\":\"https:\\\/\\\/vmsport.fi\\\/wp-content\\\/uploads\\\/2025\\\/03\\\/967-S-1.jpg\",\"datePublished\":\"2025-03-05T21:53:15+00:00\",\"dateModified\":\"2026-01-16T11:25:08+00:00\",\"breadcrumb\":{\"@id\":\"https:\\\/\\\/vmsport.fi\\\/verkkokauppa\\\/tarvikkeet\\\/huolto-ja-pesu\\\/voiteluaineet\\\/muc-off-wet-lube-120ml\\\/#breadcrumb\"},\"inLanguage\":\"sv-SE\",\"potentialAction\":[{\"@type\":\"ReadAction\",\"target\":[\"https:\\\/\\\/vmsport.fi\\\/verkkokauppa\\\/tarvikkeet\\\/huolto-ja-pesu\\\/voiteluaineet\\\/muc-off-wet-lube-120ml\\\/\"]}]},{\"@type\":\"ImageObject\",\"inLanguage\":\"sv-SE\",\"@id\":\"https:\\\/\\\/vmsport.fi\\\/verkkokauppa\\\/tarvikkeet\\\/huolto-ja-pesu\\\/voiteluaineet\\\/muc-off-wet-lube-120ml\\\/#primaryimage\",\"url\":\"https:\\\/\\\/vmsport.fi\\\/wp-content\\\/uploads\\\/2025\\\/03\\\/967-S-1.jpg\",\"contentUrl\":\"https:\\\/\\\/vmsport.fi\\\/wp-content\\\/uploads\\\/2025\\\/03\\\/967-S-1.jpg\",\"width\":250,\"height\":762,\"caption\":\"967-S\"},{\"@type\":\"BreadcrumbList\",\"@id\":\"https:\\\/\\\/vmsport.fi\\\/verkkokauppa\\\/tarvikkeet\\\/huolto-ja-pesu\\\/voiteluaineet\\\/muc-off-wet-lube-120ml\\\/#breadcrumb\",\"itemListElement\":[{\"@type\":\"ListItem\",\"position\":1,\"name\":\"Etusivu\",\"item\":\"https:\\\/\\\/vmsport.fi\\\/\"},{\"@type\":\"ListItem\",\"position\":2,\"name\":\"Online Store\",\"item\":\"https:\\\/\\\/vmsport.fi\\\/en\\\/online-store\\\/\"},{\"@type\":\"ListItem\",\"position\":3,\"name\":\"Muc-Off Wet Lube 120ml\"}]},{\"@type\":\"WebSite\",\"@id\":\"https:\\\/\\\/vmsport.fi\\\/#website\",\"url\":\"https:\\\/\\\/vmsport.fi\\\/\",\"name\":\"Vmsport\",\"description\":\"Kaikki py\u00f6r\u00e4ilyyn yhdest\u00e4 paikasta\",\"publisher\":{\"@id\":\"https:\\\/\\\/vmsport.fi\\\/#organization\"},\"potentialAction\":[{\"@type\":\"SearchAction\",\"target\":{\"@type\":\"EntryPoint\",\"urlTemplate\":\"https:\\\/\\\/vmsport.fi\\\/?s={search_term_string}\"},\"query-input\":{\"@type\":\"PropertyValueSpecification\",\"valueRequired\":true,\"valueName\":\"search_term_string\"}}],\"inLanguage\":\"sv-SE\"},{\"@type\":\"Organization\",\"@id\":\"https:\\\/\\\/vmsport.fi\\\/#organization\",\"name\":\"Vmsport\",\"url\":\"https:\\\/\\\/vmsport.fi\\\/\",\"logo\":{\"@type\":\"ImageObject\",\"inLanguage\":\"sv-SE\",\"@id\":\"https:\\\/\\\/vmsport.fi\\\/#\\\/schema\\\/logo\\\/image\\\/\",\"url\":\"https:\\\/\\\/vmsport.fi\\\/wp-content\\\/uploads\\\/2024\\\/12\\\/vm_sport_RGB_horisontal-e1734526017575.png\",\"contentUrl\":\"https:\\\/\\\/vmsport.fi\\\/wp-content\\\/uploads\\\/2024\\\/12\\\/vm_sport_RGB_horisontal-e1734526017575.png\",\"width\":668,\"height\":85,\"caption\":\"Vmsport\"},\"image\":{\"@id\":\"https:\\\/\\\/vmsport.fi\\\/#\\\/schema\\\/logo\\\/image\\\/\"},\"sameAs\":[\"https:\\\/\\\/www.facebook.com\\\/Vmsport.fi\\\/\",\"https:\\\/\\\/www.instagram.com\\\/vmsport\\\/\"]}]}<\/script>\n<!-- \/ Yoast SEO plugin. -->","yoast_head_json":{"title":"Muc-Off Wet Lube 120ml - VM Sport","robots":{"index":"index","follow":"follow","max-snippet":"max-snippet:-1","max-image-preview":"max-image-preview:large","max-video-preview":"max-video-preview:-1"},"canonical":"https:\/\/vmsport.fi\/sv\/webbutik\/tillbehor\/underhall-och-tvatt\/smorjmedel\/muc-off-vat-glidmedel-120ml\/","og_locale":"sv_SE","og_type":"article","og_title":"Muc-Off Wet Lube 120ml - VM Sport","og_description":"Muc-Off Wet Lube on korkealaatuinen py\u00f6r\u00e4n voiteluaine, joka on suunniteltu erityisesti kosteisiin ja mutaisiin olosuhteisiin. Sen huolellisesti kehitetty koostumus varmistaa parhaan mahdollisen voitelun ja suojan py\u00f6r\u00e4n osille. Haastavissa s\u00e4\u00e4olosuhteissa t\u00e4m\u00e4 voiteluaine takaa osien sujuvan toiminnan ja v\u00e4hent\u00e4\u00e4 kulumista. Vesitiivis koostumus suojaa tehokkaasti kosteudelta ja ehk\u00e4isee ruostumista. Kest\u00e4v\u00e4 ja ymp\u00e4rist\u00f6yst\u00e4v\u00e4llinen seos on valmistettu luonnonmukaisista ainesosista, mik\u00e4 [...]L\u00e4s mer \u2026 from Muc-Off Wet Lube 120ml","og_url":"https:\/\/vmsport.fi\/sv\/webbutik\/tillbehor\/underhall-och-tvatt\/smorjmedel\/muc-off-vat-glidmedel-120ml\/","og_site_name":"VM Sport","article_publisher":"https:\/\/www.facebook.com\/Vmsport.fi\/","article_modified_time":"2026-01-16T11:25:08+00:00","og_image":[{"width":250,"height":762,"url":"https:\/\/vmsport.fi\/wp-content\/uploads\/2025\/03\/967-S-1.jpg","type":"image\/jpeg"}],"twitter_card":"summary_large_image","twitter_misc":{"Ber\u00e4knad l\u00e4stid":"1 minut"},"schema":{"@context":"https:\/\/schema.org","@graph":[{"@type":["WebPage","ItemPage"],"@id":"https:\/\/vmsport.fi\/verkkokauppa\/tarvikkeet\/huolto-ja-pesu\/voiteluaineet\/muc-off-wet-lube-120ml\/","url":"https:\/\/vmsport.fi\/verkkokauppa\/tarvikkeet\/huolto-ja-pesu\/voiteluaineet\/muc-off-wet-lube-120ml\/","name":"Muc-Off Wet Lube 120ml - VM Sport","isPartOf":{"@id":"https:\/\/vmsport.fi\/#website"},"primaryImageOfPage":{"@id":"https:\/\/vmsport.fi\/verkkokauppa\/tarvikkeet\/huolto-ja-pesu\/voiteluaineet\/muc-off-wet-lube-120ml\/#primaryimage"},"image":{"@id":"https:\/\/vmsport.fi\/verkkokauppa\/tarvikkeet\/huolto-ja-pesu\/voiteluaineet\/muc-off-wet-lube-120ml\/#primaryimage"},"thumbnailUrl":"https:\/\/vmsport.fi\/wp-content\/uploads\/2025\/03\/967-S-1.jpg","datePublished":"2025-03-05T21:53:15+00:00","dateModified":"2026-01-16T11:25:08+00:00","breadcrumb":{"@id":"https:\/\/vmsport.fi\/verkkokauppa\/tarvikkeet\/huolto-ja-pesu\/voiteluaineet\/muc-off-wet-lube-120ml\/#breadcrumb"},"inLanguage":"sv-SE","potentialAction":[{"@type":"ReadAction","target":["https:\/\/vmsport.fi\/verkkokauppa\/tarvikkeet\/huolto-ja-pesu\/voiteluaineet\/muc-off-wet-lube-120ml\/"]}]},{"@type":"ImageObject","inLanguage":"sv-SE","@id":"https:\/\/vmsport.fi\/verkkokauppa\/tarvikkeet\/huolto-ja-pesu\/voiteluaineet\/muc-off-wet-lube-120ml\/#primaryimage","url":"https:\/\/vmsport.fi\/wp-content\/uploads\/2025\/03\/967-S-1.jpg","contentUrl":"https:\/\/vmsport.fi\/wp-content\/uploads\/2025\/03\/967-S-1.jpg","width":250,"height":762,"caption":"967-S"},{"@type":"BreadcrumbList","@id":"https:\/\/vmsport.fi\/verkkokauppa\/tarvikkeet\/huolto-ja-pesu\/voiteluaineet\/muc-off-wet-lube-120ml\/#breadcrumb","itemListElement":[{"@type":"ListItem","position":1,"name":"Etusivu","item":"https:\/\/vmsport.fi\/"},{"@type":"ListItem","position":2,"name":"Online Store","item":"https:\/\/vmsport.fi\/en\/online-store\/"},{"@type":"ListItem","position":3,"name":"Muc-Off Wet Lube 120ml"}]},{"@type":"WebSite","@id":"https:\/\/vmsport.fi\/#website","url":"https:\/\/vmsport.fi\/","name":"Vmsport","description":"Allt p\u00e5 ett st\u00e4lle f\u00f6r cykling","publisher":{"@id":"https:\/\/vmsport.fi\/#organization"},"potentialAction":[{"@type":"SearchAction","target":{"@type":"EntryPoint","urlTemplate":"https:\/\/vmsport.fi\/?s={search_term_string}"},"query-input":{"@type":"PropertyValueSpecification","valueRequired":true,"valueName":"search_term_string"}}],"inLanguage":"sv-SE"},{"@type":"Organization","@id":"https:\/\/vmsport.fi\/#organization","name":"Vmsport","url":"https:\/\/vmsport.fi\/","logo":{"@type":"ImageObject","inLanguage":"sv-SE","@id":"https:\/\/vmsport.fi\/#\/schema\/logo\/image\/","url":"https:\/\/vmsport.fi\/wp-content\/uploads\/2024\/12\/vm_sport_RGB_horisontal-e1734526017575.png","contentUrl":"https:\/\/vmsport.fi\/wp-content\/uploads\/2024\/12\/vm_sport_RGB_horisontal-e1734526017575.png","width":668,"height":85,"caption":"Vmsport"},"image":{"@id":"https:\/\/vmsport.fi\/#\/schema\/logo\/image\/"},"sameAs":["https:\/\/www.facebook.com\/Vmsport.fi\/","https:\/\/www.instagram.com\/vmsport\/"]}]}},"global_unique_id":"","_links":{"self":[{"href":"https:\/\/vmsport.fi\/sv\/wp-json\/wp\/v2\/product\/54402","targetHints":{"allow":["GET"]}}],"collection":[{"href":"https:\/\/vmsport.fi\/sv\/wp-json\/wp\/v2\/product"}],"about":[{"href":"https:\/\/vmsport.fi\/sv\/wp-json\/wp\/v2\/types\/product"}],"replies":[{"embeddable":true,"href":"https:\/\/vmsport.fi\/sv\/wp-json\/wp\/v2\/comments?post=54402"}],"wp:featuredmedia":[{"embeddable":true,"href":"https:\/\/vmsport.fi\/sv\/wp-json\/wp\/v2\/media\/54400"}],"wp:attachment":[{"href":"https:\/\/vmsport.fi\/sv\/wp-json\/wp\/v2\/media?parent=54402"}],"wp:term":[{"taxonomy":"product_brand","embeddable":true,"href":"https:\/\/vmsport.fi\/sv\/wp-json\/wp\/v2\/product_brand?post=54402"},{"taxonomy":"product_model","embeddable":true,"href":"https:\/\/vmsport.fi\/sv\/wp-json\/wp\/v2\/product_model?post=54402"},{"taxonomy":"product_cat","embeddable":true,"href":"https:\/\/vmsport.fi\/sv\/wp-json\/wp\/v2\/product_cat?post=54402"},{"taxonomy":"product_tag","embeddable":true,"href":"https:\/\/vmsport.fi\/sv\/wp-json\/wp\/v2\/product_tag?post=54402"},{"taxonomy":"industry_terminology","embeddable":true,"href":"https:\/\/vmsport.fi\/sv\/wp-json\/wp\/v2\/industry-terminology?post=54402"}],"curies":[{"name":"wp","href":"https:\/\/api.w.org\/{rel}","templated":true}]}}