{"id":54393,"date":"2025-03-05T23:53:10","date_gmt":"2025-03-05T21:53:10","guid":{"rendered":"https:\/\/vmsport.fi\/verkkokauppa\/Ei-luokiteltu\/bontrager-rhythm-comp-elite-8-11-gears-vapaaratas\/"},"modified":"2026-04-22T15:00:59","modified_gmt":"2026-04-22T12:00:59","slug":"bontrager-rhythm-comp-elite-8-11-vaxlar-freeride-tavlingar","status":"publish","type":"product","link":"https:\/\/vmsport.fi\/sv\/verkkokauppa\/varaosat\/kiekot-ja-navat\/navat-ja-osat\/bontrager-rhythm-comp-elite-8-11-gears-vapaaratas\/","title":{"rendered":"Bontrager Rhythm Comp\/Elite 8-11-v\u00e4xlar freeride-glas\u00f6gon"},"content":{"rendered":"<p>Bontragers Rhythm Comp\/Elite-frihjul \u00e4r utformat f\u00f6r att fungera s\u00f6ml\u00f6st med cyklar med 8-11 v\u00e4xlar, vilket g\u00f6r det till ett m\u00e5ngsidigt alternativ f\u00f6r kr\u00e4vande cyklister. Frihjulets noggrant konstruerade design s\u00e4kerst\u00e4ller en j\u00e4mn och effektiv kraft\u00f6verf\u00f6ring f\u00f6r f\u00f6rb\u00e4ttrad k\u00f6rkomfort. Frihjulet \u00e4r tillverkat av h\u00e5llbara material och \u00e4r perfekt f\u00f6r daglig och l\u00e5ngvarig anv\u00e4ndning. Den h\u00e4r produkten \u00e4r ett utm\u00e4rkt val f\u00f6r dig som v\u00e4rdes\u00e4tter b\u00e5de tillf\u00f6rlitlighet och prestanda.<\/p>","protected":false},"excerpt":{"rendered":"<p>Bontrager Rhythm Comp\/Elite -vapaaratas on suunniteltu toimimaan saumattomasti 8\u201311-vaihteisten polkupy\u00f6rien kanssa, joten se on monipuolinen vaihtoehto vaativille py\u00f6r\u00e4ilij\u00f6ille. Vapaarattaan huolellisesti suunniteltu rakenne varmistaa tasaisen ja tehokkaan voimansiirron, mik\u00e4 parantaa ajomukavuutta. Kest\u00e4v\u00e4st\u00e4 materiaalista valmistettu vapaaratas sopii erinomaisesti p\u00e4ivitt\u00e4iseen ja pitk\u00e4aikaiseen k\u00e4ytt\u00f6\u00f6n. T\u00e4m\u00e4 tuote on loistava valinta niille, jotka arvostavat sek\u00e4 luotettavuutta ett\u00e4 suorituskyky\u00e4. [&#8230;]<\/p>\n<p><a class=\"btn btn-secondary understrap-read-more-link\" href=\"https:\/\/vmsport.fi\/sv\/verkkokauppa\/varaosat\/kiekot-ja-navat\/navat-ja-osat\/bontrager-rhythm-comp-elite-8-11-gears-vapaaratas\/\">L\u00e4s mer \u2026<span class=\"screen-reader-text\"> from Bontrager Rhythm Comp\/Elite 8-11-gears vapaaratas<\/span><\/a><\/p>\n","protected":false},"featured_media":54392,"comment_status":"open","ping_status":"closed","template":"","meta":{"_acf_changed":false,"_improvement_type_select":"improve_an_existing","_thumb_yes_seoaic":false,"_frame_yes_seoaic":false,"seoaic_generate_description":"","seoaic_improve_instructions_prompt":"","seoaic_rollback_content_improvement":"","seoaic_idea_thumbnail_generator":"","thumbnail_generated":false,"thumbnail_generate_prompt":"","seoaic_article_description":"","_supplier_stock_quantity":0},"product_brand":[],"product_model":[],"product_cat":[9248],"product_tag":[],"industry-terminology":[],"class_list":{"0":"post-54393","1":"product","2":"type-product","3":"status-publish","4":"has-post-thumbnail","6":"product_cat-navat-ja-osat","8":"first","9":"instock","10":"taxable","11":"shipping-taxable","12":"purchasable","13":"product-type-simple"},"acf":{"bike_features":null,"overview":{"copy_overview":null,"key_features":null,"statement":"","youtube_url":""}},"yoast_head":"<!-- This site is optimized with the Yoast SEO plugin v27.4 - https:\/\/yoast.com\/product\/yoast-seo-wordpress\/ -->\n<title>Bontrager Rhythm Comp\/Elite 8-11-gears vapaaratas - VM Sport<\/title>\n<meta name=\"robots\" content=\"index, follow, max-snippet:-1, max-image-preview:large, max-video-preview:-1\" \/>\n<link rel=\"canonical\" href=\"https:\/\/vmsport.fi\/sv\/webbutik\/reservdelar\/skivor-och-nav\/stolpar-och-delar\/bontrager-rhythm-comp-elite-8-11-vaxlar-freeride-tavlingar\/\" \/>\n<meta property=\"og:locale\" content=\"sv_SE\" \/>\n<meta property=\"og:type\" content=\"article\" \/>\n<meta property=\"og:title\" content=\"Bontrager Rhythm Comp\/Elite 8-11-gears vapaaratas - VM Sport\" \/>\n<meta property=\"og:description\" content=\"Bontrager Rhythm Comp\/Elite -vapaaratas on suunniteltu toimimaan saumattomasti 8\u201311-vaihteisten polkupy\u00f6rien kanssa, joten se on monipuolinen vaihtoehto vaativille py\u00f6r\u00e4ilij\u00f6ille. Vapaarattaan huolellisesti suunniteltu rakenne varmistaa tasaisen ja tehokkaan voimansiirron, mik\u00e4 parantaa ajomukavuutta. Kest\u00e4v\u00e4st\u00e4 materiaalista valmistettu vapaaratas sopii erinomaisesti p\u00e4ivitt\u00e4iseen ja pitk\u00e4aikaiseen k\u00e4ytt\u00f6\u00f6n. T\u00e4m\u00e4 tuote on loistava valinta niille, jotka arvostavat sek\u00e4 luotettavuutta ett\u00e4 suorituskyky\u00e4. [...]L\u00e4s mer \u2026 from Bontrager Rhythm Comp\/Elite 8-11-gears vapaaratas\" \/>\n<meta property=\"og:url\" content=\"https:\/\/vmsport.fi\/sv\/webbutik\/reservdelar\/skivor-och-nav\/stolpar-och-delar\/bontrager-rhythm-comp-elite-8-11-vaxlar-freeride-tavlingar\/\" \/>\n<meta property=\"og:site_name\" content=\"VM Sport\" \/>\n<meta property=\"article:publisher\" content=\"https:\/\/www.facebook.com\/Vmsport.fi\/\" \/>\n<meta property=\"article:modified_time\" content=\"2026-04-22T12:00:59+00:00\" \/>\n<meta property=\"og:image\" content=\"https:\/\/vmsport.fi\/wp-content\/uploads\/2025\/03\/pCpWgAccXqj9dC1Bo1NKeedkZ2WmXfEe5XfJAWA6SYnPOzl0pL-1.jpg\" \/>\n\t<meta property=\"og:image:width\" content=\"400\" \/>\n\t<meta property=\"og:image:height\" content=\"218\" \/>\n\t<meta property=\"og:image:type\" content=\"image\/jpeg\" \/>\n<meta name=\"twitter:card\" content=\"summary_large_image\" \/>\n<script type=\"application\/ld+json\" class=\"yoast-schema-graph\">{\"@context\":\"https:\\\/\\\/schema.org\",\"@graph\":[{\"@type\":[\"WebPage\",\"ItemPage\"],\"@id\":\"https:\\\/\\\/vmsport.fi\\\/verkkokauppa\\\/varaosat\\\/kiekot-ja-navat\\\/navat-ja-osat\\\/bontrager-rhythm-comp-elite-8-11-gears-vapaaratas\\\/\",\"url\":\"https:\\\/\\\/vmsport.fi\\\/verkkokauppa\\\/varaosat\\\/kiekot-ja-navat\\\/navat-ja-osat\\\/bontrager-rhythm-comp-elite-8-11-gears-vapaaratas\\\/\",\"name\":\"Bontrager Rhythm Comp\\\/Elite 8-11-gears vapaaratas - VM Sport\",\"isPartOf\":{\"@id\":\"https:\\\/\\\/vmsport.fi\\\/#website\"},\"primaryImageOfPage\":{\"@id\":\"https:\\\/\\\/vmsport.fi\\\/verkkokauppa\\\/varaosat\\\/kiekot-ja-navat\\\/navat-ja-osat\\\/bontrager-rhythm-comp-elite-8-11-gears-vapaaratas\\\/#primaryimage\"},\"image\":{\"@id\":\"https:\\\/\\\/vmsport.fi\\\/verkkokauppa\\\/varaosat\\\/kiekot-ja-navat\\\/navat-ja-osat\\\/bontrager-rhythm-comp-elite-8-11-gears-vapaaratas\\\/#primaryimage\"},\"thumbnailUrl\":\"https:\\\/\\\/vmsport.fi\\\/wp-content\\\/uploads\\\/2025\\\/03\\\/pCpWgAccXqj9dC1Bo1NKeedkZ2WmXfEe5XfJAWA6SYnPOzl0pL-1.jpg\",\"datePublished\":\"2025-03-05T21:53:10+00:00\",\"dateModified\":\"2026-04-22T12:00:59+00:00\",\"breadcrumb\":{\"@id\":\"https:\\\/\\\/vmsport.fi\\\/verkkokauppa\\\/varaosat\\\/kiekot-ja-navat\\\/navat-ja-osat\\\/bontrager-rhythm-comp-elite-8-11-gears-vapaaratas\\\/#breadcrumb\"},\"inLanguage\":\"sv-SE\",\"potentialAction\":[{\"@type\":\"ReadAction\",\"target\":[\"https:\\\/\\\/vmsport.fi\\\/verkkokauppa\\\/varaosat\\\/kiekot-ja-navat\\\/navat-ja-osat\\\/bontrager-rhythm-comp-elite-8-11-gears-vapaaratas\\\/\"]}]},{\"@type\":\"ImageObject\",\"inLanguage\":\"sv-SE\",\"@id\":\"https:\\\/\\\/vmsport.fi\\\/verkkokauppa\\\/varaosat\\\/kiekot-ja-navat\\\/navat-ja-osat\\\/bontrager-rhythm-comp-elite-8-11-gears-vapaaratas\\\/#primaryimage\",\"url\":\"https:\\\/\\\/vmsport.fi\\\/wp-content\\\/uploads\\\/2025\\\/03\\\/pCpWgAccXqj9dC1Bo1NKeedkZ2WmXfEe5XfJAWA6SYnPOzl0pL-1.jpg\",\"contentUrl\":\"https:\\\/\\\/vmsport.fi\\\/wp-content\\\/uploads\\\/2025\\\/03\\\/pCpWgAccXqj9dC1Bo1NKeedkZ2WmXfEe5XfJAWA6SYnPOzl0pL-1.jpg\",\"width\":400,\"height\":218,\"caption\":\"pCpWgAccXqj9dC1Bo1NKeedkZ2WmXfEe5XfJAWA6SYnPOzl0pL\"},{\"@type\":\"BreadcrumbList\",\"@id\":\"https:\\\/\\\/vmsport.fi\\\/verkkokauppa\\\/varaosat\\\/kiekot-ja-navat\\\/navat-ja-osat\\\/bontrager-rhythm-comp-elite-8-11-gears-vapaaratas\\\/#breadcrumb\",\"itemListElement\":[{\"@type\":\"ListItem\",\"position\":1,\"name\":\"Etusivu\",\"item\":\"https:\\\/\\\/vmsport.fi\\\/\"},{\"@type\":\"ListItem\",\"position\":2,\"name\":\"Online Store\",\"item\":\"https:\\\/\\\/vmsport.fi\\\/en\\\/online-store\\\/\"},{\"@type\":\"ListItem\",\"position\":3,\"name\":\"Bontrager Rhythm Comp\\\/Elite 8-11-gears vapaaratas\"}]},{\"@type\":\"WebSite\",\"@id\":\"https:\\\/\\\/vmsport.fi\\\/#website\",\"url\":\"https:\\\/\\\/vmsport.fi\\\/\",\"name\":\"Vmsport\",\"description\":\"Kaikki py\u00f6r\u00e4ilyyn yhdest\u00e4 paikasta\",\"publisher\":{\"@id\":\"https:\\\/\\\/vmsport.fi\\\/#organization\"},\"potentialAction\":[{\"@type\":\"SearchAction\",\"target\":{\"@type\":\"EntryPoint\",\"urlTemplate\":\"https:\\\/\\\/vmsport.fi\\\/?s={search_term_string}\"},\"query-input\":{\"@type\":\"PropertyValueSpecification\",\"valueRequired\":true,\"valueName\":\"search_term_string\"}}],\"inLanguage\":\"sv-SE\"},{\"@type\":\"Organization\",\"@id\":\"https:\\\/\\\/vmsport.fi\\\/#organization\",\"name\":\"Vmsport\",\"url\":\"https:\\\/\\\/vmsport.fi\\\/\",\"logo\":{\"@type\":\"ImageObject\",\"inLanguage\":\"sv-SE\",\"@id\":\"https:\\\/\\\/vmsport.fi\\\/#\\\/schema\\\/logo\\\/image\\\/\",\"url\":\"https:\\\/\\\/vmsport.fi\\\/wp-content\\\/uploads\\\/2024\\\/12\\\/vm_sport_RGB_horisontal-e1734526017575.png\",\"contentUrl\":\"https:\\\/\\\/vmsport.fi\\\/wp-content\\\/uploads\\\/2024\\\/12\\\/vm_sport_RGB_horisontal-e1734526017575.png\",\"width\":668,\"height\":85,\"caption\":\"Vmsport\"},\"image\":{\"@id\":\"https:\\\/\\\/vmsport.fi\\\/#\\\/schema\\\/logo\\\/image\\\/\"},\"sameAs\":[\"https:\\\/\\\/www.facebook.com\\\/Vmsport.fi\\\/\",\"https:\\\/\\\/www.instagram.com\\\/vmsport\\\/\"]}]}<\/script>\n<!-- \/ Yoast SEO plugin. -->","yoast_head_json":{"title":"Bontrager Rhythm Comp\/Elite 8-11 v\u00e4xlar freestyle - VM Sport","robots":{"index":"index","follow":"follow","max-snippet":"max-snippet:-1","max-image-preview":"max-image-preview:large","max-video-preview":"max-video-preview:-1"},"canonical":"https:\/\/vmsport.fi\/sv\/webbutik\/reservdelar\/skivor-och-nav\/stolpar-och-delar\/bontrager-rhythm-comp-elite-8-11-vaxlar-freeride-tavlingar\/","og_locale":"sv_SE","og_type":"article","og_title":"Bontrager Rhythm Comp\/Elite 8-11-gears vapaaratas - VM Sport","og_description":"Bontrager Rhythm Comp\/Elite -vapaaratas on suunniteltu toimimaan saumattomasti 8\u201311-vaihteisten polkupy\u00f6rien kanssa, joten se on monipuolinen vaihtoehto vaativille py\u00f6r\u00e4ilij\u00f6ille. Vapaarattaan huolellisesti suunniteltu rakenne varmistaa tasaisen ja tehokkaan voimansiirron, mik\u00e4 parantaa ajomukavuutta. Kest\u00e4v\u00e4st\u00e4 materiaalista valmistettu vapaaratas sopii erinomaisesti p\u00e4ivitt\u00e4iseen ja pitk\u00e4aikaiseen k\u00e4ytt\u00f6\u00f6n. T\u00e4m\u00e4 tuote on loistava valinta niille, jotka arvostavat sek\u00e4 luotettavuutta ett\u00e4 suorituskyky\u00e4. [...]L\u00e4s mer \u2026 from Bontrager Rhythm Comp\/Elite 8-11-gears vapaaratas","og_url":"https:\/\/vmsport.fi\/sv\/webbutik\/reservdelar\/skivor-och-nav\/stolpar-och-delar\/bontrager-rhythm-comp-elite-8-11-vaxlar-freeride-tavlingar\/","og_site_name":"VM Sport","article_publisher":"https:\/\/www.facebook.com\/Vmsport.fi\/","article_modified_time":"2026-04-22T12:00:59+00:00","og_image":[{"width":400,"height":218,"url":"https:\/\/vmsport.fi\/wp-content\/uploads\/2025\/03\/pCpWgAccXqj9dC1Bo1NKeedkZ2WmXfEe5XfJAWA6SYnPOzl0pL-1.jpg","type":"image\/jpeg"}],"twitter_card":"summary_large_image","schema":{"@context":"https:\/\/schema.org","@graph":[{"@type":["WebPage","ItemPage"],"@id":"https:\/\/vmsport.fi\/verkkokauppa\/varaosat\/kiekot-ja-navat\/navat-ja-osat\/bontrager-rhythm-comp-elite-8-11-gears-vapaaratas\/","url":"https:\/\/vmsport.fi\/verkkokauppa\/varaosat\/kiekot-ja-navat\/navat-ja-osat\/bontrager-rhythm-comp-elite-8-11-gears-vapaaratas\/","name":"Bontrager Rhythm Comp\/Elite 8-11 v\u00e4xlar freestyle - VM Sport","isPartOf":{"@id":"https:\/\/vmsport.fi\/#website"},"primaryImageOfPage":{"@id":"https:\/\/vmsport.fi\/verkkokauppa\/varaosat\/kiekot-ja-navat\/navat-ja-osat\/bontrager-rhythm-comp-elite-8-11-gears-vapaaratas\/#primaryimage"},"image":{"@id":"https:\/\/vmsport.fi\/verkkokauppa\/varaosat\/kiekot-ja-navat\/navat-ja-osat\/bontrager-rhythm-comp-elite-8-11-gears-vapaaratas\/#primaryimage"},"thumbnailUrl":"https:\/\/vmsport.fi\/wp-content\/uploads\/2025\/03\/pCpWgAccXqj9dC1Bo1NKeedkZ2WmXfEe5XfJAWA6SYnPOzl0pL-1.jpg","datePublished":"2025-03-05T21:53:10+00:00","dateModified":"2026-04-22T12:00:59+00:00","breadcrumb":{"@id":"https:\/\/vmsport.fi\/verkkokauppa\/varaosat\/kiekot-ja-navat\/navat-ja-osat\/bontrager-rhythm-comp-elite-8-11-gears-vapaaratas\/#breadcrumb"},"inLanguage":"sv-SE","potentialAction":[{"@type":"ReadAction","target":["https:\/\/vmsport.fi\/verkkokauppa\/varaosat\/kiekot-ja-navat\/navat-ja-osat\/bontrager-rhythm-comp-elite-8-11-gears-vapaaratas\/"]}]},{"@type":"ImageObject","inLanguage":"sv-SE","@id":"https:\/\/vmsport.fi\/verkkokauppa\/varaosat\/kiekot-ja-navat\/navat-ja-osat\/bontrager-rhythm-comp-elite-8-11-gears-vapaaratas\/#primaryimage","url":"https:\/\/vmsport.fi\/wp-content\/uploads\/2025\/03\/pCpWgAccXqj9dC1Bo1NKeedkZ2WmXfEe5XfJAWA6SYnPOzl0pL-1.jpg","contentUrl":"https:\/\/vmsport.fi\/wp-content\/uploads\/2025\/03\/pCpWgAccXqj9dC1Bo1NKeedkZ2WmXfEe5XfJAWA6SYnPOzl0pL-1.jpg","width":400,"height":218,"caption":"pCpWgAccXqj9dC1Bo1NKeedkZ2WmXfEe5XfJAWA6SYnPOzl0pL"},{"@type":"BreadcrumbList","@id":"https:\/\/vmsport.fi\/verkkokauppa\/varaosat\/kiekot-ja-navat\/navat-ja-osat\/bontrager-rhythm-comp-elite-8-11-gears-vapaaratas\/#breadcrumb","itemListElement":[{"@type":"ListItem","position":1,"name":"Etusivu","item":"https:\/\/vmsport.fi\/"},{"@type":"ListItem","position":2,"name":"Online Store","item":"https:\/\/vmsport.fi\/en\/online-store\/"},{"@type":"ListItem","position":3,"name":"Bontrager Rhythm Comp\/Elite 8-11-gears vapaaratas"}]},{"@type":"WebSite","@id":"https:\/\/vmsport.fi\/#website","url":"https:\/\/vmsport.fi\/","name":"Vmsport","description":"Allt p\u00e5 ett st\u00e4lle f\u00f6r cykling","publisher":{"@id":"https:\/\/vmsport.fi\/#organization"},"potentialAction":[{"@type":"SearchAction","target":{"@type":"EntryPoint","urlTemplate":"https:\/\/vmsport.fi\/?s={search_term_string}"},"query-input":{"@type":"PropertyValueSpecification","valueRequired":true,"valueName":"search_term_string"}}],"inLanguage":"sv-SE"},{"@type":"Organization","@id":"https:\/\/vmsport.fi\/#organization","name":"Vmsport","url":"https:\/\/vmsport.fi\/","logo":{"@type":"ImageObject","inLanguage":"sv-SE","@id":"https:\/\/vmsport.fi\/#\/schema\/logo\/image\/","url":"https:\/\/vmsport.fi\/wp-content\/uploads\/2024\/12\/vm_sport_RGB_horisontal-e1734526017575.png","contentUrl":"https:\/\/vmsport.fi\/wp-content\/uploads\/2024\/12\/vm_sport_RGB_horisontal-e1734526017575.png","width":668,"height":85,"caption":"Vmsport"},"image":{"@id":"https:\/\/vmsport.fi\/#\/schema\/logo\/image\/"},"sameAs":["https:\/\/www.facebook.com\/Vmsport.fi\/","https:\/\/www.instagram.com\/vmsport\/"]}]}},"global_unique_id":"","_links":{"self":[{"href":"https:\/\/vmsport.fi\/sv\/wp-json\/wp\/v2\/product\/54393","targetHints":{"allow":["GET"]}}],"collection":[{"href":"https:\/\/vmsport.fi\/sv\/wp-json\/wp\/v2\/product"}],"about":[{"href":"https:\/\/vmsport.fi\/sv\/wp-json\/wp\/v2\/types\/product"}],"replies":[{"embeddable":true,"href":"https:\/\/vmsport.fi\/sv\/wp-json\/wp\/v2\/comments?post=54393"}],"wp:featuredmedia":[{"embeddable":true,"href":"https:\/\/vmsport.fi\/sv\/wp-json\/wp\/v2\/media\/54392"}],"wp:attachment":[{"href":"https:\/\/vmsport.fi\/sv\/wp-json\/wp\/v2\/media?parent=54393"}],"wp:term":[{"taxonomy":"product_brand","embeddable":true,"href":"https:\/\/vmsport.fi\/sv\/wp-json\/wp\/v2\/product_brand?post=54393"},{"taxonomy":"product_model","embeddable":true,"href":"https:\/\/vmsport.fi\/sv\/wp-json\/wp\/v2\/product_model?post=54393"},{"taxonomy":"product_cat","embeddable":true,"href":"https:\/\/vmsport.fi\/sv\/wp-json\/wp\/v2\/product_cat?post=54393"},{"taxonomy":"product_tag","embeddable":true,"href":"https:\/\/vmsport.fi\/sv\/wp-json\/wp\/v2\/product_tag?post=54393"},{"taxonomy":"industry_terminology","embeddable":true,"href":"https:\/\/vmsport.fi\/sv\/wp-json\/wp\/v2\/industry-terminology?post=54393"}],"curies":[{"name":"wp","href":"https:\/\/api.w.org\/{rel}","templated":true}]}}