{"id":54391,"date":"2025-03-05T23:53:09","date_gmt":"2025-03-05T21:53:09","guid":{"rendered":"https:\/\/vmsport.fi\/verkkokauppa\/Ei-luokiteltu\/pikaventtiili-cavo-2kpl-pss\/"},"modified":"2026-03-13T02:00:15","modified_gmt":"2026-03-13T00:00:15","slug":"pikaventtiili-cavo-2kpl-pss","status":"publish","type":"product","link":"https:\/\/vmsport.fi\/sv\/verkkokauppa\/renkaat\/sisarenkaat\/pikaventtiili-cavo-2kpl-pss\/","title":{"rendered":"Snabbutl\u00f6sningsventil Cavo (2 st\/st)"},"content":{"rendered":"<p>Pikaventtiili Cavo on k\u00e4yt\u00e4nn\u00f6llinen kaksipakkaus, joka sopii erinomaisesti erilaisten laitteiden yhdist\u00e4miseen. T\u00e4m\u00e4 kest\u00e4v\u00e4 ja luotettava venttiili yhdist\u00e4\u00e4 kauniisti mustan ja metallin. Sen huolellisesti suunniteltu rakenne takaa helpon ja tehokkaan k\u00e4yt\u00f6n, olipa kyseess\u00e4 sitten p\u00e4ivitt\u00e4inen tai satunnainen tarve. T\u00e4m\u00e4 kompakti ratkaisu varmistaa, ett\u00e4 yhteydet pysyv\u00e4t vahvoina ja toimivina.<\/p>","protected":false},"excerpt":{"rendered":"<p>Pikaventtiili Cavo on k\u00e4yt\u00e4nn\u00f6llinen kaksipakkaus, joka sopii erinomaisesti erilaisten laitteiden yhdist\u00e4miseen. T\u00e4m\u00e4 kest\u00e4v\u00e4 ja luotettava venttiili yhdist\u00e4\u00e4 kauniisti mustan ja metallin. Sen huolellisesti suunniteltu rakenne takaa helpon ja tehokkaan k\u00e4yt\u00f6n, olipa kyseess\u00e4 sitten p\u00e4ivitt\u00e4inen tai satunnainen tarve. T\u00e4m\u00e4 kompakti ratkaisu varmistaa, ett\u00e4 yhteydet pysyv\u00e4t vahvoina ja toimivina. [&#8230;]<\/p>\n<p><a class=\"btn btn-secondary understrap-read-more-link\" href=\"https:\/\/vmsport.fi\/sv\/verkkokauppa\/renkaat\/sisarenkaat\/pikaventtiili-cavo-2kpl-pss\/\">L\u00e4s mer \u2026<span class=\"screen-reader-text\"> from Pikaventtiili Cavo (2kpl\/Pss)<\/span><\/a><\/p>\n","protected":false},"featured_media":54390,"comment_status":"open","ping_status":"closed","template":"","meta":{"_acf_changed":false,"_improvement_type_select":"improve_an_existing","_thumb_yes_seoaic":false,"_frame_yes_seoaic":false,"seoaic_generate_description":"","seoaic_improve_instructions_prompt":"","seoaic_rollback_content_improvement":"","seoaic_idea_thumbnail_generator":"","thumbnail_generated":false,"thumbnail_generate_prompt":"","seoaic_article_description":"","_supplier_stock_quantity":0},"product_brand":[],"product_model":[],"product_cat":[9312],"product_tag":[],"industry-terminology":[],"class_list":{"0":"post-54391","1":"product","2":"type-product","3":"status-publish","4":"has-post-thumbnail","6":"product_cat-sisarenkaat","8":"first","9":"outofstock","10":"taxable","11":"shipping-taxable","12":"product-type-simple"},"acf":{"bike_features":null,"overview":{"copy_overview":null,"key_features":null,"statement":"","youtube_url":""}},"yoast_head":"<!-- This site is optimized with the Yoast SEO plugin v27.3 - https:\/\/yoast.com\/product\/yoast-seo-wordpress\/ -->\n<title>Pikaventtiili Cavo (2kpl\/Pss) - VM Sport<\/title>\n<meta name=\"robots\" content=\"index, follow, max-snippet:-1, max-image-preview:large, max-video-preview:-1\" \/>\n<link rel=\"canonical\" href=\"https:\/\/vmsport.fi\/sv\/webbutik\/dack\/systerdack\/pikaventtiili-cavo-2kpl-pss\/\" \/>\n<meta property=\"og:locale\" content=\"sv_SE\" \/>\n<meta property=\"og:type\" content=\"article\" \/>\n<meta property=\"og:title\" content=\"Pikaventtiili Cavo (2kpl\/Pss) - VM Sport\" \/>\n<meta property=\"og:description\" content=\"Pikaventtiili Cavo on k\u00e4yt\u00e4nn\u00f6llinen kaksipakkaus, joka sopii erinomaisesti erilaisten laitteiden yhdist\u00e4miseen. T\u00e4m\u00e4 kest\u00e4v\u00e4 ja luotettava venttiili yhdist\u00e4\u00e4 kauniisti mustan ja metallin. Sen huolellisesti suunniteltu rakenne takaa helpon ja tehokkaan k\u00e4yt\u00f6n, olipa kyseess\u00e4 sitten p\u00e4ivitt\u00e4inen tai satunnainen tarve. T\u00e4m\u00e4 kompakti ratkaisu varmistaa, ett\u00e4 yhteydet pysyv\u00e4t vahvoina ja toimivina. [...]L\u00e4s mer \u2026 from Pikaventtiili Cavo (2kpl\/Pss)\" \/>\n<meta property=\"og:url\" content=\"https:\/\/vmsport.fi\/sv\/webbutik\/dack\/systerdack\/pikaventtiili-cavo-2kpl-pss\/\" \/>\n<meta property=\"og:site_name\" content=\"VM Sport\" \/>\n<meta property=\"article:publisher\" content=\"https:\/\/www.facebook.com\/Vmsport.fi\/\" \/>\n<meta property=\"article:modified_time\" content=\"2026-03-13T00:00:15+00:00\" \/>\n<meta property=\"og:image\" content=\"https:\/\/vmsport.fi\/wp-content\/uploads\/2025\/03\/63049-1.jpg\" \/>\n\t<meta property=\"og:image:width\" content=\"800\" \/>\n\t<meta property=\"og:image:height\" content=\"800\" \/>\n\t<meta property=\"og:image:type\" content=\"image\/jpeg\" \/>\n<meta name=\"twitter:card\" content=\"summary_large_image\" \/>\n<script type=\"application\/ld+json\" class=\"yoast-schema-graph\">{\"@context\":\"https:\\\/\\\/schema.org\",\"@graph\":[{\"@type\":[\"WebPage\",\"ItemPage\"],\"@id\":\"https:\\\/\\\/vmsport.fi\\\/verkkokauppa\\\/renkaat\\\/sisarenkaat\\\/pikaventtiili-cavo-2kpl-pss\\\/\",\"url\":\"https:\\\/\\\/vmsport.fi\\\/verkkokauppa\\\/renkaat\\\/sisarenkaat\\\/pikaventtiili-cavo-2kpl-pss\\\/\",\"name\":\"Pikaventtiili Cavo (2kpl\\\/Pss) - VM Sport\",\"isPartOf\":{\"@id\":\"https:\\\/\\\/vmsport.fi\\\/#website\"},\"primaryImageOfPage\":{\"@id\":\"https:\\\/\\\/vmsport.fi\\\/verkkokauppa\\\/renkaat\\\/sisarenkaat\\\/pikaventtiili-cavo-2kpl-pss\\\/#primaryimage\"},\"image\":{\"@id\":\"https:\\\/\\\/vmsport.fi\\\/verkkokauppa\\\/renkaat\\\/sisarenkaat\\\/pikaventtiili-cavo-2kpl-pss\\\/#primaryimage\"},\"thumbnailUrl\":\"https:\\\/\\\/vmsport.fi\\\/wp-content\\\/uploads\\\/2025\\\/03\\\/63049-1.jpg\",\"datePublished\":\"2025-03-05T21:53:09+00:00\",\"dateModified\":\"2026-03-13T00:00:15+00:00\",\"breadcrumb\":{\"@id\":\"https:\\\/\\\/vmsport.fi\\\/verkkokauppa\\\/renkaat\\\/sisarenkaat\\\/pikaventtiili-cavo-2kpl-pss\\\/#breadcrumb\"},\"inLanguage\":\"sv-SE\",\"potentialAction\":[{\"@type\":\"ReadAction\",\"target\":[\"https:\\\/\\\/vmsport.fi\\\/verkkokauppa\\\/renkaat\\\/sisarenkaat\\\/pikaventtiili-cavo-2kpl-pss\\\/\"]}]},{\"@type\":\"ImageObject\",\"inLanguage\":\"sv-SE\",\"@id\":\"https:\\\/\\\/vmsport.fi\\\/verkkokauppa\\\/renkaat\\\/sisarenkaat\\\/pikaventtiili-cavo-2kpl-pss\\\/#primaryimage\",\"url\":\"https:\\\/\\\/vmsport.fi\\\/wp-content\\\/uploads\\\/2025\\\/03\\\/63049-1.jpg\",\"contentUrl\":\"https:\\\/\\\/vmsport.fi\\\/wp-content\\\/uploads\\\/2025\\\/03\\\/63049-1.jpg\",\"width\":800,\"height\":800,\"caption\":\"63049\"},{\"@type\":\"BreadcrumbList\",\"@id\":\"https:\\\/\\\/vmsport.fi\\\/verkkokauppa\\\/renkaat\\\/sisarenkaat\\\/pikaventtiili-cavo-2kpl-pss\\\/#breadcrumb\",\"itemListElement\":[{\"@type\":\"ListItem\",\"position\":1,\"name\":\"Etusivu\",\"item\":\"https:\\\/\\\/vmsport.fi\\\/\"},{\"@type\":\"ListItem\",\"position\":2,\"name\":\"Online Store\",\"item\":\"https:\\\/\\\/vmsport.fi\\\/en\\\/online-store\\\/\"},{\"@type\":\"ListItem\",\"position\":3,\"name\":\"Pikaventtiili Cavo (2kpl\\\/Pss)\"}]},{\"@type\":\"WebSite\",\"@id\":\"https:\\\/\\\/vmsport.fi\\\/#website\",\"url\":\"https:\\\/\\\/vmsport.fi\\\/\",\"name\":\"Vmsport\",\"description\":\"Kaikki py\u00f6r\u00e4ilyyn yhdest\u00e4 paikasta\",\"publisher\":{\"@id\":\"https:\\\/\\\/vmsport.fi\\\/#organization\"},\"potentialAction\":[{\"@type\":\"SearchAction\",\"target\":{\"@type\":\"EntryPoint\",\"urlTemplate\":\"https:\\\/\\\/vmsport.fi\\\/?s={search_term_string}\"},\"query-input\":{\"@type\":\"PropertyValueSpecification\",\"valueRequired\":true,\"valueName\":\"search_term_string\"}}],\"inLanguage\":\"sv-SE\"},{\"@type\":\"Organization\",\"@id\":\"https:\\\/\\\/vmsport.fi\\\/#organization\",\"name\":\"Vmsport\",\"url\":\"https:\\\/\\\/vmsport.fi\\\/\",\"logo\":{\"@type\":\"ImageObject\",\"inLanguage\":\"sv-SE\",\"@id\":\"https:\\\/\\\/vmsport.fi\\\/#\\\/schema\\\/logo\\\/image\\\/\",\"url\":\"https:\\\/\\\/vmsport.fi\\\/wp-content\\\/uploads\\\/2024\\\/12\\\/vm_sport_RGB_horisontal-e1734526017575.png\",\"contentUrl\":\"https:\\\/\\\/vmsport.fi\\\/wp-content\\\/uploads\\\/2024\\\/12\\\/vm_sport_RGB_horisontal-e1734526017575.png\",\"width\":668,\"height\":85,\"caption\":\"Vmsport\"},\"image\":{\"@id\":\"https:\\\/\\\/vmsport.fi\\\/#\\\/schema\\\/logo\\\/image\\\/\"},\"sameAs\":[\"https:\\\/\\\/www.facebook.com\\\/Vmsport.fi\\\/\",\"https:\\\/\\\/www.instagram.com\\\/vmsport\\\/\"]}]}<\/script>\n<!-- \/ Yoast SEO plugin. -->","yoast_head_json":{"title":"Pikaventtiili Cavo (2kpl\/Pss) - VM Sport","robots":{"index":"index","follow":"follow","max-snippet":"max-snippet:-1","max-image-preview":"max-image-preview:large","max-video-preview":"max-video-preview:-1"},"canonical":"https:\/\/vmsport.fi\/sv\/webbutik\/dack\/systerdack\/pikaventtiili-cavo-2kpl-pss\/","og_locale":"sv_SE","og_type":"article","og_title":"Pikaventtiili Cavo (2kpl\/Pss) - VM Sport","og_description":"Pikaventtiili Cavo on k\u00e4yt\u00e4nn\u00f6llinen kaksipakkaus, joka sopii erinomaisesti erilaisten laitteiden yhdist\u00e4miseen. T\u00e4m\u00e4 kest\u00e4v\u00e4 ja luotettava venttiili yhdist\u00e4\u00e4 kauniisti mustan ja metallin. Sen huolellisesti suunniteltu rakenne takaa helpon ja tehokkaan k\u00e4yt\u00f6n, olipa kyseess\u00e4 sitten p\u00e4ivitt\u00e4inen tai satunnainen tarve. T\u00e4m\u00e4 kompakti ratkaisu varmistaa, ett\u00e4 yhteydet pysyv\u00e4t vahvoina ja toimivina. [...]L\u00e4s mer \u2026 from Pikaventtiili Cavo (2kpl\/Pss)","og_url":"https:\/\/vmsport.fi\/sv\/webbutik\/dack\/systerdack\/pikaventtiili-cavo-2kpl-pss\/","og_site_name":"VM Sport","article_publisher":"https:\/\/www.facebook.com\/Vmsport.fi\/","article_modified_time":"2026-03-13T00:00:15+00:00","og_image":[{"width":800,"height":800,"url":"https:\/\/vmsport.fi\/wp-content\/uploads\/2025\/03\/63049-1.jpg","type":"image\/jpeg"}],"twitter_card":"summary_large_image","schema":{"@context":"https:\/\/schema.org","@graph":[{"@type":["WebPage","ItemPage"],"@id":"https:\/\/vmsport.fi\/verkkokauppa\/renkaat\/sisarenkaat\/pikaventtiili-cavo-2kpl-pss\/","url":"https:\/\/vmsport.fi\/verkkokauppa\/renkaat\/sisarenkaat\/pikaventtiili-cavo-2kpl-pss\/","name":"Pikaventtiili Cavo (2kpl\/Pss) - VM Sport","isPartOf":{"@id":"https:\/\/vmsport.fi\/#website"},"primaryImageOfPage":{"@id":"https:\/\/vmsport.fi\/verkkokauppa\/renkaat\/sisarenkaat\/pikaventtiili-cavo-2kpl-pss\/#primaryimage"},"image":{"@id":"https:\/\/vmsport.fi\/verkkokauppa\/renkaat\/sisarenkaat\/pikaventtiili-cavo-2kpl-pss\/#primaryimage"},"thumbnailUrl":"https:\/\/vmsport.fi\/wp-content\/uploads\/2025\/03\/63049-1.jpg","datePublished":"2025-03-05T21:53:09+00:00","dateModified":"2026-03-13T00:00:15+00:00","breadcrumb":{"@id":"https:\/\/vmsport.fi\/verkkokauppa\/renkaat\/sisarenkaat\/pikaventtiili-cavo-2kpl-pss\/#breadcrumb"},"inLanguage":"sv-SE","potentialAction":[{"@type":"ReadAction","target":["https:\/\/vmsport.fi\/verkkokauppa\/renkaat\/sisarenkaat\/pikaventtiili-cavo-2kpl-pss\/"]}]},{"@type":"ImageObject","inLanguage":"sv-SE","@id":"https:\/\/vmsport.fi\/verkkokauppa\/renkaat\/sisarenkaat\/pikaventtiili-cavo-2kpl-pss\/#primaryimage","url":"https:\/\/vmsport.fi\/wp-content\/uploads\/2025\/03\/63049-1.jpg","contentUrl":"https:\/\/vmsport.fi\/wp-content\/uploads\/2025\/03\/63049-1.jpg","width":800,"height":800,"caption":"63049"},{"@type":"BreadcrumbList","@id":"https:\/\/vmsport.fi\/verkkokauppa\/renkaat\/sisarenkaat\/pikaventtiili-cavo-2kpl-pss\/#breadcrumb","itemListElement":[{"@type":"ListItem","position":1,"name":"Etusivu","item":"https:\/\/vmsport.fi\/"},{"@type":"ListItem","position":2,"name":"Online Store","item":"https:\/\/vmsport.fi\/en\/online-store\/"},{"@type":"ListItem","position":3,"name":"Pikaventtiili Cavo (2kpl\/Pss)"}]},{"@type":"WebSite","@id":"https:\/\/vmsport.fi\/#website","url":"https:\/\/vmsport.fi\/","name":"Vmsport","description":"Allt p\u00e5 ett st\u00e4lle f\u00f6r cykling","publisher":{"@id":"https:\/\/vmsport.fi\/#organization"},"potentialAction":[{"@type":"SearchAction","target":{"@type":"EntryPoint","urlTemplate":"https:\/\/vmsport.fi\/?s={search_term_string}"},"query-input":{"@type":"PropertyValueSpecification","valueRequired":true,"valueName":"search_term_string"}}],"inLanguage":"sv-SE"},{"@type":"Organization","@id":"https:\/\/vmsport.fi\/#organization","name":"Vmsport","url":"https:\/\/vmsport.fi\/","logo":{"@type":"ImageObject","inLanguage":"sv-SE","@id":"https:\/\/vmsport.fi\/#\/schema\/logo\/image\/","url":"https:\/\/vmsport.fi\/wp-content\/uploads\/2024\/12\/vm_sport_RGB_horisontal-e1734526017575.png","contentUrl":"https:\/\/vmsport.fi\/wp-content\/uploads\/2024\/12\/vm_sport_RGB_horisontal-e1734526017575.png","width":668,"height":85,"caption":"Vmsport"},"image":{"@id":"https:\/\/vmsport.fi\/#\/schema\/logo\/image\/"},"sameAs":["https:\/\/www.facebook.com\/Vmsport.fi\/","https:\/\/www.instagram.com\/vmsport\/"]}]}},"global_unique_id":"","_links":{"self":[{"href":"https:\/\/vmsport.fi\/sv\/wp-json\/wp\/v2\/product\/54391","targetHints":{"allow":["GET"]}}],"collection":[{"href":"https:\/\/vmsport.fi\/sv\/wp-json\/wp\/v2\/product"}],"about":[{"href":"https:\/\/vmsport.fi\/sv\/wp-json\/wp\/v2\/types\/product"}],"replies":[{"embeddable":true,"href":"https:\/\/vmsport.fi\/sv\/wp-json\/wp\/v2\/comments?post=54391"}],"wp:featuredmedia":[{"embeddable":true,"href":"https:\/\/vmsport.fi\/sv\/wp-json\/wp\/v2\/media\/54390"}],"wp:attachment":[{"href":"https:\/\/vmsport.fi\/sv\/wp-json\/wp\/v2\/media?parent=54391"}],"wp:term":[{"taxonomy":"product_brand","embeddable":true,"href":"https:\/\/vmsport.fi\/sv\/wp-json\/wp\/v2\/product_brand?post=54391"},{"taxonomy":"product_model","embeddable":true,"href":"https:\/\/vmsport.fi\/sv\/wp-json\/wp\/v2\/product_model?post=54391"},{"taxonomy":"product_cat","embeddable":true,"href":"https:\/\/vmsport.fi\/sv\/wp-json\/wp\/v2\/product_cat?post=54391"},{"taxonomy":"product_tag","embeddable":true,"href":"https:\/\/vmsport.fi\/sv\/wp-json\/wp\/v2\/product_tag?post=54391"},{"taxonomy":"industry_terminology","embeddable":true,"href":"https:\/\/vmsport.fi\/sv\/wp-json\/wp\/v2\/industry-terminology?post=54391"}],"curies":[{"name":"wp","href":"https:\/\/api.w.org\/{rel}","templated":true}]}}