{"id":54389,"date":"2025-03-05T23:53:08","date_gmt":"2025-03-05T21:53:08","guid":{"rendered":"https:\/\/vmsport.fi\/verkkokauppa\/Ei-luokiteltu\/xlc-quick-release-qr-l02-aluminium-crmo\/"},"modified":"2026-01-16T13:23:32","modified_gmt":"2026-01-16T11:23:32","slug":"xlc-snabbkoppling-qr-l02-aluminium-crmo","status":"publish","type":"product","link":"https:\/\/vmsport.fi\/sv\/verkkokauppa\/varaosat\/kiekot-ja-navat\/irtopyorat-ja-osat\/xlc-quick-release-qr-l02-aluminium-crmo\/","title":{"rendered":"XLC Snabbkoppling QR-L02 Aluminium\/CrMo"},"content":{"rendered":"<p>XLC Quick Release QR-L02 \u00e4r ett utm\u00e4rkt cykeltillbeh\u00f6r tillverkat av h\u00e5llbart aluminium och CrMo-st\u00e5l. Med den h\u00e4r produkten kan du enkelt och snabbt byta hjulskiva, vilket g\u00f6r underh\u00e5llet av cykeln mycket enklare. Aluminiumets l\u00e4tthet och slitstyrka i kombination med CrMo-st\u00e5lets styrka garanterar en l\u00e5ng livsl\u00e4ngd. En snabbkopplingsmekanism ger en tillf\u00f6rlitlig och t\u00e4t passform. Det h\u00e4r tillbeh\u00f6ret \u00e4r det perfekta valet f\u00f6r aktiva cyklister som uppskattar h\u00f6g kvalitet och funktionalitet.<\/p>","protected":false},"excerpt":{"rendered":"<p>XLC Quick Release QR-L02 on erinomainen py\u00f6r\u00e4ilyvaruste, joka on valmistettu kest\u00e4v\u00e4st\u00e4 alumiinista ja CrMo-ter\u00e4ksest\u00e4. T\u00e4m\u00e4n tuotteen avulla voi helposti ja nopeasti vaihtaa py\u00f6r\u00e4n kiekon, mik\u00e4 tekee py\u00f6r\u00e4n huollosta huomattavasti helpompaa. Alumiinin keveys ja kulutuskest\u00e4vyys yhdistyv\u00e4t CrMo-ter\u00e4ksen vahvuuteen, ja t\u00e4m\u00e4 varmistaa pitk\u00e4n k\u00e4ytt\u00f6i\u00e4n. Nopea vapautusmekanismi tarjoaa luotettavan ja tiukan kiinnityksen. T\u00e4m\u00e4 lis\u00e4varuste on ihanteellinen valinta aktiivisille [&#8230;]<\/p>\n<p><a class=\"btn btn-secondary understrap-read-more-link\" href=\"https:\/\/vmsport.fi\/sv\/verkkokauppa\/varaosat\/kiekot-ja-navat\/irtopyorat-ja-osat\/xlc-quick-release-qr-l02-aluminium-crmo\/\">L\u00e4s mer \u2026<span class=\"screen-reader-text\"> from XLC Quick release QR-L02 Aluminium\/CrMo<\/span><\/a><\/p>\n","protected":false},"featured_media":54388,"comment_status":"open","ping_status":"closed","template":"","meta":{"_acf_changed":false,"_improvement_type_select":"improve_an_existing","_thumb_yes_seoaic":false,"_frame_yes_seoaic":false,"seoaic_generate_description":"","seoaic_improve_instructions_prompt":"","seoaic_rollback_content_improvement":"","seoaic_idea_thumbnail_generator":"","thumbnail_generated":false,"thumbnail_generate_prompt":"","seoaic_article_description":"","_supplier_stock_quantity":0},"product_brand":[],"product_model":[],"product_cat":[9302],"product_tag":[],"industry-terminology":[],"class_list":{"0":"post-54389","1":"product","2":"type-product","3":"status-publish","4":"has-post-thumbnail","6":"product_cat-irtopyorat-ja-osat","8":"first","9":"instock","10":"taxable","11":"shipping-taxable","12":"purchasable","13":"product-type-simple"},"acf":{"bike_features":null,"overview":{"copy_overview":null,"key_features":null,"statement":"","youtube_url":""}},"yoast_head":"<!-- This site is optimized with the Yoast SEO plugin v27.3 - https:\/\/yoast.com\/product\/yoast-seo-wordpress\/ -->\n<title>XLC Quick release QR-L02 Aluminium\/CrMo - VM Sport<\/title>\n<meta name=\"robots\" content=\"index, follow, max-snippet:-1, max-image-preview:large, max-video-preview:-1\" \/>\n<link rel=\"canonical\" href=\"https:\/\/vmsport.fi\/sv\/webbutik\/reservdelar\/skivor-och-nav\/losa-ror-och-delar\/xlc-snabbkoppling-qr-l02-aluminium-crmo\/\" \/>\n<meta property=\"og:locale\" content=\"sv_SE\" \/>\n<meta property=\"og:type\" content=\"article\" \/>\n<meta property=\"og:title\" content=\"XLC Quick release QR-L02 Aluminium\/CrMo - VM Sport\" \/>\n<meta property=\"og:description\" content=\"XLC Quick Release QR-L02 on erinomainen py\u00f6r\u00e4ilyvaruste, joka on valmistettu kest\u00e4v\u00e4st\u00e4 alumiinista ja CrMo-ter\u00e4ksest\u00e4. T\u00e4m\u00e4n tuotteen avulla voi helposti ja nopeasti vaihtaa py\u00f6r\u00e4n kiekon, mik\u00e4 tekee py\u00f6r\u00e4n huollosta huomattavasti helpompaa. Alumiinin keveys ja kulutuskest\u00e4vyys yhdistyv\u00e4t CrMo-ter\u00e4ksen vahvuuteen, ja t\u00e4m\u00e4 varmistaa pitk\u00e4n k\u00e4ytt\u00f6i\u00e4n. Nopea vapautusmekanismi tarjoaa luotettavan ja tiukan kiinnityksen. T\u00e4m\u00e4 lis\u00e4varuste on ihanteellinen valinta aktiivisille [...]L\u00e4s mer \u2026 from XLC Quick release QR-L02 Aluminium\/CrMo\" \/>\n<meta property=\"og:url\" content=\"https:\/\/vmsport.fi\/sv\/webbutik\/reservdelar\/skivor-och-nav\/losa-ror-och-delar\/xlc-snabbkoppling-qr-l02-aluminium-crmo\/\" \/>\n<meta property=\"og:site_name\" content=\"VM Sport\" \/>\n<meta property=\"article:publisher\" content=\"https:\/\/www.facebook.com\/Vmsport.fi\/\" \/>\n<meta property=\"article:modified_time\" content=\"2026-01-16T11:23:32+00:00\" \/>\n<meta property=\"og:image\" content=\"https:\/\/vmsport.fi\/wp-content\/uploads\/2025\/03\/2501601550-1.jpg\" \/>\n\t<meta property=\"og:image:width\" content=\"675\" \/>\n\t<meta property=\"og:image:height\" content=\"768\" \/>\n\t<meta property=\"og:image:type\" content=\"image\/jpeg\" \/>\n<meta name=\"twitter:card\" content=\"summary_large_image\" \/>\n<script type=\"application\/ld+json\" class=\"yoast-schema-graph\">{\"@context\":\"https:\\\/\\\/schema.org\",\"@graph\":[{\"@type\":[\"WebPage\",\"ItemPage\"],\"@id\":\"https:\\\/\\\/vmsport.fi\\\/verkkokauppa\\\/varaosat\\\/kiekot-ja-navat\\\/irtopyorat-ja-osat\\\/xlc-quick-release-qr-l02-aluminium-crmo\\\/\",\"url\":\"https:\\\/\\\/vmsport.fi\\\/verkkokauppa\\\/varaosat\\\/kiekot-ja-navat\\\/irtopyorat-ja-osat\\\/xlc-quick-release-qr-l02-aluminium-crmo\\\/\",\"name\":\"XLC Quick release QR-L02 Aluminium\\\/CrMo - VM Sport\",\"isPartOf\":{\"@id\":\"https:\\\/\\\/vmsport.fi\\\/#website\"},\"primaryImageOfPage\":{\"@id\":\"https:\\\/\\\/vmsport.fi\\\/verkkokauppa\\\/varaosat\\\/kiekot-ja-navat\\\/irtopyorat-ja-osat\\\/xlc-quick-release-qr-l02-aluminium-crmo\\\/#primaryimage\"},\"image\":{\"@id\":\"https:\\\/\\\/vmsport.fi\\\/verkkokauppa\\\/varaosat\\\/kiekot-ja-navat\\\/irtopyorat-ja-osat\\\/xlc-quick-release-qr-l02-aluminium-crmo\\\/#primaryimage\"},\"thumbnailUrl\":\"https:\\\/\\\/vmsport.fi\\\/wp-content\\\/uploads\\\/2025\\\/03\\\/2501601550-1.jpg\",\"datePublished\":\"2025-03-05T21:53:08+00:00\",\"dateModified\":\"2026-01-16T11:23:32+00:00\",\"breadcrumb\":{\"@id\":\"https:\\\/\\\/vmsport.fi\\\/verkkokauppa\\\/varaosat\\\/kiekot-ja-navat\\\/irtopyorat-ja-osat\\\/xlc-quick-release-qr-l02-aluminium-crmo\\\/#breadcrumb\"},\"inLanguage\":\"sv-SE\",\"potentialAction\":[{\"@type\":\"ReadAction\",\"target\":[\"https:\\\/\\\/vmsport.fi\\\/verkkokauppa\\\/varaosat\\\/kiekot-ja-navat\\\/irtopyorat-ja-osat\\\/xlc-quick-release-qr-l02-aluminium-crmo\\\/\"]}]},{\"@type\":\"ImageObject\",\"inLanguage\":\"sv-SE\",\"@id\":\"https:\\\/\\\/vmsport.fi\\\/verkkokauppa\\\/varaosat\\\/kiekot-ja-navat\\\/irtopyorat-ja-osat\\\/xlc-quick-release-qr-l02-aluminium-crmo\\\/#primaryimage\",\"url\":\"https:\\\/\\\/vmsport.fi\\\/wp-content\\\/uploads\\\/2025\\\/03\\\/2501601550-1.jpg\",\"contentUrl\":\"https:\\\/\\\/vmsport.fi\\\/wp-content\\\/uploads\\\/2025\\\/03\\\/2501601550-1.jpg\",\"width\":675,\"height\":768,\"caption\":\"2501601550\"},{\"@type\":\"BreadcrumbList\",\"@id\":\"https:\\\/\\\/vmsport.fi\\\/verkkokauppa\\\/varaosat\\\/kiekot-ja-navat\\\/irtopyorat-ja-osat\\\/xlc-quick-release-qr-l02-aluminium-crmo\\\/#breadcrumb\",\"itemListElement\":[{\"@type\":\"ListItem\",\"position\":1,\"name\":\"Etusivu\",\"item\":\"https:\\\/\\\/vmsport.fi\\\/\"},{\"@type\":\"ListItem\",\"position\":2,\"name\":\"Online Store\",\"item\":\"https:\\\/\\\/vmsport.fi\\\/en\\\/online-store\\\/\"},{\"@type\":\"ListItem\",\"position\":3,\"name\":\"XLC Quick release QR-L02 Aluminium\\\/CrMo\"}]},{\"@type\":\"WebSite\",\"@id\":\"https:\\\/\\\/vmsport.fi\\\/#website\",\"url\":\"https:\\\/\\\/vmsport.fi\\\/\",\"name\":\"Vmsport\",\"description\":\"Kaikki py\u00f6r\u00e4ilyyn yhdest\u00e4 paikasta\",\"publisher\":{\"@id\":\"https:\\\/\\\/vmsport.fi\\\/#organization\"},\"potentialAction\":[{\"@type\":\"SearchAction\",\"target\":{\"@type\":\"EntryPoint\",\"urlTemplate\":\"https:\\\/\\\/vmsport.fi\\\/?s={search_term_string}\"},\"query-input\":{\"@type\":\"PropertyValueSpecification\",\"valueRequired\":true,\"valueName\":\"search_term_string\"}}],\"inLanguage\":\"sv-SE\"},{\"@type\":\"Organization\",\"@id\":\"https:\\\/\\\/vmsport.fi\\\/#organization\",\"name\":\"Vmsport\",\"url\":\"https:\\\/\\\/vmsport.fi\\\/\",\"logo\":{\"@type\":\"ImageObject\",\"inLanguage\":\"sv-SE\",\"@id\":\"https:\\\/\\\/vmsport.fi\\\/#\\\/schema\\\/logo\\\/image\\\/\",\"url\":\"https:\\\/\\\/vmsport.fi\\\/wp-content\\\/uploads\\\/2024\\\/12\\\/vm_sport_RGB_horisontal-e1734526017575.png\",\"contentUrl\":\"https:\\\/\\\/vmsport.fi\\\/wp-content\\\/uploads\\\/2024\\\/12\\\/vm_sport_RGB_horisontal-e1734526017575.png\",\"width\":668,\"height\":85,\"caption\":\"Vmsport\"},\"image\":{\"@id\":\"https:\\\/\\\/vmsport.fi\\\/#\\\/schema\\\/logo\\\/image\\\/\"},\"sameAs\":[\"https:\\\/\\\/www.facebook.com\\\/Vmsport.fi\\\/\",\"https:\\\/\\\/www.instagram.com\\\/vmsport\\\/\"]}]}<\/script>\n<!-- \/ Yoast SEO plugin. -->","yoast_head_json":{"title":"XLC snabbf\u00e4ste QR-L02 Aluminium\/CrMo - VM Sport","robots":{"index":"index","follow":"follow","max-snippet":"max-snippet:-1","max-image-preview":"max-image-preview:large","max-video-preview":"max-video-preview:-1"},"canonical":"https:\/\/vmsport.fi\/sv\/webbutik\/reservdelar\/skivor-och-nav\/losa-ror-och-delar\/xlc-snabbkoppling-qr-l02-aluminium-crmo\/","og_locale":"sv_SE","og_type":"article","og_title":"XLC Quick release QR-L02 Aluminium\/CrMo - VM Sport","og_description":"XLC Quick Release QR-L02 on erinomainen py\u00f6r\u00e4ilyvaruste, joka on valmistettu kest\u00e4v\u00e4st\u00e4 alumiinista ja CrMo-ter\u00e4ksest\u00e4. T\u00e4m\u00e4n tuotteen avulla voi helposti ja nopeasti vaihtaa py\u00f6r\u00e4n kiekon, mik\u00e4 tekee py\u00f6r\u00e4n huollosta huomattavasti helpompaa. Alumiinin keveys ja kulutuskest\u00e4vyys yhdistyv\u00e4t CrMo-ter\u00e4ksen vahvuuteen, ja t\u00e4m\u00e4 varmistaa pitk\u00e4n k\u00e4ytt\u00f6i\u00e4n. Nopea vapautusmekanismi tarjoaa luotettavan ja tiukan kiinnityksen. T\u00e4m\u00e4 lis\u00e4varuste on ihanteellinen valinta aktiivisille [...]L\u00e4s mer \u2026 from XLC Quick release QR-L02 Aluminium\/CrMo","og_url":"https:\/\/vmsport.fi\/sv\/webbutik\/reservdelar\/skivor-och-nav\/losa-ror-och-delar\/xlc-snabbkoppling-qr-l02-aluminium-crmo\/","og_site_name":"VM Sport","article_publisher":"https:\/\/www.facebook.com\/Vmsport.fi\/","article_modified_time":"2026-01-16T11:23:32+00:00","og_image":[{"width":675,"height":768,"url":"https:\/\/vmsport.fi\/wp-content\/uploads\/2025\/03\/2501601550-1.jpg","type":"image\/jpeg"}],"twitter_card":"summary_large_image","schema":{"@context":"https:\/\/schema.org","@graph":[{"@type":["WebPage","ItemPage"],"@id":"https:\/\/vmsport.fi\/verkkokauppa\/varaosat\/kiekot-ja-navat\/irtopyorat-ja-osat\/xlc-quick-release-qr-l02-aluminium-crmo\/","url":"https:\/\/vmsport.fi\/verkkokauppa\/varaosat\/kiekot-ja-navat\/irtopyorat-ja-osat\/xlc-quick-release-qr-l02-aluminium-crmo\/","name":"XLC snabbf\u00e4ste QR-L02 Aluminium\/CrMo - VM Sport","isPartOf":{"@id":"https:\/\/vmsport.fi\/#website"},"primaryImageOfPage":{"@id":"https:\/\/vmsport.fi\/verkkokauppa\/varaosat\/kiekot-ja-navat\/irtopyorat-ja-osat\/xlc-quick-release-qr-l02-aluminium-crmo\/#primaryimage"},"image":{"@id":"https:\/\/vmsport.fi\/verkkokauppa\/varaosat\/kiekot-ja-navat\/irtopyorat-ja-osat\/xlc-quick-release-qr-l02-aluminium-crmo\/#primaryimage"},"thumbnailUrl":"https:\/\/vmsport.fi\/wp-content\/uploads\/2025\/03\/2501601550-1.jpg","datePublished":"2025-03-05T21:53:08+00:00","dateModified":"2026-01-16T11:23:32+00:00","breadcrumb":{"@id":"https:\/\/vmsport.fi\/verkkokauppa\/varaosat\/kiekot-ja-navat\/irtopyorat-ja-osat\/xlc-quick-release-qr-l02-aluminium-crmo\/#breadcrumb"},"inLanguage":"sv-SE","potentialAction":[{"@type":"ReadAction","target":["https:\/\/vmsport.fi\/verkkokauppa\/varaosat\/kiekot-ja-navat\/irtopyorat-ja-osat\/xlc-quick-release-qr-l02-aluminium-crmo\/"]}]},{"@type":"ImageObject","inLanguage":"sv-SE","@id":"https:\/\/vmsport.fi\/verkkokauppa\/varaosat\/kiekot-ja-navat\/irtopyorat-ja-osat\/xlc-quick-release-qr-l02-aluminium-crmo\/#primaryimage","url":"https:\/\/vmsport.fi\/wp-content\/uploads\/2025\/03\/2501601550-1.jpg","contentUrl":"https:\/\/vmsport.fi\/wp-content\/uploads\/2025\/03\/2501601550-1.jpg","width":675,"height":768,"caption":"2501601550"},{"@type":"BreadcrumbList","@id":"https:\/\/vmsport.fi\/verkkokauppa\/varaosat\/kiekot-ja-navat\/irtopyorat-ja-osat\/xlc-quick-release-qr-l02-aluminium-crmo\/#breadcrumb","itemListElement":[{"@type":"ListItem","position":1,"name":"Etusivu","item":"https:\/\/vmsport.fi\/"},{"@type":"ListItem","position":2,"name":"Online Store","item":"https:\/\/vmsport.fi\/en\/online-store\/"},{"@type":"ListItem","position":3,"name":"XLC Quick release QR-L02 Aluminium\/CrMo"}]},{"@type":"WebSite","@id":"https:\/\/vmsport.fi\/#website","url":"https:\/\/vmsport.fi\/","name":"Vmsport","description":"Allt p\u00e5 ett st\u00e4lle f\u00f6r cykling","publisher":{"@id":"https:\/\/vmsport.fi\/#organization"},"potentialAction":[{"@type":"SearchAction","target":{"@type":"EntryPoint","urlTemplate":"https:\/\/vmsport.fi\/?s={search_term_string}"},"query-input":{"@type":"PropertyValueSpecification","valueRequired":true,"valueName":"search_term_string"}}],"inLanguage":"sv-SE"},{"@type":"Organization","@id":"https:\/\/vmsport.fi\/#organization","name":"Vmsport","url":"https:\/\/vmsport.fi\/","logo":{"@type":"ImageObject","inLanguage":"sv-SE","@id":"https:\/\/vmsport.fi\/#\/schema\/logo\/image\/","url":"https:\/\/vmsport.fi\/wp-content\/uploads\/2024\/12\/vm_sport_RGB_horisontal-e1734526017575.png","contentUrl":"https:\/\/vmsport.fi\/wp-content\/uploads\/2024\/12\/vm_sport_RGB_horisontal-e1734526017575.png","width":668,"height":85,"caption":"Vmsport"},"image":{"@id":"https:\/\/vmsport.fi\/#\/schema\/logo\/image\/"},"sameAs":["https:\/\/www.facebook.com\/Vmsport.fi\/","https:\/\/www.instagram.com\/vmsport\/"]}]}},"global_unique_id":"","_links":{"self":[{"href":"https:\/\/vmsport.fi\/sv\/wp-json\/wp\/v2\/product\/54389","targetHints":{"allow":["GET"]}}],"collection":[{"href":"https:\/\/vmsport.fi\/sv\/wp-json\/wp\/v2\/product"}],"about":[{"href":"https:\/\/vmsport.fi\/sv\/wp-json\/wp\/v2\/types\/product"}],"replies":[{"embeddable":true,"href":"https:\/\/vmsport.fi\/sv\/wp-json\/wp\/v2\/comments?post=54389"}],"wp:featuredmedia":[{"embeddable":true,"href":"https:\/\/vmsport.fi\/sv\/wp-json\/wp\/v2\/media\/54388"}],"wp:attachment":[{"href":"https:\/\/vmsport.fi\/sv\/wp-json\/wp\/v2\/media?parent=54389"}],"wp:term":[{"taxonomy":"product_brand","embeddable":true,"href":"https:\/\/vmsport.fi\/sv\/wp-json\/wp\/v2\/product_brand?post=54389"},{"taxonomy":"product_model","embeddable":true,"href":"https:\/\/vmsport.fi\/sv\/wp-json\/wp\/v2\/product_model?post=54389"},{"taxonomy":"product_cat","embeddable":true,"href":"https:\/\/vmsport.fi\/sv\/wp-json\/wp\/v2\/product_cat?post=54389"},{"taxonomy":"product_tag","embeddable":true,"href":"https:\/\/vmsport.fi\/sv\/wp-json\/wp\/v2\/product_tag?post=54389"},{"taxonomy":"industry_terminology","embeddable":true,"href":"https:\/\/vmsport.fi\/sv\/wp-json\/wp\/v2\/industry-terminology?post=54389"}],"curies":[{"name":"wp","href":"https:\/\/api.w.org\/{rel}","templated":true}]}}