{"id":54387,"date":"2025-03-05T23:53:08","date_gmt":"2025-03-05T21:53:08","guid":{"rendered":"https:\/\/vmsport.fi\/verkkokauppa\/Ei-luokiteltu\/sr-47-62-305-pika-dv3\/"},"modified":"2026-04-22T15:01:48","modified_gmt":"2026-04-22T12:01:48","slug":"sr-47-62-305-pika-dv3","status":"publish","type":"product","link":"https:\/\/vmsport.fi\/sv\/verkkokauppa\/renkaat\/sisarenkaat\/lasten\/sr-47-62-305-pika-dv3\/","title":{"rendered":"SR 47\/62-305 PIKA DV3"},"content":{"rendered":"<p>Schwalbe SR 47\/62-305 PIKA DV3, speciellt utformat f\u00f6r 16\"-hjul, erbjuder en p\u00e5litlig l\u00f6sning f\u00f6r cyklister som uppskattar h\u00f6g kvalitet. DV3-ventilen s\u00e4kerst\u00e4ller utm\u00e4rkt luftt\u00e4thet, vilket bidrar till att uppr\u00e4tth\u00e5lla konsekvent hjulprestanda. D\u00e4cket \u00e4r kompatibelt med ett brett utbud av d\u00e4ckbredder, fr\u00e5n 47-305 till 62-305, vilket g\u00f6r det till ett m\u00e5ngsidigt val. Den h\u00e4r innerslangen \u00e4r l\u00e4tt att montera, vilket sparar tid vid underh\u00e5ll. Den \u00e4r idealisk f\u00f6r b\u00e5de vardagsanv\u00e4ndning och f\u00f6r speciella utflykter n\u00e4r du vill k\u00e4nna dig trygg och s\u00e4ker p\u00e5 v\u00e4gen.<\/p>","protected":false},"excerpt":{"rendered":"<p>Schwalbe SR 47\/62-305 PIKA DV3, joka on suunniteltu erityisesti 16 tuuman py\u00f6riin, tarjoaa luotettavan ratkaisun py\u00f6r\u00e4ilij\u00f6ille, jotka arvostavat korkeaa laatua. DV3-venttiili takaa erinomaisen ilmanpit\u00e4vyyden, mik\u00e4 auttaa yll\u00e4pit\u00e4m\u00e4\u00e4n py\u00f6r\u00e4n suorituskyky\u00e4 tasaisena. Renkaan yhteensopivuus useiden eri rengasleveyksien kanssa, kuten 47-305:st\u00e4 62-305:een, tekee siit\u00e4 monipuolisen valinnan. T\u00e4m\u00e4 sis\u00e4rengas on helppo asentaa, mik\u00e4 s\u00e4\u00e4st\u00e4\u00e4 aikaa huollossa. Se sopii erinomaisesti [&#8230;]<\/p>\n<p><a class=\"btn btn-secondary understrap-read-more-link\" href=\"https:\/\/vmsport.fi\/sv\/verkkokauppa\/renkaat\/sisarenkaat\/lasten\/sr-47-62-305-pika-dv3\/\">L\u00e4s mer \u2026<span class=\"screen-reader-text\"> from SR 47\/62-305 PIKA DV3<\/span><\/a><\/p>\n","protected":false},"featured_media":54385,"comment_status":"open","ping_status":"closed","template":"","meta":{"_acf_changed":false,"_improvement_type_select":"improve_an_existing","_thumb_yes_seoaic":false,"_frame_yes_seoaic":false,"seoaic_generate_description":"","seoaic_improve_instructions_prompt":"","seoaic_rollback_content_improvement":"","seoaic_idea_thumbnail_generator":"","thumbnail_generated":false,"thumbnail_generate_prompt":"","seoaic_article_description":"","_supplier_stock_quantity":0},"product_brand":[],"product_model":[],"product_cat":[9544],"product_tag":[],"industry-terminology":[],"class_list":{"0":"post-54387","1":"product","2":"type-product","3":"status-publish","4":"has-post-thumbnail","6":"product_cat-lasten","8":"first","9":"instock","10":"taxable","11":"shipping-taxable","12":"purchasable","13":"product-type-simple"},"acf":{"bike_features":null,"overview":{"copy_overview":null,"key_features":null,"statement":"","youtube_url":""}},"yoast_head":"<!-- This site is optimized with the Yoast SEO plugin v27.4 - https:\/\/yoast.com\/product\/yoast-seo-wordpress\/ -->\n<title>SR 47\/62-305 PIKA DV3 - VM Sport<\/title>\n<meta name=\"robots\" content=\"index, follow, max-snippet:-1, max-image-preview:large, max-video-preview:-1\" \/>\n<link rel=\"canonical\" href=\"https:\/\/vmsport.fi\/sv\/webbutik\/dack\/systerdack\/barn\/sr-47-62-305-pika-dv3\/\" \/>\n<meta property=\"og:locale\" content=\"sv_SE\" \/>\n<meta property=\"og:type\" content=\"article\" \/>\n<meta property=\"og:title\" content=\"SR 47\/62-305 PIKA DV3 - VM Sport\" \/>\n<meta property=\"og:description\" content=\"Schwalbe SR 47\/62-305 PIKA DV3, joka on suunniteltu erityisesti 16 tuuman py\u00f6riin, tarjoaa luotettavan ratkaisun py\u00f6r\u00e4ilij\u00f6ille, jotka arvostavat korkeaa laatua. DV3-venttiili takaa erinomaisen ilmanpit\u00e4vyyden, mik\u00e4 auttaa yll\u00e4pit\u00e4m\u00e4\u00e4n py\u00f6r\u00e4n suorituskyky\u00e4 tasaisena. Renkaan yhteensopivuus useiden eri rengasleveyksien kanssa, kuten 47-305:st\u00e4 62-305:een, tekee siit\u00e4 monipuolisen valinnan. T\u00e4m\u00e4 sis\u00e4rengas on helppo asentaa, mik\u00e4 s\u00e4\u00e4st\u00e4\u00e4 aikaa huollossa. Se sopii erinomaisesti [...]L\u00e4s mer \u2026 from SR 47\/62-305 PIKA DV3\" \/>\n<meta property=\"og:url\" content=\"https:\/\/vmsport.fi\/sv\/webbutik\/dack\/systerdack\/barn\/sr-47-62-305-pika-dv3\/\" \/>\n<meta property=\"og:site_name\" content=\"VM Sport\" \/>\n<meta property=\"article:publisher\" content=\"https:\/\/www.facebook.com\/Vmsport.fi\/\" \/>\n<meta property=\"article:modified_time\" content=\"2026-04-22T12:01:48+00:00\" \/>\n<meta property=\"og:image\" content=\"https:\/\/vmsport.fi\/wp-content\/uploads\/2025\/03\/10409311-1.jpg\" \/>\n\t<meta property=\"og:image:width\" content=\"800\" \/>\n\t<meta property=\"og:image:height\" content=\"800\" \/>\n\t<meta property=\"og:image:type\" content=\"image\/jpeg\" \/>\n<meta name=\"twitter:card\" content=\"summary_large_image\" \/>\n<script type=\"application\/ld+json\" class=\"yoast-schema-graph\">{\"@context\":\"https:\\\/\\\/schema.org\",\"@graph\":[{\"@type\":[\"WebPage\",\"ItemPage\"],\"@id\":\"https:\\\/\\\/vmsport.fi\\\/verkkokauppa\\\/renkaat\\\/sisarenkaat\\\/lasten\\\/sr-47-62-305-pika-dv3\\\/\",\"url\":\"https:\\\/\\\/vmsport.fi\\\/verkkokauppa\\\/renkaat\\\/sisarenkaat\\\/lasten\\\/sr-47-62-305-pika-dv3\\\/\",\"name\":\"SR 47\\\/62-305 PIKA DV3 - VM Sport\",\"isPartOf\":{\"@id\":\"https:\\\/\\\/vmsport.fi\\\/#website\"},\"primaryImageOfPage\":{\"@id\":\"https:\\\/\\\/vmsport.fi\\\/verkkokauppa\\\/renkaat\\\/sisarenkaat\\\/lasten\\\/sr-47-62-305-pika-dv3\\\/#primaryimage\"},\"image\":{\"@id\":\"https:\\\/\\\/vmsport.fi\\\/verkkokauppa\\\/renkaat\\\/sisarenkaat\\\/lasten\\\/sr-47-62-305-pika-dv3\\\/#primaryimage\"},\"thumbnailUrl\":\"https:\\\/\\\/vmsport.fi\\\/wp-content\\\/uploads\\\/2025\\\/03\\\/10409311-1.jpg\",\"datePublished\":\"2025-03-05T21:53:08+00:00\",\"dateModified\":\"2026-04-22T12:01:48+00:00\",\"breadcrumb\":{\"@id\":\"https:\\\/\\\/vmsport.fi\\\/verkkokauppa\\\/renkaat\\\/sisarenkaat\\\/lasten\\\/sr-47-62-305-pika-dv3\\\/#breadcrumb\"},\"inLanguage\":\"sv-SE\",\"potentialAction\":[{\"@type\":\"ReadAction\",\"target\":[\"https:\\\/\\\/vmsport.fi\\\/verkkokauppa\\\/renkaat\\\/sisarenkaat\\\/lasten\\\/sr-47-62-305-pika-dv3\\\/\"]}]},{\"@type\":\"ImageObject\",\"inLanguage\":\"sv-SE\",\"@id\":\"https:\\\/\\\/vmsport.fi\\\/verkkokauppa\\\/renkaat\\\/sisarenkaat\\\/lasten\\\/sr-47-62-305-pika-dv3\\\/#primaryimage\",\"url\":\"https:\\\/\\\/vmsport.fi\\\/wp-content\\\/uploads\\\/2025\\\/03\\\/10409311-1.jpg\",\"contentUrl\":\"https:\\\/\\\/vmsport.fi\\\/wp-content\\\/uploads\\\/2025\\\/03\\\/10409311-1.jpg\",\"width\":800,\"height\":800,\"caption\":\"10409311\"},{\"@type\":\"BreadcrumbList\",\"@id\":\"https:\\\/\\\/vmsport.fi\\\/verkkokauppa\\\/renkaat\\\/sisarenkaat\\\/lasten\\\/sr-47-62-305-pika-dv3\\\/#breadcrumb\",\"itemListElement\":[{\"@type\":\"ListItem\",\"position\":1,\"name\":\"Etusivu\",\"item\":\"https:\\\/\\\/vmsport.fi\\\/\"},{\"@type\":\"ListItem\",\"position\":2,\"name\":\"Online Store\",\"item\":\"https:\\\/\\\/vmsport.fi\\\/en\\\/online-store\\\/\"},{\"@type\":\"ListItem\",\"position\":3,\"name\":\"SR 47\\\/62-305 PIKA DV3\"}]},{\"@type\":\"WebSite\",\"@id\":\"https:\\\/\\\/vmsport.fi\\\/#website\",\"url\":\"https:\\\/\\\/vmsport.fi\\\/\",\"name\":\"Vmsport\",\"description\":\"Kaikki py\u00f6r\u00e4ilyyn yhdest\u00e4 paikasta\",\"publisher\":{\"@id\":\"https:\\\/\\\/vmsport.fi\\\/#organization\"},\"potentialAction\":[{\"@type\":\"SearchAction\",\"target\":{\"@type\":\"EntryPoint\",\"urlTemplate\":\"https:\\\/\\\/vmsport.fi\\\/?s={search_term_string}\"},\"query-input\":{\"@type\":\"PropertyValueSpecification\",\"valueRequired\":true,\"valueName\":\"search_term_string\"}}],\"inLanguage\":\"sv-SE\"},{\"@type\":\"Organization\",\"@id\":\"https:\\\/\\\/vmsport.fi\\\/#organization\",\"name\":\"Vmsport\",\"url\":\"https:\\\/\\\/vmsport.fi\\\/\",\"logo\":{\"@type\":\"ImageObject\",\"inLanguage\":\"sv-SE\",\"@id\":\"https:\\\/\\\/vmsport.fi\\\/#\\\/schema\\\/logo\\\/image\\\/\",\"url\":\"https:\\\/\\\/vmsport.fi\\\/wp-content\\\/uploads\\\/2024\\\/12\\\/vm_sport_RGB_horisontal-e1734526017575.png\",\"contentUrl\":\"https:\\\/\\\/vmsport.fi\\\/wp-content\\\/uploads\\\/2024\\\/12\\\/vm_sport_RGB_horisontal-e1734526017575.png\",\"width\":668,\"height\":85,\"caption\":\"Vmsport\"},\"image\":{\"@id\":\"https:\\\/\\\/vmsport.fi\\\/#\\\/schema\\\/logo\\\/image\\\/\"},\"sameAs\":[\"https:\\\/\\\/www.facebook.com\\\/Vmsport.fi\\\/\",\"https:\\\/\\\/www.instagram.com\\\/vmsport\\\/\"]}]}<\/script>\n<!-- \/ Yoast SEO plugin. -->","yoast_head_json":{"title":"SR 47\/62-305 PIKA DV3 - VM Sport","robots":{"index":"index","follow":"follow","max-snippet":"max-snippet:-1","max-image-preview":"max-image-preview:large","max-video-preview":"max-video-preview:-1"},"canonical":"https:\/\/vmsport.fi\/sv\/webbutik\/dack\/systerdack\/barn\/sr-47-62-305-pika-dv3\/","og_locale":"sv_SE","og_type":"article","og_title":"SR 47\/62-305 PIKA DV3 - VM Sport","og_description":"Schwalbe SR 47\/62-305 PIKA DV3, joka on suunniteltu erityisesti 16 tuuman py\u00f6riin, tarjoaa luotettavan ratkaisun py\u00f6r\u00e4ilij\u00f6ille, jotka arvostavat korkeaa laatua. DV3-venttiili takaa erinomaisen ilmanpit\u00e4vyyden, mik\u00e4 auttaa yll\u00e4pit\u00e4m\u00e4\u00e4n py\u00f6r\u00e4n suorituskyky\u00e4 tasaisena. Renkaan yhteensopivuus useiden eri rengasleveyksien kanssa, kuten 47-305:st\u00e4 62-305:een, tekee siit\u00e4 monipuolisen valinnan. T\u00e4m\u00e4 sis\u00e4rengas on helppo asentaa, mik\u00e4 s\u00e4\u00e4st\u00e4\u00e4 aikaa huollossa. Se sopii erinomaisesti [...]L\u00e4s mer \u2026 from SR 47\/62-305 PIKA DV3","og_url":"https:\/\/vmsport.fi\/sv\/webbutik\/dack\/systerdack\/barn\/sr-47-62-305-pika-dv3\/","og_site_name":"VM Sport","article_publisher":"https:\/\/www.facebook.com\/Vmsport.fi\/","article_modified_time":"2026-04-22T12:01:48+00:00","og_image":[{"width":800,"height":800,"url":"https:\/\/vmsport.fi\/wp-content\/uploads\/2025\/03\/10409311-1.jpg","type":"image\/jpeg"}],"twitter_card":"summary_large_image","schema":{"@context":"https:\/\/schema.org","@graph":[{"@type":["WebPage","ItemPage"],"@id":"https:\/\/vmsport.fi\/verkkokauppa\/renkaat\/sisarenkaat\/lasten\/sr-47-62-305-pika-dv3\/","url":"https:\/\/vmsport.fi\/verkkokauppa\/renkaat\/sisarenkaat\/lasten\/sr-47-62-305-pika-dv3\/","name":"SR 47\/62-305 PIKA DV3 - VM Sport","isPartOf":{"@id":"https:\/\/vmsport.fi\/#website"},"primaryImageOfPage":{"@id":"https:\/\/vmsport.fi\/verkkokauppa\/renkaat\/sisarenkaat\/lasten\/sr-47-62-305-pika-dv3\/#primaryimage"},"image":{"@id":"https:\/\/vmsport.fi\/verkkokauppa\/renkaat\/sisarenkaat\/lasten\/sr-47-62-305-pika-dv3\/#primaryimage"},"thumbnailUrl":"https:\/\/vmsport.fi\/wp-content\/uploads\/2025\/03\/10409311-1.jpg","datePublished":"2025-03-05T21:53:08+00:00","dateModified":"2026-04-22T12:01:48+00:00","breadcrumb":{"@id":"https:\/\/vmsport.fi\/verkkokauppa\/renkaat\/sisarenkaat\/lasten\/sr-47-62-305-pika-dv3\/#breadcrumb"},"inLanguage":"sv-SE","potentialAction":[{"@type":"ReadAction","target":["https:\/\/vmsport.fi\/verkkokauppa\/renkaat\/sisarenkaat\/lasten\/sr-47-62-305-pika-dv3\/"]}]},{"@type":"ImageObject","inLanguage":"sv-SE","@id":"https:\/\/vmsport.fi\/verkkokauppa\/renkaat\/sisarenkaat\/lasten\/sr-47-62-305-pika-dv3\/#primaryimage","url":"https:\/\/vmsport.fi\/wp-content\/uploads\/2025\/03\/10409311-1.jpg","contentUrl":"https:\/\/vmsport.fi\/wp-content\/uploads\/2025\/03\/10409311-1.jpg","width":800,"height":800,"caption":"10409311"},{"@type":"BreadcrumbList","@id":"https:\/\/vmsport.fi\/verkkokauppa\/renkaat\/sisarenkaat\/lasten\/sr-47-62-305-pika-dv3\/#breadcrumb","itemListElement":[{"@type":"ListItem","position":1,"name":"Etusivu","item":"https:\/\/vmsport.fi\/"},{"@type":"ListItem","position":2,"name":"Online Store","item":"https:\/\/vmsport.fi\/en\/online-store\/"},{"@type":"ListItem","position":3,"name":"SR 47\/62-305 PIKA DV3"}]},{"@type":"WebSite","@id":"https:\/\/vmsport.fi\/#website","url":"https:\/\/vmsport.fi\/","name":"Vmsport","description":"Allt p\u00e5 ett st\u00e4lle f\u00f6r cykling","publisher":{"@id":"https:\/\/vmsport.fi\/#organization"},"potentialAction":[{"@type":"SearchAction","target":{"@type":"EntryPoint","urlTemplate":"https:\/\/vmsport.fi\/?s={search_term_string}"},"query-input":{"@type":"PropertyValueSpecification","valueRequired":true,"valueName":"search_term_string"}}],"inLanguage":"sv-SE"},{"@type":"Organization","@id":"https:\/\/vmsport.fi\/#organization","name":"Vmsport","url":"https:\/\/vmsport.fi\/","logo":{"@type":"ImageObject","inLanguage":"sv-SE","@id":"https:\/\/vmsport.fi\/#\/schema\/logo\/image\/","url":"https:\/\/vmsport.fi\/wp-content\/uploads\/2024\/12\/vm_sport_RGB_horisontal-e1734526017575.png","contentUrl":"https:\/\/vmsport.fi\/wp-content\/uploads\/2024\/12\/vm_sport_RGB_horisontal-e1734526017575.png","width":668,"height":85,"caption":"Vmsport"},"image":{"@id":"https:\/\/vmsport.fi\/#\/schema\/logo\/image\/"},"sameAs":["https:\/\/www.facebook.com\/Vmsport.fi\/","https:\/\/www.instagram.com\/vmsport\/"]}]}},"global_unique_id":"","_links":{"self":[{"href":"https:\/\/vmsport.fi\/sv\/wp-json\/wp\/v2\/product\/54387","targetHints":{"allow":["GET"]}}],"collection":[{"href":"https:\/\/vmsport.fi\/sv\/wp-json\/wp\/v2\/product"}],"about":[{"href":"https:\/\/vmsport.fi\/sv\/wp-json\/wp\/v2\/types\/product"}],"replies":[{"embeddable":true,"href":"https:\/\/vmsport.fi\/sv\/wp-json\/wp\/v2\/comments?post=54387"}],"wp:featuredmedia":[{"embeddable":true,"href":"https:\/\/vmsport.fi\/sv\/wp-json\/wp\/v2\/media\/54385"}],"wp:attachment":[{"href":"https:\/\/vmsport.fi\/sv\/wp-json\/wp\/v2\/media?parent=54387"}],"wp:term":[{"taxonomy":"product_brand","embeddable":true,"href":"https:\/\/vmsport.fi\/sv\/wp-json\/wp\/v2\/product_brand?post=54387"},{"taxonomy":"product_model","embeddable":true,"href":"https:\/\/vmsport.fi\/sv\/wp-json\/wp\/v2\/product_model?post=54387"},{"taxonomy":"product_cat","embeddable":true,"href":"https:\/\/vmsport.fi\/sv\/wp-json\/wp\/v2\/product_cat?post=54387"},{"taxonomy":"product_tag","embeddable":true,"href":"https:\/\/vmsport.fi\/sv\/wp-json\/wp\/v2\/product_tag?post=54387"},{"taxonomy":"industry_terminology","embeddable":true,"href":"https:\/\/vmsport.fi\/sv\/wp-json\/wp\/v2\/industry-terminology?post=54387"}],"curies":[{"name":"wp","href":"https:\/\/api.w.org\/{rel}","templated":true}]}}