{"id":54380,"date":"2025-03-05T23:53:05","date_gmt":"2025-03-05T21:53:05","guid":{"rendered":"https:\/\/vmsport.fi\/verkkokauppa\/Ei-luokiteltu\/xlc-hs-s01-silver\/"},"modified":"2026-04-22T15:03:50","modified_gmt":"2026-04-22T12:03:50","slug":"xlc-hs-s01-silver","status":"publish","type":"product","link":"https:\/\/vmsport.fi\/sv\/verkkokauppa\/varaosat\/ohjaamo\/ohjainlaakerit-ja-osat\/xlc-hs-s01-silver\/","title":{"rendered":"XLC HS-S01 Silver"},"content":{"rendered":"<p>XLC HS-S01 Silver on luotettava ja tyylik\u00e4s polkupy\u00f6r\u00e4n ohjainlaakeri, joka on suunniteltu tarjoamaan erinomaista suorituskyky\u00e4 ajon aikana. Valmistettu korkealaatuisesta alumiiniseoksesta, se yhdist\u00e4\u00e4 keveyden ja kest\u00e4vyyden tavalla, joka parantaa py\u00f6r\u00e4ilyn laatua. Hopeisen v\u00e4rins\u00e4 ansiosta se tuo py\u00f6r\u00e4\u00e4si modernin ja hienostuneen ilmeen. T\u00e4m\u00e4 komponentti sopii erinomaisesti niille, jotka arvostavat sek\u00e4 estetiikkaa ett\u00e4 toiminnallisuutta, varmistaen sulavan ja tarkkaan hallitun ajokokemuksen.<\/p>","protected":false},"excerpt":{"rendered":"<p>XLC HS-S01 Silver on luotettava ja tyylik\u00e4s polkupy\u00f6r\u00e4n ohjainlaakeri, joka on suunniteltu tarjoamaan erinomaista suorituskyky\u00e4 ajon aikana. Valmistettu korkealaatuisesta alumiiniseoksesta, se yhdist\u00e4\u00e4 keveyden ja kest\u00e4vyyden tavalla, joka parantaa py\u00f6r\u00e4ilyn laatua. Hopeisen v\u00e4rins\u00e4 ansiosta se tuo py\u00f6r\u00e4\u00e4si modernin ja hienostuneen ilmeen. T\u00e4m\u00e4 komponentti sopii erinomaisesti niille, jotka arvostavat sek\u00e4 estetiikkaa ett\u00e4 toiminnallisuutta, varmistaen sulavan ja tarkkaan [&#8230;]<\/p>\n<p><a class=\"btn btn-secondary understrap-read-more-link\" href=\"https:\/\/vmsport.fi\/sv\/verkkokauppa\/varaosat\/ohjaamo\/ohjainlaakerit-ja-osat\/xlc-hs-s01-silver\/\">L\u00e4s mer \u2026<span class=\"screen-reader-text\"> from XLC HS-S01 Silver<\/span><\/a><\/p>\n","protected":false},"featured_media":54379,"comment_status":"open","ping_status":"closed","template":"","meta":{"_acf_changed":false,"_improvement_type_select":"improve_an_existing","_thumb_yes_seoaic":false,"_frame_yes_seoaic":false,"seoaic_generate_description":"","seoaic_improve_instructions_prompt":"","seoaic_rollback_content_improvement":"","seoaic_idea_thumbnail_generator":"","thumbnail_generated":false,"thumbnail_generate_prompt":"","seoaic_article_description":"","_supplier_stock_quantity":0},"product_brand":[],"product_model":[],"product_cat":[9492],"product_tag":[],"industry-terminology":[],"class_list":{"0":"post-54380","1":"product","2":"type-product","3":"status-publish","4":"has-post-thumbnail","6":"product_cat-ohjainlaakerit-ja-osat","8":"first","9":"outofstock","10":"taxable","11":"shipping-taxable","12":"product-type-simple"},"acf":{"bike_features":null,"overview":{"copy_overview":null,"key_features":null,"statement":"","youtube_url":""}},"yoast_head":"<!-- This site is optimized with the Yoast SEO plugin v27.4 - https:\/\/yoast.com\/product\/yoast-seo-wordpress\/ -->\n<title>XLC HS-S01 Silver - VM Sport<\/title>\n<meta name=\"robots\" content=\"index, follow, max-snippet:-1, max-image-preview:large, max-video-preview:-1\" \/>\n<link rel=\"canonical\" href=\"https:\/\/vmsport.fi\/sv\/webbutik\/reservdelar\/taxi\/styrlager-och-delar\/xlc-hs-s01-silver\/\" \/>\n<meta property=\"og:locale\" content=\"sv_SE\" \/>\n<meta property=\"og:type\" content=\"article\" \/>\n<meta property=\"og:title\" content=\"XLC HS-S01 Silver - VM Sport\" \/>\n<meta property=\"og:description\" content=\"XLC HS-S01 Silver on luotettava ja tyylik\u00e4s polkupy\u00f6r\u00e4n ohjainlaakeri, joka on suunniteltu tarjoamaan erinomaista suorituskyky\u00e4 ajon aikana. Valmistettu korkealaatuisesta alumiiniseoksesta, se yhdist\u00e4\u00e4 keveyden ja kest\u00e4vyyden tavalla, joka parantaa py\u00f6r\u00e4ilyn laatua. Hopeisen v\u00e4rins\u00e4 ansiosta se tuo py\u00f6r\u00e4\u00e4si modernin ja hienostuneen ilmeen. T\u00e4m\u00e4 komponentti sopii erinomaisesti niille, jotka arvostavat sek\u00e4 estetiikkaa ett\u00e4 toiminnallisuutta, varmistaen sulavan ja tarkkaan [...]L\u00e4s mer \u2026 from XLC HS-S01 Silver\" \/>\n<meta property=\"og:url\" content=\"https:\/\/vmsport.fi\/sv\/webbutik\/reservdelar\/taxi\/styrlager-och-delar\/xlc-hs-s01-silver\/\" \/>\n<meta property=\"og:site_name\" content=\"VM Sport\" \/>\n<meta property=\"article:publisher\" content=\"https:\/\/www.facebook.com\/Vmsport.fi\/\" \/>\n<meta property=\"article:modified_time\" content=\"2026-04-22T12:03:50+00:00\" \/>\n<meta property=\"og:image\" content=\"https:\/\/vmsport.fi\/wp-content\/uploads\/2025\/03\/roby8qdiemcJoVUppe1nfVH5hixeUpS7AcmI0mWOiCCSPSdhCs-1.jpg\" \/>\n\t<meta property=\"og:image:width\" content=\"455\" \/>\n\t<meta property=\"og:image:height\" content=\"768\" \/>\n\t<meta property=\"og:image:type\" content=\"image\/jpeg\" \/>\n<meta name=\"twitter:card\" content=\"summary_large_image\" \/>\n<script type=\"application\/ld+json\" class=\"yoast-schema-graph\">{\"@context\":\"https:\\\/\\\/schema.org\",\"@graph\":[{\"@type\":[\"WebPage\",\"ItemPage\"],\"@id\":\"https:\\\/\\\/vmsport.fi\\\/verkkokauppa\\\/varaosat\\\/ohjaamo\\\/ohjainlaakerit-ja-osat\\\/xlc-hs-s01-silver\\\/\",\"url\":\"https:\\\/\\\/vmsport.fi\\\/verkkokauppa\\\/varaosat\\\/ohjaamo\\\/ohjainlaakerit-ja-osat\\\/xlc-hs-s01-silver\\\/\",\"name\":\"XLC HS-S01 Silver - VM Sport\",\"isPartOf\":{\"@id\":\"https:\\\/\\\/vmsport.fi\\\/#website\"},\"primaryImageOfPage\":{\"@id\":\"https:\\\/\\\/vmsport.fi\\\/verkkokauppa\\\/varaosat\\\/ohjaamo\\\/ohjainlaakerit-ja-osat\\\/xlc-hs-s01-silver\\\/#primaryimage\"},\"image\":{\"@id\":\"https:\\\/\\\/vmsport.fi\\\/verkkokauppa\\\/varaosat\\\/ohjaamo\\\/ohjainlaakerit-ja-osat\\\/xlc-hs-s01-silver\\\/#primaryimage\"},\"thumbnailUrl\":\"https:\\\/\\\/vmsport.fi\\\/wp-content\\\/uploads\\\/2025\\\/03\\\/roby8qdiemcJoVUppe1nfVH5hixeUpS7AcmI0mWOiCCSPSdhCs-1.jpg\",\"datePublished\":\"2025-03-05T21:53:05+00:00\",\"dateModified\":\"2026-04-22T12:03:50+00:00\",\"breadcrumb\":{\"@id\":\"https:\\\/\\\/vmsport.fi\\\/verkkokauppa\\\/varaosat\\\/ohjaamo\\\/ohjainlaakerit-ja-osat\\\/xlc-hs-s01-silver\\\/#breadcrumb\"},\"inLanguage\":\"sv-SE\",\"potentialAction\":[{\"@type\":\"ReadAction\",\"target\":[\"https:\\\/\\\/vmsport.fi\\\/verkkokauppa\\\/varaosat\\\/ohjaamo\\\/ohjainlaakerit-ja-osat\\\/xlc-hs-s01-silver\\\/\"]}]},{\"@type\":\"ImageObject\",\"inLanguage\":\"sv-SE\",\"@id\":\"https:\\\/\\\/vmsport.fi\\\/verkkokauppa\\\/varaosat\\\/ohjaamo\\\/ohjainlaakerit-ja-osat\\\/xlc-hs-s01-silver\\\/#primaryimage\",\"url\":\"https:\\\/\\\/vmsport.fi\\\/wp-content\\\/uploads\\\/2025\\\/03\\\/roby8qdiemcJoVUppe1nfVH5hixeUpS7AcmI0mWOiCCSPSdhCs-1.jpg\",\"contentUrl\":\"https:\\\/\\\/vmsport.fi\\\/wp-content\\\/uploads\\\/2025\\\/03\\\/roby8qdiemcJoVUppe1nfVH5hixeUpS7AcmI0mWOiCCSPSdhCs-1.jpg\",\"width\":455,\"height\":768,\"caption\":\"roby8qdiemcJoVUppe1nfVH5hixeUpS7AcmI0mWOiCCSPSdhCs\"},{\"@type\":\"BreadcrumbList\",\"@id\":\"https:\\\/\\\/vmsport.fi\\\/verkkokauppa\\\/varaosat\\\/ohjaamo\\\/ohjainlaakerit-ja-osat\\\/xlc-hs-s01-silver\\\/#breadcrumb\",\"itemListElement\":[{\"@type\":\"ListItem\",\"position\":1,\"name\":\"Etusivu\",\"item\":\"https:\\\/\\\/vmsport.fi\\\/\"},{\"@type\":\"ListItem\",\"position\":2,\"name\":\"Online Store\",\"item\":\"https:\\\/\\\/vmsport.fi\\\/en\\\/online-store\\\/\"},{\"@type\":\"ListItem\",\"position\":3,\"name\":\"XLC HS-S01 Silver\"}]},{\"@type\":\"WebSite\",\"@id\":\"https:\\\/\\\/vmsport.fi\\\/#website\",\"url\":\"https:\\\/\\\/vmsport.fi\\\/\",\"name\":\"Vmsport\",\"description\":\"Kaikki py\u00f6r\u00e4ilyyn yhdest\u00e4 paikasta\",\"publisher\":{\"@id\":\"https:\\\/\\\/vmsport.fi\\\/#organization\"},\"potentialAction\":[{\"@type\":\"SearchAction\",\"target\":{\"@type\":\"EntryPoint\",\"urlTemplate\":\"https:\\\/\\\/vmsport.fi\\\/?s={search_term_string}\"},\"query-input\":{\"@type\":\"PropertyValueSpecification\",\"valueRequired\":true,\"valueName\":\"search_term_string\"}}],\"inLanguage\":\"sv-SE\"},{\"@type\":\"Organization\",\"@id\":\"https:\\\/\\\/vmsport.fi\\\/#organization\",\"name\":\"Vmsport\",\"url\":\"https:\\\/\\\/vmsport.fi\\\/\",\"logo\":{\"@type\":\"ImageObject\",\"inLanguage\":\"sv-SE\",\"@id\":\"https:\\\/\\\/vmsport.fi\\\/#\\\/schema\\\/logo\\\/image\\\/\",\"url\":\"https:\\\/\\\/vmsport.fi\\\/wp-content\\\/uploads\\\/2024\\\/12\\\/vm_sport_RGB_horisontal-e1734526017575.png\",\"contentUrl\":\"https:\\\/\\\/vmsport.fi\\\/wp-content\\\/uploads\\\/2024\\\/12\\\/vm_sport_RGB_horisontal-e1734526017575.png\",\"width\":668,\"height\":85,\"caption\":\"Vmsport\"},\"image\":{\"@id\":\"https:\\\/\\\/vmsport.fi\\\/#\\\/schema\\\/logo\\\/image\\\/\"},\"sameAs\":[\"https:\\\/\\\/www.facebook.com\\\/Vmsport.fi\\\/\",\"https:\\\/\\\/www.instagram.com\\\/vmsport\\\/\"]}]}<\/script>\n<!-- \/ Yoast SEO plugin. -->","yoast_head_json":{"title":"XLC HS-S01 Silver - VM Sport","robots":{"index":"index","follow":"follow","max-snippet":"max-snippet:-1","max-image-preview":"max-image-preview:large","max-video-preview":"max-video-preview:-1"},"canonical":"https:\/\/vmsport.fi\/sv\/webbutik\/reservdelar\/taxi\/styrlager-och-delar\/xlc-hs-s01-silver\/","og_locale":"sv_SE","og_type":"article","og_title":"XLC HS-S01 Silver - VM Sport","og_description":"XLC HS-S01 Silver on luotettava ja tyylik\u00e4s polkupy\u00f6r\u00e4n ohjainlaakeri, joka on suunniteltu tarjoamaan erinomaista suorituskyky\u00e4 ajon aikana. Valmistettu korkealaatuisesta alumiiniseoksesta, se yhdist\u00e4\u00e4 keveyden ja kest\u00e4vyyden tavalla, joka parantaa py\u00f6r\u00e4ilyn laatua. Hopeisen v\u00e4rins\u00e4 ansiosta se tuo py\u00f6r\u00e4\u00e4si modernin ja hienostuneen ilmeen. T\u00e4m\u00e4 komponentti sopii erinomaisesti niille, jotka arvostavat sek\u00e4 estetiikkaa ett\u00e4 toiminnallisuutta, varmistaen sulavan ja tarkkaan [...]L\u00e4s mer \u2026 from XLC HS-S01 Silver","og_url":"https:\/\/vmsport.fi\/sv\/webbutik\/reservdelar\/taxi\/styrlager-och-delar\/xlc-hs-s01-silver\/","og_site_name":"VM Sport","article_publisher":"https:\/\/www.facebook.com\/Vmsport.fi\/","article_modified_time":"2026-04-22T12:03:50+00:00","og_image":[{"width":455,"height":768,"url":"https:\/\/vmsport.fi\/wp-content\/uploads\/2025\/03\/roby8qdiemcJoVUppe1nfVH5hixeUpS7AcmI0mWOiCCSPSdhCs-1.jpg","type":"image\/jpeg"}],"twitter_card":"summary_large_image","schema":{"@context":"https:\/\/schema.org","@graph":[{"@type":["WebPage","ItemPage"],"@id":"https:\/\/vmsport.fi\/verkkokauppa\/varaosat\/ohjaamo\/ohjainlaakerit-ja-osat\/xlc-hs-s01-silver\/","url":"https:\/\/vmsport.fi\/verkkokauppa\/varaosat\/ohjaamo\/ohjainlaakerit-ja-osat\/xlc-hs-s01-silver\/","name":"XLC HS-S01 Silver - VM Sport","isPartOf":{"@id":"https:\/\/vmsport.fi\/#website"},"primaryImageOfPage":{"@id":"https:\/\/vmsport.fi\/verkkokauppa\/varaosat\/ohjaamo\/ohjainlaakerit-ja-osat\/xlc-hs-s01-silver\/#primaryimage"},"image":{"@id":"https:\/\/vmsport.fi\/verkkokauppa\/varaosat\/ohjaamo\/ohjainlaakerit-ja-osat\/xlc-hs-s01-silver\/#primaryimage"},"thumbnailUrl":"https:\/\/vmsport.fi\/wp-content\/uploads\/2025\/03\/roby8qdiemcJoVUppe1nfVH5hixeUpS7AcmI0mWOiCCSPSdhCs-1.jpg","datePublished":"2025-03-05T21:53:05+00:00","dateModified":"2026-04-22T12:03:50+00:00","breadcrumb":{"@id":"https:\/\/vmsport.fi\/verkkokauppa\/varaosat\/ohjaamo\/ohjainlaakerit-ja-osat\/xlc-hs-s01-silver\/#breadcrumb"},"inLanguage":"sv-SE","potentialAction":[{"@type":"ReadAction","target":["https:\/\/vmsport.fi\/verkkokauppa\/varaosat\/ohjaamo\/ohjainlaakerit-ja-osat\/xlc-hs-s01-silver\/"]}]},{"@type":"ImageObject","inLanguage":"sv-SE","@id":"https:\/\/vmsport.fi\/verkkokauppa\/varaosat\/ohjaamo\/ohjainlaakerit-ja-osat\/xlc-hs-s01-silver\/#primaryimage","url":"https:\/\/vmsport.fi\/wp-content\/uploads\/2025\/03\/roby8qdiemcJoVUppe1nfVH5hixeUpS7AcmI0mWOiCCSPSdhCs-1.jpg","contentUrl":"https:\/\/vmsport.fi\/wp-content\/uploads\/2025\/03\/roby8qdiemcJoVUppe1nfVH5hixeUpS7AcmI0mWOiCCSPSdhCs-1.jpg","width":455,"height":768,"caption":"roby8qdiemcJoVUppe1nfVH5hixeUpS7AcmI0mWOiCCSPSdhCs"},{"@type":"BreadcrumbList","@id":"https:\/\/vmsport.fi\/verkkokauppa\/varaosat\/ohjaamo\/ohjainlaakerit-ja-osat\/xlc-hs-s01-silver\/#breadcrumb","itemListElement":[{"@type":"ListItem","position":1,"name":"Etusivu","item":"https:\/\/vmsport.fi\/"},{"@type":"ListItem","position":2,"name":"Online Store","item":"https:\/\/vmsport.fi\/en\/online-store\/"},{"@type":"ListItem","position":3,"name":"XLC HS-S01 Silver"}]},{"@type":"WebSite","@id":"https:\/\/vmsport.fi\/#website","url":"https:\/\/vmsport.fi\/","name":"Vmsport","description":"Allt p\u00e5 ett st\u00e4lle f\u00f6r cykling","publisher":{"@id":"https:\/\/vmsport.fi\/#organization"},"potentialAction":[{"@type":"SearchAction","target":{"@type":"EntryPoint","urlTemplate":"https:\/\/vmsport.fi\/?s={search_term_string}"},"query-input":{"@type":"PropertyValueSpecification","valueRequired":true,"valueName":"search_term_string"}}],"inLanguage":"sv-SE"},{"@type":"Organization","@id":"https:\/\/vmsport.fi\/#organization","name":"Vmsport","url":"https:\/\/vmsport.fi\/","logo":{"@type":"ImageObject","inLanguage":"sv-SE","@id":"https:\/\/vmsport.fi\/#\/schema\/logo\/image\/","url":"https:\/\/vmsport.fi\/wp-content\/uploads\/2024\/12\/vm_sport_RGB_horisontal-e1734526017575.png","contentUrl":"https:\/\/vmsport.fi\/wp-content\/uploads\/2024\/12\/vm_sport_RGB_horisontal-e1734526017575.png","width":668,"height":85,"caption":"Vmsport"},"image":{"@id":"https:\/\/vmsport.fi\/#\/schema\/logo\/image\/"},"sameAs":["https:\/\/www.facebook.com\/Vmsport.fi\/","https:\/\/www.instagram.com\/vmsport\/"]}]}},"global_unique_id":"","_links":{"self":[{"href":"https:\/\/vmsport.fi\/sv\/wp-json\/wp\/v2\/product\/54380","targetHints":{"allow":["GET"]}}],"collection":[{"href":"https:\/\/vmsport.fi\/sv\/wp-json\/wp\/v2\/product"}],"about":[{"href":"https:\/\/vmsport.fi\/sv\/wp-json\/wp\/v2\/types\/product"}],"replies":[{"embeddable":true,"href":"https:\/\/vmsport.fi\/sv\/wp-json\/wp\/v2\/comments?post=54380"}],"wp:featuredmedia":[{"embeddable":true,"href":"https:\/\/vmsport.fi\/sv\/wp-json\/wp\/v2\/media\/54379"}],"wp:attachment":[{"href":"https:\/\/vmsport.fi\/sv\/wp-json\/wp\/v2\/media?parent=54380"}],"wp:term":[{"taxonomy":"product_brand","embeddable":true,"href":"https:\/\/vmsport.fi\/sv\/wp-json\/wp\/v2\/product_brand?post=54380"},{"taxonomy":"product_model","embeddable":true,"href":"https:\/\/vmsport.fi\/sv\/wp-json\/wp\/v2\/product_model?post=54380"},{"taxonomy":"product_cat","embeddable":true,"href":"https:\/\/vmsport.fi\/sv\/wp-json\/wp\/v2\/product_cat?post=54380"},{"taxonomy":"product_tag","embeddable":true,"href":"https:\/\/vmsport.fi\/sv\/wp-json\/wp\/v2\/product_tag?post=54380"},{"taxonomy":"industry_terminology","embeddable":true,"href":"https:\/\/vmsport.fi\/sv\/wp-json\/wp\/v2\/industry-terminology?post=54380"}],"curies":[{"name":"wp","href":"https:\/\/api.w.org\/{rel}","templated":true}]}}