{"id":54376,"date":"2025-03-05T23:53:03","date_gmt":"2025-03-05T21:53:03","guid":{"rendered":"https:\/\/vmsport.fi\/verkkokauppa\/Ei-luokiteltu\/sram-chainring-o130-mm-outer-double-53t-5-holes\/"},"modified":"2026-01-16T13:20:55","modified_gmt":"2026-01-16T11:20:55","slug":"sram-kedjehjul-o130-mm-yttre-dubbel-53t-5-hal","status":"publish","type":"product","link":"https:\/\/vmsport.fi\/sv\/verkkokauppa\/varaosat\/voimansiirto\/eturattaat\/sram-chainring-o130-mm-outer-double-53t-5-holes\/","title":{"rendered":"SRAM Kedjehjul \u00d8130 mm Yttre (dubbel) 53T 5 h\u00e5l"},"content":{"rendered":"<p>SRAM:s anodiserade fr\u00e4mre kedjehjul \u00e4r utformat f\u00f6r en dubbel konfiguration, s\u00e5 det fungerar utm\u00e4rkt i 10-v\u00e4xlade cykelsystem. Hjulet har en diameter p\u00e5 130 mm och 53 t\u00e4nder, vilket s\u00e4kerst\u00e4ller effektiv kraft\u00f6verf\u00f6ring f\u00f6r cykling. Det g\u00f6r det idealiskt f\u00f6r racercyklar, eftersom den symmetriska placeringen av de fem bultarna ger extra stabilitet och h\u00e5llbarhet i utmanande k\u00f6rf\u00f6rh\u00e5llanden. Hjulet \u00e4r utformat f\u00f6r att optimera prestandan, s\u00e5 att cyklisten kan utnyttja cykelns fulla potential.<\/p>","protected":false},"excerpt":{"rendered":"<p>SRAMin anodisoitu eturatas on suunniteltu kaksinkertaiseen kokoonpanoon, joten se toimii erinomaisesti 10-vaihteisissa py\u00f6r\u00e4j\u00e4rjestelmiss\u00e4. Rattaan halkaisija on 130 mm ja siin\u00e4 on 53 hammasta, mik\u00e4 varmistaa tehokkaan voimansiirron py\u00f6r\u00e4ilyyn. T\u00e4m\u00e4n ansiosta se sopii mainiosti kilpapy\u00f6riin, sill\u00e4 viiden pultin symmetrinen asettelu tuo lis\u00e4vakautta ja kest\u00e4vyytt\u00e4 haastaviin ajo-olosuhteisiin. Rattaan rakenne on suunniteltu optimoimaan suorituskyky, jolloin py\u00f6r\u00e4ilij\u00e4 voi hy\u00f6dynt\u00e4\u00e4 [&#8230;]<\/p>\n<p><a class=\"btn btn-secondary understrap-read-more-link\" href=\"https:\/\/vmsport.fi\/sv\/verkkokauppa\/varaosat\/voimansiirto\/eturattaat\/sram-chainring-o130-mm-outer-double-53t-5-holes\/\">L\u00e4s mer \u2026<span class=\"screen-reader-text\"> from SRAM Chainring \u00d8130 mm Outer (double) 53T 5 holes<\/span><\/a><\/p>\n","protected":false},"featured_media":54375,"comment_status":"open","ping_status":"closed","template":"","meta":{"_acf_changed":false,"_improvement_type_select":"improve_an_existing","_thumb_yes_seoaic":false,"_frame_yes_seoaic":false,"seoaic_generate_description":"","seoaic_improve_instructions_prompt":"","seoaic_rollback_content_improvement":"","seoaic_idea_thumbnail_generator":"","thumbnail_generated":false,"thumbnail_generate_prompt":"","seoaic_article_description":"","_supplier_stock_quantity":0},"product_brand":[1588],"product_model":[],"product_cat":[9252],"product_tag":[],"industry-terminology":[],"class_list":{"0":"post-54376","1":"product","2":"type-product","3":"status-publish","4":"has-post-thumbnail","6":"product_brand-sram","7":"product_cat-eturattaat","9":"first","10":"outofstock","11":"taxable","12":"shipping-taxable","13":"product-type-simple"},"acf":{"bike_features":null,"overview":{"copy_overview":null,"key_features":null,"statement":"","youtube_url":""}},"yoast_head":"<!-- This site is optimized with the Yoast SEO plugin v27.4 - https:\/\/yoast.com\/product\/yoast-seo-wordpress\/ -->\n<title>SRAM Chainring \u00d8130 mm Outer (double) 53T 5 holes - VM Sport<\/title>\n<meta name=\"robots\" content=\"index, follow, max-snippet:-1, max-image-preview:large, max-video-preview:-1\" \/>\n<link rel=\"canonical\" href=\"https:\/\/vmsport.fi\/sv\/webbutik\/reservdelar\/transmission\/framhjulsdrift\/sram-kedjehjul-o130-mm-yttre-dubbel-53t-5-hal\/\" \/>\n<meta property=\"og:locale\" content=\"sv_SE\" \/>\n<meta property=\"og:type\" content=\"article\" \/>\n<meta property=\"og:title\" content=\"SRAM Chainring \u00d8130 mm Outer (double) 53T 5 holes - VM Sport\" \/>\n<meta property=\"og:description\" content=\"SRAMin anodisoitu eturatas on suunniteltu kaksinkertaiseen kokoonpanoon, joten se toimii erinomaisesti 10-vaihteisissa py\u00f6r\u00e4j\u00e4rjestelmiss\u00e4. Rattaan halkaisija on 130 mm ja siin\u00e4 on 53 hammasta, mik\u00e4 varmistaa tehokkaan voimansiirron py\u00f6r\u00e4ilyyn. T\u00e4m\u00e4n ansiosta se sopii mainiosti kilpapy\u00f6riin, sill\u00e4 viiden pultin symmetrinen asettelu tuo lis\u00e4vakautta ja kest\u00e4vyytt\u00e4 haastaviin ajo-olosuhteisiin. Rattaan rakenne on suunniteltu optimoimaan suorituskyky, jolloin py\u00f6r\u00e4ilij\u00e4 voi hy\u00f6dynt\u00e4\u00e4 [...]L\u00e4s mer \u2026 from SRAM Chainring \u00d8130 mm Outer (double) 53T 5 holes\" \/>\n<meta property=\"og:url\" content=\"https:\/\/vmsport.fi\/sv\/webbutik\/reservdelar\/transmission\/framhjulsdrift\/sram-kedjehjul-o130-mm-yttre-dubbel-53t-5-hal\/\" \/>\n<meta property=\"og:site_name\" content=\"VM Sport\" \/>\n<meta property=\"article:publisher\" content=\"https:\/\/www.facebook.com\/Vmsport.fi\/\" \/>\n<meta property=\"article:modified_time\" content=\"2026-01-16T11:20:55+00:00\" \/>\n<meta property=\"og:image\" content=\"https:\/\/vmsport.fi\/wp-content\/uploads\/2025\/03\/fn0nk7okZcjLKDtzIs8dcae7hVmUag1QgNqalmo1giLYSUsfCf-1.jpg\" \/>\n\t<meta property=\"og:image:width\" content=\"751\" \/>\n\t<meta property=\"og:image:height\" content=\"750\" \/>\n\t<meta property=\"og:image:type\" content=\"image\/jpeg\" \/>\n<meta name=\"twitter:card\" content=\"summary_large_image\" \/>\n<script type=\"application\/ld+json\" class=\"yoast-schema-graph\">{\"@context\":\"https:\\\/\\\/schema.org\",\"@graph\":[{\"@type\":[\"WebPage\",\"ItemPage\"],\"@id\":\"https:\\\/\\\/vmsport.fi\\\/verkkokauppa\\\/varaosat\\\/voimansiirto\\\/eturattaat\\\/sram-chainring-o130-mm-outer-double-53t-5-holes\\\/\",\"url\":\"https:\\\/\\\/vmsport.fi\\\/verkkokauppa\\\/varaosat\\\/voimansiirto\\\/eturattaat\\\/sram-chainring-o130-mm-outer-double-53t-5-holes\\\/\",\"name\":\"SRAM Chainring \u00d8130 mm Outer (double) 53T 5 holes - VM Sport\",\"isPartOf\":{\"@id\":\"https:\\\/\\\/vmsport.fi\\\/#website\"},\"primaryImageOfPage\":{\"@id\":\"https:\\\/\\\/vmsport.fi\\\/verkkokauppa\\\/varaosat\\\/voimansiirto\\\/eturattaat\\\/sram-chainring-o130-mm-outer-double-53t-5-holes\\\/#primaryimage\"},\"image\":{\"@id\":\"https:\\\/\\\/vmsport.fi\\\/verkkokauppa\\\/varaosat\\\/voimansiirto\\\/eturattaat\\\/sram-chainring-o130-mm-outer-double-53t-5-holes\\\/#primaryimage\"},\"thumbnailUrl\":\"https:\\\/\\\/vmsport.fi\\\/wp-content\\\/uploads\\\/2025\\\/03\\\/fn0nk7okZcjLKDtzIs8dcae7hVmUag1QgNqalmo1giLYSUsfCf-1.jpg\",\"datePublished\":\"2025-03-05T21:53:03+00:00\",\"dateModified\":\"2026-01-16T11:20:55+00:00\",\"breadcrumb\":{\"@id\":\"https:\\\/\\\/vmsport.fi\\\/verkkokauppa\\\/varaosat\\\/voimansiirto\\\/eturattaat\\\/sram-chainring-o130-mm-outer-double-53t-5-holes\\\/#breadcrumb\"},\"inLanguage\":\"sv-SE\",\"potentialAction\":[{\"@type\":\"ReadAction\",\"target\":[\"https:\\\/\\\/vmsport.fi\\\/verkkokauppa\\\/varaosat\\\/voimansiirto\\\/eturattaat\\\/sram-chainring-o130-mm-outer-double-53t-5-holes\\\/\"]}]},{\"@type\":\"ImageObject\",\"inLanguage\":\"sv-SE\",\"@id\":\"https:\\\/\\\/vmsport.fi\\\/verkkokauppa\\\/varaosat\\\/voimansiirto\\\/eturattaat\\\/sram-chainring-o130-mm-outer-double-53t-5-holes\\\/#primaryimage\",\"url\":\"https:\\\/\\\/vmsport.fi\\\/wp-content\\\/uploads\\\/2025\\\/03\\\/fn0nk7okZcjLKDtzIs8dcae7hVmUag1QgNqalmo1giLYSUsfCf-1.jpg\",\"contentUrl\":\"https:\\\/\\\/vmsport.fi\\\/wp-content\\\/uploads\\\/2025\\\/03\\\/fn0nk7okZcjLKDtzIs8dcae7hVmUag1QgNqalmo1giLYSUsfCf-1.jpg\",\"width\":751,\"height\":750,\"caption\":\"fn0nk7okZcjLKDtzIs8dcae7hVmUag1QgNqalmo1giLYSUsfCf\"},{\"@type\":\"BreadcrumbList\",\"@id\":\"https:\\\/\\\/vmsport.fi\\\/verkkokauppa\\\/varaosat\\\/voimansiirto\\\/eturattaat\\\/sram-chainring-o130-mm-outer-double-53t-5-holes\\\/#breadcrumb\",\"itemListElement\":[{\"@type\":\"ListItem\",\"position\":1,\"name\":\"Etusivu\",\"item\":\"https:\\\/\\\/vmsport.fi\\\/\"},{\"@type\":\"ListItem\",\"position\":2,\"name\":\"Online Store\",\"item\":\"https:\\\/\\\/vmsport.fi\\\/en\\\/online-store\\\/\"},{\"@type\":\"ListItem\",\"position\":3,\"name\":\"SRAM Chainring \u00d8130 mm Outer (double) 53T 5 holes\"}]},{\"@type\":\"WebSite\",\"@id\":\"https:\\\/\\\/vmsport.fi\\\/#website\",\"url\":\"https:\\\/\\\/vmsport.fi\\\/\",\"name\":\"Vmsport\",\"description\":\"Kaikki py\u00f6r\u00e4ilyyn yhdest\u00e4 paikasta\",\"publisher\":{\"@id\":\"https:\\\/\\\/vmsport.fi\\\/#organization\"},\"potentialAction\":[{\"@type\":\"SearchAction\",\"target\":{\"@type\":\"EntryPoint\",\"urlTemplate\":\"https:\\\/\\\/vmsport.fi\\\/?s={search_term_string}\"},\"query-input\":{\"@type\":\"PropertyValueSpecification\",\"valueRequired\":true,\"valueName\":\"search_term_string\"}}],\"inLanguage\":\"sv-SE\"},{\"@type\":\"Organization\",\"@id\":\"https:\\\/\\\/vmsport.fi\\\/#organization\",\"name\":\"Vmsport\",\"url\":\"https:\\\/\\\/vmsport.fi\\\/\",\"logo\":{\"@type\":\"ImageObject\",\"inLanguage\":\"sv-SE\",\"@id\":\"https:\\\/\\\/vmsport.fi\\\/#\\\/schema\\\/logo\\\/image\\\/\",\"url\":\"https:\\\/\\\/vmsport.fi\\\/wp-content\\\/uploads\\\/2024\\\/12\\\/vm_sport_RGB_horisontal-e1734526017575.png\",\"contentUrl\":\"https:\\\/\\\/vmsport.fi\\\/wp-content\\\/uploads\\\/2024\\\/12\\\/vm_sport_RGB_horisontal-e1734526017575.png\",\"width\":668,\"height\":85,\"caption\":\"Vmsport\"},\"image\":{\"@id\":\"https:\\\/\\\/vmsport.fi\\\/#\\\/schema\\\/logo\\\/image\\\/\"},\"sameAs\":[\"https:\\\/\\\/www.facebook.com\\\/Vmsport.fi\\\/\",\"https:\\\/\\\/www.instagram.com\\\/vmsport\\\/\"]}]}<\/script>\n<!-- \/ Yoast SEO plugin. -->","yoast_head_json":{"title":"SRAM-kedjehjul \u00d8130 mm yttre (dubbel) 53T 5 h\u00e5l - VM Sport","robots":{"index":"index","follow":"follow","max-snippet":"max-snippet:-1","max-image-preview":"max-image-preview:large","max-video-preview":"max-video-preview:-1"},"canonical":"https:\/\/vmsport.fi\/sv\/webbutik\/reservdelar\/transmission\/framhjulsdrift\/sram-kedjehjul-o130-mm-yttre-dubbel-53t-5-hal\/","og_locale":"sv_SE","og_type":"article","og_title":"SRAM Chainring \u00d8130 mm Outer (double) 53T 5 holes - VM Sport","og_description":"SRAMin anodisoitu eturatas on suunniteltu kaksinkertaiseen kokoonpanoon, joten se toimii erinomaisesti 10-vaihteisissa py\u00f6r\u00e4j\u00e4rjestelmiss\u00e4. Rattaan halkaisija on 130 mm ja siin\u00e4 on 53 hammasta, mik\u00e4 varmistaa tehokkaan voimansiirron py\u00f6r\u00e4ilyyn. T\u00e4m\u00e4n ansiosta se sopii mainiosti kilpapy\u00f6riin, sill\u00e4 viiden pultin symmetrinen asettelu tuo lis\u00e4vakautta ja kest\u00e4vyytt\u00e4 haastaviin ajo-olosuhteisiin. Rattaan rakenne on suunniteltu optimoimaan suorituskyky, jolloin py\u00f6r\u00e4ilij\u00e4 voi hy\u00f6dynt\u00e4\u00e4 [...]L\u00e4s mer \u2026 from SRAM Chainring \u00d8130 mm Outer (double) 53T 5 holes","og_url":"https:\/\/vmsport.fi\/sv\/webbutik\/reservdelar\/transmission\/framhjulsdrift\/sram-kedjehjul-o130-mm-yttre-dubbel-53t-5-hal\/","og_site_name":"VM Sport","article_publisher":"https:\/\/www.facebook.com\/Vmsport.fi\/","article_modified_time":"2026-01-16T11:20:55+00:00","og_image":[{"width":751,"height":750,"url":"https:\/\/vmsport.fi\/wp-content\/uploads\/2025\/03\/fn0nk7okZcjLKDtzIs8dcae7hVmUag1QgNqalmo1giLYSUsfCf-1.jpg","type":"image\/jpeg"}],"twitter_card":"summary_large_image","schema":{"@context":"https:\/\/schema.org","@graph":[{"@type":["WebPage","ItemPage"],"@id":"https:\/\/vmsport.fi\/verkkokauppa\/varaosat\/voimansiirto\/eturattaat\/sram-chainring-o130-mm-outer-double-53t-5-holes\/","url":"https:\/\/vmsport.fi\/verkkokauppa\/varaosat\/voimansiirto\/eturattaat\/sram-chainring-o130-mm-outer-double-53t-5-holes\/","name":"SRAM-kedjehjul \u00d8130 mm yttre (dubbel) 53T 5 h\u00e5l - VM Sport","isPartOf":{"@id":"https:\/\/vmsport.fi\/#website"},"primaryImageOfPage":{"@id":"https:\/\/vmsport.fi\/verkkokauppa\/varaosat\/voimansiirto\/eturattaat\/sram-chainring-o130-mm-outer-double-53t-5-holes\/#primaryimage"},"image":{"@id":"https:\/\/vmsport.fi\/verkkokauppa\/varaosat\/voimansiirto\/eturattaat\/sram-chainring-o130-mm-outer-double-53t-5-holes\/#primaryimage"},"thumbnailUrl":"https:\/\/vmsport.fi\/wp-content\/uploads\/2025\/03\/fn0nk7okZcjLKDtzIs8dcae7hVmUag1QgNqalmo1giLYSUsfCf-1.jpg","datePublished":"2025-03-05T21:53:03+00:00","dateModified":"2026-01-16T11:20:55+00:00","breadcrumb":{"@id":"https:\/\/vmsport.fi\/verkkokauppa\/varaosat\/voimansiirto\/eturattaat\/sram-chainring-o130-mm-outer-double-53t-5-holes\/#breadcrumb"},"inLanguage":"sv-SE","potentialAction":[{"@type":"ReadAction","target":["https:\/\/vmsport.fi\/verkkokauppa\/varaosat\/voimansiirto\/eturattaat\/sram-chainring-o130-mm-outer-double-53t-5-holes\/"]}]},{"@type":"ImageObject","inLanguage":"sv-SE","@id":"https:\/\/vmsport.fi\/verkkokauppa\/varaosat\/voimansiirto\/eturattaat\/sram-chainring-o130-mm-outer-double-53t-5-holes\/#primaryimage","url":"https:\/\/vmsport.fi\/wp-content\/uploads\/2025\/03\/fn0nk7okZcjLKDtzIs8dcae7hVmUag1QgNqalmo1giLYSUsfCf-1.jpg","contentUrl":"https:\/\/vmsport.fi\/wp-content\/uploads\/2025\/03\/fn0nk7okZcjLKDtzIs8dcae7hVmUag1QgNqalmo1giLYSUsfCf-1.jpg","width":751,"height":750,"caption":"fn0nk7okZcjLKDtzIs8dcae7hVmUag1QgNqalmo1giLYSUsfCf"},{"@type":"BreadcrumbList","@id":"https:\/\/vmsport.fi\/verkkokauppa\/varaosat\/voimansiirto\/eturattaat\/sram-chainring-o130-mm-outer-double-53t-5-holes\/#breadcrumb","itemListElement":[{"@type":"ListItem","position":1,"name":"Etusivu","item":"https:\/\/vmsport.fi\/"},{"@type":"ListItem","position":2,"name":"Online Store","item":"https:\/\/vmsport.fi\/en\/online-store\/"},{"@type":"ListItem","position":3,"name":"SRAM Chainring \u00d8130 mm Outer (double) 53T 5 holes"}]},{"@type":"WebSite","@id":"https:\/\/vmsport.fi\/#website","url":"https:\/\/vmsport.fi\/","name":"Vmsport","description":"Allt p\u00e5 ett st\u00e4lle f\u00f6r cykling","publisher":{"@id":"https:\/\/vmsport.fi\/#organization"},"potentialAction":[{"@type":"SearchAction","target":{"@type":"EntryPoint","urlTemplate":"https:\/\/vmsport.fi\/?s={search_term_string}"},"query-input":{"@type":"PropertyValueSpecification","valueRequired":true,"valueName":"search_term_string"}}],"inLanguage":"sv-SE"},{"@type":"Organization","@id":"https:\/\/vmsport.fi\/#organization","name":"Vmsport","url":"https:\/\/vmsport.fi\/","logo":{"@type":"ImageObject","inLanguage":"sv-SE","@id":"https:\/\/vmsport.fi\/#\/schema\/logo\/image\/","url":"https:\/\/vmsport.fi\/wp-content\/uploads\/2024\/12\/vm_sport_RGB_horisontal-e1734526017575.png","contentUrl":"https:\/\/vmsport.fi\/wp-content\/uploads\/2024\/12\/vm_sport_RGB_horisontal-e1734526017575.png","width":668,"height":85,"caption":"Vmsport"},"image":{"@id":"https:\/\/vmsport.fi\/#\/schema\/logo\/image\/"},"sameAs":["https:\/\/www.facebook.com\/Vmsport.fi\/","https:\/\/www.instagram.com\/vmsport\/"]}]}},"global_unique_id":"","_links":{"self":[{"href":"https:\/\/vmsport.fi\/sv\/wp-json\/wp\/v2\/product\/54376","targetHints":{"allow":["GET"]}}],"collection":[{"href":"https:\/\/vmsport.fi\/sv\/wp-json\/wp\/v2\/product"}],"about":[{"href":"https:\/\/vmsport.fi\/sv\/wp-json\/wp\/v2\/types\/product"}],"replies":[{"embeddable":true,"href":"https:\/\/vmsport.fi\/sv\/wp-json\/wp\/v2\/comments?post=54376"}],"wp:featuredmedia":[{"embeddable":true,"href":"https:\/\/vmsport.fi\/sv\/wp-json\/wp\/v2\/media\/54375"}],"wp:attachment":[{"href":"https:\/\/vmsport.fi\/sv\/wp-json\/wp\/v2\/media?parent=54376"}],"wp:term":[{"taxonomy":"product_brand","embeddable":true,"href":"https:\/\/vmsport.fi\/sv\/wp-json\/wp\/v2\/product_brand?post=54376"},{"taxonomy":"product_model","embeddable":true,"href":"https:\/\/vmsport.fi\/sv\/wp-json\/wp\/v2\/product_model?post=54376"},{"taxonomy":"product_cat","embeddable":true,"href":"https:\/\/vmsport.fi\/sv\/wp-json\/wp\/v2\/product_cat?post=54376"},{"taxonomy":"product_tag","embeddable":true,"href":"https:\/\/vmsport.fi\/sv\/wp-json\/wp\/v2\/product_tag?post=54376"},{"taxonomy":"industry_terminology","embeddable":true,"href":"https:\/\/vmsport.fi\/sv\/wp-json\/wp\/v2\/industry-terminology?post=54376"}],"curies":[{"name":"wp","href":"https:\/\/api.w.org\/{rel}","templated":true}]}}