{"id":54374,"date":"2025-03-05T23:53:02","date_gmt":"2025-03-05T21:53:02","guid":{"rendered":"https:\/\/vmsport.fi\/verkkokauppa\/Ei-luokiteltu\/trek-checkpoint-sl-5-axs-gen-3-lava-black-olive\/"},"modified":"2026-01-30T12:24:05","modified_gmt":"2026-01-30T10:24:05","slug":"trek-checkpoint-sl-5-axlar-gen-3-lava-svart-oliv","status":"publish","type":"product","link":"https:\/\/vmsport.fi\/sv\/verkkokauppa\/polkupyorat\/maantie-ja-gravel\/gravel-pyorat\/trek-checkpoint-sl-5-axs-gen-3-lava-black-olive\/","title":{"rendered":"Trek Checkpoint SL 5 AXS Gen 3 - LAVA\/SVART OLIV"},"content":{"rendered":"<p>Trek Checkpoint SL 5 AXS sopii monipuoliseen gravel- ja bikepacking-ajoihin kevyen ja vaimentavan hiilikuiturunkonsa ansiosta. IsoSpeed-teknologia parantaa mukavuutta pitkiss\u00e4kin seikkailuissa. Py\u00f6r\u00e4n runsaiden kiinnityspisteiden, sis\u00e4isen s\u00e4ilytystilan ja 50 mm rengastilan ansiosta mukaan mahtuvat niin laukut kuin juomapullotkin. Langaton SRAM Apex XPLR AXS -voimansiirto takaa helpon vaihteenvaihdon, ja yhteensopivuus hissitolppien sek\u00e4 joustohaarukoiden kanssa mahdollistaa monik\u00e4ytt\u00f6isyyden.<\/p>","protected":false},"excerpt":{"rendered":"<p>Mukava hiilikuituinen gravel-py\u00f6r\u00e4, langaton vaihteisto, suuri rengastila ja runsaasti kiinnityspisteit\u00e4 varusteille. [&#8230;]<\/p>\n<p><a class=\"btn btn-secondary understrap-read-more-link\" href=\"https:\/\/vmsport.fi\/sv\/verkkokauppa\/polkupyorat\/maantie-ja-gravel\/gravel-pyorat\/trek-checkpoint-sl-5-axs-gen-3-lava-black-olive\/\">L\u00e4s mer \u2026<span class=\"screen-reader-text\"> from Trek Checkpoint SL 5 AXS Gen 3 &#8211; LAVA\/BLACK OLIVE<\/span><\/a><\/p>\n","protected":false},"featured_media":54369,"comment_status":"open","ping_status":"closed","template":"","meta":{"_acf_changed":false,"_improvement_type_select":"improve_an_existing","_thumb_yes_seoaic":false,"_frame_yes_seoaic":false,"seoaic_generate_description":"","seoaic_improve_instructions_prompt":"","seoaic_rollback_content_improvement":"","seoaic_idea_thumbnail_generator":"","thumbnail_generated":false,"thumbnail_generate_prompt":"","seoaic_article_description":"","_supplier_stock_quantity":0},"product_brand":[37],"product_model":[1558],"product_cat":[9422],"product_tag":[],"industry-terminology":[],"class_list":{"0":"post-54374","1":"product","2":"type-product","3":"status-publish","4":"has-post-thumbnail","6":"product_brand-trek","7":"product_model-checkpoint","8":"product_cat-gravel-pyorat","10":"first","11":"instock","12":"sale","13":"taxable","14":"shipping-taxable","15":"purchasable","16":"product-type-variable"},"acf":{"bike_features":[{"image":"https:\/\/media.trekbikes.com\/image\/upload\/w_768,c_pad,f_auto,fl_progressive:semi,q_auto\/TK24-CheckpointSL-Tech-Features-Primary-IsoSpeed","header":"Mukavuutta tuova IsoSpeed-teknologia","description":"Rungon innovatiivinen IsoSpeed-teknologia v\u00e4hent\u00e4\u00e4 niemen t\u00f6yssyist\u00e4 syntyvi\u00e4 t\u00e4rin\u00f6it\u00e4."},{"image":"https:\/\/media.trekbikes.com\/image\/upload\/w_768,c_pad,f_auto,fl_progressive:semi,q_auto\/TK24-CheckpointSL-Tech-Features-Primary-Tire-Clearance","header":"Rengastila seikkailuihin","description":"50mm leveill\u00e4 renkailla saavutat tarvittavan vakauden ja pidon."}],"overview":{"copy_overview":[{"overview":"Checkpoint SL 5 AXS Gen 3 vie seikkailut uusiin ulottuvuuksiin."},{"overview":"Rungossa on tilaa suurille renkaiden ja runsaasti kiinnityspisteit\u00e4 varusteille."},{"overview":"T\u00e4m\u00e4 malli on suunniteltu mukavuuteen yhdistettyn\u00e4 moderniin tehokkuuteen."}],"key_features":[{"feature":"Gravel Endurance -geometrian ansiosta pystyt mukavasti pitkiin ajoihin"},{"feature":"IsoSpeed-teknologia vaimentaa tehokkaasti t\u00e4rin\u00e4\u00e4 ja lis\u00e4\u00e4 ajomukavuutta"},{"feature":"Langanaton SRAM Apex XPLR AXS 12-vaihteinen vaihteisto tarkkaan vaihteensiirtoon"}],"statement":"Checkpoint SL 5 AXS Gen 3 on hiilikuituinen gravel-py\u00f6r\u00e4 seikkailuihin.","youtube_url":"https:\/\/www.youtube.com\/watch?v=N1k5IzFyzzE"}},"yoast_head":"<!-- This site is optimized with the Yoast SEO plugin v27.3 - https:\/\/yoast.com\/product\/yoast-seo-wordpress\/ -->\n<title>Trek Checkpoint SL 5 AXS Gen 3 - LAVA\/BLACK OLIVE - VM Sport<\/title>\n<meta name=\"robots\" content=\"index, follow, max-snippet:-1, max-image-preview:large, max-video-preview:-1\" \/>\n<link rel=\"canonical\" href=\"https:\/\/vmsport.fi\/sv\/webbutik\/cyklar\/vag-och-grus\/grus-pyorat\/trek-checkpoint-sl-5-axlar-gen-3-lava-svart-oliv\/\" \/>\n<meta property=\"og:locale\" content=\"sv_SE\" \/>\n<meta property=\"og:type\" content=\"article\" \/>\n<meta property=\"og:title\" content=\"Trek Checkpoint SL 5 AXS Gen 3 - LAVA\/BLACK OLIVE - VM Sport\" \/>\n<meta property=\"og:description\" content=\"Mukava hiilikuituinen gravel-py\u00f6r\u00e4, langaton vaihteisto, suuri rengastila ja runsaasti kiinnityspisteit\u00e4 varusteille. [...]L\u00e4s mer \u2026 from Trek Checkpoint SL 5 AXS Gen 3 &#8211; LAVA\/BLACK OLIVE\" \/>\n<meta property=\"og:url\" content=\"https:\/\/vmsport.fi\/sv\/webbutik\/cyklar\/vag-och-grus\/grus-pyorat\/trek-checkpoint-sl-5-axlar-gen-3-lava-svart-oliv\/\" \/>\n<meta property=\"og:site_name\" content=\"VM Sport\" \/>\n<meta property=\"article:publisher\" content=\"https:\/\/www.facebook.com\/Vmsport.fi\/\" \/>\n<meta property=\"article:modified_time\" content=\"2026-01-30T10:24:05+00:00\" \/>\n<meta property=\"og:image\" content=\"https:\/\/vmsport.fi\/wp-content\/uploads\/2025\/03\/h1fvKRQkq7iScsklancBLC2c0QwxsudVl41xdyWRgqpAtSRT6b-1.jpg\" \/>\n\t<meta property=\"og:image:width\" content=\"1000\" \/>\n\t<meta property=\"og:image:height\" content=\"750\" \/>\n\t<meta property=\"og:image:type\" content=\"image\/jpeg\" \/>\n<meta name=\"twitter:card\" content=\"summary_large_image\" \/>\n<meta name=\"twitter:label1\" content=\"Ber\u00e4knad l\u00e4stid\" \/>\n\t<meta name=\"twitter:data1\" content=\"2 minuter\" \/>\n<script type=\"application\/ld+json\" class=\"yoast-schema-graph\">{\"@context\":\"https:\\\/\\\/schema.org\",\"@graph\":[{\"@type\":[\"WebPage\",\"ItemPage\"],\"@id\":\"https:\\\/\\\/vmsport.fi\\\/verkkokauppa\\\/polkupyorat\\\/maantie-ja-gravel\\\/gravel-pyorat\\\/trek-checkpoint-sl-5-axs-gen-3-lava-black-olive\\\/\",\"url\":\"https:\\\/\\\/vmsport.fi\\\/verkkokauppa\\\/polkupyorat\\\/maantie-ja-gravel\\\/gravel-pyorat\\\/trek-checkpoint-sl-5-axs-gen-3-lava-black-olive\\\/\",\"name\":\"Trek Checkpoint SL 5 AXS Gen 3 - LAVA\\\/BLACK OLIVE - VM Sport\",\"isPartOf\":{\"@id\":\"https:\\\/\\\/vmsport.fi\\\/#website\"},\"primaryImageOfPage\":{\"@id\":\"https:\\\/\\\/vmsport.fi\\\/verkkokauppa\\\/polkupyorat\\\/maantie-ja-gravel\\\/gravel-pyorat\\\/trek-checkpoint-sl-5-axs-gen-3-lava-black-olive\\\/#primaryimage\"},\"image\":{\"@id\":\"https:\\\/\\\/vmsport.fi\\\/verkkokauppa\\\/polkupyorat\\\/maantie-ja-gravel\\\/gravel-pyorat\\\/trek-checkpoint-sl-5-axs-gen-3-lava-black-olive\\\/#primaryimage\"},\"thumbnailUrl\":\"https:\\\/\\\/vmsport.fi\\\/wp-content\\\/uploads\\\/2025\\\/03\\\/h1fvKRQkq7iScsklancBLC2c0QwxsudVl41xdyWRgqpAtSRT6b-1.jpg\",\"datePublished\":\"2025-03-05T21:53:02+00:00\",\"dateModified\":\"2026-01-30T10:24:05+00:00\",\"breadcrumb\":{\"@id\":\"https:\\\/\\\/vmsport.fi\\\/verkkokauppa\\\/polkupyorat\\\/maantie-ja-gravel\\\/gravel-pyorat\\\/trek-checkpoint-sl-5-axs-gen-3-lava-black-olive\\\/#breadcrumb\"},\"inLanguage\":\"sv-SE\",\"potentialAction\":[{\"@type\":\"ReadAction\",\"target\":[\"https:\\\/\\\/vmsport.fi\\\/verkkokauppa\\\/polkupyorat\\\/maantie-ja-gravel\\\/gravel-pyorat\\\/trek-checkpoint-sl-5-axs-gen-3-lava-black-olive\\\/\"]}]},{\"@type\":\"ImageObject\",\"inLanguage\":\"sv-SE\",\"@id\":\"https:\\\/\\\/vmsport.fi\\\/verkkokauppa\\\/polkupyorat\\\/maantie-ja-gravel\\\/gravel-pyorat\\\/trek-checkpoint-sl-5-axs-gen-3-lava-black-olive\\\/#primaryimage\",\"url\":\"https:\\\/\\\/vmsport.fi\\\/wp-content\\\/uploads\\\/2025\\\/03\\\/h1fvKRQkq7iScsklancBLC2c0QwxsudVl41xdyWRgqpAtSRT6b-1.jpg\",\"contentUrl\":\"https:\\\/\\\/vmsport.fi\\\/wp-content\\\/uploads\\\/2025\\\/03\\\/h1fvKRQkq7iScsklancBLC2c0QwxsudVl41xdyWRgqpAtSRT6b-1.jpg\",\"width\":1000,\"height\":750,\"caption\":\"h1fvKRQkq7iScsklancBLC2c0QwxsudVl41xdyWRgqpAtSRT6b\"},{\"@type\":\"BreadcrumbList\",\"@id\":\"https:\\\/\\\/vmsport.fi\\\/verkkokauppa\\\/polkupyorat\\\/maantie-ja-gravel\\\/gravel-pyorat\\\/trek-checkpoint-sl-5-axs-gen-3-lava-black-olive\\\/#breadcrumb\",\"itemListElement\":[{\"@type\":\"ListItem\",\"position\":1,\"name\":\"Etusivu\",\"item\":\"https:\\\/\\\/vmsport.fi\\\/\"},{\"@type\":\"ListItem\",\"position\":2,\"name\":\"Online Store\",\"item\":\"https:\\\/\\\/vmsport.fi\\\/en\\\/online-store\\\/\"},{\"@type\":\"ListItem\",\"position\":3,\"name\":\"Trek polkupy\u00f6r\u00e4t\",\"item\":\"https:\\\/\\\/vmsport.fi\\\/sv\\\/merkki\\\/trek\\\/\"},{\"@type\":\"ListItem\",\"position\":4,\"name\":\"Trek Checkpoint SL 5 AXS Gen 3 &#8211; LAVA\\\/BLACK OLIVE\"}]},{\"@type\":\"WebSite\",\"@id\":\"https:\\\/\\\/vmsport.fi\\\/#website\",\"url\":\"https:\\\/\\\/vmsport.fi\\\/\",\"name\":\"Vmsport\",\"description\":\"Kaikki py\u00f6r\u00e4ilyyn yhdest\u00e4 paikasta\",\"publisher\":{\"@id\":\"https:\\\/\\\/vmsport.fi\\\/#organization\"},\"potentialAction\":[{\"@type\":\"SearchAction\",\"target\":{\"@type\":\"EntryPoint\",\"urlTemplate\":\"https:\\\/\\\/vmsport.fi\\\/?s={search_term_string}\"},\"query-input\":{\"@type\":\"PropertyValueSpecification\",\"valueRequired\":true,\"valueName\":\"search_term_string\"}}],\"inLanguage\":\"sv-SE\"},{\"@type\":\"Organization\",\"@id\":\"https:\\\/\\\/vmsport.fi\\\/#organization\",\"name\":\"Vmsport\",\"url\":\"https:\\\/\\\/vmsport.fi\\\/\",\"logo\":{\"@type\":\"ImageObject\",\"inLanguage\":\"sv-SE\",\"@id\":\"https:\\\/\\\/vmsport.fi\\\/#\\\/schema\\\/logo\\\/image\\\/\",\"url\":\"https:\\\/\\\/vmsport.fi\\\/wp-content\\\/uploads\\\/2024\\\/12\\\/vm_sport_RGB_horisontal-e1734526017575.png\",\"contentUrl\":\"https:\\\/\\\/vmsport.fi\\\/wp-content\\\/uploads\\\/2024\\\/12\\\/vm_sport_RGB_horisontal-e1734526017575.png\",\"width\":668,\"height\":85,\"caption\":\"Vmsport\"},\"image\":{\"@id\":\"https:\\\/\\\/vmsport.fi\\\/#\\\/schema\\\/logo\\\/image\\\/\"},\"sameAs\":[\"https:\\\/\\\/www.facebook.com\\\/Vmsport.fi\\\/\",\"https:\\\/\\\/www.instagram.com\\\/vmsport\\\/\"]}]}<\/script>\n<!-- \/ Yoast SEO plugin. -->","yoast_head_json":{"title":"Trek Checkpoint SL 5 AXS Gen 3 - LAVA\/SVART OLIV - VM Sport","robots":{"index":"index","follow":"follow","max-snippet":"max-snippet:-1","max-image-preview":"max-image-preview:large","max-video-preview":"max-video-preview:-1"},"canonical":"https:\/\/vmsport.fi\/sv\/webbutik\/cyklar\/vag-och-grus\/grus-pyorat\/trek-checkpoint-sl-5-axlar-gen-3-lava-svart-oliv\/","og_locale":"sv_SE","og_type":"article","og_title":"Trek Checkpoint SL 5 AXS Gen 3 - LAVA\/BLACK OLIVE - VM Sport","og_description":"Mukava hiilikuituinen gravel-py\u00f6r\u00e4, langaton vaihteisto, suuri rengastila ja runsaasti kiinnityspisteit\u00e4 varusteille. [...]L\u00e4s mer \u2026 from Trek Checkpoint SL 5 AXS Gen 3 &#8211; LAVA\/BLACK OLIVE","og_url":"https:\/\/vmsport.fi\/sv\/webbutik\/cyklar\/vag-och-grus\/grus-pyorat\/trek-checkpoint-sl-5-axlar-gen-3-lava-svart-oliv\/","og_site_name":"VM Sport","article_publisher":"https:\/\/www.facebook.com\/Vmsport.fi\/","article_modified_time":"2026-01-30T10:24:05+00:00","og_image":[{"width":1000,"height":750,"url":"https:\/\/vmsport.fi\/wp-content\/uploads\/2025\/03\/h1fvKRQkq7iScsklancBLC2c0QwxsudVl41xdyWRgqpAtSRT6b-1.jpg","type":"image\/jpeg"}],"twitter_card":"summary_large_image","twitter_misc":{"Ber\u00e4knad l\u00e4stid":"2 minuter"},"schema":{"@context":"https:\/\/schema.org","@graph":[{"@type":["WebPage","ItemPage"],"@id":"https:\/\/vmsport.fi\/verkkokauppa\/polkupyorat\/maantie-ja-gravel\/gravel-pyorat\/trek-checkpoint-sl-5-axs-gen-3-lava-black-olive\/","url":"https:\/\/vmsport.fi\/verkkokauppa\/polkupyorat\/maantie-ja-gravel\/gravel-pyorat\/trek-checkpoint-sl-5-axs-gen-3-lava-black-olive\/","name":"Trek Checkpoint SL 5 AXS Gen 3 - LAVA\/SVART OLIV - VM Sport","isPartOf":{"@id":"https:\/\/vmsport.fi\/#website"},"primaryImageOfPage":{"@id":"https:\/\/vmsport.fi\/verkkokauppa\/polkupyorat\/maantie-ja-gravel\/gravel-pyorat\/trek-checkpoint-sl-5-axs-gen-3-lava-black-olive\/#primaryimage"},"image":{"@id":"https:\/\/vmsport.fi\/verkkokauppa\/polkupyorat\/maantie-ja-gravel\/gravel-pyorat\/trek-checkpoint-sl-5-axs-gen-3-lava-black-olive\/#primaryimage"},"thumbnailUrl":"https:\/\/vmsport.fi\/wp-content\/uploads\/2025\/03\/h1fvKRQkq7iScsklancBLC2c0QwxsudVl41xdyWRgqpAtSRT6b-1.jpg","datePublished":"2025-03-05T21:53:02+00:00","dateModified":"2026-01-30T10:24:05+00:00","breadcrumb":{"@id":"https:\/\/vmsport.fi\/verkkokauppa\/polkupyorat\/maantie-ja-gravel\/gravel-pyorat\/trek-checkpoint-sl-5-axs-gen-3-lava-black-olive\/#breadcrumb"},"inLanguage":"sv-SE","potentialAction":[{"@type":"ReadAction","target":["https:\/\/vmsport.fi\/verkkokauppa\/polkupyorat\/maantie-ja-gravel\/gravel-pyorat\/trek-checkpoint-sl-5-axs-gen-3-lava-black-olive\/"]}]},{"@type":"ImageObject","inLanguage":"sv-SE","@id":"https:\/\/vmsport.fi\/verkkokauppa\/polkupyorat\/maantie-ja-gravel\/gravel-pyorat\/trek-checkpoint-sl-5-axs-gen-3-lava-black-olive\/#primaryimage","url":"https:\/\/vmsport.fi\/wp-content\/uploads\/2025\/03\/h1fvKRQkq7iScsklancBLC2c0QwxsudVl41xdyWRgqpAtSRT6b-1.jpg","contentUrl":"https:\/\/vmsport.fi\/wp-content\/uploads\/2025\/03\/h1fvKRQkq7iScsklancBLC2c0QwxsudVl41xdyWRgqpAtSRT6b-1.jpg","width":1000,"height":750,"caption":"h1fvKRQkq7iScsklancBLC2c0QwxsudVl41xdyWRgqpAtSRT6b"},{"@type":"BreadcrumbList","@id":"https:\/\/vmsport.fi\/verkkokauppa\/polkupyorat\/maantie-ja-gravel\/gravel-pyorat\/trek-checkpoint-sl-5-axs-gen-3-lava-black-olive\/#breadcrumb","itemListElement":[{"@type":"ListItem","position":1,"name":"Etusivu","item":"https:\/\/vmsport.fi\/"},{"@type":"ListItem","position":2,"name":"Online Store","item":"https:\/\/vmsport.fi\/en\/online-store\/"},{"@type":"ListItem","position":3,"name":"Trek polkupy\u00f6r\u00e4t","item":"https:\/\/vmsport.fi\/sv\/merkki\/trek\/"},{"@type":"ListItem","position":4,"name":"Trek Checkpoint SL 5 AXS Gen 3 &#8211; LAVA\/BLACK OLIVE"}]},{"@type":"WebSite","@id":"https:\/\/vmsport.fi\/#website","url":"https:\/\/vmsport.fi\/","name":"Vmsport","description":"Allt p\u00e5 ett st\u00e4lle f\u00f6r cykling","publisher":{"@id":"https:\/\/vmsport.fi\/#organization"},"potentialAction":[{"@type":"SearchAction","target":{"@type":"EntryPoint","urlTemplate":"https:\/\/vmsport.fi\/?s={search_term_string}"},"query-input":{"@type":"PropertyValueSpecification","valueRequired":true,"valueName":"search_term_string"}}],"inLanguage":"sv-SE"},{"@type":"Organization","@id":"https:\/\/vmsport.fi\/#organization","name":"Vmsport","url":"https:\/\/vmsport.fi\/","logo":{"@type":"ImageObject","inLanguage":"sv-SE","@id":"https:\/\/vmsport.fi\/#\/schema\/logo\/image\/","url":"https:\/\/vmsport.fi\/wp-content\/uploads\/2024\/12\/vm_sport_RGB_horisontal-e1734526017575.png","contentUrl":"https:\/\/vmsport.fi\/wp-content\/uploads\/2024\/12\/vm_sport_RGB_horisontal-e1734526017575.png","width":668,"height":85,"caption":"Vmsport"},"image":{"@id":"https:\/\/vmsport.fi\/#\/schema\/logo\/image\/"},"sameAs":["https:\/\/www.facebook.com\/Vmsport.fi\/","https:\/\/www.instagram.com\/vmsport\/"]}]}},"global_unique_id":"","_links":{"self":[{"href":"https:\/\/vmsport.fi\/sv\/wp-json\/wp\/v2\/product\/54374","targetHints":{"allow":["GET"]}}],"collection":[{"href":"https:\/\/vmsport.fi\/sv\/wp-json\/wp\/v2\/product"}],"about":[{"href":"https:\/\/vmsport.fi\/sv\/wp-json\/wp\/v2\/types\/product"}],"replies":[{"embeddable":true,"href":"https:\/\/vmsport.fi\/sv\/wp-json\/wp\/v2\/comments?post=54374"}],"wp:featuredmedia":[{"embeddable":true,"href":"https:\/\/vmsport.fi\/sv\/wp-json\/wp\/v2\/media\/54369"}],"wp:attachment":[{"href":"https:\/\/vmsport.fi\/sv\/wp-json\/wp\/v2\/media?parent=54374"}],"wp:term":[{"taxonomy":"product_brand","embeddable":true,"href":"https:\/\/vmsport.fi\/sv\/wp-json\/wp\/v2\/product_brand?post=54374"},{"taxonomy":"product_model","embeddable":true,"href":"https:\/\/vmsport.fi\/sv\/wp-json\/wp\/v2\/product_model?post=54374"},{"taxonomy":"product_cat","embeddable":true,"href":"https:\/\/vmsport.fi\/sv\/wp-json\/wp\/v2\/product_cat?post=54374"},{"taxonomy":"product_tag","embeddable":true,"href":"https:\/\/vmsport.fi\/sv\/wp-json\/wp\/v2\/product_tag?post=54374"},{"taxonomy":"industry_terminology","embeddable":true,"href":"https:\/\/vmsport.fi\/sv\/wp-json\/wp\/v2\/industry-terminology?post=54374"}],"curies":[{"name":"wp","href":"https:\/\/api.w.org\/{rel}","templated":true}]}}