{"id":54368,"date":"2025-03-05T23:52:56","date_gmt":"2025-03-05T21:52:56","guid":{"rendered":"https:\/\/vmsport.fi\/verkkokauppa\/Ei-luokiteltu\/poc-oseus-vpd-polvi-suoja\/"},"modified":"2026-01-16T13:29:07","modified_gmt":"2026-01-16T11:29:07","slug":"poc-oseus-vpd-knaskydd","status":"publish","type":"product","link":"https:\/\/vmsport.fi\/sv\/verkkokauppa\/ajovarusteet\/suojavarusteet\/polvi-ja-saarisuojat\/poc-oseus-vpd-polvi-suoja\/","title":{"rendered":"POC Oseus VPD kn\u00e4skydd"},"content":{"rendered":"<p>POC Oseus VPD Knee Protection ger utm\u00e4rkt skydd under alla f\u00f6rh\u00e5llanden, vilket g\u00f6r det till det perfekta valet f\u00f6r den aktiva l\u00f6paren som letar efter ett p\u00e5litligt kn\u00e4skydd. Det unika VPD-materialet i skyddet anpassar sig till kroppens r\u00f6relser och ger maximal r\u00f6rlighet och komfort. Den slitstarka konstruktionen, som t\u00e5l \u00e4ven de h\u00e5rdaste st\u00f6tar, f\u00f6rb\u00e4ttrar anv\u00e4ndarupplevelsen avsev\u00e4rt. Dessutom s\u00e4kerst\u00e4ller det andningsbara materialet att skydden sitter bekv\u00e4mt p\u00e5 plats utan att glida. Kn\u00e4skyddet \u00e4r l\u00e4mpligt f\u00f6r ett brett spektrum av sporter, och s\u00e4rskilt f\u00f6r cyklister som v\u00e4rdes\u00e4tter b\u00e5de skydd och komfort under intensiva prestationer.<\/p>","protected":false},"excerpt":{"rendered":"<p>POC Oseus VPD Polvisuoja tarjoaa erinomaisen suojan kaikissa olosuhteissa, mik\u00e4 tekee siit\u00e4 ihanteellisen valinnan aktiiviselle liikkujalle, joka etsii luotettavaa polvisuojaa. Suojan ainutlaatuinen VPD-materiaali mukautuu kehon liikkeisiin, tarjoten maksimaalisen liikkuvuuden ja mukavuuden. Kest\u00e4v\u00e4 rakenne, joka kest\u00e4\u00e4 kovemmatkin iskut, parantaa k\u00e4ytt\u00f6kokemusta huomattavasti. Lis\u00e4ksi hengitt\u00e4v\u00e4 materiaali takaa, ett\u00e4 suojat pysyv\u00e4t miellytt\u00e4v\u00e4sti paikoillaan ilman liukumista. Polvisuoja soveltuu monenlaisiin urheilulajeihin, [&#8230;]<\/p>\n<p><a class=\"btn btn-secondary understrap-read-more-link\" href=\"https:\/\/vmsport.fi\/sv\/verkkokauppa\/ajovarusteet\/suojavarusteet\/polvi-ja-saarisuojat\/poc-oseus-vpd-polvi-suoja\/\">L\u00e4s mer \u2026<span class=\"screen-reader-text\"> from POC Oseus VPD Polvi Suoja<\/span><\/a><\/p>\n","protected":false},"featured_media":54364,"comment_status":"open","ping_status":"closed","template":"","meta":{"_acf_changed":false,"_improvement_type_select":"improve_an_existing","_thumb_yes_seoaic":false,"_frame_yes_seoaic":false,"seoaic_generate_description":"","seoaic_improve_instructions_prompt":"","seoaic_rollback_content_improvement":"","seoaic_idea_thumbnail_generator":"","thumbnail_generated":false,"thumbnail_generate_prompt":"","seoaic_article_description":"","_supplier_stock_quantity":0},"product_brand":[],"product_model":[],"product_cat":[9506],"product_tag":[],"industry-terminology":[],"class_list":{"0":"post-54368","1":"product","2":"type-product","3":"status-publish","4":"has-post-thumbnail","6":"product_cat-polvi-ja-saarisuojat","8":"first","9":"outofstock","10":"taxable","11":"shipping-taxable","12":"product-type-variable"},"acf":{"bike_features":null,"overview":{"copy_overview":null,"key_features":null,"statement":"","youtube_url":""}},"yoast_head":"<!-- This site is optimized with the Yoast SEO plugin v27.3 - https:\/\/yoast.com\/product\/yoast-seo-wordpress\/ -->\n<title>POC Oseus VPD Polvi Suoja - VM Sport<\/title>\n<meta name=\"robots\" content=\"index, follow, max-snippet:-1, max-image-preview:large, max-video-preview:-1\" \/>\n<link rel=\"canonical\" href=\"https:\/\/vmsport.fi\/sv\/webbutik\/korutrustning\/skyddsutrustning\/kna-och-oskydd\/poc-oseus-vpd-knaskydd\/\" \/>\n<meta property=\"og:locale\" content=\"sv_SE\" \/>\n<meta property=\"og:type\" content=\"article\" \/>\n<meta property=\"og:title\" content=\"POC Oseus VPD Polvi Suoja - VM Sport\" \/>\n<meta property=\"og:description\" content=\"POC Oseus VPD Polvisuoja tarjoaa erinomaisen suojan kaikissa olosuhteissa, mik\u00e4 tekee siit\u00e4 ihanteellisen valinnan aktiiviselle liikkujalle, joka etsii luotettavaa polvisuojaa. Suojan ainutlaatuinen VPD-materiaali mukautuu kehon liikkeisiin, tarjoten maksimaalisen liikkuvuuden ja mukavuuden. Kest\u00e4v\u00e4 rakenne, joka kest\u00e4\u00e4 kovemmatkin iskut, parantaa k\u00e4ytt\u00f6kokemusta huomattavasti. Lis\u00e4ksi hengitt\u00e4v\u00e4 materiaali takaa, ett\u00e4 suojat pysyv\u00e4t miellytt\u00e4v\u00e4sti paikoillaan ilman liukumista. Polvisuoja soveltuu monenlaisiin urheilulajeihin, [...]L\u00e4s mer \u2026 from POC Oseus VPD Polvi Suoja\" \/>\n<meta property=\"og:url\" content=\"https:\/\/vmsport.fi\/sv\/webbutik\/korutrustning\/skyddsutrustning\/kna-och-oskydd\/poc-oseus-vpd-knaskydd\/\" \/>\n<meta property=\"og:site_name\" content=\"VM Sport\" \/>\n<meta property=\"article:publisher\" content=\"https:\/\/www.facebook.com\/Vmsport.fi\/\" \/>\n<meta property=\"article:modified_time\" content=\"2026-01-16T11:29:07+00:00\" \/>\n<meta property=\"og:image\" content=\"https:\/\/vmsport.fi\/wp-content\/uploads\/2025\/03\/20383-OseusVPDKnee-1002-UraniumBlack-1002-front-1.png\" \/>\n\t<meta property=\"og:image:width\" content=\"680\" \/>\n\t<meta property=\"og:image:height\" content=\"1000\" \/>\n\t<meta property=\"og:image:type\" content=\"image\/png\" \/>\n<meta name=\"twitter:card\" content=\"summary_large_image\" \/>\n<script type=\"application\/ld+json\" class=\"yoast-schema-graph\">{\"@context\":\"https:\\\/\\\/schema.org\",\"@graph\":[{\"@type\":[\"WebPage\",\"ItemPage\"],\"@id\":\"https:\\\/\\\/vmsport.fi\\\/verkkokauppa\\\/ajovarusteet\\\/suojavarusteet\\\/polvi-ja-saarisuojat\\\/poc-oseus-vpd-polvi-suoja\\\/\",\"url\":\"https:\\\/\\\/vmsport.fi\\\/verkkokauppa\\\/ajovarusteet\\\/suojavarusteet\\\/polvi-ja-saarisuojat\\\/poc-oseus-vpd-polvi-suoja\\\/\",\"name\":\"POC Oseus VPD Polvi Suoja - VM Sport\",\"isPartOf\":{\"@id\":\"https:\\\/\\\/vmsport.fi\\\/#website\"},\"primaryImageOfPage\":{\"@id\":\"https:\\\/\\\/vmsport.fi\\\/verkkokauppa\\\/ajovarusteet\\\/suojavarusteet\\\/polvi-ja-saarisuojat\\\/poc-oseus-vpd-polvi-suoja\\\/#primaryimage\"},\"image\":{\"@id\":\"https:\\\/\\\/vmsport.fi\\\/verkkokauppa\\\/ajovarusteet\\\/suojavarusteet\\\/polvi-ja-saarisuojat\\\/poc-oseus-vpd-polvi-suoja\\\/#primaryimage\"},\"thumbnailUrl\":\"https:\\\/\\\/vmsport.fi\\\/wp-content\\\/uploads\\\/2025\\\/03\\\/20383-OseusVPDKnee-1002-UraniumBlack-1002-front-1.png\",\"datePublished\":\"2025-03-05T21:52:56+00:00\",\"dateModified\":\"2026-01-16T11:29:07+00:00\",\"breadcrumb\":{\"@id\":\"https:\\\/\\\/vmsport.fi\\\/verkkokauppa\\\/ajovarusteet\\\/suojavarusteet\\\/polvi-ja-saarisuojat\\\/poc-oseus-vpd-polvi-suoja\\\/#breadcrumb\"},\"inLanguage\":\"sv-SE\",\"potentialAction\":[{\"@type\":\"ReadAction\",\"target\":[\"https:\\\/\\\/vmsport.fi\\\/verkkokauppa\\\/ajovarusteet\\\/suojavarusteet\\\/polvi-ja-saarisuojat\\\/poc-oseus-vpd-polvi-suoja\\\/\"]}]},{\"@type\":\"ImageObject\",\"inLanguage\":\"sv-SE\",\"@id\":\"https:\\\/\\\/vmsport.fi\\\/verkkokauppa\\\/ajovarusteet\\\/suojavarusteet\\\/polvi-ja-saarisuojat\\\/poc-oseus-vpd-polvi-suoja\\\/#primaryimage\",\"url\":\"https:\\\/\\\/vmsport.fi\\\/wp-content\\\/uploads\\\/2025\\\/03\\\/20383-OseusVPDKnee-1002-UraniumBlack-1002-front-1.png\",\"contentUrl\":\"https:\\\/\\\/vmsport.fi\\\/wp-content\\\/uploads\\\/2025\\\/03\\\/20383-OseusVPDKnee-1002-UraniumBlack-1002-front-1.png\",\"width\":680,\"height\":1000,\"caption\":\"20383-OseusVPDKnee-1002-UraniumBlack-1002-front\"},{\"@type\":\"BreadcrumbList\",\"@id\":\"https:\\\/\\\/vmsport.fi\\\/verkkokauppa\\\/ajovarusteet\\\/suojavarusteet\\\/polvi-ja-saarisuojat\\\/poc-oseus-vpd-polvi-suoja\\\/#breadcrumb\",\"itemListElement\":[{\"@type\":\"ListItem\",\"position\":1,\"name\":\"Etusivu\",\"item\":\"https:\\\/\\\/vmsport.fi\\\/\"},{\"@type\":\"ListItem\",\"position\":2,\"name\":\"Online Store\",\"item\":\"https:\\\/\\\/vmsport.fi\\\/en\\\/online-store\\\/\"},{\"@type\":\"ListItem\",\"position\":3,\"name\":\"POC Oseus VPD Polvi Suoja\"}]},{\"@type\":\"WebSite\",\"@id\":\"https:\\\/\\\/vmsport.fi\\\/#website\",\"url\":\"https:\\\/\\\/vmsport.fi\\\/\",\"name\":\"Vmsport\",\"description\":\"Kaikki py\u00f6r\u00e4ilyyn yhdest\u00e4 paikasta\",\"publisher\":{\"@id\":\"https:\\\/\\\/vmsport.fi\\\/#organization\"},\"potentialAction\":[{\"@type\":\"SearchAction\",\"target\":{\"@type\":\"EntryPoint\",\"urlTemplate\":\"https:\\\/\\\/vmsport.fi\\\/?s={search_term_string}\"},\"query-input\":{\"@type\":\"PropertyValueSpecification\",\"valueRequired\":true,\"valueName\":\"search_term_string\"}}],\"inLanguage\":\"sv-SE\"},{\"@type\":\"Organization\",\"@id\":\"https:\\\/\\\/vmsport.fi\\\/#organization\",\"name\":\"Vmsport\",\"url\":\"https:\\\/\\\/vmsport.fi\\\/\",\"logo\":{\"@type\":\"ImageObject\",\"inLanguage\":\"sv-SE\",\"@id\":\"https:\\\/\\\/vmsport.fi\\\/#\\\/schema\\\/logo\\\/image\\\/\",\"url\":\"https:\\\/\\\/vmsport.fi\\\/wp-content\\\/uploads\\\/2024\\\/12\\\/vm_sport_RGB_horisontal-e1734526017575.png\",\"contentUrl\":\"https:\\\/\\\/vmsport.fi\\\/wp-content\\\/uploads\\\/2024\\\/12\\\/vm_sport_RGB_horisontal-e1734526017575.png\",\"width\":668,\"height\":85,\"caption\":\"Vmsport\"},\"image\":{\"@id\":\"https:\\\/\\\/vmsport.fi\\\/#\\\/schema\\\/logo\\\/image\\\/\"},\"sameAs\":[\"https:\\\/\\\/www.facebook.com\\\/Vmsport.fi\\\/\",\"https:\\\/\\\/www.instagram.com\\\/vmsport\\\/\"]}]}<\/script>\n<!-- \/ Yoast SEO plugin. -->","yoast_head_json":{"title":"POC Oseus VPD kn\u00e4skydd - VM Sport","robots":{"index":"index","follow":"follow","max-snippet":"max-snippet:-1","max-image-preview":"max-image-preview:large","max-video-preview":"max-video-preview:-1"},"canonical":"https:\/\/vmsport.fi\/sv\/webbutik\/korutrustning\/skyddsutrustning\/kna-och-oskydd\/poc-oseus-vpd-knaskydd\/","og_locale":"sv_SE","og_type":"article","og_title":"POC Oseus VPD Polvi Suoja - VM Sport","og_description":"POC Oseus VPD Polvisuoja tarjoaa erinomaisen suojan kaikissa olosuhteissa, mik\u00e4 tekee siit\u00e4 ihanteellisen valinnan aktiiviselle liikkujalle, joka etsii luotettavaa polvisuojaa. Suojan ainutlaatuinen VPD-materiaali mukautuu kehon liikkeisiin, tarjoten maksimaalisen liikkuvuuden ja mukavuuden. Kest\u00e4v\u00e4 rakenne, joka kest\u00e4\u00e4 kovemmatkin iskut, parantaa k\u00e4ytt\u00f6kokemusta huomattavasti. Lis\u00e4ksi hengitt\u00e4v\u00e4 materiaali takaa, ett\u00e4 suojat pysyv\u00e4t miellytt\u00e4v\u00e4sti paikoillaan ilman liukumista. Polvisuoja soveltuu monenlaisiin urheilulajeihin, [...]L\u00e4s mer \u2026 from POC Oseus VPD Polvi Suoja","og_url":"https:\/\/vmsport.fi\/sv\/webbutik\/korutrustning\/skyddsutrustning\/kna-och-oskydd\/poc-oseus-vpd-knaskydd\/","og_site_name":"VM Sport","article_publisher":"https:\/\/www.facebook.com\/Vmsport.fi\/","article_modified_time":"2026-01-16T11:29:07+00:00","og_image":[{"width":680,"height":1000,"url":"https:\/\/vmsport.fi\/wp-content\/uploads\/2025\/03\/20383-OseusVPDKnee-1002-UraniumBlack-1002-front-1.png","type":"image\/png"}],"twitter_card":"summary_large_image","schema":{"@context":"https:\/\/schema.org","@graph":[{"@type":["WebPage","ItemPage"],"@id":"https:\/\/vmsport.fi\/verkkokauppa\/ajovarusteet\/suojavarusteet\/polvi-ja-saarisuojat\/poc-oseus-vpd-polvi-suoja\/","url":"https:\/\/vmsport.fi\/verkkokauppa\/ajovarusteet\/suojavarusteet\/polvi-ja-saarisuojat\/poc-oseus-vpd-polvi-suoja\/","name":"POC Oseus VPD kn\u00e4skydd - VM Sport","isPartOf":{"@id":"https:\/\/vmsport.fi\/#website"},"primaryImageOfPage":{"@id":"https:\/\/vmsport.fi\/verkkokauppa\/ajovarusteet\/suojavarusteet\/polvi-ja-saarisuojat\/poc-oseus-vpd-polvi-suoja\/#primaryimage"},"image":{"@id":"https:\/\/vmsport.fi\/verkkokauppa\/ajovarusteet\/suojavarusteet\/polvi-ja-saarisuojat\/poc-oseus-vpd-polvi-suoja\/#primaryimage"},"thumbnailUrl":"https:\/\/vmsport.fi\/wp-content\/uploads\/2025\/03\/20383-OseusVPDKnee-1002-UraniumBlack-1002-front-1.png","datePublished":"2025-03-05T21:52:56+00:00","dateModified":"2026-01-16T11:29:07+00:00","breadcrumb":{"@id":"https:\/\/vmsport.fi\/verkkokauppa\/ajovarusteet\/suojavarusteet\/polvi-ja-saarisuojat\/poc-oseus-vpd-polvi-suoja\/#breadcrumb"},"inLanguage":"sv-SE","potentialAction":[{"@type":"ReadAction","target":["https:\/\/vmsport.fi\/verkkokauppa\/ajovarusteet\/suojavarusteet\/polvi-ja-saarisuojat\/poc-oseus-vpd-polvi-suoja\/"]}]},{"@type":"ImageObject","inLanguage":"sv-SE","@id":"https:\/\/vmsport.fi\/verkkokauppa\/ajovarusteet\/suojavarusteet\/polvi-ja-saarisuojat\/poc-oseus-vpd-polvi-suoja\/#primaryimage","url":"https:\/\/vmsport.fi\/wp-content\/uploads\/2025\/03\/20383-OseusVPDKnee-1002-UraniumBlack-1002-front-1.png","contentUrl":"https:\/\/vmsport.fi\/wp-content\/uploads\/2025\/03\/20383-OseusVPDKnee-1002-UraniumBlack-1002-front-1.png","width":680,"height":1000,"caption":"20383-OseusVPDKnee-1002-UraniumBlack-1002-front"},{"@type":"BreadcrumbList","@id":"https:\/\/vmsport.fi\/verkkokauppa\/ajovarusteet\/suojavarusteet\/polvi-ja-saarisuojat\/poc-oseus-vpd-polvi-suoja\/#breadcrumb","itemListElement":[{"@type":"ListItem","position":1,"name":"Etusivu","item":"https:\/\/vmsport.fi\/"},{"@type":"ListItem","position":2,"name":"Online Store","item":"https:\/\/vmsport.fi\/en\/online-store\/"},{"@type":"ListItem","position":3,"name":"POC Oseus VPD Polvi Suoja"}]},{"@type":"WebSite","@id":"https:\/\/vmsport.fi\/#website","url":"https:\/\/vmsport.fi\/","name":"Vmsport","description":"Allt p\u00e5 ett st\u00e4lle f\u00f6r cykling","publisher":{"@id":"https:\/\/vmsport.fi\/#organization"},"potentialAction":[{"@type":"SearchAction","target":{"@type":"EntryPoint","urlTemplate":"https:\/\/vmsport.fi\/?s={search_term_string}"},"query-input":{"@type":"PropertyValueSpecification","valueRequired":true,"valueName":"search_term_string"}}],"inLanguage":"sv-SE"},{"@type":"Organization","@id":"https:\/\/vmsport.fi\/#organization","name":"Vmsport","url":"https:\/\/vmsport.fi\/","logo":{"@type":"ImageObject","inLanguage":"sv-SE","@id":"https:\/\/vmsport.fi\/#\/schema\/logo\/image\/","url":"https:\/\/vmsport.fi\/wp-content\/uploads\/2024\/12\/vm_sport_RGB_horisontal-e1734526017575.png","contentUrl":"https:\/\/vmsport.fi\/wp-content\/uploads\/2024\/12\/vm_sport_RGB_horisontal-e1734526017575.png","width":668,"height":85,"caption":"Vmsport"},"image":{"@id":"https:\/\/vmsport.fi\/#\/schema\/logo\/image\/"},"sameAs":["https:\/\/www.facebook.com\/Vmsport.fi\/","https:\/\/www.instagram.com\/vmsport\/"]}]}},"global_unique_id":"","_links":{"self":[{"href":"https:\/\/vmsport.fi\/sv\/wp-json\/wp\/v2\/product\/54368","targetHints":{"allow":["GET"]}}],"collection":[{"href":"https:\/\/vmsport.fi\/sv\/wp-json\/wp\/v2\/product"}],"about":[{"href":"https:\/\/vmsport.fi\/sv\/wp-json\/wp\/v2\/types\/product"}],"replies":[{"embeddable":true,"href":"https:\/\/vmsport.fi\/sv\/wp-json\/wp\/v2\/comments?post=54368"}],"wp:featuredmedia":[{"embeddable":true,"href":"https:\/\/vmsport.fi\/sv\/wp-json\/wp\/v2\/media\/54364"}],"wp:attachment":[{"href":"https:\/\/vmsport.fi\/sv\/wp-json\/wp\/v2\/media?parent=54368"}],"wp:term":[{"taxonomy":"product_brand","embeddable":true,"href":"https:\/\/vmsport.fi\/sv\/wp-json\/wp\/v2\/product_brand?post=54368"},{"taxonomy":"product_model","embeddable":true,"href":"https:\/\/vmsport.fi\/sv\/wp-json\/wp\/v2\/product_model?post=54368"},{"taxonomy":"product_cat","embeddable":true,"href":"https:\/\/vmsport.fi\/sv\/wp-json\/wp\/v2\/product_cat?post=54368"},{"taxonomy":"product_tag","embeddable":true,"href":"https:\/\/vmsport.fi\/sv\/wp-json\/wp\/v2\/product_tag?post=54368"},{"taxonomy":"industry_terminology","embeddable":true,"href":"https:\/\/vmsport.fi\/sv\/wp-json\/wp\/v2\/industry-terminology?post=54368"}],"curies":[{"name":"wp","href":"https:\/\/api.w.org\/{rel}","templated":true}]}}