{"id":54361,"date":"2025-03-05T23:52:49","date_gmt":"2025-03-05T21:52:49","guid":{"rendered":"https:\/\/vmsport.fi\/verkkokauppa\/Ei-luokiteltu\/kadensija-ergon-ge1-evo-slim-tummanvihrea-deep-moss\/"},"modified":"2026-04-22T15:08:44","modified_gmt":"2026-04-22T12:08:44","slug":"cadenza-ergon-ge1-evo-slim-morkgron-djup-moss","status":"publish","type":"product","link":"https:\/\/vmsport.fi\/sv\/verkkokauppa\/varaosat\/ohjaamo\/gripit\/kadensija-ergon-ge1-evo-slim-tummanvihrea-deep-moss\/","title":{"rendered":"Handtag ERGON GE1 Evo Slim, m\u00f6rkgr\u00f6n, Deep Moss"},"content":{"rendered":"<p>ERGON GE1 Evo Slim-styret, i djup m\u00f6rkgr\u00f6n f\u00e4rg, \u00e4r s\u00e4rskilt utformat f\u00f6r Enduro World Series. Dess unika ergonomiska design fr\u00e4mjar en naturlig kroppsposition, vilket ger b\u00e4ttre kontroll p\u00e5 utmanande stigar. Styrets 8-gradiga lutning i f\u00f6rh\u00e5llande till styrets axel h\u00f6jer armb\u00e5garna f\u00f6r f\u00f6rb\u00e4ttrad kontroll. Handtagets m\u00e5ngsidiga gummiytor och tv\u00e4rg\u00e5ende \u00e5sar ger ett s\u00e4kert grepp under alla f\u00f6rh\u00e5llanden. Det mjuka greppmaterialet f\u00f6rdelar trycket j\u00e4mnt och f\u00f6rhindrar domningar i h\u00e4nderna. Den inre delen ger individuell stoppning i olika greppomr\u00e5den, vilket \u00f6kar k\u00f6rkomforten och s\u00e4kerheten.<\/p>","protected":false},"excerpt":{"rendered":"<p>K\u00e4densija ERGON GE1 Evo Slim, v\u00e4rilt\u00e4\u00e4n syv\u00e4n tummanvihre\u00e4, on suunniteltu erityisesti Enduro World Series -kilpailuihin. Sen ainutlaatuinen ergonominen muotoilu edist\u00e4\u00e4 luonnollista kehon asentoa, mahdollistaen paremman hallinnan haastavilla poluilla. Kahvan 8 asteen kallistus ohjaustangon akseliin n\u00e4hden nostaa kyyn\u00e4rp\u00e4it\u00e4, mik\u00e4 parantaa hallittavuutta. Kahvaosan monipuolisesti muotoillut kumipinnat ja poikittaiset harjanteet takaavat varman otteen kaikissa olosuhteissa. Pehme\u00e4 kahvamateriaali jakaa [&#8230;]<\/p>\n<p><a class=\"btn btn-secondary understrap-read-more-link\" href=\"https:\/\/vmsport.fi\/sv\/verkkokauppa\/varaosat\/ohjaamo\/gripit\/kadensija-ergon-ge1-evo-slim-tummanvihrea-deep-moss\/\">L\u00e4s mer \u2026<span class=\"screen-reader-text\"> from K\u00e4densija ERGON GE1 Evo Slim, tummanvihre\u00e4, Deep Moss<\/span><\/a><\/p>\n","protected":false},"featured_media":54360,"comment_status":"open","ping_status":"closed","template":"","meta":{"_acf_changed":false,"_improvement_type_select":"improve_an_existing","_thumb_yes_seoaic":false,"_frame_yes_seoaic":false,"seoaic_generate_description":"","seoaic_improve_instructions_prompt":"","seoaic_rollback_content_improvement":"","seoaic_idea_thumbnail_generator":"","thumbnail_generated":false,"thumbnail_generate_prompt":"","seoaic_article_description":"","_supplier_stock_quantity":0},"product_brand":[1581],"product_model":[],"product_cat":[9292],"product_tag":[],"industry-terminology":[],"class_list":{"0":"post-54361","1":"product","2":"type-product","3":"status-publish","4":"has-post-thumbnail","6":"product_brand-ergon","7":"product_cat-gripit","9":"first","10":"outofstock","11":"taxable","12":"shipping-taxable","13":"product-type-simple"},"acf":{"bike_features":null,"overview":{"copy_overview":null,"key_features":null,"statement":"","youtube_url":""}},"yoast_head":"<!-- This site is optimized with the Yoast SEO plugin v27.4 - https:\/\/yoast.com\/product\/yoast-seo-wordpress\/ -->\n<title>K\u00e4densija ERGON GE1 Evo Slim, tummanvihre\u00e4, Deep Moss - VM Sport<\/title>\n<meta name=\"robots\" content=\"index, follow, max-snippet:-1, max-image-preview:large, max-video-preview:-1\" \/>\n<link rel=\"canonical\" href=\"https:\/\/vmsport.fi\/sv\/webbutik\/reservdelar\/taxi\/grepp\/cadenza-ergon-ge1-evo-slim-morkgron-djup-moss\/\" \/>\n<meta property=\"og:locale\" content=\"sv_SE\" \/>\n<meta property=\"og:type\" content=\"article\" \/>\n<meta property=\"og:title\" content=\"K\u00e4densija ERGON GE1 Evo Slim, tummanvihre\u00e4, Deep Moss - VM Sport\" \/>\n<meta property=\"og:description\" content=\"K\u00e4densija ERGON GE1 Evo Slim, v\u00e4rilt\u00e4\u00e4n syv\u00e4n tummanvihre\u00e4, on suunniteltu erityisesti Enduro World Series -kilpailuihin. Sen ainutlaatuinen ergonominen muotoilu edist\u00e4\u00e4 luonnollista kehon asentoa, mahdollistaen paremman hallinnan haastavilla poluilla. Kahvan 8 asteen kallistus ohjaustangon akseliin n\u00e4hden nostaa kyyn\u00e4rp\u00e4it\u00e4, mik\u00e4 parantaa hallittavuutta. Kahvaosan monipuolisesti muotoillut kumipinnat ja poikittaiset harjanteet takaavat varman otteen kaikissa olosuhteissa. Pehme\u00e4 kahvamateriaali jakaa [...]L\u00e4s mer \u2026 from K\u00e4densija ERGON GE1 Evo Slim, tummanvihre\u00e4, Deep Moss\" \/>\n<meta property=\"og:url\" content=\"https:\/\/vmsport.fi\/sv\/webbutik\/reservdelar\/taxi\/grepp\/cadenza-ergon-ge1-evo-slim-morkgron-djup-moss\/\" \/>\n<meta property=\"og:site_name\" content=\"VM Sport\" \/>\n<meta property=\"article:publisher\" content=\"https:\/\/www.facebook.com\/Vmsport.fi\/\" \/>\n<meta property=\"article:modified_time\" content=\"2026-04-22T12:08:44+00:00\" \/>\n<meta property=\"og:image\" content=\"https:\/\/vmsport.fi\/wp-content\/uploads\/2025\/03\/42411655-1.jpg\" \/>\n\t<meta property=\"og:image:width\" content=\"1000\" \/>\n\t<meta property=\"og:image:height\" content=\"1000\" \/>\n\t<meta property=\"og:image:type\" content=\"image\/jpeg\" \/>\n<meta name=\"twitter:card\" content=\"summary_large_image\" \/>\n<script type=\"application\/ld+json\" class=\"yoast-schema-graph\">{\"@context\":\"https:\\\/\\\/schema.org\",\"@graph\":[{\"@type\":[\"WebPage\",\"ItemPage\"],\"@id\":\"https:\\\/\\\/vmsport.fi\\\/verkkokauppa\\\/varaosat\\\/ohjaamo\\\/gripit\\\/kadensija-ergon-ge1-evo-slim-tummanvihrea-deep-moss\\\/\",\"url\":\"https:\\\/\\\/vmsport.fi\\\/verkkokauppa\\\/varaosat\\\/ohjaamo\\\/gripit\\\/kadensija-ergon-ge1-evo-slim-tummanvihrea-deep-moss\\\/\",\"name\":\"K\u00e4densija ERGON GE1 Evo Slim, tummanvihre\u00e4, Deep Moss - VM Sport\",\"isPartOf\":{\"@id\":\"https:\\\/\\\/vmsport.fi\\\/#website\"},\"primaryImageOfPage\":{\"@id\":\"https:\\\/\\\/vmsport.fi\\\/verkkokauppa\\\/varaosat\\\/ohjaamo\\\/gripit\\\/kadensija-ergon-ge1-evo-slim-tummanvihrea-deep-moss\\\/#primaryimage\"},\"image\":{\"@id\":\"https:\\\/\\\/vmsport.fi\\\/verkkokauppa\\\/varaosat\\\/ohjaamo\\\/gripit\\\/kadensija-ergon-ge1-evo-slim-tummanvihrea-deep-moss\\\/#primaryimage\"},\"thumbnailUrl\":\"https:\\\/\\\/vmsport.fi\\\/wp-content\\\/uploads\\\/2025\\\/03\\\/42411655-1.jpg\",\"datePublished\":\"2025-03-05T21:52:49+00:00\",\"dateModified\":\"2026-04-22T12:08:44+00:00\",\"breadcrumb\":{\"@id\":\"https:\\\/\\\/vmsport.fi\\\/verkkokauppa\\\/varaosat\\\/ohjaamo\\\/gripit\\\/kadensija-ergon-ge1-evo-slim-tummanvihrea-deep-moss\\\/#breadcrumb\"},\"inLanguage\":\"sv-SE\",\"potentialAction\":[{\"@type\":\"ReadAction\",\"target\":[\"https:\\\/\\\/vmsport.fi\\\/verkkokauppa\\\/varaosat\\\/ohjaamo\\\/gripit\\\/kadensija-ergon-ge1-evo-slim-tummanvihrea-deep-moss\\\/\"]}]},{\"@type\":\"ImageObject\",\"inLanguage\":\"sv-SE\",\"@id\":\"https:\\\/\\\/vmsport.fi\\\/verkkokauppa\\\/varaosat\\\/ohjaamo\\\/gripit\\\/kadensija-ergon-ge1-evo-slim-tummanvihrea-deep-moss\\\/#primaryimage\",\"url\":\"https:\\\/\\\/vmsport.fi\\\/wp-content\\\/uploads\\\/2025\\\/03\\\/42411655-1.jpg\",\"contentUrl\":\"https:\\\/\\\/vmsport.fi\\\/wp-content\\\/uploads\\\/2025\\\/03\\\/42411655-1.jpg\",\"width\":1000,\"height\":1000,\"caption\":\"42411655\"},{\"@type\":\"BreadcrumbList\",\"@id\":\"https:\\\/\\\/vmsport.fi\\\/verkkokauppa\\\/varaosat\\\/ohjaamo\\\/gripit\\\/kadensija-ergon-ge1-evo-slim-tummanvihrea-deep-moss\\\/#breadcrumb\",\"itemListElement\":[{\"@type\":\"ListItem\",\"position\":1,\"name\":\"Etusivu\",\"item\":\"https:\\\/\\\/vmsport.fi\\\/\"},{\"@type\":\"ListItem\",\"position\":2,\"name\":\"Online Store\",\"item\":\"https:\\\/\\\/vmsport.fi\\\/en\\\/online-store\\\/\"},{\"@type\":\"ListItem\",\"position\":3,\"name\":\"K\u00e4densija ERGON GE1 Evo Slim, tummanvihre\u00e4, Deep Moss\"}]},{\"@type\":\"WebSite\",\"@id\":\"https:\\\/\\\/vmsport.fi\\\/#website\",\"url\":\"https:\\\/\\\/vmsport.fi\\\/\",\"name\":\"Vmsport\",\"description\":\"Kaikki py\u00f6r\u00e4ilyyn yhdest\u00e4 paikasta\",\"publisher\":{\"@id\":\"https:\\\/\\\/vmsport.fi\\\/#organization\"},\"potentialAction\":[{\"@type\":\"SearchAction\",\"target\":{\"@type\":\"EntryPoint\",\"urlTemplate\":\"https:\\\/\\\/vmsport.fi\\\/?s={search_term_string}\"},\"query-input\":{\"@type\":\"PropertyValueSpecification\",\"valueRequired\":true,\"valueName\":\"search_term_string\"}}],\"inLanguage\":\"sv-SE\"},{\"@type\":\"Organization\",\"@id\":\"https:\\\/\\\/vmsport.fi\\\/#organization\",\"name\":\"Vmsport\",\"url\":\"https:\\\/\\\/vmsport.fi\\\/\",\"logo\":{\"@type\":\"ImageObject\",\"inLanguage\":\"sv-SE\",\"@id\":\"https:\\\/\\\/vmsport.fi\\\/#\\\/schema\\\/logo\\\/image\\\/\",\"url\":\"https:\\\/\\\/vmsport.fi\\\/wp-content\\\/uploads\\\/2024\\\/12\\\/vm_sport_RGB_horisontal-e1734526017575.png\",\"contentUrl\":\"https:\\\/\\\/vmsport.fi\\\/wp-content\\\/uploads\\\/2024\\\/12\\\/vm_sport_RGB_horisontal-e1734526017575.png\",\"width\":668,\"height\":85,\"caption\":\"Vmsport\"},\"image\":{\"@id\":\"https:\\\/\\\/vmsport.fi\\\/#\\\/schema\\\/logo\\\/image\\\/\"},\"sameAs\":[\"https:\\\/\\\/www.facebook.com\\\/Vmsport.fi\\\/\",\"https:\\\/\\\/www.instagram.com\\\/vmsport\\\/\"]}]}<\/script>\n<!-- \/ Yoast SEO plugin. -->","yoast_head_json":{"title":"Handtag ERGON GE1 Evo Slim, m\u00f6rkgr\u00f6n, Deep Moss - VM Sport","robots":{"index":"index","follow":"follow","max-snippet":"max-snippet:-1","max-image-preview":"max-image-preview:large","max-video-preview":"max-video-preview:-1"},"canonical":"https:\/\/vmsport.fi\/sv\/webbutik\/reservdelar\/taxi\/grepp\/cadenza-ergon-ge1-evo-slim-morkgron-djup-moss\/","og_locale":"sv_SE","og_type":"article","og_title":"K\u00e4densija ERGON GE1 Evo Slim, tummanvihre\u00e4, Deep Moss - VM Sport","og_description":"K\u00e4densija ERGON GE1 Evo Slim, v\u00e4rilt\u00e4\u00e4n syv\u00e4n tummanvihre\u00e4, on suunniteltu erityisesti Enduro World Series -kilpailuihin. Sen ainutlaatuinen ergonominen muotoilu edist\u00e4\u00e4 luonnollista kehon asentoa, mahdollistaen paremman hallinnan haastavilla poluilla. Kahvan 8 asteen kallistus ohjaustangon akseliin n\u00e4hden nostaa kyyn\u00e4rp\u00e4it\u00e4, mik\u00e4 parantaa hallittavuutta. Kahvaosan monipuolisesti muotoillut kumipinnat ja poikittaiset harjanteet takaavat varman otteen kaikissa olosuhteissa. Pehme\u00e4 kahvamateriaali jakaa [...]L\u00e4s mer \u2026 from K\u00e4densija ERGON GE1 Evo Slim, tummanvihre\u00e4, Deep Moss","og_url":"https:\/\/vmsport.fi\/sv\/webbutik\/reservdelar\/taxi\/grepp\/cadenza-ergon-ge1-evo-slim-morkgron-djup-moss\/","og_site_name":"VM Sport","article_publisher":"https:\/\/www.facebook.com\/Vmsport.fi\/","article_modified_time":"2026-04-22T12:08:44+00:00","og_image":[{"width":1000,"height":1000,"url":"https:\/\/vmsport.fi\/wp-content\/uploads\/2025\/03\/42411655-1.jpg","type":"image\/jpeg"}],"twitter_card":"summary_large_image","schema":{"@context":"https:\/\/schema.org","@graph":[{"@type":["WebPage","ItemPage"],"@id":"https:\/\/vmsport.fi\/verkkokauppa\/varaosat\/ohjaamo\/gripit\/kadensija-ergon-ge1-evo-slim-tummanvihrea-deep-moss\/","url":"https:\/\/vmsport.fi\/verkkokauppa\/varaosat\/ohjaamo\/gripit\/kadensija-ergon-ge1-evo-slim-tummanvihrea-deep-moss\/","name":"Handtag ERGON GE1 Evo Slim, m\u00f6rkgr\u00f6n, Deep Moss - VM Sport","isPartOf":{"@id":"https:\/\/vmsport.fi\/#website"},"primaryImageOfPage":{"@id":"https:\/\/vmsport.fi\/verkkokauppa\/varaosat\/ohjaamo\/gripit\/kadensija-ergon-ge1-evo-slim-tummanvihrea-deep-moss\/#primaryimage"},"image":{"@id":"https:\/\/vmsport.fi\/verkkokauppa\/varaosat\/ohjaamo\/gripit\/kadensija-ergon-ge1-evo-slim-tummanvihrea-deep-moss\/#primaryimage"},"thumbnailUrl":"https:\/\/vmsport.fi\/wp-content\/uploads\/2025\/03\/42411655-1.jpg","datePublished":"2025-03-05T21:52:49+00:00","dateModified":"2026-04-22T12:08:44+00:00","breadcrumb":{"@id":"https:\/\/vmsport.fi\/verkkokauppa\/varaosat\/ohjaamo\/gripit\/kadensija-ergon-ge1-evo-slim-tummanvihrea-deep-moss\/#breadcrumb"},"inLanguage":"sv-SE","potentialAction":[{"@type":"ReadAction","target":["https:\/\/vmsport.fi\/verkkokauppa\/varaosat\/ohjaamo\/gripit\/kadensija-ergon-ge1-evo-slim-tummanvihrea-deep-moss\/"]}]},{"@type":"ImageObject","inLanguage":"sv-SE","@id":"https:\/\/vmsport.fi\/verkkokauppa\/varaosat\/ohjaamo\/gripit\/kadensija-ergon-ge1-evo-slim-tummanvihrea-deep-moss\/#primaryimage","url":"https:\/\/vmsport.fi\/wp-content\/uploads\/2025\/03\/42411655-1.jpg","contentUrl":"https:\/\/vmsport.fi\/wp-content\/uploads\/2025\/03\/42411655-1.jpg","width":1000,"height":1000,"caption":"42411655"},{"@type":"BreadcrumbList","@id":"https:\/\/vmsport.fi\/verkkokauppa\/varaosat\/ohjaamo\/gripit\/kadensija-ergon-ge1-evo-slim-tummanvihrea-deep-moss\/#breadcrumb","itemListElement":[{"@type":"ListItem","position":1,"name":"Etusivu","item":"https:\/\/vmsport.fi\/"},{"@type":"ListItem","position":2,"name":"Online Store","item":"https:\/\/vmsport.fi\/en\/online-store\/"},{"@type":"ListItem","position":3,"name":"K\u00e4densija ERGON GE1 Evo Slim, tummanvihre\u00e4, Deep Moss"}]},{"@type":"WebSite","@id":"https:\/\/vmsport.fi\/#website","url":"https:\/\/vmsport.fi\/","name":"Vmsport","description":"Allt p\u00e5 ett st\u00e4lle f\u00f6r cykling","publisher":{"@id":"https:\/\/vmsport.fi\/#organization"},"potentialAction":[{"@type":"SearchAction","target":{"@type":"EntryPoint","urlTemplate":"https:\/\/vmsport.fi\/?s={search_term_string}"},"query-input":{"@type":"PropertyValueSpecification","valueRequired":true,"valueName":"search_term_string"}}],"inLanguage":"sv-SE"},{"@type":"Organization","@id":"https:\/\/vmsport.fi\/#organization","name":"Vmsport","url":"https:\/\/vmsport.fi\/","logo":{"@type":"ImageObject","inLanguage":"sv-SE","@id":"https:\/\/vmsport.fi\/#\/schema\/logo\/image\/","url":"https:\/\/vmsport.fi\/wp-content\/uploads\/2024\/12\/vm_sport_RGB_horisontal-e1734526017575.png","contentUrl":"https:\/\/vmsport.fi\/wp-content\/uploads\/2024\/12\/vm_sport_RGB_horisontal-e1734526017575.png","width":668,"height":85,"caption":"Vmsport"},"image":{"@id":"https:\/\/vmsport.fi\/#\/schema\/logo\/image\/"},"sameAs":["https:\/\/www.facebook.com\/Vmsport.fi\/","https:\/\/www.instagram.com\/vmsport\/"]}]}},"global_unique_id":"","_links":{"self":[{"href":"https:\/\/vmsport.fi\/sv\/wp-json\/wp\/v2\/product\/54361","targetHints":{"allow":["GET"]}}],"collection":[{"href":"https:\/\/vmsport.fi\/sv\/wp-json\/wp\/v2\/product"}],"about":[{"href":"https:\/\/vmsport.fi\/sv\/wp-json\/wp\/v2\/types\/product"}],"replies":[{"embeddable":true,"href":"https:\/\/vmsport.fi\/sv\/wp-json\/wp\/v2\/comments?post=54361"}],"wp:featuredmedia":[{"embeddable":true,"href":"https:\/\/vmsport.fi\/sv\/wp-json\/wp\/v2\/media\/54360"}],"wp:attachment":[{"href":"https:\/\/vmsport.fi\/sv\/wp-json\/wp\/v2\/media?parent=54361"}],"wp:term":[{"taxonomy":"product_brand","embeddable":true,"href":"https:\/\/vmsport.fi\/sv\/wp-json\/wp\/v2\/product_brand?post=54361"},{"taxonomy":"product_model","embeddable":true,"href":"https:\/\/vmsport.fi\/sv\/wp-json\/wp\/v2\/product_model?post=54361"},{"taxonomy":"product_cat","embeddable":true,"href":"https:\/\/vmsport.fi\/sv\/wp-json\/wp\/v2\/product_cat?post=54361"},{"taxonomy":"product_tag","embeddable":true,"href":"https:\/\/vmsport.fi\/sv\/wp-json\/wp\/v2\/product_tag?post=54361"},{"taxonomy":"industry_terminology","embeddable":true,"href":"https:\/\/vmsport.fi\/sv\/wp-json\/wp\/v2\/industry-terminology?post=54361"}],"curies":[{"name":"wp","href":"https:\/\/api.w.org\/{rel}","templated":true}]}}