{"id":54355,"date":"2025-03-05T23:52:46","date_gmt":"2025-03-05T21:52:46","guid":{"rendered":"https:\/\/vmsport.fi\/verkkokauppa\/Ei-luokiteltu\/avid-g2-cleansweep-140-mm\/"},"modified":"2026-04-22T15:10:38","modified_gmt":"2026-04-22T12:10:38","slug":"avid-g2-cleansweep-140-mm","status":"publish","type":"product","link":"https:\/\/vmsport.fi\/sv\/verkkokauppa\/varaosat\/jarrut\/jarrulevyt\/avid-g2-cleansweep-140-mm\/","title":{"rendered":"AVID G2 CleanSweep 140 mm"},"content":{"rendered":"<p>Avid G2 CleanSweep 140 mm bromsrotor \u00e4r utformad f\u00f6r att f\u00f6rhindra uppbyggnad av smuts och skr\u00e4p, vilket avsev\u00e4rt f\u00f6rb\u00e4ttrar k\u00f6rupplevelsen. Den \u00e4r kompatibel med Elixir 1 och Ball Bearing-skivbromsar, vilket ger m\u00e5ngsidighet f\u00f6r en m\u00e4ngd olika bromssystem. Rotordiametern p\u00e5 140 mm g\u00f6r den till en l\u00e4tt och kompakt l\u00f6sning som kombinerar effektivitet och enkelt underh\u00e5ll tack vare den smutsavvisande konstruktionen.<\/p>","protected":false},"excerpt":{"rendered":"<p>Avid G2 CleanSweep 140 mm jarruroottori on kehitetty est\u00e4m\u00e4\u00e4n lian ja roskien ker\u00e4\u00e4ntyminen, mik\u00e4 parantaa ajokokemusta merkitt\u00e4v\u00e4sti. Se sopii yhteen Elixir 1:n ja Ball Bearing -levyjarrujen kanssa, tarjoten monipuolisuutta erilaisille jarruj\u00e4rjestelmille. Roottorin 140 mm halkaisija tekee siit\u00e4 kevyen ja kompaktin ratkaisun, yhdist\u00e4en tehokkuuden ja helpon yll\u00e4pidon likaa hylkiv\u00e4n rakenteensa ansiosta. [&#8230;]<\/p>\n<p><a class=\"btn btn-secondary understrap-read-more-link\" href=\"https:\/\/vmsport.fi\/sv\/verkkokauppa\/varaosat\/jarrut\/jarrulevyt\/avid-g2-cleansweep-140-mm\/\">L\u00e4s mer \u2026<span class=\"screen-reader-text\"> from AVID G2 CleanSweep 140 mm<\/span><\/a><\/p>\n","protected":false},"featured_media":54354,"comment_status":"open","ping_status":"closed","template":"","meta":{"_acf_changed":false,"_improvement_type_select":"improve_an_existing","_thumb_yes_seoaic":false,"_frame_yes_seoaic":false,"seoaic_generate_description":"","seoaic_improve_instructions_prompt":"","seoaic_rollback_content_improvement":"","seoaic_idea_thumbnail_generator":"","thumbnail_generated":false,"thumbnail_generate_prompt":"","seoaic_article_description":"","_supplier_stock_quantity":0},"product_brand":[],"product_model":[],"product_cat":[9340],"product_tag":[],"industry-terminology":[],"class_list":{"0":"post-54355","1":"product","2":"type-product","3":"status-publish","4":"has-post-thumbnail","6":"product_cat-jarrulevyt","8":"first","9":"instock","10":"taxable","11":"shipping-taxable","12":"purchasable","13":"product-type-simple"},"acf":{"bike_features":null,"overview":{"copy_overview":null,"key_features":null,"statement":"","youtube_url":""}},"yoast_head":"<!-- This site is optimized with the Yoast SEO plugin v27.4 - https:\/\/yoast.com\/product\/yoast-seo-wordpress\/ -->\n<title>AVID G2 CleanSweep 140 mm - VM Sport<\/title>\n<meta name=\"robots\" content=\"index, follow, max-snippet:-1, max-image-preview:large, max-video-preview:-1\" \/>\n<link rel=\"canonical\" href=\"https:\/\/vmsport.fi\/sv\/webbutik\/reservdelar\/bromsar\/bromsskivor\/avid-g2-cleansweep-140-mm\/\" \/>\n<meta property=\"og:locale\" content=\"sv_SE\" \/>\n<meta property=\"og:type\" content=\"article\" \/>\n<meta property=\"og:title\" content=\"AVID G2 CleanSweep 140 mm - VM Sport\" \/>\n<meta property=\"og:description\" content=\"Avid G2 CleanSweep 140 mm jarruroottori on kehitetty est\u00e4m\u00e4\u00e4n lian ja roskien ker\u00e4\u00e4ntyminen, mik\u00e4 parantaa ajokokemusta merkitt\u00e4v\u00e4sti. Se sopii yhteen Elixir 1:n ja Ball Bearing -levyjarrujen kanssa, tarjoten monipuolisuutta erilaisille jarruj\u00e4rjestelmille. Roottorin 140 mm halkaisija tekee siit\u00e4 kevyen ja kompaktin ratkaisun, yhdist\u00e4en tehokkuuden ja helpon yll\u00e4pidon likaa hylkiv\u00e4n rakenteensa ansiosta. [...]L\u00e4s mer \u2026 from AVID G2 CleanSweep 140 mm\" \/>\n<meta property=\"og:url\" content=\"https:\/\/vmsport.fi\/sv\/webbutik\/reservdelar\/bromsar\/bromsskivor\/avid-g2-cleansweep-140-mm\/\" \/>\n<meta property=\"og:site_name\" content=\"VM Sport\" \/>\n<meta property=\"article:publisher\" content=\"https:\/\/www.facebook.com\/Vmsport.fi\/\" \/>\n<meta property=\"article:modified_time\" content=\"2026-04-22T12:10:38+00:00\" \/>\n<meta property=\"og:image\" content=\"https:\/\/vmsport.fi\/wp-content\/uploads\/2025\/03\/LPwbo5F5fMmlOH1q96D18SxyAbrMpos3mjBdkxfWtpgXHONxl9-1.jpg\" \/>\n\t<meta property=\"og:image:width\" content=\"600\" \/>\n\t<meta property=\"og:image:height\" content=\"450\" \/>\n\t<meta property=\"og:image:type\" content=\"image\/jpeg\" \/>\n<meta name=\"twitter:card\" content=\"summary_large_image\" \/>\n<script type=\"application\/ld+json\" class=\"yoast-schema-graph\">{\"@context\":\"https:\\\/\\\/schema.org\",\"@graph\":[{\"@type\":[\"WebPage\",\"ItemPage\"],\"@id\":\"https:\\\/\\\/vmsport.fi\\\/verkkokauppa\\\/varaosat\\\/jarrut\\\/jarrulevyt\\\/avid-g2-cleansweep-140-mm\\\/\",\"url\":\"https:\\\/\\\/vmsport.fi\\\/verkkokauppa\\\/varaosat\\\/jarrut\\\/jarrulevyt\\\/avid-g2-cleansweep-140-mm\\\/\",\"name\":\"AVID G2 CleanSweep 140 mm - VM Sport\",\"isPartOf\":{\"@id\":\"https:\\\/\\\/vmsport.fi\\\/#website\"},\"primaryImageOfPage\":{\"@id\":\"https:\\\/\\\/vmsport.fi\\\/verkkokauppa\\\/varaosat\\\/jarrut\\\/jarrulevyt\\\/avid-g2-cleansweep-140-mm\\\/#primaryimage\"},\"image\":{\"@id\":\"https:\\\/\\\/vmsport.fi\\\/verkkokauppa\\\/varaosat\\\/jarrut\\\/jarrulevyt\\\/avid-g2-cleansweep-140-mm\\\/#primaryimage\"},\"thumbnailUrl\":\"https:\\\/\\\/vmsport.fi\\\/wp-content\\\/uploads\\\/2025\\\/03\\\/LPwbo5F5fMmlOH1q96D18SxyAbrMpos3mjBdkxfWtpgXHONxl9-1.jpg\",\"datePublished\":\"2025-03-05T21:52:46+00:00\",\"dateModified\":\"2026-04-22T12:10:38+00:00\",\"breadcrumb\":{\"@id\":\"https:\\\/\\\/vmsport.fi\\\/verkkokauppa\\\/varaosat\\\/jarrut\\\/jarrulevyt\\\/avid-g2-cleansweep-140-mm\\\/#breadcrumb\"},\"inLanguage\":\"sv-SE\",\"potentialAction\":[{\"@type\":\"ReadAction\",\"target\":[\"https:\\\/\\\/vmsport.fi\\\/verkkokauppa\\\/varaosat\\\/jarrut\\\/jarrulevyt\\\/avid-g2-cleansweep-140-mm\\\/\"]}]},{\"@type\":\"ImageObject\",\"inLanguage\":\"sv-SE\",\"@id\":\"https:\\\/\\\/vmsport.fi\\\/verkkokauppa\\\/varaosat\\\/jarrut\\\/jarrulevyt\\\/avid-g2-cleansweep-140-mm\\\/#primaryimage\",\"url\":\"https:\\\/\\\/vmsport.fi\\\/wp-content\\\/uploads\\\/2025\\\/03\\\/LPwbo5F5fMmlOH1q96D18SxyAbrMpos3mjBdkxfWtpgXHONxl9-1.jpg\",\"contentUrl\":\"https:\\\/\\\/vmsport.fi\\\/wp-content\\\/uploads\\\/2025\\\/03\\\/LPwbo5F5fMmlOH1q96D18SxyAbrMpos3mjBdkxfWtpgXHONxl9-1.jpg\",\"width\":600,\"height\":450,\"caption\":\"LPwbo5F5fMmlOH1q96D18SxyAbrMpos3mjBdkxfWtpgXHONxl9\"},{\"@type\":\"BreadcrumbList\",\"@id\":\"https:\\\/\\\/vmsport.fi\\\/verkkokauppa\\\/varaosat\\\/jarrut\\\/jarrulevyt\\\/avid-g2-cleansweep-140-mm\\\/#breadcrumb\",\"itemListElement\":[{\"@type\":\"ListItem\",\"position\":1,\"name\":\"Etusivu\",\"item\":\"https:\\\/\\\/vmsport.fi\\\/\"},{\"@type\":\"ListItem\",\"position\":2,\"name\":\"Online Store\",\"item\":\"https:\\\/\\\/vmsport.fi\\\/en\\\/online-store\\\/\"},{\"@type\":\"ListItem\",\"position\":3,\"name\":\"AVID G2 CleanSweep 140 mm\"}]},{\"@type\":\"WebSite\",\"@id\":\"https:\\\/\\\/vmsport.fi\\\/#website\",\"url\":\"https:\\\/\\\/vmsport.fi\\\/\",\"name\":\"Vmsport\",\"description\":\"Kaikki py\u00f6r\u00e4ilyyn yhdest\u00e4 paikasta\",\"publisher\":{\"@id\":\"https:\\\/\\\/vmsport.fi\\\/#organization\"},\"potentialAction\":[{\"@type\":\"SearchAction\",\"target\":{\"@type\":\"EntryPoint\",\"urlTemplate\":\"https:\\\/\\\/vmsport.fi\\\/?s={search_term_string}\"},\"query-input\":{\"@type\":\"PropertyValueSpecification\",\"valueRequired\":true,\"valueName\":\"search_term_string\"}}],\"inLanguage\":\"sv-SE\"},{\"@type\":\"Organization\",\"@id\":\"https:\\\/\\\/vmsport.fi\\\/#organization\",\"name\":\"Vmsport\",\"url\":\"https:\\\/\\\/vmsport.fi\\\/\",\"logo\":{\"@type\":\"ImageObject\",\"inLanguage\":\"sv-SE\",\"@id\":\"https:\\\/\\\/vmsport.fi\\\/#\\\/schema\\\/logo\\\/image\\\/\",\"url\":\"https:\\\/\\\/vmsport.fi\\\/wp-content\\\/uploads\\\/2024\\\/12\\\/vm_sport_RGB_horisontal-e1734526017575.png\",\"contentUrl\":\"https:\\\/\\\/vmsport.fi\\\/wp-content\\\/uploads\\\/2024\\\/12\\\/vm_sport_RGB_horisontal-e1734526017575.png\",\"width\":668,\"height\":85,\"caption\":\"Vmsport\"},\"image\":{\"@id\":\"https:\\\/\\\/vmsport.fi\\\/#\\\/schema\\\/logo\\\/image\\\/\"},\"sameAs\":[\"https:\\\/\\\/www.facebook.com\\\/Vmsport.fi\\\/\",\"https:\\\/\\\/www.instagram.com\\\/vmsport\\\/\"]}]}<\/script>\n<!-- \/ Yoast SEO plugin. -->","yoast_head_json":{"title":"AVID G2 CleanSweep 140 mm - VM Sport","robots":{"index":"index","follow":"follow","max-snippet":"max-snippet:-1","max-image-preview":"max-image-preview:large","max-video-preview":"max-video-preview:-1"},"canonical":"https:\/\/vmsport.fi\/sv\/webbutik\/reservdelar\/bromsar\/bromsskivor\/avid-g2-cleansweep-140-mm\/","og_locale":"sv_SE","og_type":"article","og_title":"AVID G2 CleanSweep 140 mm - VM Sport","og_description":"Avid G2 CleanSweep 140 mm jarruroottori on kehitetty est\u00e4m\u00e4\u00e4n lian ja roskien ker\u00e4\u00e4ntyminen, mik\u00e4 parantaa ajokokemusta merkitt\u00e4v\u00e4sti. Se sopii yhteen Elixir 1:n ja Ball Bearing -levyjarrujen kanssa, tarjoten monipuolisuutta erilaisille jarruj\u00e4rjestelmille. Roottorin 140 mm halkaisija tekee siit\u00e4 kevyen ja kompaktin ratkaisun, yhdist\u00e4en tehokkuuden ja helpon yll\u00e4pidon likaa hylkiv\u00e4n rakenteensa ansiosta. [...]L\u00e4s mer \u2026 from AVID G2 CleanSweep 140 mm","og_url":"https:\/\/vmsport.fi\/sv\/webbutik\/reservdelar\/bromsar\/bromsskivor\/avid-g2-cleansweep-140-mm\/","og_site_name":"VM Sport","article_publisher":"https:\/\/www.facebook.com\/Vmsport.fi\/","article_modified_time":"2026-04-22T12:10:38+00:00","og_image":[{"width":600,"height":450,"url":"https:\/\/vmsport.fi\/wp-content\/uploads\/2025\/03\/LPwbo5F5fMmlOH1q96D18SxyAbrMpos3mjBdkxfWtpgXHONxl9-1.jpg","type":"image\/jpeg"}],"twitter_card":"summary_large_image","schema":{"@context":"https:\/\/schema.org","@graph":[{"@type":["WebPage","ItemPage"],"@id":"https:\/\/vmsport.fi\/verkkokauppa\/varaosat\/jarrut\/jarrulevyt\/avid-g2-cleansweep-140-mm\/","url":"https:\/\/vmsport.fi\/verkkokauppa\/varaosat\/jarrut\/jarrulevyt\/avid-g2-cleansweep-140-mm\/","name":"AVID G2 CleanSweep 140 mm - VM Sport","isPartOf":{"@id":"https:\/\/vmsport.fi\/#website"},"primaryImageOfPage":{"@id":"https:\/\/vmsport.fi\/verkkokauppa\/varaosat\/jarrut\/jarrulevyt\/avid-g2-cleansweep-140-mm\/#primaryimage"},"image":{"@id":"https:\/\/vmsport.fi\/verkkokauppa\/varaosat\/jarrut\/jarrulevyt\/avid-g2-cleansweep-140-mm\/#primaryimage"},"thumbnailUrl":"https:\/\/vmsport.fi\/wp-content\/uploads\/2025\/03\/LPwbo5F5fMmlOH1q96D18SxyAbrMpos3mjBdkxfWtpgXHONxl9-1.jpg","datePublished":"2025-03-05T21:52:46+00:00","dateModified":"2026-04-22T12:10:38+00:00","breadcrumb":{"@id":"https:\/\/vmsport.fi\/verkkokauppa\/varaosat\/jarrut\/jarrulevyt\/avid-g2-cleansweep-140-mm\/#breadcrumb"},"inLanguage":"sv-SE","potentialAction":[{"@type":"ReadAction","target":["https:\/\/vmsport.fi\/verkkokauppa\/varaosat\/jarrut\/jarrulevyt\/avid-g2-cleansweep-140-mm\/"]}]},{"@type":"ImageObject","inLanguage":"sv-SE","@id":"https:\/\/vmsport.fi\/verkkokauppa\/varaosat\/jarrut\/jarrulevyt\/avid-g2-cleansweep-140-mm\/#primaryimage","url":"https:\/\/vmsport.fi\/wp-content\/uploads\/2025\/03\/LPwbo5F5fMmlOH1q96D18SxyAbrMpos3mjBdkxfWtpgXHONxl9-1.jpg","contentUrl":"https:\/\/vmsport.fi\/wp-content\/uploads\/2025\/03\/LPwbo5F5fMmlOH1q96D18SxyAbrMpos3mjBdkxfWtpgXHONxl9-1.jpg","width":600,"height":450,"caption":"LPwbo5F5fMmlOH1q96D18SxyAbrMpos3mjBdkxfWtpgXHONxl9"},{"@type":"BreadcrumbList","@id":"https:\/\/vmsport.fi\/verkkokauppa\/varaosat\/jarrut\/jarrulevyt\/avid-g2-cleansweep-140-mm\/#breadcrumb","itemListElement":[{"@type":"ListItem","position":1,"name":"Etusivu","item":"https:\/\/vmsport.fi\/"},{"@type":"ListItem","position":2,"name":"Online Store","item":"https:\/\/vmsport.fi\/en\/online-store\/"},{"@type":"ListItem","position":3,"name":"AVID G2 CleanSweep 140 mm"}]},{"@type":"WebSite","@id":"https:\/\/vmsport.fi\/#website","url":"https:\/\/vmsport.fi\/","name":"Vmsport","description":"Allt p\u00e5 ett st\u00e4lle f\u00f6r cykling","publisher":{"@id":"https:\/\/vmsport.fi\/#organization"},"potentialAction":[{"@type":"SearchAction","target":{"@type":"EntryPoint","urlTemplate":"https:\/\/vmsport.fi\/?s={search_term_string}"},"query-input":{"@type":"PropertyValueSpecification","valueRequired":true,"valueName":"search_term_string"}}],"inLanguage":"sv-SE"},{"@type":"Organization","@id":"https:\/\/vmsport.fi\/#organization","name":"Vmsport","url":"https:\/\/vmsport.fi\/","logo":{"@type":"ImageObject","inLanguage":"sv-SE","@id":"https:\/\/vmsport.fi\/#\/schema\/logo\/image\/","url":"https:\/\/vmsport.fi\/wp-content\/uploads\/2024\/12\/vm_sport_RGB_horisontal-e1734526017575.png","contentUrl":"https:\/\/vmsport.fi\/wp-content\/uploads\/2024\/12\/vm_sport_RGB_horisontal-e1734526017575.png","width":668,"height":85,"caption":"Vmsport"},"image":{"@id":"https:\/\/vmsport.fi\/#\/schema\/logo\/image\/"},"sameAs":["https:\/\/www.facebook.com\/Vmsport.fi\/","https:\/\/www.instagram.com\/vmsport\/"]}]}},"global_unique_id":"","_links":{"self":[{"href":"https:\/\/vmsport.fi\/sv\/wp-json\/wp\/v2\/product\/54355","targetHints":{"allow":["GET"]}}],"collection":[{"href":"https:\/\/vmsport.fi\/sv\/wp-json\/wp\/v2\/product"}],"about":[{"href":"https:\/\/vmsport.fi\/sv\/wp-json\/wp\/v2\/types\/product"}],"replies":[{"embeddable":true,"href":"https:\/\/vmsport.fi\/sv\/wp-json\/wp\/v2\/comments?post=54355"}],"wp:featuredmedia":[{"embeddable":true,"href":"https:\/\/vmsport.fi\/sv\/wp-json\/wp\/v2\/media\/54354"}],"wp:attachment":[{"href":"https:\/\/vmsport.fi\/sv\/wp-json\/wp\/v2\/media?parent=54355"}],"wp:term":[{"taxonomy":"product_brand","embeddable":true,"href":"https:\/\/vmsport.fi\/sv\/wp-json\/wp\/v2\/product_brand?post=54355"},{"taxonomy":"product_model","embeddable":true,"href":"https:\/\/vmsport.fi\/sv\/wp-json\/wp\/v2\/product_model?post=54355"},{"taxonomy":"product_cat","embeddable":true,"href":"https:\/\/vmsport.fi\/sv\/wp-json\/wp\/v2\/product_cat?post=54355"},{"taxonomy":"product_tag","embeddable":true,"href":"https:\/\/vmsport.fi\/sv\/wp-json\/wp\/v2\/product_tag?post=54355"},{"taxonomy":"industry_terminology","embeddable":true,"href":"https:\/\/vmsport.fi\/sv\/wp-json\/wp\/v2\/industry-terminology?post=54355"}],"curies":[{"name":"wp","href":"https:\/\/api.w.org\/{rel}","templated":true}]}}