{"id":54349,"date":"2025-03-05T23:52:44","date_gmt":"2025-03-05T21:52:44","guid":{"rendered":"https:\/\/vmsport.fi\/verkkokauppa\/Ei-luokiteltu\/keskiolaakeri-bb-es300-bsa-68mm-akseli-121mm-hylsy\/"},"modified":"2026-04-22T15:07:42","modified_gmt":"2026-04-22T12:07:42","slug":"centrumlager-bb-es300-bsa-68mm-axel-121mm-hylsa","status":"publish","type":"product","link":"https:\/\/vmsport.fi\/sv\/verkkokauppa\/varaosat\/voimansiirto\/keskiolaakerit\/keskiolaakeri-bb-es300-bsa-68mm-akseli-121mm-hylsy\/","title":{"rendered":"vevlager BB-ES300 BSA 68mm axel 121mm, hylsa"},"content":{"rendered":"<p>Mittlagret BB-ES300 \u00e4r exakt utformat f\u00f6r att passa BSA:s 68 mm standardramg\u00e4ngor. Dess 121 mm axel ger ett h\u00e5llbart och stabilt st\u00f6d som f\u00f6rh\u00f6jer cykelupplevelsen. Den innovativa konstruktionen med h\u00f6gkvalitativa material g\u00f6r det till ett p\u00e5litligt och l\u00e5ngvarigt val f\u00f6r cyklister. Installationen \u00e4r enkel eftersom lagrets dimensioner f\u00f6ljer allm\u00e4nt accepterad praxis, och det erbjuder utm\u00e4rkt kraft\u00f6verf\u00f6ring, vilket g\u00f6r det idealiskt f\u00f6r aktiva anv\u00e4ndare som v\u00e4rdes\u00e4tter kvalitet och prestanda.<\/p>","protected":false},"excerpt":{"rendered":"<p>Keski\u00f6laakeri BB-ES300 on tarkasti suunniteltu sopimaan standardoituihin BSA 68 mm:n runkokierteisiin. Sen 121 mm:n akseli tarjoaa kest\u00e4v\u00e4n ja vakaan tuen, mik\u00e4 parantaa polkupy\u00f6r\u00e4n ajokokemusta. Sen innovatiivinen rakenne hy\u00f6dynt\u00e4\u00e4 korkealaatuisia materiaaleja, mik\u00e4 tekee siit\u00e4 luotettavan ja pitk\u00e4ik\u00e4isen valinnan py\u00f6r\u00e4ilij\u00f6ille. Asennus on helppoa, sill\u00e4 laakerin mitat noudattavat yleisesti hyv\u00e4ksyttyj\u00e4 k\u00e4yt\u00e4nt\u00f6j\u00e4, ja se tarjoaa erinomaisen voimansiirron, tehden siit\u00e4 [&#8230;]<\/p>\n<p><a class=\"btn btn-secondary understrap-read-more-link\" href=\"https:\/\/vmsport.fi\/sv\/verkkokauppa\/varaosat\/voimansiirto\/keskiolaakerit\/keskiolaakeri-bb-es300-bsa-68mm-akseli-121mm-hylsy\/\">L\u00e4s mer \u2026<span class=\"screen-reader-text\"> from Keski\u00f6laakeri BB-ES300 BSA 68mm akseli 121mm, hylsy<\/span><\/a><\/p>\n","protected":false},"featured_media":54348,"comment_status":"open","ping_status":"closed","template":"","meta":{"_acf_changed":false,"_improvement_type_select":"improve_an_existing","_thumb_yes_seoaic":false,"_frame_yes_seoaic":false,"seoaic_generate_description":"","seoaic_improve_instructions_prompt":"","seoaic_rollback_content_improvement":"","seoaic_idea_thumbnail_generator":"","thumbnail_generated":false,"thumbnail_generate_prompt":"","seoaic_article_description":"","_supplier_stock_quantity":0},"product_brand":[],"product_model":[],"product_cat":[9350],"product_tag":[],"industry-terminology":[],"class_list":{"0":"post-54349","1":"product","2":"type-product","3":"status-publish","4":"has-post-thumbnail","6":"product_cat-keskiolaakerit","8":"first","9":"instock","10":"taxable","11":"shipping-taxable","12":"purchasable","13":"product-type-simple"},"acf":{"bike_features":null,"overview":{"copy_overview":null,"key_features":null,"statement":"","youtube_url":""}},"yoast_head":"<!-- This site is optimized with the Yoast SEO plugin v27.4 - https:\/\/yoast.com\/product\/yoast-seo-wordpress\/ -->\n<title>Keski\u00f6laakeri BB-ES300 BSA 68mm akseli 121mm, hylsy - VM Sport<\/title>\n<meta name=\"robots\" content=\"index, follow, max-snippet:-1, max-image-preview:large, max-video-preview:-1\" \/>\n<link rel=\"canonical\" href=\"https:\/\/vmsport.fi\/sv\/webbutik\/reservdelar\/transmission\/mittlager\/centrumlager-bb-es300-bsa-68mm-axel-121mm-hylsa\/\" \/>\n<meta property=\"og:locale\" content=\"sv_SE\" \/>\n<meta property=\"og:type\" content=\"article\" \/>\n<meta property=\"og:title\" content=\"Keski\u00f6laakeri BB-ES300 BSA 68mm akseli 121mm, hylsy - VM Sport\" \/>\n<meta property=\"og:description\" content=\"Keski\u00f6laakeri BB-ES300 on tarkasti suunniteltu sopimaan standardoituihin BSA 68 mm:n runkokierteisiin. Sen 121 mm:n akseli tarjoaa kest\u00e4v\u00e4n ja vakaan tuen, mik\u00e4 parantaa polkupy\u00f6r\u00e4n ajokokemusta. Sen innovatiivinen rakenne hy\u00f6dynt\u00e4\u00e4 korkealaatuisia materiaaleja, mik\u00e4 tekee siit\u00e4 luotettavan ja pitk\u00e4ik\u00e4isen valinnan py\u00f6r\u00e4ilij\u00f6ille. Asennus on helppoa, sill\u00e4 laakerin mitat noudattavat yleisesti hyv\u00e4ksyttyj\u00e4 k\u00e4yt\u00e4nt\u00f6j\u00e4, ja se tarjoaa erinomaisen voimansiirron, tehden siit\u00e4 [...]L\u00e4s mer \u2026 from Keski\u00f6laakeri BB-ES300 BSA 68mm akseli 121mm, hylsy\" \/>\n<meta property=\"og:url\" content=\"https:\/\/vmsport.fi\/sv\/webbutik\/reservdelar\/transmission\/mittlager\/centrumlager-bb-es300-bsa-68mm-axel-121mm-hylsa\/\" \/>\n<meta property=\"og:site_name\" content=\"VM Sport\" \/>\n<meta property=\"article:publisher\" content=\"https:\/\/www.facebook.com\/Vmsport.fi\/\" \/>\n<meta property=\"article:modified_time\" content=\"2026-04-22T12:07:42+00:00\" \/>\n<meta property=\"og:image\" content=\"https:\/\/vmsport.fi\/wp-content\/uploads\/2025\/03\/70pSDv7D1k9ot1OF1LTZsZ7MRPFMlDTjZqRFNnw0eiNXrJ4rHR-1.jpg\" \/>\n\t<meta property=\"og:image:width\" content=\"600\" \/>\n\t<meta property=\"og:image:height\" content=\"600\" \/>\n\t<meta property=\"og:image:type\" content=\"image\/jpeg\" \/>\n<meta name=\"twitter:card\" content=\"summary_large_image\" \/>\n<script type=\"application\/ld+json\" class=\"yoast-schema-graph\">{\"@context\":\"https:\\\/\\\/schema.org\",\"@graph\":[{\"@type\":[\"WebPage\",\"ItemPage\"],\"@id\":\"https:\\\/\\\/vmsport.fi\\\/verkkokauppa\\\/varaosat\\\/voimansiirto\\\/keskiolaakerit\\\/keskiolaakeri-bb-es300-bsa-68mm-akseli-121mm-hylsy\\\/\",\"url\":\"https:\\\/\\\/vmsport.fi\\\/verkkokauppa\\\/varaosat\\\/voimansiirto\\\/keskiolaakerit\\\/keskiolaakeri-bb-es300-bsa-68mm-akseli-121mm-hylsy\\\/\",\"name\":\"Keski\u00f6laakeri BB-ES300 BSA 68mm akseli 121mm, hylsy - VM Sport\",\"isPartOf\":{\"@id\":\"https:\\\/\\\/vmsport.fi\\\/#website\"},\"primaryImageOfPage\":{\"@id\":\"https:\\\/\\\/vmsport.fi\\\/verkkokauppa\\\/varaosat\\\/voimansiirto\\\/keskiolaakerit\\\/keskiolaakeri-bb-es300-bsa-68mm-akseli-121mm-hylsy\\\/#primaryimage\"},\"image\":{\"@id\":\"https:\\\/\\\/vmsport.fi\\\/verkkokauppa\\\/varaosat\\\/voimansiirto\\\/keskiolaakerit\\\/keskiolaakeri-bb-es300-bsa-68mm-akseli-121mm-hylsy\\\/#primaryimage\"},\"thumbnailUrl\":\"https:\\\/\\\/vmsport.fi\\\/wp-content\\\/uploads\\\/2025\\\/03\\\/70pSDv7D1k9ot1OF1LTZsZ7MRPFMlDTjZqRFNnw0eiNXrJ4rHR-1.jpg\",\"datePublished\":\"2025-03-05T21:52:44+00:00\",\"dateModified\":\"2026-04-22T12:07:42+00:00\",\"breadcrumb\":{\"@id\":\"https:\\\/\\\/vmsport.fi\\\/verkkokauppa\\\/varaosat\\\/voimansiirto\\\/keskiolaakerit\\\/keskiolaakeri-bb-es300-bsa-68mm-akseli-121mm-hylsy\\\/#breadcrumb\"},\"inLanguage\":\"sv-SE\",\"potentialAction\":[{\"@type\":\"ReadAction\",\"target\":[\"https:\\\/\\\/vmsport.fi\\\/verkkokauppa\\\/varaosat\\\/voimansiirto\\\/keskiolaakerit\\\/keskiolaakeri-bb-es300-bsa-68mm-akseli-121mm-hylsy\\\/\"]}]},{\"@type\":\"ImageObject\",\"inLanguage\":\"sv-SE\",\"@id\":\"https:\\\/\\\/vmsport.fi\\\/verkkokauppa\\\/varaosat\\\/voimansiirto\\\/keskiolaakerit\\\/keskiolaakeri-bb-es300-bsa-68mm-akseli-121mm-hylsy\\\/#primaryimage\",\"url\":\"https:\\\/\\\/vmsport.fi\\\/wp-content\\\/uploads\\\/2025\\\/03\\\/70pSDv7D1k9ot1OF1LTZsZ7MRPFMlDTjZqRFNnw0eiNXrJ4rHR-1.jpg\",\"contentUrl\":\"https:\\\/\\\/vmsport.fi\\\/wp-content\\\/uploads\\\/2025\\\/03\\\/70pSDv7D1k9ot1OF1LTZsZ7MRPFMlDTjZqRFNnw0eiNXrJ4rHR-1.jpg\",\"width\":600,\"height\":600,\"caption\":\"70pSDv7D1k9ot1OF1LTZsZ7MRPFMlDTjZqRFNnw0eiNXrJ4rHR\"},{\"@type\":\"BreadcrumbList\",\"@id\":\"https:\\\/\\\/vmsport.fi\\\/verkkokauppa\\\/varaosat\\\/voimansiirto\\\/keskiolaakerit\\\/keskiolaakeri-bb-es300-bsa-68mm-akseli-121mm-hylsy\\\/#breadcrumb\",\"itemListElement\":[{\"@type\":\"ListItem\",\"position\":1,\"name\":\"Etusivu\",\"item\":\"https:\\\/\\\/vmsport.fi\\\/\"},{\"@type\":\"ListItem\",\"position\":2,\"name\":\"Online Store\",\"item\":\"https:\\\/\\\/vmsport.fi\\\/en\\\/online-store\\\/\"},{\"@type\":\"ListItem\",\"position\":3,\"name\":\"Keski\u00f6laakeri BB-ES300 BSA 68mm akseli 121mm, hylsy\"}]},{\"@type\":\"WebSite\",\"@id\":\"https:\\\/\\\/vmsport.fi\\\/#website\",\"url\":\"https:\\\/\\\/vmsport.fi\\\/\",\"name\":\"Vmsport\",\"description\":\"Kaikki py\u00f6r\u00e4ilyyn yhdest\u00e4 paikasta\",\"publisher\":{\"@id\":\"https:\\\/\\\/vmsport.fi\\\/#organization\"},\"potentialAction\":[{\"@type\":\"SearchAction\",\"target\":{\"@type\":\"EntryPoint\",\"urlTemplate\":\"https:\\\/\\\/vmsport.fi\\\/?s={search_term_string}\"},\"query-input\":{\"@type\":\"PropertyValueSpecification\",\"valueRequired\":true,\"valueName\":\"search_term_string\"}}],\"inLanguage\":\"sv-SE\"},{\"@type\":\"Organization\",\"@id\":\"https:\\\/\\\/vmsport.fi\\\/#organization\",\"name\":\"Vmsport\",\"url\":\"https:\\\/\\\/vmsport.fi\\\/\",\"logo\":{\"@type\":\"ImageObject\",\"inLanguage\":\"sv-SE\",\"@id\":\"https:\\\/\\\/vmsport.fi\\\/#\\\/schema\\\/logo\\\/image\\\/\",\"url\":\"https:\\\/\\\/vmsport.fi\\\/wp-content\\\/uploads\\\/2024\\\/12\\\/vm_sport_RGB_horisontal-e1734526017575.png\",\"contentUrl\":\"https:\\\/\\\/vmsport.fi\\\/wp-content\\\/uploads\\\/2024\\\/12\\\/vm_sport_RGB_horisontal-e1734526017575.png\",\"width\":668,\"height\":85,\"caption\":\"Vmsport\"},\"image\":{\"@id\":\"https:\\\/\\\/vmsport.fi\\\/#\\\/schema\\\/logo\\\/image\\\/\"},\"sameAs\":[\"https:\\\/\\\/www.facebook.com\\\/Vmsport.fi\\\/\",\"https:\\\/\\\/www.instagram.com\\\/vmsport\\\/\"]}]}<\/script>\n<!-- \/ Yoast SEO plugin. -->","yoast_head_json":{"title":"Centrallager BB-ES300 BSA 68mm axel 121mm, hylsa - VM Sport","robots":{"index":"index","follow":"follow","max-snippet":"max-snippet:-1","max-image-preview":"max-image-preview:large","max-video-preview":"max-video-preview:-1"},"canonical":"https:\/\/vmsport.fi\/sv\/webbutik\/reservdelar\/transmission\/mittlager\/centrumlager-bb-es300-bsa-68mm-axel-121mm-hylsa\/","og_locale":"sv_SE","og_type":"article","og_title":"Keski\u00f6laakeri BB-ES300 BSA 68mm akseli 121mm, hylsy - VM Sport","og_description":"Keski\u00f6laakeri BB-ES300 on tarkasti suunniteltu sopimaan standardoituihin BSA 68 mm:n runkokierteisiin. Sen 121 mm:n akseli tarjoaa kest\u00e4v\u00e4n ja vakaan tuen, mik\u00e4 parantaa polkupy\u00f6r\u00e4n ajokokemusta. Sen innovatiivinen rakenne hy\u00f6dynt\u00e4\u00e4 korkealaatuisia materiaaleja, mik\u00e4 tekee siit\u00e4 luotettavan ja pitk\u00e4ik\u00e4isen valinnan py\u00f6r\u00e4ilij\u00f6ille. Asennus on helppoa, sill\u00e4 laakerin mitat noudattavat yleisesti hyv\u00e4ksyttyj\u00e4 k\u00e4yt\u00e4nt\u00f6j\u00e4, ja se tarjoaa erinomaisen voimansiirron, tehden siit\u00e4 [...]L\u00e4s mer \u2026 from Keski\u00f6laakeri BB-ES300 BSA 68mm akseli 121mm, hylsy","og_url":"https:\/\/vmsport.fi\/sv\/webbutik\/reservdelar\/transmission\/mittlager\/centrumlager-bb-es300-bsa-68mm-axel-121mm-hylsa\/","og_site_name":"VM Sport","article_publisher":"https:\/\/www.facebook.com\/Vmsport.fi\/","article_modified_time":"2026-04-22T12:07:42+00:00","og_image":[{"width":600,"height":600,"url":"https:\/\/vmsport.fi\/wp-content\/uploads\/2025\/03\/70pSDv7D1k9ot1OF1LTZsZ7MRPFMlDTjZqRFNnw0eiNXrJ4rHR-1.jpg","type":"image\/jpeg"}],"twitter_card":"summary_large_image","schema":{"@context":"https:\/\/schema.org","@graph":[{"@type":["WebPage","ItemPage"],"@id":"https:\/\/vmsport.fi\/verkkokauppa\/varaosat\/voimansiirto\/keskiolaakerit\/keskiolaakeri-bb-es300-bsa-68mm-akseli-121mm-hylsy\/","url":"https:\/\/vmsport.fi\/verkkokauppa\/varaosat\/voimansiirto\/keskiolaakerit\/keskiolaakeri-bb-es300-bsa-68mm-akseli-121mm-hylsy\/","name":"Centrallager BB-ES300 BSA 68mm axel 121mm, hylsa - VM Sport","isPartOf":{"@id":"https:\/\/vmsport.fi\/#website"},"primaryImageOfPage":{"@id":"https:\/\/vmsport.fi\/verkkokauppa\/varaosat\/voimansiirto\/keskiolaakerit\/keskiolaakeri-bb-es300-bsa-68mm-akseli-121mm-hylsy\/#primaryimage"},"image":{"@id":"https:\/\/vmsport.fi\/verkkokauppa\/varaosat\/voimansiirto\/keskiolaakerit\/keskiolaakeri-bb-es300-bsa-68mm-akseli-121mm-hylsy\/#primaryimage"},"thumbnailUrl":"https:\/\/vmsport.fi\/wp-content\/uploads\/2025\/03\/70pSDv7D1k9ot1OF1LTZsZ7MRPFMlDTjZqRFNnw0eiNXrJ4rHR-1.jpg","datePublished":"2025-03-05T21:52:44+00:00","dateModified":"2026-04-22T12:07:42+00:00","breadcrumb":{"@id":"https:\/\/vmsport.fi\/verkkokauppa\/varaosat\/voimansiirto\/keskiolaakerit\/keskiolaakeri-bb-es300-bsa-68mm-akseli-121mm-hylsy\/#breadcrumb"},"inLanguage":"sv-SE","potentialAction":[{"@type":"ReadAction","target":["https:\/\/vmsport.fi\/verkkokauppa\/varaosat\/voimansiirto\/keskiolaakerit\/keskiolaakeri-bb-es300-bsa-68mm-akseli-121mm-hylsy\/"]}]},{"@type":"ImageObject","inLanguage":"sv-SE","@id":"https:\/\/vmsport.fi\/verkkokauppa\/varaosat\/voimansiirto\/keskiolaakerit\/keskiolaakeri-bb-es300-bsa-68mm-akseli-121mm-hylsy\/#primaryimage","url":"https:\/\/vmsport.fi\/wp-content\/uploads\/2025\/03\/70pSDv7D1k9ot1OF1LTZsZ7MRPFMlDTjZqRFNnw0eiNXrJ4rHR-1.jpg","contentUrl":"https:\/\/vmsport.fi\/wp-content\/uploads\/2025\/03\/70pSDv7D1k9ot1OF1LTZsZ7MRPFMlDTjZqRFNnw0eiNXrJ4rHR-1.jpg","width":600,"height":600,"caption":"70pSDv7D1k9ot1OF1LTZsZ7MRPFMlDTjZqRFNnw0eiNXrJ4rHR"},{"@type":"BreadcrumbList","@id":"https:\/\/vmsport.fi\/verkkokauppa\/varaosat\/voimansiirto\/keskiolaakerit\/keskiolaakeri-bb-es300-bsa-68mm-akseli-121mm-hylsy\/#breadcrumb","itemListElement":[{"@type":"ListItem","position":1,"name":"Etusivu","item":"https:\/\/vmsport.fi\/"},{"@type":"ListItem","position":2,"name":"Online Store","item":"https:\/\/vmsport.fi\/en\/online-store\/"},{"@type":"ListItem","position":3,"name":"Keski\u00f6laakeri BB-ES300 BSA 68mm akseli 121mm, hylsy"}]},{"@type":"WebSite","@id":"https:\/\/vmsport.fi\/#website","url":"https:\/\/vmsport.fi\/","name":"Vmsport","description":"Allt p\u00e5 ett st\u00e4lle f\u00f6r cykling","publisher":{"@id":"https:\/\/vmsport.fi\/#organization"},"potentialAction":[{"@type":"SearchAction","target":{"@type":"EntryPoint","urlTemplate":"https:\/\/vmsport.fi\/?s={search_term_string}"},"query-input":{"@type":"PropertyValueSpecification","valueRequired":true,"valueName":"search_term_string"}}],"inLanguage":"sv-SE"},{"@type":"Organization","@id":"https:\/\/vmsport.fi\/#organization","name":"Vmsport","url":"https:\/\/vmsport.fi\/","logo":{"@type":"ImageObject","inLanguage":"sv-SE","@id":"https:\/\/vmsport.fi\/#\/schema\/logo\/image\/","url":"https:\/\/vmsport.fi\/wp-content\/uploads\/2024\/12\/vm_sport_RGB_horisontal-e1734526017575.png","contentUrl":"https:\/\/vmsport.fi\/wp-content\/uploads\/2024\/12\/vm_sport_RGB_horisontal-e1734526017575.png","width":668,"height":85,"caption":"Vmsport"},"image":{"@id":"https:\/\/vmsport.fi\/#\/schema\/logo\/image\/"},"sameAs":["https:\/\/www.facebook.com\/Vmsport.fi\/","https:\/\/www.instagram.com\/vmsport\/"]}]}},"global_unique_id":"","_links":{"self":[{"href":"https:\/\/vmsport.fi\/sv\/wp-json\/wp\/v2\/product\/54349","targetHints":{"allow":["GET"]}}],"collection":[{"href":"https:\/\/vmsport.fi\/sv\/wp-json\/wp\/v2\/product"}],"about":[{"href":"https:\/\/vmsport.fi\/sv\/wp-json\/wp\/v2\/types\/product"}],"replies":[{"embeddable":true,"href":"https:\/\/vmsport.fi\/sv\/wp-json\/wp\/v2\/comments?post=54349"}],"wp:featuredmedia":[{"embeddable":true,"href":"https:\/\/vmsport.fi\/sv\/wp-json\/wp\/v2\/media\/54348"}],"wp:attachment":[{"href":"https:\/\/vmsport.fi\/sv\/wp-json\/wp\/v2\/media?parent=54349"}],"wp:term":[{"taxonomy":"product_brand","embeddable":true,"href":"https:\/\/vmsport.fi\/sv\/wp-json\/wp\/v2\/product_brand?post=54349"},{"taxonomy":"product_model","embeddable":true,"href":"https:\/\/vmsport.fi\/sv\/wp-json\/wp\/v2\/product_model?post=54349"},{"taxonomy":"product_cat","embeddable":true,"href":"https:\/\/vmsport.fi\/sv\/wp-json\/wp\/v2\/product_cat?post=54349"},{"taxonomy":"product_tag","embeddable":true,"href":"https:\/\/vmsport.fi\/sv\/wp-json\/wp\/v2\/product_tag?post=54349"},{"taxonomy":"industry_terminology","embeddable":true,"href":"https:\/\/vmsport.fi\/sv\/wp-json\/wp\/v2\/industry-terminology?post=54349"}],"curies":[{"name":"wp","href":"https:\/\/api.w.org\/{rel}","templated":true}]}}