{"id":54347,"date":"2025-03-05T23:52:43","date_gmt":"2025-03-05T21:52:43","guid":{"rendered":"https:\/\/vmsport.fi\/verkkokauppa\/Ei-luokiteltu\/takavaihtaja-11-v-sgs-rd-m8000-deore-xt-shadow-dm\/"},"modified":"2026-01-16T13:22:19","modified_gmt":"2026-01-16T11:22:19","slug":"bakvaxel-11-v-sgs-rd-m8000-deore-xt-shadow-dm","status":"publish","type":"product","link":"https:\/\/vmsport.fi\/sv\/verkkokauppa\/varaosat\/vaihteistot\/takavaihtajat\/takavaihtaja-11-v-sgs-rd-m8000-deore-xt-shadow-dm\/","title":{"rendered":"Bakv\u00e4xel 11-v SGS RD-M8000 Deore XT Shadow+ DM"},"content":{"rendered":"<p>SGS RD-M8000 Deore XT Shadow+ DM 11-v\u00e4xlad bakv\u00e4xel kombinerar s\u00f6ml\u00f6st Shimano Direct Mount-kompatibilitet med funktionaliteten hos ett 11-v\u00e4xlat system. Denna bakv\u00e4xel f\u00f6rb\u00e4ttrar v\u00e4xlingsprestandan f\u00f6r 40-42-kuggarna med Shadow Dyna-Sys11-teknik, vilket s\u00e4kerst\u00e4ller tillf\u00f6rlitlig och exakt v\u00e4xling. Tack vare h\u00f6g styvhet och h\u00e5llbara lager, i kombination med breda ytterytor, \u00e4r sv\u00e4ngleden extremt styv. Shadow Plus-mekanismen ger stabilitet i utmanande terr\u00e4ng, medan den justerbara kedjestabiliseringssp\u00e4nningen h\u00e5ller kugghjulen exakt p\u00e5 plats.<\/p>\n<p>Den l\u00e4tta och h\u00e5llbara anordningen har fyra fluorbelagda ledhylsor som g\u00f6r bytet smidigt. Den direkta vajerstyrningen minskar risken f\u00f6r att vajern fastnar och f\u00f6rhindrar skador fr\u00e5n hinder. Den eleganta designen g\u00f6r det enklare att byta d\u00e4ck och \u00f6kar flexibiliteten i ramkonstruktionen, vilket m\u00f6jligg\u00f6r kortare bakgafflar och st\u00f6rre axlar. Detta g\u00f6r den till det perfekta valet f\u00f6r kr\u00e4vande cyklister som v\u00e4rdes\u00e4tter prestanda och h\u00e5llbarhet b\u00e5de i terr\u00e4ng och p\u00e5 v\u00e4g.<\/p>","protected":false},"excerpt":{"rendered":"<p>Takavaihtaja 11-vaihteinen SGS RD-M8000 Deore XT Shadow+ DM yhdist\u00e4\u00e4 Shimano Direct Mount -yhteensopivuudeen ja 11-vaihteisen j\u00e4rjestelm\u00e4n toimivuuden saumattomasti. T\u00e4m\u00e4 takavaihtaja parantaa 40-42-hampaisen rattaan vaihtosuorituskyky\u00e4 Shadow Dyna-Sys11 -teknologialla, mik\u00e4 varmistaa luotettavan ja tarkan vaihdon. Korkean j\u00e4ykkyyden ja kest\u00e4vien laakereiden ansiosta, yhdistettyn\u00e4 leveisiin ulkopuoliin, pivot-nivel on eritt\u00e4in j\u00e4ykk\u00e4. Shadow Plus -mekanismi antaa vakautta haastavassa maastossa, ja s\u00e4\u00e4dett\u00e4v\u00e4n [&#8230;]<\/p>\n<p><a class=\"btn btn-secondary understrap-read-more-link\" href=\"https:\/\/vmsport.fi\/sv\/verkkokauppa\/varaosat\/vaihteistot\/takavaihtajat\/takavaihtaja-11-v-sgs-rd-m8000-deore-xt-shadow-dm\/\">L\u00e4s mer \u2026<span class=\"screen-reader-text\"> from Takavaihtaja 11-v SGS RD-M8000 Deore XT  Shadow+ DM<\/span><\/a><\/p>\n","protected":false},"featured_media":54346,"comment_status":"open","ping_status":"closed","template":"","meta":{"_acf_changed":false,"_improvement_type_select":"improve_an_existing","_thumb_yes_seoaic":false,"_frame_yes_seoaic":false,"seoaic_generate_description":"","seoaic_improve_instructions_prompt":"","seoaic_rollback_content_improvement":"","seoaic_idea_thumbnail_generator":"","thumbnail_generated":false,"thumbnail_generate_prompt":"","seoaic_article_description":"","_supplier_stock_quantity":0},"product_brand":[],"product_model":[],"product_cat":[9390],"product_tag":[],"industry-terminology":[],"class_list":{"0":"post-54347","1":"product","2":"type-product","3":"status-publish","4":"has-post-thumbnail","6":"product_cat-takavaihtajat","8":"first","9":"outofstock","10":"taxable","11":"shipping-taxable","12":"product-type-simple"},"acf":{"bike_features":null,"overview":{"copy_overview":null,"key_features":null,"statement":"","youtube_url":""}},"yoast_head":"<!-- This site is optimized with the Yoast SEO plugin v27.3 - https:\/\/yoast.com\/product\/yoast-seo-wordpress\/ -->\n<title>Takavaihtaja 11-v SGS RD-M8000 Deore XT Shadow+ DM - VM Sport<\/title>\n<meta name=\"robots\" content=\"index, follow, max-snippet:-1, max-image-preview:large, max-video-preview:-1\" \/>\n<link rel=\"canonical\" href=\"https:\/\/vmsport.fi\/sv\/webbutik\/reservdelar\/vaxellador\/bakre-vaxlar\/bakvaxel-11-v-sgs-rd-m8000-deore-xt-shadow-dm\/\" \/>\n<meta property=\"og:locale\" content=\"sv_SE\" \/>\n<meta property=\"og:type\" content=\"article\" \/>\n<meta property=\"og:title\" content=\"Takavaihtaja 11-v SGS RD-M8000 Deore XT Shadow+ DM - VM Sport\" \/>\n<meta property=\"og:description\" content=\"Takavaihtaja 11-vaihteinen SGS RD-M8000 Deore XT Shadow+ DM yhdist\u00e4\u00e4 Shimano Direct Mount -yhteensopivuudeen ja 11-vaihteisen j\u00e4rjestelm\u00e4n toimivuuden saumattomasti. T\u00e4m\u00e4 takavaihtaja parantaa 40-42-hampaisen rattaan vaihtosuorituskyky\u00e4 Shadow Dyna-Sys11 -teknologialla, mik\u00e4 varmistaa luotettavan ja tarkan vaihdon. Korkean j\u00e4ykkyyden ja kest\u00e4vien laakereiden ansiosta, yhdistettyn\u00e4 leveisiin ulkopuoliin, pivot-nivel on eritt\u00e4in j\u00e4ykk\u00e4. Shadow Plus -mekanismi antaa vakautta haastavassa maastossa, ja s\u00e4\u00e4dett\u00e4v\u00e4n [...]L\u00e4s mer \u2026 from Takavaihtaja 11-v SGS RD-M8000 Deore XT Shadow+ DM\" \/>\n<meta property=\"og:url\" content=\"https:\/\/vmsport.fi\/sv\/webbutik\/reservdelar\/vaxellador\/bakre-vaxlar\/bakvaxel-11-v-sgs-rd-m8000-deore-xt-shadow-dm\/\" \/>\n<meta property=\"og:site_name\" content=\"VM Sport\" \/>\n<meta property=\"article:publisher\" content=\"https:\/\/www.facebook.com\/Vmsport.fi\/\" \/>\n<meta property=\"article:modified_time\" content=\"2026-01-16T11:22:19+00:00\" \/>\n<meta property=\"og:image\" content=\"https:\/\/vmsport.fi\/wp-content\/uploads\/2025\/03\/Takavaiktaja-XT-M8000-1.jpg\" \/>\n\t<meta property=\"og:image:width\" content=\"1000\" \/>\n\t<meta property=\"og:image:height\" content=\"1000\" \/>\n\t<meta property=\"og:image:type\" content=\"image\/jpeg\" \/>\n<meta name=\"twitter:card\" content=\"summary_large_image\" \/>\n<meta name=\"twitter:label1\" content=\"Ber\u00e4knad l\u00e4stid\" \/>\n\t<meta name=\"twitter:data1\" content=\"1 minut\" \/>\n<script type=\"application\/ld+json\" class=\"yoast-schema-graph\">{\"@context\":\"https:\\\/\\\/schema.org\",\"@graph\":[{\"@type\":[\"WebPage\",\"ItemPage\"],\"@id\":\"https:\\\/\\\/vmsport.fi\\\/verkkokauppa\\\/varaosat\\\/vaihteistot\\\/takavaihtajat\\\/takavaihtaja-11-v-sgs-rd-m8000-deore-xt-shadow-dm\\\/\",\"url\":\"https:\\\/\\\/vmsport.fi\\\/verkkokauppa\\\/varaosat\\\/vaihteistot\\\/takavaihtajat\\\/takavaihtaja-11-v-sgs-rd-m8000-deore-xt-shadow-dm\\\/\",\"name\":\"Takavaihtaja 11-v SGS RD-M8000 Deore XT Shadow+ DM - VM Sport\",\"isPartOf\":{\"@id\":\"https:\\\/\\\/vmsport.fi\\\/#website\"},\"primaryImageOfPage\":{\"@id\":\"https:\\\/\\\/vmsport.fi\\\/verkkokauppa\\\/varaosat\\\/vaihteistot\\\/takavaihtajat\\\/takavaihtaja-11-v-sgs-rd-m8000-deore-xt-shadow-dm\\\/#primaryimage\"},\"image\":{\"@id\":\"https:\\\/\\\/vmsport.fi\\\/verkkokauppa\\\/varaosat\\\/vaihteistot\\\/takavaihtajat\\\/takavaihtaja-11-v-sgs-rd-m8000-deore-xt-shadow-dm\\\/#primaryimage\"},\"thumbnailUrl\":\"https:\\\/\\\/vmsport.fi\\\/wp-content\\\/uploads\\\/2025\\\/03\\\/Takavaiktaja-XT-M8000-1.jpg\",\"datePublished\":\"2025-03-05T21:52:43+00:00\",\"dateModified\":\"2026-01-16T11:22:19+00:00\",\"breadcrumb\":{\"@id\":\"https:\\\/\\\/vmsport.fi\\\/verkkokauppa\\\/varaosat\\\/vaihteistot\\\/takavaihtajat\\\/takavaihtaja-11-v-sgs-rd-m8000-deore-xt-shadow-dm\\\/#breadcrumb\"},\"inLanguage\":\"sv-SE\",\"potentialAction\":[{\"@type\":\"ReadAction\",\"target\":[\"https:\\\/\\\/vmsport.fi\\\/verkkokauppa\\\/varaosat\\\/vaihteistot\\\/takavaihtajat\\\/takavaihtaja-11-v-sgs-rd-m8000-deore-xt-shadow-dm\\\/\"]}]},{\"@type\":\"ImageObject\",\"inLanguage\":\"sv-SE\",\"@id\":\"https:\\\/\\\/vmsport.fi\\\/verkkokauppa\\\/varaosat\\\/vaihteistot\\\/takavaihtajat\\\/takavaihtaja-11-v-sgs-rd-m8000-deore-xt-shadow-dm\\\/#primaryimage\",\"url\":\"https:\\\/\\\/vmsport.fi\\\/wp-content\\\/uploads\\\/2025\\\/03\\\/Takavaiktaja-XT-M8000-1.jpg\",\"contentUrl\":\"https:\\\/\\\/vmsport.fi\\\/wp-content\\\/uploads\\\/2025\\\/03\\\/Takavaiktaja-XT-M8000-1.jpg\",\"width\":1000,\"height\":1000,\"caption\":\"Takavaiktaja-XT-M8000\"},{\"@type\":\"BreadcrumbList\",\"@id\":\"https:\\\/\\\/vmsport.fi\\\/verkkokauppa\\\/varaosat\\\/vaihteistot\\\/takavaihtajat\\\/takavaihtaja-11-v-sgs-rd-m8000-deore-xt-shadow-dm\\\/#breadcrumb\",\"itemListElement\":[{\"@type\":\"ListItem\",\"position\":1,\"name\":\"Etusivu\",\"item\":\"https:\\\/\\\/vmsport.fi\\\/\"},{\"@type\":\"ListItem\",\"position\":2,\"name\":\"Online Store\",\"item\":\"https:\\\/\\\/vmsport.fi\\\/en\\\/online-store\\\/\"},{\"@type\":\"ListItem\",\"position\":3,\"name\":\"Takavaihtaja 11-v SGS RD-M8000 Deore XT Shadow+ DM\"}]},{\"@type\":\"WebSite\",\"@id\":\"https:\\\/\\\/vmsport.fi\\\/#website\",\"url\":\"https:\\\/\\\/vmsport.fi\\\/\",\"name\":\"Vmsport\",\"description\":\"Kaikki py\u00f6r\u00e4ilyyn yhdest\u00e4 paikasta\",\"publisher\":{\"@id\":\"https:\\\/\\\/vmsport.fi\\\/#organization\"},\"potentialAction\":[{\"@type\":\"SearchAction\",\"target\":{\"@type\":\"EntryPoint\",\"urlTemplate\":\"https:\\\/\\\/vmsport.fi\\\/?s={search_term_string}\"},\"query-input\":{\"@type\":\"PropertyValueSpecification\",\"valueRequired\":true,\"valueName\":\"search_term_string\"}}],\"inLanguage\":\"sv-SE\"},{\"@type\":\"Organization\",\"@id\":\"https:\\\/\\\/vmsport.fi\\\/#organization\",\"name\":\"Vmsport\",\"url\":\"https:\\\/\\\/vmsport.fi\\\/\",\"logo\":{\"@type\":\"ImageObject\",\"inLanguage\":\"sv-SE\",\"@id\":\"https:\\\/\\\/vmsport.fi\\\/#\\\/schema\\\/logo\\\/image\\\/\",\"url\":\"https:\\\/\\\/vmsport.fi\\\/wp-content\\\/uploads\\\/2024\\\/12\\\/vm_sport_RGB_horisontal-e1734526017575.png\",\"contentUrl\":\"https:\\\/\\\/vmsport.fi\\\/wp-content\\\/uploads\\\/2024\\\/12\\\/vm_sport_RGB_horisontal-e1734526017575.png\",\"width\":668,\"height\":85,\"caption\":\"Vmsport\"},\"image\":{\"@id\":\"https:\\\/\\\/vmsport.fi\\\/#\\\/schema\\\/logo\\\/image\\\/\"},\"sameAs\":[\"https:\\\/\\\/www.facebook.com\\\/Vmsport.fi\\\/\",\"https:\\\/\\\/www.instagram.com\\\/vmsport\\\/\"]}]}<\/script>\n<!-- \/ Yoast SEO plugin. -->","yoast_head_json":{"title":"Bakv\u00e4xel 11-v SGS RD-M8000 Deore XT Shadow+ DM - VM Sport","robots":{"index":"index","follow":"follow","max-snippet":"max-snippet:-1","max-image-preview":"max-image-preview:large","max-video-preview":"max-video-preview:-1"},"canonical":"https:\/\/vmsport.fi\/sv\/webbutik\/reservdelar\/vaxellador\/bakre-vaxlar\/bakvaxel-11-v-sgs-rd-m8000-deore-xt-shadow-dm\/","og_locale":"sv_SE","og_type":"article","og_title":"Takavaihtaja 11-v SGS RD-M8000 Deore XT Shadow+ DM - VM Sport","og_description":"Takavaihtaja 11-vaihteinen SGS RD-M8000 Deore XT Shadow+ DM yhdist\u00e4\u00e4 Shimano Direct Mount -yhteensopivuudeen ja 11-vaihteisen j\u00e4rjestelm\u00e4n toimivuuden saumattomasti. T\u00e4m\u00e4 takavaihtaja parantaa 40-42-hampaisen rattaan vaihtosuorituskyky\u00e4 Shadow Dyna-Sys11 -teknologialla, mik\u00e4 varmistaa luotettavan ja tarkan vaihdon. Korkean j\u00e4ykkyyden ja kest\u00e4vien laakereiden ansiosta, yhdistettyn\u00e4 leveisiin ulkopuoliin, pivot-nivel on eritt\u00e4in j\u00e4ykk\u00e4. Shadow Plus -mekanismi antaa vakautta haastavassa maastossa, ja s\u00e4\u00e4dett\u00e4v\u00e4n [...]L\u00e4s mer \u2026 from Takavaihtaja 11-v SGS RD-M8000 Deore XT Shadow+ DM","og_url":"https:\/\/vmsport.fi\/sv\/webbutik\/reservdelar\/vaxellador\/bakre-vaxlar\/bakvaxel-11-v-sgs-rd-m8000-deore-xt-shadow-dm\/","og_site_name":"VM Sport","article_publisher":"https:\/\/www.facebook.com\/Vmsport.fi\/","article_modified_time":"2026-01-16T11:22:19+00:00","og_image":[{"width":1000,"height":1000,"url":"https:\/\/vmsport.fi\/wp-content\/uploads\/2025\/03\/Takavaiktaja-XT-M8000-1.jpg","type":"image\/jpeg"}],"twitter_card":"summary_large_image","twitter_misc":{"Ber\u00e4knad l\u00e4stid":"1 minut"},"schema":{"@context":"https:\/\/schema.org","@graph":[{"@type":["WebPage","ItemPage"],"@id":"https:\/\/vmsport.fi\/verkkokauppa\/varaosat\/vaihteistot\/takavaihtajat\/takavaihtaja-11-v-sgs-rd-m8000-deore-xt-shadow-dm\/","url":"https:\/\/vmsport.fi\/verkkokauppa\/varaosat\/vaihteistot\/takavaihtajat\/takavaihtaja-11-v-sgs-rd-m8000-deore-xt-shadow-dm\/","name":"Bakv\u00e4xel 11-v SGS RD-M8000 Deore XT Shadow+ DM - VM Sport","isPartOf":{"@id":"https:\/\/vmsport.fi\/#website"},"primaryImageOfPage":{"@id":"https:\/\/vmsport.fi\/verkkokauppa\/varaosat\/vaihteistot\/takavaihtajat\/takavaihtaja-11-v-sgs-rd-m8000-deore-xt-shadow-dm\/#primaryimage"},"image":{"@id":"https:\/\/vmsport.fi\/verkkokauppa\/varaosat\/vaihteistot\/takavaihtajat\/takavaihtaja-11-v-sgs-rd-m8000-deore-xt-shadow-dm\/#primaryimage"},"thumbnailUrl":"https:\/\/vmsport.fi\/wp-content\/uploads\/2025\/03\/Takavaiktaja-XT-M8000-1.jpg","datePublished":"2025-03-05T21:52:43+00:00","dateModified":"2026-01-16T11:22:19+00:00","breadcrumb":{"@id":"https:\/\/vmsport.fi\/verkkokauppa\/varaosat\/vaihteistot\/takavaihtajat\/takavaihtaja-11-v-sgs-rd-m8000-deore-xt-shadow-dm\/#breadcrumb"},"inLanguage":"sv-SE","potentialAction":[{"@type":"ReadAction","target":["https:\/\/vmsport.fi\/verkkokauppa\/varaosat\/vaihteistot\/takavaihtajat\/takavaihtaja-11-v-sgs-rd-m8000-deore-xt-shadow-dm\/"]}]},{"@type":"ImageObject","inLanguage":"sv-SE","@id":"https:\/\/vmsport.fi\/verkkokauppa\/varaosat\/vaihteistot\/takavaihtajat\/takavaihtaja-11-v-sgs-rd-m8000-deore-xt-shadow-dm\/#primaryimage","url":"https:\/\/vmsport.fi\/wp-content\/uploads\/2025\/03\/Takavaiktaja-XT-M8000-1.jpg","contentUrl":"https:\/\/vmsport.fi\/wp-content\/uploads\/2025\/03\/Takavaiktaja-XT-M8000-1.jpg","width":1000,"height":1000,"caption":"Takavaiktaja-XT-M8000"},{"@type":"BreadcrumbList","@id":"https:\/\/vmsport.fi\/verkkokauppa\/varaosat\/vaihteistot\/takavaihtajat\/takavaihtaja-11-v-sgs-rd-m8000-deore-xt-shadow-dm\/#breadcrumb","itemListElement":[{"@type":"ListItem","position":1,"name":"Etusivu","item":"https:\/\/vmsport.fi\/"},{"@type":"ListItem","position":2,"name":"Online Store","item":"https:\/\/vmsport.fi\/en\/online-store\/"},{"@type":"ListItem","position":3,"name":"Takavaihtaja 11-v SGS RD-M8000 Deore XT Shadow+ DM"}]},{"@type":"WebSite","@id":"https:\/\/vmsport.fi\/#website","url":"https:\/\/vmsport.fi\/","name":"Vmsport","description":"Allt p\u00e5 ett st\u00e4lle f\u00f6r cykling","publisher":{"@id":"https:\/\/vmsport.fi\/#organization"},"potentialAction":[{"@type":"SearchAction","target":{"@type":"EntryPoint","urlTemplate":"https:\/\/vmsport.fi\/?s={search_term_string}"},"query-input":{"@type":"PropertyValueSpecification","valueRequired":true,"valueName":"search_term_string"}}],"inLanguage":"sv-SE"},{"@type":"Organization","@id":"https:\/\/vmsport.fi\/#organization","name":"Vmsport","url":"https:\/\/vmsport.fi\/","logo":{"@type":"ImageObject","inLanguage":"sv-SE","@id":"https:\/\/vmsport.fi\/#\/schema\/logo\/image\/","url":"https:\/\/vmsport.fi\/wp-content\/uploads\/2024\/12\/vm_sport_RGB_horisontal-e1734526017575.png","contentUrl":"https:\/\/vmsport.fi\/wp-content\/uploads\/2024\/12\/vm_sport_RGB_horisontal-e1734526017575.png","width":668,"height":85,"caption":"Vmsport"},"image":{"@id":"https:\/\/vmsport.fi\/#\/schema\/logo\/image\/"},"sameAs":["https:\/\/www.facebook.com\/Vmsport.fi\/","https:\/\/www.instagram.com\/vmsport\/"]}]}},"global_unique_id":"","_links":{"self":[{"href":"https:\/\/vmsport.fi\/sv\/wp-json\/wp\/v2\/product\/54347","targetHints":{"allow":["GET"]}}],"collection":[{"href":"https:\/\/vmsport.fi\/sv\/wp-json\/wp\/v2\/product"}],"about":[{"href":"https:\/\/vmsport.fi\/sv\/wp-json\/wp\/v2\/types\/product"}],"replies":[{"embeddable":true,"href":"https:\/\/vmsport.fi\/sv\/wp-json\/wp\/v2\/comments?post=54347"}],"wp:featuredmedia":[{"embeddable":true,"href":"https:\/\/vmsport.fi\/sv\/wp-json\/wp\/v2\/media\/54346"}],"wp:attachment":[{"href":"https:\/\/vmsport.fi\/sv\/wp-json\/wp\/v2\/media?parent=54347"}],"wp:term":[{"taxonomy":"product_brand","embeddable":true,"href":"https:\/\/vmsport.fi\/sv\/wp-json\/wp\/v2\/product_brand?post=54347"},{"taxonomy":"product_model","embeddable":true,"href":"https:\/\/vmsport.fi\/sv\/wp-json\/wp\/v2\/product_model?post=54347"},{"taxonomy":"product_cat","embeddable":true,"href":"https:\/\/vmsport.fi\/sv\/wp-json\/wp\/v2\/product_cat?post=54347"},{"taxonomy":"product_tag","embeddable":true,"href":"https:\/\/vmsport.fi\/sv\/wp-json\/wp\/v2\/product_tag?post=54347"},{"taxonomy":"industry_terminology","embeddable":true,"href":"https:\/\/vmsport.fi\/sv\/wp-json\/wp\/v2\/industry-terminology?post=54347"}],"curies":[{"name":"wp","href":"https:\/\/api.w.org\/{rel}","templated":true}]}}