{"id":54343,"date":"2025-03-05T23:52:41","date_gmt":"2025-03-05T21:52:41","guid":{"rendered":"https:\/\/vmsport.fi\/verkkokauppa\/Ei-luokiteltu\/precaliber-24-8-speed-suspension-aloha-green\/"},"modified":"2026-04-01T03:00:22","modified_gmt":"2026-04-01T00:00:22","slug":"precaliber-24-8-speed-suspension-aloha-green","status":"publish","type":"product","link":"https:\/\/vmsport.fi\/sv\/verkkokauppa\/polkupyorat\/lastenpyorat\/24-tuumaiset-lasten-pyora\/precaliber-24-8-speed-suspension-aloha-green\/","title":{"rendered":"Precaliber 24 8-v\u00e4xlad fj\u00e4dring, Aloha Green"},"content":{"rendered":"<p>Denna barncykel kombinerar en l\u00e4tt men h\u00e5llbar aluminiumram, en fj\u00e4drande gaffel f\u00f6r enkel terr\u00e4ngk\u00f6rning och en praktisk v\u00e4xell\u00e5da och bromsar som \u00e4r utformade f\u00f6r barn. Ett handtag under sadeln g\u00f6r det m\u00f6jligt f\u00f6r en vuxen att st\u00f6dja barnet under cykel\u00f6vningar. Tillbeh\u00f6r och utrustningsf\u00e4sten ger m\u00e5ngsidighet i den dagliga cyklingen.<\/p>","protected":false},"excerpt":{"rendered":"<p>Kevyt runko, joustohaarukka, helppok\u00e4ytt\u00f6inen 8-vaihteinen voimansiirto ja lapsille sopivat jarrut tekev\u00e4t ajamisesta mukavaa ja turvallista. [&#8230;]<\/p>\n<p><a class=\"btn btn-secondary understrap-read-more-link\" href=\"https:\/\/vmsport.fi\/sv\/verkkokauppa\/polkupyorat\/lastenpyorat\/24-tuumaiset-lasten-pyora\/precaliber-24-8-speed-suspension-aloha-green\/\">L\u00e4s mer \u2026<span class=\"screen-reader-text\"> from Precaliber 24 8-Speed Suspension, Aloha Green<\/span><\/a><\/p>\n","protected":false},"featured_media":54342,"comment_status":"open","ping_status":"closed","template":"","meta":{"_acf_changed":false,"_improvement_type_select":"improve_an_existing","_thumb_yes_seoaic":false,"_frame_yes_seoaic":false,"seoaic_generate_description":"","seoaic_improve_instructions_prompt":"","seoaic_rollback_content_improvement":"","seoaic_idea_thumbnail_generator":"","thumbnail_generated":false,"thumbnail_generate_prompt":"","seoaic_article_description":"","_supplier_stock_quantity":0},"product_brand":[37],"product_model":[1555],"product_cat":[9410],"product_tag":[],"industry-terminology":[],"class_list":{"0":"post-54343","1":"product","2":"type-product","3":"status-publish","4":"has-post-thumbnail","6":"product_brand-trek","7":"product_model-precaliber","8":"product_cat-24-tuumaiset-lasten-pyora","10":"first","11":"instock","12":"taxable","13":"shipping-taxable","14":"purchasable","15":"product-type-simple"},"acf":{"bike_features":null,"overview":{"copy_overview":null,"key_features":null,"statement":"","youtube_url":""}},"yoast_head":"<!-- This site is optimized with the Yoast SEO plugin v27.3 - https:\/\/yoast.com\/product\/yoast-seo-wordpress\/ -->\n<title>Precaliber 24 8-Speed Suspension, Aloha Green - VM Sport<\/title>\n<meta name=\"robots\" content=\"index, follow, max-snippet:-1, max-image-preview:large, max-video-preview:-1\" \/>\n<link rel=\"canonical\" href=\"https:\/\/vmsport.fi\/sv\/webbutik\/cyklar\/barnomsorg\/24-tums-pyora-for-barn\/precaliber-24-8-speed-suspension-aloha-green\/\" \/>\n<meta property=\"og:locale\" content=\"sv_SE\" \/>\n<meta property=\"og:type\" content=\"article\" \/>\n<meta property=\"og:title\" content=\"Precaliber 24 8-Speed Suspension, Aloha Green - VM Sport\" \/>\n<meta property=\"og:description\" content=\"Kevyt runko, joustohaarukka, helppok\u00e4ytt\u00f6inen 8-vaihteinen voimansiirto ja lapsille sopivat jarrut tekev\u00e4t ajamisesta mukavaa ja turvallista. [...]L\u00e4s mer \u2026 from Precaliber 24 8-Speed Suspension, Aloha Green\" \/>\n<meta property=\"og:url\" content=\"https:\/\/vmsport.fi\/sv\/webbutik\/cyklar\/barnomsorg\/24-tums-pyora-for-barn\/precaliber-24-8-speed-suspension-aloha-green\/\" \/>\n<meta property=\"og:site_name\" content=\"VM Sport\" \/>\n<meta property=\"article:publisher\" content=\"https:\/\/www.facebook.com\/Vmsport.fi\/\" \/>\n<meta property=\"article:modified_time\" content=\"2026-04-01T00:00:22+00:00\" \/>\n<meta property=\"og:image\" content=\"https:\/\/vmsport.fi\/wp-content\/uploads\/2025\/03\/Precaliber248speedSuspension-23-36846-D-Primary-1.jpg\" \/>\n\t<meta property=\"og:image:width\" content=\"1000\" \/>\n\t<meta property=\"og:image:height\" content=\"750\" \/>\n\t<meta property=\"og:image:type\" content=\"image\/jpeg\" \/>\n<meta name=\"twitter:card\" content=\"summary_large_image\" \/>\n<script type=\"application\/ld+json\" class=\"yoast-schema-graph\">{\"@context\":\"https:\\\/\\\/schema.org\",\"@graph\":[{\"@type\":[\"WebPage\",\"ItemPage\"],\"@id\":\"https:\\\/\\\/vmsport.fi\\\/verkkokauppa\\\/polkupyorat\\\/lastenpyorat\\\/24-tuumaiset-lasten-pyora\\\/precaliber-24-8-speed-suspension-aloha-green\\\/\",\"url\":\"https:\\\/\\\/vmsport.fi\\\/verkkokauppa\\\/polkupyorat\\\/lastenpyorat\\\/24-tuumaiset-lasten-pyora\\\/precaliber-24-8-speed-suspension-aloha-green\\\/\",\"name\":\"Precaliber 24 8-Speed Suspension, Aloha Green - VM Sport\",\"isPartOf\":{\"@id\":\"https:\\\/\\\/vmsport.fi\\\/#website\"},\"primaryImageOfPage\":{\"@id\":\"https:\\\/\\\/vmsport.fi\\\/verkkokauppa\\\/polkupyorat\\\/lastenpyorat\\\/24-tuumaiset-lasten-pyora\\\/precaliber-24-8-speed-suspension-aloha-green\\\/#primaryimage\"},\"image\":{\"@id\":\"https:\\\/\\\/vmsport.fi\\\/verkkokauppa\\\/polkupyorat\\\/lastenpyorat\\\/24-tuumaiset-lasten-pyora\\\/precaliber-24-8-speed-suspension-aloha-green\\\/#primaryimage\"},\"thumbnailUrl\":\"https:\\\/\\\/vmsport.fi\\\/wp-content\\\/uploads\\\/2025\\\/03\\\/Precaliber248speedSuspension-23-36846-D-Primary-1.jpg\",\"datePublished\":\"2025-03-05T21:52:41+00:00\",\"dateModified\":\"2026-04-01T00:00:22+00:00\",\"breadcrumb\":{\"@id\":\"https:\\\/\\\/vmsport.fi\\\/verkkokauppa\\\/polkupyorat\\\/lastenpyorat\\\/24-tuumaiset-lasten-pyora\\\/precaliber-24-8-speed-suspension-aloha-green\\\/#breadcrumb\"},\"inLanguage\":\"sv-SE\",\"potentialAction\":[{\"@type\":\"ReadAction\",\"target\":[\"https:\\\/\\\/vmsport.fi\\\/verkkokauppa\\\/polkupyorat\\\/lastenpyorat\\\/24-tuumaiset-lasten-pyora\\\/precaliber-24-8-speed-suspension-aloha-green\\\/\"]}]},{\"@type\":\"ImageObject\",\"inLanguage\":\"sv-SE\",\"@id\":\"https:\\\/\\\/vmsport.fi\\\/verkkokauppa\\\/polkupyorat\\\/lastenpyorat\\\/24-tuumaiset-lasten-pyora\\\/precaliber-24-8-speed-suspension-aloha-green\\\/#primaryimage\",\"url\":\"https:\\\/\\\/vmsport.fi\\\/wp-content\\\/uploads\\\/2025\\\/03\\\/Precaliber248speedSuspension-23-36846-D-Primary-1.jpg\",\"contentUrl\":\"https:\\\/\\\/vmsport.fi\\\/wp-content\\\/uploads\\\/2025\\\/03\\\/Precaliber248speedSuspension-23-36846-D-Primary-1.jpg\",\"width\":1000,\"height\":750,\"caption\":\"Precaliber248speedSuspension-23-36846-D-Primary\"},{\"@type\":\"BreadcrumbList\",\"@id\":\"https:\\\/\\\/vmsport.fi\\\/verkkokauppa\\\/polkupyorat\\\/lastenpyorat\\\/24-tuumaiset-lasten-pyora\\\/precaliber-24-8-speed-suspension-aloha-green\\\/#breadcrumb\",\"itemListElement\":[{\"@type\":\"ListItem\",\"position\":1,\"name\":\"Etusivu\",\"item\":\"https:\\\/\\\/vmsport.fi\\\/\"},{\"@type\":\"ListItem\",\"position\":2,\"name\":\"Online Store\",\"item\":\"https:\\\/\\\/vmsport.fi\\\/en\\\/online-store\\\/\"},{\"@type\":\"ListItem\",\"position\":3,\"name\":\"Trek polkupy\u00f6r\u00e4t\",\"item\":\"https:\\\/\\\/vmsport.fi\\\/sv\\\/merkki\\\/trek\\\/\"},{\"@type\":\"ListItem\",\"position\":4,\"name\":\"Precaliber 24 8-Speed Suspension, Aloha Green\"}]},{\"@type\":\"WebSite\",\"@id\":\"https:\\\/\\\/vmsport.fi\\\/#website\",\"url\":\"https:\\\/\\\/vmsport.fi\\\/\",\"name\":\"Vmsport\",\"description\":\"Kaikki py\u00f6r\u00e4ilyyn yhdest\u00e4 paikasta\",\"publisher\":{\"@id\":\"https:\\\/\\\/vmsport.fi\\\/#organization\"},\"potentialAction\":[{\"@type\":\"SearchAction\",\"target\":{\"@type\":\"EntryPoint\",\"urlTemplate\":\"https:\\\/\\\/vmsport.fi\\\/?s={search_term_string}\"},\"query-input\":{\"@type\":\"PropertyValueSpecification\",\"valueRequired\":true,\"valueName\":\"search_term_string\"}}],\"inLanguage\":\"sv-SE\"},{\"@type\":\"Organization\",\"@id\":\"https:\\\/\\\/vmsport.fi\\\/#organization\",\"name\":\"Vmsport\",\"url\":\"https:\\\/\\\/vmsport.fi\\\/\",\"logo\":{\"@type\":\"ImageObject\",\"inLanguage\":\"sv-SE\",\"@id\":\"https:\\\/\\\/vmsport.fi\\\/#\\\/schema\\\/logo\\\/image\\\/\",\"url\":\"https:\\\/\\\/vmsport.fi\\\/wp-content\\\/uploads\\\/2024\\\/12\\\/vm_sport_RGB_horisontal-e1734526017575.png\",\"contentUrl\":\"https:\\\/\\\/vmsport.fi\\\/wp-content\\\/uploads\\\/2024\\\/12\\\/vm_sport_RGB_horisontal-e1734526017575.png\",\"width\":668,\"height\":85,\"caption\":\"Vmsport\"},\"image\":{\"@id\":\"https:\\\/\\\/vmsport.fi\\\/#\\\/schema\\\/logo\\\/image\\\/\"},\"sameAs\":[\"https:\\\/\\\/www.facebook.com\\\/Vmsport.fi\\\/\",\"https:\\\/\\\/www.instagram.com\\\/vmsport\\\/\"]}]}<\/script>\n<!-- \/ Yoast SEO plugin. -->","yoast_head_json":{"title":"Precaliber 24 8-Speed Suspension, Aloha Green - VM Sport","robots":{"index":"index","follow":"follow","max-snippet":"max-snippet:-1","max-image-preview":"max-image-preview:large","max-video-preview":"max-video-preview:-1"},"canonical":"https:\/\/vmsport.fi\/sv\/webbutik\/cyklar\/barnomsorg\/24-tums-pyora-for-barn\/precaliber-24-8-speed-suspension-aloha-green\/","og_locale":"sv_SE","og_type":"article","og_title":"Precaliber 24 8-Speed Suspension, Aloha Green - VM Sport","og_description":"Kevyt runko, joustohaarukka, helppok\u00e4ytt\u00f6inen 8-vaihteinen voimansiirto ja lapsille sopivat jarrut tekev\u00e4t ajamisesta mukavaa ja turvallista. [...]L\u00e4s mer \u2026 from Precaliber 24 8-Speed Suspension, Aloha Green","og_url":"https:\/\/vmsport.fi\/sv\/webbutik\/cyklar\/barnomsorg\/24-tums-pyora-for-barn\/precaliber-24-8-speed-suspension-aloha-green\/","og_site_name":"VM Sport","article_publisher":"https:\/\/www.facebook.com\/Vmsport.fi\/","article_modified_time":"2026-04-01T00:00:22+00:00","og_image":[{"width":1000,"height":750,"url":"https:\/\/vmsport.fi\/wp-content\/uploads\/2025\/03\/Precaliber248speedSuspension-23-36846-D-Primary-1.jpg","type":"image\/jpeg"}],"twitter_card":"summary_large_image","schema":{"@context":"https:\/\/schema.org","@graph":[{"@type":["WebPage","ItemPage"],"@id":"https:\/\/vmsport.fi\/verkkokauppa\/polkupyorat\/lastenpyorat\/24-tuumaiset-lasten-pyora\/precaliber-24-8-speed-suspension-aloha-green\/","url":"https:\/\/vmsport.fi\/verkkokauppa\/polkupyorat\/lastenpyorat\/24-tuumaiset-lasten-pyora\/precaliber-24-8-speed-suspension-aloha-green\/","name":"Precaliber 24 8-Speed Suspension, Aloha Green - VM Sport","isPartOf":{"@id":"https:\/\/vmsport.fi\/#website"},"primaryImageOfPage":{"@id":"https:\/\/vmsport.fi\/verkkokauppa\/polkupyorat\/lastenpyorat\/24-tuumaiset-lasten-pyora\/precaliber-24-8-speed-suspension-aloha-green\/#primaryimage"},"image":{"@id":"https:\/\/vmsport.fi\/verkkokauppa\/polkupyorat\/lastenpyorat\/24-tuumaiset-lasten-pyora\/precaliber-24-8-speed-suspension-aloha-green\/#primaryimage"},"thumbnailUrl":"https:\/\/vmsport.fi\/wp-content\/uploads\/2025\/03\/Precaliber248speedSuspension-23-36846-D-Primary-1.jpg","datePublished":"2025-03-05T21:52:41+00:00","dateModified":"2026-04-01T00:00:22+00:00","breadcrumb":{"@id":"https:\/\/vmsport.fi\/verkkokauppa\/polkupyorat\/lastenpyorat\/24-tuumaiset-lasten-pyora\/precaliber-24-8-speed-suspension-aloha-green\/#breadcrumb"},"inLanguage":"sv-SE","potentialAction":[{"@type":"ReadAction","target":["https:\/\/vmsport.fi\/verkkokauppa\/polkupyorat\/lastenpyorat\/24-tuumaiset-lasten-pyora\/precaliber-24-8-speed-suspension-aloha-green\/"]}]},{"@type":"ImageObject","inLanguage":"sv-SE","@id":"https:\/\/vmsport.fi\/verkkokauppa\/polkupyorat\/lastenpyorat\/24-tuumaiset-lasten-pyora\/precaliber-24-8-speed-suspension-aloha-green\/#primaryimage","url":"https:\/\/vmsport.fi\/wp-content\/uploads\/2025\/03\/Precaliber248speedSuspension-23-36846-D-Primary-1.jpg","contentUrl":"https:\/\/vmsport.fi\/wp-content\/uploads\/2025\/03\/Precaliber248speedSuspension-23-36846-D-Primary-1.jpg","width":1000,"height":750,"caption":"Precaliber248speedSuspension-23-36846-D-Primary"},{"@type":"BreadcrumbList","@id":"https:\/\/vmsport.fi\/verkkokauppa\/polkupyorat\/lastenpyorat\/24-tuumaiset-lasten-pyora\/precaliber-24-8-speed-suspension-aloha-green\/#breadcrumb","itemListElement":[{"@type":"ListItem","position":1,"name":"Etusivu","item":"https:\/\/vmsport.fi\/"},{"@type":"ListItem","position":2,"name":"Online Store","item":"https:\/\/vmsport.fi\/en\/online-store\/"},{"@type":"ListItem","position":3,"name":"Trek polkupy\u00f6r\u00e4t","item":"https:\/\/vmsport.fi\/sv\/merkki\/trek\/"},{"@type":"ListItem","position":4,"name":"Precaliber 24 8-Speed Suspension, Aloha Green"}]},{"@type":"WebSite","@id":"https:\/\/vmsport.fi\/#website","url":"https:\/\/vmsport.fi\/","name":"Vmsport","description":"Allt p\u00e5 ett st\u00e4lle f\u00f6r cykling","publisher":{"@id":"https:\/\/vmsport.fi\/#organization"},"potentialAction":[{"@type":"SearchAction","target":{"@type":"EntryPoint","urlTemplate":"https:\/\/vmsport.fi\/?s={search_term_string}"},"query-input":{"@type":"PropertyValueSpecification","valueRequired":true,"valueName":"search_term_string"}}],"inLanguage":"sv-SE"},{"@type":"Organization","@id":"https:\/\/vmsport.fi\/#organization","name":"Vmsport","url":"https:\/\/vmsport.fi\/","logo":{"@type":"ImageObject","inLanguage":"sv-SE","@id":"https:\/\/vmsport.fi\/#\/schema\/logo\/image\/","url":"https:\/\/vmsport.fi\/wp-content\/uploads\/2024\/12\/vm_sport_RGB_horisontal-e1734526017575.png","contentUrl":"https:\/\/vmsport.fi\/wp-content\/uploads\/2024\/12\/vm_sport_RGB_horisontal-e1734526017575.png","width":668,"height":85,"caption":"Vmsport"},"image":{"@id":"https:\/\/vmsport.fi\/#\/schema\/logo\/image\/"},"sameAs":["https:\/\/www.facebook.com\/Vmsport.fi\/","https:\/\/www.instagram.com\/vmsport\/"]}]}},"global_unique_id":"","_links":{"self":[{"href":"https:\/\/vmsport.fi\/sv\/wp-json\/wp\/v2\/product\/54343","targetHints":{"allow":["GET"]}}],"collection":[{"href":"https:\/\/vmsport.fi\/sv\/wp-json\/wp\/v2\/product"}],"about":[{"href":"https:\/\/vmsport.fi\/sv\/wp-json\/wp\/v2\/types\/product"}],"replies":[{"embeddable":true,"href":"https:\/\/vmsport.fi\/sv\/wp-json\/wp\/v2\/comments?post=54343"}],"wp:featuredmedia":[{"embeddable":true,"href":"https:\/\/vmsport.fi\/sv\/wp-json\/wp\/v2\/media\/54342"}],"wp:attachment":[{"href":"https:\/\/vmsport.fi\/sv\/wp-json\/wp\/v2\/media?parent=54343"}],"wp:term":[{"taxonomy":"product_brand","embeddable":true,"href":"https:\/\/vmsport.fi\/sv\/wp-json\/wp\/v2\/product_brand?post=54343"},{"taxonomy":"product_model","embeddable":true,"href":"https:\/\/vmsport.fi\/sv\/wp-json\/wp\/v2\/product_model?post=54343"},{"taxonomy":"product_cat","embeddable":true,"href":"https:\/\/vmsport.fi\/sv\/wp-json\/wp\/v2\/product_cat?post=54343"},{"taxonomy":"product_tag","embeddable":true,"href":"https:\/\/vmsport.fi\/sv\/wp-json\/wp\/v2\/product_tag?post=54343"},{"taxonomy":"industry_terminology","embeddable":true,"href":"https:\/\/vmsport.fi\/sv\/wp-json\/wp\/v2\/industry-terminology?post=54343"}],"curies":[{"name":"wp","href":"https:\/\/api.w.org\/{rel}","templated":true}]}}