{"id":54339,"date":"2025-03-05T23:52:39","date_gmt":"2025-03-05T21:52:39","guid":{"rendered":"https:\/\/vmsport.fi\/verkkokauppa\/Ei-luokiteltu\/muc-off-all-weather-lube-50ml\/"},"modified":"2026-04-02T15:45:35","modified_gmt":"2026-04-02T12:45:35","slug":"muc-off-all-weather-lube-50ml","status":"publish","type":"product","link":"https:\/\/vmsport.fi\/sv\/verkkokauppa\/tarvikkeet\/huolto-ja-pesu\/voiteluaineet\/muc-off-all-weather-lube-50ml\/","title":{"rendered":"MUC-OFF All Weather Lube 50ml"},"content":{"rendered":"<p>MUC-OFF All-Weather Lube on huippulaatuinen synteettinen voiteluaine, joka on suunniteltu kest\u00e4m\u00e4\u00e4n pitk\u00e4kestoista k\u00e4ytt\u00f6\u00e4 kaikissa s\u00e4\u00e4olosuhteissa. Sen edistynyt vett\u00e4 hylkiv\u00e4 ja roiskesuojattu koostumus tunkeutuu syv\u00e4lle ketjun linkkeihin, muodostaen kest\u00e4v\u00e4n suojakerroksen, joka est\u00e4\u00e4 korroosiota ja kulumista. Se sopii erinomaisesti moniin py\u00f6r\u00e4ilylajeihin, kuten maasto-, maantie- ja cyclocross-py\u00f6r\u00e4ilyyn, tarjoten optimaalista suojaa likaa vastaan. Voimakkaasti kitkaa v\u00e4hent\u00e4v\u00e4n vaikutuksensa ansiosta se parantaa py\u00f6r\u00e4n suorituskyky\u00e4 ja mahdollistaa hiljaisen vaihteenvaihdon. Voiteluainetta voidaan k\u00e4ytt\u00e4\u00e4 ketjujen, vaijereiden, vaihtajien, polkimien ja lukkopolkimien voiteluun. Tuotteessa on annostelun tarkkuutta varten pipettij\u00e4rjestelm\u00e4 ja UV-v\u00e4riaine, joka takaa kattavan levityksen. Lis\u00e4ksi se on biologisesti hajoava, mik\u00e4 korostaa sen ymp\u00e4rist\u00f6yst\u00e4v\u00e4llisyytt\u00e4. Helppok\u00e4ytt\u00f6inen, tehokas ja monipuolinen valinta, joka pit\u00e4\u00e4 py\u00f6r\u00e4si osat suojattuina kaikissa olosuhteissa.<\/p>","protected":false},"excerpt":{"rendered":"<p>MUC-OFF All-Weather Lube on huippulaatuinen synteettinen voiteluaine, joka on suunniteltu kest\u00e4m\u00e4\u00e4n pitk\u00e4kestoista k\u00e4ytt\u00f6\u00e4 kaikissa s\u00e4\u00e4olosuhteissa. Sen edistynyt vett\u00e4 hylkiv\u00e4 ja roiskesuojattu koostumus tunkeutuu syv\u00e4lle ketjun linkkeihin, muodostaen kest\u00e4v\u00e4n suojakerroksen, joka est\u00e4\u00e4 korroosiota ja kulumista. Se sopii erinomaisesti moniin py\u00f6r\u00e4ilylajeihin, kuten maasto-, maantie- ja cyclocross-py\u00f6r\u00e4ilyyn, tarjoten optimaalista suojaa likaa vastaan. Voimakkaasti kitkaa v\u00e4hent\u00e4v\u00e4n vaikutuksensa ansiosta se [&#8230;]<\/p>\n<p><a class=\"btn btn-secondary understrap-read-more-link\" href=\"https:\/\/vmsport.fi\/sv\/verkkokauppa\/tarvikkeet\/huolto-ja-pesu\/voiteluaineet\/muc-off-all-weather-lube-50ml\/\">L\u00e4s mer \u2026<span class=\"screen-reader-text\"> from MUC-OFF All Weather Lube 50ml<\/span><\/a><\/p>\n","protected":false},"featured_media":54338,"comment_status":"open","ping_status":"closed","template":"","meta":{"_acf_changed":false,"_improvement_type_select":"improve_an_existing","_thumb_yes_seoaic":false,"_frame_yes_seoaic":false,"seoaic_generate_description":"","seoaic_improve_instructions_prompt":"","seoaic_rollback_content_improvement":"","seoaic_idea_thumbnail_generator":"","thumbnail_generated":false,"thumbnail_generate_prompt":"","seoaic_article_description":"","_supplier_stock_quantity":0},"product_brand":[1584],"product_model":[],"product_cat":[9362],"product_tag":[],"industry-terminology":[],"class_list":{"0":"post-54339","1":"product","2":"type-product","3":"status-publish","4":"has-post-thumbnail","6":"product_brand-muc-off","7":"product_cat-voiteluaineet","9":"first","10":"instock","11":"taxable","12":"shipping-taxable","13":"purchasable","14":"product-type-simple"},"acf":{"bike_features":null,"overview":{"copy_overview":null,"key_features":null,"statement":"","youtube_url":""}},"yoast_head":"<!-- This site is optimized with the Yoast SEO plugin v27.3 - https:\/\/yoast.com\/product\/yoast-seo-wordpress\/ -->\n<title>MUC-OFF All Weather Lube 50ml - VM Sport<\/title>\n<meta name=\"robots\" content=\"index, follow, max-snippet:-1, max-image-preview:large, max-video-preview:-1\" \/>\n<link rel=\"canonical\" href=\"https:\/\/vmsport.fi\/sv\/webbutik\/tillbehor\/underhall-och-tvatt\/smorjmedel\/muc-off-all-weather-lube-50ml\/\" \/>\n<meta property=\"og:locale\" content=\"sv_SE\" \/>\n<meta property=\"og:type\" content=\"article\" \/>\n<meta property=\"og:title\" content=\"MUC-OFF All Weather Lube 50ml - VM Sport\" \/>\n<meta property=\"og:description\" content=\"MUC-OFF All-Weather Lube on huippulaatuinen synteettinen voiteluaine, joka on suunniteltu kest\u00e4m\u00e4\u00e4n pitk\u00e4kestoista k\u00e4ytt\u00f6\u00e4 kaikissa s\u00e4\u00e4olosuhteissa. Sen edistynyt vett\u00e4 hylkiv\u00e4 ja roiskesuojattu koostumus tunkeutuu syv\u00e4lle ketjun linkkeihin, muodostaen kest\u00e4v\u00e4n suojakerroksen, joka est\u00e4\u00e4 korroosiota ja kulumista. Se sopii erinomaisesti moniin py\u00f6r\u00e4ilylajeihin, kuten maasto-, maantie- ja cyclocross-py\u00f6r\u00e4ilyyn, tarjoten optimaalista suojaa likaa vastaan. Voimakkaasti kitkaa v\u00e4hent\u00e4v\u00e4n vaikutuksensa ansiosta se [...]L\u00e4s mer \u2026 from MUC-OFF All Weather Lube 50ml\" \/>\n<meta property=\"og:url\" content=\"https:\/\/vmsport.fi\/sv\/webbutik\/tillbehor\/underhall-och-tvatt\/smorjmedel\/muc-off-all-weather-lube-50ml\/\" \/>\n<meta property=\"og:site_name\" content=\"VM Sport\" \/>\n<meta property=\"article:publisher\" content=\"https:\/\/www.facebook.com\/Vmsport.fi\/\" \/>\n<meta property=\"article:modified_time\" content=\"2026-04-02T12:45:35+00:00\" \/>\n<meta property=\"og:image\" content=\"https:\/\/vmsport.fi\/wp-content\/uploads\/2025\/03\/20906-large-1.jpg\" \/>\n\t<meta property=\"og:image:width\" content=\"1000\" \/>\n\t<meta property=\"og:image:height\" content=\"750\" \/>\n\t<meta property=\"og:image:type\" content=\"image\/jpeg\" \/>\n<meta name=\"twitter:card\" content=\"summary_large_image\" \/>\n<meta name=\"twitter:label1\" content=\"Ber\u00e4knad l\u00e4stid\" \/>\n\t<meta name=\"twitter:data1\" content=\"1 minut\" \/>\n<script type=\"application\/ld+json\" class=\"yoast-schema-graph\">{\"@context\":\"https:\\\/\\\/schema.org\",\"@graph\":[{\"@type\":[\"WebPage\",\"ItemPage\"],\"@id\":\"https:\\\/\\\/vmsport.fi\\\/verkkokauppa\\\/tarvikkeet\\\/huolto-ja-pesu\\\/voiteluaineet\\\/muc-off-all-weather-lube-50ml\\\/\",\"url\":\"https:\\\/\\\/vmsport.fi\\\/verkkokauppa\\\/tarvikkeet\\\/huolto-ja-pesu\\\/voiteluaineet\\\/muc-off-all-weather-lube-50ml\\\/\",\"name\":\"MUC-OFF All Weather Lube 50ml - VM Sport\",\"isPartOf\":{\"@id\":\"https:\\\/\\\/vmsport.fi\\\/#website\"},\"primaryImageOfPage\":{\"@id\":\"https:\\\/\\\/vmsport.fi\\\/verkkokauppa\\\/tarvikkeet\\\/huolto-ja-pesu\\\/voiteluaineet\\\/muc-off-all-weather-lube-50ml\\\/#primaryimage\"},\"image\":{\"@id\":\"https:\\\/\\\/vmsport.fi\\\/verkkokauppa\\\/tarvikkeet\\\/huolto-ja-pesu\\\/voiteluaineet\\\/muc-off-all-weather-lube-50ml\\\/#primaryimage\"},\"thumbnailUrl\":\"https:\\\/\\\/vmsport.fi\\\/wp-content\\\/uploads\\\/2025\\\/03\\\/20906-large-1.jpg\",\"datePublished\":\"2025-03-05T21:52:39+00:00\",\"dateModified\":\"2026-04-02T12:45:35+00:00\",\"breadcrumb\":{\"@id\":\"https:\\\/\\\/vmsport.fi\\\/verkkokauppa\\\/tarvikkeet\\\/huolto-ja-pesu\\\/voiteluaineet\\\/muc-off-all-weather-lube-50ml\\\/#breadcrumb\"},\"inLanguage\":\"sv-SE\",\"potentialAction\":[{\"@type\":\"ReadAction\",\"target\":[\"https:\\\/\\\/vmsport.fi\\\/verkkokauppa\\\/tarvikkeet\\\/huolto-ja-pesu\\\/voiteluaineet\\\/muc-off-all-weather-lube-50ml\\\/\"]}]},{\"@type\":\"ImageObject\",\"inLanguage\":\"sv-SE\",\"@id\":\"https:\\\/\\\/vmsport.fi\\\/verkkokauppa\\\/tarvikkeet\\\/huolto-ja-pesu\\\/voiteluaineet\\\/muc-off-all-weather-lube-50ml\\\/#primaryimage\",\"url\":\"https:\\\/\\\/vmsport.fi\\\/wp-content\\\/uploads\\\/2025\\\/03\\\/20906-large-1.jpg\",\"contentUrl\":\"https:\\\/\\\/vmsport.fi\\\/wp-content\\\/uploads\\\/2025\\\/03\\\/20906-large-1.jpg\",\"width\":1000,\"height\":750,\"caption\":\"20906-large\"},{\"@type\":\"BreadcrumbList\",\"@id\":\"https:\\\/\\\/vmsport.fi\\\/verkkokauppa\\\/tarvikkeet\\\/huolto-ja-pesu\\\/voiteluaineet\\\/muc-off-all-weather-lube-50ml\\\/#breadcrumb\",\"itemListElement\":[{\"@type\":\"ListItem\",\"position\":1,\"name\":\"Etusivu\",\"item\":\"https:\\\/\\\/vmsport.fi\\\/\"},{\"@type\":\"ListItem\",\"position\":2,\"name\":\"Online Store\",\"item\":\"https:\\\/\\\/vmsport.fi\\\/en\\\/online-store\\\/\"},{\"@type\":\"ListItem\",\"position\":3,\"name\":\"MUC-OFF All Weather Lube 50ml\"}]},{\"@type\":\"WebSite\",\"@id\":\"https:\\\/\\\/vmsport.fi\\\/#website\",\"url\":\"https:\\\/\\\/vmsport.fi\\\/\",\"name\":\"Vmsport\",\"description\":\"Kaikki py\u00f6r\u00e4ilyyn yhdest\u00e4 paikasta\",\"publisher\":{\"@id\":\"https:\\\/\\\/vmsport.fi\\\/#organization\"},\"potentialAction\":[{\"@type\":\"SearchAction\",\"target\":{\"@type\":\"EntryPoint\",\"urlTemplate\":\"https:\\\/\\\/vmsport.fi\\\/?s={search_term_string}\"},\"query-input\":{\"@type\":\"PropertyValueSpecification\",\"valueRequired\":true,\"valueName\":\"search_term_string\"}}],\"inLanguage\":\"sv-SE\"},{\"@type\":\"Organization\",\"@id\":\"https:\\\/\\\/vmsport.fi\\\/#organization\",\"name\":\"Vmsport\",\"url\":\"https:\\\/\\\/vmsport.fi\\\/\",\"logo\":{\"@type\":\"ImageObject\",\"inLanguage\":\"sv-SE\",\"@id\":\"https:\\\/\\\/vmsport.fi\\\/#\\\/schema\\\/logo\\\/image\\\/\",\"url\":\"https:\\\/\\\/vmsport.fi\\\/wp-content\\\/uploads\\\/2024\\\/12\\\/vm_sport_RGB_horisontal-e1734526017575.png\",\"contentUrl\":\"https:\\\/\\\/vmsport.fi\\\/wp-content\\\/uploads\\\/2024\\\/12\\\/vm_sport_RGB_horisontal-e1734526017575.png\",\"width\":668,\"height\":85,\"caption\":\"Vmsport\"},\"image\":{\"@id\":\"https:\\\/\\\/vmsport.fi\\\/#\\\/schema\\\/logo\\\/image\\\/\"},\"sameAs\":[\"https:\\\/\\\/www.facebook.com\\\/Vmsport.fi\\\/\",\"https:\\\/\\\/www.instagram.com\\\/vmsport\\\/\"]}]}<\/script>\n<!-- \/ Yoast SEO plugin. -->","yoast_head_json":{"title":"MUC-OFF All Weather Lube 50ml - VM Sport","robots":{"index":"index","follow":"follow","max-snippet":"max-snippet:-1","max-image-preview":"max-image-preview:large","max-video-preview":"max-video-preview:-1"},"canonical":"https:\/\/vmsport.fi\/sv\/webbutik\/tillbehor\/underhall-och-tvatt\/smorjmedel\/muc-off-all-weather-lube-50ml\/","og_locale":"sv_SE","og_type":"article","og_title":"MUC-OFF All Weather Lube 50ml - VM Sport","og_description":"MUC-OFF All-Weather Lube on huippulaatuinen synteettinen voiteluaine, joka on suunniteltu kest\u00e4m\u00e4\u00e4n pitk\u00e4kestoista k\u00e4ytt\u00f6\u00e4 kaikissa s\u00e4\u00e4olosuhteissa. Sen edistynyt vett\u00e4 hylkiv\u00e4 ja roiskesuojattu koostumus tunkeutuu syv\u00e4lle ketjun linkkeihin, muodostaen kest\u00e4v\u00e4n suojakerroksen, joka est\u00e4\u00e4 korroosiota ja kulumista. Se sopii erinomaisesti moniin py\u00f6r\u00e4ilylajeihin, kuten maasto-, maantie- ja cyclocross-py\u00f6r\u00e4ilyyn, tarjoten optimaalista suojaa likaa vastaan. Voimakkaasti kitkaa v\u00e4hent\u00e4v\u00e4n vaikutuksensa ansiosta se [...]L\u00e4s mer \u2026 from MUC-OFF All Weather Lube 50ml","og_url":"https:\/\/vmsport.fi\/sv\/webbutik\/tillbehor\/underhall-och-tvatt\/smorjmedel\/muc-off-all-weather-lube-50ml\/","og_site_name":"VM Sport","article_publisher":"https:\/\/www.facebook.com\/Vmsport.fi\/","article_modified_time":"2026-04-02T12:45:35+00:00","og_image":[{"width":1000,"height":750,"url":"https:\/\/vmsport.fi\/wp-content\/uploads\/2025\/03\/20906-large-1.jpg","type":"image\/jpeg"}],"twitter_card":"summary_large_image","twitter_misc":{"Ber\u00e4knad l\u00e4stid":"1 minut"},"schema":{"@context":"https:\/\/schema.org","@graph":[{"@type":["WebPage","ItemPage"],"@id":"https:\/\/vmsport.fi\/verkkokauppa\/tarvikkeet\/huolto-ja-pesu\/voiteluaineet\/muc-off-all-weather-lube-50ml\/","url":"https:\/\/vmsport.fi\/verkkokauppa\/tarvikkeet\/huolto-ja-pesu\/voiteluaineet\/muc-off-all-weather-lube-50ml\/","name":"MUC-OFF All Weather Lube 50ml - VM Sport","isPartOf":{"@id":"https:\/\/vmsport.fi\/#website"},"primaryImageOfPage":{"@id":"https:\/\/vmsport.fi\/verkkokauppa\/tarvikkeet\/huolto-ja-pesu\/voiteluaineet\/muc-off-all-weather-lube-50ml\/#primaryimage"},"image":{"@id":"https:\/\/vmsport.fi\/verkkokauppa\/tarvikkeet\/huolto-ja-pesu\/voiteluaineet\/muc-off-all-weather-lube-50ml\/#primaryimage"},"thumbnailUrl":"https:\/\/vmsport.fi\/wp-content\/uploads\/2025\/03\/20906-large-1.jpg","datePublished":"2025-03-05T21:52:39+00:00","dateModified":"2026-04-02T12:45:35+00:00","breadcrumb":{"@id":"https:\/\/vmsport.fi\/verkkokauppa\/tarvikkeet\/huolto-ja-pesu\/voiteluaineet\/muc-off-all-weather-lube-50ml\/#breadcrumb"},"inLanguage":"sv-SE","potentialAction":[{"@type":"ReadAction","target":["https:\/\/vmsport.fi\/verkkokauppa\/tarvikkeet\/huolto-ja-pesu\/voiteluaineet\/muc-off-all-weather-lube-50ml\/"]}]},{"@type":"ImageObject","inLanguage":"sv-SE","@id":"https:\/\/vmsport.fi\/verkkokauppa\/tarvikkeet\/huolto-ja-pesu\/voiteluaineet\/muc-off-all-weather-lube-50ml\/#primaryimage","url":"https:\/\/vmsport.fi\/wp-content\/uploads\/2025\/03\/20906-large-1.jpg","contentUrl":"https:\/\/vmsport.fi\/wp-content\/uploads\/2025\/03\/20906-large-1.jpg","width":1000,"height":750,"caption":"20906-large"},{"@type":"BreadcrumbList","@id":"https:\/\/vmsport.fi\/verkkokauppa\/tarvikkeet\/huolto-ja-pesu\/voiteluaineet\/muc-off-all-weather-lube-50ml\/#breadcrumb","itemListElement":[{"@type":"ListItem","position":1,"name":"Etusivu","item":"https:\/\/vmsport.fi\/"},{"@type":"ListItem","position":2,"name":"Online Store","item":"https:\/\/vmsport.fi\/en\/online-store\/"},{"@type":"ListItem","position":3,"name":"MUC-OFF All Weather Lube 50ml"}]},{"@type":"WebSite","@id":"https:\/\/vmsport.fi\/#website","url":"https:\/\/vmsport.fi\/","name":"Vmsport","description":"Allt p\u00e5 ett st\u00e4lle f\u00f6r cykling","publisher":{"@id":"https:\/\/vmsport.fi\/#organization"},"potentialAction":[{"@type":"SearchAction","target":{"@type":"EntryPoint","urlTemplate":"https:\/\/vmsport.fi\/?s={search_term_string}"},"query-input":{"@type":"PropertyValueSpecification","valueRequired":true,"valueName":"search_term_string"}}],"inLanguage":"sv-SE"},{"@type":"Organization","@id":"https:\/\/vmsport.fi\/#organization","name":"Vmsport","url":"https:\/\/vmsport.fi\/","logo":{"@type":"ImageObject","inLanguage":"sv-SE","@id":"https:\/\/vmsport.fi\/#\/schema\/logo\/image\/","url":"https:\/\/vmsport.fi\/wp-content\/uploads\/2024\/12\/vm_sport_RGB_horisontal-e1734526017575.png","contentUrl":"https:\/\/vmsport.fi\/wp-content\/uploads\/2024\/12\/vm_sport_RGB_horisontal-e1734526017575.png","width":668,"height":85,"caption":"Vmsport"},"image":{"@id":"https:\/\/vmsport.fi\/#\/schema\/logo\/image\/"},"sameAs":["https:\/\/www.facebook.com\/Vmsport.fi\/","https:\/\/www.instagram.com\/vmsport\/"]}]}},"global_unique_id":"","_links":{"self":[{"href":"https:\/\/vmsport.fi\/sv\/wp-json\/wp\/v2\/product\/54339","targetHints":{"allow":["GET"]}}],"collection":[{"href":"https:\/\/vmsport.fi\/sv\/wp-json\/wp\/v2\/product"}],"about":[{"href":"https:\/\/vmsport.fi\/sv\/wp-json\/wp\/v2\/types\/product"}],"replies":[{"embeddable":true,"href":"https:\/\/vmsport.fi\/sv\/wp-json\/wp\/v2\/comments?post=54339"}],"wp:featuredmedia":[{"embeddable":true,"href":"https:\/\/vmsport.fi\/sv\/wp-json\/wp\/v2\/media\/54338"}],"wp:attachment":[{"href":"https:\/\/vmsport.fi\/sv\/wp-json\/wp\/v2\/media?parent=54339"}],"wp:term":[{"taxonomy":"product_brand","embeddable":true,"href":"https:\/\/vmsport.fi\/sv\/wp-json\/wp\/v2\/product_brand?post=54339"},{"taxonomy":"product_model","embeddable":true,"href":"https:\/\/vmsport.fi\/sv\/wp-json\/wp\/v2\/product_model?post=54339"},{"taxonomy":"product_cat","embeddable":true,"href":"https:\/\/vmsport.fi\/sv\/wp-json\/wp\/v2\/product_cat?post=54339"},{"taxonomy":"product_tag","embeddable":true,"href":"https:\/\/vmsport.fi\/sv\/wp-json\/wp\/v2\/product_tag?post=54339"},{"taxonomy":"industry_terminology","embeddable":true,"href":"https:\/\/vmsport.fi\/sv\/wp-json\/wp\/v2\/industry-terminology?post=54339"}],"curies":[{"name":"wp","href":"https:\/\/api.w.org\/{rel}","templated":true}]}}