{"id":54337,"date":"2025-03-05T23:52:37","date_gmt":"2025-03-05T21:52:37","guid":{"rendered":"https:\/\/vmsport.fi\/verkkokauppa\/Ei-luokiteltu\/takakiekko-24-18-507-shimano-1v-alex-ace-17-koneistettu-musta\/"},"modified":"2026-01-16T13:26:23","modified_gmt":"2026-01-16T11:26:23","slug":"bakhjul-24-18-507-shimano-1v-alex-ace-17-maskinbearbetad-svart","status":"publish","type":"product","link":"https:\/\/vmsport.fi\/sv\/verkkokauppa\/varaosat\/kiekot-ja-navat\/takakiekot\/takakiekko-24-18-507-shimano-1v-alex-ace-17-koneistettu-musta\/","title":{"rendered":"Bakhjul 24\u2033 18-507 SHIMANO 1v, Alex ACE 17 maskinbearbetat, svart"},"content":{"rendered":"<p>Det 24 tum stora bakhjulet kombinerar praktisk funktion och effektivitet. Det \u00e4r utrustat med ett SHIMANO single-speed-nav och ett 20-tandat vevparti. Alex ACE 17-f\u00e4lgen har en dubbelskiktskonstruktion och en maskinbearbetad bromsyta f\u00f6r h\u00e5llbarhet och utm\u00e4rkt bromsprestanda. F\u00e4lgen \u00e4r svart och \u00e4r det perfekta valet n\u00e4r du letar efter en p\u00e5litlig cykell\u00f6sning. Den medf\u00f6ljande bromshandtaget, l\u00e5sh\u00e5rdvaran och bultarna g\u00f6r installationen till en barnlek. Hjulet har 36 Sapim Leader-m\u00f6nster med en klar ytfinish f\u00f6r extra stil och robusthet.<\/p>","protected":false},"excerpt":{"rendered":"<p>24-tuumainen takapy\u00f6r\u00e4 yhdist\u00e4\u00e4 k\u00e4yt\u00e4nn\u00f6llisyyden ja tehokkuuden. Se on varustettu SHIMANO:n yksivaihteisella navalla ja 20-hampaisella rattaalla. Alex ACE 17 -vanteessa on kaksikerroksinen rakenne ja koneistettu jarrutuspinta, mik\u00e4 takaa kest\u00e4vyyden ja erinomaisen jarrutustehon. Mustaksi viimeistelty py\u00f6r\u00e4 on t\u00e4ydellinen valinta, kun etsit luotettavaa ratkaisua ajamiseen. Mukana tulevat jarruvarsi, lukitustarvikkeet ja pultit tekev\u00e4t asentamisesta helppoa. Py\u00f6r\u00e4ss\u00e4 on 36 Sapim [&#8230;]<\/p>\n<p><a class=\"btn btn-secondary understrap-read-more-link\" href=\"https:\/\/vmsport.fi\/sv\/verkkokauppa\/varaosat\/kiekot-ja-navat\/takakiekot\/takakiekko-24-18-507-shimano-1v-alex-ace-17-koneistettu-musta\/\">L\u00e4s mer \u2026<span class=\"screen-reader-text\"> from Takakiekko 24&#8243; 18-507 SHIMANO 1v, Alex ACE 17 koneistettu, musta<\/span><\/a><\/p>\n","protected":false},"featured_media":54336,"comment_status":"open","ping_status":"closed","template":"","meta":{"_acf_changed":false,"_improvement_type_select":"improve_an_existing","_thumb_yes_seoaic":false,"_frame_yes_seoaic":false,"seoaic_generate_description":"","seoaic_improve_instructions_prompt":"","seoaic_rollback_content_improvement":"","seoaic_idea_thumbnail_generator":"","thumbnail_generated":false,"thumbnail_generate_prompt":"","seoaic_article_description":"","_supplier_stock_quantity":0},"product_brand":[],"product_model":[],"product_cat":[9486],"product_tag":[],"industry-terminology":[],"class_list":{"0":"post-54337","1":"product","2":"type-product","3":"status-publish","4":"has-post-thumbnail","6":"product_cat-takakiekot","8":"first","9":"outofstock","10":"taxable","11":"shipping-taxable","12":"product-type-simple"},"acf":{"bike_features":null,"overview":{"copy_overview":null,"key_features":null,"statement":"","youtube_url":""}},"yoast_head":"<!-- This site is optimized with the Yoast SEO plugin v27.3 - https:\/\/yoast.com\/product\/yoast-seo-wordpress\/ -->\n<title>Takakiekko 24&quot; 18-507 SHIMANO 1v, Alex ACE 17 koneistettu, musta - VM Sport<\/title>\n<meta name=\"robots\" content=\"index, follow, max-snippet:-1, max-image-preview:large, max-video-preview:-1\" \/>\n<link rel=\"canonical\" href=\"https:\/\/vmsport.fi\/sv\/webbutik\/reservdelar\/skivor-och-nav\/bakgrund\/bakhjul-24-18-507-shimano-1v-alex-ace-17-maskinbearbetad-svart\/\" \/>\n<meta property=\"og:locale\" content=\"sv_SE\" \/>\n<meta property=\"og:type\" content=\"article\" \/>\n<meta property=\"og:title\" content=\"Takakiekko 24&quot; 18-507 SHIMANO 1v, Alex ACE 17 koneistettu, musta - VM Sport\" \/>\n<meta property=\"og:description\" content=\"24-tuumainen takapy\u00f6r\u00e4 yhdist\u00e4\u00e4 k\u00e4yt\u00e4nn\u00f6llisyyden ja tehokkuuden. Se on varustettu SHIMANO:n yksivaihteisella navalla ja 20-hampaisella rattaalla. Alex ACE 17 -vanteessa on kaksikerroksinen rakenne ja koneistettu jarrutuspinta, mik\u00e4 takaa kest\u00e4vyyden ja erinomaisen jarrutustehon. Mustaksi viimeistelty py\u00f6r\u00e4 on t\u00e4ydellinen valinta, kun etsit luotettavaa ratkaisua ajamiseen. Mukana tulevat jarruvarsi, lukitustarvikkeet ja pultit tekev\u00e4t asentamisesta helppoa. Py\u00f6r\u00e4ss\u00e4 on 36 Sapim [...]L\u00e4s mer \u2026 from Takakiekko 24&#8243; 18-507 SHIMANO 1v, Alex ACE 17 koneistettu, musta\" \/>\n<meta property=\"og:url\" content=\"https:\/\/vmsport.fi\/sv\/webbutik\/reservdelar\/skivor-och-nav\/bakgrund\/bakhjul-24-18-507-shimano-1v-alex-ace-17-maskinbearbetad-svart\/\" \/>\n<meta property=\"og:site_name\" content=\"VM Sport\" \/>\n<meta property=\"article:publisher\" content=\"https:\/\/www.facebook.com\/Vmsport.fi\/\" \/>\n<meta property=\"article:modified_time\" content=\"2026-01-16T11:26:23+00:00\" \/>\n<meta property=\"og:image\" content=\"https:\/\/vmsport.fi\/wp-content\/uploads\/2025\/03\/59064-5-1.jpg\" \/>\n\t<meta property=\"og:image:width\" content=\"1000\" \/>\n\t<meta property=\"og:image:height\" content=\"1000\" \/>\n\t<meta property=\"og:image:type\" content=\"image\/jpeg\" \/>\n<meta name=\"twitter:card\" content=\"summary_large_image\" \/>\n<script type=\"application\/ld+json\" class=\"yoast-schema-graph\">{\"@context\":\"https:\\\/\\\/schema.org\",\"@graph\":[{\"@type\":[\"WebPage\",\"ItemPage\"],\"@id\":\"https:\\\/\\\/vmsport.fi\\\/verkkokauppa\\\/varaosat\\\/kiekot-ja-navat\\\/takakiekot\\\/takakiekko-24-18-507-shimano-1v-alex-ace-17-koneistettu-musta\\\/\",\"url\":\"https:\\\/\\\/vmsport.fi\\\/verkkokauppa\\\/varaosat\\\/kiekot-ja-navat\\\/takakiekot\\\/takakiekko-24-18-507-shimano-1v-alex-ace-17-koneistettu-musta\\\/\",\"name\":\"Takakiekko 24\\\" 18-507 SHIMANO 1v, Alex ACE 17 koneistettu, musta - VM Sport\",\"isPartOf\":{\"@id\":\"https:\\\/\\\/vmsport.fi\\\/#website\"},\"primaryImageOfPage\":{\"@id\":\"https:\\\/\\\/vmsport.fi\\\/verkkokauppa\\\/varaosat\\\/kiekot-ja-navat\\\/takakiekot\\\/takakiekko-24-18-507-shimano-1v-alex-ace-17-koneistettu-musta\\\/#primaryimage\"},\"image\":{\"@id\":\"https:\\\/\\\/vmsport.fi\\\/verkkokauppa\\\/varaosat\\\/kiekot-ja-navat\\\/takakiekot\\\/takakiekko-24-18-507-shimano-1v-alex-ace-17-koneistettu-musta\\\/#primaryimage\"},\"thumbnailUrl\":\"https:\\\/\\\/vmsport.fi\\\/wp-content\\\/uploads\\\/2025\\\/03\\\/59064-5-1.jpg\",\"datePublished\":\"2025-03-05T21:52:37+00:00\",\"dateModified\":\"2026-01-16T11:26:23+00:00\",\"breadcrumb\":{\"@id\":\"https:\\\/\\\/vmsport.fi\\\/verkkokauppa\\\/varaosat\\\/kiekot-ja-navat\\\/takakiekot\\\/takakiekko-24-18-507-shimano-1v-alex-ace-17-koneistettu-musta\\\/#breadcrumb\"},\"inLanguage\":\"sv-SE\",\"potentialAction\":[{\"@type\":\"ReadAction\",\"target\":[\"https:\\\/\\\/vmsport.fi\\\/verkkokauppa\\\/varaosat\\\/kiekot-ja-navat\\\/takakiekot\\\/takakiekko-24-18-507-shimano-1v-alex-ace-17-koneistettu-musta\\\/\"]}]},{\"@type\":\"ImageObject\",\"inLanguage\":\"sv-SE\",\"@id\":\"https:\\\/\\\/vmsport.fi\\\/verkkokauppa\\\/varaosat\\\/kiekot-ja-navat\\\/takakiekot\\\/takakiekko-24-18-507-shimano-1v-alex-ace-17-koneistettu-musta\\\/#primaryimage\",\"url\":\"https:\\\/\\\/vmsport.fi\\\/wp-content\\\/uploads\\\/2025\\\/03\\\/59064-5-1.jpg\",\"contentUrl\":\"https:\\\/\\\/vmsport.fi\\\/wp-content\\\/uploads\\\/2025\\\/03\\\/59064-5-1.jpg\",\"width\":1000,\"height\":1000,\"caption\":\"59064-5\"},{\"@type\":\"BreadcrumbList\",\"@id\":\"https:\\\/\\\/vmsport.fi\\\/verkkokauppa\\\/varaosat\\\/kiekot-ja-navat\\\/takakiekot\\\/takakiekko-24-18-507-shimano-1v-alex-ace-17-koneistettu-musta\\\/#breadcrumb\",\"itemListElement\":[{\"@type\":\"ListItem\",\"position\":1,\"name\":\"Etusivu\",\"item\":\"https:\\\/\\\/vmsport.fi\\\/\"},{\"@type\":\"ListItem\",\"position\":2,\"name\":\"Online Store\",\"item\":\"https:\\\/\\\/vmsport.fi\\\/en\\\/online-store\\\/\"},{\"@type\":\"ListItem\",\"position\":3,\"name\":\"Takakiekko 24&#8243; 18-507 SHIMANO 1v, Alex ACE 17 koneistettu, musta\"}]},{\"@type\":\"WebSite\",\"@id\":\"https:\\\/\\\/vmsport.fi\\\/#website\",\"url\":\"https:\\\/\\\/vmsport.fi\\\/\",\"name\":\"Vmsport\",\"description\":\"Kaikki py\u00f6r\u00e4ilyyn yhdest\u00e4 paikasta\",\"publisher\":{\"@id\":\"https:\\\/\\\/vmsport.fi\\\/#organization\"},\"potentialAction\":[{\"@type\":\"SearchAction\",\"target\":{\"@type\":\"EntryPoint\",\"urlTemplate\":\"https:\\\/\\\/vmsport.fi\\\/?s={search_term_string}\"},\"query-input\":{\"@type\":\"PropertyValueSpecification\",\"valueRequired\":true,\"valueName\":\"search_term_string\"}}],\"inLanguage\":\"sv-SE\"},{\"@type\":\"Organization\",\"@id\":\"https:\\\/\\\/vmsport.fi\\\/#organization\",\"name\":\"Vmsport\",\"url\":\"https:\\\/\\\/vmsport.fi\\\/\",\"logo\":{\"@type\":\"ImageObject\",\"inLanguage\":\"sv-SE\",\"@id\":\"https:\\\/\\\/vmsport.fi\\\/#\\\/schema\\\/logo\\\/image\\\/\",\"url\":\"https:\\\/\\\/vmsport.fi\\\/wp-content\\\/uploads\\\/2024\\\/12\\\/vm_sport_RGB_horisontal-e1734526017575.png\",\"contentUrl\":\"https:\\\/\\\/vmsport.fi\\\/wp-content\\\/uploads\\\/2024\\\/12\\\/vm_sport_RGB_horisontal-e1734526017575.png\",\"width\":668,\"height\":85,\"caption\":\"Vmsport\"},\"image\":{\"@id\":\"https:\\\/\\\/vmsport.fi\\\/#\\\/schema\\\/logo\\\/image\\\/\"},\"sameAs\":[\"https:\\\/\\\/www.facebook.com\\\/Vmsport.fi\\\/\",\"https:\\\/\\\/www.instagram.com\\\/vmsport\\\/\"]}]}<\/script>\n<!-- \/ Yoast SEO plugin. -->","yoast_head_json":{"title":"Bakhjul 24\" 18-507 SHIMANO 1v, Alex ACE 17 maskinbearbetad, svart - VM Sport","robots":{"index":"index","follow":"follow","max-snippet":"max-snippet:-1","max-image-preview":"max-image-preview:large","max-video-preview":"max-video-preview:-1"},"canonical":"https:\/\/vmsport.fi\/sv\/webbutik\/reservdelar\/skivor-och-nav\/bakgrund\/bakhjul-24-18-507-shimano-1v-alex-ace-17-maskinbearbetad-svart\/","og_locale":"sv_SE","og_type":"article","og_title":"Takakiekko 24\" 18-507 SHIMANO 1v, Alex ACE 17 koneistettu, musta - VM Sport","og_description":"24-tuumainen takapy\u00f6r\u00e4 yhdist\u00e4\u00e4 k\u00e4yt\u00e4nn\u00f6llisyyden ja tehokkuuden. Se on varustettu SHIMANO:n yksivaihteisella navalla ja 20-hampaisella rattaalla. Alex ACE 17 -vanteessa on kaksikerroksinen rakenne ja koneistettu jarrutuspinta, mik\u00e4 takaa kest\u00e4vyyden ja erinomaisen jarrutustehon. Mustaksi viimeistelty py\u00f6r\u00e4 on t\u00e4ydellinen valinta, kun etsit luotettavaa ratkaisua ajamiseen. Mukana tulevat jarruvarsi, lukitustarvikkeet ja pultit tekev\u00e4t asentamisesta helppoa. Py\u00f6r\u00e4ss\u00e4 on 36 Sapim [...]L\u00e4s mer \u2026 from Takakiekko 24&#8243; 18-507 SHIMANO 1v, Alex ACE 17 koneistettu, musta","og_url":"https:\/\/vmsport.fi\/sv\/webbutik\/reservdelar\/skivor-och-nav\/bakgrund\/bakhjul-24-18-507-shimano-1v-alex-ace-17-maskinbearbetad-svart\/","og_site_name":"VM Sport","article_publisher":"https:\/\/www.facebook.com\/Vmsport.fi\/","article_modified_time":"2026-01-16T11:26:23+00:00","og_image":[{"width":1000,"height":1000,"url":"https:\/\/vmsport.fi\/wp-content\/uploads\/2025\/03\/59064-5-1.jpg","type":"image\/jpeg"}],"twitter_card":"summary_large_image","schema":{"@context":"https:\/\/schema.org","@graph":[{"@type":["WebPage","ItemPage"],"@id":"https:\/\/vmsport.fi\/verkkokauppa\/varaosat\/kiekot-ja-navat\/takakiekot\/takakiekko-24-18-507-shimano-1v-alex-ace-17-koneistettu-musta\/","url":"https:\/\/vmsport.fi\/verkkokauppa\/varaosat\/kiekot-ja-navat\/takakiekot\/takakiekko-24-18-507-shimano-1v-alex-ace-17-koneistettu-musta\/","name":"Bakhjul 24\" 18-507 SHIMANO 1v, Alex ACE 17 maskinbearbetad, svart - VM Sport","isPartOf":{"@id":"https:\/\/vmsport.fi\/#website"},"primaryImageOfPage":{"@id":"https:\/\/vmsport.fi\/verkkokauppa\/varaosat\/kiekot-ja-navat\/takakiekot\/takakiekko-24-18-507-shimano-1v-alex-ace-17-koneistettu-musta\/#primaryimage"},"image":{"@id":"https:\/\/vmsport.fi\/verkkokauppa\/varaosat\/kiekot-ja-navat\/takakiekot\/takakiekko-24-18-507-shimano-1v-alex-ace-17-koneistettu-musta\/#primaryimage"},"thumbnailUrl":"https:\/\/vmsport.fi\/wp-content\/uploads\/2025\/03\/59064-5-1.jpg","datePublished":"2025-03-05T21:52:37+00:00","dateModified":"2026-01-16T11:26:23+00:00","breadcrumb":{"@id":"https:\/\/vmsport.fi\/verkkokauppa\/varaosat\/kiekot-ja-navat\/takakiekot\/takakiekko-24-18-507-shimano-1v-alex-ace-17-koneistettu-musta\/#breadcrumb"},"inLanguage":"sv-SE","potentialAction":[{"@type":"ReadAction","target":["https:\/\/vmsport.fi\/verkkokauppa\/varaosat\/kiekot-ja-navat\/takakiekot\/takakiekko-24-18-507-shimano-1v-alex-ace-17-koneistettu-musta\/"]}]},{"@type":"ImageObject","inLanguage":"sv-SE","@id":"https:\/\/vmsport.fi\/verkkokauppa\/varaosat\/kiekot-ja-navat\/takakiekot\/takakiekko-24-18-507-shimano-1v-alex-ace-17-koneistettu-musta\/#primaryimage","url":"https:\/\/vmsport.fi\/wp-content\/uploads\/2025\/03\/59064-5-1.jpg","contentUrl":"https:\/\/vmsport.fi\/wp-content\/uploads\/2025\/03\/59064-5-1.jpg","width":1000,"height":1000,"caption":"59064-5"},{"@type":"BreadcrumbList","@id":"https:\/\/vmsport.fi\/verkkokauppa\/varaosat\/kiekot-ja-navat\/takakiekot\/takakiekko-24-18-507-shimano-1v-alex-ace-17-koneistettu-musta\/#breadcrumb","itemListElement":[{"@type":"ListItem","position":1,"name":"Etusivu","item":"https:\/\/vmsport.fi\/"},{"@type":"ListItem","position":2,"name":"Online Store","item":"https:\/\/vmsport.fi\/en\/online-store\/"},{"@type":"ListItem","position":3,"name":"Takakiekko 24&#8243; 18-507 SHIMANO 1v, Alex ACE 17 koneistettu, musta"}]},{"@type":"WebSite","@id":"https:\/\/vmsport.fi\/#website","url":"https:\/\/vmsport.fi\/","name":"Vmsport","description":"Allt p\u00e5 ett st\u00e4lle f\u00f6r cykling","publisher":{"@id":"https:\/\/vmsport.fi\/#organization"},"potentialAction":[{"@type":"SearchAction","target":{"@type":"EntryPoint","urlTemplate":"https:\/\/vmsport.fi\/?s={search_term_string}"},"query-input":{"@type":"PropertyValueSpecification","valueRequired":true,"valueName":"search_term_string"}}],"inLanguage":"sv-SE"},{"@type":"Organization","@id":"https:\/\/vmsport.fi\/#organization","name":"Vmsport","url":"https:\/\/vmsport.fi\/","logo":{"@type":"ImageObject","inLanguage":"sv-SE","@id":"https:\/\/vmsport.fi\/#\/schema\/logo\/image\/","url":"https:\/\/vmsport.fi\/wp-content\/uploads\/2024\/12\/vm_sport_RGB_horisontal-e1734526017575.png","contentUrl":"https:\/\/vmsport.fi\/wp-content\/uploads\/2024\/12\/vm_sport_RGB_horisontal-e1734526017575.png","width":668,"height":85,"caption":"Vmsport"},"image":{"@id":"https:\/\/vmsport.fi\/#\/schema\/logo\/image\/"},"sameAs":["https:\/\/www.facebook.com\/Vmsport.fi\/","https:\/\/www.instagram.com\/vmsport\/"]}]}},"global_unique_id":"","_links":{"self":[{"href":"https:\/\/vmsport.fi\/sv\/wp-json\/wp\/v2\/product\/54337","targetHints":{"allow":["GET"]}}],"collection":[{"href":"https:\/\/vmsport.fi\/sv\/wp-json\/wp\/v2\/product"}],"about":[{"href":"https:\/\/vmsport.fi\/sv\/wp-json\/wp\/v2\/types\/product"}],"replies":[{"embeddable":true,"href":"https:\/\/vmsport.fi\/sv\/wp-json\/wp\/v2\/comments?post=54337"}],"wp:featuredmedia":[{"embeddable":true,"href":"https:\/\/vmsport.fi\/sv\/wp-json\/wp\/v2\/media\/54336"}],"wp:attachment":[{"href":"https:\/\/vmsport.fi\/sv\/wp-json\/wp\/v2\/media?parent=54337"}],"wp:term":[{"taxonomy":"product_brand","embeddable":true,"href":"https:\/\/vmsport.fi\/sv\/wp-json\/wp\/v2\/product_brand?post=54337"},{"taxonomy":"product_model","embeddable":true,"href":"https:\/\/vmsport.fi\/sv\/wp-json\/wp\/v2\/product_model?post=54337"},{"taxonomy":"product_cat","embeddable":true,"href":"https:\/\/vmsport.fi\/sv\/wp-json\/wp\/v2\/product_cat?post=54337"},{"taxonomy":"product_tag","embeddable":true,"href":"https:\/\/vmsport.fi\/sv\/wp-json\/wp\/v2\/product_tag?post=54337"},{"taxonomy":"industry_terminology","embeddable":true,"href":"https:\/\/vmsport.fi\/sv\/wp-json\/wp\/v2\/industry-terminology?post=54337"}],"curies":[{"name":"wp","href":"https:\/\/api.w.org\/{rel}","templated":true}]}}