{"id":54335,"date":"2025-03-05T23:52:36","date_gmt":"2025-03-05T21:52:36","guid":{"rendered":"https:\/\/vmsport.fi\/verkkokauppa\/Ei-luokiteltu\/levyjarrusarja-m8000-taka-taka-resin\/"},"modified":"2026-01-16T13:22:44","modified_gmt":"2026-01-16T11:22:44","slug":"skivbromssats-m8000-bak-bakre-harts","status":"publish","type":"product","link":"https:\/\/vmsport.fi\/sv\/verkkokauppa\/varaosat\/jarrut\/levyjarrusetit\/levyjarrusarja-m8000-taka-taka-resin\/","title":{"rendered":"Skivbromssats M8000 bak bak, harts"},"content":{"rendered":"<p>Shimano Deore XT M8000, k\u00e4nd f\u00f6r sin h\u00f6ga prestanda, \u00e4r ett utm\u00e4rkt skivbromsset. Denna bakbroms \u00e4r s\u00e4rskilt utformad f\u00f6r kr\u00e4vande mountainbikecyklister och anv\u00e4nder en h\u00f6gpresterande bromsskiva av harts. Den innovativa designen s\u00e4kerst\u00e4ller tillf\u00f6rlitlig bromsprestanda, samtidigt som den ger en j\u00e4mn och kontrollerad k\u00f6rupplevelse. Shimano M8000 \u00e4r tillverkad av slitstarka material och hj\u00e4lper din cykel att stanna snabbt och s\u00e4kert.<\/p>","protected":false},"excerpt":{"rendered":"<p>Shimano Deore XT M8000, tunnettu korkeasta suorituskyvyst\u00e4\u00e4n, on erinomainen levyjarrusarja. T\u00e4m\u00e4 takajarru, joka on suunniteltu erityisesti vaativille maastopy\u00f6r\u00e4ilij\u00f6ille, k\u00e4ytt\u00e4\u00e4 tehokasta resiinijarrupalaa. Innovatiivinen muotoilu takaa luotettavan jarrutustehon, tarjoten samalla sujuvan ja hallitun ajokokemuksen. Shimano M8000:n, joka on valmistettu kest\u00e4vist\u00e4 materiaaleista, avulla py\u00f6r\u00e4si pys\u00e4htyy nopeasti ja turvallisesti. [&#8230;]<\/p>\n<p><a class=\"btn btn-secondary understrap-read-more-link\" href=\"https:\/\/vmsport.fi\/sv\/verkkokauppa\/varaosat\/jarrut\/levyjarrusetit\/levyjarrusarja-m8000-taka-taka-resin\/\">L\u00e4s mer \u2026<span class=\"screen-reader-text\"> from Levyjarrusarja M8000 taka taka, resin<\/span><\/a><\/p>\n","protected":false},"featured_media":54334,"comment_status":"open","ping_status":"closed","template":"","meta":{"_acf_changed":false,"_improvement_type_select":"improve_an_existing","_thumb_yes_seoaic":false,"_frame_yes_seoaic":false,"seoaic_generate_description":"","seoaic_improve_instructions_prompt":"","seoaic_rollback_content_improvement":"","seoaic_idea_thumbnail_generator":"","thumbnail_generated":false,"thumbnail_generate_prompt":"","seoaic_article_description":"","_supplier_stock_quantity":0},"product_brand":[],"product_model":[],"product_cat":[9354],"product_tag":[],"industry-terminology":[],"class_list":{"0":"post-54335","1":"product","2":"type-product","3":"status-publish","4":"has-post-thumbnail","6":"product_cat-levyjarrusetit","8":"first","9":"outofstock","10":"taxable","11":"shipping-taxable","12":"product-type-simple"},"acf":{"bike_features":null,"overview":{"copy_overview":null,"key_features":null,"statement":"","youtube_url":""}},"yoast_head":"<!-- This site is optimized with the Yoast SEO plugin v27.3 - https:\/\/yoast.com\/product\/yoast-seo-wordpress\/ -->\n<title>Levyjarrusarja M8000 taka taka, resin - VM Sport<\/title>\n<meta name=\"robots\" content=\"index, follow, max-snippet:-1, max-image-preview:large, max-video-preview:-1\" \/>\n<link rel=\"canonical\" href=\"https:\/\/vmsport.fi\/sv\/webbutik\/reservdelar\/bromsar\/skivbromsskivor\/skivbromssats-m8000-bak-bakre-harts\/\" \/>\n<meta property=\"og:locale\" content=\"sv_SE\" \/>\n<meta property=\"og:type\" content=\"article\" \/>\n<meta property=\"og:title\" content=\"Levyjarrusarja M8000 taka taka, resin - VM Sport\" \/>\n<meta property=\"og:description\" content=\"Shimano Deore XT M8000, tunnettu korkeasta suorituskyvyst\u00e4\u00e4n, on erinomainen levyjarrusarja. T\u00e4m\u00e4 takajarru, joka on suunniteltu erityisesti vaativille maastopy\u00f6r\u00e4ilij\u00f6ille, k\u00e4ytt\u00e4\u00e4 tehokasta resiinijarrupalaa. Innovatiivinen muotoilu takaa luotettavan jarrutustehon, tarjoten samalla sujuvan ja hallitun ajokokemuksen. Shimano M8000:n, joka on valmistettu kest\u00e4vist\u00e4 materiaaleista, avulla py\u00f6r\u00e4si pys\u00e4htyy nopeasti ja turvallisesti. [...]L\u00e4s mer \u2026 from Levyjarrusarja M8000 taka taka, resin\" \/>\n<meta property=\"og:url\" content=\"https:\/\/vmsport.fi\/sv\/webbutik\/reservdelar\/bromsar\/skivbromsskivor\/skivbromssats-m8000-bak-bakre-harts\/\" \/>\n<meta property=\"og:site_name\" content=\"VM Sport\" \/>\n<meta property=\"article:publisher\" content=\"https:\/\/www.facebook.com\/Vmsport.fi\/\" \/>\n<meta property=\"article:modified_time\" content=\"2026-01-16T11:22:44+00:00\" \/>\n<meta property=\"og:image\" content=\"https:\/\/vmsport.fi\/wp-content\/uploads\/2025\/03\/8txaIF50itYrs5CechrTCputPAYevtG2Ue0Ks4aP8YBtaLtiJO-1.jpg\" \/>\n\t<meta property=\"og:image:width\" content=\"600\" \/>\n\t<meta property=\"og:image:height\" content=\"600\" \/>\n\t<meta property=\"og:image:type\" content=\"image\/jpeg\" \/>\n<meta name=\"twitter:card\" content=\"summary_large_image\" \/>\n<script type=\"application\/ld+json\" class=\"yoast-schema-graph\">{\"@context\":\"https:\\\/\\\/schema.org\",\"@graph\":[{\"@type\":[\"WebPage\",\"ItemPage\"],\"@id\":\"https:\\\/\\\/vmsport.fi\\\/verkkokauppa\\\/varaosat\\\/jarrut\\\/levyjarrusetit\\\/levyjarrusarja-m8000-taka-taka-resin\\\/\",\"url\":\"https:\\\/\\\/vmsport.fi\\\/verkkokauppa\\\/varaosat\\\/jarrut\\\/levyjarrusetit\\\/levyjarrusarja-m8000-taka-taka-resin\\\/\",\"name\":\"Levyjarrusarja M8000 taka taka, resin - VM Sport\",\"isPartOf\":{\"@id\":\"https:\\\/\\\/vmsport.fi\\\/#website\"},\"primaryImageOfPage\":{\"@id\":\"https:\\\/\\\/vmsport.fi\\\/verkkokauppa\\\/varaosat\\\/jarrut\\\/levyjarrusetit\\\/levyjarrusarja-m8000-taka-taka-resin\\\/#primaryimage\"},\"image\":{\"@id\":\"https:\\\/\\\/vmsport.fi\\\/verkkokauppa\\\/varaosat\\\/jarrut\\\/levyjarrusetit\\\/levyjarrusarja-m8000-taka-taka-resin\\\/#primaryimage\"},\"thumbnailUrl\":\"https:\\\/\\\/vmsport.fi\\\/wp-content\\\/uploads\\\/2025\\\/03\\\/8txaIF50itYrs5CechrTCputPAYevtG2Ue0Ks4aP8YBtaLtiJO-1.jpg\",\"datePublished\":\"2025-03-05T21:52:36+00:00\",\"dateModified\":\"2026-01-16T11:22:44+00:00\",\"breadcrumb\":{\"@id\":\"https:\\\/\\\/vmsport.fi\\\/verkkokauppa\\\/varaosat\\\/jarrut\\\/levyjarrusetit\\\/levyjarrusarja-m8000-taka-taka-resin\\\/#breadcrumb\"},\"inLanguage\":\"sv-SE\",\"potentialAction\":[{\"@type\":\"ReadAction\",\"target\":[\"https:\\\/\\\/vmsport.fi\\\/verkkokauppa\\\/varaosat\\\/jarrut\\\/levyjarrusetit\\\/levyjarrusarja-m8000-taka-taka-resin\\\/\"]}]},{\"@type\":\"ImageObject\",\"inLanguage\":\"sv-SE\",\"@id\":\"https:\\\/\\\/vmsport.fi\\\/verkkokauppa\\\/varaosat\\\/jarrut\\\/levyjarrusetit\\\/levyjarrusarja-m8000-taka-taka-resin\\\/#primaryimage\",\"url\":\"https:\\\/\\\/vmsport.fi\\\/wp-content\\\/uploads\\\/2025\\\/03\\\/8txaIF50itYrs5CechrTCputPAYevtG2Ue0Ks4aP8YBtaLtiJO-1.jpg\",\"contentUrl\":\"https:\\\/\\\/vmsport.fi\\\/wp-content\\\/uploads\\\/2025\\\/03\\\/8txaIF50itYrs5CechrTCputPAYevtG2Ue0Ks4aP8YBtaLtiJO-1.jpg\",\"width\":600,\"height\":600,\"caption\":\"8txaIF50itYrs5CechrTCputPAYevtG2Ue0Ks4aP8YBtaLtiJO\"},{\"@type\":\"BreadcrumbList\",\"@id\":\"https:\\\/\\\/vmsport.fi\\\/verkkokauppa\\\/varaosat\\\/jarrut\\\/levyjarrusetit\\\/levyjarrusarja-m8000-taka-taka-resin\\\/#breadcrumb\",\"itemListElement\":[{\"@type\":\"ListItem\",\"position\":1,\"name\":\"Etusivu\",\"item\":\"https:\\\/\\\/vmsport.fi\\\/\"},{\"@type\":\"ListItem\",\"position\":2,\"name\":\"Online Store\",\"item\":\"https:\\\/\\\/vmsport.fi\\\/en\\\/online-store\\\/\"},{\"@type\":\"ListItem\",\"position\":3,\"name\":\"Levyjarrusarja M8000 taka taka, resin\"}]},{\"@type\":\"WebSite\",\"@id\":\"https:\\\/\\\/vmsport.fi\\\/#website\",\"url\":\"https:\\\/\\\/vmsport.fi\\\/\",\"name\":\"Vmsport\",\"description\":\"Kaikki py\u00f6r\u00e4ilyyn yhdest\u00e4 paikasta\",\"publisher\":{\"@id\":\"https:\\\/\\\/vmsport.fi\\\/#organization\"},\"potentialAction\":[{\"@type\":\"SearchAction\",\"target\":{\"@type\":\"EntryPoint\",\"urlTemplate\":\"https:\\\/\\\/vmsport.fi\\\/?s={search_term_string}\"},\"query-input\":{\"@type\":\"PropertyValueSpecification\",\"valueRequired\":true,\"valueName\":\"search_term_string\"}}],\"inLanguage\":\"sv-SE\"},{\"@type\":\"Organization\",\"@id\":\"https:\\\/\\\/vmsport.fi\\\/#organization\",\"name\":\"Vmsport\",\"url\":\"https:\\\/\\\/vmsport.fi\\\/\",\"logo\":{\"@type\":\"ImageObject\",\"inLanguage\":\"sv-SE\",\"@id\":\"https:\\\/\\\/vmsport.fi\\\/#\\\/schema\\\/logo\\\/image\\\/\",\"url\":\"https:\\\/\\\/vmsport.fi\\\/wp-content\\\/uploads\\\/2024\\\/12\\\/vm_sport_RGB_horisontal-e1734526017575.png\",\"contentUrl\":\"https:\\\/\\\/vmsport.fi\\\/wp-content\\\/uploads\\\/2024\\\/12\\\/vm_sport_RGB_horisontal-e1734526017575.png\",\"width\":668,\"height\":85,\"caption\":\"Vmsport\"},\"image\":{\"@id\":\"https:\\\/\\\/vmsport.fi\\\/#\\\/schema\\\/logo\\\/image\\\/\"},\"sameAs\":[\"https:\\\/\\\/www.facebook.com\\\/Vmsport.fi\\\/\",\"https:\\\/\\\/www.instagram.com\\\/vmsport\\\/\"]}]}<\/script>\n<!-- \/ Yoast SEO plugin. -->","yoast_head_json":{"title":"Skivbromssats M8000 bak bak, harts - VM Sport","robots":{"index":"index","follow":"follow","max-snippet":"max-snippet:-1","max-image-preview":"max-image-preview:large","max-video-preview":"max-video-preview:-1"},"canonical":"https:\/\/vmsport.fi\/sv\/webbutik\/reservdelar\/bromsar\/skivbromsskivor\/skivbromssats-m8000-bak-bakre-harts\/","og_locale":"sv_SE","og_type":"article","og_title":"Levyjarrusarja M8000 taka taka, resin - VM Sport","og_description":"Shimano Deore XT M8000, tunnettu korkeasta suorituskyvyst\u00e4\u00e4n, on erinomainen levyjarrusarja. T\u00e4m\u00e4 takajarru, joka on suunniteltu erityisesti vaativille maastopy\u00f6r\u00e4ilij\u00f6ille, k\u00e4ytt\u00e4\u00e4 tehokasta resiinijarrupalaa. Innovatiivinen muotoilu takaa luotettavan jarrutustehon, tarjoten samalla sujuvan ja hallitun ajokokemuksen. Shimano M8000:n, joka on valmistettu kest\u00e4vist\u00e4 materiaaleista, avulla py\u00f6r\u00e4si pys\u00e4htyy nopeasti ja turvallisesti. [...]L\u00e4s mer \u2026 from Levyjarrusarja M8000 taka taka, resin","og_url":"https:\/\/vmsport.fi\/sv\/webbutik\/reservdelar\/bromsar\/skivbromsskivor\/skivbromssats-m8000-bak-bakre-harts\/","og_site_name":"VM Sport","article_publisher":"https:\/\/www.facebook.com\/Vmsport.fi\/","article_modified_time":"2026-01-16T11:22:44+00:00","og_image":[{"width":600,"height":600,"url":"https:\/\/vmsport.fi\/wp-content\/uploads\/2025\/03\/8txaIF50itYrs5CechrTCputPAYevtG2Ue0Ks4aP8YBtaLtiJO-1.jpg","type":"image\/jpeg"}],"twitter_card":"summary_large_image","schema":{"@context":"https:\/\/schema.org","@graph":[{"@type":["WebPage","ItemPage"],"@id":"https:\/\/vmsport.fi\/verkkokauppa\/varaosat\/jarrut\/levyjarrusetit\/levyjarrusarja-m8000-taka-taka-resin\/","url":"https:\/\/vmsport.fi\/verkkokauppa\/varaosat\/jarrut\/levyjarrusetit\/levyjarrusarja-m8000-taka-taka-resin\/","name":"Skivbromssats M8000 bak bak, harts - VM Sport","isPartOf":{"@id":"https:\/\/vmsport.fi\/#website"},"primaryImageOfPage":{"@id":"https:\/\/vmsport.fi\/verkkokauppa\/varaosat\/jarrut\/levyjarrusetit\/levyjarrusarja-m8000-taka-taka-resin\/#primaryimage"},"image":{"@id":"https:\/\/vmsport.fi\/verkkokauppa\/varaosat\/jarrut\/levyjarrusetit\/levyjarrusarja-m8000-taka-taka-resin\/#primaryimage"},"thumbnailUrl":"https:\/\/vmsport.fi\/wp-content\/uploads\/2025\/03\/8txaIF50itYrs5CechrTCputPAYevtG2Ue0Ks4aP8YBtaLtiJO-1.jpg","datePublished":"2025-03-05T21:52:36+00:00","dateModified":"2026-01-16T11:22:44+00:00","breadcrumb":{"@id":"https:\/\/vmsport.fi\/verkkokauppa\/varaosat\/jarrut\/levyjarrusetit\/levyjarrusarja-m8000-taka-taka-resin\/#breadcrumb"},"inLanguage":"sv-SE","potentialAction":[{"@type":"ReadAction","target":["https:\/\/vmsport.fi\/verkkokauppa\/varaosat\/jarrut\/levyjarrusetit\/levyjarrusarja-m8000-taka-taka-resin\/"]}]},{"@type":"ImageObject","inLanguage":"sv-SE","@id":"https:\/\/vmsport.fi\/verkkokauppa\/varaosat\/jarrut\/levyjarrusetit\/levyjarrusarja-m8000-taka-taka-resin\/#primaryimage","url":"https:\/\/vmsport.fi\/wp-content\/uploads\/2025\/03\/8txaIF50itYrs5CechrTCputPAYevtG2Ue0Ks4aP8YBtaLtiJO-1.jpg","contentUrl":"https:\/\/vmsport.fi\/wp-content\/uploads\/2025\/03\/8txaIF50itYrs5CechrTCputPAYevtG2Ue0Ks4aP8YBtaLtiJO-1.jpg","width":600,"height":600,"caption":"8txaIF50itYrs5CechrTCputPAYevtG2Ue0Ks4aP8YBtaLtiJO"},{"@type":"BreadcrumbList","@id":"https:\/\/vmsport.fi\/verkkokauppa\/varaosat\/jarrut\/levyjarrusetit\/levyjarrusarja-m8000-taka-taka-resin\/#breadcrumb","itemListElement":[{"@type":"ListItem","position":1,"name":"Etusivu","item":"https:\/\/vmsport.fi\/"},{"@type":"ListItem","position":2,"name":"Online Store","item":"https:\/\/vmsport.fi\/en\/online-store\/"},{"@type":"ListItem","position":3,"name":"Levyjarrusarja M8000 taka taka, resin"}]},{"@type":"WebSite","@id":"https:\/\/vmsport.fi\/#website","url":"https:\/\/vmsport.fi\/","name":"Vmsport","description":"Allt p\u00e5 ett st\u00e4lle f\u00f6r cykling","publisher":{"@id":"https:\/\/vmsport.fi\/#organization"},"potentialAction":[{"@type":"SearchAction","target":{"@type":"EntryPoint","urlTemplate":"https:\/\/vmsport.fi\/?s={search_term_string}"},"query-input":{"@type":"PropertyValueSpecification","valueRequired":true,"valueName":"search_term_string"}}],"inLanguage":"sv-SE"},{"@type":"Organization","@id":"https:\/\/vmsport.fi\/#organization","name":"Vmsport","url":"https:\/\/vmsport.fi\/","logo":{"@type":"ImageObject","inLanguage":"sv-SE","@id":"https:\/\/vmsport.fi\/#\/schema\/logo\/image\/","url":"https:\/\/vmsport.fi\/wp-content\/uploads\/2024\/12\/vm_sport_RGB_horisontal-e1734526017575.png","contentUrl":"https:\/\/vmsport.fi\/wp-content\/uploads\/2024\/12\/vm_sport_RGB_horisontal-e1734526017575.png","width":668,"height":85,"caption":"Vmsport"},"image":{"@id":"https:\/\/vmsport.fi\/#\/schema\/logo\/image\/"},"sameAs":["https:\/\/www.facebook.com\/Vmsport.fi\/","https:\/\/www.instagram.com\/vmsport\/"]}]}},"global_unique_id":"","_links":{"self":[{"href":"https:\/\/vmsport.fi\/sv\/wp-json\/wp\/v2\/product\/54335","targetHints":{"allow":["GET"]}}],"collection":[{"href":"https:\/\/vmsport.fi\/sv\/wp-json\/wp\/v2\/product"}],"about":[{"href":"https:\/\/vmsport.fi\/sv\/wp-json\/wp\/v2\/types\/product"}],"replies":[{"embeddable":true,"href":"https:\/\/vmsport.fi\/sv\/wp-json\/wp\/v2\/comments?post=54335"}],"wp:featuredmedia":[{"embeddable":true,"href":"https:\/\/vmsport.fi\/sv\/wp-json\/wp\/v2\/media\/54334"}],"wp:attachment":[{"href":"https:\/\/vmsport.fi\/sv\/wp-json\/wp\/v2\/media?parent=54335"}],"wp:term":[{"taxonomy":"product_brand","embeddable":true,"href":"https:\/\/vmsport.fi\/sv\/wp-json\/wp\/v2\/product_brand?post=54335"},{"taxonomy":"product_model","embeddable":true,"href":"https:\/\/vmsport.fi\/sv\/wp-json\/wp\/v2\/product_model?post=54335"},{"taxonomy":"product_cat","embeddable":true,"href":"https:\/\/vmsport.fi\/sv\/wp-json\/wp\/v2\/product_cat?post=54335"},{"taxonomy":"product_tag","embeddable":true,"href":"https:\/\/vmsport.fi\/sv\/wp-json\/wp\/v2\/product_tag?post=54335"},{"taxonomy":"industry_terminology","embeddable":true,"href":"https:\/\/vmsport.fi\/sv\/wp-json\/wp\/v2\/industry-terminology?post=54335"}],"curies":[{"name":"wp","href":"https:\/\/api.w.org\/{rel}","templated":true}]}}