{"id":54333,"date":"2025-03-05T23:52:35","date_gmt":"2025-03-05T21:52:35","guid":{"rendered":"https:\/\/vmsport.fi\/verkkokauppa\/Ei-luokiteltu\/eturatas-slx-34t-dm-m7100\/"},"modified":"2026-01-16T13:24:51","modified_gmt":"2026-01-16T11:24:51","slug":"framhjul-slx-34t-dm-m7100","status":"publish","type":"product","link":"https:\/\/vmsport.fi\/sv\/verkkokauppa\/varaosat\/voimansiirto\/eturattaat\/eturatas-slx-34t-dm-m7100\/","title":{"rendered":"Framhjul SLX 34T, DM, M7100"},"content":{"rendered":"<p>Om du vill f\u00f6rb\u00e4ttra prestandan och effektiviteten i din k\u00f6rupplevelse ska du v\u00e4lja SLX 34T framhjulet, som \u00e4r utformat f\u00f6r direktmontering. Det h\u00e4r framhjulet ing\u00e5r i M7100-serien och erbjuder tillf\u00f6rlitlighet och h\u00e5llbarhet i kr\u00e4vande terr\u00e4ngf\u00f6rh\u00e5llanden. N\u00e4r cykeln r\u00f6r sig smidigt s\u00e4kerst\u00e4ller det fr\u00e4mre kedjehjulets genomt\u00e4nkta design att kedjan stannar p\u00e5 plats och tyst drift. Varje detalj bidrar till den \u00f6vergripande k\u00f6rbarheten, vilket g\u00f6r detta till ett utm\u00e4rkt tillbeh\u00f6r f\u00f6r mountainbikern.<\/p>","protected":false},"excerpt":{"rendered":"<p>Jos haluat parantaa ajokokemuksesi suorituskyky\u00e4 ja tehokkuutta, valitse Eturatas SLX 34T, joka on suunniteltu suoraan kiinnitett\u00e4v\u00e4ksi. T\u00e4m\u00e4 eturatas on osa M7100-sarjaa ja tarjoaa luotettavuutta sek\u00e4 kest\u00e4vyytt\u00e4 vaativissa maasto-olosuhteissa. Kun py\u00f6r\u00e4 liikkuu sulavasti, eturattaan tarkkaan harkittu muotoilu takaa ketjun pysymisen paikallaan ja hiljaisen k\u00e4yt\u00f6n. Jokainen yksityiskohta tukee kokonaisvaltaista ajettavuutta, tehden t\u00e4st\u00e4 erinomaisen lis\u00e4varusteen maastopy\u00f6r\u00e4ilij\u00e4lle. [&#8230;]<\/p>\n<p><a class=\"btn btn-secondary understrap-read-more-link\" href=\"https:\/\/vmsport.fi\/sv\/verkkokauppa\/varaosat\/voimansiirto\/eturattaat\/eturatas-slx-34t-dm-m7100\/\">L\u00e4s mer \u2026<span class=\"screen-reader-text\"> from Eturatas SLX 34T, DM, M7100<\/span><\/a><\/p>\n","protected":false},"featured_media":54332,"comment_status":"open","ping_status":"closed","template":"","meta":{"_acf_changed":false,"_improvement_type_select":"improve_an_existing","_thumb_yes_seoaic":false,"_frame_yes_seoaic":false,"seoaic_generate_description":"","seoaic_improve_instructions_prompt":"","seoaic_rollback_content_improvement":"","seoaic_idea_thumbnail_generator":"","thumbnail_generated":false,"thumbnail_generate_prompt":"","seoaic_article_description":"","_supplier_stock_quantity":0},"product_brand":[],"product_model":[],"product_cat":[9252],"product_tag":[],"industry-terminology":[],"class_list":{"0":"post-54333","1":"product","2":"type-product","3":"status-publish","4":"has-post-thumbnail","6":"product_cat-eturattaat","8":"first","9":"instock","10":"taxable","11":"shipping-taxable","12":"purchasable","13":"product-type-simple"},"acf":{"bike_features":null,"overview":{"copy_overview":null,"key_features":null,"statement":"","youtube_url":""}},"yoast_head":"<!-- This site is optimized with the Yoast SEO plugin v27.4 - https:\/\/yoast.com\/product\/yoast-seo-wordpress\/ -->\n<title>Eturatas SLX 34T, DM, M7100 - VM Sport<\/title>\n<meta name=\"robots\" content=\"index, follow, max-snippet:-1, max-image-preview:large, max-video-preview:-1\" \/>\n<link rel=\"canonical\" href=\"https:\/\/vmsport.fi\/sv\/webbutik\/reservdelar\/transmission\/framhjulsdrift\/framhjul-slx-34t-dm-m7100\/\" \/>\n<meta property=\"og:locale\" content=\"sv_SE\" \/>\n<meta property=\"og:type\" content=\"article\" \/>\n<meta property=\"og:title\" content=\"Eturatas SLX 34T, DM, M7100 - VM Sport\" \/>\n<meta property=\"og:description\" content=\"Jos haluat parantaa ajokokemuksesi suorituskyky\u00e4 ja tehokkuutta, valitse Eturatas SLX 34T, joka on suunniteltu suoraan kiinnitett\u00e4v\u00e4ksi. T\u00e4m\u00e4 eturatas on osa M7100-sarjaa ja tarjoaa luotettavuutta sek\u00e4 kest\u00e4vyytt\u00e4 vaativissa maasto-olosuhteissa. Kun py\u00f6r\u00e4 liikkuu sulavasti, eturattaan tarkkaan harkittu muotoilu takaa ketjun pysymisen paikallaan ja hiljaisen k\u00e4yt\u00f6n. Jokainen yksityiskohta tukee kokonaisvaltaista ajettavuutta, tehden t\u00e4st\u00e4 erinomaisen lis\u00e4varusteen maastopy\u00f6r\u00e4ilij\u00e4lle. [...]L\u00e4s mer \u2026 from Eturatas SLX 34T, DM, M7100\" \/>\n<meta property=\"og:url\" content=\"https:\/\/vmsport.fi\/sv\/webbutik\/reservdelar\/transmission\/framhjulsdrift\/framhjul-slx-34t-dm-m7100\/\" \/>\n<meta property=\"og:site_name\" content=\"VM Sport\" \/>\n<meta property=\"article:publisher\" content=\"https:\/\/www.facebook.com\/Vmsport.fi\/\" \/>\n<meta property=\"article:modified_time\" content=\"2026-01-16T11:24:51+00:00\" \/>\n<meta property=\"og:image\" content=\"https:\/\/vmsport.fi\/wp-content\/uploads\/2025\/03\/7Vn0mzuqvZU7oWlabCxIehzVHKmPSa4ECPVaWxfBwEbTi2UZrd-1.jpg\" \/>\n\t<meta property=\"og:image:width\" content=\"600\" \/>\n\t<meta property=\"og:image:height\" content=\"600\" \/>\n\t<meta property=\"og:image:type\" content=\"image\/jpeg\" \/>\n<meta name=\"twitter:card\" content=\"summary_large_image\" \/>\n<script type=\"application\/ld+json\" class=\"yoast-schema-graph\">{\"@context\":\"https:\\\/\\\/schema.org\",\"@graph\":[{\"@type\":[\"WebPage\",\"ItemPage\"],\"@id\":\"https:\\\/\\\/vmsport.fi\\\/verkkokauppa\\\/varaosat\\\/voimansiirto\\\/eturattaat\\\/eturatas-slx-34t-dm-m7100\\\/\",\"url\":\"https:\\\/\\\/vmsport.fi\\\/verkkokauppa\\\/varaosat\\\/voimansiirto\\\/eturattaat\\\/eturatas-slx-34t-dm-m7100\\\/\",\"name\":\"Eturatas SLX 34T, DM, M7100 - VM Sport\",\"isPartOf\":{\"@id\":\"https:\\\/\\\/vmsport.fi\\\/#website\"},\"primaryImageOfPage\":{\"@id\":\"https:\\\/\\\/vmsport.fi\\\/verkkokauppa\\\/varaosat\\\/voimansiirto\\\/eturattaat\\\/eturatas-slx-34t-dm-m7100\\\/#primaryimage\"},\"image\":{\"@id\":\"https:\\\/\\\/vmsport.fi\\\/verkkokauppa\\\/varaosat\\\/voimansiirto\\\/eturattaat\\\/eturatas-slx-34t-dm-m7100\\\/#primaryimage\"},\"thumbnailUrl\":\"https:\\\/\\\/vmsport.fi\\\/wp-content\\\/uploads\\\/2025\\\/03\\\/7Vn0mzuqvZU7oWlabCxIehzVHKmPSa4ECPVaWxfBwEbTi2UZrd-1.jpg\",\"datePublished\":\"2025-03-05T21:52:35+00:00\",\"dateModified\":\"2026-01-16T11:24:51+00:00\",\"breadcrumb\":{\"@id\":\"https:\\\/\\\/vmsport.fi\\\/verkkokauppa\\\/varaosat\\\/voimansiirto\\\/eturattaat\\\/eturatas-slx-34t-dm-m7100\\\/#breadcrumb\"},\"inLanguage\":\"sv-SE\",\"potentialAction\":[{\"@type\":\"ReadAction\",\"target\":[\"https:\\\/\\\/vmsport.fi\\\/verkkokauppa\\\/varaosat\\\/voimansiirto\\\/eturattaat\\\/eturatas-slx-34t-dm-m7100\\\/\"]}]},{\"@type\":\"ImageObject\",\"inLanguage\":\"sv-SE\",\"@id\":\"https:\\\/\\\/vmsport.fi\\\/verkkokauppa\\\/varaosat\\\/voimansiirto\\\/eturattaat\\\/eturatas-slx-34t-dm-m7100\\\/#primaryimage\",\"url\":\"https:\\\/\\\/vmsport.fi\\\/wp-content\\\/uploads\\\/2025\\\/03\\\/7Vn0mzuqvZU7oWlabCxIehzVHKmPSa4ECPVaWxfBwEbTi2UZrd-1.jpg\",\"contentUrl\":\"https:\\\/\\\/vmsport.fi\\\/wp-content\\\/uploads\\\/2025\\\/03\\\/7Vn0mzuqvZU7oWlabCxIehzVHKmPSa4ECPVaWxfBwEbTi2UZrd-1.jpg\",\"width\":600,\"height\":600,\"caption\":\"7Vn0mzuqvZU7oWlabCxIehzVHKmPSa4ECPVaWxfBwEbTi2UZrd\"},{\"@type\":\"BreadcrumbList\",\"@id\":\"https:\\\/\\\/vmsport.fi\\\/verkkokauppa\\\/varaosat\\\/voimansiirto\\\/eturattaat\\\/eturatas-slx-34t-dm-m7100\\\/#breadcrumb\",\"itemListElement\":[{\"@type\":\"ListItem\",\"position\":1,\"name\":\"Etusivu\",\"item\":\"https:\\\/\\\/vmsport.fi\\\/\"},{\"@type\":\"ListItem\",\"position\":2,\"name\":\"Online Store\",\"item\":\"https:\\\/\\\/vmsport.fi\\\/en\\\/online-store\\\/\"},{\"@type\":\"ListItem\",\"position\":3,\"name\":\"Eturatas SLX 34T, DM, M7100\"}]},{\"@type\":\"WebSite\",\"@id\":\"https:\\\/\\\/vmsport.fi\\\/#website\",\"url\":\"https:\\\/\\\/vmsport.fi\\\/\",\"name\":\"Vmsport\",\"description\":\"Kaikki py\u00f6r\u00e4ilyyn yhdest\u00e4 paikasta\",\"publisher\":{\"@id\":\"https:\\\/\\\/vmsport.fi\\\/#organization\"},\"potentialAction\":[{\"@type\":\"SearchAction\",\"target\":{\"@type\":\"EntryPoint\",\"urlTemplate\":\"https:\\\/\\\/vmsport.fi\\\/?s={search_term_string}\"},\"query-input\":{\"@type\":\"PropertyValueSpecification\",\"valueRequired\":true,\"valueName\":\"search_term_string\"}}],\"inLanguage\":\"sv-SE\"},{\"@type\":\"Organization\",\"@id\":\"https:\\\/\\\/vmsport.fi\\\/#organization\",\"name\":\"Vmsport\",\"url\":\"https:\\\/\\\/vmsport.fi\\\/\",\"logo\":{\"@type\":\"ImageObject\",\"inLanguage\":\"sv-SE\",\"@id\":\"https:\\\/\\\/vmsport.fi\\\/#\\\/schema\\\/logo\\\/image\\\/\",\"url\":\"https:\\\/\\\/vmsport.fi\\\/wp-content\\\/uploads\\\/2024\\\/12\\\/vm_sport_RGB_horisontal-e1734526017575.png\",\"contentUrl\":\"https:\\\/\\\/vmsport.fi\\\/wp-content\\\/uploads\\\/2024\\\/12\\\/vm_sport_RGB_horisontal-e1734526017575.png\",\"width\":668,\"height\":85,\"caption\":\"Vmsport\"},\"image\":{\"@id\":\"https:\\\/\\\/vmsport.fi\\\/#\\\/schema\\\/logo\\\/image\\\/\"},\"sameAs\":[\"https:\\\/\\\/www.facebook.com\\\/Vmsport.fi\\\/\",\"https:\\\/\\\/www.instagram.com\\\/vmsport\\\/\"]}]}<\/script>\n<!-- \/ Yoast SEO plugin. -->","yoast_head_json":{"title":"Framhjul SLX 34T, DM, M7100 - VM Sport","robots":{"index":"index","follow":"follow","max-snippet":"max-snippet:-1","max-image-preview":"max-image-preview:large","max-video-preview":"max-video-preview:-1"},"canonical":"https:\/\/vmsport.fi\/sv\/webbutik\/reservdelar\/transmission\/framhjulsdrift\/framhjul-slx-34t-dm-m7100\/","og_locale":"sv_SE","og_type":"article","og_title":"Eturatas SLX 34T, DM, M7100 - VM Sport","og_description":"Jos haluat parantaa ajokokemuksesi suorituskyky\u00e4 ja tehokkuutta, valitse Eturatas SLX 34T, joka on suunniteltu suoraan kiinnitett\u00e4v\u00e4ksi. T\u00e4m\u00e4 eturatas on osa M7100-sarjaa ja tarjoaa luotettavuutta sek\u00e4 kest\u00e4vyytt\u00e4 vaativissa maasto-olosuhteissa. Kun py\u00f6r\u00e4 liikkuu sulavasti, eturattaan tarkkaan harkittu muotoilu takaa ketjun pysymisen paikallaan ja hiljaisen k\u00e4yt\u00f6n. Jokainen yksityiskohta tukee kokonaisvaltaista ajettavuutta, tehden t\u00e4st\u00e4 erinomaisen lis\u00e4varusteen maastopy\u00f6r\u00e4ilij\u00e4lle. [...]L\u00e4s mer \u2026 from Eturatas SLX 34T, DM, M7100","og_url":"https:\/\/vmsport.fi\/sv\/webbutik\/reservdelar\/transmission\/framhjulsdrift\/framhjul-slx-34t-dm-m7100\/","og_site_name":"VM Sport","article_publisher":"https:\/\/www.facebook.com\/Vmsport.fi\/","article_modified_time":"2026-01-16T11:24:51+00:00","og_image":[{"width":600,"height":600,"url":"https:\/\/vmsport.fi\/wp-content\/uploads\/2025\/03\/7Vn0mzuqvZU7oWlabCxIehzVHKmPSa4ECPVaWxfBwEbTi2UZrd-1.jpg","type":"image\/jpeg"}],"twitter_card":"summary_large_image","schema":{"@context":"https:\/\/schema.org","@graph":[{"@type":["WebPage","ItemPage"],"@id":"https:\/\/vmsport.fi\/verkkokauppa\/varaosat\/voimansiirto\/eturattaat\/eturatas-slx-34t-dm-m7100\/","url":"https:\/\/vmsport.fi\/verkkokauppa\/varaosat\/voimansiirto\/eturattaat\/eturatas-slx-34t-dm-m7100\/","name":"Framhjul SLX 34T, DM, M7100 - VM Sport","isPartOf":{"@id":"https:\/\/vmsport.fi\/#website"},"primaryImageOfPage":{"@id":"https:\/\/vmsport.fi\/verkkokauppa\/varaosat\/voimansiirto\/eturattaat\/eturatas-slx-34t-dm-m7100\/#primaryimage"},"image":{"@id":"https:\/\/vmsport.fi\/verkkokauppa\/varaosat\/voimansiirto\/eturattaat\/eturatas-slx-34t-dm-m7100\/#primaryimage"},"thumbnailUrl":"https:\/\/vmsport.fi\/wp-content\/uploads\/2025\/03\/7Vn0mzuqvZU7oWlabCxIehzVHKmPSa4ECPVaWxfBwEbTi2UZrd-1.jpg","datePublished":"2025-03-05T21:52:35+00:00","dateModified":"2026-01-16T11:24:51+00:00","breadcrumb":{"@id":"https:\/\/vmsport.fi\/verkkokauppa\/varaosat\/voimansiirto\/eturattaat\/eturatas-slx-34t-dm-m7100\/#breadcrumb"},"inLanguage":"sv-SE","potentialAction":[{"@type":"ReadAction","target":["https:\/\/vmsport.fi\/verkkokauppa\/varaosat\/voimansiirto\/eturattaat\/eturatas-slx-34t-dm-m7100\/"]}]},{"@type":"ImageObject","inLanguage":"sv-SE","@id":"https:\/\/vmsport.fi\/verkkokauppa\/varaosat\/voimansiirto\/eturattaat\/eturatas-slx-34t-dm-m7100\/#primaryimage","url":"https:\/\/vmsport.fi\/wp-content\/uploads\/2025\/03\/7Vn0mzuqvZU7oWlabCxIehzVHKmPSa4ECPVaWxfBwEbTi2UZrd-1.jpg","contentUrl":"https:\/\/vmsport.fi\/wp-content\/uploads\/2025\/03\/7Vn0mzuqvZU7oWlabCxIehzVHKmPSa4ECPVaWxfBwEbTi2UZrd-1.jpg","width":600,"height":600,"caption":"7Vn0mzuqvZU7oWlabCxIehzVHKmPSa4ECPVaWxfBwEbTi2UZrd"},{"@type":"BreadcrumbList","@id":"https:\/\/vmsport.fi\/verkkokauppa\/varaosat\/voimansiirto\/eturattaat\/eturatas-slx-34t-dm-m7100\/#breadcrumb","itemListElement":[{"@type":"ListItem","position":1,"name":"Etusivu","item":"https:\/\/vmsport.fi\/"},{"@type":"ListItem","position":2,"name":"Online Store","item":"https:\/\/vmsport.fi\/en\/online-store\/"},{"@type":"ListItem","position":3,"name":"Eturatas SLX 34T, DM, M7100"}]},{"@type":"WebSite","@id":"https:\/\/vmsport.fi\/#website","url":"https:\/\/vmsport.fi\/","name":"Vmsport","description":"Allt p\u00e5 ett st\u00e4lle f\u00f6r cykling","publisher":{"@id":"https:\/\/vmsport.fi\/#organization"},"potentialAction":[{"@type":"SearchAction","target":{"@type":"EntryPoint","urlTemplate":"https:\/\/vmsport.fi\/?s={search_term_string}"},"query-input":{"@type":"PropertyValueSpecification","valueRequired":true,"valueName":"search_term_string"}}],"inLanguage":"sv-SE"},{"@type":"Organization","@id":"https:\/\/vmsport.fi\/#organization","name":"Vmsport","url":"https:\/\/vmsport.fi\/","logo":{"@type":"ImageObject","inLanguage":"sv-SE","@id":"https:\/\/vmsport.fi\/#\/schema\/logo\/image\/","url":"https:\/\/vmsport.fi\/wp-content\/uploads\/2024\/12\/vm_sport_RGB_horisontal-e1734526017575.png","contentUrl":"https:\/\/vmsport.fi\/wp-content\/uploads\/2024\/12\/vm_sport_RGB_horisontal-e1734526017575.png","width":668,"height":85,"caption":"Vmsport"},"image":{"@id":"https:\/\/vmsport.fi\/#\/schema\/logo\/image\/"},"sameAs":["https:\/\/www.facebook.com\/Vmsport.fi\/","https:\/\/www.instagram.com\/vmsport\/"]}]}},"global_unique_id":"","_links":{"self":[{"href":"https:\/\/vmsport.fi\/sv\/wp-json\/wp\/v2\/product\/54333","targetHints":{"allow":["GET"]}}],"collection":[{"href":"https:\/\/vmsport.fi\/sv\/wp-json\/wp\/v2\/product"}],"about":[{"href":"https:\/\/vmsport.fi\/sv\/wp-json\/wp\/v2\/types\/product"}],"replies":[{"embeddable":true,"href":"https:\/\/vmsport.fi\/sv\/wp-json\/wp\/v2\/comments?post=54333"}],"wp:featuredmedia":[{"embeddable":true,"href":"https:\/\/vmsport.fi\/sv\/wp-json\/wp\/v2\/media\/54332"}],"wp:attachment":[{"href":"https:\/\/vmsport.fi\/sv\/wp-json\/wp\/v2\/media?parent=54333"}],"wp:term":[{"taxonomy":"product_brand","embeddable":true,"href":"https:\/\/vmsport.fi\/sv\/wp-json\/wp\/v2\/product_brand?post=54333"},{"taxonomy":"product_model","embeddable":true,"href":"https:\/\/vmsport.fi\/sv\/wp-json\/wp\/v2\/product_model?post=54333"},{"taxonomy":"product_cat","embeddable":true,"href":"https:\/\/vmsport.fi\/sv\/wp-json\/wp\/v2\/product_cat?post=54333"},{"taxonomy":"product_tag","embeddable":true,"href":"https:\/\/vmsport.fi\/sv\/wp-json\/wp\/v2\/product_tag?post=54333"},{"taxonomy":"industry_terminology","embeddable":true,"href":"https:\/\/vmsport.fi\/sv\/wp-json\/wp\/v2\/industry-terminology?post=54333"}],"curies":[{"name":"wp","href":"https:\/\/api.w.org\/{rel}","templated":true}]}}