{"id":54329,"date":"2025-03-05T23:52:33","date_gmt":"2025-03-05T21:52:33","guid":{"rendered":"https:\/\/vmsport.fi\/verkkokauppa\/Ei-luokiteltu\/xlc-chainring-direct-mount-bosch-singlespeed-36t\/"},"modified":"2026-01-16T13:21:22","modified_gmt":"2026-01-16T11:21:22","slug":"xlc-kedjekrans-direktmonterad-bosch-singlespeed-36t","status":"publish","type":"product","link":"https:\/\/vmsport.fi\/sv\/verkkokauppa\/varaosat\/voimansiirto\/eturattaat\/xlc-chainring-direct-mount-bosch-singlespeed-36t\/","title":{"rendered":"XLC-kedjekrans direktmonterad (Bosch) Singlespeed 36T"},"content":{"rendered":"<p>XLC-kedjehjulet Direct Mount, 36T, \u00e4r s\u00e4rskilt utformat f\u00f6r Bosch elcykelmotorer, vilket s\u00e4kerst\u00e4ller korrekt och effektiv installation. Det h\u00e4r kedjehjulet med 36 t\u00e4nder passar perfekt p\u00e5 env\u00e4xlade cyklar och ger optimal kraft\u00f6verf\u00f6ring. Direct Mount g\u00f6r att det kan monteras direkt p\u00e5 motorn utan behov av ytterligare adaptrar. Drop-Stop-tekniken, som finns i versionerna Drop-Stop B och ST, f\u00f6rb\u00e4ttrar kedjans stabilitet, minskar risken f\u00f6r att tappa kedjan och s\u00e4kerst\u00e4ller smidig drift p\u00e5 m\u00e5nga olika underlag.<\/p>","protected":false},"excerpt":{"rendered":"<p>XLC Chainring Direct Mount, 36T, on suunniteltu erityisesti Bosch-s\u00e4hk\u00f6py\u00f6rien moottoreihin, mik\u00e4 takaa tarkan ja tehokkaan asennuksen. T\u00e4m\u00e4 36-hampainen hammasratas sopii t\u00e4ydellisesti yksivaihteisiin py\u00f6riin, edist\u00e4en optimaalista voimansiirtoa. Direct Mount -kiinnityksen ansiosta se voidaan asentaa suoraan moottoriin ilman lis\u00e4adaptereita. Drop-Stop-teknologia, jota on saatavilla Drop-Stop B- ja ST-muodoissa, parantaa ketjun pysyvyytt\u00e4 v\u00e4hent\u00e4en sen putoamisen riski\u00e4, ja varmistaa tasaisen [&#8230;]<\/p>\n<p><a class=\"btn btn-secondary understrap-read-more-link\" href=\"https:\/\/vmsport.fi\/sv\/verkkokauppa\/varaosat\/voimansiirto\/eturattaat\/xlc-chainring-direct-mount-bosch-singlespeed-36t\/\">L\u00e4s mer \u2026<span class=\"screen-reader-text\"> from XLC Chainring Direct Mount (Bosch) Singlespeed 36T<\/span><\/a><\/p>\n","protected":false},"featured_media":54328,"comment_status":"open","ping_status":"closed","template":"","meta":{"_acf_changed":false,"_improvement_type_select":"improve_an_existing","_thumb_yes_seoaic":false,"_frame_yes_seoaic":false,"seoaic_generate_description":"","seoaic_improve_instructions_prompt":"","seoaic_rollback_content_improvement":"","seoaic_idea_thumbnail_generator":"","thumbnail_generated":false,"thumbnail_generate_prompt":"","seoaic_article_description":"","_supplier_stock_quantity":0},"product_brand":[],"product_model":[],"product_cat":[9252],"product_tag":[],"industry-terminology":[],"class_list":{"0":"post-54329","1":"product","2":"type-product","3":"status-publish","4":"has-post-thumbnail","6":"product_cat-eturattaat","8":"first","9":"outofstock","10":"taxable","11":"shipping-taxable","12":"product-type-simple"},"acf":{"bike_features":null,"overview":{"copy_overview":null,"key_features":null,"statement":"","youtube_url":""}},"yoast_head":"<!-- This site is optimized with the Yoast SEO plugin v27.3 - https:\/\/yoast.com\/product\/yoast-seo-wordpress\/ -->\n<title>XLC Chainring Direct Mount (Bosch) Singlespeed 36T - VM Sport<\/title>\n<meta name=\"robots\" content=\"index, follow, max-snippet:-1, max-image-preview:large, max-video-preview:-1\" \/>\n<link rel=\"canonical\" href=\"https:\/\/vmsport.fi\/sv\/webbutik\/reservdelar\/transmission\/framhjulsdrift\/xlc-kedjekrans-direktmonterad-bosch-singlespeed-36t\/\" \/>\n<meta property=\"og:locale\" content=\"sv_SE\" \/>\n<meta property=\"og:type\" content=\"article\" \/>\n<meta property=\"og:title\" content=\"XLC Chainring Direct Mount (Bosch) Singlespeed 36T - VM Sport\" \/>\n<meta property=\"og:description\" content=\"XLC Chainring Direct Mount, 36T, on suunniteltu erityisesti Bosch-s\u00e4hk\u00f6py\u00f6rien moottoreihin, mik\u00e4 takaa tarkan ja tehokkaan asennuksen. T\u00e4m\u00e4 36-hampainen hammasratas sopii t\u00e4ydellisesti yksivaihteisiin py\u00f6riin, edist\u00e4en optimaalista voimansiirtoa. Direct Mount -kiinnityksen ansiosta se voidaan asentaa suoraan moottoriin ilman lis\u00e4adaptereita. Drop-Stop-teknologia, jota on saatavilla Drop-Stop B- ja ST-muodoissa, parantaa ketjun pysyvyytt\u00e4 v\u00e4hent\u00e4en sen putoamisen riski\u00e4, ja varmistaa tasaisen [...]L\u00e4s mer \u2026 from XLC Chainring Direct Mount (Bosch) Singlespeed 36T\" \/>\n<meta property=\"og:url\" content=\"https:\/\/vmsport.fi\/sv\/webbutik\/reservdelar\/transmission\/framhjulsdrift\/xlc-kedjekrans-direktmonterad-bosch-singlespeed-36t\/\" \/>\n<meta property=\"og:site_name\" content=\"VM Sport\" \/>\n<meta property=\"article:publisher\" content=\"https:\/\/www.facebook.com\/Vmsport.fi\/\" \/>\n<meta property=\"article:modified_time\" content=\"2026-01-16T11:21:22+00:00\" \/>\n<meta property=\"og:image\" content=\"https:\/\/vmsport.fi\/wp-content\/uploads\/2025\/03\/3bAog42v0OjPNtPHalFdsLXCII1m132ewj7yc3MhN71DngGhd0-1.jpg\" \/>\n\t<meta property=\"og:image:width\" content=\"800\" \/>\n\t<meta property=\"og:image:height\" content=\"800\" \/>\n\t<meta property=\"og:image:type\" content=\"image\/jpeg\" \/>\n<meta name=\"twitter:card\" content=\"summary_large_image\" \/>\n<script type=\"application\/ld+json\" class=\"yoast-schema-graph\">{\"@context\":\"https:\\\/\\\/schema.org\",\"@graph\":[{\"@type\":[\"WebPage\",\"ItemPage\"],\"@id\":\"https:\\\/\\\/vmsport.fi\\\/verkkokauppa\\\/varaosat\\\/voimansiirto\\\/eturattaat\\\/xlc-chainring-direct-mount-bosch-singlespeed-36t\\\/\",\"url\":\"https:\\\/\\\/vmsport.fi\\\/verkkokauppa\\\/varaosat\\\/voimansiirto\\\/eturattaat\\\/xlc-chainring-direct-mount-bosch-singlespeed-36t\\\/\",\"name\":\"XLC Chainring Direct Mount (Bosch) Singlespeed 36T - VM Sport\",\"isPartOf\":{\"@id\":\"https:\\\/\\\/vmsport.fi\\\/#website\"},\"primaryImageOfPage\":{\"@id\":\"https:\\\/\\\/vmsport.fi\\\/verkkokauppa\\\/varaosat\\\/voimansiirto\\\/eturattaat\\\/xlc-chainring-direct-mount-bosch-singlespeed-36t\\\/#primaryimage\"},\"image\":{\"@id\":\"https:\\\/\\\/vmsport.fi\\\/verkkokauppa\\\/varaosat\\\/voimansiirto\\\/eturattaat\\\/xlc-chainring-direct-mount-bosch-singlespeed-36t\\\/#primaryimage\"},\"thumbnailUrl\":\"https:\\\/\\\/vmsport.fi\\\/wp-content\\\/uploads\\\/2025\\\/03\\\/3bAog42v0OjPNtPHalFdsLXCII1m132ewj7yc3MhN71DngGhd0-1.jpg\",\"datePublished\":\"2025-03-05T21:52:33+00:00\",\"dateModified\":\"2026-01-16T11:21:22+00:00\",\"breadcrumb\":{\"@id\":\"https:\\\/\\\/vmsport.fi\\\/verkkokauppa\\\/varaosat\\\/voimansiirto\\\/eturattaat\\\/xlc-chainring-direct-mount-bosch-singlespeed-36t\\\/#breadcrumb\"},\"inLanguage\":\"sv-SE\",\"potentialAction\":[{\"@type\":\"ReadAction\",\"target\":[\"https:\\\/\\\/vmsport.fi\\\/verkkokauppa\\\/varaosat\\\/voimansiirto\\\/eturattaat\\\/xlc-chainring-direct-mount-bosch-singlespeed-36t\\\/\"]}]},{\"@type\":\"ImageObject\",\"inLanguage\":\"sv-SE\",\"@id\":\"https:\\\/\\\/vmsport.fi\\\/verkkokauppa\\\/varaosat\\\/voimansiirto\\\/eturattaat\\\/xlc-chainring-direct-mount-bosch-singlespeed-36t\\\/#primaryimage\",\"url\":\"https:\\\/\\\/vmsport.fi\\\/wp-content\\\/uploads\\\/2025\\\/03\\\/3bAog42v0OjPNtPHalFdsLXCII1m132ewj7yc3MhN71DngGhd0-1.jpg\",\"contentUrl\":\"https:\\\/\\\/vmsport.fi\\\/wp-content\\\/uploads\\\/2025\\\/03\\\/3bAog42v0OjPNtPHalFdsLXCII1m132ewj7yc3MhN71DngGhd0-1.jpg\",\"width\":800,\"height\":800,\"caption\":\"3bAog42v0OjPNtPHalFdsLXCII1m132ewj7yc3MhN71DngGhd0\"},{\"@type\":\"BreadcrumbList\",\"@id\":\"https:\\\/\\\/vmsport.fi\\\/verkkokauppa\\\/varaosat\\\/voimansiirto\\\/eturattaat\\\/xlc-chainring-direct-mount-bosch-singlespeed-36t\\\/#breadcrumb\",\"itemListElement\":[{\"@type\":\"ListItem\",\"position\":1,\"name\":\"Etusivu\",\"item\":\"https:\\\/\\\/vmsport.fi\\\/\"},{\"@type\":\"ListItem\",\"position\":2,\"name\":\"Online Store\",\"item\":\"https:\\\/\\\/vmsport.fi\\\/en\\\/online-store\\\/\"},{\"@type\":\"ListItem\",\"position\":3,\"name\":\"XLC Chainring Direct Mount (Bosch) Singlespeed 36T\"}]},{\"@type\":\"WebSite\",\"@id\":\"https:\\\/\\\/vmsport.fi\\\/#website\",\"url\":\"https:\\\/\\\/vmsport.fi\\\/\",\"name\":\"Vmsport\",\"description\":\"Kaikki py\u00f6r\u00e4ilyyn yhdest\u00e4 paikasta\",\"publisher\":{\"@id\":\"https:\\\/\\\/vmsport.fi\\\/#organization\"},\"potentialAction\":[{\"@type\":\"SearchAction\",\"target\":{\"@type\":\"EntryPoint\",\"urlTemplate\":\"https:\\\/\\\/vmsport.fi\\\/?s={search_term_string}\"},\"query-input\":{\"@type\":\"PropertyValueSpecification\",\"valueRequired\":true,\"valueName\":\"search_term_string\"}}],\"inLanguage\":\"sv-SE\"},{\"@type\":\"Organization\",\"@id\":\"https:\\\/\\\/vmsport.fi\\\/#organization\",\"name\":\"Vmsport\",\"url\":\"https:\\\/\\\/vmsport.fi\\\/\",\"logo\":{\"@type\":\"ImageObject\",\"inLanguage\":\"sv-SE\",\"@id\":\"https:\\\/\\\/vmsport.fi\\\/#\\\/schema\\\/logo\\\/image\\\/\",\"url\":\"https:\\\/\\\/vmsport.fi\\\/wp-content\\\/uploads\\\/2024\\\/12\\\/vm_sport_RGB_horisontal-e1734526017575.png\",\"contentUrl\":\"https:\\\/\\\/vmsport.fi\\\/wp-content\\\/uploads\\\/2024\\\/12\\\/vm_sport_RGB_horisontal-e1734526017575.png\",\"width\":668,\"height\":85,\"caption\":\"Vmsport\"},\"image\":{\"@id\":\"https:\\\/\\\/vmsport.fi\\\/#\\\/schema\\\/logo\\\/image\\\/\"},\"sameAs\":[\"https:\\\/\\\/www.facebook.com\\\/Vmsport.fi\\\/\",\"https:\\\/\\\/www.instagram.com\\\/vmsport\\\/\"]}]}<\/script>\n<!-- \/ Yoast SEO plugin. -->","yoast_head_json":{"title":"XLC-kedjekrans direktmonterad (Bosch) Singlespeed 36T - VM Sport","robots":{"index":"index","follow":"follow","max-snippet":"max-snippet:-1","max-image-preview":"max-image-preview:large","max-video-preview":"max-video-preview:-1"},"canonical":"https:\/\/vmsport.fi\/sv\/webbutik\/reservdelar\/transmission\/framhjulsdrift\/xlc-kedjekrans-direktmonterad-bosch-singlespeed-36t\/","og_locale":"sv_SE","og_type":"article","og_title":"XLC Chainring Direct Mount (Bosch) Singlespeed 36T - VM Sport","og_description":"XLC Chainring Direct Mount, 36T, on suunniteltu erityisesti Bosch-s\u00e4hk\u00f6py\u00f6rien moottoreihin, mik\u00e4 takaa tarkan ja tehokkaan asennuksen. T\u00e4m\u00e4 36-hampainen hammasratas sopii t\u00e4ydellisesti yksivaihteisiin py\u00f6riin, edist\u00e4en optimaalista voimansiirtoa. Direct Mount -kiinnityksen ansiosta se voidaan asentaa suoraan moottoriin ilman lis\u00e4adaptereita. Drop-Stop-teknologia, jota on saatavilla Drop-Stop B- ja ST-muodoissa, parantaa ketjun pysyvyytt\u00e4 v\u00e4hent\u00e4en sen putoamisen riski\u00e4, ja varmistaa tasaisen [...]L\u00e4s mer \u2026 from XLC Chainring Direct Mount (Bosch) Singlespeed 36T","og_url":"https:\/\/vmsport.fi\/sv\/webbutik\/reservdelar\/transmission\/framhjulsdrift\/xlc-kedjekrans-direktmonterad-bosch-singlespeed-36t\/","og_site_name":"VM Sport","article_publisher":"https:\/\/www.facebook.com\/Vmsport.fi\/","article_modified_time":"2026-01-16T11:21:22+00:00","og_image":[{"width":800,"height":800,"url":"https:\/\/vmsport.fi\/wp-content\/uploads\/2025\/03\/3bAog42v0OjPNtPHalFdsLXCII1m132ewj7yc3MhN71DngGhd0-1.jpg","type":"image\/jpeg"}],"twitter_card":"summary_large_image","schema":{"@context":"https:\/\/schema.org","@graph":[{"@type":["WebPage","ItemPage"],"@id":"https:\/\/vmsport.fi\/verkkokauppa\/varaosat\/voimansiirto\/eturattaat\/xlc-chainring-direct-mount-bosch-singlespeed-36t\/","url":"https:\/\/vmsport.fi\/verkkokauppa\/varaosat\/voimansiirto\/eturattaat\/xlc-chainring-direct-mount-bosch-singlespeed-36t\/","name":"XLC-kedjekrans direktmonterad (Bosch) Singlespeed 36T - VM Sport","isPartOf":{"@id":"https:\/\/vmsport.fi\/#website"},"primaryImageOfPage":{"@id":"https:\/\/vmsport.fi\/verkkokauppa\/varaosat\/voimansiirto\/eturattaat\/xlc-chainring-direct-mount-bosch-singlespeed-36t\/#primaryimage"},"image":{"@id":"https:\/\/vmsport.fi\/verkkokauppa\/varaosat\/voimansiirto\/eturattaat\/xlc-chainring-direct-mount-bosch-singlespeed-36t\/#primaryimage"},"thumbnailUrl":"https:\/\/vmsport.fi\/wp-content\/uploads\/2025\/03\/3bAog42v0OjPNtPHalFdsLXCII1m132ewj7yc3MhN71DngGhd0-1.jpg","datePublished":"2025-03-05T21:52:33+00:00","dateModified":"2026-01-16T11:21:22+00:00","breadcrumb":{"@id":"https:\/\/vmsport.fi\/verkkokauppa\/varaosat\/voimansiirto\/eturattaat\/xlc-chainring-direct-mount-bosch-singlespeed-36t\/#breadcrumb"},"inLanguage":"sv-SE","potentialAction":[{"@type":"ReadAction","target":["https:\/\/vmsport.fi\/verkkokauppa\/varaosat\/voimansiirto\/eturattaat\/xlc-chainring-direct-mount-bosch-singlespeed-36t\/"]}]},{"@type":"ImageObject","inLanguage":"sv-SE","@id":"https:\/\/vmsport.fi\/verkkokauppa\/varaosat\/voimansiirto\/eturattaat\/xlc-chainring-direct-mount-bosch-singlespeed-36t\/#primaryimage","url":"https:\/\/vmsport.fi\/wp-content\/uploads\/2025\/03\/3bAog42v0OjPNtPHalFdsLXCII1m132ewj7yc3MhN71DngGhd0-1.jpg","contentUrl":"https:\/\/vmsport.fi\/wp-content\/uploads\/2025\/03\/3bAog42v0OjPNtPHalFdsLXCII1m132ewj7yc3MhN71DngGhd0-1.jpg","width":800,"height":800,"caption":"3bAog42v0OjPNtPHalFdsLXCII1m132ewj7yc3MhN71DngGhd0"},{"@type":"BreadcrumbList","@id":"https:\/\/vmsport.fi\/verkkokauppa\/varaosat\/voimansiirto\/eturattaat\/xlc-chainring-direct-mount-bosch-singlespeed-36t\/#breadcrumb","itemListElement":[{"@type":"ListItem","position":1,"name":"Etusivu","item":"https:\/\/vmsport.fi\/"},{"@type":"ListItem","position":2,"name":"Online Store","item":"https:\/\/vmsport.fi\/en\/online-store\/"},{"@type":"ListItem","position":3,"name":"XLC Chainring Direct Mount (Bosch) Singlespeed 36T"}]},{"@type":"WebSite","@id":"https:\/\/vmsport.fi\/#website","url":"https:\/\/vmsport.fi\/","name":"Vmsport","description":"Allt p\u00e5 ett st\u00e4lle f\u00f6r cykling","publisher":{"@id":"https:\/\/vmsport.fi\/#organization"},"potentialAction":[{"@type":"SearchAction","target":{"@type":"EntryPoint","urlTemplate":"https:\/\/vmsport.fi\/?s={search_term_string}"},"query-input":{"@type":"PropertyValueSpecification","valueRequired":true,"valueName":"search_term_string"}}],"inLanguage":"sv-SE"},{"@type":"Organization","@id":"https:\/\/vmsport.fi\/#organization","name":"Vmsport","url":"https:\/\/vmsport.fi\/","logo":{"@type":"ImageObject","inLanguage":"sv-SE","@id":"https:\/\/vmsport.fi\/#\/schema\/logo\/image\/","url":"https:\/\/vmsport.fi\/wp-content\/uploads\/2024\/12\/vm_sport_RGB_horisontal-e1734526017575.png","contentUrl":"https:\/\/vmsport.fi\/wp-content\/uploads\/2024\/12\/vm_sport_RGB_horisontal-e1734526017575.png","width":668,"height":85,"caption":"Vmsport"},"image":{"@id":"https:\/\/vmsport.fi\/#\/schema\/logo\/image\/"},"sameAs":["https:\/\/www.facebook.com\/Vmsport.fi\/","https:\/\/www.instagram.com\/vmsport\/"]}]}},"global_unique_id":"","_links":{"self":[{"href":"https:\/\/vmsport.fi\/sv\/wp-json\/wp\/v2\/product\/54329","targetHints":{"allow":["GET"]}}],"collection":[{"href":"https:\/\/vmsport.fi\/sv\/wp-json\/wp\/v2\/product"}],"about":[{"href":"https:\/\/vmsport.fi\/sv\/wp-json\/wp\/v2\/types\/product"}],"replies":[{"embeddable":true,"href":"https:\/\/vmsport.fi\/sv\/wp-json\/wp\/v2\/comments?post=54329"}],"wp:featuredmedia":[{"embeddable":true,"href":"https:\/\/vmsport.fi\/sv\/wp-json\/wp\/v2\/media\/54328"}],"wp:attachment":[{"href":"https:\/\/vmsport.fi\/sv\/wp-json\/wp\/v2\/media?parent=54329"}],"wp:term":[{"taxonomy":"product_brand","embeddable":true,"href":"https:\/\/vmsport.fi\/sv\/wp-json\/wp\/v2\/product_brand?post=54329"},{"taxonomy":"product_model","embeddable":true,"href":"https:\/\/vmsport.fi\/sv\/wp-json\/wp\/v2\/product_model?post=54329"},{"taxonomy":"product_cat","embeddable":true,"href":"https:\/\/vmsport.fi\/sv\/wp-json\/wp\/v2\/product_cat?post=54329"},{"taxonomy":"product_tag","embeddable":true,"href":"https:\/\/vmsport.fi\/sv\/wp-json\/wp\/v2\/product_tag?post=54329"},{"taxonomy":"industry_terminology","embeddable":true,"href":"https:\/\/vmsport.fi\/sv\/wp-json\/wp\/v2\/industry-terminology?post=54329"}],"curies":[{"name":"wp","href":"https:\/\/api.w.org\/{rel}","templated":true}]}}