{"id":54327,"date":"2025-03-05T23:52:32","date_gmt":"2025-03-05T21:52:32","guid":{"rendered":"https:\/\/vmsport.fi\/verkkokauppa\/Ei-luokiteltu\/radar-ev-path-polwht-w-prizm-sapph\/"},"modified":"2026-01-16T13:22:40","modified_gmt":"2026-01-16T11:22:40","slug":"radar-ev-vag-polwht-w-prizm-sapph","status":"publish","type":"product","link":"https:\/\/vmsport.fi\/sv\/verkkokauppa\/ajovarusteet\/ajolasit\/radar-ev-path-polwht-w-prizm-sapph\/","title":{"rendered":"Radar EV Path PolWht med PRIZM Sapph"},"content":{"rendered":"<p>Radar EV Path PolWht w\/ PRIZM Sapph-solglas\u00f6gonen erbjuder utm\u00e4rkt prestanda och en snygg look f\u00f6r sportprestationer. Prizm\u2122-linserna f\u00f6rst\u00e4rker f\u00e4rgerna, f\u00f6rb\u00e4ttrar kontrasten och sk\u00e4rper detaljerna, vilket ger en perfekt synupplevelse vid intensiva aktiviteter. Designen fokuserar p\u00e5 ett bredare synf\u00e4lt, vilket f\u00f6rb\u00e4ttrar vyn uppifr\u00e5n.<\/p>\n<p>Kombinationen av Oakley Performance Shield-linser och HDO\u00ae-teknik ger exceptionell klarhet och skydd. Den l\u00e4tta O Matter\u2122-b\u00e5gen \u00e4r utformad f\u00f6r att motst\u00e5 st\u00f6tar och slitage, med logotyper i metall som ger designen en sofistikerad look.<\/p>\n<p>Ergonomisk passform s\u00e4kerst\u00e4lls av Unobtainium\u00ae \u00f6ron- och n\u00e4skuddar som f\u00f6rb\u00e4ttrar greppet och komforten n\u00e4r du svettas. Solglas\u00f6gonen har utvecklats med hj\u00e4lp av expertis fr\u00e5n toppidrottare, d\u00e4r decennier av forskning har sammanf\u00f6rts f\u00f6r b\u00e4sta m\u00f6jliga prestanda. Produkten levereras med ett skyddsfodral f\u00f6r att skydda glas\u00f6gonen n\u00e4r de inte anv\u00e4nds.<\/p>","protected":false},"excerpt":{"rendered":"<p>Radar EV Path PolWht w\/ PRIZM Sapph -aurinkolasit tarjoavat erinomaisen suorituskyvyn ja tyylikk\u00e4\u00e4n ulkon\u00e4\u00f6n urheilusuorituksiin. Prizm\u2122-linssit korostavat v\u00e4rej\u00e4, parantavat kontrastia ja tarkentavat yksityiskohtia, luoden ihanteellisen katselukokemuksen intensiivisiin aktiviteetteihin. Suunnittelussa on kiinnitetty huomiota laajempaan n\u00e4k\u00f6kentt\u00e4\u00e4n, joka parantaa yl\u00e4puolista n\u00e4kym\u00e4\u00e4. Oakley Performance Shield -linssien ja HDO\u00ae-teknologian yhdistelm\u00e4 takaa poikkeuksellisen kirkkauden ja suojan. Kevyt O Matter\u2122 -kehys on [&#8230;]<\/p>\n<p><a class=\"btn btn-secondary understrap-read-more-link\" href=\"https:\/\/vmsport.fi\/sv\/verkkokauppa\/ajovarusteet\/ajolasit\/radar-ev-path-polwht-w-prizm-sapph\/\">L\u00e4s mer \u2026<span class=\"screen-reader-text\"> from Radar EV Path PolWht w\/ PRIZM Sapph<\/span><\/a><\/p>\n","protected":false},"featured_media":54325,"comment_status":"open","ping_status":"closed","template":"","meta":{"_acf_changed":false,"_improvement_type_select":"improve_an_existing","_thumb_yes_seoaic":false,"_frame_yes_seoaic":false,"seoaic_generate_description":"","seoaic_improve_instructions_prompt":"","seoaic_rollback_content_improvement":"","seoaic_idea_thumbnail_generator":"","thumbnail_generated":false,"thumbnail_generate_prompt":"","seoaic_article_description":"","_supplier_stock_quantity":0},"product_brand":[],"product_model":[],"product_cat":[9280],"product_tag":[],"industry-terminology":[],"class_list":{"0":"post-54327","1":"product","2":"type-product","3":"status-publish","4":"has-post-thumbnail","6":"product_cat-ajolasit","8":"first","9":"instock","10":"taxable","11":"shipping-taxable","12":"purchasable","13":"product-type-simple"},"acf":{"bike_features":null,"overview":{"copy_overview":null,"key_features":null,"statement":"","youtube_url":""}},"yoast_head":"<!-- This site is optimized with the Yoast SEO plugin v27.3 - https:\/\/yoast.com\/product\/yoast-seo-wordpress\/ -->\n<title>Radar EV Path PolWht w\/ PRIZM Sapph - VM Sport<\/title>\n<meta name=\"robots\" content=\"index, follow, max-snippet:-1, max-image-preview:large, max-video-preview:-1\" \/>\n<link rel=\"canonical\" href=\"https:\/\/vmsport.fi\/sv\/webbutik\/korutrustning\/drivande-glasogon\/radar-ev-vag-polwht-w-prizm-sapph\/\" \/>\n<meta property=\"og:locale\" content=\"sv_SE\" \/>\n<meta property=\"og:type\" content=\"article\" \/>\n<meta property=\"og:title\" content=\"Radar EV Path PolWht w\/ PRIZM Sapph - VM Sport\" \/>\n<meta property=\"og:description\" content=\"Radar EV Path PolWht w\/ PRIZM Sapph -aurinkolasit tarjoavat erinomaisen suorituskyvyn ja tyylikk\u00e4\u00e4n ulkon\u00e4\u00f6n urheilusuorituksiin. Prizm\u2122-linssit korostavat v\u00e4rej\u00e4, parantavat kontrastia ja tarkentavat yksityiskohtia, luoden ihanteellisen katselukokemuksen intensiivisiin aktiviteetteihin. Suunnittelussa on kiinnitetty huomiota laajempaan n\u00e4k\u00f6kentt\u00e4\u00e4n, joka parantaa yl\u00e4puolista n\u00e4kym\u00e4\u00e4. Oakley Performance Shield -linssien ja HDO\u00ae-teknologian yhdistelm\u00e4 takaa poikkeuksellisen kirkkauden ja suojan. Kevyt O Matter\u2122 -kehys on [...]L\u00e4s mer \u2026 from Radar EV Path PolWht w\/ PRIZM Sapph\" \/>\n<meta property=\"og:url\" content=\"https:\/\/vmsport.fi\/sv\/webbutik\/korutrustning\/drivande-glasogon\/radar-ev-vag-polwht-w-prizm-sapph\/\" \/>\n<meta property=\"og:site_name\" content=\"VM Sport\" \/>\n<meta property=\"article:publisher\" content=\"https:\/\/www.facebook.com\/Vmsport.fi\/\" \/>\n<meta property=\"article:modified_time\" content=\"2026-01-16T11:22:40+00:00\" \/>\n<meta property=\"og:image\" content=\"https:\/\/vmsport.fi\/wp-content\/uploads\/2025\/03\/443621ac-059f-4332-9033-0d523fd95344-1.jpg\" \/>\n\t<meta property=\"og:image:width\" content=\"196\" \/>\n\t<meta property=\"og:image:height\" content=\"196\" \/>\n\t<meta property=\"og:image:type\" content=\"image\/jpeg\" \/>\n<meta name=\"twitter:card\" content=\"summary_large_image\" \/>\n<meta name=\"twitter:label1\" content=\"Ber\u00e4knad l\u00e4stid\" \/>\n\t<meta name=\"twitter:data1\" content=\"1 minut\" \/>\n<script type=\"application\/ld+json\" class=\"yoast-schema-graph\">{\"@context\":\"https:\\\/\\\/schema.org\",\"@graph\":[{\"@type\":[\"WebPage\",\"ItemPage\"],\"@id\":\"https:\\\/\\\/vmsport.fi\\\/verkkokauppa\\\/ajovarusteet\\\/ajolasit\\\/radar-ev-path-polwht-w-prizm-sapph\\\/\",\"url\":\"https:\\\/\\\/vmsport.fi\\\/verkkokauppa\\\/ajovarusteet\\\/ajolasit\\\/radar-ev-path-polwht-w-prizm-sapph\\\/\",\"name\":\"Radar EV Path PolWht w\\\/ PRIZM Sapph - VM Sport\",\"isPartOf\":{\"@id\":\"https:\\\/\\\/vmsport.fi\\\/#website\"},\"primaryImageOfPage\":{\"@id\":\"https:\\\/\\\/vmsport.fi\\\/verkkokauppa\\\/ajovarusteet\\\/ajolasit\\\/radar-ev-path-polwht-w-prizm-sapph\\\/#primaryimage\"},\"image\":{\"@id\":\"https:\\\/\\\/vmsport.fi\\\/verkkokauppa\\\/ajovarusteet\\\/ajolasit\\\/radar-ev-path-polwht-w-prizm-sapph\\\/#primaryimage\"},\"thumbnailUrl\":\"https:\\\/\\\/vmsport.fi\\\/wp-content\\\/uploads\\\/2025\\\/03\\\/443621ac-059f-4332-9033-0d523fd95344-1.jpg\",\"datePublished\":\"2025-03-05T21:52:32+00:00\",\"dateModified\":\"2026-01-16T11:22:40+00:00\",\"breadcrumb\":{\"@id\":\"https:\\\/\\\/vmsport.fi\\\/verkkokauppa\\\/ajovarusteet\\\/ajolasit\\\/radar-ev-path-polwht-w-prizm-sapph\\\/#breadcrumb\"},\"inLanguage\":\"sv-SE\",\"potentialAction\":[{\"@type\":\"ReadAction\",\"target\":[\"https:\\\/\\\/vmsport.fi\\\/verkkokauppa\\\/ajovarusteet\\\/ajolasit\\\/radar-ev-path-polwht-w-prizm-sapph\\\/\"]}]},{\"@type\":\"ImageObject\",\"inLanguage\":\"sv-SE\",\"@id\":\"https:\\\/\\\/vmsport.fi\\\/verkkokauppa\\\/ajovarusteet\\\/ajolasit\\\/radar-ev-path-polwht-w-prizm-sapph\\\/#primaryimage\",\"url\":\"https:\\\/\\\/vmsport.fi\\\/wp-content\\\/uploads\\\/2025\\\/03\\\/443621ac-059f-4332-9033-0d523fd95344-1.jpg\",\"contentUrl\":\"https:\\\/\\\/vmsport.fi\\\/wp-content\\\/uploads\\\/2025\\\/03\\\/443621ac-059f-4332-9033-0d523fd95344-1.jpg\",\"width\":196,\"height\":196,\"caption\":\"443621ac-059f-4332-9033-0d523fd95344\"},{\"@type\":\"BreadcrumbList\",\"@id\":\"https:\\\/\\\/vmsport.fi\\\/verkkokauppa\\\/ajovarusteet\\\/ajolasit\\\/radar-ev-path-polwht-w-prizm-sapph\\\/#breadcrumb\",\"itemListElement\":[{\"@type\":\"ListItem\",\"position\":1,\"name\":\"Etusivu\",\"item\":\"https:\\\/\\\/vmsport.fi\\\/\"},{\"@type\":\"ListItem\",\"position\":2,\"name\":\"Online Store\",\"item\":\"https:\\\/\\\/vmsport.fi\\\/en\\\/online-store\\\/\"},{\"@type\":\"ListItem\",\"position\":3,\"name\":\"Radar EV Path PolWht w\\\/ PRIZM Sapph\"}]},{\"@type\":\"WebSite\",\"@id\":\"https:\\\/\\\/vmsport.fi\\\/#website\",\"url\":\"https:\\\/\\\/vmsport.fi\\\/\",\"name\":\"Vmsport\",\"description\":\"Kaikki py\u00f6r\u00e4ilyyn yhdest\u00e4 paikasta\",\"publisher\":{\"@id\":\"https:\\\/\\\/vmsport.fi\\\/#organization\"},\"potentialAction\":[{\"@type\":\"SearchAction\",\"target\":{\"@type\":\"EntryPoint\",\"urlTemplate\":\"https:\\\/\\\/vmsport.fi\\\/?s={search_term_string}\"},\"query-input\":{\"@type\":\"PropertyValueSpecification\",\"valueRequired\":true,\"valueName\":\"search_term_string\"}}],\"inLanguage\":\"sv-SE\"},{\"@type\":\"Organization\",\"@id\":\"https:\\\/\\\/vmsport.fi\\\/#organization\",\"name\":\"Vmsport\",\"url\":\"https:\\\/\\\/vmsport.fi\\\/\",\"logo\":{\"@type\":\"ImageObject\",\"inLanguage\":\"sv-SE\",\"@id\":\"https:\\\/\\\/vmsport.fi\\\/#\\\/schema\\\/logo\\\/image\\\/\",\"url\":\"https:\\\/\\\/vmsport.fi\\\/wp-content\\\/uploads\\\/2024\\\/12\\\/vm_sport_RGB_horisontal-e1734526017575.png\",\"contentUrl\":\"https:\\\/\\\/vmsport.fi\\\/wp-content\\\/uploads\\\/2024\\\/12\\\/vm_sport_RGB_horisontal-e1734526017575.png\",\"width\":668,\"height\":85,\"caption\":\"Vmsport\"},\"image\":{\"@id\":\"https:\\\/\\\/vmsport.fi\\\/#\\\/schema\\\/logo\\\/image\\\/\"},\"sameAs\":[\"https:\\\/\\\/www.facebook.com\\\/Vmsport.fi\\\/\",\"https:\\\/\\\/www.instagram.com\\\/vmsport\\\/\"]}]}<\/script>\n<!-- \/ Yoast SEO plugin. -->","yoast_head_json":{"title":"Radar EV Path PolWht m\/PRIZM Sapph - VM Sport","robots":{"index":"index","follow":"follow","max-snippet":"max-snippet:-1","max-image-preview":"max-image-preview:large","max-video-preview":"max-video-preview:-1"},"canonical":"https:\/\/vmsport.fi\/sv\/webbutik\/korutrustning\/drivande-glasogon\/radar-ev-vag-polwht-w-prizm-sapph\/","og_locale":"sv_SE","og_type":"article","og_title":"Radar EV Path PolWht w\/ PRIZM Sapph - VM Sport","og_description":"Radar EV Path PolWht w\/ PRIZM Sapph -aurinkolasit tarjoavat erinomaisen suorituskyvyn ja tyylikk\u00e4\u00e4n ulkon\u00e4\u00f6n urheilusuorituksiin. Prizm\u2122-linssit korostavat v\u00e4rej\u00e4, parantavat kontrastia ja tarkentavat yksityiskohtia, luoden ihanteellisen katselukokemuksen intensiivisiin aktiviteetteihin. Suunnittelussa on kiinnitetty huomiota laajempaan n\u00e4k\u00f6kentt\u00e4\u00e4n, joka parantaa yl\u00e4puolista n\u00e4kym\u00e4\u00e4. Oakley Performance Shield -linssien ja HDO\u00ae-teknologian yhdistelm\u00e4 takaa poikkeuksellisen kirkkauden ja suojan. Kevyt O Matter\u2122 -kehys on [...]L\u00e4s mer \u2026 from Radar EV Path PolWht w\/ PRIZM Sapph","og_url":"https:\/\/vmsport.fi\/sv\/webbutik\/korutrustning\/drivande-glasogon\/radar-ev-vag-polwht-w-prizm-sapph\/","og_site_name":"VM Sport","article_publisher":"https:\/\/www.facebook.com\/Vmsport.fi\/","article_modified_time":"2026-01-16T11:22:40+00:00","og_image":[{"width":196,"height":196,"url":"https:\/\/vmsport.fi\/wp-content\/uploads\/2025\/03\/443621ac-059f-4332-9033-0d523fd95344-1.jpg","type":"image\/jpeg"}],"twitter_card":"summary_large_image","twitter_misc":{"Ber\u00e4knad l\u00e4stid":"1 minut"},"schema":{"@context":"https:\/\/schema.org","@graph":[{"@type":["WebPage","ItemPage"],"@id":"https:\/\/vmsport.fi\/verkkokauppa\/ajovarusteet\/ajolasit\/radar-ev-path-polwht-w-prizm-sapph\/","url":"https:\/\/vmsport.fi\/verkkokauppa\/ajovarusteet\/ajolasit\/radar-ev-path-polwht-w-prizm-sapph\/","name":"Radar EV Path PolWht m\/PRIZM Sapph - VM Sport","isPartOf":{"@id":"https:\/\/vmsport.fi\/#website"},"primaryImageOfPage":{"@id":"https:\/\/vmsport.fi\/verkkokauppa\/ajovarusteet\/ajolasit\/radar-ev-path-polwht-w-prizm-sapph\/#primaryimage"},"image":{"@id":"https:\/\/vmsport.fi\/verkkokauppa\/ajovarusteet\/ajolasit\/radar-ev-path-polwht-w-prizm-sapph\/#primaryimage"},"thumbnailUrl":"https:\/\/vmsport.fi\/wp-content\/uploads\/2025\/03\/443621ac-059f-4332-9033-0d523fd95344-1.jpg","datePublished":"2025-03-05T21:52:32+00:00","dateModified":"2026-01-16T11:22:40+00:00","breadcrumb":{"@id":"https:\/\/vmsport.fi\/verkkokauppa\/ajovarusteet\/ajolasit\/radar-ev-path-polwht-w-prizm-sapph\/#breadcrumb"},"inLanguage":"sv-SE","potentialAction":[{"@type":"ReadAction","target":["https:\/\/vmsport.fi\/verkkokauppa\/ajovarusteet\/ajolasit\/radar-ev-path-polwht-w-prizm-sapph\/"]}]},{"@type":"ImageObject","inLanguage":"sv-SE","@id":"https:\/\/vmsport.fi\/verkkokauppa\/ajovarusteet\/ajolasit\/radar-ev-path-polwht-w-prizm-sapph\/#primaryimage","url":"https:\/\/vmsport.fi\/wp-content\/uploads\/2025\/03\/443621ac-059f-4332-9033-0d523fd95344-1.jpg","contentUrl":"https:\/\/vmsport.fi\/wp-content\/uploads\/2025\/03\/443621ac-059f-4332-9033-0d523fd95344-1.jpg","width":196,"height":196,"caption":"443621ac-059f-4332-9033-0d523fd95344"},{"@type":"BreadcrumbList","@id":"https:\/\/vmsport.fi\/verkkokauppa\/ajovarusteet\/ajolasit\/radar-ev-path-polwht-w-prizm-sapph\/#breadcrumb","itemListElement":[{"@type":"ListItem","position":1,"name":"Etusivu","item":"https:\/\/vmsport.fi\/"},{"@type":"ListItem","position":2,"name":"Online Store","item":"https:\/\/vmsport.fi\/en\/online-store\/"},{"@type":"ListItem","position":3,"name":"Radar EV Path PolWht w\/ PRIZM Sapph"}]},{"@type":"WebSite","@id":"https:\/\/vmsport.fi\/#website","url":"https:\/\/vmsport.fi\/","name":"Vmsport","description":"Allt p\u00e5 ett st\u00e4lle f\u00f6r cykling","publisher":{"@id":"https:\/\/vmsport.fi\/#organization"},"potentialAction":[{"@type":"SearchAction","target":{"@type":"EntryPoint","urlTemplate":"https:\/\/vmsport.fi\/?s={search_term_string}"},"query-input":{"@type":"PropertyValueSpecification","valueRequired":true,"valueName":"search_term_string"}}],"inLanguage":"sv-SE"},{"@type":"Organization","@id":"https:\/\/vmsport.fi\/#organization","name":"Vmsport","url":"https:\/\/vmsport.fi\/","logo":{"@type":"ImageObject","inLanguage":"sv-SE","@id":"https:\/\/vmsport.fi\/#\/schema\/logo\/image\/","url":"https:\/\/vmsport.fi\/wp-content\/uploads\/2024\/12\/vm_sport_RGB_horisontal-e1734526017575.png","contentUrl":"https:\/\/vmsport.fi\/wp-content\/uploads\/2024\/12\/vm_sport_RGB_horisontal-e1734526017575.png","width":668,"height":85,"caption":"Vmsport"},"image":{"@id":"https:\/\/vmsport.fi\/#\/schema\/logo\/image\/"},"sameAs":["https:\/\/www.facebook.com\/Vmsport.fi\/","https:\/\/www.instagram.com\/vmsport\/"]}]}},"global_unique_id":"","_links":{"self":[{"href":"https:\/\/vmsport.fi\/sv\/wp-json\/wp\/v2\/product\/54327","targetHints":{"allow":["GET"]}}],"collection":[{"href":"https:\/\/vmsport.fi\/sv\/wp-json\/wp\/v2\/product"}],"about":[{"href":"https:\/\/vmsport.fi\/sv\/wp-json\/wp\/v2\/types\/product"}],"replies":[{"embeddable":true,"href":"https:\/\/vmsport.fi\/sv\/wp-json\/wp\/v2\/comments?post=54327"}],"wp:featuredmedia":[{"embeddable":true,"href":"https:\/\/vmsport.fi\/sv\/wp-json\/wp\/v2\/media\/54325"}],"wp:attachment":[{"href":"https:\/\/vmsport.fi\/sv\/wp-json\/wp\/v2\/media?parent=54327"}],"wp:term":[{"taxonomy":"product_brand","embeddable":true,"href":"https:\/\/vmsport.fi\/sv\/wp-json\/wp\/v2\/product_brand?post=54327"},{"taxonomy":"product_model","embeddable":true,"href":"https:\/\/vmsport.fi\/sv\/wp-json\/wp\/v2\/product_model?post=54327"},{"taxonomy":"product_cat","embeddable":true,"href":"https:\/\/vmsport.fi\/sv\/wp-json\/wp\/v2\/product_cat?post=54327"},{"taxonomy":"product_tag","embeddable":true,"href":"https:\/\/vmsport.fi\/sv\/wp-json\/wp\/v2\/product_tag?post=54327"},{"taxonomy":"industry_terminology","embeddable":true,"href":"https:\/\/vmsport.fi\/sv\/wp-json\/wp\/v2\/industry-terminology?post=54327"}],"curies":[{"name":"wp","href":"https:\/\/api.w.org\/{rel}","templated":true}]}}