{"id":54324,"date":"2025-03-05T23:52:32","date_gmt":"2025-03-05T21:52:32","guid":{"rendered":"https:\/\/vmsport.fi\/verkkokauppa\/Ei-luokiteltu\/shimano-cues-takavaihtaja-rd-u6020-10-10v\/"},"modified":"2026-04-22T15:02:25","modified_gmt":"2026-04-22T12:02:25","slug":"shimano-cues-bakvaxel-rd-u6020-10-10v","status":"publish","type":"product","link":"https:\/\/vmsport.fi\/sv\/verkkokauppa\/varaosat\/vaihteistot\/takavaihtajat\/shimano-cues-takavaihtaja-rd-u6020-10-10v\/","title":{"rendered":"SHIMANO CUES Bakv\u00e4xel RD-U6020-10 10v"},"content":{"rendered":"<p>SHIMANO CUES Bakv\u00e4xel RD-U6020-10 10v ing\u00e5r i CUES U6000-serien som \u00e4r speciellt utformad f\u00f6r sportig stadscykling, camping och mountainbike. Dess 2\u00d710-v\u00e4xlade system \u00e4r kompatibelt med Shimano MTB 10-v\u00e4xlade (Linkglide) drivlinor. Shadow RD-designen erbjuder en l\u00e5gprofilskonstruktion som minskar potentiella skador och behovet av underh\u00e5ll. V\u00e4xlarnas smidiga funktion ger effektiv och tyst cykling i olika terr\u00e4ng, oavsett om det \u00e4r p\u00e5 skogsv\u00e4gar, grusytor eller asfalterade v\u00e4gar. <\/p>\n<p>V\u00e4xell\u00e5dan har kapacitet att hantera totalt 44 kuggar, och den st\u00f6rsta bakv\u00e4xeln kan ha 39 kuggar. Materialet \u00e4r en slitstark komposit av st\u00e5l och polyamid-glasfiber, vilket s\u00e4kerst\u00e4ller komponentens l\u00e5ngvariga prestanda. Denna bakv\u00e4xel \u00e4r s\u00e4rskilt utformad f\u00f6r elcyklar och garanterar tillf\u00f6rlitlig drift \u00e4ven under \u00f6kad belastning. F\u00f6r cyklister som v\u00e4rdes\u00e4tter stabil prestanda och en sportig k\u00f6rupplevelse \u00e4r detta ett utm\u00e4rkt val.<\/p>","protected":false},"excerpt":{"rendered":"<p>SHIMANO CUES Takavaihtaja RD-U6020-10 10v on osa CUES U6000 -sarjaa, joka on suunniteltu erityisesti urheilullista kaupunkipy\u00f6r\u00e4ily\u00e4, retkeily\u00e4 ja maastopy\u00f6r\u00e4ily\u00e4 varten. Sen 2&#215;10-vaihteinen j\u00e4rjestelm\u00e4 on yhteensopiva Shimano MTB 10-vaihteisten (Linkglide) voimansiirtojen kanssa. Shadow RD -suunnittelu tarjoaa matalaprofiilisen rakenteen, joka v\u00e4hent\u00e4\u00e4 mahdollisia vahinkoja ja huollon tarvetta. Vaihteiden sulava toiminta mahdollistaa tehokkaan ja hiljaisen ajon eri maastoissa, olipa [&#8230;]<\/p>\n<p><a class=\"btn btn-secondary understrap-read-more-link\" href=\"https:\/\/vmsport.fi\/sv\/verkkokauppa\/varaosat\/vaihteistot\/takavaihtajat\/shimano-cues-takavaihtaja-rd-u6020-10-10v\/\">L\u00e4s mer \u2026<span class=\"screen-reader-text\"> from SHIMANO CUES Takavaihtaja RD-U6020-10 10v<\/span><\/a><\/p>\n","protected":false},"featured_media":54323,"comment_status":"open","ping_status":"closed","template":"","meta":{"_acf_changed":false,"_improvement_type_select":"improve_an_existing","_thumb_yes_seoaic":false,"_frame_yes_seoaic":false,"seoaic_generate_description":"","seoaic_improve_instructions_prompt":"","seoaic_rollback_content_improvement":"","seoaic_idea_thumbnail_generator":"","thumbnail_generated":false,"thumbnail_generate_prompt":"","seoaic_article_description":"","_supplier_stock_quantity":0},"product_brand":[],"product_model":[],"product_cat":[9390],"product_tag":[],"industry-terminology":[],"class_list":{"0":"post-54324","1":"product","2":"type-product","3":"status-publish","4":"has-post-thumbnail","6":"product_cat-takavaihtajat","8":"first","9":"instock","10":"taxable","11":"shipping-taxable","12":"purchasable","13":"product-type-simple"},"acf":{"bike_features":null,"overview":{"copy_overview":null,"key_features":null,"statement":"","youtube_url":""}},"yoast_head":"<!-- This site is optimized with the Yoast SEO plugin v27.4 - https:\/\/yoast.com\/product\/yoast-seo-wordpress\/ -->\n<title>SHIMANO CUES Takavaihtaja RD-U6020-10 10v - VM Sport<\/title>\n<meta name=\"robots\" content=\"index, follow, max-snippet:-1, max-image-preview:large, max-video-preview:-1\" \/>\n<link rel=\"canonical\" href=\"https:\/\/vmsport.fi\/sv\/webbutik\/reservdelar\/vaxellador\/bakre-vaxlar\/shimano-cues-bakvaxel-rd-u6020-10-10v\/\" \/>\n<meta property=\"og:locale\" content=\"sv_SE\" \/>\n<meta property=\"og:type\" content=\"article\" \/>\n<meta property=\"og:title\" content=\"SHIMANO CUES Takavaihtaja RD-U6020-10 10v - VM Sport\" \/>\n<meta property=\"og:description\" content=\"SHIMANO CUES Takavaihtaja RD-U6020-10 10v on osa CUES U6000 -sarjaa, joka on suunniteltu erityisesti urheilullista kaupunkipy\u00f6r\u00e4ily\u00e4, retkeily\u00e4 ja maastopy\u00f6r\u00e4ily\u00e4 varten. Sen 2&#215;10-vaihteinen j\u00e4rjestelm\u00e4 on yhteensopiva Shimano MTB 10-vaihteisten (Linkglide) voimansiirtojen kanssa. Shadow RD -suunnittelu tarjoaa matalaprofiilisen rakenteen, joka v\u00e4hent\u00e4\u00e4 mahdollisia vahinkoja ja huollon tarvetta. Vaihteiden sulava toiminta mahdollistaa tehokkaan ja hiljaisen ajon eri maastoissa, olipa [...]L\u00e4s mer \u2026 from SHIMANO CUES Takavaihtaja RD-U6020-10 10v\" \/>\n<meta property=\"og:url\" content=\"https:\/\/vmsport.fi\/sv\/webbutik\/reservdelar\/vaxellador\/bakre-vaxlar\/shimano-cues-bakvaxel-rd-u6020-10-10v\/\" \/>\n<meta property=\"og:site_name\" content=\"VM Sport\" \/>\n<meta property=\"article:publisher\" content=\"https:\/\/www.facebook.com\/Vmsport.fi\/\" \/>\n<meta property=\"article:modified_time\" content=\"2026-04-22T12:02:25+00:00\" \/>\n<meta property=\"og:image\" content=\"https:\/\/vmsport.fi\/wp-content\/uploads\/2025\/03\/RD-U6020-10-shic219-primary-1-jpg-thumb-572-572-1.png\" \/>\n\t<meta property=\"og:image:width\" content=\"572\" \/>\n\t<meta property=\"og:image:height\" content=\"572\" \/>\n\t<meta property=\"og:image:type\" content=\"image\/png\" \/>\n<meta name=\"twitter:card\" content=\"summary_large_image\" \/>\n<meta name=\"twitter:label1\" content=\"Ber\u00e4knad l\u00e4stid\" \/>\n\t<meta name=\"twitter:data1\" content=\"1 minut\" \/>\n<script type=\"application\/ld+json\" class=\"yoast-schema-graph\">{\"@context\":\"https:\\\/\\\/schema.org\",\"@graph\":[{\"@type\":[\"WebPage\",\"ItemPage\"],\"@id\":\"https:\\\/\\\/vmsport.fi\\\/verkkokauppa\\\/varaosat\\\/vaihteistot\\\/takavaihtajat\\\/shimano-cues-takavaihtaja-rd-u6020-10-10v\\\/\",\"url\":\"https:\\\/\\\/vmsport.fi\\\/verkkokauppa\\\/varaosat\\\/vaihteistot\\\/takavaihtajat\\\/shimano-cues-takavaihtaja-rd-u6020-10-10v\\\/\",\"name\":\"SHIMANO CUES Takavaihtaja RD-U6020-10 10v - VM Sport\",\"isPartOf\":{\"@id\":\"https:\\\/\\\/vmsport.fi\\\/#website\"},\"primaryImageOfPage\":{\"@id\":\"https:\\\/\\\/vmsport.fi\\\/verkkokauppa\\\/varaosat\\\/vaihteistot\\\/takavaihtajat\\\/shimano-cues-takavaihtaja-rd-u6020-10-10v\\\/#primaryimage\"},\"image\":{\"@id\":\"https:\\\/\\\/vmsport.fi\\\/verkkokauppa\\\/varaosat\\\/vaihteistot\\\/takavaihtajat\\\/shimano-cues-takavaihtaja-rd-u6020-10-10v\\\/#primaryimage\"},\"thumbnailUrl\":\"https:\\\/\\\/vmsport.fi\\\/wp-content\\\/uploads\\\/2025\\\/03\\\/RD-U6020-10-shic219-primary-1-jpg-thumb-572-572-1.png\",\"datePublished\":\"2025-03-05T21:52:32+00:00\",\"dateModified\":\"2026-04-22T12:02:25+00:00\",\"breadcrumb\":{\"@id\":\"https:\\\/\\\/vmsport.fi\\\/verkkokauppa\\\/varaosat\\\/vaihteistot\\\/takavaihtajat\\\/shimano-cues-takavaihtaja-rd-u6020-10-10v\\\/#breadcrumb\"},\"inLanguage\":\"sv-SE\",\"potentialAction\":[{\"@type\":\"ReadAction\",\"target\":[\"https:\\\/\\\/vmsport.fi\\\/verkkokauppa\\\/varaosat\\\/vaihteistot\\\/takavaihtajat\\\/shimano-cues-takavaihtaja-rd-u6020-10-10v\\\/\"]}]},{\"@type\":\"ImageObject\",\"inLanguage\":\"sv-SE\",\"@id\":\"https:\\\/\\\/vmsport.fi\\\/verkkokauppa\\\/varaosat\\\/vaihteistot\\\/takavaihtajat\\\/shimano-cues-takavaihtaja-rd-u6020-10-10v\\\/#primaryimage\",\"url\":\"https:\\\/\\\/vmsport.fi\\\/wp-content\\\/uploads\\\/2025\\\/03\\\/RD-U6020-10-shic219-primary-1-jpg-thumb-572-572-1.png\",\"contentUrl\":\"https:\\\/\\\/vmsport.fi\\\/wp-content\\\/uploads\\\/2025\\\/03\\\/RD-U6020-10-shic219-primary-1-jpg-thumb-572-572-1.png\",\"width\":572,\"height\":572,\"caption\":\"RD-U6020-10-shic219-primary-1-jpg-thumb-572-572\"},{\"@type\":\"BreadcrumbList\",\"@id\":\"https:\\\/\\\/vmsport.fi\\\/verkkokauppa\\\/varaosat\\\/vaihteistot\\\/takavaihtajat\\\/shimano-cues-takavaihtaja-rd-u6020-10-10v\\\/#breadcrumb\",\"itemListElement\":[{\"@type\":\"ListItem\",\"position\":1,\"name\":\"Etusivu\",\"item\":\"https:\\\/\\\/vmsport.fi\\\/\"},{\"@type\":\"ListItem\",\"position\":2,\"name\":\"Online Store\",\"item\":\"https:\\\/\\\/vmsport.fi\\\/en\\\/online-store\\\/\"},{\"@type\":\"ListItem\",\"position\":3,\"name\":\"SHIMANO CUES Takavaihtaja RD-U6020-10 10v\"}]},{\"@type\":\"WebSite\",\"@id\":\"https:\\\/\\\/vmsport.fi\\\/#website\",\"url\":\"https:\\\/\\\/vmsport.fi\\\/\",\"name\":\"Vmsport\",\"description\":\"Kaikki py\u00f6r\u00e4ilyyn yhdest\u00e4 paikasta\",\"publisher\":{\"@id\":\"https:\\\/\\\/vmsport.fi\\\/#organization\"},\"potentialAction\":[{\"@type\":\"SearchAction\",\"target\":{\"@type\":\"EntryPoint\",\"urlTemplate\":\"https:\\\/\\\/vmsport.fi\\\/?s={search_term_string}\"},\"query-input\":{\"@type\":\"PropertyValueSpecification\",\"valueRequired\":true,\"valueName\":\"search_term_string\"}}],\"inLanguage\":\"sv-SE\"},{\"@type\":\"Organization\",\"@id\":\"https:\\\/\\\/vmsport.fi\\\/#organization\",\"name\":\"Vmsport\",\"url\":\"https:\\\/\\\/vmsport.fi\\\/\",\"logo\":{\"@type\":\"ImageObject\",\"inLanguage\":\"sv-SE\",\"@id\":\"https:\\\/\\\/vmsport.fi\\\/#\\\/schema\\\/logo\\\/image\\\/\",\"url\":\"https:\\\/\\\/vmsport.fi\\\/wp-content\\\/uploads\\\/2024\\\/12\\\/vm_sport_RGB_horisontal-e1734526017575.png\",\"contentUrl\":\"https:\\\/\\\/vmsport.fi\\\/wp-content\\\/uploads\\\/2024\\\/12\\\/vm_sport_RGB_horisontal-e1734526017575.png\",\"width\":668,\"height\":85,\"caption\":\"Vmsport\"},\"image\":{\"@id\":\"https:\\\/\\\/vmsport.fi\\\/#\\\/schema\\\/logo\\\/image\\\/\"},\"sameAs\":[\"https:\\\/\\\/www.facebook.com\\\/Vmsport.fi\\\/\",\"https:\\\/\\\/www.instagram.com\\\/vmsport\\\/\"]}]}<\/script>\n<!-- \/ Yoast SEO plugin. -->","yoast_head_json":{"title":"SHIMANO CUES Bakv\u00e4xel RD-U6020-10 10v - VM Sport","robots":{"index":"index","follow":"follow","max-snippet":"max-snippet:-1","max-image-preview":"max-image-preview:large","max-video-preview":"max-video-preview:-1"},"canonical":"https:\/\/vmsport.fi\/sv\/webbutik\/reservdelar\/vaxellador\/bakre-vaxlar\/shimano-cues-bakvaxel-rd-u6020-10-10v\/","og_locale":"sv_SE","og_type":"article","og_title":"SHIMANO CUES Takavaihtaja RD-U6020-10 10v - VM Sport","og_description":"SHIMANO CUES Takavaihtaja RD-U6020-10 10v on osa CUES U6000 -sarjaa, joka on suunniteltu erityisesti urheilullista kaupunkipy\u00f6r\u00e4ily\u00e4, retkeily\u00e4 ja maastopy\u00f6r\u00e4ily\u00e4 varten. Sen 2&#215;10-vaihteinen j\u00e4rjestelm\u00e4 on yhteensopiva Shimano MTB 10-vaihteisten (Linkglide) voimansiirtojen kanssa. Shadow RD -suunnittelu tarjoaa matalaprofiilisen rakenteen, joka v\u00e4hent\u00e4\u00e4 mahdollisia vahinkoja ja huollon tarvetta. Vaihteiden sulava toiminta mahdollistaa tehokkaan ja hiljaisen ajon eri maastoissa, olipa [...]L\u00e4s mer \u2026 from SHIMANO CUES Takavaihtaja RD-U6020-10 10v","og_url":"https:\/\/vmsport.fi\/sv\/webbutik\/reservdelar\/vaxellador\/bakre-vaxlar\/shimano-cues-bakvaxel-rd-u6020-10-10v\/","og_site_name":"VM Sport","article_publisher":"https:\/\/www.facebook.com\/Vmsport.fi\/","article_modified_time":"2026-04-22T12:02:25+00:00","og_image":[{"width":572,"height":572,"url":"https:\/\/vmsport.fi\/wp-content\/uploads\/2025\/03\/RD-U6020-10-shic219-primary-1-jpg-thumb-572-572-1.png","type":"image\/png"}],"twitter_card":"summary_large_image","twitter_misc":{"Ber\u00e4knad l\u00e4stid":"1 minut"},"schema":{"@context":"https:\/\/schema.org","@graph":[{"@type":["WebPage","ItemPage"],"@id":"https:\/\/vmsport.fi\/verkkokauppa\/varaosat\/vaihteistot\/takavaihtajat\/shimano-cues-takavaihtaja-rd-u6020-10-10v\/","url":"https:\/\/vmsport.fi\/verkkokauppa\/varaosat\/vaihteistot\/takavaihtajat\/shimano-cues-takavaihtaja-rd-u6020-10-10v\/","name":"SHIMANO CUES Bakv\u00e4xel RD-U6020-10 10v - VM Sport","isPartOf":{"@id":"https:\/\/vmsport.fi\/#website"},"primaryImageOfPage":{"@id":"https:\/\/vmsport.fi\/verkkokauppa\/varaosat\/vaihteistot\/takavaihtajat\/shimano-cues-takavaihtaja-rd-u6020-10-10v\/#primaryimage"},"image":{"@id":"https:\/\/vmsport.fi\/verkkokauppa\/varaosat\/vaihteistot\/takavaihtajat\/shimano-cues-takavaihtaja-rd-u6020-10-10v\/#primaryimage"},"thumbnailUrl":"https:\/\/vmsport.fi\/wp-content\/uploads\/2025\/03\/RD-U6020-10-shic219-primary-1-jpg-thumb-572-572-1.png","datePublished":"2025-03-05T21:52:32+00:00","dateModified":"2026-04-22T12:02:25+00:00","breadcrumb":{"@id":"https:\/\/vmsport.fi\/verkkokauppa\/varaosat\/vaihteistot\/takavaihtajat\/shimano-cues-takavaihtaja-rd-u6020-10-10v\/#breadcrumb"},"inLanguage":"sv-SE","potentialAction":[{"@type":"ReadAction","target":["https:\/\/vmsport.fi\/verkkokauppa\/varaosat\/vaihteistot\/takavaihtajat\/shimano-cues-takavaihtaja-rd-u6020-10-10v\/"]}]},{"@type":"ImageObject","inLanguage":"sv-SE","@id":"https:\/\/vmsport.fi\/verkkokauppa\/varaosat\/vaihteistot\/takavaihtajat\/shimano-cues-takavaihtaja-rd-u6020-10-10v\/#primaryimage","url":"https:\/\/vmsport.fi\/wp-content\/uploads\/2025\/03\/RD-U6020-10-shic219-primary-1-jpg-thumb-572-572-1.png","contentUrl":"https:\/\/vmsport.fi\/wp-content\/uploads\/2025\/03\/RD-U6020-10-shic219-primary-1-jpg-thumb-572-572-1.png","width":572,"height":572,"caption":"RD-U6020-10-shic219-primary-1-jpg-thumb-572-572"},{"@type":"BreadcrumbList","@id":"https:\/\/vmsport.fi\/verkkokauppa\/varaosat\/vaihteistot\/takavaihtajat\/shimano-cues-takavaihtaja-rd-u6020-10-10v\/#breadcrumb","itemListElement":[{"@type":"ListItem","position":1,"name":"Etusivu","item":"https:\/\/vmsport.fi\/"},{"@type":"ListItem","position":2,"name":"Online Store","item":"https:\/\/vmsport.fi\/en\/online-store\/"},{"@type":"ListItem","position":3,"name":"SHIMANO CUES Takavaihtaja RD-U6020-10 10v"}]},{"@type":"WebSite","@id":"https:\/\/vmsport.fi\/#website","url":"https:\/\/vmsport.fi\/","name":"Vmsport","description":"Allt p\u00e5 ett st\u00e4lle f\u00f6r cykling","publisher":{"@id":"https:\/\/vmsport.fi\/#organization"},"potentialAction":[{"@type":"SearchAction","target":{"@type":"EntryPoint","urlTemplate":"https:\/\/vmsport.fi\/?s={search_term_string}"},"query-input":{"@type":"PropertyValueSpecification","valueRequired":true,"valueName":"search_term_string"}}],"inLanguage":"sv-SE"},{"@type":"Organization","@id":"https:\/\/vmsport.fi\/#organization","name":"Vmsport","url":"https:\/\/vmsport.fi\/","logo":{"@type":"ImageObject","inLanguage":"sv-SE","@id":"https:\/\/vmsport.fi\/#\/schema\/logo\/image\/","url":"https:\/\/vmsport.fi\/wp-content\/uploads\/2024\/12\/vm_sport_RGB_horisontal-e1734526017575.png","contentUrl":"https:\/\/vmsport.fi\/wp-content\/uploads\/2024\/12\/vm_sport_RGB_horisontal-e1734526017575.png","width":668,"height":85,"caption":"Vmsport"},"image":{"@id":"https:\/\/vmsport.fi\/#\/schema\/logo\/image\/"},"sameAs":["https:\/\/www.facebook.com\/Vmsport.fi\/","https:\/\/www.instagram.com\/vmsport\/"]}]}},"global_unique_id":"","_links":{"self":[{"href":"https:\/\/vmsport.fi\/sv\/wp-json\/wp\/v2\/product\/54324","targetHints":{"allow":["GET"]}}],"collection":[{"href":"https:\/\/vmsport.fi\/sv\/wp-json\/wp\/v2\/product"}],"about":[{"href":"https:\/\/vmsport.fi\/sv\/wp-json\/wp\/v2\/types\/product"}],"replies":[{"embeddable":true,"href":"https:\/\/vmsport.fi\/sv\/wp-json\/wp\/v2\/comments?post=54324"}],"wp:featuredmedia":[{"embeddable":true,"href":"https:\/\/vmsport.fi\/sv\/wp-json\/wp\/v2\/media\/54323"}],"wp:attachment":[{"href":"https:\/\/vmsport.fi\/sv\/wp-json\/wp\/v2\/media?parent=54324"}],"wp:term":[{"taxonomy":"product_brand","embeddable":true,"href":"https:\/\/vmsport.fi\/sv\/wp-json\/wp\/v2\/product_brand?post=54324"},{"taxonomy":"product_model","embeddable":true,"href":"https:\/\/vmsport.fi\/sv\/wp-json\/wp\/v2\/product_model?post=54324"},{"taxonomy":"product_cat","embeddable":true,"href":"https:\/\/vmsport.fi\/sv\/wp-json\/wp\/v2\/product_cat?post=54324"},{"taxonomy":"product_tag","embeddable":true,"href":"https:\/\/vmsport.fi\/sv\/wp-json\/wp\/v2\/product_tag?post=54324"},{"taxonomy":"industry_terminology","embeddable":true,"href":"https:\/\/vmsport.fi\/sv\/wp-json\/wp\/v2\/industry-terminology?post=54324"}],"curies":[{"name":"wp","href":"https:\/\/api.w.org\/{rel}","templated":true}]}}