{"id":54316,"date":"2025-03-05T23:52:27","date_gmt":"2025-03-05T21:52:27","guid":{"rendered":"https:\/\/vmsport.fi\/verkkokauppa\/Ei-luokiteltu\/bontrager-long-chainstay-protector\/"},"modified":"2026-01-16T13:25:50","modified_gmt":"2026-01-16T11:25:50","slug":"bontrager-long-chainstay-protector","status":"publish","type":"product","link":"https:\/\/vmsport.fi\/sv\/verkkokauppa\/tarvikkeet\/muut-oheistuotteet\/bontrager-long-chainstay-protector\/","title":{"rendered":"Bontrager skydd f\u00f6r l\u00e5nga kedjestag"},"content":{"rendered":"<p>Bontrager Long Chainstay Protector suojaa tehokkaasti py\u00f6r\u00e4n takahaarukan alaputkea, est\u00e4en ketjun ly\u00f6nnit ja roskien aiheuttamat vauriot, s\u00e4ilytt\u00e4en samalla py\u00f6r\u00e4n tyylikkyyden ja toimintavarmuuden. Tyylik\u00e4s musta muotoilu sulautuu saumattomasti eri py\u00f6r\u00e4tyyleihin. Helppo asennettavuus tekee siit\u00e4 hy\u00f6dyllisen lis\u00e4n jokaiselle py\u00f6r\u00e4ilij\u00e4lle. Kest\u00e4v\u00e4 materiaali takaa pitk\u00e4ik\u00e4isen suojan ja erinomaisen suorituskyvyn.<\/p>","protected":false},"excerpt":{"rendered":"<p>Bontrager Long Chainstay Protector suojaa tehokkaasti py\u00f6r\u00e4n takahaarukan alaputkea, est\u00e4en ketjun ly\u00f6nnit ja roskien aiheuttamat vauriot, s\u00e4ilytt\u00e4en samalla py\u00f6r\u00e4n tyylikkyyden ja toimintavarmuuden. Tyylik\u00e4s musta muotoilu sulautuu saumattomasti eri py\u00f6r\u00e4tyyleihin. Helppo asennettavuus tekee siit\u00e4 hy\u00f6dyllisen lis\u00e4n jokaiselle py\u00f6r\u00e4ilij\u00e4lle. Kest\u00e4v\u00e4 materiaali takaa pitk\u00e4ik\u00e4isen suojan ja erinomaisen suorituskyvyn. [&#8230;]<\/p>\n<p><a class=\"btn btn-secondary understrap-read-more-link\" href=\"https:\/\/vmsport.fi\/sv\/verkkokauppa\/tarvikkeet\/muut-oheistuotteet\/bontrager-long-chainstay-protector\/\">L\u00e4s mer \u2026<span class=\"screen-reader-text\"> from Bontrager Long Chainstay Protector<\/span><\/a><\/p>\n","protected":false},"featured_media":54315,"comment_status":"open","ping_status":"closed","template":"","meta":{"_acf_changed":false,"_improvement_type_select":"improve_an_existing","_thumb_yes_seoaic":false,"_frame_yes_seoaic":false,"seoaic_generate_description":"","seoaic_improve_instructions_prompt":"","seoaic_rollback_content_improvement":"","seoaic_idea_thumbnail_generator":"","thumbnail_generated":false,"thumbnail_generate_prompt":"","seoaic_article_description":"","_supplier_stock_quantity":0},"product_brand":[],"product_model":[],"product_cat":[9296],"product_tag":[],"industry-terminology":[],"class_list":{"0":"post-54316","1":"product","2":"type-product","3":"status-publish","4":"has-post-thumbnail","6":"product_cat-muut-oheistuotteet","8":"first","9":"outofstock","10":"taxable","11":"shipping-taxable","12":"product-type-simple"},"acf":{"bike_features":null,"overview":{"copy_overview":null,"key_features":null,"statement":"","youtube_url":""}},"yoast_head":"<!-- This site is optimized with the Yoast SEO plugin v27.3 - https:\/\/yoast.com\/product\/yoast-seo-wordpress\/ -->\n<title>Bontrager Long Chainstay Protector - VM Sport<\/title>\n<meta name=\"robots\" content=\"index, follow, max-snippet:-1, max-image-preview:large, max-video-preview:-1\" \/>\n<link rel=\"canonical\" href=\"https:\/\/vmsport.fi\/sv\/webbutik\/tillbehor\/andra-kompletterande-produkter\/bontrager-long-chainstay-protector\/\" \/>\n<meta property=\"og:locale\" content=\"sv_SE\" \/>\n<meta property=\"og:type\" content=\"article\" \/>\n<meta property=\"og:title\" content=\"Bontrager Long Chainstay Protector - VM Sport\" \/>\n<meta property=\"og:description\" content=\"Bontrager Long Chainstay Protector suojaa tehokkaasti py\u00f6r\u00e4n takahaarukan alaputkea, est\u00e4en ketjun ly\u00f6nnit ja roskien aiheuttamat vauriot, s\u00e4ilytt\u00e4en samalla py\u00f6r\u00e4n tyylikkyyden ja toimintavarmuuden. Tyylik\u00e4s musta muotoilu sulautuu saumattomasti eri py\u00f6r\u00e4tyyleihin. Helppo asennettavuus tekee siit\u00e4 hy\u00f6dyllisen lis\u00e4n jokaiselle py\u00f6r\u00e4ilij\u00e4lle. Kest\u00e4v\u00e4 materiaali takaa pitk\u00e4ik\u00e4isen suojan ja erinomaisen suorituskyvyn. [...]L\u00e4s mer \u2026 from Bontrager Long Chainstay Protector\" \/>\n<meta property=\"og:url\" content=\"https:\/\/vmsport.fi\/sv\/webbutik\/tillbehor\/andra-kompletterande-produkter\/bontrager-long-chainstay-protector\/\" \/>\n<meta property=\"og:site_name\" content=\"VM Sport\" \/>\n<meta property=\"article:publisher\" content=\"https:\/\/www.facebook.com\/Vmsport.fi\/\" \/>\n<meta property=\"article:modified_time\" content=\"2026-01-16T11:25:50+00:00\" \/>\n<meta property=\"og:image\" content=\"https:\/\/vmsport.fi\/wp-content\/uploads\/2025\/03\/BoTUeP4AFrravrdLXwJXcqjliBXVhT7vmGpvM4YCUuo7ZDpo6a-1.jpg\" \/>\n\t<meta property=\"og:image:width\" content=\"400\" \/>\n\t<meta property=\"og:image:height\" content=\"175\" \/>\n\t<meta property=\"og:image:type\" content=\"image\/jpeg\" \/>\n<meta name=\"twitter:card\" content=\"summary_large_image\" \/>\n<script type=\"application\/ld+json\" class=\"yoast-schema-graph\">{\"@context\":\"https:\\\/\\\/schema.org\",\"@graph\":[{\"@type\":[\"WebPage\",\"ItemPage\"],\"@id\":\"https:\\\/\\\/vmsport.fi\\\/verkkokauppa\\\/tarvikkeet\\\/muut-oheistuotteet\\\/bontrager-long-chainstay-protector\\\/\",\"url\":\"https:\\\/\\\/vmsport.fi\\\/verkkokauppa\\\/tarvikkeet\\\/muut-oheistuotteet\\\/bontrager-long-chainstay-protector\\\/\",\"name\":\"Bontrager Long Chainstay Protector - VM Sport\",\"isPartOf\":{\"@id\":\"https:\\\/\\\/vmsport.fi\\\/#website\"},\"primaryImageOfPage\":{\"@id\":\"https:\\\/\\\/vmsport.fi\\\/verkkokauppa\\\/tarvikkeet\\\/muut-oheistuotteet\\\/bontrager-long-chainstay-protector\\\/#primaryimage\"},\"image\":{\"@id\":\"https:\\\/\\\/vmsport.fi\\\/verkkokauppa\\\/tarvikkeet\\\/muut-oheistuotteet\\\/bontrager-long-chainstay-protector\\\/#primaryimage\"},\"thumbnailUrl\":\"https:\\\/\\\/vmsport.fi\\\/wp-content\\\/uploads\\\/2025\\\/03\\\/BoTUeP4AFrravrdLXwJXcqjliBXVhT7vmGpvM4YCUuo7ZDpo6a-1.jpg\",\"datePublished\":\"2025-03-05T21:52:27+00:00\",\"dateModified\":\"2026-01-16T11:25:50+00:00\",\"breadcrumb\":{\"@id\":\"https:\\\/\\\/vmsport.fi\\\/verkkokauppa\\\/tarvikkeet\\\/muut-oheistuotteet\\\/bontrager-long-chainstay-protector\\\/#breadcrumb\"},\"inLanguage\":\"sv-SE\",\"potentialAction\":[{\"@type\":\"ReadAction\",\"target\":[\"https:\\\/\\\/vmsport.fi\\\/verkkokauppa\\\/tarvikkeet\\\/muut-oheistuotteet\\\/bontrager-long-chainstay-protector\\\/\"]}]},{\"@type\":\"ImageObject\",\"inLanguage\":\"sv-SE\",\"@id\":\"https:\\\/\\\/vmsport.fi\\\/verkkokauppa\\\/tarvikkeet\\\/muut-oheistuotteet\\\/bontrager-long-chainstay-protector\\\/#primaryimage\",\"url\":\"https:\\\/\\\/vmsport.fi\\\/wp-content\\\/uploads\\\/2025\\\/03\\\/BoTUeP4AFrravrdLXwJXcqjliBXVhT7vmGpvM4YCUuo7ZDpo6a-1.jpg\",\"contentUrl\":\"https:\\\/\\\/vmsport.fi\\\/wp-content\\\/uploads\\\/2025\\\/03\\\/BoTUeP4AFrravrdLXwJXcqjliBXVhT7vmGpvM4YCUuo7ZDpo6a-1.jpg\",\"width\":400,\"height\":175,\"caption\":\"BoTUeP4AFrravrdLXwJXcqjliBXVhT7vmGpvM4YCUuo7ZDpo6a\"},{\"@type\":\"BreadcrumbList\",\"@id\":\"https:\\\/\\\/vmsport.fi\\\/verkkokauppa\\\/tarvikkeet\\\/muut-oheistuotteet\\\/bontrager-long-chainstay-protector\\\/#breadcrumb\",\"itemListElement\":[{\"@type\":\"ListItem\",\"position\":1,\"name\":\"Etusivu\",\"item\":\"https:\\\/\\\/vmsport.fi\\\/\"},{\"@type\":\"ListItem\",\"position\":2,\"name\":\"Online Store\",\"item\":\"https:\\\/\\\/vmsport.fi\\\/en\\\/online-store\\\/\"},{\"@type\":\"ListItem\",\"position\":3,\"name\":\"Bontrager Long Chainstay Protector\"}]},{\"@type\":\"WebSite\",\"@id\":\"https:\\\/\\\/vmsport.fi\\\/#website\",\"url\":\"https:\\\/\\\/vmsport.fi\\\/\",\"name\":\"Vmsport\",\"description\":\"Kaikki py\u00f6r\u00e4ilyyn yhdest\u00e4 paikasta\",\"publisher\":{\"@id\":\"https:\\\/\\\/vmsport.fi\\\/#organization\"},\"potentialAction\":[{\"@type\":\"SearchAction\",\"target\":{\"@type\":\"EntryPoint\",\"urlTemplate\":\"https:\\\/\\\/vmsport.fi\\\/?s={search_term_string}\"},\"query-input\":{\"@type\":\"PropertyValueSpecification\",\"valueRequired\":true,\"valueName\":\"search_term_string\"}}],\"inLanguage\":\"sv-SE\"},{\"@type\":\"Organization\",\"@id\":\"https:\\\/\\\/vmsport.fi\\\/#organization\",\"name\":\"Vmsport\",\"url\":\"https:\\\/\\\/vmsport.fi\\\/\",\"logo\":{\"@type\":\"ImageObject\",\"inLanguage\":\"sv-SE\",\"@id\":\"https:\\\/\\\/vmsport.fi\\\/#\\\/schema\\\/logo\\\/image\\\/\",\"url\":\"https:\\\/\\\/vmsport.fi\\\/wp-content\\\/uploads\\\/2024\\\/12\\\/vm_sport_RGB_horisontal-e1734526017575.png\",\"contentUrl\":\"https:\\\/\\\/vmsport.fi\\\/wp-content\\\/uploads\\\/2024\\\/12\\\/vm_sport_RGB_horisontal-e1734526017575.png\",\"width\":668,\"height\":85,\"caption\":\"Vmsport\"},\"image\":{\"@id\":\"https:\\\/\\\/vmsport.fi\\\/#\\\/schema\\\/logo\\\/image\\\/\"},\"sameAs\":[\"https:\\\/\\\/www.facebook.com\\\/Vmsport.fi\\\/\",\"https:\\\/\\\/www.instagram.com\\\/vmsport\\\/\"]}]}<\/script>\n<!-- \/ Yoast SEO plugin. -->","yoast_head_json":{"title":"Bontrager Long Chainstay Protector - VM Sport","robots":{"index":"index","follow":"follow","max-snippet":"max-snippet:-1","max-image-preview":"max-image-preview:large","max-video-preview":"max-video-preview:-1"},"canonical":"https:\/\/vmsport.fi\/sv\/webbutik\/tillbehor\/andra-kompletterande-produkter\/bontrager-long-chainstay-protector\/","og_locale":"sv_SE","og_type":"article","og_title":"Bontrager Long Chainstay Protector - VM Sport","og_description":"Bontrager Long Chainstay Protector suojaa tehokkaasti py\u00f6r\u00e4n takahaarukan alaputkea, est\u00e4en ketjun ly\u00f6nnit ja roskien aiheuttamat vauriot, s\u00e4ilytt\u00e4en samalla py\u00f6r\u00e4n tyylikkyyden ja toimintavarmuuden. Tyylik\u00e4s musta muotoilu sulautuu saumattomasti eri py\u00f6r\u00e4tyyleihin. Helppo asennettavuus tekee siit\u00e4 hy\u00f6dyllisen lis\u00e4n jokaiselle py\u00f6r\u00e4ilij\u00e4lle. Kest\u00e4v\u00e4 materiaali takaa pitk\u00e4ik\u00e4isen suojan ja erinomaisen suorituskyvyn. [...]L\u00e4s mer \u2026 from Bontrager Long Chainstay Protector","og_url":"https:\/\/vmsport.fi\/sv\/webbutik\/tillbehor\/andra-kompletterande-produkter\/bontrager-long-chainstay-protector\/","og_site_name":"VM Sport","article_publisher":"https:\/\/www.facebook.com\/Vmsport.fi\/","article_modified_time":"2026-01-16T11:25:50+00:00","og_image":[{"width":400,"height":175,"url":"https:\/\/vmsport.fi\/wp-content\/uploads\/2025\/03\/BoTUeP4AFrravrdLXwJXcqjliBXVhT7vmGpvM4YCUuo7ZDpo6a-1.jpg","type":"image\/jpeg"}],"twitter_card":"summary_large_image","schema":{"@context":"https:\/\/schema.org","@graph":[{"@type":["WebPage","ItemPage"],"@id":"https:\/\/vmsport.fi\/verkkokauppa\/tarvikkeet\/muut-oheistuotteet\/bontrager-long-chainstay-protector\/","url":"https:\/\/vmsport.fi\/verkkokauppa\/tarvikkeet\/muut-oheistuotteet\/bontrager-long-chainstay-protector\/","name":"Bontrager Long Chainstay Protector - VM Sport","isPartOf":{"@id":"https:\/\/vmsport.fi\/#website"},"primaryImageOfPage":{"@id":"https:\/\/vmsport.fi\/verkkokauppa\/tarvikkeet\/muut-oheistuotteet\/bontrager-long-chainstay-protector\/#primaryimage"},"image":{"@id":"https:\/\/vmsport.fi\/verkkokauppa\/tarvikkeet\/muut-oheistuotteet\/bontrager-long-chainstay-protector\/#primaryimage"},"thumbnailUrl":"https:\/\/vmsport.fi\/wp-content\/uploads\/2025\/03\/BoTUeP4AFrravrdLXwJXcqjliBXVhT7vmGpvM4YCUuo7ZDpo6a-1.jpg","datePublished":"2025-03-05T21:52:27+00:00","dateModified":"2026-01-16T11:25:50+00:00","breadcrumb":{"@id":"https:\/\/vmsport.fi\/verkkokauppa\/tarvikkeet\/muut-oheistuotteet\/bontrager-long-chainstay-protector\/#breadcrumb"},"inLanguage":"sv-SE","potentialAction":[{"@type":"ReadAction","target":["https:\/\/vmsport.fi\/verkkokauppa\/tarvikkeet\/muut-oheistuotteet\/bontrager-long-chainstay-protector\/"]}]},{"@type":"ImageObject","inLanguage":"sv-SE","@id":"https:\/\/vmsport.fi\/verkkokauppa\/tarvikkeet\/muut-oheistuotteet\/bontrager-long-chainstay-protector\/#primaryimage","url":"https:\/\/vmsport.fi\/wp-content\/uploads\/2025\/03\/BoTUeP4AFrravrdLXwJXcqjliBXVhT7vmGpvM4YCUuo7ZDpo6a-1.jpg","contentUrl":"https:\/\/vmsport.fi\/wp-content\/uploads\/2025\/03\/BoTUeP4AFrravrdLXwJXcqjliBXVhT7vmGpvM4YCUuo7ZDpo6a-1.jpg","width":400,"height":175,"caption":"BoTUeP4AFrravrdLXwJXcqjliBXVhT7vmGpvM4YCUuo7ZDpo6a"},{"@type":"BreadcrumbList","@id":"https:\/\/vmsport.fi\/verkkokauppa\/tarvikkeet\/muut-oheistuotteet\/bontrager-long-chainstay-protector\/#breadcrumb","itemListElement":[{"@type":"ListItem","position":1,"name":"Etusivu","item":"https:\/\/vmsport.fi\/"},{"@type":"ListItem","position":2,"name":"Online Store","item":"https:\/\/vmsport.fi\/en\/online-store\/"},{"@type":"ListItem","position":3,"name":"Bontrager Long Chainstay Protector"}]},{"@type":"WebSite","@id":"https:\/\/vmsport.fi\/#website","url":"https:\/\/vmsport.fi\/","name":"Vmsport","description":"Allt p\u00e5 ett st\u00e4lle f\u00f6r cykling","publisher":{"@id":"https:\/\/vmsport.fi\/#organization"},"potentialAction":[{"@type":"SearchAction","target":{"@type":"EntryPoint","urlTemplate":"https:\/\/vmsport.fi\/?s={search_term_string}"},"query-input":{"@type":"PropertyValueSpecification","valueRequired":true,"valueName":"search_term_string"}}],"inLanguage":"sv-SE"},{"@type":"Organization","@id":"https:\/\/vmsport.fi\/#organization","name":"Vmsport","url":"https:\/\/vmsport.fi\/","logo":{"@type":"ImageObject","inLanguage":"sv-SE","@id":"https:\/\/vmsport.fi\/#\/schema\/logo\/image\/","url":"https:\/\/vmsport.fi\/wp-content\/uploads\/2024\/12\/vm_sport_RGB_horisontal-e1734526017575.png","contentUrl":"https:\/\/vmsport.fi\/wp-content\/uploads\/2024\/12\/vm_sport_RGB_horisontal-e1734526017575.png","width":668,"height":85,"caption":"Vmsport"},"image":{"@id":"https:\/\/vmsport.fi\/#\/schema\/logo\/image\/"},"sameAs":["https:\/\/www.facebook.com\/Vmsport.fi\/","https:\/\/www.instagram.com\/vmsport\/"]}]}},"global_unique_id":"","_links":{"self":[{"href":"https:\/\/vmsport.fi\/sv\/wp-json\/wp\/v2\/product\/54316","targetHints":{"allow":["GET"]}}],"collection":[{"href":"https:\/\/vmsport.fi\/sv\/wp-json\/wp\/v2\/product"}],"about":[{"href":"https:\/\/vmsport.fi\/sv\/wp-json\/wp\/v2\/types\/product"}],"replies":[{"embeddable":true,"href":"https:\/\/vmsport.fi\/sv\/wp-json\/wp\/v2\/comments?post=54316"}],"wp:featuredmedia":[{"embeddable":true,"href":"https:\/\/vmsport.fi\/sv\/wp-json\/wp\/v2\/media\/54315"}],"wp:attachment":[{"href":"https:\/\/vmsport.fi\/sv\/wp-json\/wp\/v2\/media?parent=54316"}],"wp:term":[{"taxonomy":"product_brand","embeddable":true,"href":"https:\/\/vmsport.fi\/sv\/wp-json\/wp\/v2\/product_brand?post=54316"},{"taxonomy":"product_model","embeddable":true,"href":"https:\/\/vmsport.fi\/sv\/wp-json\/wp\/v2\/product_model?post=54316"},{"taxonomy":"product_cat","embeddable":true,"href":"https:\/\/vmsport.fi\/sv\/wp-json\/wp\/v2\/product_cat?post=54316"},{"taxonomy":"product_tag","embeddable":true,"href":"https:\/\/vmsport.fi\/sv\/wp-json\/wp\/v2\/product_tag?post=54316"},{"taxonomy":"industry_terminology","embeddable":true,"href":"https:\/\/vmsport.fi\/sv\/wp-json\/wp\/v2\/industry-terminology?post=54316"}],"curies":[{"name":"wp","href":"https:\/\/api.w.org\/{rel}","templated":true}]}}