{"id":54314,"date":"2025-03-05T23:52:26","date_gmt":"2025-03-05T21:52:26","guid":{"rendered":"https:\/\/vmsport.fi\/verkkokauppa\/Ei-luokiteltu\/vaihdevipu-nexus3-2000mm-sis-vaihdekellon\/"},"modified":"2026-02-24T02:00:41","modified_gmt":"2026-02-24T00:00:41","slug":"vaxelspak-nexus3-2000mm-inkl-vaxelklocka","status":"publish","type":"product","link":"https:\/\/vmsport.fi\/sv\/verkkokauppa\/varaosat\/vaihteistot\/vaihdevipu-nexus3-2000mm-sis-vaihdekellon\/","title":{"rendered":"V\u00e4xelspak Nexus3 2000mm inkl. v\u00e4xelklocka"},"content":{"rendered":"<p>Shimano Nexus 3-v\u00e4xelspaken \u00e4r utformad f\u00f6r inbyggda v\u00e4xlar och erbjuder tillf\u00f6rlitlig prestanda f\u00f6r stadscykling. Den har en kabell\u00e4ngd p\u00e5 2000 mm, vilket g\u00f6r den kompatibel med en m\u00e4ngd olika cykelf\u00e4sten. Den h\u00e4r komponenten g\u00f6r det enkelt och smidigt att v\u00e4xla och dess ergonomiska design f\u00f6rb\u00e4ttrar anv\u00e4ndarkomforten. Den omsorgsfullt utformade spaken kombinerar funktionalitet och h\u00e5llbarhet, vilket g\u00f6r den till ett utm\u00e4rkt val f\u00f6r vardagscykling.<\/p>","protected":false},"excerpt":{"rendered":"<p>Shimano Nexus 3-vaihdevipu on suunniteltu sis\u00e4\u00e4nrakennetuille vaihteistoille ja se tarjoaa luotettavan suorituskyvyn kaupunkipy\u00f6r\u00e4ilyyn. Sen vaijerin pituus on 2000 mm, mik\u00e4 tekee siit\u00e4 yhteensopivan erilaisten py\u00f6r\u00e4asennusten kanssa. T\u00e4m\u00e4 komponentti tekee vaihteiden vaihdosta helppoa ja sujuvaa, ja sen ergonominen muotoilu parantaa k\u00e4ytt\u00f6mukavuutta. Huolellisesti suunniteltu vipu yhdist\u00e4\u00e4 k\u00e4yt\u00e4nn\u00f6llisyyden ja kest\u00e4vyyden, mik\u00e4 tekee siit\u00e4 erinomaista valintaa arkipy\u00f6r\u00e4ilyyn. [&#8230;]<\/p>\n<p><a class=\"btn btn-secondary understrap-read-more-link\" href=\"https:\/\/vmsport.fi\/sv\/verkkokauppa\/varaosat\/vaihteistot\/vaihdevipu-nexus3-2000mm-sis-vaihdekellon\/\">L\u00e4s mer \u2026<span class=\"screen-reader-text\"> from Vaihdevipu Nexus3 2000mm sis vaihdekellon<\/span><\/a><\/p>\n","protected":false},"featured_media":54312,"comment_status":"open","ping_status":"closed","template":"","meta":{"_acf_changed":false,"_improvement_type_select":"improve_an_existing","_thumb_yes_seoaic":false,"_frame_yes_seoaic":false,"seoaic_generate_description":"","seoaic_improve_instructions_prompt":"","seoaic_rollback_content_improvement":"","seoaic_idea_thumbnail_generator":"","thumbnail_generated":false,"thumbnail_generate_prompt":"","seoaic_article_description":"","_supplier_stock_quantity":0},"product_brand":[],"product_model":[],"product_cat":[9316],"product_tag":[],"industry-terminology":[],"class_list":{"0":"post-54314","1":"product","2":"type-product","3":"status-publish","4":"has-post-thumbnail","6":"product_cat-vaihteistot","8":"first","9":"instock","10":"taxable","11":"shipping-taxable","12":"purchasable","13":"product-type-simple"},"acf":{"bike_features":null,"overview":{"copy_overview":null,"key_features":null,"statement":"","youtube_url":""}},"yoast_head":"<!-- This site is optimized with the Yoast SEO plugin v27.3 - https:\/\/yoast.com\/product\/yoast-seo-wordpress\/ -->\n<title>Vaihdevipu Nexus3 2000mm sis vaihdekellon - VM Sport<\/title>\n<meta name=\"robots\" content=\"index, follow, max-snippet:-1, max-image-preview:large, max-video-preview:-1\" \/>\n<link rel=\"canonical\" href=\"https:\/\/vmsport.fi\/sv\/webbutik\/reservdelar\/vaxellador\/vaxelspak-nexus3-2000mm-inkl-vaxelklocka\/\" \/>\n<meta property=\"og:locale\" content=\"sv_SE\" \/>\n<meta property=\"og:type\" content=\"article\" \/>\n<meta property=\"og:title\" content=\"Vaihdevipu Nexus3 2000mm sis vaihdekellon - VM Sport\" \/>\n<meta property=\"og:description\" content=\"Shimano Nexus 3-vaihdevipu on suunniteltu sis\u00e4\u00e4nrakennetuille vaihteistoille ja se tarjoaa luotettavan suorituskyvyn kaupunkipy\u00f6r\u00e4ilyyn. Sen vaijerin pituus on 2000 mm, mik\u00e4 tekee siit\u00e4 yhteensopivan erilaisten py\u00f6r\u00e4asennusten kanssa. T\u00e4m\u00e4 komponentti tekee vaihteiden vaihdosta helppoa ja sujuvaa, ja sen ergonominen muotoilu parantaa k\u00e4ytt\u00f6mukavuutta. Huolellisesti suunniteltu vipu yhdist\u00e4\u00e4 k\u00e4yt\u00e4nn\u00f6llisyyden ja kest\u00e4vyyden, mik\u00e4 tekee siit\u00e4 erinomaista valintaa arkipy\u00f6r\u00e4ilyyn. [...]L\u00e4s mer \u2026 from Vaihdevipu Nexus3 2000mm sis vaihdekellon\" \/>\n<meta property=\"og:url\" content=\"https:\/\/vmsport.fi\/sv\/webbutik\/reservdelar\/vaxellador\/vaxelspak-nexus3-2000mm-inkl-vaxelklocka\/\" \/>\n<meta property=\"og:site_name\" content=\"VM Sport\" \/>\n<meta property=\"article:publisher\" content=\"https:\/\/www.facebook.com\/Vmsport.fi\/\" \/>\n<meta property=\"article:modified_time\" content=\"2026-02-24T00:00:41+00:00\" \/>\n<meta property=\"og:image\" content=\"https:\/\/vmsport.fi\/wp-content\/uploads\/2025\/03\/20180611-SL-3S41E-L-S1-1.jpg\" \/>\n\t<meta property=\"og:image:width\" content=\"600\" \/>\n\t<meta property=\"og:image:height\" content=\"600\" \/>\n\t<meta property=\"og:image:type\" content=\"image\/jpeg\" \/>\n<meta name=\"twitter:card\" content=\"summary_large_image\" \/>\n<script type=\"application\/ld+json\" class=\"yoast-schema-graph\">{\"@context\":\"https:\\\/\\\/schema.org\",\"@graph\":[{\"@type\":[\"WebPage\",\"ItemPage\"],\"@id\":\"https:\\\/\\\/vmsport.fi\\\/verkkokauppa\\\/varaosat\\\/vaihteistot\\\/vaihdevipu-nexus3-2000mm-sis-vaihdekellon\\\/\",\"url\":\"https:\\\/\\\/vmsport.fi\\\/verkkokauppa\\\/varaosat\\\/vaihteistot\\\/vaihdevipu-nexus3-2000mm-sis-vaihdekellon\\\/\",\"name\":\"Vaihdevipu Nexus3 2000mm sis vaihdekellon - VM Sport\",\"isPartOf\":{\"@id\":\"https:\\\/\\\/vmsport.fi\\\/#website\"},\"primaryImageOfPage\":{\"@id\":\"https:\\\/\\\/vmsport.fi\\\/verkkokauppa\\\/varaosat\\\/vaihteistot\\\/vaihdevipu-nexus3-2000mm-sis-vaihdekellon\\\/#primaryimage\"},\"image\":{\"@id\":\"https:\\\/\\\/vmsport.fi\\\/verkkokauppa\\\/varaosat\\\/vaihteistot\\\/vaihdevipu-nexus3-2000mm-sis-vaihdekellon\\\/#primaryimage\"},\"thumbnailUrl\":\"https:\\\/\\\/vmsport.fi\\\/wp-content\\\/uploads\\\/2025\\\/03\\\/20180611-SL-3S41E-L-S1-1.jpg\",\"datePublished\":\"2025-03-05T21:52:26+00:00\",\"dateModified\":\"2026-02-24T00:00:41+00:00\",\"breadcrumb\":{\"@id\":\"https:\\\/\\\/vmsport.fi\\\/verkkokauppa\\\/varaosat\\\/vaihteistot\\\/vaihdevipu-nexus3-2000mm-sis-vaihdekellon\\\/#breadcrumb\"},\"inLanguage\":\"sv-SE\",\"potentialAction\":[{\"@type\":\"ReadAction\",\"target\":[\"https:\\\/\\\/vmsport.fi\\\/verkkokauppa\\\/varaosat\\\/vaihteistot\\\/vaihdevipu-nexus3-2000mm-sis-vaihdekellon\\\/\"]}]},{\"@type\":\"ImageObject\",\"inLanguage\":\"sv-SE\",\"@id\":\"https:\\\/\\\/vmsport.fi\\\/verkkokauppa\\\/varaosat\\\/vaihteistot\\\/vaihdevipu-nexus3-2000mm-sis-vaihdekellon\\\/#primaryimage\",\"url\":\"https:\\\/\\\/vmsport.fi\\\/wp-content\\\/uploads\\\/2025\\\/03\\\/20180611-SL-3S41E-L-S1-1.jpg\",\"contentUrl\":\"https:\\\/\\\/vmsport.fi\\\/wp-content\\\/uploads\\\/2025\\\/03\\\/20180611-SL-3S41E-L-S1-1.jpg\",\"width\":600,\"height\":600,\"caption\":\"20180611-SL-3S41E-L-S1\"},{\"@type\":\"BreadcrumbList\",\"@id\":\"https:\\\/\\\/vmsport.fi\\\/verkkokauppa\\\/varaosat\\\/vaihteistot\\\/vaihdevipu-nexus3-2000mm-sis-vaihdekellon\\\/#breadcrumb\",\"itemListElement\":[{\"@type\":\"ListItem\",\"position\":1,\"name\":\"Etusivu\",\"item\":\"https:\\\/\\\/vmsport.fi\\\/\"},{\"@type\":\"ListItem\",\"position\":2,\"name\":\"Online Store\",\"item\":\"https:\\\/\\\/vmsport.fi\\\/en\\\/online-store\\\/\"},{\"@type\":\"ListItem\",\"position\":3,\"name\":\"Vaihdevipu Nexus3 2000mm sis vaihdekellon\"}]},{\"@type\":\"WebSite\",\"@id\":\"https:\\\/\\\/vmsport.fi\\\/#website\",\"url\":\"https:\\\/\\\/vmsport.fi\\\/\",\"name\":\"Vmsport\",\"description\":\"Kaikki py\u00f6r\u00e4ilyyn yhdest\u00e4 paikasta\",\"publisher\":{\"@id\":\"https:\\\/\\\/vmsport.fi\\\/#organization\"},\"potentialAction\":[{\"@type\":\"SearchAction\",\"target\":{\"@type\":\"EntryPoint\",\"urlTemplate\":\"https:\\\/\\\/vmsport.fi\\\/?s={search_term_string}\"},\"query-input\":{\"@type\":\"PropertyValueSpecification\",\"valueRequired\":true,\"valueName\":\"search_term_string\"}}],\"inLanguage\":\"sv-SE\"},{\"@type\":\"Organization\",\"@id\":\"https:\\\/\\\/vmsport.fi\\\/#organization\",\"name\":\"Vmsport\",\"url\":\"https:\\\/\\\/vmsport.fi\\\/\",\"logo\":{\"@type\":\"ImageObject\",\"inLanguage\":\"sv-SE\",\"@id\":\"https:\\\/\\\/vmsport.fi\\\/#\\\/schema\\\/logo\\\/image\\\/\",\"url\":\"https:\\\/\\\/vmsport.fi\\\/wp-content\\\/uploads\\\/2024\\\/12\\\/vm_sport_RGB_horisontal-e1734526017575.png\",\"contentUrl\":\"https:\\\/\\\/vmsport.fi\\\/wp-content\\\/uploads\\\/2024\\\/12\\\/vm_sport_RGB_horisontal-e1734526017575.png\",\"width\":668,\"height\":85,\"caption\":\"Vmsport\"},\"image\":{\"@id\":\"https:\\\/\\\/vmsport.fi\\\/#\\\/schema\\\/logo\\\/image\\\/\"},\"sameAs\":[\"https:\\\/\\\/www.facebook.com\\\/Vmsport.fi\\\/\",\"https:\\\/\\\/www.instagram.com\\\/vmsport\\\/\"]}]}<\/script>\n<!-- \/ Yoast SEO plugin. -->","yoast_head_json":{"title":"Nexus3 2000 mm v\u00e4xelspak med v\u00e4xelklocka - VM Sport","robots":{"index":"index","follow":"follow","max-snippet":"max-snippet:-1","max-image-preview":"max-image-preview:large","max-video-preview":"max-video-preview:-1"},"canonical":"https:\/\/vmsport.fi\/sv\/webbutik\/reservdelar\/vaxellador\/vaxelspak-nexus3-2000mm-inkl-vaxelklocka\/","og_locale":"sv_SE","og_type":"article","og_title":"Vaihdevipu Nexus3 2000mm sis vaihdekellon - VM Sport","og_description":"Shimano Nexus 3-vaihdevipu on suunniteltu sis\u00e4\u00e4nrakennetuille vaihteistoille ja se tarjoaa luotettavan suorituskyvyn kaupunkipy\u00f6r\u00e4ilyyn. Sen vaijerin pituus on 2000 mm, mik\u00e4 tekee siit\u00e4 yhteensopivan erilaisten py\u00f6r\u00e4asennusten kanssa. T\u00e4m\u00e4 komponentti tekee vaihteiden vaihdosta helppoa ja sujuvaa, ja sen ergonominen muotoilu parantaa k\u00e4ytt\u00f6mukavuutta. Huolellisesti suunniteltu vipu yhdist\u00e4\u00e4 k\u00e4yt\u00e4nn\u00f6llisyyden ja kest\u00e4vyyden, mik\u00e4 tekee siit\u00e4 erinomaista valintaa arkipy\u00f6r\u00e4ilyyn. [...]L\u00e4s mer \u2026 from Vaihdevipu Nexus3 2000mm sis vaihdekellon","og_url":"https:\/\/vmsport.fi\/sv\/webbutik\/reservdelar\/vaxellador\/vaxelspak-nexus3-2000mm-inkl-vaxelklocka\/","og_site_name":"VM Sport","article_publisher":"https:\/\/www.facebook.com\/Vmsport.fi\/","article_modified_time":"2026-02-24T00:00:41+00:00","og_image":[{"width":600,"height":600,"url":"https:\/\/vmsport.fi\/wp-content\/uploads\/2025\/03\/20180611-SL-3S41E-L-S1-1.jpg","type":"image\/jpeg"}],"twitter_card":"summary_large_image","schema":{"@context":"https:\/\/schema.org","@graph":[{"@type":["WebPage","ItemPage"],"@id":"https:\/\/vmsport.fi\/verkkokauppa\/varaosat\/vaihteistot\/vaihdevipu-nexus3-2000mm-sis-vaihdekellon\/","url":"https:\/\/vmsport.fi\/verkkokauppa\/varaosat\/vaihteistot\/vaihdevipu-nexus3-2000mm-sis-vaihdekellon\/","name":"Nexus3 2000 mm v\u00e4xelspak med v\u00e4xelklocka - VM Sport","isPartOf":{"@id":"https:\/\/vmsport.fi\/#website"},"primaryImageOfPage":{"@id":"https:\/\/vmsport.fi\/verkkokauppa\/varaosat\/vaihteistot\/vaihdevipu-nexus3-2000mm-sis-vaihdekellon\/#primaryimage"},"image":{"@id":"https:\/\/vmsport.fi\/verkkokauppa\/varaosat\/vaihteistot\/vaihdevipu-nexus3-2000mm-sis-vaihdekellon\/#primaryimage"},"thumbnailUrl":"https:\/\/vmsport.fi\/wp-content\/uploads\/2025\/03\/20180611-SL-3S41E-L-S1-1.jpg","datePublished":"2025-03-05T21:52:26+00:00","dateModified":"2026-02-24T00:00:41+00:00","breadcrumb":{"@id":"https:\/\/vmsport.fi\/verkkokauppa\/varaosat\/vaihteistot\/vaihdevipu-nexus3-2000mm-sis-vaihdekellon\/#breadcrumb"},"inLanguage":"sv-SE","potentialAction":[{"@type":"ReadAction","target":["https:\/\/vmsport.fi\/verkkokauppa\/varaosat\/vaihteistot\/vaihdevipu-nexus3-2000mm-sis-vaihdekellon\/"]}]},{"@type":"ImageObject","inLanguage":"sv-SE","@id":"https:\/\/vmsport.fi\/verkkokauppa\/varaosat\/vaihteistot\/vaihdevipu-nexus3-2000mm-sis-vaihdekellon\/#primaryimage","url":"https:\/\/vmsport.fi\/wp-content\/uploads\/2025\/03\/20180611-SL-3S41E-L-S1-1.jpg","contentUrl":"https:\/\/vmsport.fi\/wp-content\/uploads\/2025\/03\/20180611-SL-3S41E-L-S1-1.jpg","width":600,"height":600,"caption":"20180611-SL-3S41E-L-S1"},{"@type":"BreadcrumbList","@id":"https:\/\/vmsport.fi\/verkkokauppa\/varaosat\/vaihteistot\/vaihdevipu-nexus3-2000mm-sis-vaihdekellon\/#breadcrumb","itemListElement":[{"@type":"ListItem","position":1,"name":"Etusivu","item":"https:\/\/vmsport.fi\/"},{"@type":"ListItem","position":2,"name":"Online Store","item":"https:\/\/vmsport.fi\/en\/online-store\/"},{"@type":"ListItem","position":3,"name":"Vaihdevipu Nexus3 2000mm sis vaihdekellon"}]},{"@type":"WebSite","@id":"https:\/\/vmsport.fi\/#website","url":"https:\/\/vmsport.fi\/","name":"Vmsport","description":"Allt p\u00e5 ett st\u00e4lle f\u00f6r cykling","publisher":{"@id":"https:\/\/vmsport.fi\/#organization"},"potentialAction":[{"@type":"SearchAction","target":{"@type":"EntryPoint","urlTemplate":"https:\/\/vmsport.fi\/?s={search_term_string}"},"query-input":{"@type":"PropertyValueSpecification","valueRequired":true,"valueName":"search_term_string"}}],"inLanguage":"sv-SE"},{"@type":"Organization","@id":"https:\/\/vmsport.fi\/#organization","name":"Vmsport","url":"https:\/\/vmsport.fi\/","logo":{"@type":"ImageObject","inLanguage":"sv-SE","@id":"https:\/\/vmsport.fi\/#\/schema\/logo\/image\/","url":"https:\/\/vmsport.fi\/wp-content\/uploads\/2024\/12\/vm_sport_RGB_horisontal-e1734526017575.png","contentUrl":"https:\/\/vmsport.fi\/wp-content\/uploads\/2024\/12\/vm_sport_RGB_horisontal-e1734526017575.png","width":668,"height":85,"caption":"Vmsport"},"image":{"@id":"https:\/\/vmsport.fi\/#\/schema\/logo\/image\/"},"sameAs":["https:\/\/www.facebook.com\/Vmsport.fi\/","https:\/\/www.instagram.com\/vmsport\/"]}]}},"global_unique_id":"","_links":{"self":[{"href":"https:\/\/vmsport.fi\/sv\/wp-json\/wp\/v2\/product\/54314","targetHints":{"allow":["GET"]}}],"collection":[{"href":"https:\/\/vmsport.fi\/sv\/wp-json\/wp\/v2\/product"}],"about":[{"href":"https:\/\/vmsport.fi\/sv\/wp-json\/wp\/v2\/types\/product"}],"replies":[{"embeddable":true,"href":"https:\/\/vmsport.fi\/sv\/wp-json\/wp\/v2\/comments?post=54314"}],"wp:featuredmedia":[{"embeddable":true,"href":"https:\/\/vmsport.fi\/sv\/wp-json\/wp\/v2\/media\/54312"}],"wp:attachment":[{"href":"https:\/\/vmsport.fi\/sv\/wp-json\/wp\/v2\/media?parent=54314"}],"wp:term":[{"taxonomy":"product_brand","embeddable":true,"href":"https:\/\/vmsport.fi\/sv\/wp-json\/wp\/v2\/product_brand?post=54314"},{"taxonomy":"product_model","embeddable":true,"href":"https:\/\/vmsport.fi\/sv\/wp-json\/wp\/v2\/product_model?post=54314"},{"taxonomy":"product_cat","embeddable":true,"href":"https:\/\/vmsport.fi\/sv\/wp-json\/wp\/v2\/product_cat?post=54314"},{"taxonomy":"product_tag","embeddable":true,"href":"https:\/\/vmsport.fi\/sv\/wp-json\/wp\/v2\/product_tag?post=54314"},{"taxonomy":"industry_terminology","embeddable":true,"href":"https:\/\/vmsport.fi\/sv\/wp-json\/wp\/v2\/industry-terminology?post=54314"}],"curies":[{"name":"wp","href":"https:\/\/api.w.org\/{rel}","templated":true}]}}